{"id":1633,"date":"2025-12-03T03:05:13","date_gmt":"2025-12-03T03:05:13","guid":{"rendered":"https:\/\/haisicstorage.com\/?post_type=product&#038;p=1633"},"modified":"2026-02-27T06:49:32","modified_gmt":"2026-02-27T06:49:32","slug":"215kwh-100kw-commercial-industrial-container-ess","status":"publish","type":"product","link":"https:\/\/haisicstorage.com\/pt\/215kwh-100kw-commercial-industrial-container-ess\/","title":{"rendered":"215KWH 100KW Commercial &amp; Industrial Container ESS"},"content":{"rendered":"<p><strong>Bess 100KW Sistema de Armazenamento de Energia Solar H\u00edbrido: Aproveite a Energia Renov\u00e1vel com Efici\u00eancia e Confiabilidade<\/strong><\/p>\n<p>Est\u00e1 \u00e0 procura de uma solu\u00e7\u00e3o de ponta para maximizar a utiliza\u00e7\u00e3o de energia renov\u00e1vel, assegurando um fornecimento de energia ininterrupto?<br \/>\nN\u00e3o procure mais do que o Sistema de Armazenamento de Energia Solar H\u00edbrido de 100KW Bess da Haisic.<br \/>\nEste sistema inovador combina tecnologia avan\u00e7ada, componentes de primeira linha,<br \/>\ne um m\u00e9todo de ar condicionado com ventila\u00e7\u00e3o por calor para fornecer um desempenho excecional na ind\u00fastria de Armazenamento de Energia Industrial e Comercial.<\/p>\n<p><strong>Gera\u00e7\u00e3o de Energia Eficiente e Confi\u00e1vel<\/strong><\/p>\n<p>\u2013 Potencie o seu neg\u00f3cio com um sistema solar de 100KW que captura a luz natural do sol e a converte em energia limpa e sustent\u00e1vel.<br \/>\n\u2013 Beneficie de uma bateria LiFePO4 de alta capacidade de 200KWH, fornecendo energia fi\u00e1vel mesmo durante picos de procura ou condi\u00e7\u00f5es de pouca luz solar.<br \/>\n\u2013 A not\u00e1vel energia nominal de 215.040kWh do sistema assegura uma utiliza\u00e7\u00e3o \u00f3tima da energia e efic\u00e1cia de custos.<\/p>\n<p><strong>Desempenho Superior e Flexibilidade<\/strong><\/p>\n<p>\u2013 Concebido com uma gama de temperatura de funcionamento de -20~50\u2103, o sistema Bess foi concebido para suportar condi\u00e7\u00f5es clim\u00e1ticas extremas.<br \/>\n\u2013 Experimente uma impressionante efici\u00eancia do sistema de \u226585%,Maximizando a convers\u00e3o de energia solar em energia utiliz\u00e1vel.<br \/>\n\u2013 Com as suas op\u00e7\u00f5es vers\u00e1teis de liga\u00e7\u00e3o \u00e0 rede (isolado, rede h\u00edbrida, ligada), adapte o sistema \u00e0s suas necessidades espec\u00edficas de energia e maximize as poupan\u00e7as.<\/p>\n<p><strong>Confiabilidade e Facilidade de Manuten\u00e7\u00e3o<\/strong><\/p>\n<p>\u2013 Desfrute de tranquilidade com a vida \u00fatil de design de 15 anos do sistema e desempenho est\u00e1vel, minimizando a necessidade de substitui\u00e7\u00f5es ou reparos frequentes.<br \/>\n\u2013 O design tudo-em-um assegura um processo de instala\u00e7\u00e3o sem complica\u00e7\u00f5es, poupando tempo e custos de instala\u00e7\u00e3o.<br \/>\n\u2013 O design modular, com m\u00f3dulos de bateria, BMS (Sistema de Gest\u00e3o de Bateria) e conce\u00e7\u00e3o de controlo, facilita a manuten\u00e7\u00e3o f\u00e1cil e a escalabilidade.<\/p>\n<p><strong>Recursos-chave:<\/strong><\/p>\n<p>\u25cf Sistema de armazenamento de bateria modular e expand\u00edvel de forma flex\u00edvel ao n\u00edvel de pot\u00eancia e capacidade\u203b<br \/>\n\u25cf Design tudo-em-um, solu\u00e7\u00e3o acoplada a corrente alternada<br \/>\n\u25cf Conte\u00fado energ\u00e9tico individual perfeitamente ajustado \u00e0s suas necessidades<br \/>\n\u25cf Vida \u00fatil m\u00e1xima da(s) c\u00e9lula(s) da bateria<br \/>\n\u25cf Baterias de fosfato de ferro l\u00edtio para alta seguran\u00e7a operacional e contra inc\u00eandios<br \/>\n\u25cf Caixa externa para qualquer local de instala\u00e7\u00e3o<br \/>\n\u25cf Manuten\u00e7\u00e3o f\u00e1cil devido ao design modular (m\u00f3dulos de bateria, BMS, design de controlo)<br \/>\n\u25cf Prote\u00e7\u00e3o interna e externa<br \/>\n\u25cf Adequado para aplica\u00e7\u00f5es em cadeia, como reserva de controlo, aumento do autoconsumo<br \/>\n\u25cf Vida \u00fatil de 15 anos, desempenho est\u00e1vel, sem manuten\u00e7\u00e3o<br \/>\n\u25cf M\u00e1ximo de 5 arm\u00e1rios em paralelo para suportar maior pot\u00eancia e capacidade<\/p>\n<p>Invista no Sistema de Armazenamento de Energia Solar H\u00edbrido Bess 100KW hoje e desbloqueie o verdadeiro potencial da energia solar para a sua empresa industrial ou comercial.<br \/>\nConfie na Haisic para fornecer uma solu\u00e7\u00e3o superior de armazenamento de energia que promove sustentabilidade, efici\u00eancia e confiabilidade na ind\u00fastria de Armazenamento de Energia Industrial e Comercial.<\/p>","protected":false},"excerpt":{"rendered":"<p class=\"product-des\">1. Maior densidade de energia<br \/>\nCombinamos baterias de alta densidade de energia, convers\u00e3o de energia e sistemas de controlo num pacote de contentor de transporte atualizado. As baterias de l\u00edtio s\u00e3o da marca EVE, cuja qu\u00edmica LFP embala 215kWh de energia num volume de bateria que pesa 3100kg.<br \/>\n2. Fiabilidade em condi\u00e7\u00f5es ambientais adversas<br \/>\nO nosso projeto incorpora mecanismos de prote\u00e7\u00e3o de seguran\u00e7a para suportar ambientes extremos e opera\u00e7\u00f5es em ambientes desportados. O nosso sistema funcionar\u00e1 de forma fi\u00e1vel em locais variados, desde a Am\u00e9rica do Norte at\u00e9 \u00e0 \u00c1frica Subsaariana.<br \/>\n3. Formatos personaliz\u00e1veis para otimizar o retorno do investimento<br \/>\nAdaptamos o nosso design de refer\u00eancia para se ajustar aos requisitos espec\u00edficos de armazenamento de energia\/pot\u00eancia e \u00e0s condi\u00e7\u00f5es ambientais do cliente.<br \/>\nUsamos simula\u00e7\u00e3o de modela\u00e7\u00e3o para otimizar o design do sistema, proporcionando o melhor desempenho de pre\u00e7o para cada caso de utiliza\u00e7\u00e3o do cliente.<\/p>\n<div class=\"inquiryBasket\"><\/div>","protected":false},"featured_media":1634,"template":"","meta":{"site-sidebar-layout":"default","site-content-layout":"","ast-site-content-layout":"default","site-content-style":"default","site-sidebar-style":"default","ast-global-header-display":"","ast-banner-title-visibility":"","ast-main-header-display":"","ast-hfb-above-header-display":"","ast-hfb-below-header-display":"","ast-hfb-mobile-header-display":"","site-post-title":"","ast-breadcrumbs-content":"","ast-featured-img":"","footer-sml-layout":"","ast-disable-related-posts":"","theme-transparent-header-meta":"default","adv-header-id-meta":"","stick-header-meta":"default","header-above-stick-meta":"","header-main-stick-meta":"","header-below-stick-meta":"","astra-migrate-meta-layouts":"set","ast-page-background-enabled":"default","ast-page-background-meta":{"desktop":{"background-color":"var(--ast-global-color-4)","background-image":"","background-repeat":"repeat","background-position":"center center","background-size":"auto","background-attachment":"scroll","background-type":"","background-media":"","overlay-type":"","overlay-color":"","overlay-opacity":"","overlay-gradient":""},"tablet":{"background-color":"","background-image":"","background-repeat":"repeat","background-position":"center center","background-size":"auto","background-attachment":"scroll","background-type":"","background-media":"","overlay-type":"","overlay-color":"","overlay-opacity":"","overlay-gradient":""},"mobile":{"background-color":"","background-image":"","background-repeat":"repeat","background-position":"center center","background-size":"auto","background-attachment":"scroll","background-type":"","background-media":"","overlay-type":"","overlay-color":"","overlay-opacity":"","overlay-gradient":""}},"ast-content-background-meta":{"desktop":{"background-color":"var(--ast-global-color-5)","background-image":"","background-repeat":"repeat","background-position":"center center","background-size":"auto","background-attachment":"scroll","background-type":"","background-media":"","overlay-type":"","overlay-color":"","overlay-opacity":"","overlay-gradient":""},"tablet":{"background-color":"var(--ast-global-color-5)","background-image":"","background-repeat":"repeat","background-position":"center center","background-size":"auto","background-attachment":"scroll","background-type":"","background-media":"","overlay-type":"","overlay-color":"","overlay-opacity":"","overlay-gradient":""},"mobile":{"background-color":"var(--ast-global-color-5)","background-image":"","background-repeat":"repeat","background-position":"center center","background-size":"auto","background-attachment":"scroll","background-type":"","background-media":"","overlay-type":"","overlay-color":"","overlay-opacity":"","overlay-gradient":""}}},"product_brand":[],"product_cat":[44],"product_tag":[],"class_list":{"0":"post-1633","1":"product","2":"type-product","3":"status-publish","4":"has-post-thumbnail","6":"product_cat-commercial-industrial-ess","7":"desktop-align-left","8":"tablet-align-left","9":"mobile-align-left","10":"ast-product-gallery-layout-horizontal-slider","11":"ast-product-tabs-layout-horizontal","13":"first","14":"instock","15":"shipping-taxable","16":"purchasable","17":"product-type-simple"},"_links":{"self":[{"href":"https:\/\/haisicstorage.com\/pt\/wp-json\/wp\/v2\/product\/1633","targetHints":{"allow":["GET"]}}],"collection":[{"href":"https:\/\/haisicstorage.com\/pt\/wp-json\/wp\/v2\/product"}],"about":[{"href":"https:\/\/haisicstorage.com\/pt\/wp-json\/wp\/v2\/types\/product"}],"version-history":[{"count":4,"href":"https:\/\/haisicstorage.com\/pt\/wp-json\/wp\/v2\/product\/1633\/revisions"}],"predecessor-version":[{"id":3471,"href":"https:\/\/haisicstorage.com\/pt\/wp-json\/wp\/v2\/product\/1633\/revisions\/3471"}],"wp:featuredmedia":[{"embeddable":true,"href":"https:\/\/haisicstorage.com\/pt\/wp-json\/wp\/v2\/media\/1634"}],"wp:attachment":[{"href":"https:\/\/haisicstorage.com\/pt\/wp-json\/wp\/v2\/media?parent=1633"}],"wp:term":[{"taxonomy":"product_brand","embeddable":true,"href":"https:\/\/haisicstorage.com\/pt\/wp-json\/wp\/v2\/product_brand?post=1633"},{"taxonomy":"product_cat","embeddable":true,"href":"https:\/\/haisicstorage.com\/pt\/wp-json\/wp\/v2\/product_cat?post=1633"},{"taxonomy":"product_tag","embeddable":true,"href":"https:\/\/haisicstorage.com\/pt\/wp-json\/wp\/v2\/product_tag?post=1633"}],"curies":[{"name":"wp","href":"https:\/\/api.w.org\/{rel}","templated":true}]}}