{"id":1628,"date":"2025-12-03T02:47:37","date_gmt":"2025-12-03T02:47:37","guid":{"rendered":"https:\/\/haisicstorage.com\/?post_type=product&#038;p=1628"},"modified":"2026-02-27T07:39:35","modified_gmt":"2026-02-27T07:39:35","slug":"high-volt-stacked-30kwh","status":"publish","type":"product","link":"https:\/\/haisicstorage.com\/pt\/high-volt-stacked-30kwh\/","title":{"rendered":"High-Volt empilhado 30KWH"},"content":{"rendered":"<div class=\"row\">\n<div class=\"col-md-12 col-sm-12\">\n<div class=\"product-tabs\">\n<ul class=\"pro-details-tab\" role=\"tablist\">\n<li class=\"active\" role=\"presentation\">\n<h2>Detalhes do Produto<\/h2>\n<\/li>\n<\/ul>\n<div class=\"tab-content\">\n<div id=\"tab-desc\" class=\"tab-pane active\" role=\"tabpanel\">\n<div class=\"product-tab-desc\">\n<p>&nbsp;<\/p>\n<p>O armazenamento de bateria solar (comumente referido como solar+armazenamento) \u00e9 uma ind\u00fastria em expans\u00e3o. Ao combinar pain\u00e9is solares com armazenamento de bateria, pode armazenar o excesso de eletricidade produzido pelos seus pain\u00e9is solares para ampliar as op\u00e7\u00f5es de como utiliza a energia solar \u2014 e como podem lucrar com ela. O armazenamento de bateria solar permite depender menos da rede el\u00e9trica para potencialmente reduzir custos e at\u00e9 complementar a sua renda.<\/p>\n<p>&nbsp;<\/p>\n<p><strong>Tipos de\u00a0<a href=\"https:\/\/www.haisicbattery.com\/products\/solar-energy-storage-batterylrydz\" target=\"_blank\" rel=\"noopener\">Baterias Solares<\/a><\/strong><\/p>\n<p>&nbsp;<\/p>\n<p>Para\u00a0<a href=\"https:\/\/www.haisicbattery.com\/products\/solar-energy-storage-batterylrydz\" target=\"_blank\" rel=\"noopener\">armazenamento residencial<\/a>, baterias de chumbo-\u00e1cido t\u00eam virtudes de baixo custo, reciclabilidade e longa vida \u00fatil com pouca ou nenhuma manuten\u00e7\u00e3o necess\u00e1ria, mas s\u00e3o pesadas e t\u00eam tempos de carga mais longos. Baterias de l\u00edtio-\u00edon carregam mais rapidamente e podem armazenar mais energia por massa, tornando-as a escolha preferida na maioria dos sistemas de armazenamento solar dom\u00e9stico hoje, de acordo com a Solar Energy Industries Association.<\/p>\n<p>&nbsp;<\/p>\n<p>Considerando a sua vida \u00fatil, desempenho e custo, as baterias de l\u00edtio-\u00edon apresentam o maior custo-benef\u00edcio, o qual s\u00f3 aumentar\u00e1 nos pr\u00f3ximos anos \u00e0 medida que a tecnologia amadurece e os seus pre\u00e7os diminuem. As restantes 10% de op\u00e7\u00f5es de armazenamento de energia em escala utilit\u00e1ria \u2014 como hidrogera\u00e7\u00e3o por pumped storage, baterias de fluxo, baterias de s\u00f3dio e enxofre, sais fundidos, volante de in\u00e9rcia e ar comprimido \u2014 est\u00e3o al\u00e9m da escala de propriet\u00e1rios de casa.<\/p>\n<p>&nbsp;<\/p>\n<p>V\u00e1rias outras caracter\u00edsticas da bateria tamb\u00e9m determinam a rela\u00e7\u00e3o custo-efic\u00e1cia e utilidade dos sistemas solar+armazenamento.<\/p>\n<p>&nbsp;<\/p>\n<p><strong>Par\u00e2metros da Bateria<\/strong><\/p>\n<p><strong><img decoding=\"async\" src=\"https:\/\/shopic.mcmcclass.com\/20221103140952390945648.jpg\" alt=\"Bateria de armazenamento de energia solar de 30 kW\" \/><\/strong><\/p>\n<p>&nbsp;<\/p>\n<p><strong>Pot\u00eancia e Capacidade<\/strong><\/p>\n<p>Duas m\u00e9tricas de apar\u00eancia semelhante \u2014 kW e kWh \u2014 s\u00e3o medi\u00e7\u00f5es da pot\u00eancia e da capacidade de uma bateria, respetivamente. Um kilowatt \u00e9 a quantidade de pot\u00eancia que uma bateria pode fornecer a qualquer momento, enquanto um kilowatt-hora \u00e9 a quantidade total de energia que a bateria pode armazenar.<\/p>\n<p>&nbsp;<\/p>\n<p><strong>Efici\u00eancia de ida e volta<\/strong><\/p>\n<p>A efici\u00eancia de ida e volta \u00e9 a medida de quanto energia se perde na transfer\u00eancia e no armazenamento de el\u00e9trons dentro e fora da bateria. A perda costuma situar-se em torno de 5%.<\/p>\n<p>&nbsp;<\/p>\n<p><strong>Autonomia da Bateria<\/strong><\/p>\n<p>&nbsp;<\/p>\n<p>A autonomia da bateria \u00e9 medida pelo n\u00famero de ciclos de carga e descarga que pode suportar. Eventualmente, as baterias degradam-se com o tempo e perdem a capacidade de manter o mesmo n\u00edvel de carga.<\/p>\n<p>&nbsp;<\/p>\n<p><strong>Par\u00e2metros do inversor<\/strong><\/p>\n<table border=\"0\" cellspacing=\"0\" cellpadding=\"0\">\n<colgroup>\n<col \/>\n<col \/><\/colgroup>\n<tbody>\n<tr>\n<td>Modelo<\/td>\n<td>R12KL1<\/td>\n<\/tr>\n<tr>\n<td colspan=\"2\">Entrada (PV)<\/td>\n<\/tr>\n<tr>\n<td>Pot\u00eancia m\u00e1x. (kW)<\/td>\n<td>15.6<\/td>\n<\/tr>\n<tr>\n<td>Tens\u00e3o DC m\u00e1x. (V)<\/td>\n<td>500<\/td>\n<\/tr>\n<tr>\n<td>Faixa de tens\u00e3o MPPT (V)<\/td>\n<td>120~500<\/td>\n<\/tr>\n<tr>\n<td>Corrente de entrada m\u00e1xima de MPPT \u00fanico (A)<\/td>\n<td>12<\/td>\n<\/tr>\n<tr>\n<td>I.C. de curto-circuito m\u00e1x. (A)<\/td>\n<td>15<\/td>\n<\/tr>\n<tr>\n<td colspan=\"2\">Sa\u00edda CA<\/td>\n<\/tr>\n<tr>\n<td>Pot\u00eancia nominal de sa\u00edda (kVA)<\/td>\n<td>12<\/td>\n<\/tr>\n<tr>\n<td>Pot\u00eancia m\u00e1xima de sa\u00edda (kVA)<\/td>\n<td>13.2<\/td>\n<\/tr>\n<tr>\n<td>Corrente m\u00e1xima de sa\u00edda (A)<\/td>\n<td>57.4<\/td>\n<\/tr>\n<tr>\n<td>Tens\u00e3o de sa\u00edda AC (V)<\/td>\n<td>220,230,240<\/td>\n<\/tr>\n<tr>\n<td>Frequ\u00eancia (Hz)<\/td>\n<td>50\/60 (45 ~ 55, 55 ~ 65)<\/td>\n<\/tr>\n<tr>\n<td>PF<\/td>\n<td>0,8 atrasada - 0,8 adiantada<\/td>\n<\/tr>\n<tr>\n<td>THDi<\/td>\n<td>&lt; 2%<\/td>\n<\/tr>\n<tr>\n<td colspan=\"2\">Bateria<\/td>\n<\/tr>\n<tr>\n<td>Tens\u00e3o nominal (V)<\/td>\n<td>48<\/td>\n<\/tr>\n<tr>\n<td>Faixa de tens\u00e3o da bateria (V)<\/td>\n<td>40~60<\/td>\n<\/tr>\n<tr>\n<td>Corrente m\u00e1xima de charge\/discharge (A)<\/td>\n<td>250\/250<\/td>\n<\/tr>\n<tr>\n<td>Tipo de bateria<\/td>\n<td>l\u00edtio \/ chumagoto<\/td>\n<\/tr>\n<tr>\n<td>Estrat\u00e9gia de carregamento para bateria Li-Ion<\/td>\n<td>Auto-ajuste ao BMS<\/td>\n<\/tr>\n<tr>\n<td colspan=\"2\">Sa\u00edda de EPS<\/td>\n<\/tr>\n<tr>\n<td>Pot\u00eancia nominal (kVA)<\/td>\n<td>12<\/td>\n<\/tr>\n<tr>\n<td>Tens\u00e3o de sa\u00edda nominal (V)<\/td>\n<td>220, 230 ,240<\/td>\n<\/tr>\n<tr>\n<td>Frequ\u00eancia nominal (Hz)<\/td>\n<td>50\/60<\/td>\n<\/tr>\n<tr>\n<td>THDu<\/td>\n<td>&lt; 2%<\/td>\n<\/tr>\n<tr>\n<td colspan=\"2\">Prote\u00e7\u00e3o<\/td>\n<\/tr>\n<tr>\n<td>Detec\u00e7\u00e3o de aterramento<\/td>\n<td>SIM<\/td>\n<\/tr>\n<tr>\n<td>Prote\u00e7\u00e3o contra falha de arco<\/td>\n<td>opcional<\/td>\n<\/tr>\n<tr>\n<td>Prote\u00e7\u00e3o de ilha<\/td>\n<td>SIM<\/td>\n<\/tr>\n<tr>\n<td>Polaridade inversa da bateria<\/td>\n<td>SIM<\/td>\n<\/tr>\n<tr>\n<td>Detec\u00e7\u00e3o de resistor de isolamento<\/td>\n<td>SIM<\/td>\n<\/tr>\n<tr>\n<td>Unidade de monitoriza\u00e7\u00e3o de corrente residual<\/td>\n<td>SIM<\/td>\n<\/tr>\n<tr>\n<td>Prote\u00e7\u00e3o contra sobrecorrente de sa\u00edda<\/td>\n<td>SIM<\/td>\n<\/tr>\n<tr>\n<td>Prote\u00e7\u00e3o de curto-circuito de sa\u00edda de apoio<\/td>\n<td>SIM<\/td>\n<\/tr>\n<tr>\n<td>Detec\u00e7\u00e3o de temperatura de bornes<\/td>\n<td>SIM<\/td>\n<\/tr>\n<tr>\n<td>Prote\u00e7\u00e3o de sobretens\u00e3o\/subtens\u00e3o de sa\u00edda<\/td>\n<td>SIM<\/td>\n<\/tr>\n<tr>\n<td colspan=\"2\">Dados gerais<\/td>\n<\/tr>\n<tr>\n<td>Efici\u00eancia europeia (PV)<\/td>\n<td>\u226597,8%<\/td>\n<\/tr>\n<tr>\n<td>EFICI\u00caNCIA M\u00c1X. da bateria para carga<\/td>\n<td>\u226597,2%<\/td>\n<\/tr>\n<tr>\n<td>Prote\u00e7\u00e3o de IP<\/td>\n<td>IP65<\/td>\n<\/tr>\n<tr>\n<td>emiss\u00e3o de ru\u00eddo(dB)<\/td>\n<td>&lt;38<\/td>\n<\/tr>\n<tr>\n<td>Temperatura de opera\u00e7\u00e3o<\/td>\n<td>-25\u2103 ~ 60\u2103<\/td>\n<\/tr>\n<tr>\n<td>Arrefecimento<\/td>\n<td>Arrefecimento FAN<\/td>\n<\/tr>\n<tr>\n<td>Humidade relativa<\/td>\n<td>0 ~95%\uff08n\u00e3o condensa\u00e7\u00e3o\uff09<\/td>\n<\/tr>\n<tr>\n<td>Altitude<\/td>\n<td>2.000m (&gt;2.000 Derating)<\/td>\n<\/tr>\n<tr>\n<td>Dimens\u00f5es L * A * C (mm)<\/td>\n<td>430*220*710<\/td>\n<\/tr>\n<tr>\n<td>Peso(kg)<\/td>\n<td>41<\/td>\n<\/tr>\n<tr>\n<td>Exibi\u00e7\u00e3o<\/td>\n<td>LCD, painel t\u00e1til\uff08opcional\uff09<\/td>\n<\/tr>\n<tr>\n<td>Comunica\u00e7\u00e3o com BMS\/medidor\/EMS<\/td>\n<td>RS485, CAN<\/td>\n<\/tr>\n<tr>\n<td>Interface de comunica\u00e7\u00e3o<\/td>\n<td>RS485, WLAN, 4G (opcional)<\/td>\n<\/tr>\n<tr>\n<td>Autoconsumo nocturno<\/td>\n<td>&lt; 2,5 W (com ativa\u00e7\u00e3o da bateria &lt; 5 W)<\/td>\n<\/tr>\n<tr>\n<td>Certificados<\/td>\n<td>\u00c1frica do Sul NRS, IEC 62109-1\/-2, IEC 61000-6-1, IEC 61000-6-3<\/td>\n<\/tr>\n<\/tbody>\n<\/table>\n<p>&nbsp;<\/p>\n<p>&nbsp;<\/p>\n<\/div>\n<\/div>\n<\/div>\n<\/div>\n<\/div>\n<\/div>","protected":false},"excerpt":{"rendered":"<p>Armazenamento de bateria solar (tamb\u00e9m conhecido como solar+armazenamento) \u00e9 uma ind\u00fastria pr\u00f3spera. Quando combina pain\u00e9is solares com armazenamento de bateria, pode armazenar o excesso de eletricidade gerado pelos seus pain\u00e9is solares, oferecendo mais op\u00e7\u00f5es para como usa a sua energia solar \u2014 e como pode lucrar com ela. O armazenamento de bateria solar permite depender menos da rede el\u00e9trica, potencialmente reduzindo os seus custos e at\u00e9 mesmo aumentando a sua renda.<\/p>","protected":false},"featured_media":1631,"template":"","meta":{"site-sidebar-layout":"default","site-content-layout":"","ast-site-content-layout":"default","site-content-style":"default","site-sidebar-style":"default","ast-global-header-display":"","ast-banner-title-visibility":"","ast-main-header-display":"","ast-hfb-above-header-display":"","ast-hfb-below-header-display":"","ast-hfb-mobile-header-display":"","site-post-title":"","ast-breadcrumbs-content":"","ast-featured-img":"","footer-sml-layout":"","ast-disable-related-posts":"","theme-transparent-header-meta":"default","adv-header-id-meta":"","stick-header-meta":"default","header-above-stick-meta":"","header-main-stick-meta":"","header-below-stick-meta":"","astra-migrate-meta-layouts":"set","ast-page-background-enabled":"default","ast-page-background-meta":{"desktop":{"background-color":"var(--ast-global-color-4)","background-image":"","background-repeat":"repeat","background-position":"center center","background-size":"auto","background-attachment":"scroll","background-type":"","background-media":"","overlay-type":"","overlay-color":"","overlay-opacity":"","overlay-gradient":""},"tablet":{"background-color":"","background-image":"","background-repeat":"repeat","background-position":"center center","background-size":"auto","background-attachment":"scroll","background-type":"","background-media":"","overlay-type":"","overlay-color":"","overlay-opacity":"","overlay-gradient":""},"mobile":{"background-color":"","background-image":"","background-repeat":"repeat","background-position":"center center","background-size":"auto","background-attachment":"scroll","background-type":"","background-media":"","overlay-type":"","overlay-color":"","overlay-opacity":"","overlay-gradient":""}},"ast-content-background-meta":{"desktop":{"background-color":"var(--ast-global-color-5)","background-image":"","background-repeat":"repeat","background-position":"center center","background-size":"auto","background-attachment":"scroll","background-type":"","background-media":"","overlay-type":"","overlay-color":"","overlay-opacity":"","overlay-gradient":""},"tablet":{"background-color":"var(--ast-global-color-5)","background-image":"","background-repeat":"repeat","background-position":"center center","background-size":"auto","background-attachment":"scroll","background-type":"","background-media":"","overlay-type":"","overlay-color":"","overlay-opacity":"","overlay-gradient":""},"mobile":{"background-color":"var(--ast-global-color-5)","background-image":"","background-repeat":"repeat","background-position":"center center","background-size":"auto","background-attachment":"scroll","background-type":"","background-media":"","overlay-type":"","overlay-color":"","overlay-opacity":"","overlay-gradient":""}}},"product_brand":[],"product_cat":[47,56,45],"product_tag":[],"class_list":{"0":"post-1628","1":"product","2":"type-product","3":"status-publish","4":"has-post-thumbnail","6":"product_cat-residetial-ess","7":"product_cat-energy-storage-battery-system","8":"product_cat-rack-mounted-ess","9":"desktop-align-left","10":"tablet-align-left","11":"mobile-align-left","12":"ast-product-gallery-layout-horizontal-slider","13":"ast-product-tabs-layout-horizontal","15":"first","16":"instock","17":"shipping-taxable","18":"purchasable","19":"product-type-simple"},"_links":{"self":[{"href":"https:\/\/haisicstorage.com\/pt\/wp-json\/wp\/v2\/product\/1628","targetHints":{"allow":["GET"]}}],"collection":[{"href":"https:\/\/haisicstorage.com\/pt\/wp-json\/wp\/v2\/product"}],"about":[{"href":"https:\/\/haisicstorage.com\/pt\/wp-json\/wp\/v2\/types\/product"}],"version-history":[{"count":4,"href":"https:\/\/haisicstorage.com\/pt\/wp-json\/wp\/v2\/product\/1628\/revisions"}],"predecessor-version":[{"id":3520,"href":"https:\/\/haisicstorage.com\/pt\/wp-json\/wp\/v2\/product\/1628\/revisions\/3520"}],"wp:featuredmedia":[{"embeddable":true,"href":"https:\/\/haisicstorage.com\/pt\/wp-json\/wp\/v2\/media\/1631"}],"wp:attachment":[{"href":"https:\/\/haisicstorage.com\/pt\/wp-json\/wp\/v2\/media?parent=1628"}],"wp:term":[{"taxonomy":"product_brand","embeddable":true,"href":"https:\/\/haisicstorage.com\/pt\/wp-json\/wp\/v2\/product_brand?post=1628"},{"taxonomy":"product_cat","embeddable":true,"href":"https:\/\/haisicstorage.com\/pt\/wp-json\/wp\/v2\/product_cat?post=1628"},{"taxonomy":"product_tag","embeddable":true,"href":"https:\/\/haisicstorage.com\/pt\/wp-json\/wp\/v2\/product_tag?post=1628"}],"curies":[{"name":"wp","href":"https:\/\/api.w.org\/{rel}","templated":true}]}}