{"id":1625,"date":"2025-12-03T02:44:28","date_gmt":"2025-12-03T02:44:28","guid":{"rendered":"https:\/\/haisicstorage.com\/?post_type=product&#038;p=1625"},"modified":"2026-02-27T07:39:16","modified_gmt":"2026-02-27T07:39:16","slug":"low-volt-51-2v-9-5kwh-powerwall","status":"publish","type":"product","link":"https:\/\/haisicstorage.com\/pt\/low-volt-51-2v-9-5kwh-powerwall\/","title":{"rendered":"Powerwall de 51,2V de Baixa Voltagem, 9,5KWH"},"content":{"rendered":"<p><strong>O que \u00e9\u00a0<a href=\"https:\/\/www.haisicbattery.com\/products\/solar-energy-storage-batterylrydz\" target=\"_blank\" rel=\"noopener\">solu\u00e7\u00f5es de armazenamento de energia dom\u00e9stico<\/a>?<\/strong><\/p>\n<p>&nbsp;<\/p>\n<p>O\u00a0<a href=\"https:\/\/www.haisicbattery.com\/products\/solar-energy-storage-batterylrydz\" target=\"_blank\" rel=\"noopener\">ind\u00fastria de baterias de armazenagem de energia<\/a>\u00a0\u00e9 principalmente usado para armazenar energia el\u00e9trica proveniente de energia solar, de e\u00f3lica ou da rede el\u00e9ctrica local. \u00c9 principalmente usado para armazenar energia el\u00e9trica e \u00e9 frequentemente utilizado como um\u00a0<a href=\"https:\/\/www.haisicbattery.com\/products\/solar-energy-storage-system\" target=\"_blank\" rel=\"noopener\">font de alimenta\u00e7\u00e3o de reserva<\/a>\u00a0para fam\u00edlias, empresas e explora\u00e7\u00f5es agr\u00edcolas. Nos \u00faltimos anos, com o desenvolvimento cont\u00ednuo da tecnologia de energia solar, baterias de armazenamento de energia tamb\u00e9m podem alcan\u00e7ar independ\u00eancia energ\u00e9tica para habita\u00e7\u00f5es.<\/p>\n<p>&nbsp;<\/p>\n<p><strong>Preciso de licen\u00e7a para comprar armazenamento energ\u00e9tico dom\u00e9stico?<\/strong><\/p>\n<p>Sim, na maior parte das cidades e regi\u00f5es, \u00e9 necess\u00e1ria uma licen\u00e7a para instalar baterias de armazenamento de energia na sua casa. Para mais informa\u00e7\u00f5es, consulte os departamentos locais relevantes.<\/p>\n<p>&nbsp;<\/p>\n<p><strong>Como funciona a\u00a0<a href=\"https:\/\/www.haisicbattery.com\/products\/solar-energy-storage-batterylrydz\/51-2v--10752wh-stacked-lfp-solar-energy-storage-battery-household-energy-storage-sytempazbw\" target=\"_blank\" rel=\"noopener\">sistema de armazenamento de energia dom\u00e9stica<\/a>\u00a0trabalho?<\/strong><\/p>\n<p>Os sistemas de armazenamento de energia dom\u00e9stica obt\u00eam eletricidade atrav\u00e9s de pain\u00e9is solares ou ligados \u00e0 rede. Quando se conecta a carga dom\u00e9stica e o sistema de armazenamento de energia ao mesmo tempo, a energia solar ou a rede el\u00e9trica dar\u00e1 prioridade ao fornecimento de energia \u00e0 carga, e o sistema de armazenamento ser\u00e1 carregado apenas quando houver excedente de energia.<\/p>\n<p>Quando ocorre uma falha de energia em casa, o sistema de armazenamento de energia identificar\u00e1 de imediato quando o fornecimento fica interrompido e mudar\u00e1 automaticamente o interruptor para usar a bateria de armazenamento de energia para alimentar a casa sem opera\u00e7\u00e3o manual.<\/p>\n<p><strong>Par\u00e2metros do Powerwall<\/strong><\/p>\n<table border=\"0\" cellspacing=\"0\" cellpadding=\"0\">\n<colgroup>\n<col \/>\n<col \/><\/colgroup>\n<tbody>\n<tr>\n<td>Modelo<\/td>\n<td>HS-BG9500W<\/td>\n<\/tr>\n<tr>\n<td>Tens\u00e3o Nominal\uff08V\uff09<\/td>\n<td>51.2<\/td>\n<\/tr>\n<tr>\n<td>Capacidade Nominal\uff08Ah\uff09<\/td>\n<td>186<\/td>\n<\/tr>\n<tr>\n<td>Energia Nominal\uff08Wh\uff09<\/td>\n<td>9523<\/td>\n<\/tr>\n<tr>\n<td>Amplitude de Tens\u00e3o\uff08V\uff09<\/td>\n<td>44.8-56<\/td>\n<\/tr>\n<tr>\n<td>Faixa de Tens\u00e3o de Carregamento\uff08V\uff09<\/td>\n<td>55.2-56<\/td>\n<\/tr>\n<tr>\n<td>Tens\u00e3o de Corte\uff08V\uff09<\/td>\n<td>44.8<\/td>\n<\/tr>\n<tr>\n<td>Corrente de Carregamento Recomend\u00e1vel\uff08A\uff09<\/td>\n<td>100<\/td>\n<\/tr>\n<tr>\n<td>M\u00e1xima Corrente de Carregamento\uff08A\uff09<\/td>\n<td>166<\/td>\n<\/tr>\n<tr>\n<td>M\u00e1xima Corrente de Descarga\uff08A\uff09<\/td>\n<td>166<\/td>\n<\/tr>\n<tr>\n<td>Dimens\u00e3o\uff1aL*W*H\uff08mm\uff09<\/td>\n<td>457*163*760<\/td>\n<\/tr>\n<tr>\n<td>Peso\uff08kg\uff09<\/td>\n<td>70<\/td>\n<\/tr>\n<tr>\n<td>Porta de Comunica\u00e7\u00e3o<\/td>\n<td>RS485, CAN<\/td>\n<\/tr>\n<tr>\n<td>Exibi\u00e7\u00e3o<\/td>\n<td>LED+LCD<\/td>\n<\/tr>\n<tr>\n<td>Terminais<\/td>\n<td>Conector<\/td>\n<\/tr>\n<tr>\n<td>Inversor Compat\u00edvel<\/td>\n<td>Growatt, Goodwe, Sol-Ark, SRNE, DEYE<\/td>\n<\/tr>\n<tr>\n<td>Humidade\uff08%\uff09<\/td>\n<td>5-95% RH<\/td>\n<\/tr>\n<tr>\n<td>Faixa de Temperatura de Carregamento\uff08\u2103\uff09<\/td>\n<td>0-45<\/td>\n<\/tr>\n<tr>\n<td>Faixa de Temperatura de Descarga\uff08\u2103\uff09<\/td>\n<td>-20-60<\/td>\n<\/tr>\n<tr>\n<td>Faixa de Temperatura de Armazenamento (\u2103)<\/td>\n<td>-20-45<\/td>\n<\/tr>\n<tr>\n<td>Ciclo de Vida<\/td>\n<td>\uff1e6000 \uff080,5C@ 25\u2103\uff0c80% DOD\uff09<\/td>\n<\/tr>\n<tr>\n<td>Vida \u00datil de Design (Ano)<\/td>\n<td>15<\/td>\n<\/tr>\n<tr>\n<td>Seguran\u00e7a &amp; Certifica\u00e7\u00e3o<\/td>\n<td>CE, EMC, TUV (IEC62619), UL1973<\/td>\n<\/tr>\n<tr>\n<td>Transporte<\/td>\n<td>UN38.3<\/td>\n<\/tr>\n<\/tbody>\n<\/table>\n<p>&nbsp;<\/p>\n<p>&nbsp;<\/p>\n<p><strong>Quanto tempo dura uma bateria dom\u00e9stica de armazenamento?<\/strong><\/p>\n<p>&nbsp;<\/p>\n<p>A introdu\u00e7\u00e3o de baterias de armazenamento de energia atraiu um grande n\u00famero de propriet\u00e1rios de casas. Eles podem estar todos preocupados com este problema ao escolher a primeira bateria de armazenamento de energia. Contudo, a vida \u00fatil da bateria de armazenamento envolve muitos fatores: capacidade da bateria, tipo de bateria, modo de uso, o n\u00famero de aparelhos conectados e a pot\u00eancia dos aparelhos, etc.<\/p>\n<p>&nbsp;<\/p>\n<p><strong>Calculado como uma bateria de armazenamento de 5 kWh:<\/strong><\/p>\n<p>O frigor\u00edfico de 400W pode durar 12,5 horas<\/p>\n<p>Uma l\u00e2mpada de 10W pode durar 500 horas<\/p>\n<p>Assistir \u00e0 televis\u00e3o pode funcionar continuamente por cerca de 5 horas<\/p>\n<p>Ar condicionado interior a frio 6,25 horas<\/p>\n<p>&nbsp;<\/p>\n<p>Equipar uma casa com uma bateria de armazenamento de energia solar pode assegurar que alguns aparelhos essenciais importantes continuem a funcionar em caso de falha de energia. Por exemplo, a comida no frigor\u00edfico pode manter-se fresca e o telem\u00f3vel pode manter-se totalmente carregado o tempo todo.<\/p>\n<p>&nbsp;<\/p>\n<p><strong>Par\u00e2metros do inversor<\/strong><\/p>\n<table border=\"0\" cellspacing=\"0\" cellpadding=\"0\">\n<colgroup>\n<col \/>\n<col \/><\/colgroup>\n<tbody>\n<tr>\n<td>Modelo<\/td>\n<td>R8KL1<\/td>\n<\/tr>\n<tr>\n<td colspan=\"2\">Entrada (PV)<\/td>\n<\/tr>\n<tr>\n<td>Pot\u00eancia m\u00e1x. (kW)<\/td>\n<td>12<\/td>\n<\/tr>\n<tr>\n<td>Tens\u00e3o DC m\u00e1x. (V)<\/td>\n<td>500<\/td>\n<\/tr>\n<tr>\n<td>Faixa de tens\u00e3o MPPT (V)<\/td>\n<td>120~500<\/td>\n<\/tr>\n<tr>\n<td>Corrente de entrada m\u00e1xima de MPPT \u00fanico (A)<\/td>\n<td>12<\/td>\n<\/tr>\n<tr>\n<td>I.C. de curto-circuito m\u00e1x. (A)<\/td>\n<td>15<\/td>\n<\/tr>\n<tr>\n<td colspan=\"2\">Sa\u00edda CA<\/td>\n<\/tr>\n<tr>\n<td>Pot\u00eancia nominal de sa\u00edda (kVA)<\/td>\n<td>8<\/td>\n<\/tr>\n<tr>\n<td>Pot\u00eancia m\u00e1xima de sa\u00edda (kVA)<\/td>\n<td>8.8<\/td>\n<\/tr>\n<tr>\n<td>Corrente m\u00e1xima de sa\u00edda (A)<\/td>\n<td>38.3<\/td>\n<\/tr>\n<tr>\n<td>Tens\u00e3o de sa\u00edda AC (V)<\/td>\n<td>220,230,240<\/td>\n<\/tr>\n<tr>\n<td>Frequ\u00eancia (Hz)<\/td>\n<td>50\/60 (45 ~ 55, 55 ~ 65)<\/td>\n<\/tr>\n<tr>\n<td>PF<\/td>\n<td>0,8 atrasada - 0,8 adiantada<\/td>\n<\/tr>\n<tr>\n<td>THDi<\/td>\n<td>&lt; 2%<\/td>\n<\/tr>\n<tr>\n<td colspan=\"2\">Bateria<\/td>\n<\/tr>\n<tr>\n<td>Tens\u00e3o nominal (V)<\/td>\n<td>48<\/td>\n<\/tr>\n<tr>\n<td>Faixa de tens\u00e3o da bateria (V)<\/td>\n<td>40~60<\/td>\n<\/tr>\n<tr>\n<td>Corrente m\u00e1xima de charge\/discharge (A)<\/td>\n<td>190\/190<\/td>\n<\/tr>\n<tr>\n<td>Tipo de bateria<\/td>\n<td>l\u00edtio \/ chumagoto<\/td>\n<\/tr>\n<tr>\n<td>Estrat\u00e9gia de carregamento para bateria Li-Ion<\/td>\n<td>Auto-ajuste ao BMS<\/td>\n<\/tr>\n<tr>\n<td colspan=\"2\">Sa\u00edda de EPS<\/td>\n<\/tr>\n<tr>\n<td>Pot\u00eancia nominal (kVA)<\/td>\n<td>8<\/td>\n<\/tr>\n<tr>\n<td>Tens\u00e3o de sa\u00edda nominal (V)<\/td>\n<td>220, 230 ,240<\/td>\n<\/tr>\n<tr>\n<td>Frequ\u00eancia nominal (Hz)<\/td>\n<td>50\/60<\/td>\n<\/tr>\n<tr>\n<td>THDu<\/td>\n<td>&lt; 2%<\/td>\n<\/tr>\n<tr>\n<td colspan=\"2\">Prote\u00e7\u00e3o<\/td>\n<\/tr>\n<tr>\n<td>Detec\u00e7\u00e3o de aterramento<\/td>\n<td>SIM<\/td>\n<\/tr>\n<tr>\n<td>Prote\u00e7\u00e3o contra falha de arco<\/td>\n<td>opcional<\/td>\n<\/tr>\n<tr>\n<td>Prote\u00e7\u00e3o de ilha<\/td>\n<td>SIM<\/td>\n<\/tr>\n<tr>\n<td>Polaridade inversa da bateria<\/td>\n<td>SIM<\/td>\n<\/tr>\n<tr>\n<td>Detec\u00e7\u00e3o de resistor de isolamento<\/td>\n<td>SIM<\/td>\n<\/tr>\n<tr>\n<td>Unidade de monitoriza\u00e7\u00e3o de corrente residual<\/td>\n<td>SIM<\/td>\n<\/tr>\n<tr>\n<td>Prote\u00e7\u00e3o contra sobrecorrente de sa\u00edda<\/td>\n<td>SIM<\/td>\n<\/tr>\n<tr>\n<td>Prote\u00e7\u00e3o de curto-circuito de sa\u00edda de apoio<\/td>\n<td>SIM<\/td>\n<\/tr>\n<tr>\n<td>Detec\u00e7\u00e3o de temperatura de bornes<\/td>\n<td>SIM<\/td>\n<\/tr>\n<tr>\n<td>Prote\u00e7\u00e3o de sobretens\u00e3o\/subtens\u00e3o de sa\u00edda<\/td>\n<td>SIM<\/td>\n<\/tr>\n<tr>\n<td colspan=\"2\">Dados gerais<\/td>\n<\/tr>\n<tr>\n<td>Efici\u00eancia europeia (PV)<\/td>\n<td>\u226597,8%<\/td>\n<\/tr>\n<tr>\n<td>EFICI\u00caNCIA M\u00c1X. da bateria para carga<\/td>\n<td>\u226597,2%<\/td>\n<\/tr>\n<tr>\n<td>Prote\u00e7\u00e3o de IP<\/td>\n<td>IP65<\/td>\n<\/tr>\n<tr>\n<td>emiss\u00e3o de ru\u00eddo(dB)<\/td>\n<td>&lt;38<\/td>\n<\/tr>\n<tr>\n<td>Temperatura de opera\u00e7\u00e3o<\/td>\n<td>-25\u2103 ~ 60\u2103<\/td>\n<\/tr>\n<tr>\n<td>Arrefecimento<\/td>\n<td>Arrefecimento FAN<\/td>\n<\/tr>\n<tr>\n<td>Humidade relativa<\/td>\n<td>0 ~95%\uff08n\u00e3o condensa\u00e7\u00e3o\uff09<\/td>\n<\/tr>\n<tr>\n<td>Altitude<\/td>\n<td>2.000m (&gt;2.000 Derating)<\/td>\n<\/tr>\n<tr>\n<td>Dimens\u00f5es L * A * C (mm)<\/td>\n<td>430*220*710<\/td>\n<\/tr>\n<tr>\n<td>Peso(kg)<\/td>\n<td>41<\/td>\n<\/tr>\n<tr>\n<td>Exibi\u00e7\u00e3o<\/td>\n<td>LCD, painel t\u00e1til\uff08opcional\uff09<\/td>\n<\/tr>\n<tr>\n<td>Comunica\u00e7\u00e3o com BMS\/medidor\/EMS<\/td>\n<td>RS485, CAN<\/td>\n<\/tr>\n<tr>\n<td>Interface de comunica\u00e7\u00e3o<\/td>\n<td>RS485, WLAN, 4G (opcional)<\/td>\n<\/tr>\n<tr>\n<td>Autoconsumo nocturno<\/td>\n<td>&lt; 2,5 W (com ativa\u00e7\u00e3o da bateria &lt; 5 W)<\/td>\n<\/tr>\n<tr>\n<td>Certificados<\/td>\n<td>\u00c1frica do Sul NRS, IEC 62109-1\/-2, IEC 61000-6-1, IEC 61000-6-3<\/td>\n<\/tr>\n<\/tbody>\n<\/table>\n<p>&nbsp;<\/p>\n<p>Em termos gerais, a solu\u00e7\u00e3o de energia de \u201csolar + bateria de armazenamento de energia\u201d tornou-se a escolha prim\u00e1ria da maioria dos propriet\u00e1rios de casa. As baterias de armazenamento solar tamb\u00e9m reduzem a depend\u00eancia di\u00e1ria da rede. Antes de comprar, devemos compreender o conhecimento relevante sobre baterias de armazenamento de energia para melhor selecionar e adquirir.<\/p>","protected":false},"excerpt":{"rendered":"<p>Low-Volt 51.2V 9.5KWH powerwall pode proteger a sua casa de cortes de energia e libert\u00e1-lo da rede com armazenamento de energia. Instala\u00e7\u00e3o na parede. Ciclo profundo &gt; 6000 vezes. Bateria de fosfato de ferro e l\u00edtio de elevada seguran\u00e7a. A solu\u00e7\u00e3o ideal para o armazenamento de energia residencial.<\/p>","protected":false},"featured_media":1626,"template":"","meta":{"site-sidebar-layout":"default","site-content-layout":"","ast-site-content-layout":"default","site-content-style":"default","site-sidebar-style":"default","ast-global-header-display":"","ast-banner-title-visibility":"","ast-main-header-display":"","ast-hfb-above-header-display":"","ast-hfb-below-header-display":"","ast-hfb-mobile-header-display":"","site-post-title":"","ast-breadcrumbs-content":"","ast-featured-img":"","footer-sml-layout":"","ast-disable-related-posts":"","theme-transparent-header-meta":"default","adv-header-id-meta":"","stick-header-meta":"default","header-above-stick-meta":"","header-main-stick-meta":"","header-below-stick-meta":"","astra-migrate-meta-layouts":"set","ast-page-background-enabled":"default","ast-page-background-meta":{"desktop":{"background-color":"var(--ast-global-color-4)","background-image":"","background-repeat":"repeat","background-position":"center center","background-size":"auto","background-attachment":"scroll","background-type":"","background-media":"","overlay-type":"","overlay-color":"","overlay-opacity":"","overlay-gradient":""},"tablet":{"background-color":"","background-image":"","background-repeat":"repeat","background-position":"center center","background-size":"auto","background-attachment":"scroll","background-type":"","background-media":"","overlay-type":"","overlay-color":"","overlay-opacity":"","overlay-gradient":""},"mobile":{"background-color":"","background-image":"","background-repeat":"repeat","background-position":"center center","background-size":"auto","background-attachment":"scroll","background-type":"","background-media":"","overlay-type":"","overlay-color":"","overlay-opacity":"","overlay-gradient":""}},"ast-content-background-meta":{"desktop":{"background-color":"var(--ast-global-color-5)","background-image":"","background-repeat":"repeat","background-position":"center center","background-size":"auto","background-attachment":"scroll","background-type":"","background-media":"","overlay-type":"","overlay-color":"","overlay-opacity":"","overlay-gradient":""},"tablet":{"background-color":"var(--ast-global-color-5)","background-image":"","background-repeat":"repeat","background-position":"center center","background-size":"auto","background-attachment":"scroll","background-type":"","background-media":"","overlay-type":"","overlay-color":"","overlay-opacity":"","overlay-gradient":""},"mobile":{"background-color":"var(--ast-global-color-5)","background-image":"","background-repeat":"repeat","background-position":"center center","background-size":"auto","background-attachment":"scroll","background-type":"","background-media":"","overlay-type":"","overlay-color":"","overlay-opacity":"","overlay-gradient":""}}},"product_brand":[],"product_cat":[47,56,50],"product_tag":[],"class_list":{"0":"post-1625","1":"product","2":"type-product","3":"status-publish","4":"has-post-thumbnail","6":"product_cat-residetial-ess","7":"product_cat-energy-storage-battery-system","8":"product_cat-floor-standing-ess","9":"desktop-align-left","10":"tablet-align-left","11":"mobile-align-left","12":"ast-product-gallery-layout-horizontal-slider","13":"ast-product-tabs-layout-horizontal","15":"first","16":"instock","17":"shipping-taxable","18":"purchasable","19":"product-type-simple"},"_links":{"self":[{"href":"https:\/\/haisicstorage.com\/pt\/wp-json\/wp\/v2\/product\/1625","targetHints":{"allow":["GET"]}}],"collection":[{"href":"https:\/\/haisicstorage.com\/pt\/wp-json\/wp\/v2\/product"}],"about":[{"href":"https:\/\/haisicstorage.com\/pt\/wp-json\/wp\/v2\/types\/product"}],"version-history":[{"count":4,"href":"https:\/\/haisicstorage.com\/pt\/wp-json\/wp\/v2\/product\/1625\/revisions"}],"predecessor-version":[{"id":3519,"href":"https:\/\/haisicstorage.com\/pt\/wp-json\/wp\/v2\/product\/1625\/revisions\/3519"}],"wp:featuredmedia":[{"embeddable":true,"href":"https:\/\/haisicstorage.com\/pt\/wp-json\/wp\/v2\/media\/1626"}],"wp:attachment":[{"href":"https:\/\/haisicstorage.com\/pt\/wp-json\/wp\/v2\/media?parent=1625"}],"wp:term":[{"taxonomy":"product_brand","embeddable":true,"href":"https:\/\/haisicstorage.com\/pt\/wp-json\/wp\/v2\/product_brand?post=1625"},{"taxonomy":"product_cat","embeddable":true,"href":"https:\/\/haisicstorage.com\/pt\/wp-json\/wp\/v2\/product_cat?post=1625"},{"taxonomy":"product_tag","embeddable":true,"href":"https:\/\/haisicstorage.com\/pt\/wp-json\/wp\/v2\/product_tag?post=1625"}],"curies":[{"name":"wp","href":"https:\/\/api.w.org\/{rel}","templated":true}]}}