{"id":1620,"date":"2025-12-03T02:36:59","date_gmt":"2025-12-03T02:36:59","guid":{"rendered":"https:\/\/haisicstorage.com\/?post_type=product&#038;p=1620"},"modified":"2026-02-27T07:38:58","modified_gmt":"2026-02-27T07:38:58","slug":"10kw-off-grid-solar-power-system","status":"publish","type":"product","link":"https:\/\/haisicstorage.com\/pt\/10kw-off-grid-solar-power-system\/","title":{"rendered":"Sistema de Energia Solar Off-Grid de 10kW"},"content":{"rendered":"<p>Conjunto Completo Sistema de Painel Solar 10kw Sistema Solar Off Grid com Inversor Off Grid<\/p>\n<p>&nbsp;<\/p>\n<p>Instala\u00e7\u00e3o f\u00e1cil e Conjunto Completo de Sistema de Painel Solar<br \/>\nProcuras um sistema de energia solar de f\u00e1cil instala\u00e7\u00e3o que possa fornecer energia para a tua casa ou neg\u00f3cio?<br \/>\nN\u00e3o procures mais do que o nosso sistema solar off grid de 10kw.<br \/>\nO nosso conjunto completo de sistema de pain\u00e9is solares inclui tudo o que precisas para instala\u00e7\u00e3o em solo,<br \/>\nincluindo um sistema de montagem inclinada em solo e um sistema de montagem BIPV para facilitar ao m\u00e1ximo a utiliza\u00e7\u00e3o.<br \/>\nCom o design plug-and-play, estar\u00e1s oper\u00e1vel em pouco tempo, pronto para come\u00e7ar a produzir a tua pr\u00f3pria energia limpa e renov\u00e1vel.<\/p>\n<table border=\"1\">\n<tbody>\n<tr>\n<td colspan=\"2\">Par\u00e2metro B\u00e1sico da Bateria<\/td>\n<\/tr>\n<tr>\n<td>Tens\u00e3o Nominal (v)<\/td>\n<td>51.2<\/td>\n<\/tr>\n<tr>\n<td>Capacidade Nominal (Ah)<\/td>\n<td>200<\/td>\n<\/tr>\n<tr>\n<td>Energia Nominal (Wh)<\/td>\n<td>10240<\/td>\n<\/tr>\n<tr>\n<td colspan=\"2\">Par\u00e2metro de Opera\u00e7\u00e3o<\/td>\n<\/tr>\n<tr>\n<td>Intervalo de Tens\u00e3o (V)<\/td>\n<td>44.8-56<\/td>\n<\/tr>\n<tr>\n<td>Intervalo de Tens\u00e3o de Carregamento (V)<\/td>\n<td>55.2-56<\/td>\n<\/tr>\n<tr>\n<td>Tens\u00e3o de Corte (V)<\/td>\n<td>44.8<\/td>\n<\/tr>\n<tr>\n<td>Corrente de Carregamento Recomendada (A)<\/td>\n<td>100<\/td>\n<\/tr>\n<tr>\n<td>Corrente M\u00e1xima de Carregamento (A)<\/td>\n<td>200<\/td>\n<\/tr>\n<tr>\n<td>Corrente M\u00e1xima de Descarga (A)<\/td>\n<td>200<\/td>\n<\/tr>\n<tr>\n<td colspan=\"2\">Par\u00e2metro F\u00edsico<\/td>\n<\/tr>\n<tr>\n<td>Dimens\u00e3o: LxPxA (mm)<\/td>\n<td>457*163*760<\/td>\n<\/tr>\n<tr>\n<td>Peso (kg)<\/td>\n<td>70<\/td>\n<\/tr>\n<tr>\n<td>Porta de Comunica\u00e7\u00e3o<\/td>\n<td>RS485, CAN<\/td>\n<\/tr>\n<tr>\n<td>Exibi\u00e7\u00e3o<\/td>\n<td>LED+LCD<\/td>\n<\/tr>\n<tr>\n<td>Terminais<\/td>\n<td>Conector<\/td>\n<\/tr>\n<tr>\n<td>Inversor Compat\u00edvel<\/td>\n<td>Growatt, Goodwe, Sol-Ark, SRNE, DEYE<\/td>\n<\/tr>\n<tr>\n<td colspan=\"2\">Par\u00e2metro Ambiental<\/td>\n<\/tr>\n<tr>\n<td>Humidade (%)<\/td>\n<td>5-95% RH<\/td>\n<\/tr>\n<tr>\n<td>Intervalo de Temperatura de Carregamento (\u2103 )<\/td>\n<td>0-45<\/td>\n<\/tr>\n<tr>\n<td>Intervalo de Temperatura de Descarga (\u2103 )<\/td>\n<td>-20-60<\/td>\n<\/tr>\n<tr>\n<td>Intervalo de Temperatura de Armazenamento (\u2103 )<\/td>\n<td>-20-45<\/td>\n<\/tr>\n<tr>\n<td colspan=\"2\">Vida \u00datil<\/td>\n<\/tr>\n<tr>\n<td>Ciclo de Vida<\/td>\n<td>&gt;6000 (0,5C@ 25C\uff0c80% DOD)<\/td>\n<\/tr>\n<tr>\n<td>Vida \u00datil de Design (Ano)<\/td>\n<td>15<\/td>\n<\/tr>\n<tr>\n<td colspan=\"2\">Certifica\u00e7\u00e3o<\/td>\n<\/tr>\n<tr>\n<td>Seguran\u00e7a &amp; Certifica\u00e7\u00e3o<\/td>\n<td>CE, EMC, TUV (IEC62619), UL1973<\/td>\n<\/tr>\n<tr>\n<td>Transporte<\/td>\n<td>UN38.3<\/td>\n<\/tr>\n<\/tbody>\n<\/table>\n<p>Componentes de alta qualidade<br \/>\nO nosso sistema de energia com pain\u00e9is solares \u00e9 feito com componentes de topo de gama, incluindo um controlador MPPT e pain\u00e9is solares de sil\u00edcio monocristalino de alta efici\u00eancia.<br \/>\nA bateria de \u00edon de l\u00edtio tem uma capacidade nominal de 200Ah e pode armazenar at\u00e9 10KWh de energia, fornecendo energia fi\u00e1vel para a sua casa ou neg\u00f3cio.<br \/>\nO nosso sistema de energia solar tamb\u00e9m vem com uma forma de onda de sa\u00edda senoidal pura, assegurando um fornecimento de eletricidade est\u00e1vel e fi\u00e1vel.<\/p>\n<table border=\"1\">\n<tbody>\n<tr>\n<td colspan=\"2\">Par\u00e2metro do inversor solar<\/td>\n<\/tr>\n<tr>\n<td colspan=\"2\">\n<div>Entrada (PV)<\/div>\n<\/td>\n<\/tr>\n<tr>\n<td>\n<div>Pot\u00eanciaMax.(kW)<\/div>\n<\/td>\n<td>12<\/td>\n<\/tr>\n<tr>\n<td>\n<div>Tens\u00e3o DC m\u00e1x. (V)<\/div>\n<\/td>\n<td>500<\/td>\n<\/tr>\n<tr>\n<td>\n<div>Intervalo de voltagem MPPT()<\/div>\n<\/td>\n<td>120-500<\/td>\n<\/tr>\n<tr>\n<td>Corrente de entrada m\u00e1xima de MPPT \u00fanico (A)<\/td>\n<td>12<\/td>\n<\/tr>\n<tr>\n<td>M\u00e1x. corrente de curto-circuito(A)<\/td>\n<td>15<\/td>\n<\/tr>\n<tr>\n<td colspan=\"2\">Sa\u00edda CA<\/td>\n<\/tr>\n<tr>\n<td>Pot\u00eancia nominal de sa\u00edda (kVA)<\/td>\n<td>8<\/td>\n<\/tr>\n<tr>\n<td>Pot\u00eancia m\u00e1xima de sa\u00edda (kVA)<\/td>\n<td>8.8<\/td>\n<\/tr>\n<tr>\n<td>Tens\u00e3o de sa\u00edda AC (V)<\/td>\n<td>220,230,240<\/td>\n<\/tr>\n<tr>\n<td>Frequ\u00eancia (Hz)<\/td>\n<td>50\/60 (45 \u2013 55,55 \u2013 65)<\/td>\n<\/tr>\n<tr>\n<td>PF<\/td>\n<td>0,8 atrasada - 0,8 adiantada<\/td>\n<\/tr>\n<tr>\n<td>THDi<\/td>\n<td>&lt; 2%<\/td>\n<\/tr>\n<tr>\n<td>Corrente m\u00e1xima de sa\u00edda (A)<\/td>\n<td>38.3<\/td>\n<\/tr>\n<tr>\n<td colspan=\"2\">Bateria<\/td>\n<\/tr>\n<tr>\n<td>Tens\u00e3o nominal (V)<\/td>\n<td>48<\/td>\n<\/tr>\n<tr>\n<td>Faixa de tens\u00e3o da bateria (V)<\/td>\n<td>40~60<\/td>\n<\/tr>\n<tr>\n<td>Corrente m\u00e1xima de charge\/discharge (A)<\/td>\n<td>190\/190<\/td>\n<\/tr>\n<tr>\n<td>Tipo de bateria<\/td>\n<td>l\u00edtio \/ chumagoto<\/td>\n<\/tr>\n<tr>\n<td>Estrat\u00e9gia de carregamento para bateria Li-lon<\/td>\n<td>Auto-ajuste ao BMS<\/td>\n<\/tr>\n<tr>\n<td colspan=\"2\">Sa\u00edda de EPS<\/td>\n<\/tr>\n<tr>\n<td>Pot\u00eancia nominal (kVA)<\/td>\n<td>8<\/td>\n<\/tr>\n<tr>\n<td>Tens\u00e3o de sa\u00edda nominal (V)<\/td>\n<td><\/td>\n<\/tr>\n<tr>\n<td>Frequ\u00eancia nominal (Hz)<\/td>\n<td><\/td>\n<\/tr>\n<tr>\n<td>THDu<\/td>\n<td><\/td>\n<\/tr>\n<tr>\n<td colspan=\"2\">Prote\u00e7\u00e3o<\/td>\n<\/tr>\n<tr>\n<td>Detec\u00e7\u00e3o de aterramento<\/td>\n<td>SIM<\/td>\n<\/tr>\n<tr>\n<td>Prote\u00e7\u00e3o contra falha de arco<\/td>\n<td>opcional<\/td>\n<\/tr>\n<tr>\n<td>Prote\u00e7\u00e3o de ilha<\/td>\n<td>SIM<\/td>\n<\/tr>\n<tr>\n<td>Polaridade inversa da bateria<\/td>\n<td>SIM<\/td>\n<\/tr>\n<tr>\n<td>Detec\u00e7\u00e3o de resistor de isolamento<\/td>\n<td>SIM<\/td>\n<\/tr>\n<tr>\n<td>Unidade de monitoriza\u00e7\u00e3o de corrente residual<\/td>\n<td>SIM<\/td>\n<\/tr>\n<tr>\n<td>Prote\u00e7\u00e3o contra sobrecorrente de sa\u00edda<\/td>\n<td>SIM<\/td>\n<\/tr>\n<tr>\n<td>Prote\u00e7\u00e3o de curto-circuito de sa\u00edda de apoio<\/td>\n<td>SIM<\/td>\n<\/tr>\n<tr>\n<td>Detec\u00e7\u00e3o de temperatura de bornes<\/td>\n<td>SIM<\/td>\n<\/tr>\n<tr>\n<td>Prote\u00e7\u00e3o de sobretens\u00e3o\/subtens\u00e3o de sa\u00edda<\/td>\n<td>SIM<\/td>\n<\/tr>\n<tr>\n<td colspan=\"2\">Dados gerais<\/td>\n<\/tr>\n<tr>\n<td>Efici\u00eancia europeia (PV)<\/td>\n<td>97.8%<\/td>\n<\/tr>\n<tr>\n<td>EFICI\u00caNCIA M\u00c1X. da bateria para carga<\/td>\n<td>97.2%<\/td>\n<\/tr>\n<tr>\n<td>Prote\u00e7\u00e3o de IP<\/td>\n<td>IP65<\/td>\n<\/tr>\n<tr>\n<td>emiss\u00e3o de ru\u00eddo(dB)<\/td>\n<td>&lt;38<\/td>\n<\/tr>\n<tr>\n<td>Temperatura de opera\u00e7\u00e3o<\/td>\n<td>-25C-60%C<\/td>\n<\/tr>\n<tr>\n<td>Arrefecimento<\/td>\n<td>Arrefecimento FAN<\/td>\n<\/tr>\n<tr>\n<td>Humidade relativa<\/td>\n<td>0 -95% (sem condensa\u00e7\u00e3o)<\/td>\n<\/tr>\n<tr>\n<td>Dimens\u00f5es L A*P*H (mm)<\/td>\n<td>430*220*710<\/td>\n<\/tr>\n<tr>\n<td>Peso(kg)<\/td>\n<td>41<\/td>\n<\/tr>\n<tr>\n<td>Comunica\u00e7\u00e3o com BMS\/medidor\/EMS<\/td>\n<td>RS485, CAN<\/td>\n<\/tr>\n<tr>\n<td>Exibi\u00e7\u00e3o<\/td>\n<td>LCD, painel t\u00e1til (opcional)<\/td>\n<\/tr>\n<tr>\n<td>Interface de comunica\u00e7\u00e3o<\/td>\n<td>RS485, WLAN, 4G (opcional)<\/td>\n<\/tr>\n<tr>\n<td>Autoconsumo nocturno<\/td>\n<td>&lt; 2,5 W (com ativa\u00e7\u00e3o da bateria &lt; 5 W)<\/td>\n<\/tr>\n<tr>\n<td>Certificados<\/td>\n<td>NRS da \u00c1frica do Sul, IEC 62109-1\/-2 IEC 61000-6-1.<br \/>\nIEC 61000-6-3<\/td>\n<\/tr>\n<\/tbody>\n<\/table>\n<p>Pr\u00e9-venda Design de Projeto e Garantia de 5 Anos<br \/>\nA nossa equipa de especialistas oferece servi\u00e7os de design de projeto pr\u00e9-venda para garantir que o sistema de energia solar seja perfeitamente adaptado \u00e0s suas necessidades espec\u00edficas.<br \/>\nCom a nossa garantia abrangente de 5 anos, pode confiar nos nossos produtos para um desempenho fi\u00e1vel durante muitos anos.<br \/>\nLocal de origem: Guangdong, China<\/p>\n<p>\u00c0 procura de um sistema de energia solar confi\u00e1vel e f\u00e1cil de instalar?<br \/>\nO nosso Conjunto Completo de Sistema de Energia Solar de 10 kW Off Grid com Inversor Off Grid \u00e9 a solu\u00e7\u00e3o perfeita para a sua casa ou empresa.<br \/>\nO nosso sistema de montagens inclinadas para instala\u00e7\u00e3o em solo e o sistema de montagem BIPV tornam a instala\u00e7\u00e3o simples, enquanto os nossos componentes de alta qualidade,<br \/>\nincluindo um controlador MPPT e pain\u00e9is solares de sil\u00edcio monocristalino, asseguram um desempenho fi\u00e1vel. Com a nossa forma de onda de sa\u00edda senoidal pura,<br \/>\npode desfrutar de um fornecimento est\u00e1vel e fi\u00e1vel de energia el\u00e9ctrica. Os nossos servi\u00e7os de conce\u00e7\u00e3o de projeto antes da venda e a garantia de 5 anos asseguram a sua satisfa\u00e7\u00e3o.<br \/>\nEscolha a Haisic e comece hoje a produzir a sua pr\u00f3pria energia limpa e renov\u00e1vel!<\/p>","protected":false},"excerpt":{"rendered":"<p>\u203b Todo o sistema inclui uma bateria de parede de 10kWh, inversor h\u00edbrido de 8kVa, pain\u00e9is solares de 425W, suportes de montagem e acess\u00f3rios de liga\u00e7\u00e3o<br \/>\n\u203b Fornece servi\u00e7os de orienta\u00e7\u00e3o remota e servi\u00e7os de desenho do sistema de acordo com as suas necessidades<br \/>\n\u203b Todo o sistema \u00e9 simples e f\u00e1cil de instalar<br \/>\n\u203b 5 anos de garantia<\/p>","protected":false},"featured_media":1629,"template":"","meta":{"site-sidebar-layout":"default","site-content-layout":"","ast-site-content-layout":"default","site-content-style":"default","site-sidebar-style":"default","ast-global-header-display":"","ast-banner-title-visibility":"","ast-main-header-display":"","ast-hfb-above-header-display":"","ast-hfb-below-header-display":"","ast-hfb-mobile-header-display":"","site-post-title":"","ast-breadcrumbs-content":"","ast-featured-img":"","footer-sml-layout":"","ast-disable-related-posts":"","theme-transparent-header-meta":"default","adv-header-id-meta":"","stick-header-meta":"default","header-above-stick-meta":"","header-main-stick-meta":"","header-below-stick-meta":"","astra-migrate-meta-layouts":"set","ast-page-background-enabled":"default","ast-page-background-meta":{"desktop":{"background-color":"var(--ast-global-color-4)","background-image":"","background-repeat":"repeat","background-position":"center center","background-size":"auto","background-attachment":"scroll","background-type":"","background-media":"","overlay-type":"","overlay-color":"","overlay-opacity":"","overlay-gradient":""},"tablet":{"background-color":"","background-image":"","background-repeat":"repeat","background-position":"center center","background-size":"auto","background-attachment":"scroll","background-type":"","background-media":"","overlay-type":"","overlay-color":"","overlay-opacity":"","overlay-gradient":""},"mobile":{"background-color":"","background-image":"","background-repeat":"repeat","background-position":"center center","background-size":"auto","background-attachment":"scroll","background-type":"","background-media":"","overlay-type":"","overlay-color":"","overlay-opacity":"","overlay-gradient":""}},"ast-content-background-meta":{"desktop":{"background-color":"var(--ast-global-color-5)","background-image":"","background-repeat":"repeat","background-position":"center center","background-size":"auto","background-attachment":"scroll","background-type":"","background-media":"","overlay-type":"","overlay-color":"","overlay-opacity":"","overlay-gradient":""},"tablet":{"background-color":"var(--ast-global-color-5)","background-image":"","background-repeat":"repeat","background-position":"center center","background-size":"auto","background-attachment":"scroll","background-type":"","background-media":"","overlay-type":"","overlay-color":"","overlay-opacity":"","overlay-gradient":""},"mobile":{"background-color":"var(--ast-global-color-5)","background-image":"","background-repeat":"repeat","background-position":"center center","background-size":"auto","background-attachment":"scroll","background-type":"","background-media":"","overlay-type":"","overlay-color":"","overlay-opacity":"","overlay-gradient":""}}},"product_brand":[],"product_cat":[47,56,50],"product_tag":[],"class_list":{"0":"post-1620","1":"product","2":"type-product","3":"status-publish","4":"has-post-thumbnail","6":"product_cat-residetial-ess","7":"product_cat-energy-storage-battery-system","8":"product_cat-floor-standing-ess","9":"desktop-align-left","10":"tablet-align-left","11":"mobile-align-left","12":"ast-product-gallery-layout-horizontal-slider","13":"ast-product-tabs-layout-horizontal","15":"first","16":"instock","17":"shipping-taxable","18":"purchasable","19":"product-type-simple"},"_links":{"self":[{"href":"https:\/\/haisicstorage.com\/pt\/wp-json\/wp\/v2\/product\/1620","targetHints":{"allow":["GET"]}}],"collection":[{"href":"https:\/\/haisicstorage.com\/pt\/wp-json\/wp\/v2\/product"}],"about":[{"href":"https:\/\/haisicstorage.com\/pt\/wp-json\/wp\/v2\/types\/product"}],"version-history":[{"count":3,"href":"https:\/\/haisicstorage.com\/pt\/wp-json\/wp\/v2\/product\/1620\/revisions"}],"predecessor-version":[{"id":3517,"href":"https:\/\/haisicstorage.com\/pt\/wp-json\/wp\/v2\/product\/1620\/revisions\/3517"}],"wp:featuredmedia":[{"embeddable":true,"href":"https:\/\/haisicstorage.com\/pt\/wp-json\/wp\/v2\/media\/1629"}],"wp:attachment":[{"href":"https:\/\/haisicstorage.com\/pt\/wp-json\/wp\/v2\/media?parent=1620"}],"wp:term":[{"taxonomy":"product_brand","embeddable":true,"href":"https:\/\/haisicstorage.com\/pt\/wp-json\/wp\/v2\/product_brand?post=1620"},{"taxonomy":"product_cat","embeddable":true,"href":"https:\/\/haisicstorage.com\/pt\/wp-json\/wp\/v2\/product_cat?post=1620"},{"taxonomy":"product_tag","embeddable":true,"href":"https:\/\/haisicstorage.com\/pt\/wp-json\/wp\/v2\/product_tag?post=1620"}],"curies":[{"name":"wp","href":"https:\/\/api.w.org\/{rel}","templated":true}]}}