{"id":1616,"date":"2025-12-03T02:28:58","date_gmt":"2025-12-03T02:28:58","guid":{"rendered":"https:\/\/haisicstorage.com\/?post_type=product&#038;p=1616"},"modified":"2026-02-27T07:38:39","modified_gmt":"2026-02-27T07:38:39","slug":"low-volt-51-2v-3-5kwh-powerwall","status":"publish","type":"product","link":"https:\/\/haisicstorage.com\/pt\/low-volt-51-2v-3-5kwh-powerwall\/","title":{"rendered":"Powerwall de 51,2V 3,5KWh de baixo-voltagem"},"content":{"rendered":"<div class=\"row\">\n<div class=\"col-md-12 col-sm-12\">\n<div class=\"product-tabs\">\n<div class=\"tab-content\">\n<div id=\"tab-desc\" class=\"tab-pane active\" role=\"tabpanel\">\n<div class=\"product-tab-desc\">\n<table class=\"woocommerce-product-attributes shop_attributes\" aria-label=\"Detalhes do Produto\">\n<tbody>\n<tr class=\"woocommerce-product-attributes-item woocommerce-product-attributes-item--attribute_rated-energy\">\n<th class=\"woocommerce-product-attributes-item__label\" scope=\"row\">Energia Nominal<\/th>\n<td class=\"woocommerce-product-attributes-item__value\">3584Wh<\/td>\n<\/tr>\n<tr class=\"woocommerce-product-attributes-item woocommerce-product-attributes-item--attribute_rated-capacity\">\n<th class=\"woocommerce-product-attributes-item__label\" scope=\"row\">Capacidade Nominal<\/th>\n<td class=\"woocommerce-product-attributes-item__value\">70Ah<\/td>\n<\/tr>\n<tr class=\"woocommerce-product-attributes-item woocommerce-product-attributes-item--attribute_rated-voltage\">\n<th class=\"woocommerce-product-attributes-item__label\" scope=\"row\">Voltagem Nominal<\/th>\n<td class=\"woocommerce-product-attributes-item__value\">51,2V<\/td>\n<\/tr>\n<tr class=\"woocommerce-product-attributes-item woocommerce-product-attributes-item--attribute_voltage-range\">\n<th class=\"woocommerce-product-attributes-item__label\" scope=\"row\">Faixa de voltagem<\/th>\n<td class=\"woocommerce-product-attributes-item__value\">44,8-56V<\/td>\n<\/tr>\n<tr class=\"woocommerce-product-attributes-item woocommerce-product-attributes-item--attribute_charge-voltage-range\">\n<th class=\"woocommerce-product-attributes-item__label\" scope=\"row\">Faixa de Voltagem de Carregamento<\/th>\n<td class=\"woocommerce-product-attributes-item__value\">55,2-56V<\/td>\n<\/tr>\n<tr class=\"woocommerce-product-attributes-item woocommerce-product-attributes-item--attribute_cut-off-voltage\">\n<th class=\"woocommerce-product-attributes-item__label\" scope=\"row\">Voltagem de Corte<\/th>\n<td class=\"woocommerce-product-attributes-item__value\">44,8V<\/td>\n<\/tr>\n<tr class=\"woocommerce-product-attributes-item woocommerce-product-attributes-item--attribute_recommend-charge-current\">\n<th class=\"woocommerce-product-attributes-item__label\" scope=\"row\">Recomenda\u00e7\u00e3o de Corrente de Carga<\/th>\n<td class=\"woocommerce-product-attributes-item__value\">30A<\/td>\n<\/tr>\n<tr class=\"woocommerce-product-attributes-item woocommerce-product-attributes-item--attribute_max-discharge-current\">\n<th class=\"woocommerce-product-attributes-item__label\" scope=\"row\">Corrente M\u00e1xima de Descarga<\/th>\n<td class=\"woocommerce-product-attributes-item__value\">60A<\/td>\n<\/tr>\n<tr class=\"woocommerce-product-attributes-item woocommerce-product-attributes-item--attribute_max-charge-current\">\n<th class=\"woocommerce-product-attributes-item__label\" scope=\"row\">Corrente M\u00e1xima de Carregamento<\/th>\n<td class=\"woocommerce-product-attributes-item__value\">60A<\/td>\n<\/tr>\n<\/tbody>\n<\/table>\n<p><strong>O que \u00e9 o Powerwall?<\/strong><\/p>\n<p><a href=\"https:\/\/www.haisicbattery.com\/products\/solar-energy-storage-system\/low-volt-51-2v-5-1kwh-powerwall-residential-energy-storage-system\" target=\"_blank\" rel=\"noopener\">Powerwall<\/a>\u00a0\u00e9 um sistema de bateria integrado que armazena a sua energia solar para prote\u00e7\u00e3o de reserva, de modo que quando a rede fica indispon\u00edvel a sua energia permane\u00e7a ligada. O seu sistema deteta falhas e recarrega-se automaticamente com a luz solar para manter os seus electrodom\u00e9sticos a funcionarem durante dias.<\/p>\n<p>Cada aquisi\u00e7\u00e3o solar inclui o Powerwall, uma bateria dom\u00e9stica compacta que reduz a sua depend\u00eancia da rede ao armazenar a sua energia solar para uso quando o sol n\u00e3o brilha.<\/p>\n<p>Com uma instala\u00e7\u00e3o f\u00e1cil e um design minimalista, o Powerwall complementa uma variedade de estilos de habita\u00e7\u00e3o e\u00a0<a href=\"https:\/\/www.haisicbattery.com\/products\/solar-energy-storage-system\" target=\"_blank\" rel=\"noopener\">sistemas solares<\/a>. A constru\u00e7\u00e3o compacta, tudo-em-um, apresenta op\u00e7\u00f5es de montagem vers\u00e1teis para espa\u00e7os interiores ou exteriores.<\/p>\n<p>&nbsp;<\/p>\n<p><strong>Por que precisamos de um sistema de armazenamento de energia?<\/strong><\/p>\n<p>&nbsp;<\/p>\n<p>O armazenamento de energia \u00e9 uma das melhores solu\u00e7\u00f5es para reduzir os custos de utilities sem despesas de infraestrutura elevadas. Transforma a forma como os propriet\u00e1rios, empresas e servi\u00e7os utilizam a energia.<\/p>\n<p>Estamos confiantes de que um sistema de armazenamento de energia \u00e9 tamb\u00e9m um investimento perspicaz que pode reduzir efetivamente o custo da eletricidade, especialmente quando enfrenta press\u00e3o financeira causada por conting\u00eancia ou for\u00e7a maior, como uma pandemia ou inc\u00eandio.<\/p>\n<p>&nbsp;<\/p>\n<p>Aceda \u00e0 independ\u00eancia energ\u00e9tica e garanta o fornecimento de eletricidade mesmo quando a rede falha devido a acidentes.<\/p>\n<p>&nbsp;<\/p>\n<p>\u2013 Reduzir a pegada ecol\u00f3gica armazenando energia renov\u00e1vel como energia solar.<\/p>\n<p>\u2013 Viva de forma verde, seguro e s\u00f3lido, utilizando uma bateria LiFePO4 e totalmente livre de cobalto.<\/p>\n<p>\u2013 Ao armazenar a produ\u00e7\u00e3o PV excedente num unidade de armazenamento de baterias, pode maximizar o autoconsumo e reduzir a sua factura de eletricidade.<\/p>\n<p>\u2013 Reduza a sua conta de electricidade armazenando energia el\u00e9trica durante o per\u00edodo fora de horas de ponta e transferindo a energia para ser utilizada no per\u00edodo de ponta.<\/p>\n<p>\u2013 Venda do excedente de energia renov\u00e1vel \u00e0 rede ou diretamente a outros utilizadores na micro-rede.<\/p>\n<p>&nbsp;<\/p>\n<p><strong>Par\u00e2metros do Powerwall<\/strong><\/p>\n<table border=\"0\" cellspacing=\"0\" cellpadding=\"0\">\n<colgroup>\n<col \/>\n<col \/><\/colgroup>\n<tbody>\n<tr>\n<td>Modelo<\/td>\n<td>HS-BG3000W<\/td>\n<\/tr>\n<tr>\n<td>Tens\u00e3o Nominal\uff08V\uff09<\/td>\n<td>51.2<\/td>\n<\/tr>\n<tr>\n<td>Capacidade Nominal\uff08Ah\uff09<\/td>\n<td>70<\/td>\n<\/tr>\n<tr>\n<td>Energia Nominal\uff08Wh\uff09<\/td>\n<td>3584<\/td>\n<\/tr>\n<tr>\n<td>Amplitude de Tens\u00e3o\uff08V\uff09<\/td>\n<td>44.8-56<\/td>\n<\/tr>\n<tr>\n<td>Faixa de Tens\u00e3o de Carregamento\uff08V\uff09<\/td>\n<td>55.2-56<\/td>\n<\/tr>\n<tr>\n<td>Tens\u00e3o de Corte\uff08V\uff09<\/td>\n<td>44.8<\/td>\n<\/tr>\n<tr>\n<td>Corrente de Carregamento Recomend\u00e1vel\uff08A\uff09<\/td>\n<td>30<\/td>\n<\/tr>\n<tr>\n<td>M\u00e1xima Corrente de Carregamento\uff08A\uff09<\/td>\n<td>60<\/td>\n<\/tr>\n<tr>\n<td>M\u00e1xima Corrente de Descarga\uff08A\uff09<\/td>\n<td>60<\/td>\n<\/tr>\n<tr>\n<td>Dimens\u00e3o\uff1aL*W*H\uff08mm\uff09<\/td>\n<td>374*138*530<\/td>\n<\/tr>\n<tr>\n<td>Peso\uff08kg\uff09<\/td>\n<td>32<\/td>\n<\/tr>\n<tr>\n<td>Porta de Comunica\u00e7\u00e3o<\/td>\n<td>RS485, CAN<\/td>\n<\/tr>\n<tr>\n<td>Exibi\u00e7\u00e3o<\/td>\n<td>LED+LCD<\/td>\n<\/tr>\n<tr>\n<td>Terminais<\/td>\n<td>Conector<\/td>\n<\/tr>\n<tr>\n<td>Inversor Compat\u00edvel<\/td>\n<td>Growatt, Goodwe, Sol-Ark, SRNE, DEYE<\/td>\n<\/tr>\n<tr>\n<td>Humidade\uff08%\uff09<\/td>\n<td>5-95% RH<\/td>\n<\/tr>\n<tr>\n<td>Faixa de Temperatura de Carregamento\uff08\u2103\uff09<\/td>\n<td>0-45<\/td>\n<\/tr>\n<tr>\n<td>Faixa de Temperatura de Descarga\uff08\u2103\uff09<\/td>\n<td>-20-60<\/td>\n<\/tr>\n<tr>\n<td>Faixa de Temperatura de Armazenamento (\u2103)<\/td>\n<td>-20-45<\/td>\n<\/tr>\n<tr>\n<td>Ciclo de Vida<\/td>\n<td>\uff1e6000 \uff080,5C@ 25\u2103\uff0c80% DOD\uff09<\/td>\n<\/tr>\n<tr>\n<td>Vida \u00datil de Design (Ano)<\/td>\n<td>15<\/td>\n<\/tr>\n<tr>\n<td>Seguran\u00e7a &amp; Certifica\u00e7\u00e3o<\/td>\n<td>CE, EMC, TUV (IEC62619), UL1973<\/td>\n<\/tr>\n<tr>\n<td>Transporte<\/td>\n<td>UN38.3<\/td>\n<\/tr>\n<\/tbody>\n<\/table>\n<p>&nbsp;<\/p>\n<p><strong>Par\u00e2metros do inversor<\/strong><\/p>\n<table border=\"0\" cellspacing=\"0\" cellpadding=\"0\">\n<colgroup>\n<col \/>\n<col \/><\/colgroup>\n<tbody>\n<tr>\n<td>Modelo<\/td>\n<td>HF4830S60-145<\/td>\n<\/tr>\n<tr>\n<td colspan=\"2\">Modo AC<\/td>\n<\/tr>\n<tr>\n<td>Tens\u00e3o de entrada nominal<\/td>\n<td>220\/230Vac<\/td>\n<\/tr>\n<tr>\n<td>Intervalo de tens\u00e3o de entrada<\/td>\n<td>(170Vac~280Vac) \u00b12%\/(90Vac-280Vac)\u00b12%<\/td>\n<\/tr>\n<tr>\n<td>Frequ\u00eancia<\/td>\n<td>50Hz\/ 60Hz (Dete\u00e7\u00e3o autom\u00e1tica)<\/td>\n<\/tr>\n<tr>\n<td>Intervalo de frequ\u00eancia<\/td>\n<td>47\u00b10,3Hz ~ 55\u00b10,3Hz (50Hz)\/57\u00b10,3Hz ~ 65\u00b10,3Hz (60Hz);<\/td>\n<\/tr>\n<tr>\n<td>Prote\u00e7\u00e3o contra sobrecarga\/curto-circuito<\/td>\n<td>Disjuntor<\/td>\n<\/tr>\n<tr>\n<td>Efici\u00eancia<\/td>\n<td>&gt;95%<\/td>\n<\/tr>\n<tr>\n<td>Tempo de comuta\u00e7\u00e3o (bypass e inversor)<\/td>\n<td>10ms (t\u00edpico)<\/td>\n<\/tr>\n<tr>\n<td>Prote\u00e7\u00e3o reversa AC<\/td>\n<td>Dispon\u00edvel<\/td>\n<\/tr>\n<tr>\n<td>Corrente m\u00e1xima de sobrecarga do bypass<\/td>\n<td>30A<\/td>\n<\/tr>\n<tr>\n<td colspan=\"2\">Modo inversor<\/td>\n<\/tr>\n<tr>\n<td>Forma de onda da tens\u00e3o de sa\u00edda<\/td>\n<td>Onda senoidal pura<\/td>\n<\/tr>\n<tr>\n<td>Pot\u00eancia de sa\u00edda nominal (VA)<\/td>\n<td>3300<\/td>\n<\/tr>\n<tr>\n<td>Pot\u00eancia de sa\u00edda nominal (W)<\/td>\n<td>3300<\/td>\n<\/tr>\n<tr>\n<td>Fator de pot\u00eancia<\/td>\n<td>1<\/td>\n<\/tr>\n<tr>\n<td>Tens\u00e3o de sa\u00edda nominal (Vac)<\/td>\n<td>230Vac<\/td>\n<\/tr>\n<tr>\n<td>Erro de tens\u00e3o de sa\u00edda<\/td>\n<td>\u00b15%<\/td>\n<\/tr>\n<tr>\n<td>Faixa de frequ\u00eancia de sa\u00edda (Hz)<\/td>\n<td>50Hz \u00b1 0,3Hz\/60Hz \u00b1 0,3Hz<\/td>\n<\/tr>\n<tr>\n<td>M\u00e1xima efici\u00eancia<\/td>\n<td>&gt;92%<\/td>\n<\/tr>\n<tr>\n<td>Prote\u00e7\u00e3o contra sobrecarga<\/td>\n<td>(110% &lt; carga &lt;125%) \u00b110%: reporte erro e desative a sa\u00edda ap\u00f3s 5 minutos; (125% &lt; carga 150% \u00b110%: reporte erro e desative a sa\u00edda ap\u00f3s 5 segundos;<\/td>\n<\/tr>\n<tr>\n<td>Pot\u00eancia de pico<\/td>\n<td>6000VA<\/td>\n<\/tr>\n<tr>\n<td>Capacidade de motor carregado<\/td>\n<td>2CV<\/td>\n<\/tr>\n<tr>\n<td>Prote\u00e7\u00e3o de curto-circuito de sa\u00edda<\/td>\n<td>Disjuntor<\/td>\n<\/tr>\n<tr>\n<td>Especifica\u00e7\u00f5es do disjuntor de bypass<\/td>\n<td>30A<\/td>\n<\/tr>\n<tr>\n<td>Tens\u00e3o de entrada da bateria classificada<\/td>\n<td>48V (voltagem m\u00ednima de arrancada 44V)<\/td>\n<\/tr>\n<tr>\n<td>Faixa de tens\u00e3o da bateria<\/td>\n<td>Tens\u00e3o de alarme\/desligamento por sub-tens\u00e3o\/alarme de sobretens\u00e3o \/ recupera\u00e7\u00e3o de sobretens\u00e3o\u2026 configur\u00e1vel no ecr\u00e3 LCD<\/td>\n<\/tr>\n<tr>\n<td>Modo de poupan\u00e7a de energia<\/td>\n<td>Carga \u226450W<\/td>\n<\/tr>\n<tr>\n<td colspan=\"2\">Carregamento DC<\/td>\n<\/tr>\n<tr>\n<td>Tipo de bateria<\/td>\n<td>Bateria de chumbo-\u00e1cido ou de l\u00edtio<\/td>\n<\/tr>\n<tr>\n<td>Corrente m\u00e1xima de carga<\/td>\n<td>60A<\/td>\n<\/tr>\n<tr>\n<td>Faixa de tens\u00e3o de carga<\/td>\n<td>40 \u201358Vdc<\/td>\n<\/tr>\n<tr>\n<td>Prote\u00e7\u00e3o contra curto-circuito<\/td>\n<td>Disjuntor e fus\u00edvel queimado<\/td>\n<\/tr>\n<tr>\n<td>Especifica\u00e7\u00f5es do disjuntor<\/td>\n<td>30A<\/td>\n<\/tr>\n<tr>\n<td>Protec\u00e7\u00e3o contra sobrecarga<\/td>\n<td>Alarme e desativa\u00e7\u00e3o do carregamento ap\u00f3s 1 minuto<\/td>\n<\/tr>\n<tr>\n<td colspan=\"2\">Carregamento PV<\/td>\n<\/tr>\n<tr>\n<td>Tens\u00e3o aberta m\u00e1xima do PV<\/td>\n<td>145Vdc<\/td>\n<\/tr>\n<tr>\n<td>Faixa de tens\u00e3o operativa do PV<\/td>\n<td>60-145Vdc<\/td>\n<\/tr>\n<tr>\n<td>intervalo de tens\u00e3o MPPT<\/td>\n<td>60-115Vdc<\/td>\n<\/tr>\n<tr>\n<td>Faixa de tens\u00e3o da bateria<\/td>\n<td>40-60Vdc<\/td>\n<\/tr>\n<tr>\n<td>Pot\u00eancia de entrada m\u00e1xima<\/td>\n<td>3400W<\/td>\n<\/tr>\n<tr>\n<td>intervalo de corrente de carregamento PV (pode ser definido)<\/td>\n<td>0-60A<\/td>\n<\/tr>\n<tr>\n<td>Prote\u00e7\u00e3o de curto-circuito de carregamento<\/td>\n<td>P Fus\u00edvel blown<\/td>\n<\/tr>\n<tr>\n<td>Prote\u00e7\u00e3o de fia\u00e7\u00e3o<\/td>\n<td>Prote\u00e7\u00e3o contra polaridade inversa<\/td>\n<\/tr>\n<tr>\n<td colspan=\"2\">Especifica\u00e7\u00f5es certificadas<\/td>\n<\/tr>\n<tr>\n<td>Certifica\u00e7\u00e3o<\/td>\n<td>CE(IEC 62109-1)<\/td>\n<\/tr>\n<tr>\n<td>N\u00edvel de certifica\u00e7\u00e3o EMC<\/td>\n<td>EN61000, C2<\/td>\n<\/tr>\n<tr>\n<td>Faixa de temperatura de funcionamento<\/td>\n<td>-15\u00b0C a 55\u00b0C<\/td>\n<\/tr>\n<tr>\n<td>Faixa de temperatura de armazenamento<\/td>\n<td>-25\u00b0C ~ 60\u00b0C<\/td>\n<\/tr>\n<tr>\n<td>Faixa de humidade<\/td>\n<td>5% para 95% (prote\u00e7\u00e3o de revestimento conformal)<\/td>\n<\/tr>\n<tr>\n<td>Ru\u00eddo<\/td>\n<td>\u226460dB<\/td>\n<\/tr>\n<tr>\n<td>Dissipa\u00e7\u00e3o de calor<\/td>\n<td>Ar for\u00e7ado com arrefecimento, velocidade vari\u00e1vel do ventilador<\/td>\n<\/tr>\n<tr>\n<td>Interface de comunica\u00e7\u00e3o<\/td>\n<td>CAN\/USB\/RS485(WiFi\/GPRS)\/Controlo de n\u00f3 seco<\/td>\n<\/tr>\n<tr>\n<td>Tamanho (L*A*P)<\/td>\n<td>378mm*280mm*103mm<\/td>\n<\/tr>\n<tr>\n<td>Peso (kg)<\/td>\n<td>6.2<\/td>\n<\/tr>\n<\/tbody>\n<\/table>\n<p>&nbsp;<\/p>\n<p><strong>O que Procurar em Sistemas de Armazenamento de Bateria para o Lar?<\/strong><\/p>\n<p>&nbsp;<\/p>\n<p><strong>Empilh\u00e1vel<\/strong><\/p>\n<p>Uma \u00fanica bateria pode n\u00e3o conseguir alimentar toda a casa, pelo que \u00e9 necess\u00e1rio dar prioridade ao que \u00e9 essencial, como luzes, tomadas, ar condicionado, a bomba de sump, e assim por diante. Mas se pretender ligar tudo em sua casa, alguns sistemas permitem empilhar ou sobrepor mais de uma unidade para alcan\u00e7ar o n\u00edvel de reserva pretendido.<\/p>\n<p>&nbsp;<\/p>\n<p><strong>Sistemas ac\/DC acoplados<\/strong><\/p>\n<p>As baterias e os pain\u00e9is solares armazenam energia como corrente cont\u00ednua ou DC. Conectar sistemas DC acoplados aos pain\u00e9is solares resulta em menos perda de energia. A rede e a sua casa utilizam corrente alternada, ou energia AC. Os sistemas AC s\u00e3o ligeiramente menos eficientes, mas mais flex\u00edveis e f\u00e1ceis de instalar, especialmente se j\u00e1 tiver energia solar.<\/p>\n<p>&nbsp;<\/p>\n<p><strong>Capacidade de arranque de carga<\/strong><\/p>\n<p>Alguns aparelhos, como ar condicionado central ou bombas de sump, exigem mais energia para arrancar do que quando est\u00e3o a funcionar. Certifique-se de que o sistema pode atender \u00e0s necessidades espec\u00edficas de aparelhos da sua casa.<\/p>\n<p>&nbsp;<\/p>\n<\/div>\n<\/div>\n<\/div>\n<\/div>\n<\/div>\n<\/div>","protected":false},"excerpt":{"rendered":"<p>Powerwall \u00e9 um sistema de bateria integrado que armazena a sua energia solar para prote\u00e7\u00e3o de reserva, assegurando que a sua corrente permane\u00e7a ligada mesmo se a rede ficar indispon\u00edvel. O seu sistema deteta quedas de energia e recarrega automaticamente com a luz solar, permitindo que os seus aparelhos funcionem durante v\u00e1rios dias.<\/p>\n<p>Powerwall, uma bateria dom\u00e9stica compacta que reduz a sua depend\u00eancia da rede ao armazenar a sua energia solar para uso quando o sol n\u00e3o brilha, acompanha todas as compras de energia solar.<\/p>","protected":false},"featured_media":1617,"template":"","meta":{"site-sidebar-layout":"default","site-content-layout":"","ast-site-content-layout":"default","site-content-style":"default","site-sidebar-style":"default","ast-global-header-display":"","ast-banner-title-visibility":"","ast-main-header-display":"","ast-hfb-above-header-display":"","ast-hfb-below-header-display":"","ast-hfb-mobile-header-display":"","site-post-title":"","ast-breadcrumbs-content":"","ast-featured-img":"","footer-sml-layout":"","ast-disable-related-posts":"","theme-transparent-header-meta":"default","adv-header-id-meta":"","stick-header-meta":"default","header-above-stick-meta":"","header-main-stick-meta":"","header-below-stick-meta":"","astra-migrate-meta-layouts":"set","ast-page-background-enabled":"default","ast-page-background-meta":{"desktop":{"background-color":"var(--ast-global-color-4)","background-image":"","background-repeat":"repeat","background-position":"center center","background-size":"auto","background-attachment":"scroll","background-type":"","background-media":"","overlay-type":"","overlay-color":"","overlay-opacity":"","overlay-gradient":""},"tablet":{"background-color":"","background-image":"","background-repeat":"repeat","background-position":"center center","background-size":"auto","background-attachment":"scroll","background-type":"","background-media":"","overlay-type":"","overlay-color":"","overlay-opacity":"","overlay-gradient":""},"mobile":{"background-color":"","background-image":"","background-repeat":"repeat","background-position":"center center","background-size":"auto","background-attachment":"scroll","background-type":"","background-media":"","overlay-type":"","overlay-color":"","overlay-opacity":"","overlay-gradient":""}},"ast-content-background-meta":{"desktop":{"background-color":"var(--ast-global-color-5)","background-image":"","background-repeat":"repeat","background-position":"center center","background-size":"auto","background-attachment":"scroll","background-type":"","background-media":"","overlay-type":"","overlay-color":"","overlay-opacity":"","overlay-gradient":""},"tablet":{"background-color":"var(--ast-global-color-5)","background-image":"","background-repeat":"repeat","background-position":"center center","background-size":"auto","background-attachment":"scroll","background-type":"","background-media":"","overlay-type":"","overlay-color":"","overlay-opacity":"","overlay-gradient":""},"mobile":{"background-color":"var(--ast-global-color-5)","background-image":"","background-repeat":"repeat","background-position":"center center","background-size":"auto","background-attachment":"scroll","background-type":"","background-media":"","overlay-type":"","overlay-color":"","overlay-opacity":"","overlay-gradient":""}}},"product_brand":[],"product_cat":[47,56,50],"product_tag":[],"class_list":{"0":"post-1616","1":"product","2":"type-product","3":"status-publish","4":"has-post-thumbnail","6":"product_cat-residetial-ess","7":"product_cat-energy-storage-battery-system","8":"product_cat-floor-standing-ess","9":"desktop-align-left","10":"tablet-align-left","11":"mobile-align-left","12":"ast-product-gallery-layout-horizontal-slider","13":"ast-product-tabs-layout-horizontal","15":"first","16":"instock","17":"shipping-taxable","18":"purchasable","19":"product-type-simple"},"_links":{"self":[{"href":"https:\/\/haisicstorage.com\/pt\/wp-json\/wp\/v2\/product\/1616","targetHints":{"allow":["GET"]}}],"collection":[{"href":"https:\/\/haisicstorage.com\/pt\/wp-json\/wp\/v2\/product"}],"about":[{"href":"https:\/\/haisicstorage.com\/pt\/wp-json\/wp\/v2\/types\/product"}],"version-history":[{"count":6,"href":"https:\/\/haisicstorage.com\/pt\/wp-json\/wp\/v2\/product\/1616\/revisions"}],"predecessor-version":[{"id":3515,"href":"https:\/\/haisicstorage.com\/pt\/wp-json\/wp\/v2\/product\/1616\/revisions\/3515"}],"wp:featuredmedia":[{"embeddable":true,"href":"https:\/\/haisicstorage.com\/pt\/wp-json\/wp\/v2\/media\/1617"}],"wp:attachment":[{"href":"https:\/\/haisicstorage.com\/pt\/wp-json\/wp\/v2\/media?parent=1616"}],"wp:term":[{"taxonomy":"product_brand","embeddable":true,"href":"https:\/\/haisicstorage.com\/pt\/wp-json\/wp\/v2\/product_brand?post=1616"},{"taxonomy":"product_cat","embeddable":true,"href":"https:\/\/haisicstorage.com\/pt\/wp-json\/wp\/v2\/product_cat?post=1616"},{"taxonomy":"product_tag","embeddable":true,"href":"https:\/\/haisicstorage.com\/pt\/wp-json\/wp\/v2\/product_tag?post=1616"}],"curies":[{"name":"wp","href":"https:\/\/api.w.org\/{rel}","templated":true}]}}