{"id":1556,"date":"2025-11-30T02:48:43","date_gmt":"2025-11-30T02:48:43","guid":{"rendered":"https:\/\/haisicstorage.com\/?post_type=product&#038;p=1556"},"modified":"2026-02-27T07:38:11","modified_gmt":"2026-02-27T07:38:11","slug":"wall-mounted-51-2v-100ah-5kwh","status":"publish","type":"product","link":"https:\/\/haisicstorage.com\/pt\/wall-mounted-51-2v-100ah-5kwh\/","title":{"rendered":"Parede Montada 51,2V 100Ah 5kWh"},"content":{"rendered":"<p><strong>Efici\u00eancia e Confiabilidade - Bateria Solar de Parede Lifepo4 5kWh 51.2V 100Ah Powewall para Armazenamento de Energia dom\u00e9stica<br \/>\n<\/strong><\/p>\n<p><strong>Solu\u00e7\u00e3o inteligente de armazenamento de energia dom\u00e9stica<br \/>\n<\/strong><br \/>\nNo \u00e2mbito de solu\u00e7\u00f5es de energia sustent\u00e1vel, a nossa Bateria Solar de Parede Lifepo4 de 48V 51.2V 100Ah 16s1p destaca-se como um s\u00edmbolo de inova\u00e7\u00e3o e fiabilidade.<br \/>\n-Armazenamento eficiente de energia solar: Com uma capacidade de 5kWh, esta bateria oferece armazenagem suficiente para o excedente de energia solar,<br \/>\ngarantindo que nenhuma da sua energia renov\u00e1vel seja desperdi\u00e7ada.<\/p>\n<p>-Integra\u00e7\u00e3o sem falhas: Projetada para integra\u00e7\u00e3o suave na sua casa,<br \/>\na sua estrutura estreita, de montagem na parede, poupa espa\u00e7o valioso enquanto fornece armazenamento de energia \u00f3timo.<\/p>\n<p>-Seguran\u00e7a em primeiro lugar: Com mecanismos de prote\u00e7\u00e3o inteligentes, prioriza a seguran\u00e7a el\u00e9trica dom\u00e9stica,<br \/>\ndando-lhe tranquilidade enquanto aproveita o poder do sol.<\/p>\n<p><strong><br \/>\nDesempenho e Durabilidade Infinitos<br \/>\n<\/strong><br \/>\n-Constru\u00e7\u00e3o robusta: Confeccionada com precis\u00e3o e durabilidade em mente,<br \/>\na nossa bateria ostenta uma constru\u00e7\u00e3o s\u00f3lida que suporta as exig\u00eancias do uso di\u00e1rio.<\/p>\n<p>-Longevidade: Apoiada por uma composi\u00e7\u00e3o robusta de LiFePO4,<br \/>\noferece um ciclo de vida excepcional de mais de 6000 ciclos a profundidade de descarga de 80%.,<br \/>\ngarantindo longevidade e fiabilidade para os pr\u00f3ximos anos.<\/p>\n<p>-Conetividade vers\u00e1til: Equipado com portas de comunica\u00e7\u00e3o incluindo CAN, RS232 e RS485,<br \/>\npermite uma integra\u00e7\u00e3o perfeita com v\u00e1rios sistemas de gest\u00e3o de energia,<br \/>\noferecendo flexibilidade e controlo sobre o seu consumo de energia.<\/p>\n<table border=\"1\">\n<tbody>\n<tr>\n<td>Modelo<\/td>\n<td>HS-TQS5000W<\/td>\n<\/tr>\n<tr>\n<td>Voltagem Nominal<\/td>\n<td>51,2V<\/td>\n<\/tr>\n<tr>\n<td>Capacidade Nominal<\/td>\n<td>100Ah<\/td>\n<\/tr>\n<tr>\n<td>Energia Nominal<\/td>\n<td>5120Wh<\/td>\n<\/tr>\n<tr>\n<td>Faixa de voltagem<\/td>\n<td>44,8-56V<\/td>\n<\/tr>\n<tr>\n<td>Faixa de Voltagem de Carregamento<\/td>\n<td>56-57,6V<\/td>\n<\/tr>\n<tr>\n<td>Voltagem de Corte<\/td>\n<td>44,8V<\/td>\n<\/tr>\n<tr>\n<td>Recomenda\u00e7\u00e3o de Corrente de Carga<\/td>\n<td>50A<\/td>\n<\/tr>\n<tr>\n<td>Corrente M\u00e1xima de Carregamento<\/td>\n<td>100A<\/td>\n<\/tr>\n<tr>\n<td>Corrente M\u00e1xima de Descarga<\/td>\n<td>100A<\/td>\n<\/tr>\n<tr>\n<td>Pico de pot\u00eancia de sa\u00edda<\/td>\n<td>\u00a0M\u00e1x. 6000W pico<\/td>\n<\/tr>\n<tr>\n<td>Tipo de Bateria<\/td>\n<td>LiFePO4 100Ah*16PCS 16S1P<\/td>\n<\/tr>\n<tr>\n<td>Entrada AC<\/td>\n<td>2500W(Os par\u00e2metros podem ser definidos)<\/td>\n<\/tr>\n<tr>\n<td>Entrada MPPT PV<\/td>\n<td>120-500V 5500W m\u00e1x.<\/td>\n<\/tr>\n<tr>\n<td>Sa\u00edda CA<\/td>\n<td>\u00a0AC 220V-240V 5000W onda senoidal pura<\/td>\n<\/tr>\n<\/tbody>\n<\/table>\n<p><strong>Recursos premium para um desempenho melhorado<\/strong><\/p>\n<p>-Sistema integrado de Gest\u00e3o de Bateria (BMS): A nossa bateria vem equipada com um BMS sofisticado que monitoriza ativamente e regula o seu desempenho,<br \/>\notimizando a efici\u00eancia e protegendo contra sobrecarregamento, subcarga e curto-circuitos.<\/p>\n<p>-Sistema de combate a inc\u00eandios: a seguran\u00e7a \u00e9 fundamental, por isso a nossa bateria inclui um sistema integrado de combate a inc\u00eandios,<br \/>\nproporcionando uma camada adicional de prote\u00e7\u00e3o contra potenciais perigos.<\/p>\n<p>-Qualidade certificada: com certifica\u00e7\u00f5es incluindo CE, EMC, TUV (IEC62619) e UL1973,<br \/>\npode confiar na qualidade e fiabilidade do nosso produto, apoiado por uma garantia abrangente de 5 anos.<\/p>\n<p><strong>Conclus\u00e3o:<br \/>\n<\/strong>Abrace o futuro da energia com a nossa Bateria Solar de 5kWh para montagem na parede. Projetada para efici\u00eancia, fiabilidade e,<br \/>\ne seguran\u00e7a, representa o auge das solu\u00e7\u00f5es de armazenamento de energia dom\u00e9sticas. Diga adeus ao desperd\u00edcio de energia e ol\u00e1 para energia sustent\u00e1vel para a sua casa.<\/p>","protected":false},"excerpt":{"rendered":"<p class=\"product-des\">1.Completa compatibilidade,Compat\u00edvel com Sistemas Fotovoltaicos Solares e Geradores a Diesel<\/p>\n<p>2.Design compacto,Um tudo-em-um elegante, design ranhurado de parede<\/p>\n<p>3.Modular e escal\u00e1vel,Adicione capacidade facilmente no futuro<\/p>\n<p>4.Medidas de seguran\u00e7a inteligentes,Prote\u00e7\u00e3o Inteligente para a Seguran\u00e7a El\u00e9trica de Casa<\/p>\n<p>5.Instala\u00e7\u00e3o simples,Instala\u00e7\u00e3o r\u00e1pida por uma pessoa<\/p>\n<div class=\"inquiryBasket\"><\/div>","protected":false},"featured_media":1557,"template":"","meta":{"site-sidebar-layout":"default","site-content-layout":"","ast-site-content-layout":"default","site-content-style":"default","site-sidebar-style":"default","ast-global-header-display":"","ast-banner-title-visibility":"","ast-main-header-display":"","ast-hfb-above-header-display":"","ast-hfb-below-header-display":"","ast-hfb-mobile-header-display":"","site-post-title":"","ast-breadcrumbs-content":"","ast-featured-img":"","footer-sml-layout":"","ast-disable-related-posts":"","theme-transparent-header-meta":"default","adv-header-id-meta":"","stick-header-meta":"default","header-above-stick-meta":"","header-main-stick-meta":"","header-below-stick-meta":"","astra-migrate-meta-layouts":"set","ast-page-background-enabled":"default","ast-page-background-meta":{"desktop":{"background-color":"var(--ast-global-color-4)","background-image":"","background-repeat":"repeat","background-position":"center center","background-size":"auto","background-attachment":"scroll","background-type":"","background-media":"","overlay-type":"","overlay-color":"","overlay-opacity":"","overlay-gradient":""},"tablet":{"background-color":"","background-image":"","background-repeat":"repeat","background-position":"center center","background-size":"auto","background-attachment":"scroll","background-type":"","background-media":"","overlay-type":"","overlay-color":"","overlay-opacity":"","overlay-gradient":""},"mobile":{"background-color":"","background-image":"","background-repeat":"repeat","background-position":"center center","background-size":"auto","background-attachment":"scroll","background-type":"","background-media":"","overlay-type":"","overlay-color":"","overlay-opacity":"","overlay-gradient":""}},"ast-content-background-meta":{"desktop":{"background-color":"var(--ast-global-color-5)","background-image":"","background-repeat":"repeat","background-position":"center center","background-size":"auto","background-attachment":"scroll","background-type":"","background-media":"","overlay-type":"","overlay-color":"","overlay-opacity":"","overlay-gradient":""},"tablet":{"background-color":"var(--ast-global-color-5)","background-image":"","background-repeat":"repeat","background-position":"center center","background-size":"auto","background-attachment":"scroll","background-type":"","background-media":"","overlay-type":"","overlay-color":"","overlay-opacity":"","overlay-gradient":""},"mobile":{"background-color":"var(--ast-global-color-5)","background-image":"","background-repeat":"repeat","background-position":"center center","background-size":"auto","background-attachment":"scroll","background-type":"","background-media":"","overlay-type":"","overlay-color":"","overlay-opacity":"","overlay-gradient":""}}},"product_brand":[],"product_cat":[47,56,49],"product_tag":[],"class_list":{"0":"post-1556","1":"product","2":"type-product","3":"status-publish","4":"has-post-thumbnail","6":"product_cat-residetial-ess","7":"product_cat-energy-storage-battery-system","8":"product_cat-wall-mounted-ess","9":"desktop-align-left","10":"tablet-align-left","11":"mobile-align-left","12":"ast-product-gallery-layout-horizontal-slider","13":"ast-product-tabs-layout-horizontal","15":"first","16":"instock","17":"shipping-taxable","18":"purchasable","19":"product-type-simple"},"_links":{"self":[{"href":"https:\/\/haisicstorage.com\/pt\/wp-json\/wp\/v2\/product\/1556","targetHints":{"allow":["GET"]}}],"collection":[{"href":"https:\/\/haisicstorage.com\/pt\/wp-json\/wp\/v2\/product"}],"about":[{"href":"https:\/\/haisicstorage.com\/pt\/wp-json\/wp\/v2\/types\/product"}],"version-history":[{"count":3,"href":"https:\/\/haisicstorage.com\/pt\/wp-json\/wp\/v2\/product\/1556\/revisions"}],"predecessor-version":[{"id":3513,"href":"https:\/\/haisicstorage.com\/pt\/wp-json\/wp\/v2\/product\/1556\/revisions\/3513"}],"wp:featuredmedia":[{"embeddable":true,"href":"https:\/\/haisicstorage.com\/pt\/wp-json\/wp\/v2\/media\/1557"}],"wp:attachment":[{"href":"https:\/\/haisicstorage.com\/pt\/wp-json\/wp\/v2\/media?parent=1556"}],"wp:term":[{"taxonomy":"product_brand","embeddable":true,"href":"https:\/\/haisicstorage.com\/pt\/wp-json\/wp\/v2\/product_brand?post=1556"},{"taxonomy":"product_cat","embeddable":true,"href":"https:\/\/haisicstorage.com\/pt\/wp-json\/wp\/v2\/product_cat?post=1556"},{"taxonomy":"product_tag","embeddable":true,"href":"https:\/\/haisicstorage.com\/pt\/wp-json\/wp\/v2\/product_tag?post=1556"}],"curies":[{"name":"wp","href":"https:\/\/api.w.org\/{rel}","templated":true}]}}