{"id":1450,"date":"2025-11-27T04:45:06","date_gmt":"2025-11-27T04:45:06","guid":{"rendered":"https:\/\/haisicstorage.com\/?post_type=product&#038;p=1450"},"modified":"2026-02-27T06:50:16","modified_gmt":"2026-02-27T06:50:16","slug":"1075kwh-100kw-commercial-industrial-container-ess","status":"publish","type":"product","link":"https:\/\/haisicstorage.com\/pt\/1075kwh-100kw-commercial-industrial-container-ess\/","title":{"rendered":"51075KWH 100KW Armazenamento de Energia Comercial &amp; Industrial em Conteiner"},"content":{"rendered":"<p><strong>On Grid Off Grid Arrefecimento a ar 200kW PCS 1mWh LiFePO4 Battery ESS para Sistema de Energia Solar<\/strong><\/p>\n<p>O nosso sistema de Armazenamento de Energia com Inversor On Grid Off Grid e Arrefecimento a Ar LiFePO4 Battery Energy Storage System (ESS) \u00e9 uma solu\u00e7\u00e3o de ponta ajustada \u00e0 ind\u00fastria de Armazenamento de Energia Industrial &amp; Comercial.<br \/>\nProjetado para maximizar efici\u00eancia e fiabilidade, este sistema integra de forma fluida tecnologia avan\u00e7ada para revolucionar a gest\u00e3o de energia para empresas.<\/p>\n<p>&nbsp;<\/p>\n<p>Design All-in-One para Integra\u00e7\u00e3o Sem Costuras<br \/>\nO nosso produto apresenta um design All-in-One, assegurando integra\u00e7\u00e3o sem custos em sistemas solares existentes.<br \/>\nCom uma solu\u00e7\u00e3o AC-coupled, oferece compatibilidade vers\u00e1til, permitindo instala\u00e7\u00e3o e opera\u00e7\u00e3o f\u00e1ceis.<br \/>\nO inv\u00f3lucro externo \u00e9 dise\u00f1ado para suportar v\u00e1rias condi\u00e7\u00f5es ambientais, tornando-o adequado para qualquer local de instala\u00e7\u00e3o, seja em rede, fora de rede ou aplica\u00e7\u00f5es h\u00edbridas.<\/p>\n<p>Desempeno Superior e Durabilidade<br \/>\nEquipado com um inversor de alto desempenho de 200kW, o nosso sistema oferece convers\u00e3o de energia est\u00e1vel e fi\u00e1vel, otimizando a utiliza\u00e7\u00e3o de energia.<br \/>\nA bateria LiFePO4, com energia nominal de 1075,2kWh, garante desempenho de longa dura\u00e7\u00e3o com uma vida \u00fatil de 15 anos.<br \/>\nOperando num intervalo de temperatura amplo de -20\u00b0C a 50\u00b0C, e com classe de protec\u00e7\u00e3o IP65, o nosso sistema \u00e9 constru\u00eddo para resistir a ambientes industriais exigentes, assegurando opera\u00e7\u00e3o ininterrupta.<\/p>\n<p>Tecnologia Avan\u00e7ada para Maior Efici\u00eancia<br \/>\nAtrav\u00e9s de tecnologia de arrefecimento l\u00edquido, o nosso sistema mant\u00e9m temperaturas \u00f3timas de opera\u00e7\u00e3o, aumentando a efici\u00eancia global enquanto minimiza o ru\u00eddo para \u226475dB.<br \/>\nCom capacidades de comunica\u00e7\u00e3o incluindo Ethernet e Modbus TCP\/IP, monitorizar e controlar o sistema \u00e9 conveniente e acess\u00edvel.<br \/>\nO intervalo de tens\u00e3o MPPT de 200~800V permite uma colheita de energia eficiente a partir de pain\u00e9is solares, maximizando a utiliza\u00e7\u00e3o de fontes de energia renov\u00e1vel.<\/p>\n<p>Caracter\u00edsticas do Produto:<br \/>\nDesign all-in-one para integra\u00e7\u00e3o sem-costuras<br \/>\nSolu\u00e7\u00e3o AC-coupled para compatibilidade vers\u00e1til<br \/>\nCaixa externa adequada para qualquer local de instala\u00e7\u00e3o<br \/>\nVida \u00fatil de projeto de 15 anos para desempenho duradouro<br \/>\nDesempenho est\u00e1vel com opera\u00e7\u00e3o sem manuten\u00e7\u00e3o<\/p>\n<p>Atributos do produto:<br \/>\nN\u00famero do modelo: 200kW\/1075kWh<br \/>\nFaixa de temperatura de funcionamento: -20~50\u2103<br \/>\nTipo de bateria: LiFePO4<br \/>\nRu\u00eddo: \u226475dB<br \/>\nEfici\u00eancia do sistema: \u226585%<br \/>\nNome da marca: Haisic<br \/>\nDimens\u00f5es (LxPxA): 2700mm2400mm2550mm<br \/>\nPeso: 9000KG<br \/>\nArrefecimento: Arrefecimento l\u00edquido<br \/>\nFaixa de tens\u00e3o: 448V~560V<br \/>\nHumedade relativa: 0~95% (sem condensa\u00e7\u00e3o)<br \/>\nComunica\u00e7\u00e3o: Ethernet, Modbus TCP\/IP<br \/>\nLocal de origem: Guangdong, China<br \/>\nConex\u00e3o \u00e0 rede: Off-grid, Rede h\u00edbrida, On-grid<br \/>\nClasse de prote\u00e7\u00e3o: IP65<br \/>\nIntervalo de Voltagem MPPT: 200~800V<br \/>\nPot\u00eancia Nominal de Carga\/Descarga: 200kW<br \/>\nPorta de Comunica\u00e7\u00e3o: Ethernet, Modbus TCP\/IP<br \/>\nInversor: H\u00edbrido<\/p>\n<p>Em resumo, o nosso PCS On Grid Off Grid com arrefecimento por ar 200kW e bateria LiFePO4 de 1mWh oferece uma solu\u00e7\u00e3o abrangente para empresas que procuram solu\u00e7\u00f5es de armazenamento de energia fi\u00e1veis, eficientes,<br \/>\ne sustent\u00e1veis. Com tecnologia avan\u00e7ada, desempenho superior e constru\u00e7\u00e3o robusta, \u00e9 a escolha ideal para aplica\u00e7\u00f5es de armazenamento de energia industriais e comerciais<\/p>","protected":false},"excerpt":{"rendered":"<p>O nosso sistema de Armazenamento de Energia com Inversor On Grid Off Grid e Arrefecimento a Ar Refrigerado de 200kW PCS 1mWh LiFePO4 Battery Energy Storage System (ESS) \u00e9 uma solu\u00e7\u00e3o de ponta ajustada \u00e0 ind\u00fastria de Armazenamento de Energia Industrial &amp; Comercial. Projetado para maximizar efici\u00eancia e fiabilidade, este sistema integra de forma fluida tecnologia avan\u00e7ada para revolucionar a gest\u00e3o de energia para empresas.<\/p>","protected":false},"featured_media":3473,"template":"","meta":{"site-sidebar-layout":"default","site-content-layout":"","ast-site-content-layout":"default","site-content-style":"default","site-sidebar-style":"default","ast-global-header-display":"","ast-banner-title-visibility":"","ast-main-header-display":"","ast-hfb-above-header-display":"","ast-hfb-below-header-display":"","ast-hfb-mobile-header-display":"","site-post-title":"","ast-breadcrumbs-content":"","ast-featured-img":"","footer-sml-layout":"","ast-disable-related-posts":"","theme-transparent-header-meta":"default","adv-header-id-meta":"","stick-header-meta":"default","header-above-stick-meta":"","header-main-stick-meta":"","header-below-stick-meta":"","astra-migrate-meta-layouts":"set","ast-page-background-enabled":"default","ast-page-background-meta":{"desktop":{"background-color":"var(--ast-global-color-4)","background-image":"","background-repeat":"repeat","background-position":"center center","background-size":"auto","background-attachment":"scroll","background-type":"","background-media":"","overlay-type":"","overlay-color":"","overlay-opacity":"","overlay-gradient":""},"tablet":{"background-color":"","background-image":"","background-repeat":"repeat","background-position":"center center","background-size":"auto","background-attachment":"scroll","background-type":"","background-media":"","overlay-type":"","overlay-color":"","overlay-opacity":"","overlay-gradient":""},"mobile":{"background-color":"","background-image":"","background-repeat":"repeat","background-position":"center center","background-size":"auto","background-attachment":"scroll","background-type":"","background-media":"","overlay-type":"","overlay-color":"","overlay-opacity":"","overlay-gradient":""}},"ast-content-background-meta":{"desktop":{"background-color":"var(--ast-global-color-5)","background-image":"","background-repeat":"repeat","background-position":"center center","background-size":"auto","background-attachment":"scroll","background-type":"","background-media":"","overlay-type":"","overlay-color":"","overlay-opacity":"","overlay-gradient":""},"tablet":{"background-color":"var(--ast-global-color-5)","background-image":"","background-repeat":"repeat","background-position":"center center","background-size":"auto","background-attachment":"scroll","background-type":"","background-media":"","overlay-type":"","overlay-color":"","overlay-opacity":"","overlay-gradient":""},"mobile":{"background-color":"var(--ast-global-color-5)","background-image":"","background-repeat":"repeat","background-position":"center center","background-size":"auto","background-attachment":"scroll","background-type":"","background-media":"","overlay-type":"","overlay-color":"","overlay-opacity":"","overlay-gradient":""}}},"product_brand":[],"product_cat":[44,56],"product_tag":[],"class_list":{"0":"post-1450","1":"product","2":"type-product","3":"status-publish","4":"has-post-thumbnail","6":"product_cat-commercial-industrial-ess","7":"product_cat-energy-storage-battery-system","8":"desktop-align-left","9":"tablet-align-left","10":"mobile-align-left","11":"ast-product-gallery-layout-horizontal-slider","12":"ast-product-tabs-layout-horizontal","14":"first","15":"instock","16":"shipping-taxable","17":"purchasable","18":"product-type-simple"},"_links":{"self":[{"href":"https:\/\/haisicstorage.com\/pt\/wp-json\/wp\/v2\/product\/1450","targetHints":{"allow":["GET"]}}],"collection":[{"href":"https:\/\/haisicstorage.com\/pt\/wp-json\/wp\/v2\/product"}],"about":[{"href":"https:\/\/haisicstorage.com\/pt\/wp-json\/wp\/v2\/types\/product"}],"version-history":[{"count":5,"href":"https:\/\/haisicstorage.com\/pt\/wp-json\/wp\/v2\/product\/1450\/revisions"}],"predecessor-version":[{"id":3484,"href":"https:\/\/haisicstorage.com\/pt\/wp-json\/wp\/v2\/product\/1450\/revisions\/3484"}],"wp:featuredmedia":[{"embeddable":true,"href":"https:\/\/haisicstorage.com\/pt\/wp-json\/wp\/v2\/media\/3473"}],"wp:attachment":[{"href":"https:\/\/haisicstorage.com\/pt\/wp-json\/wp\/v2\/media?parent=1450"}],"wp:term":[{"taxonomy":"product_brand","embeddable":true,"href":"https:\/\/haisicstorage.com\/pt\/wp-json\/wp\/v2\/product_brand?post=1450"},{"taxonomy":"product_cat","embeddable":true,"href":"https:\/\/haisicstorage.com\/pt\/wp-json\/wp\/v2\/product_cat?post=1450"},{"taxonomy":"product_tag","embeddable":true,"href":"https:\/\/haisicstorage.com\/pt\/wp-json\/wp\/v2\/product_tag?post=1450"}],"curies":[{"name":"wp","href":"https:\/\/api.w.org\/{rel}","templated":true}]}}