{"id":1442,"date":"2025-11-27T04:38:55","date_gmt":"2025-11-27T04:38:55","guid":{"rendered":"https:\/\/haisicstorage.com\/?post_type=product&#038;p=1442"},"modified":"2026-02-27T07:36:56","modified_gmt":"2026-02-27T07:36:56","slug":"5kw-power-energy-storage-solar-system-for-home","status":"publish","type":"product","link":"https:\/\/haisicstorage.com\/pt\/5kw-power-energy-storage-solar-system-for-home\/","title":{"rendered":"Sistema Solar de Armazenamento de Energia de 5kW para Casa"},"content":{"rendered":"<p>Conjunto Completo de Sistema de Energia com Pain\u00e9is Solares 5kw Sistema Solar \u200b\u200bOff Grid com Inversor Off Grid<br \/>\n\u2013 A Solu\u00e7\u00e3o Perfeita para Gera\u00e7\u00e3o de Energia Fi\u00e1vel e Sustent\u00e1vel<\/p>\n<p>Est\u00e1 \u00e0 procura de uma solu\u00e7\u00e3o energ\u00e9tica fi\u00e1vel e sustent\u00e1vel para a sua casa?<br \/>\nN\u00e3o procure mais! Apresentamos o nosso Conjunto Completo de Sistema de Energia com Pain\u00e9is Solares 5kw Sistema Solar Off Grid com Inversor Off Grid.<br \/>\nConcebido para fornecer uma gera\u00e7\u00e3o de energia cont\u00ednua e eficiente, este sistema de energia solar \u00e9 a melhor escolha para aplica\u00e7\u00f5es residenciais e comerciais.<\/p>\n<p>Par\u00e2metros da bateria\uff1a<\/p>\n<table border=\"1\">\n<tbody>\n<tr>\n<td>Voltagem Nominal<\/td>\n<td>51,2V<\/td>\n<\/tr>\n<tr>\n<td>Capacidade Nominal<\/td>\n<td>100Ah<\/td>\n<\/tr>\n<tr>\n<td>Energia Nominal<\/td>\n<td>5120V<\/td>\n<\/tr>\n<tr>\n<td>Faixa de voltagem<\/td>\n<td>44,8-56V<\/td>\n<\/tr>\n<tr>\n<td>Faixa de Voltagem de Carregamento<\/td>\n<td>55,2-56V<\/td>\n<\/tr>\n<tr>\n<td>Voltagem de Corte<\/td>\n<td>44,8V<\/td>\n<\/tr>\n<tr>\n<td>Recomenda\u00e7\u00e3o de Corrente de Carga<\/td>\n<td>50A<\/td>\n<\/tr>\n<tr>\n<td>Corrente M\u00e1xima de Carregamento<\/td>\n<td>100A<\/td>\n<\/tr>\n<tr>\n<td>Corrente M\u00e1xima de Descarga<\/td>\n<td>100A<\/td>\n<\/tr>\n<tr>\n<td>Dimens\u00e3oL*P*A<\/td>\n<td>460*164*612mm<\/td>\n<\/tr>\n<tr>\n<td>Peso<\/td>\n<td>51kg<\/td>\n<\/tr>\n<tr>\n<td>Porta de Comunica\u00e7\u00e3o<\/td>\n<td>RS485, CAN<\/td>\n<\/tr>\n<tr>\n<td>Exibi\u00e7\u00e3o<\/td>\n<td>LED+LCD<\/td>\n<\/tr>\n<tr>\n<td>Terminais<\/td>\n<td>Conector<\/td>\n<\/tr>\n<tr>\n<td>Ciclo de Vida<\/td>\n<td>&gt;6000 (0.5C@ 25\u2103\uff0c80% DOD)<\/td>\n<\/tr>\n<tr>\n<td>Inversor Compat\u00edvel<\/td>\n<td>Growatt, Goodwe, Sol-Ark, SRNE, DEYE, Luxpower, Megarevo<\/td>\n<\/tr>\n<tr>\n<td>Certificado<\/td>\n<td>CE, FCC, RoHs, MSDS, UN38.3<\/td>\n<\/tr>\n<\/tbody>\n<\/table>\n<p>Instala\u00e7\u00e3o Eficiente e F\u00e1cil<br \/>\n\u2013 Desfrute de uma instala\u00e7\u00e3o sem complica\u00e7\u00f5es com o nosso sistema solar de montagem inclinada para instala\u00e7\u00e3o no solo.<br \/>\nConcebido para ser f\u00e1cil de instalar, pode ter o seu sistema solar a funcionar em pouco tempo.<br \/>\n\u2013 O Tipo de Montagem inclu\u00eddo: Montagem BIPV garante uma estrutura segura e est\u00e1vel, assegurando um desempenho \u00f3timo mesmo em condi\u00e7\u00f5es meteorol\u00f3gicas adversas.<\/p>\n<p>Abastecimento de Energia Fi\u00e1vel<br \/>\n\u2013 Com uma capacidade nominal de 100Ah e uma energia nominal de 5KWh,<br \/>\no nosso sistema de energia solar fornece um fornecimento de energia confi\u00e1vel e cont\u00ednuo para atender \u00e0s suas necessidades energ\u00e9ticas.<br \/>\n\u2013 O tipo de bateria de \u00edons de l\u00edtio garante desempenho duradouro e permite um armazenamento de energia eficiente.<\/p>\n<p>Par\u00e2metros do inversor<\/p>\n<table border=\"1\">\n<tbody>\n<tr>\n<td>Modelo<\/td>\n<td>HF4850U80-H<\/td>\n<td>Ajust\u00e1vel<\/td>\n<\/tr>\n<tr>\n<td colspan=\"3\">Entrada da Bateria<\/td>\n<\/tr>\n<tr>\n<td>Tipo de bateria<\/td>\n<td>Selado, FLood, GEL, LFP, Tern\u00e1rio<\/td>\n<td>\u221a<\/td>\n<\/tr>\n<tr>\n<td>Tens\u00e3o Nominal de Entrada da Bateria<\/td>\n<td>48V (Tens\u00e3o M\u00ednima de Arranque 44V)<\/td>\n<td><\/td>\n<\/tr>\n<tr>\n<td>Carregamento Hybrid M\u00e1ximo Corrente de Carregamento<\/td>\n<td>80A<\/td>\n<td>\u221a<\/td>\n<\/tr>\n<tr>\n<td>Faixa de Tens\u00e3o da Bateria<\/td>\n<td>40Vdc-60Vdc:0.6Vdc(Sobretens\u00e3o<br \/>\nAviso\/Desligamento<br \/>\nAviso de Sobretens\u00e3o\/Recupera\u00e7\u00e3o de Sobretens\u00e3o\u2026<\/td>\n<td>\u221a<\/td>\n<\/tr>\n<tr>\n<td colspan=\"3\">Entrada Solar<\/td>\n<\/tr>\n<tr>\n<td>Tens\u00e3o M\u00e1xima de Circuito Aberto PV<\/td>\n<td>500Vdc<\/td>\n<td><\/td>\n<\/tr>\n<tr>\n<td>Faixa de Tens\u00e3o de Trabalho PV<\/td>\n<td>120-500Vdc<\/td>\n<td><\/td>\n<\/tr>\n<tr>\n<td>Gama de Tens\u00e3o MPPT<\/td>\n<td>120-450Vdc<\/td>\n<td><\/td>\n<\/tr>\n<tr>\n<td>Corrente M\u00e1xima de Entrada PV<\/td>\n<td>18A<\/td>\n<td><\/td>\n<\/tr>\n<tr>\n<td>Pot\u00eancia M\u00e1xima de Entrada PV<\/td>\n<td>5500W<\/td>\n<td><\/td>\n<\/tr>\n<tr>\n<td>Corrente M\u00e1xima de Carregamento PV<\/td>\n<td>80A<\/td>\n<td>\u221a<\/td>\n<\/tr>\n<tr>\n<td colspan=\"3\">Entrada CA (gerador\/rede)<\/td>\n<\/tr>\n<tr>\n<td>Corrente M\u00e1xima de Carregamento de Rede<\/td>\n<td>40A<\/td>\n<td>\u221a<\/td>\n<\/tr>\n<tr>\n<td>Tens\u00e3o de Entrada Nominal<\/td>\n<td>110\/120Vac<\/td>\n<td><\/td>\n<\/tr>\n<tr>\n<td>Gama de Tens\u00e3o de Entrada<\/td>\n<td>(90Vac~140Vac)=2%<\/td>\n<td>\u221a<\/td>\n<\/tr>\n<tr>\n<td>Frequ\u00eancia<\/td>\n<td>50Hz\/ 60Hz ( dete\u00e7\u00e3o Autom\u00e1tica )<\/td>\n<td><\/td>\n<\/tr>\n<tr>\n<td>Efici\u00eancia de Carregamento da Rede<\/td>\n<td>&gt;95%<\/td>\n<td><\/td>\n<\/tr>\n<tr>\n<td>Tempo de Comuta\u00e7\u00e3o (desvio e inversor)<\/td>\n<td>10ms(Valor T\u00edpico)<\/td>\n<td><\/td>\n<\/tr>\n<tr>\n<td>Corrente M\u00e1xima de Sobrecarga do Desvio<\/td>\n<td>63A<\/td>\n<td><\/td>\n<\/tr>\n<tr>\n<td colspan=\"3\">Sa\u00edda CA<\/td>\n<\/tr>\n<tr>\n<td>Forma de Onda da Tens\u00e3o da Sa\u00edda<\/td>\n<td>Onda Senoidal Pura<\/td>\n<td><\/td>\n<\/tr>\n<tr>\n<td>Tens\u00e3o Nominal de Sa\u00edda (Vac)<\/td>\n<td>120Vac(100\/105\/110Vac)<\/td>\n<td>\u221a<\/td>\n<\/tr>\n<tr>\n<td>Pot\u00eancia de Sa\u00edda Classificada (VA)<\/td>\n<td>5000 (4100\/4300\/4500)<\/td>\n<td><\/td>\n<\/tr>\n<tr>\n<td>Pot\u00eancia de Sa\u00edda Classificada (W)<\/td>\n<td>5000(4100\/4300\/4500)<\/td>\n<td><\/td>\n<\/tr>\n<tr>\n<td>Pot\u00eancia de Pico<\/td>\n<td>10000VA<\/td>\n<td><\/td>\n<\/tr>\n<tr>\n<td>Capacidade do Motor em Carga<\/td>\n<td>4HP<\/td>\n<td><\/td>\n<\/tr>\n<tr>\n<td>Faixa de Frequ\u00eancia de Sa\u00edda(Hz)<\/td>\n<td>50Hz+0,3Hz\/60Hz+0,3Hz<\/td>\n<td>\u221a<\/td>\n<\/tr>\n<tr>\n<td>M\u00e1xima efici\u00eancia<\/td>\n<td>&gt;90%<\/td>\n<td><\/td>\n<\/tr>\n<tr>\n<td>Perda em Vazio<\/td>\n<td>Modo Sem Economia de Energia: s50W Economia de energia<br \/>\nModo: s25W (Configura\u00e7\u00e3o Manual)<\/td>\n<td><\/td>\n<\/tr>\n<tr>\n<td colspan=\"3\">Geral<\/td>\n<\/tr>\n<tr>\n<td>Certificado<\/td>\n<td>CE(IEC62109-1)\/CETL(UL 1741 C22,2 NO.107.1)<\/td>\n<td><\/td>\n<\/tr>\n<tr>\n<td>N\u00edvel de Certifica\u00e7\u00e3o EMC<\/td>\n<td>EN61000<\/td>\n<td><\/td>\n<\/tr>\n<tr>\n<td>Faixa de Temperatura de Funcionamento<\/td>\n<td>-15\u00b0C~55\u00b0C<\/td>\n<td><\/td>\n<\/tr>\n<tr>\n<td>Faixa de Temperatura de Armazenamento<\/td>\n<td>-25\u00b0C~60\u00b0C<\/td>\n<td><\/td>\n<\/tr>\n<tr>\n<td>Faixa de Humidade<\/td>\n<td>5% a 95% (Prote\u00e7\u00e3o com Revestimento Conformante)<\/td>\n<td><\/td>\n<\/tr>\n<tr>\n<td>Dimens\u00f5es<\/td>\n<td>426mm*322mm*126mm<\/td>\n<td><\/td>\n<\/tr>\n<tr>\n<td>Peso (KG)<\/td>\n<td>11.6<\/td>\n<td><\/td>\n<\/tr>\n<\/tbody>\n<\/table>\n<p>Tecnologia e Seguran\u00e7a Avan\u00e7adas<br \/>\n\u2013 O nosso Conjunto Completo de Sistema de Energia Solar apresenta um Controlador MPPT, garantindo a m\u00e1xima produ\u00e7\u00e3o de energia dos pain\u00e9is solares.<br \/>\n\u2013 O Inversor Inclu\u00eddo fornece uma forma de onda senoidal pura, entregando pot\u00eancia est\u00e1vel e de alta qualidade para os seus aparelhos.<br \/>\n\u2013 Com uma faixa de tens\u00e3o de entrada ampla de (170Vac~280Vac) \u00b12%\/(90Vac-280Vac)\u00b12%,<br \/>\neste sistema pode adaptar-se a diversas condi\u00e7\u00f5es de voltagem, fornecendo alimenta\u00e7\u00e3o constante sem interrup\u00e7\u00f5es.<\/p>\n<p>Vantagem<br \/>\n\u2013 5 anos de garantia para lhe assegurar tranquilidade e fiabilidade a longo prazo.<br \/>\n\u2013 Certifica\u00e7\u00e3o CE e FCC garante os mais elevados padr\u00f5es de seguran\u00e7a.<br \/>\n\u2013 Design de projeto pr\u00e9-venda dispon\u00edvel para assegurar o ajuste perfeito \u00e0s suas necessidades espec\u00edficas.<br \/>\n\u2013 Com lugar de origem na Guangdong, China, o nosso sistema de energia solar \u00e9 concebido com precis\u00e3o e aten\u00e7\u00e3o ao detalhe.<br \/>\n\u2013 Adequado tanto para aplica\u00e7\u00f5es dom\u00e9sticas como comerciais, oferecendo versatilidade e flexibilidade.<br \/>\n\u2013 Detec\u00e7\u00e3o autom\u00e1tica de frequ\u00eancia (50Hz\/60Hz) assegura compatibilidade em v\u00e1rias regi\u00f5es.<br \/>\n\u2013 Painel Solar de Sil\u00edcio Monocristalino garante uma convers\u00e3o \u00f3tima de energia e gera\u00e7\u00e3o m\u00e1xima.<br \/>\n\u2013 Projetado para tempo de funcionamento de 24 horas, assegurando um fornecimento de energia constante dia e noite.<\/p>\n<p>Descubra a solu\u00e7\u00e3o perfeita para a gera\u00e7\u00e3o de energia limpa e sustent\u00e1vel. Invista no nosso Conjunto Completo de Sistema de Pain\u00e9is Solares 5kW Off Grid com Inversor Off Grid hoje e usufrua dos benef\u00edcios de energia fi\u00e1vel e ecol\u00f3gica durante anos. Junte-se \u00e0 revolu\u00e7\u00e3o da ind\u00fastria de Sistemas de Energia Solar e tenha um impacto positivo no ambiente.<\/p>","protected":false},"excerpt":{"rendered":"<p>\u203b O sistema completo inclui bateria mural de 5kWh, inversor h\u00edbrido de 5kVa, pain\u00e9is solares de 425W, suportes de montagem e acess\u00f3rios de liga\u00e7\u00e3o<br \/>\n\u203b Fornece servi\u00e7os de orienta\u00e7\u00e3o remota e servi\u00e7os de desenho do sistema de acordo com as suas necessidades<br \/>\n\u203b Todo o sistema \u00e9 simples e f\u00e1cil de instalar<br \/>\n\u203b 5 anos de garantia<\/p>","protected":false},"featured_media":1445,"template":"","meta":{"site-sidebar-layout":"default","site-content-layout":"","ast-site-content-layout":"default","site-content-style":"default","site-sidebar-style":"default","ast-global-header-display":"","ast-banner-title-visibility":"","ast-main-header-display":"","ast-hfb-above-header-display":"","ast-hfb-below-header-display":"","ast-hfb-mobile-header-display":"","site-post-title":"","ast-breadcrumbs-content":"","ast-featured-img":"","footer-sml-layout":"","ast-disable-related-posts":"","theme-transparent-header-meta":"default","adv-header-id-meta":"","stick-header-meta":"default","header-above-stick-meta":"","header-main-stick-meta":"","header-below-stick-meta":"","astra-migrate-meta-layouts":"set","ast-page-background-enabled":"default","ast-page-background-meta":{"desktop":{"background-color":"var(--ast-global-color-4)","background-image":"","background-repeat":"repeat","background-position":"center center","background-size":"auto","background-attachment":"scroll","background-type":"","background-media":"","overlay-type":"","overlay-color":"","overlay-opacity":"","overlay-gradient":""},"tablet":{"background-color":"","background-image":"","background-repeat":"repeat","background-position":"center center","background-size":"auto","background-attachment":"scroll","background-type":"","background-media":"","overlay-type":"","overlay-color":"","overlay-opacity":"","overlay-gradient":""},"mobile":{"background-color":"","background-image":"","background-repeat":"repeat","background-position":"center center","background-size":"auto","background-attachment":"scroll","background-type":"","background-media":"","overlay-type":"","overlay-color":"","overlay-opacity":"","overlay-gradient":""}},"ast-content-background-meta":{"desktop":{"background-color":"var(--ast-global-color-5)","background-image":"","background-repeat":"repeat","background-position":"center center","background-size":"auto","background-attachment":"scroll","background-type":"","background-media":"","overlay-type":"","overlay-color":"","overlay-opacity":"","overlay-gradient":""},"tablet":{"background-color":"var(--ast-global-color-5)","background-image":"","background-repeat":"repeat","background-position":"center center","background-size":"auto","background-attachment":"scroll","background-type":"","background-media":"","overlay-type":"","overlay-color":"","overlay-opacity":"","overlay-gradient":""},"mobile":{"background-color":"var(--ast-global-color-5)","background-image":"","background-repeat":"repeat","background-position":"center center","background-size":"auto","background-attachment":"scroll","background-type":"","background-media":"","overlay-type":"","overlay-color":"","overlay-opacity":"","overlay-gradient":""}}},"product_brand":[],"product_cat":[47,56,50],"product_tag":[],"class_list":{"0":"post-1442","1":"product","2":"type-product","3":"status-publish","4":"has-post-thumbnail","6":"product_cat-residetial-ess","7":"product_cat-energy-storage-battery-system","8":"product_cat-floor-standing-ess","9":"desktop-align-left","10":"tablet-align-left","11":"mobile-align-left","12":"ast-product-gallery-layout-horizontal-slider","13":"ast-product-tabs-layout-horizontal","15":"first","16":"instock","17":"shipping-taxable","18":"purchasable","19":"product-type-simple"},"_links":{"self":[{"href":"https:\/\/haisicstorage.com\/pt\/wp-json\/wp\/v2\/product\/1442","targetHints":{"allow":["GET"]}}],"collection":[{"href":"https:\/\/haisicstorage.com\/pt\/wp-json\/wp\/v2\/product"}],"about":[{"href":"https:\/\/haisicstorage.com\/pt\/wp-json\/wp\/v2\/types\/product"}],"version-history":[{"count":4,"href":"https:\/\/haisicstorage.com\/pt\/wp-json\/wp\/v2\/product\/1442\/revisions"}],"predecessor-version":[{"id":3509,"href":"https:\/\/haisicstorage.com\/pt\/wp-json\/wp\/v2\/product\/1442\/revisions\/3509"}],"wp:featuredmedia":[{"embeddable":true,"href":"https:\/\/haisicstorage.com\/pt\/wp-json\/wp\/v2\/media\/1445"}],"wp:attachment":[{"href":"https:\/\/haisicstorage.com\/pt\/wp-json\/wp\/v2\/media?parent=1442"}],"wp:term":[{"taxonomy":"product_brand","embeddable":true,"href":"https:\/\/haisicstorage.com\/pt\/wp-json\/wp\/v2\/product_brand?post=1442"},{"taxonomy":"product_cat","embeddable":true,"href":"https:\/\/haisicstorage.com\/pt\/wp-json\/wp\/v2\/product_cat?post=1442"},{"taxonomy":"product_tag","embeddable":true,"href":"https:\/\/haisicstorage.com\/pt\/wp-json\/wp\/v2\/product_tag?post=1442"}],"curies":[{"name":"wp","href":"https:\/\/api.w.org\/{rel}","templated":true}]}}