{"id":1410,"date":"2025-11-26T14:54:08","date_gmt":"2025-11-26T14:54:08","guid":{"rendered":"https:\/\/haisicstorage.com\/?post_type=product&#038;p=1410"},"modified":"2026-02-27T07:35:05","modified_gmt":"2026-02-27T07:35:05","slug":"51-2v-400ah-20480wh-lifepo4-battery","status":"publish","type":"product","link":"https:\/\/haisicstorage.com\/pt\/51-2v-400ah-20480wh-lifepo4-battery\/","title":{"rendered":"Bateria LiFePO4 51,2 V 400 Ah 20480 Wh"},"content":{"rendered":"<div>\n<p>Destaques do Produto:<\/p>\n<p>\u2714 Seguro e Fi\u00e1vel: Sistema de gest\u00e3o de baterias BMS inteligente que monitoriza tens\u00e3o e temperatura em tempo real, com m\u00faltiplas prote\u00e7\u00f5es de seguran\u00e7a para maior tranquilidade.<\/p>\n<p>\u2714 Design de Longa Vida: Com uma vida \u00fatil de ciclo superior a 6.000 ciclos, \u00e9 dur\u00e1vel e sem complica\u00e7\u00f5es, oferecendo um alto retorno sobre o investimento.<\/p>\n<p>\u2714 Silencioso e Ecol\u00f3gico: Opera de forma silenciosa com emiss\u00f5es zero, protegendo o desenvolvimento sustent\u00e1vel da sua fam\u00edlia com energia verde.<\/p>\n<p>Seja para poupan\u00e7a de custos de eletricidade em hor\u00e1rios de ponta, energia de reserva de emerg\u00eancia ou uso fora da rede, a HS-LD20KW \u00e9 o parceiro energ\u00e9tico ideal para lares modernos!<\/p>\n<p>Embarque na era de armazenamento de energia inteligente e aproveite uma maior liberdade energ\u00e9tica!<\/p>\n<p><strong>Bateria de Armazenamento de Energia Solar 51.2v 400ah 20kWh Bateria de L\u00edtio para Casa<\/strong><\/p>\n<p>Introdu\u00e7\u00e3o \u00e0 Bateria de L\u00edtio de 20kWh para Armazenamento de Energia Dom\u00e9stica<br \/>\nIdeal para Eletrodom\u00e9sticos e Sistemas de Energia Solar<\/p>\n<\/div>\n<div>\n<p>Solu\u00e7\u00e3o de Energia Fi\u00e1vel e de Longa Dura\u00e7\u00e3o Amig\u00e1vel ao Ambiente e Segura<\/p>\n<p>O\u00a0<strong>Bateria de Armazenamento de Energia Solar 51.2v 400ah 20kWh Bateria de L\u00edtio para Casa<\/strong>\u00a0\u00e9 a solu\u00e7\u00e3o perfeita para as suas necessidades energ\u00e9ticas dom\u00e9sticas.<br \/>\nEsta bateria de l\u00edtio de 20kWh foi concebida para fornecer uma fonte de energia est\u00e1vel e fi\u00e1vel, tornando-a um componente essencial para qualquer sistema de armazenamento de energia dom\u00e9stico.<br \/>\nCom a sua tecnologia avan\u00e7ada de baterias LiFePO4, oferece alta capacidade, prote\u00e7\u00e3o de circuito integrada,<br \/>\ne capacidades de recarga r\u00e1pida, assegurando que a sua casa permane\u00e7a alimentada em todos os momentos.<\/p>\n<p><strong>Principais caracter\u00edsticas da bateria de l\u00edtio de 20 kWh<\/strong><\/p>\n<p>Alta capacidade e armazenamento de energia eficiente<br \/>\nSa\u00edda de 51,2 V (48 V) com capacidade de 20 kWh.<br \/>\nCapaz de suportar v\u00e1rios aparelhos dom\u00e9sticos e sistemas de energia solar.<br \/>\nGarante fornecimento de energia est\u00e1vel mesmo durante interrup\u00e7\u00f5es.<\/p>\n<p><strong>Sistema BMS inteligente para maior seguran\u00e7a<br \/>\n<\/strong>Sistema de Gest\u00e3o de Bateria (BMS) inteligente integrado para desempenho \u00f3timo.<br \/>\nProtege contra sobrecarregamento, sobre-descarga e curtos-circuitos.<br \/>\nEstende o ciclo de vida da bateria at\u00e9 6000 ciclos.<\/p>\n<p><strong>Design dur\u00e1vel e ambientalmente amig\u00e1vel<br \/>\n<\/strong>Constru\u00eddo com tipo de bateria LiFePO4 para maior seguran\u00e7a e longevidade.<br \/>\nCertificado com CE, RoHS, UN38.3 e MSDS para garantia de qualidade.<br \/>\nEcol\u00f3gico com impacto ambiental m\u00ednimo.<\/p>\n<\/div>\n<div>\n<h3>Vantagens de escolher a bateria de l\u00edtio de 20 kWh<br \/>\n<strong><br \/>\nConex\u00e3o h\u00edbrida \u00e0 rede para uso vers\u00e1til<br \/>\n<\/strong><\/h3>\n<p>Compat\u00edvel tanto com sistemas conectados \u00e0 rede quanto off-grid.<br \/>\nPermite integra\u00e7\u00e3o suave com configura\u00e7\u00f5es de energia existentes.<br \/>\nAumenta a efici\u00eancia dos sistemas de armazenamento de energia solar.<\/p>\n<p><strong>Sistema montado na parede para instala\u00e7\u00e3o que poupa espa\u00e7o<br \/>\n<\/strong>Design compacto com dimens\u00f5es de 600*<em>300*<\/em>702 mm (sem base).<br \/>\nF\u00e1cil de instalar em paredes, economizando espa\u00e7o valioso no piso.<br \/>\nEsteticamente agrad\u00e1vel e combina bem com interiores de casa.<\/p>\n<p><strong>Desempenho fi\u00e1vel com garantia longa<br \/>\n<\/strong>Vem com uma garantia de 5 anos para tranquilidade.<br \/>\nApoiado pela Haisic, uma marca de confian\u00e7a na ind\u00fastria de armazenamento de energia.<br \/>\nOferece desempenho consistente com um peso de 130 kg.<\/p>\n<table border=\"1\">\n<tbody>\n<tr>\n<td>\n<div>Modelo<\/div>\n<\/td>\n<td>\n<div>HS-LD20KW<\/div>\n<\/td>\n<\/tr>\n<tr>\n<td>\n<div>Voltagem Nominal<\/div>\n<\/td>\n<td>\n<div>51,2V<\/div>\n<\/td>\n<\/tr>\n<tr>\n<td>\n<div>Capacidade Nominal<\/div>\n<\/td>\n<td>\n<div>400Ah<\/div>\n<\/td>\n<\/tr>\n<tr>\n<td>\n<div>Energia Nominal<\/div>\n<\/td>\n<td>\n<div>20480Wh<\/div>\n<\/td>\n<\/tr>\n<tr>\n<td>\n<div>Faixa de voltagem<\/div>\n<\/td>\n<td>\n<div>44,8-56V<\/div>\n<\/td>\n<\/tr>\n<tr>\n<td>\n<div>Faixa de Voltagem de Carregamento<\/div>\n<\/td>\n<td>\n<div>56-57,6V<\/div>\n<\/td>\n<\/tr>\n<tr>\n<td>\n<div>Voltagem de Corte<\/div>\n<\/td>\n<td>\n<div>44,8V<\/div>\n<\/td>\n<\/tr>\n<tr>\n<td>\n<div>Recomenda\u00e7\u00e3o de Corrente de Carga<\/div>\n<\/td>\n<td>\n<div>100A<\/div>\n<\/td>\n<\/tr>\n<tr>\n<td>\n<div>Corrente de Carga M\u00e1xima<\/div>\n<\/td>\n<td>\n<div>200A<\/div>\n<\/td>\n<\/tr>\n<tr>\n<td>\n<div>Corrente M\u00e1xima de Descarga<\/div>\n<\/td>\n<td>\n<div>: 200 A<\/div>\n<\/td>\n<\/tr>\n<tr>\n<td>\n<div>\n<div>Dimens\u00e3oL*P*A<\/div>\n<\/div>\n<\/td>\n<td>\n<div>\n<div>600*300*702 (Sem base)<\/div>\n<\/div>\n<\/td>\n<\/tr>\n<tr>\n<td>\n<div>\n<div>Peso<\/div>\n<\/div>\n<\/td>\n<td>\n<div>\n<div>\u2248165 kg<\/div>\n<\/div>\n<\/td>\n<\/tr>\n<tr>\n<td>\n<div>\n<div>Porta de Comunica\u00e7\u00e3o<\/div>\n<\/div>\n<\/td>\n<td>\n<div>\n<div>RS485, CAN<\/div>\n<\/div>\n<\/td>\n<\/tr>\n<tr>\n<td>\n<div>\n<div>Terminais<\/div>\n<\/div>\n<\/td>\n<td>\n<div>M8<\/div>\n<\/td>\n<\/tr>\n<tr>\n<td>\n<div>\n<div>\n<div>Ciclo de Vida<\/div>\n<\/div>\n<\/div>\n<\/td>\n<td>\n<div>\n<div>&gt;6000 (0.5C@ 25\u2103\uff0c80% DOD)<\/div>\n<\/div>\n<\/td>\n<\/tr>\n<tr>\n<td>\n<div>\n<div>\n<div>Exibi\u00e7\u00e3o<\/div>\n<\/div>\n<\/div>\n<\/td>\n<td>\n<div>LED+LCD<\/div>\n<\/td>\n<\/tr>\n<\/tbody>\n<\/table>\n<p><strong>Aplica\u00e7\u00e3o e versatilidade da bateria de l\u00edtio de 20 kWh<\/strong><\/p>\n<p>Perfeito para Sistemas de Armazenamento de Energia Dom\u00e9stica<br \/>\nIdeal para uso em ambientes residenciais para armazenar energia solar.<br \/>\nFornece energia de reserva durante quedas de energia, garantindo fornecimento de energia ininterrupto.<br \/>\nSuporta uma ampla gama de eletrodom\u00e9sticos, aumentando a efici\u00eancia energ\u00e9tica global.<\/p>\n<p><strong>OEM\/ODM Aceit\u00e1vel para solu\u00e7\u00f5es personalizadas<br \/>\n<\/strong>Op\u00e7\u00f5es personaliz\u00e1veis dispon\u00edveis para atender necessidades e requisitos espec\u00edficos.<br \/>\nAdequado para v\u00e1rias aplica\u00e7\u00f5es al\u00e9m de uso dom\u00e9stico, incluindo configura\u00e7\u00f5es comerciais e industriais.<br \/>\nGarante solu\u00e7\u00f5es personalizadas para diversas exig\u00eancias de armazenamento de energia.<\/p>\n<p><strong>Por que Escolher a Bateria de Armazenamento de Energia Solar 51,2v 400ah 20kwh Lithium para Casa?\u00a0<\/strong><\/p>\n<p><strong>Tecnologia Avan\u00e7ada para Desempenho Superior\u00a0<\/strong>Apresenta tecnologia de l\u00edtio de ponta para armazenamento \u00f3timo de energia.<br \/>\nCapacidade de recarga r\u00e1pida assegura prontid\u00e3o quando necess\u00e1rio.<br \/>\nClasse de prote\u00e7\u00e3o elevada (IP55) para uso fi\u00e1vel em exteriores e interiores.<\/p>\n<p><strong>Comunica\u00e7\u00e3o e Controlo Abrangentes\u00a0<\/strong><br \/>\nEquipada com porta de comunica\u00e7\u00e3o RS485 para monitoriza\u00e7\u00e3o e controlo f\u00e1ceis.<br \/>\nPermite integra\u00e7\u00e3o com sistemas de casa inteligente e plataformas de gest\u00e3o de energia.<br \/>\nMelhora a experi\u00eancia do utilizador com fun\u00e7\u00f5es de controlo avan\u00e7adas.<\/p>\n<p><strong>Solu\u00e7\u00e3o de Energia Eficiente e de Custos Reduzidos<br \/>\n<\/strong>Oferece um pre\u00e7o competitivo para bateria de l\u00edtio de 20 kWh.<br \/>\nReduz a depend\u00eancia da rede, baixando as faturas de energia.<br \/>\nFornece uma fonte de energia sustent\u00e1vel e renov\u00e1vel para poupan\u00e7as a longo prazo.<\/p>\n<p>Em conclus\u00e3o, o\u00a0<strong>Bateria de Armazenamento de Energia Solar 51.2v 400ah 20kWh Bateria de L\u00edtio para Casa<\/strong>\u00a0\u00e9 um excelente investimento para quem procura melhorar o seu sistema de armazenamento de energia dom\u00e9stico.<br \/>\nCom a sua elevada capacidade, sistema BMS inteligente e design dur\u00e1vel, oferece desempenho e fiabilidade incompar\u00e1veis. Quer pretenda alimentar os seus electrodom\u00e9sticos, armazenar energia solar,<br \/>\nou assegurar um fornecimento ininterrupto de energia, esta bateria de l\u00edtio de 20 kWh \u00e9 a escolha perfeita para as suas necessidades energ\u00e9ticas.<\/p>\n<\/div>","protected":false},"excerpt":{"rendered":"<p>HS-LD20KW Sistema de Armazenamento de Energia para Casa \u2014 Armazenamento de Energia Inteligente, Desfrute de um Estilo de Vida Verde<\/p>\n<p>Altamente eficiente e est\u00e1vel, garantindo fornecimento de energia fi\u00e1vel para a sua casa! A Bateria HS-LD20KW para Sistema de Armazenamento de Energia para Casa utiliza tecnologia avan\u00e7ada de baterias de \u00edon de l\u00edtio, apresentando uma capacidade ultra-grande de 20kWh para satisfazer sem esfor\u00e7o as necessidades di\u00e1rias de aparelhos dom\u00e9sticos, ilumina\u00e7\u00e3o e energia de emerg\u00eancia. Suporta integra\u00e7\u00e3o de armazenamento de energia fotovoltaica, armazenando energia solar durante o dia e fornecendo energia de forma inteligente \u00e0 noite, reduzindo significativamente os custos de eletricidade e aumentando a autossufici\u00eancia energ\u00e9tica.<\/p>","protected":false},"featured_media":1411,"template":"","meta":{"site-sidebar-layout":"default","site-content-layout":"","ast-site-content-layout":"default","site-content-style":"default","site-sidebar-style":"default","ast-global-header-display":"","ast-banner-title-visibility":"","ast-main-header-display":"","ast-hfb-above-header-display":"","ast-hfb-below-header-display":"","ast-hfb-mobile-header-display":"","site-post-title":"","ast-breadcrumbs-content":"","ast-featured-img":"","footer-sml-layout":"","ast-disable-related-posts":"","theme-transparent-header-meta":"default","adv-header-id-meta":"","stick-header-meta":"default","header-above-stick-meta":"","header-main-stick-meta":"","header-below-stick-meta":"","astra-migrate-meta-layouts":"set","ast-page-background-enabled":"default","ast-page-background-meta":{"desktop":{"background-color":"var(--ast-global-color-4)","background-image":"","background-repeat":"repeat","background-position":"center center","background-size":"auto","background-attachment":"scroll","background-type":"","background-media":"","overlay-type":"","overlay-color":"","overlay-opacity":"","overlay-gradient":""},"tablet":{"background-color":"","background-image":"","background-repeat":"repeat","background-position":"center center","background-size":"auto","background-attachment":"scroll","background-type":"","background-media":"","overlay-type":"","overlay-color":"","overlay-opacity":"","overlay-gradient":""},"mobile":{"background-color":"","background-image":"","background-repeat":"repeat","background-position":"center center","background-size":"auto","background-attachment":"scroll","background-type":"","background-media":"","overlay-type":"","overlay-color":"","overlay-opacity":"","overlay-gradient":""}},"ast-content-background-meta":{"desktop":{"background-color":"var(--ast-global-color-5)","background-image":"","background-repeat":"repeat","background-position":"center center","background-size":"auto","background-attachment":"scroll","background-type":"","background-media":"","overlay-type":"","overlay-color":"","overlay-opacity":"","overlay-gradient":""},"tablet":{"background-color":"var(--ast-global-color-5)","background-image":"","background-repeat":"repeat","background-position":"center center","background-size":"auto","background-attachment":"scroll","background-type":"","background-media":"","overlay-type":"","overlay-color":"","overlay-opacity":"","overlay-gradient":""},"mobile":{"background-color":"var(--ast-global-color-5)","background-image":"","background-repeat":"repeat","background-position":"center center","background-size":"auto","background-attachment":"scroll","background-type":"","background-media":"","overlay-type":"","overlay-color":"","overlay-opacity":"","overlay-gradient":""}}},"product_brand":[],"product_cat":[56,50,47],"product_tag":[],"class_list":{"0":"post-1410","1":"product","2":"type-product","3":"status-publish","4":"has-post-thumbnail","6":"product_cat-energy-storage-battery-system","7":"product_cat-floor-standing-ess","8":"product_cat-residetial-ess","9":"desktop-align-left","10":"tablet-align-left","11":"mobile-align-left","12":"ast-product-gallery-layout-horizontal-slider","13":"ast-product-tabs-layout-horizontal","15":"first","16":"instock","17":"shipping-taxable","18":"product-type-simple"},"_links":{"self":[{"href":"https:\/\/haisicstorage.com\/pt\/wp-json\/wp\/v2\/product\/1410","targetHints":{"allow":["GET"]}}],"collection":[{"href":"https:\/\/haisicstorage.com\/pt\/wp-json\/wp\/v2\/product"}],"about":[{"href":"https:\/\/haisicstorage.com\/pt\/wp-json\/wp\/v2\/types\/product"}],"version-history":[{"count":4,"href":"https:\/\/haisicstorage.com\/pt\/wp-json\/wp\/v2\/product\/1410\/revisions"}],"predecessor-version":[{"id":3508,"href":"https:\/\/haisicstorage.com\/pt\/wp-json\/wp\/v2\/product\/1410\/revisions\/3508"}],"wp:featuredmedia":[{"embeddable":true,"href":"https:\/\/haisicstorage.com\/pt\/wp-json\/wp\/v2\/media\/1411"}],"wp:attachment":[{"href":"https:\/\/haisicstorage.com\/pt\/wp-json\/wp\/v2\/media?parent=1410"}],"wp:term":[{"taxonomy":"product_brand","embeddable":true,"href":"https:\/\/haisicstorage.com\/pt\/wp-json\/wp\/v2\/product_brand?post=1410"},{"taxonomy":"product_cat","embeddable":true,"href":"https:\/\/haisicstorage.com\/pt\/wp-json\/wp\/v2\/product_cat?post=1410"},{"taxonomy":"product_tag","embeddable":true,"href":"https:\/\/haisicstorage.com\/pt\/wp-json\/wp\/v2\/product_tag?post=1410"}],"curies":[{"name":"wp","href":"https:\/\/api.w.org\/{rel}","templated":true}]}}