{"id":3,"date":"2024-01-21T08:45:15","date_gmt":"2024-01-21T08:45:15","guid":{"rendered":"https:\/\/ivory-stingray-401240.hostingersite.com\/?page_id=3"},"modified":"2025-12-13T06:15:08","modified_gmt":"2025-12-13T06:15:08","slug":"privacy-policy","status":"publish","type":"page","link":"https:\/\/haisicstorage.com\/pl\/privacy-policy\/","title":{"rendered":"Polityka prywatno\u015bci"},"content":{"rendered":"<div data-elementor-type=\"wp-page\" data-elementor-id=\"3\" class=\"elementor elementor-3\" data-elementor-post-type=\"page\">\n\t\t\t\t<div class=\"elementor-element elementor-element-26027344 e-flex e-con-boxed e-con e-parent\" data-id=\"26027344\" data-element_type=\"container\" data-e-type=\"container\">\n\t\t\t\t\t<div class=\"e-con-inner\">\n\t\t\t\t<div class=\"elementor-element elementor-element-118bea7 elementor-widget elementor-widget-text-editor\" data-id=\"118bea7\" data-element_type=\"widget\" data-e-type=\"widget\" data-widget_type=\"text-editor.default\">\n\t\t\t\t<div class=\"elementor-widget-container\">\n\t\t\t\t\t\t\t\t\t\n<h1 class=\"wp-block-heading\" data-start=\"133\" data-end=\"149\">Polityka prywatno\u015bci<\/h1>\n<p data-start=\"151\" data-end=\"273\"><strong data-start=\"151\" data-end=\"168\">Ostatnia aktualizacja:<\/strong> 4 grudnia 2025<br data-start=\"185\" data-end=\"188\" \/><strong data-start=\"188\" data-end=\"200\">Strona internetowa:<\/strong> <a class=\"decorated-link\" href=\"https:\/\/haisicstorage.com\/pl\/\" target=\"_new\" rel=\"noopener\" data-start=\"201\" data-end=\"251\">haisicstorage.com<\/a><\/p>\n<p data-start=\"275\" data-end=\"493\">Haisic (\u201cmy\u201d, \u201cnasz\u201d lub \u201cnas\u201d) szanuje Twoj\u0105 prywatno\u015b\u0107 i zobowi\u0105zuje si\u0119 do ochrony Twoich danych osobowych. Ta polityka prywatno\u015bci wyja\u015bnia, jak gromadzimy, wykorzystujemy i zabezpieczamy Twoje informacje podczas odwiedzania naszej strony internetowej.<\/p>\n<h2 data-start=\"495\" data-end=\"523\">Informacje, kt\u00f3re zbieramy<\/h2>\n<p data-start=\"525\" data-end=\"577\">Mo\u017cemy gromadzi\u0107 nast\u0119puj\u0105ce rodzaje informacji:<\/p>\n<ul data-start=\"579\" data-end=\"924\">\n<li data-start=\"579\" data-end=\"739\">\n<p data-start=\"581\" data-end=\"739\"><strong data-start=\"581\" data-end=\"606\">Dane osobowe<\/strong> Imi\u0119, adres email, numer telefonu, nazwa firmy oraz inne dane kontaktowe, kt\u00f3re podajesz podczas kontaktu z nami lub sk\u0142adania zapyta\u0144.<\/p>\n<\/li>\n<li data-start=\"740\" data-end=\"924\">\n<p data-start=\"742\" data-end=\"924\"><strong data-start=\"742\" data-end=\"771\">Informacje nieosobiste:<\/strong> Typ przegl\u0105darki, adres IP, informacje o urz\u0105dzeniu, odwiedzane strony oraz inne dane analityczne gromadzone automatycznie za pomoc\u0105 cookies lub podobnych technologii.<\/p>\n<\/li>\n<\/ul>\n<h2 data-start=\"926\" data-end=\"959\">2. Jak wykorzystujemy Twoje informacje<\/h2>\n<p data-start=\"961\" data-end=\"1020\">Wykorzystujemy zebrane informacje w celach obejmuj\u0105cych:<\/p>\n<ul data-start=\"1022\" data-end=\"1254\">\n<li data-start=\"1022\" data-end=\"1086\">\n<p data-start=\"1024\" data-end=\"1086\">Odpowiadanie na Twoje zapytania i zapewnianie obs\u0142ugi klienta.<\/p>\n<\/li>\n<li data-start=\"1087\" data-end=\"1158\">\n<p data-start=\"1089\" data-end=\"1158\">Wysy\u0142anie wa\u017cnych aktualno\u015bci dotycz\u0105cych naszych produkt\u00f3w, us\u0142ug lub strony internetowej.<\/p>\n<\/li>\n<li data-start=\"1159\" data-end=\"1216\">\n<p data-start=\"1161\" data-end=\"1216\">Ulepszanie naszej strony internetowej, us\u0142ug i do\u015bwiadcze\u0144 u\u017cytkownika.<\/p>\n<\/li>\n<li data-start=\"1217\" data-end=\"1254\">\n<p data-start=\"1219\" data-end=\"1254\">Przestrzeganie obowi\u0105zk\u00f3w prawnych.<\/p>\n<\/li>\n<\/ul>\n<h2 data-start=\"1256\" data-end=\"1295\">3. Cookies and Tracking Technologies<\/h2>\n<p data-start=\"1297\" data-end=\"1519\">Nasza strona internetowa mo\u017ce u\u017cywa\u0107 ciasteczek i podobnych technologii, aby poprawi\u0107 Twoje do\u015bwiadczenie przegl\u0105dania. Mo\u017cesz wybra\u0107 wy\u0142\u0105czenie cookies w ustawieniach przegl\u0105darki, ale niekt\u00f3re funkcje strony mog\u0105 nie dzia\u0142a\u0107 poprawnie bez nich.<\/p>\n<h2 data-start=\"1521\" data-end=\"1551\">4. Udost\u0119pnianie Twoich informacji<\/h2>\n<p data-start=\"1553\" data-end=\"1657\">Robimy to <strong data-start=\"1559\" data-end=\"1566\">nie<\/strong> sprzedawa\u0107, wymienia\u0107 lub wynajmowa\u0107 Twoje dane osobowe innym. Mo\u017cemy udost\u0119pni\u0107 Twoje dane:<\/p>\n<ul data-start=\"1659\" data-end=\"1845\">\n<li data-start=\"1659\" data-end=\"1783\">\n<p data-start=\"1661\" data-end=\"1783\">Z dostawcami us\u0142ug, kt\u00f3rzy pomagaj\u0105 nam w obs\u0142udze naszej strony internetowej i prowadzeniu dzia\u0142alno\u015bci, na podstawie um\u00f3w o zachowaniu poufno\u015bci.<\/p>\n<\/li>\n<li data-start=\"1784\" data-end=\"1845\">\n<p data-start=\"1786\" data-end=\"1845\">Gdy wymaga tego prawo lub aby chroni\u0107 nasze prawa i bezpiecze\u0144stwo.<\/p>\n<\/li>\n<\/ul>\n<h2 data-start=\"1847\" data-end=\"1866\">5. Bezpiecze\u0144stwo danych<\/h2>\n<p data-start=\"1868\" data-end=\"2088\">Wdra\u017camy rozs\u0105dne \u015brodki administracyjne, techniczne i fizyczne w celu ochrony Twoich danych osobowych. Jednak \u017cadna strona internetowa ani transmisja internetowa nie s\u0105 ca\u0142kowicie bezpieczne i nie mo\u017cemy zagwarantowa\u0107 absolutnego bezpiecze\u0144stwa.<\/p>\n<h2 data-start=\"2090\" data-end=\"2115\">6. U\u017cytkownicy mi\u0119dzynarodowi<\/h2>\n<p data-start=\"2117\" data-end=\"2307\">Korzystaj\u0105c z naszej strony internetowej, wyra\u017casz zgod\u0119 na transfer Twoich informacji do kraj\u00f3w poza Twoim miejscem zamieszkania, w tym do kraj\u00f3w, kt\u00f3re mog\u0105 mie\u0107 inne przepisy o ochronie danych ni\u017c Tw\u00f3j kraj.<\/p>\n<h2 data-start=\"2309\" data-end=\"2334\">7. Twoje prawa dotycz\u0105ce prywatno\u015bci<\/h2>\n<p data-start=\"2336\" data-end=\"2392\">W zale\u017cno\u015bci od Twojej lokalizacji, mo\u017cesz mie\u0107 prawo do:<\/p>\n<ul data-start=\"2394\" data-end=\"2545\">\n<li data-start=\"2394\" data-end=\"2451\">\n<p data-start=\"2396\" data-end=\"2451\">Dost\u0119pu do Twoich danych osobowych, ich korekty lub usuni\u0119cia.<\/p>\n<\/li>\n<li data-start=\"2452\" data-end=\"2506\">\n<p data-start=\"2454\" data-end=\"2506\">Sprzeciwu wobec przetwarzania lub ograniczenia przetwarzania Twoich danych.<\/p>\n<\/li>\n<li data-start=\"2507\" data-end=\"2545\">\n<p data-start=\"2509\" data-end=\"2545\">Wyra\u017cenia zgody w dowolnym momencie.<\/p>\n<\/li>\n<\/ul>\n<p data-start=\"2547\" data-end=\"2660\">Aby skorzysta\u0107 z tych praw, prosimy o kontakt pod adresem <strong data-start=\"2594\" data-end=\"2659\"><a class=\"decorated-link cursor-pointer\" rel=\"noopener\" data-start=\"2596\" data-end=\"2657\">celia@haisicstorage.com<\/a><\/strong>.<\/p>\n<h2 data-start=\"2662\" data-end=\"2685\">8. Linki do stron trzecich<\/h2>\n<p data-start=\"2687\" data-end=\"2858\">Nasza strona mo\u017ce zawiera\u0107 odsy\u0142acze do stron trzecich. Nie ponosimy odpowiedzialno\u015bci za praktyki prywatno\u015bci tych stron. Zach\u0119camy do zapoznania si\u0119 z ich politykami prywatno\u015bci.<\/p>\n<h2 data-start=\"2860\" data-end=\"2884\">9. Prywatno\u015b\u0107 dzieci<\/h2>\n<p data-start=\"2886\" data-end=\"3018\">Nasza strona jest <strong data-start=\"2901\" data-end=\"2949\">nie przeznaczona dla dzieci poni\u017cej 13 roku \u017cycia<\/strong>, i nie gromadzimy \u015bwiadomie danych osobowych od dzieci.<\/p>\n<h2 data-start=\"3020\" data-end=\"3057\">10. Zmiany w niniejszej polityce prywatno\u015bci<\/h2>\n<p data-start=\"3059\" data-end=\"3221\">Mo\u017cemy od czasu do czasu aktualizowa\u0107 niniejsz\u0105 polityk\u0119 prywatno\u015bci. Data \u201cOstatnia aktualizacja\u201d odzwierciedla najnowsz\u0105 wersj\u0119. Zach\u0119camy do okresowego przegl\u0105dania tej polityki.<\/p>\n<h2 data-start=\"3223\" data-end=\"3240\">11. Kontakt z nami<\/h2>\n<p data-start=\"3242\" data-end=\"3327\">Je\u015bli masz jakiekolwiek pytania lub w\u0105tpliwo\u015bci dotycz\u0105ce niniejszej Polityki prywatno\u015bci, prosimy o kontakt:<\/p>\n<p data-start=\"3329\" data-end=\"3469\"><strong data-start=\"3329\" data-end=\"3339\">E-mail:<\/strong> <a class=\"decorated-link cursor-pointer\" rel=\"noopener\" data-start=\"3340\" data-end=\"3401\">celia@haisicstorage.com<\/a><br data-start=\"3401\" data-end=\"3404\" \/><strong data-start=\"3404\" data-end=\"3416\">Strona internetowa:<\/strong> <a class=\"decorated-link\" href=\"https:\/\/haisicstorage.com\/pl\/\" target=\"_new\" rel=\"noopener\" data-start=\"3417\" data-end=\"3467\">haisicstorage.com<\/a><\/p>\n\t\t\t\t\t\t\t\t<\/div>\n\t\t\t\t<\/div>\n\t\t\t\t\t<\/div>\n\t\t\t\t<\/div>\n\t\t\t\t<\/div>","protected":false},"excerpt":{"rendered":"<p>Privacy Policy Last Updated: December 4, 2025Website: haisicstorage.com Haisic (\u201cwe,\u201d \u201cour,\u201d or \u201cus\u201d) respects your privacy and is committed to protecting your personal information. This Privacy Policy explains how we collect, use, and safeguard your information when you visit our website. 1. Information We Collect We may collect the following types of information: Personal Information: [&hellip;]<\/p>\n","protected":false},"author":1,"featured_media":0,"parent":0,"menu_order":0,"comment_status":"closed","ping_status":"closed","template":"","meta":{"site-sidebar-layout":"default","site-content-layout":"","ast-site-content-layout":"default","site-content-style":"default","site-sidebar-style":"default","ast-global-header-display":"","ast-banner-title-visibility":"","ast-main-header-display":"","ast-hfb-above-header-display":"","ast-hfb-below-header-display":"","ast-hfb-mobile-header-display":"","site-post-title":"disabled","ast-breadcrumbs-content":"","ast-featured-img":"","footer-sml-layout":"","ast-disable-related-posts":"","theme-transparent-header-meta":"","adv-header-id-meta":"","stick-header-meta":"","header-above-stick-meta":"","header-main-stick-meta":"","header-below-stick-meta":"","astra-migrate-meta-layouts":"set","ast-page-background-enabled":"default","ast-page-background-meta":{"desktop":{"background-color":"var(--ast-global-color-4)","background-image":"","background-repeat":"repeat","background-position":"center center","background-size":"auto","background-attachment":"scroll","background-type":"","background-media":"","overlay-type":"","overlay-color":"","overlay-opacity":"","overlay-gradient":""},"tablet":{"background-color":"","background-image":"","background-repeat":"repeat","background-position":"center center","background-size":"auto","background-attachment":"scroll","background-type":"","background-media":"","overlay-type":"","overlay-color":"","overlay-opacity":"","overlay-gradient":""},"mobile":{"background-color":"","background-image":"","background-repeat":"repeat","background-position":"center center","background-size":"auto","background-attachment":"scroll","background-type":"","background-media":"","overlay-type":"","overlay-color":"","overlay-opacity":"","overlay-gradient":""}},"ast-content-background-meta":{"desktop":{"background-color":"var(--ast-global-color-5)","background-image":"","background-repeat":"repeat","background-position":"center center","background-size":"auto","background-attachment":"scroll","background-type":"","background-media":"","overlay-type":"","overlay-color":"","overlay-opacity":"","overlay-gradient":""},"tablet":{"background-color":"var(--ast-global-color-5)","background-image":"","background-repeat":"repeat","background-position":"center center","background-size":"auto","background-attachment":"scroll","background-type":"","background-media":"","overlay-type":"","overlay-color":"","overlay-opacity":"","overlay-gradient":""},"mobile":{"background-color":"var(--ast-global-color-5)","background-image":"","background-repeat":"repeat","background-position":"center center","background-size":"auto","background-attachment":"scroll","background-type":"","background-media":"","overlay-type":"","overlay-color":"","overlay-opacity":"","overlay-gradient":""}},"footnotes":""},"class_list":["post-3","page","type-page","status-publish","hentry"],"_links":{"self":[{"href":"https:\/\/haisicstorage.com\/pl\/wp-json\/wp\/v2\/pages\/3","targetHints":{"allow":["GET"]}}],"collection":[{"href":"https:\/\/haisicstorage.com\/pl\/wp-json\/wp\/v2\/pages"}],"about":[{"href":"https:\/\/haisicstorage.com\/pl\/wp-json\/wp\/v2\/types\/page"}],"author":[{"embeddable":true,"href":"https:\/\/haisicstorage.com\/pl\/wp-json\/wp\/v2\/users\/1"}],"replies":[{"embeddable":true,"href":"https:\/\/haisicstorage.com\/pl\/wp-json\/wp\/v2\/comments?post=3"}],"version-history":[{"count":11,"href":"https:\/\/haisicstorage.com\/pl\/wp-json\/wp\/v2\/pages\/3\/revisions"}],"predecessor-version":[{"id":2455,"href":"https:\/\/haisicstorage.com\/pl\/wp-json\/wp\/v2\/pages\/3\/revisions\/2455"}],"wp:attachment":[{"href":"https:\/\/haisicstorage.com\/pl\/wp-json\/wp\/v2\/media?parent=3"}],"curies":[{"name":"wp","href":"https:\/\/api.w.org\/{rel}","templated":true}]}}