{"id":3199,"date":"2025-12-02T04:09:07","date_gmt":"2025-12-02T04:09:07","guid":{"rendered":"https:\/\/haisicstorage.com\/ess-battery-storage\/"},"modified":"2026-02-27T07:41:50","modified_gmt":"2026-02-27T07:41:50","slug":"ess-battery-storage","status":"publish","type":"product","link":"https:\/\/haisicstorage.com\/it\/ess-battery-storage\/","title":{"rendered":"Sistemi di accumulo ESS LiFePO4 ad alta cicloit\u00e0, lunga vita"},"content":{"rendered":"<h2>Comprendere l'accumulo ESS<\/h2>\n<p>An <strong>accumulo di energia ESS<\/strong> il sistema \u00e8 una soluzione modulare pensata per catturare e immagazzinare energia elettrica da utilizzare quando ne hai pi\u00f9 bisogno. Sia per una casa che per un impianto industriale ad alta domanda, questi sistemi colmano il divario tra produzione e consumo di energia. Utilizzando tecnologia avanzata <strong>stoccaggio batteria LiFePO4<\/strong> forniamo un modo affidabile per gestire l'energia, passando da sistemi obsoleti al piombo-acido verso moduli al litio ferro fosfato ad alta efficienza e a lunga durata.<\/p>\n<h3>Come funziona per case e aziende<\/h3>\n<p>Nostro <strong>sistema di accumulo energetico<\/strong> si integra direttamente con il tuo impianto elettrico, agendo da buffer intelligente che gestisce il flusso di elettricit\u00e0. Garantisce che tu non resti mai senza energia e che utilizzi sempre la fonte pi\u00f9 conveniente disponibile.<\/p>\n<ul>\n<li><strong>Ottimizzazione dell'autoconsumo:<\/strong> Conserva l'energia solare in eccesso durante il giorno da utilizzare di notte.<\/li>\n<li><strong>Riduzione della punta di domanda:<\/strong> Usa l'energia immagazzinata durante i periodi di picco di domanda costosi per ridurre le bollette dell'energia.<\/li>\n<li><strong>Backup di emergenza (UPS):<\/strong> Mantieni operative le operazioni e gli elettrodomestici critici in caso di interruzioni della rete con capacit\u00e0 di alimentazione ininterrotta.<\/li>\n<\/ul>\n<h3>Stoccaggio di energia rinnovabile e raggiungimento dell'indipendenza<\/h3>\n<p>A <strong>storage di batterie solari<\/strong> l'unit\u00e0 \u00e8 la base della vera indipendenza energetica. Immagazzinando energia rinnovabile, riduci la dipendenza dalla rete pubblica e ottieni il controllo totale sulla tua sicurezza energetica. I nostri <strong>ESS residenziale<\/strong> e <strong>immagazzinamento energetico commerciale<\/strong> solutions are built on a modular \u201cstack-and-play\u201d design, allowing you to start with the capacity you need today and expand as your energy requirements grow. This flexibility ensures your investment evolves alongside your business or household needs.<\/p>\n<ul>\n<li><strong>Prestazioni affidabili:<\/strong> Stoccaggio ad alta efficienza per un accesso costante all'energia.<\/li>\n<li><strong>Indipendenza dalla rete:<\/strong> Meno vulnerabilit\u00e0 all'aumento dei prezzi energetici e all'instabilit\u00e0 della rete.<\/li>\n<li><strong>Futuro sostenibile:<\/strong> Massimizza l'utilizzo di fonti energetiche pulite e rinnovabili.<\/li>\n<\/ul>\n<h2>La nostra gamma di prodotti di accumulo energetico ESS<\/h2>\n<p>Offriamo una linea versatile di <strong>accumulo energetico ESS<\/strong> solutions tailored to meet diverse energy demands. Our systems are built on a modular \u201cstack-and-play\u201d philosophy, ensuring that whether you are powering a home or a factory, the hardware adapts to your specific requirements.<\/p>\n<h3>Soluzioni residential ESS<\/h3>\n<p>Per i proprietari di casa che vogliono massimizzare l'autoconsumo solare, forniamo opzioni compatte ed estetiche. Le nostre <strong>ESS residenziale<\/strong> unit\u00e0 sono disponibili sia in configurazioni a bassa tensione (48V) che ad alta tensione.<\/p>\n<ul>\n<li><strong>Batterie impilabili:<\/strong> Espandi facilmente la capacit\u00e0 aggiungendo moduli man mano che la tua abitazione cresce. Il nostro <a href=\"https:\/\/haisicstorage.com\/it\/haisic-512v-100ah-lifepo4-stackable-energy-storage-battery\/\">batteria di accumulo energetico impilabile da 51,2V 100Ah<\/a> offre un design elegante e salvaspazio con alta stabilit\u00e0 di cicli.<\/li>\n<li><strong>Unit\u00e0 a parete:<\/strong> Perfette per installazioni interne dove lo spazio a pavimento \u00e8 limitato, offrendo alimentazione di backup affidabile e funzionalit\u00e0 UPS.<\/li>\n<\/ul>\n<h3>Sistemi modulari Commerciali e Industriali (C&amp;I)<\/h3>\n<p>I nostri sistemi commerciali <strong>stoccaggio batteria LiFePO4<\/strong> sono progettati per applicazioni ad alte prestazioni come la gestione del picco di domanda e lo spostamento del carico. Questi rack modulari si integrano perfettamente con l'infrastruttura esistente per ridurre i costi operativi.<\/p>\n<ul>\n<li><strong>racks modulari:<\/strong> Blocchi scalabili che consentono alle aziende di iniziare con un investimento inferiore e di espandersi fino a scala megawatt, secondo necessit\u00e0.<\/li>\n<li><strong>Soluzioni containerizzate:<\/strong> Per progetti su larga scala, implementiamo unit\u00e0 robuste e controllate climaticamente come il nostro <a href=\"https:\/\/haisicstorage.com\/it\/haisic-100kwh-containerized-battery-energy-storage-system\/\">Sistema di accumulo energetico a batteria containerizzata da 100kWh<\/a>, ideali per ambienti industriali esterni e servizi di supporto alla rete.<\/li>\n<\/ul>\n<h3>Storage di grande capacit\u00e0 a scala Utility<\/h3>\n<p>Forniamo <strong>storage di grande scala<\/strong> in formati contenitore da 20ft e 40ft, capaci di fornire oltre 2 MWh di capacit\u00e0. Questi sistemi sono progettati per lo stoccaggio di energia ad alta densit\u00e0, dotati di gestione termica integrata e protocolli di sicurezza a pi\u00f9 livelli per garantire stabilit\u00e0 della rete e affidabilit\u00e0 a lungo termine.<\/p>\n<h2>Tecnologia avanzata LiFePO4 e funzionalit\u00e0 intelligenti<\/h2>\n<p>Nostro <strong>accumulo energetico ESS<\/strong> le soluzioni sono costruite sulla base di premium <strong>stoccaggio batteria LiFePO4<\/strong> tecnologia. Utilizziamo esclusivamente LiFePO4 perch\u00e9 \u00e8 lo standard d\u2019oro per sicurezza e longevit\u00e0. A differenza delle chemistries pi\u00f9 vecchie, la nostra <strong>ESS al litio ferro-fosfato<\/strong> \u00e8 non tossico, termicamente stabile e offre un ciclo vitale garantito di oltre 6.000 cicli a una profondit\u00e0 di scarica di 80%.<\/p>\n<p>Al cuore di ogni sistema c'\u00e8 un sistema di gestione integrato <strong>BMS intelligente<\/strong> (Battery Management System). Questo controllore intelligente funge da cervello del <strong>sistema di accumulo energetico a batteria (BESS)<\/strong>, assicurando che ogni cella operi al massimo delle prestazioni.<\/p>\n<ul>\n<li><strong>Monitoraggio in tempo reale:<\/strong> Diagnostica basata sul cloud e integrazione WiFi\/Ethernet ti permettono di monitorare lo stato del sistema ovunque tu sia.<\/li>\n<li><strong>Efficacia superiore:<\/strong> Il nostro hardware raggiunge un\u2019efficienza di andata e ritorno fino a 98%, minimizzando la perdita di energia durante la conversione.<\/li>\n<li><strong>Sicurezza multi-livello:<\/strong> Protocolli integrati proteggono da sovraccarico, cortocircuiti e thermal runaway.<\/li>\n<li><strong>Gestione Termica:<\/strong> Progettazioni di raffreddamento avanzate assicurano che il sistema mantenga temperature ottimali durante i periodi di scarica elevata.<\/li>\n<\/ul>\n<p>In qualit\u00e0 di leader <a href=\"https:\/\/haisicstorage.com\/it\/battery-energy-storage-system-company\/\">azienda di sistemi di accumulo di energia a batteria<\/a>, diamo priorit\u00e0 a un\u2019integrazione senza soluzione di continuit\u00e0. Le nostre unit\u00e0 modulari sono progettate per l\u2019installazione \u201cstack-and-play\u201d, funzionando senza sforzo con inverter solari esistenti e reti elettriche. Questa precisione tecnica garantisce la tua <strong>accumulo energetico ESS<\/strong> setup fornisce un output affidabile e ad alto potenziale ogni volta che ne hai pi\u00f9 bisogno.<\/p>\n<h2>Specifiche Tecniche Chiave della Nostra Borsa di Archiviazione ESS<\/h2>\n<p>La performance \u00e8 dove i nostri <strong>accumulo energetico ESS<\/strong> sistemi si distinguono. Ci concentriamo sull'ingegneria di soluzioni ad alta efficienza che non restano l\u00ec\u2014funzionano sotto pressione. Che tu stia cercando un piccolo sistema residenziale o un'enorme unit\u00e0 industriale containerizzata, i nostri standard tecnici rimangono senza compromessi.<\/p>\n<h3><strong>Metriche Chiave di Prestazione<\/strong><\/h3>\n<ul>\n<li><strong>Efficienza di Giro di Vita (Round-Trip):<\/strong> Raggiungiamo fino a <strong>98% efficienza<\/strong>, garantendo una perdita di energia minima durante il processo di carica e scarica.<\/li>\n<li><strong>Flessibilit\u00e0 di Tensione:<\/strong> I sistemi sono disponibili in configurazioni standard a bassa tensione 48V o <a href=\"https:\/\/haisicstorage.com\/it\/haisic-512v-100ah-highvoltage-lifepo4-battery\/\">setups a batteria LiFePO4 ad alta tensione<\/a> per maggiori richieste di potenza.<\/li>\n<li><strong>Ciclo di vita:<\/strong> Stabilit\u00e0 elevata di ciclo garantita con <strong>&gt;6.000 cicli<\/strong> a 80% Profondit\u00e0 di Scarica (DoD), fornendo oltre un decennio di servizio affidabile.<\/li>\n<li><strong>Gamma di Capacit\u00e0:<\/strong> Veramente scalabilit\u00e0 modulare a partire da unit\u00e0 residenziali di 5kWh fino a <strong>2MWh+ contenitori industriali<\/strong>.<\/li>\n<\/ul>\n<table>\n<thead>\n<tr>\n<th style=\"text-align: left;\">Caratteristica<\/th>\n<th style=\"text-align: left;\">Dettagli delle Specifiche<\/th>\n<\/tr>\n<\/thead>\n<tbody>\n<tr>\n<td style=\"text-align: left;\"><strong>Chimica delle celle<\/strong><\/td>\n<td style=\"text-align: left;\">Litio Ferro Fosfato (LiFePO4)<\/td>\n<\/tr>\n<tr>\n<td style=\"text-align: left;\"><strong>Comunicazione<\/strong><\/td>\n<td style=\"text-align: left;\">CAN, RS485, WiFi\/Ethernet<\/td>\n<\/tr>\n<tr>\n<td style=\"text-align: left;\"><strong>Classe di protezione<\/strong><\/td>\n<td style=\"text-align: left;\">IP20 (Interno) a IP55\/IP65 (Esterno)<\/td>\n<\/tr>\n<tr>\n<td style=\"text-align: left;\"><strong>Profondit\u00e0 diScarica<\/strong><\/td>\n<td style=\"text-align: left;\">80% \u2013 90% optimized for longevity<\/td>\n<\/tr>\n<tr>\n<td style=\"text-align: left;\"><strong>Gestione<\/strong><\/td>\n<td style=\"text-align: left;\">BMS multi-livello integrato con monitoraggio cloud<\/td>\n<\/tr>\n<\/tbody>\n<\/table>\n<h3><strong>Sicurezza e Normative<\/strong><\/h3>\n<p>La sicurezza \u00e8 la nostra base. Il nostro <strong>ESS al litio ferro-fosfato<\/strong> utilizza una chimica non tossica e termicamente stabile che elimina i rischi associati alle tradizionali varianti agli ioni di litio. Ogni unit\u00e0 \u00e8 costruita per soddisfare le certificazioni di sicurezza internazionali, garantendo che il sistema gestisca elevati tassi di scarica e picchi di carico senza compromettere l'hardware. Questa qualit\u00e0 costruttiva di livello professionale si traduce direttamente in un costo totale di propriet\u00e0 inferiore e in un ROI pi\u00f9 elevato per il tuo investimento energetico.<\/p>\n<h2>Applicazioni reali per lo stoccaggio batteria ESS<\/h2>\n<p>progettiamo le nostre <strong>accumulo energetico ESS<\/strong> soluzioni per affrontare le sfide energetiche pi\u00f9 urgenti in diversi settori. Che l'obiettivo sia ridurre le bollette mensili o garantire l'affidabilit\u00e0 della fornitura 24\/7, i nostri sistemi forniscono la flessibilit\u00e0 necessaria per la gestione energetica moderna.<\/p>\n<h3>Massimizzare efficienza e indipendenza<\/h3>\n<p>La nostra tecnologia si concentra sull'utilit\u00e0 pratica, garantendo che ogni kilowattora venga utilizzato efficacemente attraverso le seguenti applicazioni:<\/p>\n<ul>\n<li><strong>Ottimizzazione Fotovoltaico Solare:<\/strong> Massimizza l'autoconsumo immagazzinando l'energia in eccesso generata durante il giorno. Utilizzando un <a href=\"https:\/\/haisicstorage.com\/it\/5kw-power-energy-storage-solar-system-for-home\/\">sistema di accumulo energetico solare da 5 kW per la casa<\/a>, i residenti possono alimentare le loro abitazioni durante la notte con energia pulita raccolta durante il giorno.<\/li>\n<li><strong>Taglio dei Picchi Industriali:<\/strong> Batteria ad alta capacit\u00e0 <strong>accumulo batterie industriale<\/strong> allows businesses to discharge power during peak demand periods. This \u201cshaves\u201d the load peaks that lead to expensive utility demand charges.<\/li>\n<li><strong>Backup d'emergenza e UPS:<\/strong> Nostro <strong>stoccaggio batteria LiFePO4<\/strong> funziona come un robusto alimentatore senza interruzioni. In caso di guasto della rete, il sistema commuta istantaneamente per mantenere in funzione apparecchiature critiche medicali, di sicurezza o dati.<\/li>\n<li><strong>Microrete e Alimentazione Remota:<\/strong> Per aree con accesso alla rete instabile o inesistente, il nostro <a href=\"https:\/\/haisicstorage.com\/it\/tqs4-2kw7-168kwh-stackable-power-energy-storage\/\">storage energetico a batteria impilabile<\/a> crea un ambiente di microrete stabile, bilanciando offerta e domanda in tempo reale.<\/li>\n<li><strong>Arbitraggio Energetico:<\/strong> Una gestione intelligente consente agli utenti di ricaricare il proprio <strong>BESS<\/strong> quando le tariffe elettriche sono al minimo e utilizzare quell'energia memorizzata quando i prezzi della rete aumentano, assicurando il miglior ROI possibile.<\/li>\n<\/ul>\n<p>Implementando queste <strong>sistema di accumulo energetico<\/strong> strategie, aiutiamo i nostri clienti a passare da consumatori passivi a gestori attivi dell'energia, assicurando sia l'approvvigionamento che il loro risultato economico.<\/p>\n<h2>Perch\u00e9 scegliere le nostre soluzioni di stoccaggio energetico ESS?<\/h2>\n<p>Ci concentriamo nel fornire <strong>accumulo energetico ESS<\/strong> che sia affidabile e adattabile. I nostri sistemi sono progettati per risolvere le sfide energetiche reali fornendo un investimento sicuro e a lungo termine per utenti residenziali e industriali.<\/p>\n<h3>Design modulare scalabile<\/h3>\n<p>Our \u201cstack-and-play\u201d architecture eliminates the need for complex rewiring when you want to grow. You can start with a basic setup and expand your capacity at any time. This modular scalability ensures your energy infrastructure evolves alongside your power demands.<\/p>\n<h3>Sicurezza e protezione integrate<\/h3>\n<p>La sicurezza \u00e8 la nostra priorit\u00e0 principale. Utilizziamo esclusivamente <strong>Litio Ferro Fosfato (LiFePO4)<\/strong> chimica, che \u00e8 intrinsecamente stabile e non tossica. Ogni unit\u00e0 include:<\/p>\n<ul>\n<li><strong>Protocolli di sicurezza su pi\u00f9 livelli<\/strong> gestiti da un BMS integrato.<\/li>\n<li><strong>Alta stabilit\u00e0 termica<\/strong> per prevenire il surriscaldamento.<\/li>\n<li><strong>Alloggi IP-rated<\/strong> per diversi ambienti di installazione.<\/li>\n<\/ul>\n<h3>Miglior ROI e costi di propriet\u00e0 inferiori<\/h3>\n<p>Investire in noi <strong>accumulo energetico ESS<\/strong> si ripaga attraverso l'efficienza e la longevit\u00e0. Con un'efficienza di andata e ritorno fino a 98% e una durata di vita garantita di oltre 6.000 cicli a una profondit\u00e0 di scarica di 80%, questi sistemi offrono un costo totale di propriet\u00e0 significativamente inferiore rispetto alle alternative tradizionali. Per operazioni su larga scala, il nostro <a href=\"https:\/\/haisicstorage.com\/it\/haisic-1mwh-ess-allinone-solar-energy-storage-system-200kw\/\">haisic 1mwh ess sistema di accumulo solare tutto-in-uno<\/a> fornisce una soluzione ad alta capacit\u00e0, contenitore, progettata per il massimo ritorno.<\/p>\n<h3>Energia ecologica e sostenibile<\/h3>\n<p>Ti helpiamo a ridurre l'impronta di carbonio massimizzando l'uso dell'energia rinnovabile. I nostri sistemi permettono di immagazzinare l'eccesso di energia solare durante il giorno per l'uso notturno, riducendo la dipendenza dalla rete. Per i proprietari di casa che cercano un impianto intelligente e sostenibile, il <a href=\"https:\/\/haisicstorage.com\/it\/touchscreen-20480wh-home-energy-storage-battery\/\">touchscreen 20480wh batteria di accumulo domestica<\/a> offre un'interfaccia facile da gestire per monitorare la tua indipendenza energetica in tempo reale.<\/p>\n<ul>\n<li><strong>Affidabilit\u00e0:<\/strong> Alti tassi di scarica per gestire i picchi di carico.<\/li>\n<li><strong>Intelligenza:<\/strong> Monitoraggio e diagnostica remoti basati sul cloud.<\/li>\n<li><strong>Semplicit\u00e0:<\/strong> Installazione plug-and-play per una messa in servizio pi\u00f9 rapida.<\/li>\n<\/ul>\n<h2>Prestazioni provate in ESS batterie di accumulo<\/h2>\n<p>Abbiamo dispiegato sistemi modulari di accumulo energetico in ambienti diversi, offrendo costantemente la promessa di affidabilit\u00e0 ed efficienza dei costi. I nostri progetti dimostrano che la transizione alla tecnologia LiFePO4 non \u00e8 solo una tendenza; \u00e8 un miglioramento misurabile nella stabilit\u00e0 operativa.<\/p>\n<h3>Risultati industriali e commerciali<\/h3>\n<p>In grandi impianti industriali, le nostre <strong>accumulo batterie industriale<\/strong> soluzioni si concentrano sul controllo del picco di carico. Scaricando durante i periodi di alta domanda, queste aziende hanno notevolmente ridotto le loro bollette energetiche.<\/p>\n<ul>\n<li><strong>Riduzione della punta di domanda:<\/strong> Riduzione delle spese per la domanda di rete fino a 30%.<\/li>\n<li><strong>Efficienza:<\/strong> Mantenuta un'efficienza di andata e ritorno di 98% in cicli pesanti.<\/li>\n<li><strong>Stabilit\u00e0 termica:<\/strong> Sistemi di raffreddamento integrati hanno assicurato operativo 24\/7 anche in ambienti ad alta temperatura.<\/li>\n<\/ul>\n<h3>Storie di successo residenziale<\/h3>\n<p>Proprietari di casa che utilizzano i nostri <strong>ESS residenziale<\/strong> hanno raggiunto alti livelli di indipendenza energetica. I nostri <a href=\"https:\/\/haisicstorage.com\/it\/battery-storage-for-home\/\">accumulo di batteria per casa<\/a> sistemi consentono agli utenti di immagazzinare l'energia solare in eccesso durante il giorno e di utilizzarla durante la notte, riducendo la dipendenza dalla rete.<\/p>\n<ul>\n<li><strong>Autoconsumo:<\/strong> Aumenti dei tassi di utilizzo solare da 30% a oltre 80%.<\/li>\n<li><strong>Affidabilit\u00e0 di backup:<\/strong> Energia mantenuta senza problemi durante le interruzioni della rete locale con zero ritardi in modalit\u00e0 UPS.<\/li>\n<li><strong>Crescita modulare:<\/strong> Diversi clienti hanno iniziato con un unit\u00e0 da 5kWh e si sono ampliati a 15kWh man mano che crescevano le loro esigenze energetiche, utilizzando il nostro design a stack e play.<\/li>\n<\/ul>\n<h3>Feedback dei clienti e metriche<\/h3>\n<p>Il feedback dai nostri partner globali evidenzia il valore a lungo termine dei nostri <strong>accumulo energetico ESS<\/strong> sistemi. Gli utenti riferiscono che il BMS integrato offre tranquillit\u00e0 tramite monitoraggio cloud in tempo reale, permettendo loro di monitorare ROI e salute del sistema ovunque. Con una vita utile a ciclo garantita di oltre 6.000 cicli, queste installazioni continuano a performare ad alta capacit\u00e0 anni dopo l'installazione iniziale.<\/p>\n<h2>Domande comuni sullESS Battery Storage<\/h2>\n<p>Investire in un <strong>accumulo energetico ESS<\/strong> sistema \u00e8 un passo significativo verso l'indipendenza energetica. Ci concentriamo nel rendere la transizione semplice, dall'installazione iniziale all'operativit\u00e0 a lungo termine.<\/p>\n<h3>Bisogni di installazione e manutenzione<\/h3>\n<p>Our systems are designed for a \u201cplug-and-play\u201d experience. Whether you choose a wall-mounted unit or a <strong>storage energetico containerizzato<\/strong> soluzione, il design modulare garantisce una rapida integrazione nella tua rete elettrica. Poich\u00e9 utilizziamo esclusivamente <strong>stoccaggio batteria LiFePO4<\/strong> chimica, non \u00e8 necessario il pesante mantenimento associato alle tradizionali batterie al piombo. I controlli di salute in tempo reale sono gestiti dal BMS integrato, che puoi monitorare tramite il cloud.<\/p>\n<h3>Calcolo del ROI e del payback<\/h3>\n<p>Il ritorno sull'investimento per una <strong>sistema di accumulo energetico a batteria (BESS)<\/strong> \u00e8 guidato dall'efficienza e dalla longevit\u00e0.<\/p>\n<ul>\n<li><strong>Alta Efficienza:<\/strong> Un'efficienza a giro di 98% significa minima perdita di energia durante la ricarica e lo scaricamento.<\/li>\n<li><strong>Ciclo di vita:<\/strong> Con oltre 6.000 cicli, il sistema resiste alle alternative standard, distribuendo il costo iniziale su un periodo molto pi\u00f9 lungo.<\/li>\n<li><strong>Risparmi sui costi:<\/strong> Utilizzando il peak shaving e massimizzando l'autoconsumo, gli utenti riducono significativamente la dipendenza dall'energia della rete costosa.<\/li>\n<li><strong>Budgeting:<\/strong> Comprendere la <a href=\"https:\/\/haisicstorage.com\/it\/home-battery-storage-without-solar-maintenance-cost-annual-budget\/\">soluzione di accumulo domestico senza costo di manutenzione solare<\/a> aiuta a pianificare un periodo di payback realistico per installazioni residenziali.<\/li>\n<\/ul>\n<h3>Compatibilit\u00e0 con i sistemi solari esistenti<\/h3>\n<p>Nostro <strong>accumulo energetico ESS<\/strong> le soluzioni sono progettate per essere universali. Comunicano tramite protocolli standard come CAN e RS485, garantendo una perfetta sincronizzazione con la maggior parte degli inverter ibridi moderni e degli array fotovoltaici. \u00c8 possibile aggiungere facilmente i nostri moduli modulari a un sistema PV esistente per iniziare subito a immagazzinare energia in eccesso, senza necessit\u00e0 di una completa revisione del sistema.<\/p>","protected":false},"excerpt":{"rendered":"<p>La batteria di accumulo ESS Haisic offre soluzioni di accumulo energetico scalabili LiFePO4 per progetti residenziali, commerciali e di utilit\u00e0<\/p>","protected":false},"featured_media":1438,"template":"","meta":{"site-sidebar-layout":"default","site-content-layout":"","ast-site-content-layout":"default","site-content-style":"default","site-sidebar-style":"default","ast-global-header-display":"","ast-banner-title-visibility":"","ast-main-header-display":"","ast-hfb-above-header-display":"","ast-hfb-below-header-display":"","ast-hfb-mobile-header-display":"","site-post-title":"","ast-breadcrumbs-content":"","ast-featured-img":"","footer-sml-layout":"","ast-disable-related-posts":"","theme-transparent-header-meta":"default","adv-header-id-meta":"","stick-header-meta":"default","header-above-stick-meta":"","header-main-stick-meta":"","header-below-stick-meta":"","astra-migrate-meta-layouts":"set","ast-page-background-enabled":"default","ast-page-background-meta":{"desktop":{"background-color":"var(--ast-global-color-4)","background-image":"","background-repeat":"repeat","background-position":"center center","background-size":"auto","background-attachment":"scroll","background-type":"","background-media":"","overlay-type":"","overlay-color":"","overlay-opacity":"","overlay-gradient":""},"tablet":{"background-color":"","background-image":"","background-repeat":"repeat","background-position":"center center","background-size":"auto","background-attachment":"scroll","background-type":"","background-media":"","overlay-type":"","overlay-color":"","overlay-opacity":"","overlay-gradient":""},"mobile":{"background-color":"","background-image":"","background-repeat":"repeat","background-position":"center center","background-size":"auto","background-attachment":"scroll","background-type":"","background-media":"","overlay-type":"","overlay-color":"","overlay-opacity":"","overlay-gradient":""}},"ast-content-background-meta":{"desktop":{"background-color":"var(--ast-global-color-5)","background-image":"","background-repeat":"repeat","background-position":"center center","background-size":"auto","background-attachment":"scroll","background-type":"","background-media":"","overlay-type":"","overlay-color":"","overlay-opacity":"","overlay-gradient":""},"tablet":{"background-color":"var(--ast-global-color-5)","background-image":"","background-repeat":"repeat","background-position":"center center","background-size":"auto","background-attachment":"scroll","background-type":"","background-media":"","overlay-type":"","overlay-color":"","overlay-opacity":"","overlay-gradient":""},"mobile":{"background-color":"var(--ast-global-color-5)","background-image":"","background-repeat":"repeat","background-position":"center center","background-size":"auto","background-attachment":"scroll","background-type":"","background-media":"","overlay-type":"","overlay-color":"","overlay-opacity":"","overlay-gradient":""}}},"product_brand":[],"product_cat":[47],"product_tag":[],"class_list":{"0":"post-3199","1":"product","2":"type-product","3":"status-publish","4":"has-post-thumbnail","6":"product_cat-residetial-ess","7":"desktop-align-left","8":"tablet-align-left","9":"mobile-align-left","10":"ast-product-gallery-layout-horizontal-slider","11":"ast-product-tabs-layout-horizontal","13":"first","14":"instock","15":"shipping-taxable","16":"purchasable","17":"product-type-simple"},"_links":{"self":[{"href":"https:\/\/haisicstorage.com\/it\/wp-json\/wp\/v2\/product\/3199","targetHints":{"allow":["GET"]}}],"collection":[{"href":"https:\/\/haisicstorage.com\/it\/wp-json\/wp\/v2\/product"}],"about":[{"href":"https:\/\/haisicstorage.com\/it\/wp-json\/wp\/v2\/types\/product"}],"version-history":[{"count":2,"href":"https:\/\/haisicstorage.com\/it\/wp-json\/wp\/v2\/product\/3199\/revisions"}],"predecessor-version":[{"id":3202,"href":"https:\/\/haisicstorage.com\/it\/wp-json\/wp\/v2\/product\/3199\/revisions\/3202"}],"wp:featuredmedia":[{"embeddable":true,"href":"https:\/\/haisicstorage.com\/it\/wp-json\/wp\/v2\/media\/1438"}],"wp:attachment":[{"href":"https:\/\/haisicstorage.com\/it\/wp-json\/wp\/v2\/media?parent=3199"}],"wp:term":[{"taxonomy":"product_brand","embeddable":true,"href":"https:\/\/haisicstorage.com\/it\/wp-json\/wp\/v2\/product_brand?post=3199"},{"taxonomy":"product_cat","embeddable":true,"href":"https:\/\/haisicstorage.com\/it\/wp-json\/wp\/v2\/product_cat?post=3199"},{"taxonomy":"product_tag","embeddable":true,"href":"https:\/\/haisicstorage.com\/it\/wp-json\/wp\/v2\/product_tag?post=3199"}],"curies":[{"name":"wp","href":"https:\/\/api.w.org\/{rel}","templated":true}]}}