{"id":2124,"date":"2025-12-08T01:57:20","date_gmt":"2025-12-08T01:57:20","guid":{"rendered":"https:\/\/haisicstorage.com\/?post_type=product&#038;p=2124"},"modified":"2026-02-27T06:46:11","modified_gmt":"2026-02-27T06:46:11","slug":"12-8v-280ah-bms-battery-storage-system","status":"publish","type":"product","link":"https:\/\/haisicstorage.com\/it\/12-8v-280ah-bms-battery-storage-system\/","title":{"rendered":"Sistema di Accumulo Batteria Bms 12.8V 280Ah"},"content":{"rendered":"<p>Sistema di Gestione Intelligente della Batteria: Il BMS integrato ad alta precisione fornisce protezione da sovraccarico, sovrascarica, sovracorrente, cortocircuito e temperatura. Monitora lo stato delle celle in tempo reale e consente la consultazione dei dati e la gestione remota tramite interfacce di comunicazione (ad esempio UART\/RS485), garantendo un funzionamento affidabile e senza preoccupazioni.<\/p>\n<p>Costruzione robusta e applicazione versatile: presenta una custodia resistente e un design modulare con eccellente resistenza agli urti e alla polvere. Supporta un funzionamento a temperature estreme da -20\u00b0C a 60\u00b0C, adatto a diversi ambienti difficili.<\/p>\n<p>Sicurezza e durata di livello automobilistico: basato sulla chimica altamente stabile del fosfato di ferro litio (LiFePO\u2084), offre un'eccezionale stabilit\u00e0 termica e sicurezza. Con una lunga durata di ciclo superiore a 6.000 cicli di carica-scarica standard\u2014pi\u00f9 volte superiore alle batterie al piombo-acido\u2014garantisce un costo totale di propriet\u00e0 inferiore durante l'intero ciclo di vita.<\/p>\n<p>Scenario d'uso:<\/p>\n<p>Accumulo di energia per RV\/marino: Sostituisce le batterie tradizionali al piombo-acido per alimentare illuminazione, frigoriferi, condizionatori e altri elettrodomestici.<\/p>\n<p>Accumulo Solare Residenziale: Funziona come unit\u00e0 principale di accumulo energetico per sistemi fotovoltaici isolati o connessi alla rete.<\/p>\n<p>Potenza Esterna Premium\/Backup di Emergenza: Fornisce energia affidabile per campeggio, interventi di emergenza e applicazioni di backup domestico.<\/p>\n<p>Veicoli specializzati\/Veicoli elettrici a bassa velocit\u00e0: Fornisce energia per carrelli da golf, veicoli per la sanificazione, carrelli elevatori e applicazioni simili.<\/p>\n<p>Backup della stazione base di comunicazione: Offre energia di riserva stabile per apparecchiature in localit\u00e0 remote o fuori rete.<\/p>\n<p>Valore del prodotto:<br \/>\nQuesto pacco batteria offre prestazioni eccezionali come soluzione di energia pulita plug-and-play, sfruttando i vantaggi principali di alta capacit\u00e0, sicurezza superiore e durata estesa. Rappresenta non solo un aggiornamento completo rispetto alle batterie tradizionali, ma anche una scelta ideale per applicazioni energetiche efficienti, affidabili e sostenibili. \u00c8 particolarmente adatto per scenari di accumulo di potenza medio-alta che richiedono resistenza e sicurezza massime.<\/p>\n<div class=\"productAttItem\"><\/div>\n<div data-spm-anchor-id=\"a2700.pc-decorate.0.i6.5d033333Lu9Prj\"><strong><span data-spm-anchor-id=\"a2700.pc-decorate.0.i7.5d033333Lu9Prj\">Germany\/US\/Poland warehouse Stock available!!!<\/span><\/strong><\/div>\n<div data-spm-anchor-id=\"a2700.pc-decorate.0.i5.5d033333Lu9Prj\"><strong> &#8211;pick up from warehouse directly<\/strong><\/div>\n<div data-spm-anchor-id=\"a2700.pc-decorate.0.i5.5d033333Lu9Prj\"><\/div>\n<div data-spm-anchor-id=\"a2700.pc-decorate.0.i5.5d033333Lu9Prj\"><strong>Profilo aziendale <\/strong><\/div>\n<div data-spm-anchor-id=\"a2700.pc-decorate.0.i5.5d033333Lu9Prj\"><strong style=\"font-size: 16px;\"><span data-spm-anchor-id=\"a2700.pc-decorate.0.i21.5d033333Lu9Prj\">Fondata nel 2011, Shenzhen Haisic Technology Co., Ltd. \u00e8 un'impresa nazionale high-tech dedicata alla ricerca, sviluppo e produzione di prodotti per l'accumulo di energia come pacchi batteria LiFePO4, accumulo di energia commerciale e industriale, accumulo di energia residenziale, stazione di alimentazione portatile\/generatore solare, inverter solare, batteria per carrelli elevatori, batteria per bus\/golf cart RVAlandscape e altre batterie OEM\/ODM in Cina.<\/span><\/strong><\/div>\n<div data-spm-anchor-id=\"a2700.pc-decorate.0.i5.5d033333Lu9Prj\">\n<div><\/div>\n<div><strong>Profondamente impegnata in questo settore da oltre 12 anni, Haisic Technology ha accumulato una profonda esperienza in ricerca e sviluppo, innovazione, controllo qualit\u00e0 e gestione. I nostri prodotti sono utilizzati nell'accumulo di energia domestica, nell'accumulo di energia industriale, nell'accumulo di energia commerciale, nella comunicazione di potenza, nell'elettronica medica, nelle comunicazioni di sicurezza, nei trasporti e nella logistica, nella nuova energia, nella casa intelligente e in altri settori correlati. <\/strong><\/div>\n<div><strong>\u00a0<\/strong><\/div>\n<div><strong>We have owned our own production base covering more than 14000m located in Dapeng district of Shenzhen with ISO9001, ISO14001, IS045001 and Amfori BSCI, and our products are with CE, FCC, TUV-UL2054, CQC,RoHs, PSE,MSDS, UN38.3 certificates. We\u2019ve already provided safe, stable, environmentallyfriendly, high-quality products and professional OEM\/ODM services to customers in more than 80 countries and regions. <\/strong><\/div>\n<div><\/div>\n<div><\/div>\n<div><strong>FAQ <\/strong><\/div>\n<div><strong><span data-spm-anchor-id=\"a2700.pc-decorate.0.i33.5d033333Lu9Prj\">1. Cosa c'\u00e8 di speciale nelle batterie al litio?<\/span><\/strong><\/div>\n<div>\n<p><span data-spm-anchor-id=\"a2700.pc-decorate.0.i33.5d033333Lu9Prj\">R: Con un'elevata densit\u00e0 di energia, ha raggiunto 460-600Wh\/kg, che \u00e8 circa 6-7 volte quella delle batterie al piombo-acido. Lunga durata, la durata pu\u00f2 raggiungere pi\u00f9 di 6 anni. Peso leggero, il peso \u00e8 circa 1\/5-6 del prodotto al piombo-acido con lo stesso volume.<\/span><\/p>\n<p>&nbsp;<\/p>\n<div data-spm-anchor-id=\"a2700.pc-decorate.0.i34.5d033333Lu9Prj\"><strong>2. Per cosa viene utilizzata una batteria al litio?<br \/>\n<\/strong>A: la batteria agli ioni di litio viene utilizzata per l'alimentazione e lo stoccaggio di energia. Come backup di emergenza o UPS. Alimentazione elettrica affidabile e per veicoli ricreazionali, golf cart, marine leggeri e affidabili, stoccaggio di energia solare, casa solare, piccola fabbrica di lavorazioni, sistemi di sorveglianza o allarme in localit\u00e0 remote.3. Le vostre batterie sono sicure? A: Le nostre batterie sono sicure. Tutte le batterie Zwayn utilizzano i componenti pi\u00f9 sicuri e stabili, inclusi un catodo LiFePO4 e un Sistema di Gestione della Batteria (BMS) integrato. Il BMS protegge le celle da tensioni eccessivamente alte o basse, correnti elevate, cortocircuiti e calore o freddo eccessivi. Questi sono i motivi pi\u00f9 comuni di guasti delle batterie, e abbiamo preso ogni precauzione per mitigare questi rischi in tutte le nostre batterie.<br \/>\n<strong><br \/>\n4. Come scelgo la batteria al litio a ciclo profondo corretta per la mia applicazione?<br \/>\n<\/strong>R: Nella maggior parte dei sistemi standard a 12, 24 o 48 volt, la scelta migliore della batteria al litio \u00e8 LiFePO4 (litio ferro fosfato\/<br \/>\nCella a sacchetto\/batteria primaria). La tensione di questo tipo di batteria \u00e8 molto simile a una AGM e funzioner\u00e0 alla grande con facilit\u00e0<br \/>\ncomponenti di sistema disponibili per il tuo camper, barca, sistema di alimentazione off-grid, casa solare (TV, frigorifero, lavatrice, aria<br \/>\ncondizionatore, scaldabagno, forno a microonde, piano cottura a induzione, lavastoviglie, stampante, computer), Torre di telecomunicazioni, sistemi ibridi e solari off-grid applications.5. Pu\u00f2 essere in serie o in parallelo per l'uso? A: S\u00ec signore, pu\u00f2 supportare al massimo 15 in collegamento parallelo per l'uso, scatola di stoccaggio Massimo 150 kWh.<br \/>\n<strong><br \/>\n6. Questo pacco batteria \u00e8 compatibile con il mio inverter? Avete un elenco aziendale degli inverter compatibili?<br \/>\n<\/strong>A: S\u00ec signore, il nostro pacco batteria \u00e8 compatibile con la maggior parte delle marche di inverter sul mercato, come Deye, MUST, SMA, Growatt, Solax, Solis, Sungrow, Sofar, Voltronic, Sorotec, Studer, ecc.<\/div>\n<\/div>\n<\/div>","protected":false},"excerpt":{"rendered":"<p>Densit\u00e0 energetica elevata, resistenza potente: utilizzando celle al litio ferro fosfato (LiFePO\u2084) ad alta capacit\u00e0 da 280Ah, il pacco batteria fornisce una capacit\u00e0 energetica totale di 3,584kWh. Offre un'uscita di energia stabile e continua per soddisfare le esigenze di applicazioni prolungate ad alto consumo energetico.<\/p>\n<div class=\"productAttItem\">\n<div class=\"productAttTitel\">\n<p>Compatibilit\u00e0 e praticit\u00e0 elevate: con una tensione nominale di 12,8V, si integra perfettamente con i principali sistemi e apparecchiature a batteria al piombo da 12V (ad esempio, camper, imbarcazioni, inverter solari, stazioni di energia outdoor). Consente sostituzioni dirette e aggiornamenti senza modifiche complesse, offrendo funzionalit\u00e0 plug-and-play.<\/p>\n<\/div>\n<\/div>","protected":false},"featured_media":2748,"template":"","meta":{"site-sidebar-layout":"default","site-content-layout":"","ast-site-content-layout":"default","site-content-style":"default","site-sidebar-style":"default","ast-global-header-display":"","ast-banner-title-visibility":"","ast-main-header-display":"","ast-hfb-above-header-display":"","ast-hfb-below-header-display":"","ast-hfb-mobile-header-display":"","site-post-title":"","ast-breadcrumbs-content":"","ast-featured-img":"","footer-sml-layout":"","ast-disable-related-posts":"","theme-transparent-header-meta":"default","adv-header-id-meta":"","stick-header-meta":"default","header-above-stick-meta":"","header-main-stick-meta":"","header-below-stick-meta":"","astra-migrate-meta-layouts":"set","ast-page-background-enabled":"default","ast-page-background-meta":{"desktop":{"background-color":"var(--ast-global-color-4)","background-image":"","background-repeat":"repeat","background-position":"center center","background-size":"auto","background-attachment":"scroll","background-type":"","background-media":"","overlay-type":"","overlay-color":"","overlay-opacity":"","overlay-gradient":""},"tablet":{"background-color":"","background-image":"","background-repeat":"repeat","background-position":"center center","background-size":"auto","background-attachment":"scroll","background-type":"","background-media":"","overlay-type":"","overlay-color":"","overlay-opacity":"","overlay-gradient":""},"mobile":{"background-color":"","background-image":"","background-repeat":"repeat","background-position":"center center","background-size":"auto","background-attachment":"scroll","background-type":"","background-media":"","overlay-type":"","overlay-color":"","overlay-opacity":"","overlay-gradient":""}},"ast-content-background-meta":{"desktop":{"background-color":"var(--ast-global-color-5)","background-image":"","background-repeat":"repeat","background-position":"center center","background-size":"auto","background-attachment":"scroll","background-type":"","background-media":"","overlay-type":"","overlay-color":"","overlay-opacity":"","overlay-gradient":""},"tablet":{"background-color":"var(--ast-global-color-5)","background-image":"","background-repeat":"repeat","background-position":"center center","background-size":"auto","background-attachment":"scroll","background-type":"","background-media":"","overlay-type":"","overlay-color":"","overlay-opacity":"","overlay-gradient":""},"mobile":{"background-color":"var(--ast-global-color-5)","background-image":"","background-repeat":"repeat","background-position":"center center","background-size":"auto","background-attachment":"scroll","background-type":"","background-media":"","overlay-type":"","overlay-color":"","overlay-opacity":"","overlay-gradient":""}}},"product_brand":[],"product_cat":[53],"product_tag":[],"class_list":{"0":"post-2124","1":"product","2":"type-product","3":"status-publish","4":"has-post-thumbnail","6":"product_cat-lifepo4-battery-packs","7":"desktop-align-left","8":"tablet-align-left","9":"mobile-align-left","10":"ast-product-gallery-layout-horizontal-slider","11":"ast-product-tabs-layout-horizontal","13":"first","14":"instock","15":"shipping-taxable","16":"purchasable","17":"product-type-simple"},"_links":{"self":[{"href":"https:\/\/haisicstorage.com\/it\/wp-json\/wp\/v2\/product\/2124","targetHints":{"allow":["GET"]}}],"collection":[{"href":"https:\/\/haisicstorage.com\/it\/wp-json\/wp\/v2\/product"}],"about":[{"href":"https:\/\/haisicstorage.com\/it\/wp-json\/wp\/v2\/types\/product"}],"version-history":[{"count":7,"href":"https:\/\/haisicstorage.com\/it\/wp-json\/wp\/v2\/product\/2124\/revisions"}],"predecessor-version":[{"id":3480,"href":"https:\/\/haisicstorage.com\/it\/wp-json\/wp\/v2\/product\/2124\/revisions\/3480"}],"wp:featuredmedia":[{"embeddable":true,"href":"https:\/\/haisicstorage.com\/it\/wp-json\/wp\/v2\/media\/2748"}],"wp:attachment":[{"href":"https:\/\/haisicstorage.com\/it\/wp-json\/wp\/v2\/media?parent=2124"}],"wp:term":[{"taxonomy":"product_brand","embeddable":true,"href":"https:\/\/haisicstorage.com\/it\/wp-json\/wp\/v2\/product_brand?post=2124"},{"taxonomy":"product_cat","embeddable":true,"href":"https:\/\/haisicstorage.com\/it\/wp-json\/wp\/v2\/product_cat?post=2124"},{"taxonomy":"product_tag","embeddable":true,"href":"https:\/\/haisicstorage.com\/it\/wp-json\/wp\/v2\/product_tag?post=2124"}],"curies":[{"name":"wp","href":"https:\/\/api.w.org\/{rel}","templated":true}]}}