{"id":1694,"date":"2025-12-03T06:58:35","date_gmt":"2025-12-03T06:58:35","guid":{"rendered":"https:\/\/haisicstorage.com\/?post_type=product&#038;p=1694"},"modified":"2026-02-27T07:28:41","modified_gmt":"2026-02-27T07:28:41","slug":"tqs4-2kw7-168kwh-stackable-power-energy-storage","status":"publish","type":"product","link":"https:\/\/haisicstorage.com\/it\/tqs4-2kw7-168kwh-stackable-power-energy-storage\/","title":{"rendered":"Accumulo di energia energetica impilabile da 4,2KW+7,168KWh"},"content":{"rendered":"<div data-spm-anchor-id=\"a2700.pc-decorate.0.i6.5d033333Lu9Prj\">\n<p>Vantaggi Principali<br \/>\n\u2714 Design modulare impilabile<br \/>\nRisponde alle esigenze di consumo energetico flessibile di scenari residenziali\/commerciali, consentendo espansioni su richiesta senza sprechi.<\/p>\n<p>\u2714 Protezione di sicurezza di livello militare<br \/>\nUtilizza batterie al litio ferro fosfato LiFePO4 con una durata di ciclo \u22656000 volte; protezione IP65 + sistema di controllo intelligente della temperatura, certificato per sicurezza contro sovraccarico\/sovrascarico\/cortocircuito.<\/p>\n<p>\u2714 Commutazione intelligente a doppia modalit\u00e0<br \/>\nTransizione senza soluzione di continuit\u00e0 tra rete e modalit\u00e0 off-grid, compatibile con sistemi fotovoltaici per raggiungere l'autosufficienza energetica verde 100%, commutazione automatica in meno di 10ms durante le interruzioni di corrente, garantendo un'alimentazione ininterrotta per apparecchi critici.<\/p>\n<p>\u2714 Gestione dell'energia in tutte le condizioni atmosferiche<br \/>\nMonitoraggio in tempo reale dello stato di carica\/scarica tramite l'app, supporta impostazioni di strategia di prezzo dell'elettricit\u00e0 in orari di punta\/fuori punta, massimizzando il risparmio sui costi energetici.<\/p>\n<table class=\"woocommerce-product-attributes shop_attributes\" aria-label=\"Dettagli del prodotto\">\n<tbody>\n<tr class=\"woocommerce-product-attributes-item woocommerce-product-attributes-item--attribute_rated-output-power\">\n<th class=\"woocommerce-product-attributes-item__label\" scope=\"row\">Potenza di uscita nominale<\/th>\n<td class=\"woocommerce-product-attributes-item__value\">4200VA\/4200W<\/td>\n<\/tr>\n<tr class=\"woocommerce-product-attributes-item woocommerce-product-attributes-item--attribute_nominal-ac-output-voltage\">\n<th class=\"woocommerce-product-attributes-item__label\" scope=\"row\">Tensione di uscita AC nominale<\/th>\n<td class=\"woocommerce-product-attributes-item__value\">208\/220\/230\/240Vac<\/td>\n<\/tr>\n<tr class=\"woocommerce-product-attributes-item woocommerce-product-attributes-item--attribute_nominal-ac-frequency\">\n<th class=\"woocommerce-product-attributes-item__label\" scope=\"row\">Frequenza AC nominale<\/th>\n<td class=\"woocommerce-product-attributes-item__value\">50\/60Hz<\/td>\n<\/tr>\n<tr class=\"woocommerce-product-attributes-item woocommerce-product-attributes-item--attribute_rated-voltage\">\n<th class=\"woocommerce-product-attributes-item__label\" scope=\"row\">Tensione nominale<\/th>\n<td class=\"woocommerce-product-attributes-item__value\">25,6V<\/td>\n<\/tr>\n<tr class=\"woocommerce-product-attributes-item woocommerce-product-attributes-item--attribute_rated-capacity\">\n<th class=\"woocommerce-product-attributes-item__label\" scope=\"row\">Capacit\u00e0 nominale<\/th>\n<td class=\"woocommerce-product-attributes-item__value\">280Ah<\/td>\n<\/tr>\n<tr class=\"woocommerce-product-attributes-item woocommerce-product-attributes-item--attribute_rated-energy\">\n<th class=\"woocommerce-product-attributes-item__label\" scope=\"row\">Energia Nominale<\/th>\n<td class=\"woocommerce-product-attributes-item__value\">7168Wh<\/td>\n<\/tr>\n<tr class=\"woocommerce-product-attributes-item woocommerce-product-attributes-item--attribute_voltage-range\">\n<th class=\"woocommerce-product-attributes-item__label\" scope=\"row\">Gamma di Tensione<\/th>\n<td class=\"woocommerce-product-attributes-item__value\">22,4-28V<\/td>\n<\/tr>\n<tr class=\"woocommerce-product-attributes-item woocommerce-product-attributes-item--attribute_charge-voltage-range\">\n<th class=\"woocommerce-product-attributes-item__label\" scope=\"row\">Gamma di Tensione di Carica<\/th>\n<td class=\"woocommerce-product-attributes-item__value\">28-28,8V<\/td>\n<\/tr>\n<tr class=\"woocommerce-product-attributes-item woocommerce-product-attributes-item--attribute_cut-off-voltage\">\n<th class=\"woocommerce-product-attributes-item__label\" scope=\"row\">Tensione di Interruzione<\/th>\n<td class=\"woocommerce-product-attributes-item__value\">22,4V<\/td>\n<\/tr>\n<tr class=\"woocommerce-product-attributes-item woocommerce-product-attributes-item--attribute_recommend-charge-current\">\n<th class=\"woocommerce-product-attributes-item__label\" scope=\"row\">Corrente di Carica Consigliata<\/th>\n<td class=\"woocommerce-product-attributes-item__value\">50A<\/td>\n<\/tr>\n<tr class=\"woocommerce-product-attributes-item woocommerce-product-attributes-item--attribute_max-charge-current\">\n<th class=\"woocommerce-product-attributes-item__label\" scope=\"row\">Corrente di Carica Massima<\/th>\n<td class=\"woocommerce-product-attributes-item__value\">100A<\/td>\n<\/tr>\n<tr class=\"woocommerce-product-attributes-item woocommerce-product-attributes-item--attribute_max-discharge-current\">\n<th class=\"woocommerce-product-attributes-item__label\" scope=\"row\">Corrente di Scarica Massima<\/th>\n<td class=\"woocommerce-product-attributes-item__value\">150A<\/td>\n<\/tr>\n<\/tbody>\n<\/table>\n<p>Scenario di Applicazione<br \/>\n\u25fc Accumulo di Energia Domestico | Abbinamento con un sistema solare per ottenere un'alimentazione autonoma<br \/>\nCommercial Backup | Affronta improvvisi blackout e assicura operazioni ininterrotte<br \/>\n\u25fc Alimentazione Fuori Rete | Alimentazione stabile per camper, isole e zone remote<\/p>\n<p>Specifiche Tecniche<br \/>\n\u25b8 Capacit\u00e0 Nominale: 7.168kWh (stackabile \u00d74 unit\u00e0)<br \/>\n\u25b8 Potenza di picco: 4,2 kW (uscita continua 3,5 kW)<br \/>\n\u25b8 Efficienza del ciclo: \u226596%<br \/>\n\u25b8 Temperatura di esercizio: da -20\u00b0C a 55\u00b0C<br \/>\n\u25b8 Protocollo di comunicazione: CAN\/RS485<\/p>\n<p>Dall'uso quotidiano di energia all'alimentazione di emergenza, l'HS-TQS ridefinisce la libert\u00e0 energetica con soluzioni intelligenti di accumulo di energia.<\/p>\n<\/div>\n<div data-spm-anchor-id=\"a2700.pc-decorate.0.i5.5d033333Lu9Prj\"><strong>Profilo aziendale <\/strong><\/div>\n<div data-spm-anchor-id=\"a2700.pc-decorate.0.i5.5d033333Lu9Prj\">\n<p><strong><span data-spm-anchor-id=\"a2700.pc-decorate.0.i21.5d033333Lu9Prj\">Fondata nel 2011, Shenzhen Haisic Technology Co., Ltd. \u00e8 un'impresa nazionale high-tech dedicata alla ricerca, sviluppo e produzione di prodotti per l'accumulo di energia come pacchi batteria LiFePO4, accumulo di energia commerciale e industriale, accumulo di energia residenziale, stazione di alimentazione portatile\/generatore solare, inverter solare, batteria per carrelli elevatori, batteria per bus\/golf cart RVAlandscape e altre batterie OEM\/ODM in Cina.<\/span><\/strong><\/p>\n<div><\/div>\n<div><strong>Profondamente impegnata in questo settore da oltre 12 anni, Haisic Technology ha accumulato una profonda esperienza in ricerca e sviluppo, innovazione, controllo qualit\u00e0 e gestione. I nostri prodotti sono utilizzati nell'accumulo di energia domestica, nell'accumulo di energia industriale, nell'accumulo di energia commerciale, nella comunicazione di potenza, nell'elettronica medica, nelle comunicazioni di sicurezza, nei trasporti e nella logistica, nella nuova energia, nella casa intelligente e in altri settori correlati. <\/strong><\/div>\n<div><strong>\u00a0<\/strong><\/div>\n<div><strong>We have owned our own production base covering more than 14000m located in Dapeng district of Shenzhen with ISO9001, ISO14001, IS045001 and Amfori BSCI, and our products are with CE, FCC, TUV-UL2054, CQC,RoHs, PSE,MSDS, UN38.3 certificates. We\u2019ve already provided safe, stable, environmentallyfriendly, high-quality products and professional OEM\/ODM services to customers in more than 80 countries and regions. <\/strong><\/div>\n<div><\/div>\n<div><\/div>\n<div><strong>FAQ <\/strong><\/div>\n<div><strong><span data-spm-anchor-id=\"a2700.pc-decorate.0.i33.5d033333Lu9Prj\">1. Cosa c'\u00e8 di speciale nelle batterie al litio?<\/span><\/strong><\/div>\n<div>\n<p><span data-spm-anchor-id=\"a2700.pc-decorate.0.i33.5d033333Lu9Prj\">R: Con un'elevata densit\u00e0 di energia, ha raggiunto 460-600Wh\/kg, che \u00e8 circa 6-7 volte quella delle batterie al piombo-acido. Lunga durata, la durata pu\u00f2 raggiungere pi\u00f9 di 6 anni. Peso leggero, il peso \u00e8 circa 1\/5-6 del prodotto al piombo-acido con lo stesso volume.<\/span><\/p>\n<p>&nbsp;<\/p>\n<div data-spm-anchor-id=\"a2700.pc-decorate.0.i34.5d033333Lu9Prj\"><strong>2. Per cosa viene utilizzata una batteria al litio?<br \/>\n<\/strong>A: la batteria agli ioni di litio viene utilizzata per l'alimentazione e lo stoccaggio di energia. Come backup di emergenza o UPS. Alimentazione elettrica affidabile e per veicoli ricreazionali, golf cart, marine leggeri e affidabili, stoccaggio di energia solare, casa solare, piccola fabbrica di lavorazioni, sistemi di sorveglianza o allarme in localit\u00e0 remote.3. Le vostre batterie sono sicure? A: Le nostre batterie sono sicure. Tutte le batterie Zwayn utilizzano i componenti pi\u00f9 sicuri e stabili, inclusi un catodo LiFePO4 e un Sistema di Gestione della Batteria (BMS) integrato. Il BMS protegge le celle da tensioni eccessivamente alte o basse, correnti elevate, cortocircuiti e calore o freddo eccessivi. Questi sono i motivi pi\u00f9 comuni di guasti delle batterie, e abbiamo preso ogni precauzione per mitigare questi rischi in tutte le nostre batterie.<br \/>\n<strong><br \/>\n4. Come scelgo la batteria al litio a ciclo profondo corretta per la mia applicazione?<br \/>\n<\/strong>R: Nella maggior parte dei sistemi standard a 12, 24 o 48 volt, la scelta migliore della batteria al litio \u00e8 LiFePO4 (litio ferro fosfato\/<br \/>\nCella a sacchetto\/batteria primaria). La tensione di questo tipo di batteria \u00e8 molto simile a una AGM e funzioner\u00e0 alla grande con facilit\u00e0<br \/>\ncomponenti di sistema disponibili per il tuo camper, barca, sistema di alimentazione off-grid, casa solare (TV, frigorifero, lavatrice, aria<br \/>\ncondizionatore, scaldabagno, forno a microonde, piano cottura a induzione, lavastoviglie, stampante, computer), Torre di telecomunicazioni, sistemi ibridi e solari off-grid applications.5. Pu\u00f2 essere in serie o in parallelo per l'uso? A: S\u00ec signore, pu\u00f2 supportare al massimo 15 in collegamento parallelo per l'uso, scatola di stoccaggio Massimo 150 kWh.<br \/>\n<strong><br \/>\n6. Questo pacco batteria \u00e8 compatibile con il mio inverter? Avete un elenco aziendale degli inverter compatibili?<br \/>\n<\/strong>A: S\u00ec signore, il nostro pacco batteria \u00e8 compatibile con la maggior parte delle marche di inverter sul mercato, come Deye, MUST, SMA, Growatt, Solax, Solis, Sungrow, Sofar, Voltronic, Sorotec, Studer, ecc.<\/div>\n<\/div>\n<\/div>","protected":false},"excerpt":{"rendered":"<p>Sistema di Batterie di Accumulo Energetico Stackable HS-TQS 4.2kW+7.168kWh<br \/>\n(Scalabilit\u00e0 Flessibile | Stabilit\u00e0 Efficiente | Gestione Intelligente dell'Energia)<\/p>","protected":false},"featured_media":1699,"template":"","meta":{"site-sidebar-layout":"default","site-content-layout":"","ast-site-content-layout":"default","site-content-style":"default","site-sidebar-style":"default","ast-global-header-display":"","ast-banner-title-visibility":"","ast-main-header-display":"","ast-hfb-above-header-display":"","ast-hfb-below-header-display":"","ast-hfb-mobile-header-display":"","site-post-title":"","ast-breadcrumbs-content":"","ast-featured-img":"","footer-sml-layout":"","ast-disable-related-posts":"","theme-transparent-header-meta":"default","adv-header-id-meta":"","stick-header-meta":"default","header-above-stick-meta":"","header-main-stick-meta":"","header-below-stick-meta":"","astra-migrate-meta-layouts":"set","ast-page-background-enabled":"default","ast-page-background-meta":{"desktop":{"background-color":"var(--ast-global-color-4)","background-image":"","background-repeat":"repeat","background-position":"center center","background-size":"auto","background-attachment":"scroll","background-type":"","background-media":"","overlay-type":"","overlay-color":"","overlay-opacity":"","overlay-gradient":""},"tablet":{"background-color":"","background-image":"","background-repeat":"repeat","background-position":"center center","background-size":"auto","background-attachment":"scroll","background-type":"","background-media":"","overlay-type":"","overlay-color":"","overlay-opacity":"","overlay-gradient":""},"mobile":{"background-color":"","background-image":"","background-repeat":"repeat","background-position":"center center","background-size":"auto","background-attachment":"scroll","background-type":"","background-media":"","overlay-type":"","overlay-color":"","overlay-opacity":"","overlay-gradient":""}},"ast-content-background-meta":{"desktop":{"background-color":"var(--ast-global-color-5)","background-image":"","background-repeat":"repeat","background-position":"center center","background-size":"auto","background-attachment":"scroll","background-type":"","background-media":"","overlay-type":"","overlay-color":"","overlay-opacity":"","overlay-gradient":""},"tablet":{"background-color":"var(--ast-global-color-5)","background-image":"","background-repeat":"repeat","background-position":"center center","background-size":"auto","background-attachment":"scroll","background-type":"","background-media":"","overlay-type":"","overlay-color":"","overlay-opacity":"","overlay-gradient":""},"mobile":{"background-color":"var(--ast-global-color-5)","background-image":"","background-repeat":"repeat","background-position":"center center","background-size":"auto","background-attachment":"scroll","background-type":"","background-media":"","overlay-type":"","overlay-color":"","overlay-opacity":"","overlay-gradient":""}}},"product_brand":[],"product_cat":[56,47,52],"product_tag":[],"class_list":{"0":"post-1694","1":"product","2":"type-product","3":"status-publish","4":"has-post-thumbnail","6":"product_cat-energy-storage-battery-system","7":"product_cat-residetial-ess","8":"product_cat-stackable-ess","9":"desktop-align-left","10":"tablet-align-left","11":"mobile-align-left","12":"ast-product-gallery-layout-horizontal-slider","13":"ast-product-tabs-layout-horizontal","15":"first","16":"instock","17":"shipping-taxable","18":"purchasable","19":"product-type-simple"},"_links":{"self":[{"href":"https:\/\/haisicstorage.com\/it\/wp-json\/wp\/v2\/product\/1694","targetHints":{"allow":["GET"]}}],"collection":[{"href":"https:\/\/haisicstorage.com\/it\/wp-json\/wp\/v2\/product"}],"about":[{"href":"https:\/\/haisicstorage.com\/it\/wp-json\/wp\/v2\/types\/product"}],"version-history":[{"count":6,"href":"https:\/\/haisicstorage.com\/it\/wp-json\/wp\/v2\/product\/1694\/revisions"}],"predecessor-version":[{"id":3496,"href":"https:\/\/haisicstorage.com\/it\/wp-json\/wp\/v2\/product\/1694\/revisions\/3496"}],"wp:featuredmedia":[{"embeddable":true,"href":"https:\/\/haisicstorage.com\/it\/wp-json\/wp\/v2\/media\/1699"}],"wp:attachment":[{"href":"https:\/\/haisicstorage.com\/it\/wp-json\/wp\/v2\/media?parent=1694"}],"wp:term":[{"taxonomy":"product_brand","embeddable":true,"href":"https:\/\/haisicstorage.com\/it\/wp-json\/wp\/v2\/product_brand?post=1694"},{"taxonomy":"product_cat","embeddable":true,"href":"https:\/\/haisicstorage.com\/it\/wp-json\/wp\/v2\/product_cat?post=1694"},{"taxonomy":"product_tag","embeddable":true,"href":"https:\/\/haisicstorage.com\/it\/wp-json\/wp\/v2\/product_tag?post=1694"}],"curies":[{"name":"wp","href":"https:\/\/api.w.org\/{rel}","templated":true}]}}