{"id":1683,"date":"2025-12-03T06:17:14","date_gmt":"2025-12-03T06:17:14","guid":{"rendered":"https:\/\/haisicstorage.com\/?post_type=product&#038;p=1683"},"modified":"2026-02-27T07:29:36","modified_gmt":"2026-02-27T07:29:36","slug":"25-6v-200ah-lithium-battery-home-energy-storage","status":"publish","type":"product","link":"https:\/\/haisicstorage.com\/it\/25-6v-200ah-lithium-battery-home-energy-storage\/","title":{"rendered":"Batteria al litio da 25,6V 200Ah per accumulo energetico domestico"},"content":{"rendered":"<div data-spm-anchor-id=\"a2700.pc-decorate.0.i6.5d033333Lu9Prj\">\n<p>I. Centro di Interazione Intelligente: Quello che vedi \u00e8 quello che ottieni, controllo touch tutto-in-uno<\/p>\n<p>L'HS-BG25200 eredita il DNA intelligente, dotato di un touchscreen ad alta definizione da 3,5 pollici che trasforma la gestione complessa dell'energia in semplici operazioni con un tocco. Una maggiore capacit\u00e0 richiede un controllo pi\u00f9 chiaro.<\/p>\n<p>Cockpit Energetico Panoramico: Monitora in tempo reale l'ingresso solare, l'uscita di carico e lo stato della batteria (tensione, temperatura, salute). Diagrammi di flusso energetico dinamici forniscono visibilit\u00e0 immediata di generazione, stoccaggio e consumo.<\/p>\n<p>Strategie Smart Personalizzabili: Configura facilmente le priorit\u00e0 di carica\/scarica e la gestione delle tariffe di punta e fuori punta per massimizzare i tassi di autoconsumo e i benefici economici. Definisci il tuo stile di vita intelligente.<\/p>\n<p>Doppie Sicurezze di Protezione: Visualizzazione intuitiva sullo schermo di tutti gli stati di protezione del BMS (Sistema di Gestione della Batteria). Avvisi pop-up istantanei per qualsiasi anomalia (sovratensione, surriscaldamento, sovraccarico) garantiscono che i rischi per la sicurezza siano ovunque sotto controllo.<\/p>\n<p>Dati Storici &amp; Risultati: Traccia le curve di generazione e consumo giornaliere, mensili e annuali. Quantifica i risparmi sulla bolletta e i contributi alla riduzione delle emissioni di carbonio, rendendo le scelte ecologiche pi\u00f9 gratificanti.<\/p>\n<p>II. Nucleo di Prestazioni Robuste: Alta Capacit\u00e0, Durata Estesa, Affidabilit\u00e0 Superiore<\/p>\n<p>Raddoppia l'Energia, Gestisci le Richieste con Facilit\u00e0: Dotato di una batteria integrata al litio ferro fosfato (LiFePO\u2084) da 5kWh ad alta capacit\u00e0, soddisfa facilmente le crescenti esigenze di energia domestica estendendo significativamente la durata operativa.<\/p>\n<p>Fondamenta di Sicurezza, Solida come una Roccia: Utilizza un sistema di gestione intelligente BMS, che fornisce molte protezioni hardware tra cui sovraccarico, sovrascarica, sovracorrente, cortocircuito e protezioni termiche, garantendo un funzionamento sicuro e stabile di questa unit\u00e0 ad alta capacit\u00e0.<\/p>\n<p>Ricarica Ibrida Efficiente: Supporta un input solare di 1000W (tecnologia MPPT, efficienza di tracking &gt;99,1%) e ricarica rapida dalla rete. La ricarica parallela a dopp percorso consente un rapido recupero, affrontando senza paura giorni di pioggia consecutivi.<\/p>\n<p>Uscita di Potenza Pura: Dotato di un inverter a onda sinusoidale pura da 1500W, che fornisce forme d'onda di uscita stabili e pulite. Alimenta in modo sicuro apparecchi sensibili come condizionatori, lavatrici e attrezzature da cucina.<\/p>\n<p>III. Scenari di applicazione versatili<\/p>\n<p>L'HS-BG25200 \u00e8 una soluzione energetica progettata per famiglie con esigenze pi\u00f9 elevate:<\/p>\n<p>Backup di Energia Quotidiano per Famiglie Numerose: Fornisce una copertura di emergenza prolungata per famiglie di medie e grandi dimensioni, supportando apparecchiature pi\u00f9 critiche.<\/p>\n<p>Compagno PV per l'Intera Casa: Compatibile con sistemi solari pi\u00f9 grandi per immagazzinare l'eccesso di energia durante il giorno, consentendo una vera indipendenza energetica notturna.<\/p>\n<p>Potenza per Ufficio Piccolo\/SOHO: Fornisce energia stabile e ininterrotta per uffici domestici e studi, garantendo la continuit\u00e0 del flusso di lavoro.<\/p>\n<p>Punta di Potenza per Esterni: Risponde alle esigenze di campeggio prolungato e viaggi in camper, fungendo da affidabile soluzione di energia all'aperto.<\/p>\n<p>HS-BG25200: Raddoppio della capacit\u00e0 per soddisfare le tue aspirazioni di uno stile di vita di alta qualit\u00e0, potenziando l'autonomia energetica attraverso un'interazione intelligente. Pi\u00f9 di un semplice prodotto, rappresenta una scelta strategica per aggiornare il sistema energetico domestico \u2013 offrendo maggiore libert\u00e0 nell'uso dell'elettricit\u00e0 e uno stile di vita pi\u00f9 rilassato.<\/p>\n<\/div>\n<div data-spm-anchor-id=\"a2700.pc-decorate.0.i5.5d033333Lu9Prj\"><\/div>\n<div data-spm-anchor-id=\"a2700.pc-decorate.0.i5.5d033333Lu9Prj\"><strong>Profilo aziendale <\/strong><\/div>\n<div data-spm-anchor-id=\"a2700.pc-decorate.0.i5.5d033333Lu9Prj\"><\/div>\n<div data-spm-anchor-id=\"a2700.pc-decorate.0.i5.5d033333Lu9Prj\">\n<p><strong><span data-spm-anchor-id=\"a2700.pc-decorate.0.i21.5d033333Lu9Prj\">Fondata nel 2011, Shenzhen Haisic Technology Co., Ltd. \u00e8 un'impresa nazionale high-tech dedicata alla ricerca, sviluppo e produzione di prodotti per l'accumulo di energia come pacchi batteria LiFePO4, accumulo di energia commerciale e industriale, accumulo di energia residenziale, stazione di alimentazione portatile\/generatore solare, inverter solare, batteria per carrelli elevatori, batteria per bus\/golf cart RVAlandscape e altre batterie OEM\/ODM in Cina.<\/span><\/strong><\/p>\n<div><\/div>\n<div><strong>Profondamente impegnata in questo settore da oltre 12 anni, Haisic Technology ha accumulato una profonda esperienza in ricerca e sviluppo, innovazione, controllo qualit\u00e0 e gestione. I nostri prodotti sono utilizzati nell'accumulo di energia domestica, nell'accumulo di energia industriale, nell'accumulo di energia commerciale, nella comunicazione di potenza, nell'elettronica medica, nelle comunicazioni di sicurezza, nei trasporti e nella logistica, nella nuova energia, nella casa intelligente e in altri settori correlati. <\/strong><\/div>\n<div><strong>\u00a0<\/strong><\/div>\n<div><strong>We have owned our own production base covering more than 14000m located in Dapeng district of Shenzhen with ISO9001, ISO14001, IS045001 and Amfori BSCI, and our products are with CE, FCC, TUV-UL2054, CQC,RoHs, PSE,MSDS, UN38.3 certificates. We\u2019ve already provided safe, stable, environmentallyfriendly, high-quality products and professional OEM\/ODM services to customers in more than 80 countries and regions. <\/strong><\/div>\n<div><\/div>\n<div><strong>FAQ <\/strong><\/div>\n<div><strong><span data-spm-anchor-id=\"a2700.pc-decorate.0.i33.5d033333Lu9Prj\">1. Cosa c'\u00e8 di speciale nelle batterie al litio?<\/span><\/strong><\/div>\n<div>\n<p><span data-spm-anchor-id=\"a2700.pc-decorate.0.i33.5d033333Lu9Prj\">R: Con un'elevata densit\u00e0 di energia, ha raggiunto 460-600Wh\/kg, che \u00e8 circa 6-7 volte quella delle batterie al piombo-acido. Lunga durata, la durata pu\u00f2 raggiungere pi\u00f9 di 6 anni. Peso leggero, il peso \u00e8 circa 1\/5-6 del prodotto al piombo-acido con lo stesso volume.<\/span><\/p>\n<p>&nbsp;<\/p>\n<div data-spm-anchor-id=\"a2700.pc-decorate.0.i34.5d033333Lu9Prj\"><strong>2. Per cosa viene utilizzata una batteria al litio?<br \/>\n<\/strong>A: la batteria agli ioni di litio viene utilizzata per l'alimentazione e lo stoccaggio di energia. Come backup di emergenza o UPS. Alimentazione elettrica affidabile e per veicoli ricreazionali, golf cart, marine leggeri e affidabili, stoccaggio di energia solare, casa solare, piccola fabbrica di lavorazioni, sistemi di sorveglianza o allarme in localit\u00e0 remote.3. Le vostre batterie sono sicure? A: Le nostre batterie sono sicure. Tutte le batterie Zwayn utilizzano i componenti pi\u00f9 sicuri e stabili, inclusi un catodo LiFePO4 e un Sistema di Gestione della Batteria (BMS) integrato. Il BMS protegge le celle da tensioni eccessivamente alte o basse, correnti elevate, cortocircuiti e calore o freddo eccessivi. Questi sono i motivi pi\u00f9 comuni di guasti delle batterie, e abbiamo preso ogni precauzione per mitigare questi rischi in tutte le nostre batterie.<br \/>\n<strong><br \/>\n4. Come scelgo la batteria al litio a ciclo profondo corretta per la mia applicazione?<br \/>\n<\/strong>R: Nella maggior parte dei sistemi standard a 12, 24 o 48 volt, la scelta migliore della batteria al litio \u00e8 LiFePO4 (litio ferro fosfato\/<br \/>\nCella a sacchetto\/batteria primaria). La tensione di questo tipo di batteria \u00e8 molto simile a una AGM e funzioner\u00e0 alla grande con facilit\u00e0<br \/>\ncomponenti di sistema disponibili per il tuo camper, barca, sistema di alimentazione off-grid, casa solare (TV, frigorifero, lavatrice, aria<br \/>\nCondizionatore, scaldabagno, forno a microonde, piano cottura a induzione, lavastoviglie, stampante, computer), Torri di telecomunicazioni, applicazioni di sistemi ibridi e solari off-grid.5. Pu\u00f2 essere collegato in serie o in parallelo per l'uso?<\/p>\n<p>A: S\u00ec signore, pu\u00f2 supportare un massimo di 15 collegamenti in parallelo per l'uso, massimo 150 kWh di scatola di stoccaggio.<br \/>\n<strong><br \/>\n6. Questo pacco batteria \u00e8 compatibile con il mio inverter? Avete un elenco aziendale degli inverter compatibili?<br \/>\n<\/strong>A: S\u00ec signore, il nostro pacco batteria \u00e8 compatibile con la maggior parte delle marche di inverter sul mercato, come Deye, MUST, SMA, Growatt, Solax, Solis, Sungrow, Sofar, Voltronic, Sorotec, Studer, ecc.<\/p>\n<\/div>\n<\/div>\n<\/div>","protected":false},"excerpt":{"rendered":"<p>Panoramica del Sistema di Accumulo Energetico per Smart Home HS-BG25200<\/p>\n<p>Raddoppia la capacit\u00e0, raddoppia la libert\u00e0 \u2013 domina l'energia futura con un display da 3,5 pollici<\/p>","protected":false},"featured_media":1684,"template":"","meta":{"site-sidebar-layout":"default","site-content-layout":"","ast-site-content-layout":"default","site-content-style":"default","site-sidebar-style":"default","ast-global-header-display":"","ast-banner-title-visibility":"","ast-main-header-display":"","ast-hfb-above-header-display":"","ast-hfb-below-header-display":"","ast-hfb-mobile-header-display":"","site-post-title":"","ast-breadcrumbs-content":"","ast-featured-img":"","footer-sml-layout":"","ast-disable-related-posts":"","theme-transparent-header-meta":"default","adv-header-id-meta":"","stick-header-meta":"default","header-above-stick-meta":"","header-main-stick-meta":"","header-below-stick-meta":"","astra-migrate-meta-layouts":"set","ast-page-background-enabled":"default","ast-page-background-meta":{"desktop":{"background-color":"var(--ast-global-color-4)","background-image":"","background-repeat":"repeat","background-position":"center center","background-size":"auto","background-attachment":"scroll","background-type":"","background-media":"","overlay-type":"","overlay-color":"","overlay-opacity":"","overlay-gradient":""},"tablet":{"background-color":"","background-image":"","background-repeat":"repeat","background-position":"center center","background-size":"auto","background-attachment":"scroll","background-type":"","background-media":"","overlay-type":"","overlay-color":"","overlay-opacity":"","overlay-gradient":""},"mobile":{"background-color":"","background-image":"","background-repeat":"repeat","background-position":"center center","background-size":"auto","background-attachment":"scroll","background-type":"","background-media":"","overlay-type":"","overlay-color":"","overlay-opacity":"","overlay-gradient":""}},"ast-content-background-meta":{"desktop":{"background-color":"var(--ast-global-color-5)","background-image":"","background-repeat":"repeat","background-position":"center center","background-size":"auto","background-attachment":"scroll","background-type":"","background-media":"","overlay-type":"","overlay-color":"","overlay-opacity":"","overlay-gradient":""},"tablet":{"background-color":"var(--ast-global-color-5)","background-image":"","background-repeat":"repeat","background-position":"center center","background-size":"auto","background-attachment":"scroll","background-type":"","background-media":"","overlay-type":"","overlay-color":"","overlay-opacity":"","overlay-gradient":""},"mobile":{"background-color":"var(--ast-global-color-5)","background-image":"","background-repeat":"repeat","background-position":"center center","background-size":"auto","background-attachment":"scroll","background-type":"","background-media":"","overlay-type":"","overlay-color":"","overlay-opacity":"","overlay-gradient":""}}},"product_brand":[],"product_cat":[47,56,50],"product_tag":[],"class_list":{"0":"post-1683","1":"product","2":"type-product","3":"status-publish","4":"has-post-thumbnail","6":"product_cat-residetial-ess","7":"product_cat-energy-storage-battery-system","8":"product_cat-floor-standing-ess","9":"desktop-align-left","10":"tablet-align-left","11":"mobile-align-left","12":"ast-product-gallery-layout-horizontal-slider","13":"ast-product-tabs-layout-horizontal","15":"first","16":"instock","17":"shipping-taxable","18":"purchasable","19":"product-type-simple"},"_links":{"self":[{"href":"https:\/\/haisicstorage.com\/it\/wp-json\/wp\/v2\/product\/1683","targetHints":{"allow":["GET"]}}],"collection":[{"href":"https:\/\/haisicstorage.com\/it\/wp-json\/wp\/v2\/product"}],"about":[{"href":"https:\/\/haisicstorage.com\/it\/wp-json\/wp\/v2\/types\/product"}],"version-history":[{"count":4,"href":"https:\/\/haisicstorage.com\/it\/wp-json\/wp\/v2\/product\/1683\/revisions"}],"predecessor-version":[{"id":3498,"href":"https:\/\/haisicstorage.com\/it\/wp-json\/wp\/v2\/product\/1683\/revisions\/3498"}],"wp:featuredmedia":[{"embeddable":true,"href":"https:\/\/haisicstorage.com\/it\/wp-json\/wp\/v2\/media\/1684"}],"wp:attachment":[{"href":"https:\/\/haisicstorage.com\/it\/wp-json\/wp\/v2\/media?parent=1683"}],"wp:term":[{"taxonomy":"product_brand","embeddable":true,"href":"https:\/\/haisicstorage.com\/it\/wp-json\/wp\/v2\/product_brand?post=1683"},{"taxonomy":"product_cat","embeddable":true,"href":"https:\/\/haisicstorage.com\/it\/wp-json\/wp\/v2\/product_cat?post=1683"},{"taxonomy":"product_tag","embeddable":true,"href":"https:\/\/haisicstorage.com\/it\/wp-json\/wp\/v2\/product_tag?post=1683"}],"curies":[{"name":"wp","href":"https:\/\/api.w.org\/{rel}","templated":true}]}}