{"id":1676,"date":"2025-12-03T06:09:22","date_gmt":"2025-12-03T06:09:22","guid":{"rendered":"https:\/\/haisicstorage.com\/?post_type=product&#038;p=1676"},"modified":"2026-02-27T07:30:02","modified_gmt":"2026-02-27T07:30:02","slug":"25-6v-battery-305ah-touch-screen-home-energy-storage","status":"publish","type":"product","link":"https:\/\/haisicstorage.com\/it\/25-6v-battery-305ah-touch-screen-home-energy-storage\/","title":{"rendered":"Batteria da 25.6v 305ah, sistema di accumulo energetico domestico con touchscreen"},"content":{"rendered":"<div data-spm-anchor-id=\"a2700.pc-decorate.0.i6.5d033333Lu9Prj\">\n<p>I. Nucleo Intelligente: Interazione Touch a Schermo Intero da 3,5 pollici, Padroneggiare le Dinamiche Energetiche Complete<\/p>\n<p>L\u2019HS-BG25305 integra un hub di interazione intelligente, combinando senza soluzione di continuit\u00e0 capacit\u00e0 di accumulo energetico robuste con un touchscreen ad alta definizione da 3,5 pollici. Questo trasforma la gestione complessa dell\u2019energia in un\u2019esperienza incredibilmente semplice ed efficiente.<\/p>\n<p>Gestione Visuale Completa dell\u2019Energia: Diagrammi di flusso dinamici forniscono visualizzazione in tempo reale del flusso di energia tra pannelli solari, rete elettrica, batterie e carichi. Lo stato di alimentazione, la potenza in ingresso\/uscita e il tempo di funzionamento stimato sono chiaramente visualizzati a colpo d\u2019occhio.<\/p>\n<p>Personalizzazione della Strategia Intelligente Multi-Modalit\u00e0: Passa istantaneamente tra modalit\u00e0 come \u2018Standby Off-Grid\u2019, \u2018Economia Picco-Vallata\u2019 e \u2018Priorit\u00e0 al Pannello Fotovoltaico\u2019, personalizzando i tempi di carica\/scarica per adattarsi precisamente ai tuoi schemi di consumo e massimizzare il risparmio energetico.<\/p>\n<p>Monitoraggio e Diagnostica a Livello di Sistema: Fornisce interrogazioni approfondite sui parametri principali, tra cui Stato di Salute (SOH), conteggio dei cicli, temperatura e tensione, consentendo manutenzione predittiva per prevenire problemi prima che si presentino.<\/p>\n<p>Log Storici e di Sicurezza Integrati: Registra in modo completo le curve di generazione e consumo insieme a tutti gli eventi di allerta, offrendo approfondimenti basati sui dati per ottimizzare l\u2019uso dell\u2019energia garantendo piena tracciabilit\u00e0 dello stato di sicurezza.<\/p>\n<p>II. Prestazioni Robuste: Alimentazione Stabile a Lungo Termine<\/p>\n<p>Protezione di Sicurezza a Livello Fortezza: Utilizza un sistema di gestione BMS intelligente e scalabile che integra molteplici salvaguardie contro sovraccarichi, scariche eccessive, sovracorrenti, cortocircuiti, anomalie di temperatura e bilanciamento delle celle, garantendo un funzionamento impeccabile dei sistemi di accumulo di energia ad altissima capacit\u00e0.<\/p>\n<p>III. Scenari di applicazione versatili<\/p>\n<p>L\u2019HS-BG25305 \u00e8 la scelta ideale per chi cerca indipendenza energetica e tranquillit\u00e0:<\/p>\n<p>Backup di Energia a Lungo Termine per Piccole e Medie Famiglie: Fornisce energia di emergenza prolungata per appartamenti urbani o abitazioni rurali, garantendo refrigerazione, illuminazione e comunicazioni ininterrotte durante le interruzioni di corrente.<\/p>\n<p>Assicurazione di Energia per Uffici SOHO: Offre energia di riserva silenziosa e affidabile per uffici domestici e studi, proteggendo i dati di lavoro e mantenendo un funzionamento stabile delle apparecchiature.<\/p>\n<p>Soluzione di Energia per il Tempo Libero all\u2019Aperto: Risponde alle esigenze di energia per campeggi nel fine settimana, viaggi su lunga distanza e altre attivit\u00e0 all\u2019aperto, fornendo energia verde continua e stabile.<\/p>\n<p>L\u2019HS-BG25305 ridefinisce la sicurezza energetica domestica. Pi\u00f9 di una riserva di energia, \u00e8 il tuo affidabile compagno per uno stile di vita sicuro, economico ed ecologico, permettendoti di navigare facilmente tra diversi scenari di alimentazione e abbracciare una vita intelligente.<\/p>\n<\/div>\n<div data-spm-anchor-id=\"a2700.pc-decorate.0.i5.5d033333Lu9Prj\"><strong>Profilo aziendale <\/strong><\/div>\n<div data-spm-anchor-id=\"a2700.pc-decorate.0.i5.5d033333Lu9Prj\"><\/div>\n<div data-spm-anchor-id=\"a2700.pc-decorate.0.i5.5d033333Lu9Prj\"><\/div>\n<div data-spm-anchor-id=\"a2700.pc-decorate.0.i5.5d033333Lu9Prj\">\n<p><strong><span data-spm-anchor-id=\"a2700.pc-decorate.0.i21.5d033333Lu9Prj\">Fondata nel 2011, Shenzhen Haisic Technology Co., Ltd. \u00e8 un'impresa nazionale high-tech dedicata alla ricerca, sviluppo e produzione di prodotti per l'accumulo di energia come pacchi batteria LiFePO4, accumulo di energia commerciale e industriale, accumulo di energia residenziale, stazione di alimentazione portatile\/generatore solare, inverter solare, batteria per carrelli elevatori, batteria per bus\/golf cart RVAlandscape e altre batterie OEM\/ODM in Cina.<\/span><\/strong><\/p>\n<div><\/div>\n<div><strong>Profondamente impegnata in questo settore da oltre 12 anni, Haisic Technology ha accumulato una profonda esperienza in ricerca e sviluppo, innovazione, controllo qualit\u00e0 e gestione. I nostri prodotti sono utilizzati nell'accumulo di energia domestica, nell'accumulo di energia industriale, nell'accumulo di energia commerciale, nella comunicazione di potenza, nell'elettronica medica, nelle comunicazioni di sicurezza, nei trasporti e nella logistica, nella nuova energia, nella casa intelligente e in altri settori correlati. <\/strong><\/div>\n<div><strong>\u00a0<\/strong><\/div>\n<div><strong>We have owned our own production base covering more than 14000m located in Dapeng district of Shenzhen with ISO9001, ISO14001, IS045001 and Amfori BSCI, and our products are with CE, FCC, TUV-UL2054, CQC,RoHs, PSE,MSDS, UN38.3 certificates. We\u2019ve already provided safe, stable, environmentallyfriendly, high-quality products and professional OEM\/ODM services to customers in more than 80 countries and regions. <\/strong><\/div>\n<div><\/div>\n<div><\/div>\n<div><strong>FAQ <\/strong><\/div>\n<div><strong><span data-spm-anchor-id=\"a2700.pc-decorate.0.i33.5d033333Lu9Prj\">1. Cosa c'\u00e8 di speciale nelle batterie al litio?<\/span><\/strong><\/div>\n<div>\n<p><span data-spm-anchor-id=\"a2700.pc-decorate.0.i33.5d033333Lu9Prj\">R: Con un'elevata densit\u00e0 di energia, ha raggiunto 460-600Wh\/kg, che \u00e8 circa 6-7 volte quella delle batterie al piombo-acido. Lunga durata, la durata pu\u00f2 raggiungere pi\u00f9 di 6 anni. Peso leggero, il peso \u00e8 circa 1\/5-6 del prodotto al piombo-acido con lo stesso volume.<\/span><\/p>\n<p>&nbsp;<\/p>\n<div data-spm-anchor-id=\"a2700.pc-decorate.0.i34.5d033333Lu9Prj\"><strong>2. Per cosa viene utilizzata una batteria al litio?<br \/>\n<\/strong>A: la batteria agli ioni di litio viene utilizzata per l'alimentazione e lo stoccaggio di energia. Come backup di emergenza o UPS. Alimentazione elettrica affidabile e per veicoli ricreazionali, golf cart, marine leggeri e affidabili, stoccaggio di energia solare, casa solare, piccola fabbrica di lavorazioni, sistemi di sorveglianza o allarme in localit\u00e0 remote.3. Le vostre batterie sono sicure? A: Le nostre batterie sono sicure. Tutte le batterie Zwayn utilizzano i componenti pi\u00f9 sicuri e stabili, inclusi un catodo LiFePO4 e un Sistema di Gestione della Batteria (BMS) integrato. Il BMS protegge le celle da tensioni eccessivamente alte o basse, correnti elevate, cortocircuiti e calore o freddo eccessivi. Questi sono i motivi pi\u00f9 comuni di guasti delle batterie, e abbiamo preso ogni precauzione per mitigare questi rischi in tutte le nostre batterie.<br \/>\n<strong><br \/>\n4. Come scelgo la batteria al litio a ciclo profondo corretta per la mia applicazione?<br \/>\n<\/strong>R: Nella maggior parte dei sistemi standard a 12, 24 o 48 volt, la scelta migliore della batteria al litio \u00e8 LiFePO4 (litio ferro fosfato\/<br \/>\nCella a sacchetto\/batteria primaria). La tensione di questo tipo di batteria \u00e8 molto simile a una AGM e funzioner\u00e0 alla grande con facilit\u00e0<br \/>\ncomponenti di sistema disponibili per il tuo camper, barca, sistema di alimentazione off-grid, casa solare (TV, frigorifero, lavatrice, aria<br \/>\nCondizionatore, scaldabagno, forno a microonde, piano cottura a induzione, lavastoviglie, stampante, computer), Torri di telecomunicazioni, applicazioni di sistemi ibridi e solari off-grid.5. Pu\u00f2 essere collegato in serie o in parallelo per l'uso?<\/p>\n<p>A: S\u00ec signore, pu\u00f2 supportare un massimo di 15 collegamenti in parallelo per l'uso, massimo 150 kWh di scatola di stoccaggio.<br \/>\n<strong><br \/>\n6. Questo pacco batteria \u00e8 compatibile con il mio inverter? Avete un elenco aziendale degli inverter compatibili?<br \/>\n<\/strong>A: S\u00ec signore, il nostro pacco batteria \u00e8 compatibile con la maggior parte delle marche di inverter sul mercato, come Deye, MUST, SMA, Growatt, Solax, Solis, Sungrow, Sofar, Voltronic, Sorotec, Studer, ecc.<\/p>\n<\/div>\n<\/div>\n<\/div>","protected":false},"excerpt":{"rendered":"<p>HS-BG25305 Panoramica del Sistema di Accumulo Energetico Intelligente per la Casa<\/p>\n<p>Controllo Intelligente a Portata di Mano \u2013 Dite Addio all\u2019Ansia Energetica, Ridefinite la Libert\u00e0 Energetica Domestica<\/p>","protected":false},"featured_media":1677,"template":"","meta":{"site-sidebar-layout":"default","site-content-layout":"","ast-site-content-layout":"default","site-content-style":"default","site-sidebar-style":"default","ast-global-header-display":"","ast-banner-title-visibility":"","ast-main-header-display":"","ast-hfb-above-header-display":"","ast-hfb-below-header-display":"","ast-hfb-mobile-header-display":"","site-post-title":"","ast-breadcrumbs-content":"","ast-featured-img":"","footer-sml-layout":"","ast-disable-related-posts":"","theme-transparent-header-meta":"default","adv-header-id-meta":"","stick-header-meta":"default","header-above-stick-meta":"","header-main-stick-meta":"","header-below-stick-meta":"","astra-migrate-meta-layouts":"set","ast-page-background-enabled":"default","ast-page-background-meta":{"desktop":{"background-color":"var(--ast-global-color-4)","background-image":"","background-repeat":"repeat","background-position":"center center","background-size":"auto","background-attachment":"scroll","background-type":"","background-media":"","overlay-type":"","overlay-color":"","overlay-opacity":"","overlay-gradient":""},"tablet":{"background-color":"","background-image":"","background-repeat":"repeat","background-position":"center center","background-size":"auto","background-attachment":"scroll","background-type":"","background-media":"","overlay-type":"","overlay-color":"","overlay-opacity":"","overlay-gradient":""},"mobile":{"background-color":"","background-image":"","background-repeat":"repeat","background-position":"center center","background-size":"auto","background-attachment":"scroll","background-type":"","background-media":"","overlay-type":"","overlay-color":"","overlay-opacity":"","overlay-gradient":""}},"ast-content-background-meta":{"desktop":{"background-color":"var(--ast-global-color-5)","background-image":"","background-repeat":"repeat","background-position":"center center","background-size":"auto","background-attachment":"scroll","background-type":"","background-media":"","overlay-type":"","overlay-color":"","overlay-opacity":"","overlay-gradient":""},"tablet":{"background-color":"var(--ast-global-color-5)","background-image":"","background-repeat":"repeat","background-position":"center center","background-size":"auto","background-attachment":"scroll","background-type":"","background-media":"","overlay-type":"","overlay-color":"","overlay-opacity":"","overlay-gradient":""},"mobile":{"background-color":"var(--ast-global-color-5)","background-image":"","background-repeat":"repeat","background-position":"center center","background-size":"auto","background-attachment":"scroll","background-type":"","background-media":"","overlay-type":"","overlay-color":"","overlay-opacity":"","overlay-gradient":""}}},"product_brand":[],"product_cat":[47,56,50],"product_tag":[],"class_list":{"0":"post-1676","1":"product","2":"type-product","3":"status-publish","4":"has-post-thumbnail","6":"product_cat-residetial-ess","7":"product_cat-energy-storage-battery-system","8":"product_cat-floor-standing-ess","9":"desktop-align-left","10":"tablet-align-left","11":"mobile-align-left","12":"ast-product-gallery-layout-horizontal-slider","13":"ast-product-tabs-layout-horizontal","15":"first","16":"instock","17":"shipping-taxable","18":"purchasable","19":"product-type-simple"},"_links":{"self":[{"href":"https:\/\/haisicstorage.com\/it\/wp-json\/wp\/v2\/product\/1676","targetHints":{"allow":["GET"]}}],"collection":[{"href":"https:\/\/haisicstorage.com\/it\/wp-json\/wp\/v2\/product"}],"about":[{"href":"https:\/\/haisicstorage.com\/it\/wp-json\/wp\/v2\/types\/product"}],"version-history":[{"count":4,"href":"https:\/\/haisicstorage.com\/it\/wp-json\/wp\/v2\/product\/1676\/revisions"}],"predecessor-version":[{"id":3500,"href":"https:\/\/haisicstorage.com\/it\/wp-json\/wp\/v2\/product\/1676\/revisions\/3500"}],"wp:featuredmedia":[{"embeddable":true,"href":"https:\/\/haisicstorage.com\/it\/wp-json\/wp\/v2\/media\/1677"}],"wp:attachment":[{"href":"https:\/\/haisicstorage.com\/it\/wp-json\/wp\/v2\/media?parent=1676"}],"wp:term":[{"taxonomy":"product_brand","embeddable":true,"href":"https:\/\/haisicstorage.com\/it\/wp-json\/wp\/v2\/product_brand?post=1676"},{"taxonomy":"product_cat","embeddable":true,"href":"https:\/\/haisicstorage.com\/it\/wp-json\/wp\/v2\/product_cat?post=1676"},{"taxonomy":"product_tag","embeddable":true,"href":"https:\/\/haisicstorage.com\/it\/wp-json\/wp\/v2\/product_tag?post=1676"}],"curies":[{"name":"wp","href":"https:\/\/api.w.org\/{rel}","templated":true}]}}