{"id":1673,"date":"2025-12-03T06:00:18","date_gmt":"2025-12-03T06:00:18","guid":{"rendered":"https:\/\/haisicstorage.com\/?post_type=product&#038;p=1673"},"modified":"2026-02-27T07:30:26","modified_gmt":"2026-02-27T07:30:26","slug":"51-2v-100ah-5120wh-floor-mounted-home-energy-storage","status":"publish","type":"product","link":"https:\/\/haisicstorage.com\/it\/51-2v-100ah-5120wh-floor-mounted-home-energy-storage\/","title":{"rendered":"Sistema di accumulo energetico domestico a pavimento da 51.2v 100ah 5120Wh"},"content":{"rendered":"<div data-spm-anchor-id=\"a2700.pc-decorate.0.i6.5d033333Lu9Prj\">\n<p>I. Interazione Intelligente, Dominio sul Tuo Ecosistema Energetico<\/p>\n<p>Il flagship HS-BG51100 integra un touchscreen a colori ad alta definizione da 3,5 pollici, traducendo dati energetici complessi in un linguaggio visivo intuitivo per un'esperienza interattiva senza precedenti e un senso di controllo.<\/p>\n<p>Cabina di Pilotaggio Energetico Panoramica: visualizzazione dinamica in tempo reale della potenza di ricarica solare, potenza di uscita del carico e stato della batteria (voltaggio, temperatura, salute) fornisce una visibilit\u00e0 cristallina del flusso di energia.<\/p>\n<p>Strategie Smart Personalizzabili: configura facilmente le priorit\u00e0 di ricarica\/scarica e la gestione delle tariffe di punta\/off-peak per massimizzare i tassi di autoconsumo e i ritorni economici. Definisci il tuo stile di vita intelligente.<\/p>\n<p>Doppie Protezioni di Sicurezza: visualizzazioni sullo schermo di tutti gli stati di protezione del BMS (Sistema di Gestione della Batteria). Allarmi istantanei per eventuali anomalie (sovratensione, surriscaldamento, sovraccarico) garantiscono che nessun rischio per la sicurezza passi inosservato.<\/p>\n<p>Dati Storici &amp; Risultati: traccia curve di generazione\/consumo giornaliere, mensili e annuali per quantificare i risparmi energetici e le contribuzioni alla riduzione delle emissioni di carbonio, rendendo le scelte green pi\u00f9 gratificanti.<\/p>\n<p>II. Core di Prestazioni Robuste: Compatibilit\u00e0 a Doppia Tensione per Applicazioni in Tutti gli Scenari<\/p>\n<p>Flessibilit\u00e0 a doppia tensione: compatibilit\u00e0 innovativa con piattaforme a 51,2V ad alta tensione e 12V\/24V a bassa tensione, per adattarsi senza sforzo a diversi sistemi fotovoltaici e apparecchiature elettriche, ampliando gli scenari di applicazione.<\/p>\n<p>Riserva energetica massiccia: soddisfa facilmente le elevate richieste di energia domestica con un runtime significativamente prolungato.<\/p>\n<p>Fondamenta di Sicurezza Solide:<br \/>\nCaratterizzato da un sistema di gestione BMS intelligente con molteplici protezioni hardware contro sovraccarico, sovrascarica, sovracorrente, cortocircuiti e temperature estreme, garantendo un funzionamento sicuro e stabile dell'unit\u00e0 di accumulo di grande capacit\u00e0.<\/p>\n<p>III. Scenari di Applicazione Estesi<\/p>\n<p>Il HS-BG51100 \u00e8 una soluzione energetica professionale progettata per abitazioni e ambienti commerciali con esigenze pi\u00f9 elevate:<\/p>\n<p>Ville e Case di Grande Formato: fornisce una copertura di emergenza prolungata per famiglie di medie e grandi dimensioni, supportando apparecchiature pi\u00f9 critiche.<\/p>\n<p>Compagno Ideale per Sistemi Fotovoltaici Completi: si integra senza soluzione di continuit\u00e0 con installazioni solari ad alta capacit\u00e0, immagazzinando l'energia in surplus durante il giorno per offrire vera autonomia elettrica notturna.<\/p>\n<p>Alimentazione per Piccoli Commerciali\/Studios: fornisce energia stabile e ininterrotta per uffici domestici, piccoli negozi e studi, garantendo operazioni senza interruzioni.<\/p>\n<p>Scelta di punta per l'alimentazione all'aperto: soddisfa le esigenze di energia per campeggi prolungati e viaggi in camper, servendo come soluzione affidabile per le necessit\u00e0 di energia all'aperto.<\/p>\n<p>L'HS-BG51100 soddisfa le tue aspirazioni per uno stile di vita di alta qualit\u00e0 attraverso la compatibilit\u00e0 a doppia tensione e una capacit\u00e0 eccezionale, potenziando la tua autonomia energetica con un'interazione intelligente. Pi\u00f9 di un semplice prodotto, rappresenta una scelta strategica per aggiornare il sistema energetico domestico, offrendo maggiore libert\u00e0 nell'uso dell'elettricit\u00e0 e uno stile di vita pi\u00f9 rilassato.<\/p>\n<\/div>\n<div data-spm-anchor-id=\"a2700.pc-decorate.0.i5.5d033333Lu9Prj\"><\/div>\n<div data-spm-anchor-id=\"a2700.pc-decorate.0.i5.5d033333Lu9Prj\"><strong>Profilo aziendale <\/strong><\/div>\n<div data-spm-anchor-id=\"a2700.pc-decorate.0.i5.5d033333Lu9Prj\"><\/div>\n<div data-spm-anchor-id=\"a2700.pc-decorate.0.i5.5d033333Lu9Prj\">\n<p><strong><span data-spm-anchor-id=\"a2700.pc-decorate.0.i21.5d033333Lu9Prj\">Fondata nel 2011, Shenzhen Haisic Technology Co., Ltd. \u00e8 un'impresa nazionale high-tech dedicata alla ricerca, sviluppo e produzione di prodotti per l'accumulo di energia come pacchi batteria LiFePO4, accumulo di energia commerciale e industriale, accumulo di energia residenziale, stazione di alimentazione portatile\/generatore solare, inverter solare, batteria per carrelli elevatori, batteria per bus\/golf cart RVAlandscape e altre batterie OEM\/ODM in Cina.<\/span><\/strong><\/p>\n<div><\/div>\n<div><strong>Profondamente impegnata in questo settore da oltre 12 anni, Haisic Technology ha accumulato una profonda esperienza in ricerca e sviluppo, innovazione, controllo qualit\u00e0 e gestione. I nostri prodotti sono utilizzati nell'accumulo di energia domestica, nell'accumulo di energia industriale, nell'accumulo di energia commerciale, nella comunicazione di potenza, nell'elettronica medica, nelle comunicazioni di sicurezza, nei trasporti e nella logistica, nella nuova energia, nella casa intelligente e in altri settori correlati. <\/strong><\/div>\n<div><strong>\u00a0<\/strong><\/div>\n<div><strong>We have owned our own production base covering more than 14000m located in Dapeng district of Shenzhen with ISO9001, ISO14001, IS045001 and Amfori BSCI, and our products are with CE, FCC, TUV-UL2054, CQC,RoHs, PSE,MSDS, UN38.3 certificates. We\u2019ve already provided safe, stable, environmentallyfriendly, high-quality products and professional OEM\/ODM services to customers in more than 80 countries and regions. <\/strong><\/div>\n<div><\/div>\n<div><strong>FAQ <\/strong><\/div>\n<div><strong><span data-spm-anchor-id=\"a2700.pc-decorate.0.i33.5d033333Lu9Prj\">1. Cosa c'\u00e8 di speciale nelle batterie al litio?<\/span><\/strong><\/div>\n<div>\n<p><span data-spm-anchor-id=\"a2700.pc-decorate.0.i33.5d033333Lu9Prj\">R: Con un'elevata densit\u00e0 di energia, ha raggiunto 460-600Wh\/kg, che \u00e8 circa 6-7 volte quella delle batterie al piombo-acido. Lunga durata, la durata pu\u00f2 raggiungere pi\u00f9 di 6 anni. Peso leggero, il peso \u00e8 circa 1\/5-6 del prodotto al piombo-acido con lo stesso volume.<\/span><\/p>\n<p>&nbsp;<\/p>\n<div data-spm-anchor-id=\"a2700.pc-decorate.0.i34.5d033333Lu9Prj\"><strong>2. Per cosa viene utilizzata una batteria al litio?<br \/>\n<\/strong>A: la batteria agli ioni di litio viene utilizzata per l'alimentazione e lo stoccaggio di energia. Come backup di emergenza o UPS. Alimentazione elettrica affidabile e per veicoli ricreazionali, golf cart, marine leggeri e affidabili, stoccaggio di energia solare, casa solare, piccola fabbrica di lavorazioni, sistemi di sorveglianza o allarme in localit\u00e0 remote.3. Le vostre batterie sono sicure? A: Le nostre batterie sono sicure. Tutte le batterie Zwayn utilizzano i componenti pi\u00f9 sicuri e stabili, inclusi un catodo LiFePO4 e un Sistema di Gestione della Batteria (BMS) integrato. Il BMS protegge le celle da tensioni eccessivamente alte o basse, correnti elevate, cortocircuiti e calore o freddo eccessivi. Questi sono i motivi pi\u00f9 comuni di guasti delle batterie, e abbiamo preso ogni precauzione per mitigare questi rischi in tutte le nostre batterie.<br \/>\n<strong><br \/>\n4. Come scelgo la batteria al litio a ciclo profondo corretta per la mia applicazione?<br \/>\n<\/strong>R: Nella maggior parte dei sistemi standard a 12, 24 o 48 volt, la scelta migliore della batteria al litio \u00e8 LiFePO4 (litio ferro fosfato\/<br \/>\nCella a sacchetto\/batteria primaria). La tensione di questo tipo di batteria \u00e8 molto simile a una AGM e funzioner\u00e0 alla grande con facilit\u00e0<br \/>\ncomponenti di sistema disponibili per il tuo camper, barca, sistema di alimentazione off-grid, casa solare (TV, frigorifero, lavatrice, aria<br \/>\nCondizionatore, scaldabagno, forno a microonde, piano cottura a induzione, lavastoviglie, stampante, computer), Torri di telecomunicazioni, applicazioni di sistemi ibridi e solari off-grid.5. Pu\u00f2 essere collegato in serie o in parallelo per l'uso?<\/p>\n<p>A: S\u00ec signore, pu\u00f2 supportare un massimo di 15 collegamenti in parallelo per l'uso, massimo 150 kWh di scatola di stoccaggio.<br \/>\n<strong><br \/>\n6. Questo pacco batteria \u00e8 compatibile con il mio inverter? Avete un elenco aziendale degli inverter compatibili?<br \/>\n<\/strong>A: S\u00ec signore, il nostro pacco batteria \u00e8 compatibile con la maggior parte delle marche di inverter sul mercato, come Deye, MUST, SMA, Growatt, Solax, Solis, Sungrow, Sofar, Voltronic, Sorotec, Studer, ecc.<\/p>\n<\/div>\n<\/div>\n<\/div>","protected":false},"excerpt":{"rendered":"<p>Panoramica del Sistema di Accumulo Energetico Intelligente HS-BG51100<\/p>\n<p>Piattaforma a doppia tensione, flagship completo \u2013 core potente, controllo intelligente a portata di mano<\/p>","protected":false},"featured_media":1664,"template":"","meta":{"site-sidebar-layout":"default","site-content-layout":"","ast-site-content-layout":"default","site-content-style":"default","site-sidebar-style":"default","ast-global-header-display":"","ast-banner-title-visibility":"","ast-main-header-display":"","ast-hfb-above-header-display":"","ast-hfb-below-header-display":"","ast-hfb-mobile-header-display":"","site-post-title":"","ast-breadcrumbs-content":"","ast-featured-img":"","footer-sml-layout":"","ast-disable-related-posts":"","theme-transparent-header-meta":"default","adv-header-id-meta":"","stick-header-meta":"default","header-above-stick-meta":"","header-main-stick-meta":"","header-below-stick-meta":"","astra-migrate-meta-layouts":"set","ast-page-background-enabled":"default","ast-page-background-meta":{"desktop":{"background-color":"var(--ast-global-color-4)","background-image":"","background-repeat":"repeat","background-position":"center center","background-size":"auto","background-attachment":"scroll","background-type":"","background-media":"","overlay-type":"","overlay-color":"","overlay-opacity":"","overlay-gradient":""},"tablet":{"background-color":"","background-image":"","background-repeat":"repeat","background-position":"center center","background-size":"auto","background-attachment":"scroll","background-type":"","background-media":"","overlay-type":"","overlay-color":"","overlay-opacity":"","overlay-gradient":""},"mobile":{"background-color":"","background-image":"","background-repeat":"repeat","background-position":"center center","background-size":"auto","background-attachment":"scroll","background-type":"","background-media":"","overlay-type":"","overlay-color":"","overlay-opacity":"","overlay-gradient":""}},"ast-content-background-meta":{"desktop":{"background-color":"var(--ast-global-color-5)","background-image":"","background-repeat":"repeat","background-position":"center center","background-size":"auto","background-attachment":"scroll","background-type":"","background-media":"","overlay-type":"","overlay-color":"","overlay-opacity":"","overlay-gradient":""},"tablet":{"background-color":"var(--ast-global-color-5)","background-image":"","background-repeat":"repeat","background-position":"center center","background-size":"auto","background-attachment":"scroll","background-type":"","background-media":"","overlay-type":"","overlay-color":"","overlay-opacity":"","overlay-gradient":""},"mobile":{"background-color":"var(--ast-global-color-5)","background-image":"","background-repeat":"repeat","background-position":"center center","background-size":"auto","background-attachment":"scroll","background-type":"","background-media":"","overlay-type":"","overlay-color":"","overlay-opacity":"","overlay-gradient":""}}},"product_brand":[],"product_cat":[47,56,50],"product_tag":[],"class_list":{"0":"post-1673","1":"product","2":"type-product","3":"status-publish","4":"has-post-thumbnail","6":"product_cat-residetial-ess","7":"product_cat-energy-storage-battery-system","8":"product_cat-floor-standing-ess","9":"desktop-align-left","10":"tablet-align-left","11":"mobile-align-left","12":"ast-product-gallery-layout-horizontal-slider","13":"ast-product-tabs-layout-horizontal","15":"first","16":"instock","17":"shipping-taxable","18":"purchasable","19":"product-type-simple"},"_links":{"self":[{"href":"https:\/\/haisicstorage.com\/it\/wp-json\/wp\/v2\/product\/1673","targetHints":{"allow":["GET"]}}],"collection":[{"href":"https:\/\/haisicstorage.com\/it\/wp-json\/wp\/v2\/product"}],"about":[{"href":"https:\/\/haisicstorage.com\/it\/wp-json\/wp\/v2\/types\/product"}],"version-history":[{"count":5,"href":"https:\/\/haisicstorage.com\/it\/wp-json\/wp\/v2\/product\/1673\/revisions"}],"predecessor-version":[{"id":3501,"href":"https:\/\/haisicstorage.com\/it\/wp-json\/wp\/v2\/product\/1673\/revisions\/3501"}],"wp:featuredmedia":[{"embeddable":true,"href":"https:\/\/haisicstorage.com\/it\/wp-json\/wp\/v2\/media\/1664"}],"wp:attachment":[{"href":"https:\/\/haisicstorage.com\/it\/wp-json\/wp\/v2\/media?parent=1673"}],"wp:term":[{"taxonomy":"product_brand","embeddable":true,"href":"https:\/\/haisicstorage.com\/it\/wp-json\/wp\/v2\/product_brand?post=1673"},{"taxonomy":"product_cat","embeddable":true,"href":"https:\/\/haisicstorage.com\/it\/wp-json\/wp\/v2\/product_cat?post=1673"},{"taxonomy":"product_tag","embeddable":true,"href":"https:\/\/haisicstorage.com\/it\/wp-json\/wp\/v2\/product_tag?post=1673"}],"curies":[{"name":"wp","href":"https:\/\/api.w.org\/{rel}","templated":true}]}}