{"id":1667,"date":"2025-12-03T05:43:20","date_gmt":"2025-12-03T05:43:20","guid":{"rendered":"https:\/\/haisicstorage.com\/?post_type=product&#038;p=1667"},"modified":"2026-02-27T07:31:22","modified_gmt":"2026-02-27T07:31:22","slug":"51-2v-305ah-15616wh-touchscreen-home-energy-battery","status":"publish","type":"product","link":"https:\/\/haisicstorage.com\/it\/51-2v-305ah-15616wh-touchscreen-home-energy-battery\/","title":{"rendered":"Batteria domestica touchscreen da 51.2v 305ah 15616Wh"},"content":{"rendered":"<div data-spm-anchor-id=\"a2700.pc-decorate.0.i6.5d033333Lu9Prj\">\n<p>Caratteristiche principali<br \/>\nCapacit\u00e0 Imponente e Potenza Eccezionale<\/p>\n<p>Riserva Imponente di 15.616Wh: Soddisfa le esigenze di energia elettrica domestica per pi\u00f9 giorni.<\/p>\n<p>Uscita Dual-Mode Intelligente per Scenari Diversificati<\/p>\n<p>Modalit\u00e0 Standard: Fornisce energia AC stabile e a onda sinusoidale pura per gli elettrodomestici quotidiani, garantendo alta efficienza e risparmio energetico.<\/p>\n<p>Modalit\u00e0 ad Alta Potenza: Attivazione con un tocco di una modalit\u00e0 di uscita robusta che gestisce facilmente apparecchiature pesanti con correnti di spunto elevate (ad esempio motori, compressori), offrendo versatilit\u00e0 eccezionale.<\/p>\n<p>Schermo Touch Abilitato dall'IA: Energia a Colpo d'Occhio<\/p>\n<p>Schermo touch intelligente a colori ad alta definizione: Offre un'esperienza utente eccezionale con visualizzazione in tempo reale dei flussi di energia (PV, rete, carichi, stato della batteria).<\/p>\n<p>Apprendimento e Raccomandazioni AI: Il sistema impara i modelli di utilizzo dell'energia domestica e, combinato con i dati sui prezzi dell'energia locali, raccomanda in modo intelligente strategie ottimali di carica e scarica per massimizzare i risparmi sulla bolletta energetica.<\/p>\n<p>Gestione Intelligente a Quattro Dimensioni, Esperto in Operazioni Economiche<\/p>\n<p>Modalit\u00e0 Prioritaria PV: Massimizza l'utilizzo dell'energia solare per raggiungere l'autosufficienza in energia pulita.<\/p>\n<p>Arbitraggio di Picco-Valle di Precisione: Carica automaticamente durante i periodi fuori punta\/tariffa piatta e scarica durante i momenti di punta, riducendo meticolosamente i costi dell'elettricit\u00e0.<\/p>\n<p>Funzionalit\u00e0 UPS Senza Interruzioni: Commutazione rapida &lt;20ms garantisce energia ininterrotta per apparecchiature critiche (ad esempio frigoriferi, internet, computer).<\/p>\n<p>Modalit\u00e0 Off-Grid\/Connessione alla Rete Selezionabili: Si adatta a scenari diversi, passando facilmente tra risparmio energetico collegato alla rete e funzionamento autonomo off-grid.<\/p>\n<p>Sicurezza di Livello Militare, Protezione Senza Preoccupazioni<\/p>\n<p>Celle al litio ferro fosfato (LiFePO\u2084) di livello automobilistico: intrinsecamente sicure con una durata eccezionale del ciclo (\u22656000 cicli @ 80% DoD).<\/p>\n<p>Sistema di protezione intelligente a sette strati: BMS (Sistema di Gestione della Batteria) e EMS (Sistema di Gestione dell'Energia) integrati offrono protezioni complete contro sovratensioni, sottotensioni, sovracorrenti, surriscaldamenti e cortocircuiti.<\/p>\n<p>Stacking modulare per una futura scalabilit\u00e0<\/p>\n<p>Espansione flessibile: supporta stacking parallelo di moduli batteria identici, consentendo aggiornamenti di capacit\u00e0 senza sprechi dell'investimento iniziale man mano che la domanda cresce.<\/p>\n<p>Scenario di Applicazione<br \/>\nResidenze di lusso e ville: funge da alimentazione principale per abitazioni con elevati consumi di energia, dotate di aria condizionata centrale, riscaldamento a pavimento, piscine e servizi simili.<\/p>\n<p>Spazi commerciali di piccole dimensioni e studi: funzione come backup di energia e strumento di gestione dell'energia nelle ore di punta e di minor consumo per caff\u00e8, negozi di alimentari e studi, riducendo i costi operativi.<\/p>\n<p>Preparazione all'emergenza e vita off-grid: la soluzione energetica definitiva per disastri naturali, operazioni sul campo e viaggi in camper.<\/p>\n<p>Sistema Fotovoltaico + Accumulo di Energia: si integra perfettamente con impianti solari per raggiungere un'eccezionale indipendenza energetica, potenzialmente arrivando a zero bollette energetiche.<\/p>\n<p>L'HS-BG51305 rappresenta non solo un'iterazione di prodotto, ma un benchmark di prestazioni per i centri energetici domestici. Grazie alla sua integrazione senza soluzione di continuit\u00e0 di capacit\u00e0 massiccia e potenza eccezionale, ridefinisce il potenziale delle soluzioni di stoccaggio domestico, offrendo la scelta definitiva per utenti che cercano prestazioni di punta, protezione completa e vita intelligente.<\/p>\n<\/div>\n<div data-spm-anchor-id=\"a2700.pc-decorate.0.i5.5d033333Lu9Prj\"><strong>Profilo aziendale <\/strong><\/div>\n<div data-spm-anchor-id=\"a2700.pc-decorate.0.i5.5d033333Lu9Prj\"><\/div>\n<div data-spm-anchor-id=\"a2700.pc-decorate.0.i5.5d033333Lu9Prj\">\n<p><strong><span data-spm-anchor-id=\"a2700.pc-decorate.0.i21.5d033333Lu9Prj\">Fondata nel 2011, Shenzhen Haisic Technology Co., Ltd. \u00e8 un'impresa nazionale high-tech dedicata alla ricerca, sviluppo e produzione di prodotti per l'accumulo di energia come pacchi batteria LiFePO4, accumulo di energia commerciale e industriale, accumulo di energia residenziale, stazione di alimentazione portatile\/generatore solare, inverter solare, batteria per carrelli elevatori, batteria per bus\/golf cart RVAlandscape e altre batterie OEM\/ODM in Cina.<\/span><\/strong><\/p>\n<div><\/div>\n<div><strong>Profondamente impegnata in questo settore da oltre 12 anni, Haisic Technology ha accumulato una profonda esperienza in ricerca e sviluppo, innovazione, controllo qualit\u00e0 e gestione. I nostri prodotti sono utilizzati nell'accumulo di energia domestica, nell'accumulo di energia industriale, nell'accumulo di energia commerciale, nella comunicazione di potenza, nell'elettronica medica, nelle comunicazioni di sicurezza, nei trasporti e nella logistica, nella nuova energia, nella casa intelligente e in altri settori correlati. <\/strong><\/div>\n<div><strong>\u00a0<\/strong><\/div>\n<div><strong>We have owned our own production base covering more than 14000m located in Dapeng district of Shenzhen with ISO9001, ISO14001, IS045001 and Amfori BSCI, and our products are with CE, FCC, TUV-UL2054, CQC,RoHs, PSE,MSDS, UN38.3 certificates. We\u2019ve already provided safe, stable, environmentallyfriendly, high-quality products and professional OEM\/ODM services to customers in more than 80 countries and regions. <\/strong><\/div>\n<div><\/div>\n<div><\/div>\n<div><\/div>\n<div><strong>FAQ <\/strong><\/div>\n<div><strong><span data-spm-anchor-id=\"a2700.pc-decorate.0.i33.5d033333Lu9Prj\">1. Cosa c'\u00e8 di speciale nelle batterie al litio?<\/span><\/strong><\/div>\n<div>\n<p><span data-spm-anchor-id=\"a2700.pc-decorate.0.i33.5d033333Lu9Prj\">R: Con un'elevata densit\u00e0 di energia, ha raggiunto 460-600Wh\/kg, che \u00e8 circa 6-7 volte quella delle batterie al piombo-acido. Lunga durata, la durata pu\u00f2 raggiungere pi\u00f9 di 6 anni. Peso leggero, il peso \u00e8 circa 1\/5-6 del prodotto al piombo-acido con lo stesso volume.<\/span><\/p>\n<p>&nbsp;<\/p>\n<div data-spm-anchor-id=\"a2700.pc-decorate.0.i34.5d033333Lu9Prj\"><strong>2. Per cosa viene utilizzata una batteria al litio?<br \/>\n<\/strong>A: la batteria agli ioni di litio viene utilizzata per l'alimentazione e lo stoccaggio di energia. Come backup di emergenza o UPS. Alimentazione elettrica affidabile e per veicoli ricreazionali, golf cart, marine leggeri e affidabili, stoccaggio di energia solare, casa solare, piccola fabbrica di lavorazioni, sistemi di sorveglianza o allarme in localit\u00e0 remote.3. Le vostre batterie sono sicure? A: Le nostre batterie sono sicure. Tutte le batterie Zwayn utilizzano i componenti pi\u00f9 sicuri e stabili, inclusi un catodo LiFePO4 e un Sistema di Gestione della Batteria (BMS) integrato. Il BMS protegge le celle da tensioni eccessivamente alte o basse, correnti elevate, cortocircuiti e calore o freddo eccessivi. Questi sono i motivi pi\u00f9 comuni di guasti delle batterie, e abbiamo preso ogni precauzione per mitigare questi rischi in tutte le nostre batterie.<br \/>\n<strong><br \/>\n4. Come scelgo la batteria al litio a ciclo profondo corretta per la mia applicazione?<br \/>\n<\/strong>R: Nella maggior parte dei sistemi standard a 12, 24 o 48 volt, la scelta migliore della batteria al litio \u00e8 LiFePO4 (litio ferro fosfato\/<br \/>\nCella a sacchetto\/batteria primaria). La tensione di questo tipo di batteria \u00e8 molto simile a una AGM e funzioner\u00e0 alla grande con facilit\u00e0<br \/>\ncomponenti di sistema disponibili per il tuo camper, barca, sistema di alimentazione off-grid, casa solare (TV, frigorifero, lavatrice, aria<br \/>\nCondizionatore, scaldabagno, forno a microonde, piano cottura a induzione, lavastoviglie, stampante, computer), Torri di telecomunicazioni, applicazioni di sistemi ibridi e solari off-grid.5. Pu\u00f2 essere collegato in serie o in parallelo per l'uso?<\/p>\n<p>A: S\u00ec signore, pu\u00f2 supportare un massimo di 15 collegamenti in parallelo per l'uso, massimo 150 kWh di scatola di stoccaggio.<br \/>\n<strong><br \/>\n6. Questo pacco batteria \u00e8 compatibile con il mio inverter? Avete un elenco aziendale degli inverter compatibili?<br \/>\n<\/strong>A: S\u00ec signore, il nostro pacco batteria \u00e8 compatibile con la maggior parte delle marche di inverter sul mercato, come Deye, MUST, SMA, Growatt, Solax, Solis, Sungrow, Sofar, Voltronic, Sorotec, Studer, ecc.<\/p>\n<\/div>\n<div data-spm-anchor-id=\"a2700.pc-decorate.0.i34.5d033333Lu9Prj\"><\/div>\n<\/div>\n<\/div>","protected":false},"excerpt":{"rendered":"<p>HS-BG51305 rappresenta la prossima generazione di soluzioni intelligenti integrate per lo stoccaggio di energia domestica, offrendo un salto in avanti nella potenza di uscita insieme alla sua capacit\u00e0 sostanziale. Integrando batterie al litio ferro fosfato ad alte prestazioni, un inverter ad alta efficienza a doppia modalit\u00e0 e un sistema di gestione energetica intelligente alimentato dall'IA, \u00e8 progettato per fornire alle famiglie moderne e alle applicazioni ad alta potenza un supporto energetico pi\u00f9 robusto, flessibile e intelligente, salvaguardando in modo completo la sicurezza energetica domestica e l'efficienza economica.<\/p>","protected":false},"featured_media":1663,"template":"","meta":{"site-sidebar-layout":"default","site-content-layout":"","ast-site-content-layout":"default","site-content-style":"default","site-sidebar-style":"default","ast-global-header-display":"","ast-banner-title-visibility":"","ast-main-header-display":"","ast-hfb-above-header-display":"","ast-hfb-below-header-display":"","ast-hfb-mobile-header-display":"","site-post-title":"","ast-breadcrumbs-content":"","ast-featured-img":"","footer-sml-layout":"","ast-disable-related-posts":"","theme-transparent-header-meta":"default","adv-header-id-meta":"","stick-header-meta":"default","header-above-stick-meta":"","header-main-stick-meta":"","header-below-stick-meta":"","astra-migrate-meta-layouts":"set","ast-page-background-enabled":"default","ast-page-background-meta":{"desktop":{"background-color":"var(--ast-global-color-4)","background-image":"","background-repeat":"repeat","background-position":"center center","background-size":"auto","background-attachment":"scroll","background-type":"","background-media":"","overlay-type":"","overlay-color":"","overlay-opacity":"","overlay-gradient":""},"tablet":{"background-color":"","background-image":"","background-repeat":"repeat","background-position":"center center","background-size":"auto","background-attachment":"scroll","background-type":"","background-media":"","overlay-type":"","overlay-color":"","overlay-opacity":"","overlay-gradient":""},"mobile":{"background-color":"","background-image":"","background-repeat":"repeat","background-position":"center center","background-size":"auto","background-attachment":"scroll","background-type":"","background-media":"","overlay-type":"","overlay-color":"","overlay-opacity":"","overlay-gradient":""}},"ast-content-background-meta":{"desktop":{"background-color":"var(--ast-global-color-5)","background-image":"","background-repeat":"repeat","background-position":"center center","background-size":"auto","background-attachment":"scroll","background-type":"","background-media":"","overlay-type":"","overlay-color":"","overlay-opacity":"","overlay-gradient":""},"tablet":{"background-color":"var(--ast-global-color-5)","background-image":"","background-repeat":"repeat","background-position":"center center","background-size":"auto","background-attachment":"scroll","background-type":"","background-media":"","overlay-type":"","overlay-color":"","overlay-opacity":"","overlay-gradient":""},"mobile":{"background-color":"var(--ast-global-color-5)","background-image":"","background-repeat":"repeat","background-position":"center center","background-size":"auto","background-attachment":"scroll","background-type":"","background-media":"","overlay-type":"","overlay-color":"","overlay-opacity":"","overlay-gradient":""}}},"product_brand":[],"product_cat":[47,56,50],"product_tag":[],"class_list":{"0":"post-1667","1":"product","2":"type-product","3":"status-publish","4":"has-post-thumbnail","6":"product_cat-residetial-ess","7":"product_cat-energy-storage-battery-system","8":"product_cat-floor-standing-ess","9":"desktop-align-left","10":"tablet-align-left","11":"mobile-align-left","12":"ast-product-gallery-layout-horizontal-slider","13":"ast-product-tabs-layout-horizontal","15":"first","16":"instock","17":"shipping-taxable","18":"product-type-simple"},"_links":{"self":[{"href":"https:\/\/haisicstorage.com\/it\/wp-json\/wp\/v2\/product\/1667","targetHints":{"allow":["GET"]}}],"collection":[{"href":"https:\/\/haisicstorage.com\/it\/wp-json\/wp\/v2\/product"}],"about":[{"href":"https:\/\/haisicstorage.com\/it\/wp-json\/wp\/v2\/types\/product"}],"version-history":[{"count":4,"href":"https:\/\/haisicstorage.com\/it\/wp-json\/wp\/v2\/product\/1667\/revisions"}],"predecessor-version":[{"id":3503,"href":"https:\/\/haisicstorage.com\/it\/wp-json\/wp\/v2\/product\/1667\/revisions\/3503"}],"wp:featuredmedia":[{"embeddable":true,"href":"https:\/\/haisicstorage.com\/it\/wp-json\/wp\/v2\/media\/1663"}],"wp:attachment":[{"href":"https:\/\/haisicstorage.com\/it\/wp-json\/wp\/v2\/media?parent=1667"}],"wp:term":[{"taxonomy":"product_brand","embeddable":true,"href":"https:\/\/haisicstorage.com\/it\/wp-json\/wp\/v2\/product_brand?post=1667"},{"taxonomy":"product_cat","embeddable":true,"href":"https:\/\/haisicstorage.com\/it\/wp-json\/wp\/v2\/product_cat?post=1667"},{"taxonomy":"product_tag","embeddable":true,"href":"https:\/\/haisicstorage.com\/it\/wp-json\/wp\/v2\/product_tag?post=1667"}],"curies":[{"name":"wp","href":"https:\/\/api.w.org\/{rel}","templated":true}]}}