{"id":1643,"date":"2025-12-03T03:43:19","date_gmt":"2025-12-03T03:43:19","guid":{"rendered":"https:\/\/haisicstorage.com\/?post_type=product&#038;p=1643"},"modified":"2026-02-27T07:39:51","modified_gmt":"2026-02-27T07:39:51","slug":"51-2v-100ah-powerwall-energy-storage","status":"publish","type":"product","link":"https:\/\/haisicstorage.com\/it\/51-2v-100ah-powerwall-energy-storage\/","title":{"rendered":"Accumulo energetico domestico da parete da 5Kwh"},"content":{"rendered":"<p>Panoramica del prodotto<br \/>\nL'HS-BG5000W-A6 \u00e8 una soluzione di accumulo energetico residenziale di nuova generazione che integra inverter ad alta efficienza, accumulo energetico intelligente e gestione dell'energia. Fornisce agli utenti un'assicurazione energetica sicura, stabile ed economica per tutte le condizioni atmosferiche, fungendo da apparecchiatura centrale per raggiungere l'autonomia energetica domestica.<\/p>\n<p>Vantaggi Principali<br \/>\n1. Design altamente integrato e salvaspazio<\/p>\n<p>Installazione a parete\/pavimento a doppio scopo che richiede meno di 0,5\u33a1 di spazio a pavimento<\/p>\n<p>Estetica industriale minimalista che si integra perfettamente con gli ambienti domestici moderni<\/p>\n<p>2. Sicurezza a lungo termine, durata affidabile<br \/>\nSistema batteria:<\/p>\n<p>Celle al litio ferro fosfato di qualit\u00e0 automobilistica con oltre 6000 cicli di vita<\/p>\n<p>Controllo intelligente della temperatura con raffreddamento a liquido, intervallo operativo da -20\u00b0C a 50\u00b0C<\/p>\n<p>Meccanismo di protezione a cinque livelli (sovratensione\/sottotensione\/sovracorrente\/corto circuito\/sovratemperatura)<\/p>\n<p>Sicurezza del sistema:<\/p>\n<p>Grado di protezione IP65, adatto a diversi ambienti interni ed esterni<\/p>\n<p><strong>Batteria Haisic Lifepo4 51,2V 100Ah \u2013 Rivoluziona la gestione energetica della tua casa<br \/>\nSblocca potenza ed efficienza con il Powerwall da 5kWh<\/strong><\/p>\n<p>Vivi il meglio delle soluzioni energetiche domestiche con la batteria Haisic Lifepo4 da 5kWh,<br \/>\nun sistema di accumulo energetico premium progettato per ottimizzare il tuo consumo di energia e migliorare la sostenibilit\u00e0.<br \/>\nQuesto pacco batteria all'avanguardia non solo garantisce un'impronta ecologica pi\u00f9 verde ma promette anche un solido ritorno sull'investimento grazie alla sua efficiente gestione energetica.<\/p>\n<p>Uso energetico ottimizzato: regola automaticamente il tuo consumo energetico in base ai modelli di utilizzo giornalieri e ai picchi di domanda.<br \/>\nCompatibilit\u00e0 con Rete Ibrida: Si integra perfettamente sia con sistemi off-grid che on-grid, garantendo affidabilit\u00e0 e flessibilit\u00e0 in caso di interruzioni di corrente o guasti alla rete.<br \/>\nCapacit\u00e0 di Ricarica Rapida: Ricarica rapidamente le riserve di energia alla piena capacit\u00e0, assicurandoti di non rimanere mai senza energia quando ne hai pi\u00f9 bisogno.<\/p>\n<table border=\"1\">\n<tbody>\n<tr>\n<td>Tensione nominale<\/td>\n<td>51,2V<\/td>\n<\/tr>\n<tr>\n<td>Capacit\u00e0 nominale<\/td>\n<td>100Ah<\/td>\n<\/tr>\n<tr>\n<td>Energia Nominale<\/td>\n<td>5120Wh<\/td>\n<\/tr>\n<tr>\n<td>Gamma di Tensione<\/td>\n<td>44,8-56V<\/td>\n<\/tr>\n<tr>\n<td>Gamma di Tensione di Carica<\/td>\n<td>55,2-56V<\/td>\n<\/tr>\n<tr>\n<td>Tensione di Interruzione<\/td>\n<td>44,8V<\/td>\n<\/tr>\n<tr>\n<td>Corrente di Carica Consigliata<\/td>\n<td>50A<\/td>\n<\/tr>\n<tr>\n<td>Corrente di Carica Massima<\/td>\n<td>100A<\/td>\n<\/tr>\n<tr>\n<td>Corrente di Scarica Massima<\/td>\n<td>100A<\/td>\n<\/tr>\n<tr>\n<td>Porta di Comunicazione<\/td>\n<td>\u00a0RS485, CAN<\/td>\n<\/tr>\n<tr>\n<td>grado di impermeabilit\u00e0<\/td>\n<td>IP20<\/td>\n<\/tr>\n<tr>\n<td>Terminale<\/td>\n<td>Collegabile alla rete<\/td>\n<\/tr>\n<tr>\n<td>Umidit\u00e0<\/td>\n<td>5-95% RH<\/td>\n<\/tr>\n<tr>\n<td>Intervallo di Temperatura di Carica<\/td>\n<td>0-45\u2103<\/td>\n<\/tr>\n<tr>\n<td>Intervallo di Temperatura di Scarica<\/td>\n<td>-20-60\u2103<\/td>\n<\/tr>\n<tr>\n<td>Intervallo di Temperatura di Stoccaggio<\/td>\n<td>-20-45\u2103<\/td>\n<\/tr>\n<tr>\n<td>Durata del ciclo<\/td>\n<td>\uff1e6000 \uff080,5C@ 25\u2103\uff0c80% DOD\uff09<\/td>\n<\/tr>\n<tr>\n<td>Inverter compatibile<\/td>\n<td>Growatt, Goodwe, Sol-Ark, SRNE, DEYE, Luxpower, Megarevo<\/td>\n<\/tr>\n<\/tbody>\n<\/table>\n<p>Specifiche Tecniche Avanzate<\/p>\n<p>Approfondisci la potenza tecnologica della Batteria Haisic Home Powerwall, dove l'innovazione incontra la praticit\u00e0.<br \/>\nIl nostro sistema da parete non \u00e8 solo efficiente in termini di spazio ma \u00e8 costruito secondo i pi\u00f9 alti standard di sicurezza e prestazioni.<\/p>\n<p>Lunga Durata del Ciclo: Goditi oltre 6000 cicli di carica e scarica, superando significativamente i sistemi di batterie tradizionali.<br \/>\nSistema BMS Intelligente: Monitora e gestisce la salute delle celle, la tensione e la temperatura, garantendo massima sicurezza e longevit\u00e0.<br \/>\nDesign Robusto: Con dimensioni eleganti di 718x450x1110MM e una classe di protezione durevole IP55, \u00e8 progettato per resistere alle variabili ambientali.<\/p>\n<p>&nbsp;<\/p>\n<p>Sicurezza e Certificazione<\/p>\n<p>Dando priorit\u00e0 alla sicurezza e alla conformit\u00e0, il powerwall Haisic \u00e8 rigorosamente testato e certificato per soddisfare i pi\u00f9 alti standard del settore.<br \/>\nLa protezione del circuito integrata protegge da sovraccarichi, surriscaldamenti e cortocircuiti, migliorando l'affidabilit\u00e0 del sistema energetico domestico.<\/p>\n<p>Certificazioni complete: le approvazioni CE, RoHS, UN38.3 e MSDS sottolineano il nostro impegno per la qualit\u00e0 e la sicurezza.<br \/>\nProtezione ambientale: realizzata con materiali ecocompatibili, la batteria offre una soluzione sostenibile che riduce la tua impronta di carbonio.<\/p>\n<p>&nbsp;<\/p>\n<p>Integrazione flessibile e facile da usare<\/p>\n<p>Porta di comunicazione RS485: facilita l'integrazione con i sistemi di gestione energetica domestica esistenti.<br \/>\nApplicazioni versatili: ideale per una variet\u00e0 di usi, dagli elettrodomestici quotidiani a esigenze di backup energetico pi\u00f9 impegnative.<\/p>\n<p>Servizi OEM\/ODM: personalizza il sistema per soddisfare esigenze specifiche con le nostre opzioni personalizzabili.<br \/>\nAggiorna oggi le tue soluzioni energetiche domestiche con la batteria Haisic 51,2V 100Ah Lifepo4 e fai un passo significativo verso l'indipendenza energetica e la sostenibilit\u00e0.<br \/>\nGoditi la tranquillit\u00e0 offerta da un sistema di accumulo energetico affidabile, efficiente e sicuro, progettato per soddisfare le esigenze uniche delle famiglie moderne.<\/p>","protected":false},"excerpt":{"rendered":"<p class=\"product-des\">HS-BG5000W-A6 Sistema di accumulo energetico integrato intelligente<\/p>","protected":false},"featured_media":3493,"template":"","meta":{"site-sidebar-layout":"default","site-content-layout":"","ast-site-content-layout":"default","site-content-style":"default","site-sidebar-style":"default","ast-global-header-display":"","ast-banner-title-visibility":"","ast-main-header-display":"","ast-hfb-above-header-display":"","ast-hfb-below-header-display":"","ast-hfb-mobile-header-display":"","site-post-title":"","ast-breadcrumbs-content":"","ast-featured-img":"","footer-sml-layout":"","ast-disable-related-posts":"","theme-transparent-header-meta":"default","adv-header-id-meta":"","stick-header-meta":"default","header-above-stick-meta":"","header-main-stick-meta":"","header-below-stick-meta":"","astra-migrate-meta-layouts":"set","ast-page-background-enabled":"default","ast-page-background-meta":{"desktop":{"background-color":"var(--ast-global-color-4)","background-image":"","background-repeat":"repeat","background-position":"center center","background-size":"auto","background-attachment":"scroll","background-type":"","background-media":"","overlay-type":"","overlay-color":"","overlay-opacity":"","overlay-gradient":""},"tablet":{"background-color":"","background-image":"","background-repeat":"repeat","background-position":"center center","background-size":"auto","background-attachment":"scroll","background-type":"","background-media":"","overlay-type":"","overlay-color":"","overlay-opacity":"","overlay-gradient":""},"mobile":{"background-color":"","background-image":"","background-repeat":"repeat","background-position":"center center","background-size":"auto","background-attachment":"scroll","background-type":"","background-media":"","overlay-type":"","overlay-color":"","overlay-opacity":"","overlay-gradient":""}},"ast-content-background-meta":{"desktop":{"background-color":"var(--ast-global-color-5)","background-image":"","background-repeat":"repeat","background-position":"center center","background-size":"auto","background-attachment":"scroll","background-type":"","background-media":"","overlay-type":"","overlay-color":"","overlay-opacity":"","overlay-gradient":""},"tablet":{"background-color":"var(--ast-global-color-5)","background-image":"","background-repeat":"repeat","background-position":"center center","background-size":"auto","background-attachment":"scroll","background-type":"","background-media":"","overlay-type":"","overlay-color":"","overlay-opacity":"","overlay-gradient":""},"mobile":{"background-color":"var(--ast-global-color-5)","background-image":"","background-repeat":"repeat","background-position":"center center","background-size":"auto","background-attachment":"scroll","background-type":"","background-media":"","overlay-type":"","overlay-color":"","overlay-opacity":"","overlay-gradient":""}}},"product_brand":[],"product_cat":[56,47,49],"product_tag":[],"class_list":{"0":"post-1643","1":"product","2":"type-product","3":"status-publish","4":"has-post-thumbnail","6":"product_cat-energy-storage-battery-system","7":"product_cat-residetial-ess","8":"product_cat-wall-mounted-ess","9":"desktop-align-left","10":"tablet-align-left","11":"mobile-align-left","12":"ast-product-gallery-layout-horizontal-slider","13":"ast-product-tabs-layout-horizontal","15":"first","16":"instock","17":"shipping-taxable","18":"purchasable","19":"product-type-simple"},"_links":{"self":[{"href":"https:\/\/haisicstorage.com\/it\/wp-json\/wp\/v2\/product\/1643","targetHints":{"allow":["GET"]}}],"collection":[{"href":"https:\/\/haisicstorage.com\/it\/wp-json\/wp\/v2\/product"}],"about":[{"href":"https:\/\/haisicstorage.com\/it\/wp-json\/wp\/v2\/types\/product"}],"version-history":[{"count":6,"href":"https:\/\/haisicstorage.com\/it\/wp-json\/wp\/v2\/product\/1643\/revisions"}],"predecessor-version":[{"id":3521,"href":"https:\/\/haisicstorage.com\/it\/wp-json\/wp\/v2\/product\/1643\/revisions\/3521"}],"wp:featuredmedia":[{"embeddable":true,"href":"https:\/\/haisicstorage.com\/it\/wp-json\/wp\/v2\/media\/3493"}],"wp:attachment":[{"href":"https:\/\/haisicstorage.com\/it\/wp-json\/wp\/v2\/media?parent=1643"}],"wp:term":[{"taxonomy":"product_brand","embeddable":true,"href":"https:\/\/haisicstorage.com\/it\/wp-json\/wp\/v2\/product_brand?post=1643"},{"taxonomy":"product_cat","embeddable":true,"href":"https:\/\/haisicstorage.com\/it\/wp-json\/wp\/v2\/product_cat?post=1643"},{"taxonomy":"product_tag","embeddable":true,"href":"https:\/\/haisicstorage.com\/it\/wp-json\/wp\/v2\/product_tag?post=1643"}],"curies":[{"name":"wp","href":"https:\/\/api.w.org\/{rel}","templated":true}]}}