{"id":1628,"date":"2025-12-03T02:47:37","date_gmt":"2025-12-03T02:47:37","guid":{"rendered":"https:\/\/haisicstorage.com\/?post_type=product&#038;p=1628"},"modified":"2026-02-27T07:39:35","modified_gmt":"2026-02-27T07:39:35","slug":"high-volt-stacked-30kwh","status":"publish","type":"product","link":"https:\/\/haisicstorage.com\/it\/high-volt-stacked-30kwh\/","title":{"rendered":"Stack di alta tensione 30KWH"},"content":{"rendered":"<div class=\"row\">\n<div class=\"col-md-12 col-sm-12\">\n<div class=\"product-tabs\">\n<ul class=\"pro-details-tab\" role=\"tablist\">\n<li class=\"active\" role=\"presentation\">\n<h2>Dettagli del prodotto<\/h2>\n<\/li>\n<\/ul>\n<div class=\"tab-content\">\n<div id=\"tab-desc\" class=\"tab-pane active\" role=\"tabpanel\">\n<div class=\"product-tab-desc\">\n<p>&nbsp;<\/p>\n<p>L'accumulo di energia solare (comunemente chiamato solare+accumulo) \u00e8 un settore in espansione. Quando si abbina un pannello solare con un sistema di accumulo, \u00e8 possibile immagazzinare l'eccesso di elettricit\u00e0 prodotto dai pannelli solari per ampliare le opzioni su come utilizzare l'energia solare e come trarne profitto. L'accumulo di energia solare permette di dipendere meno dalla rete elettrica, potenzialmente riducendo i costi e integrando il reddito.<\/p>\n<p>&nbsp;<\/p>\n<p><strong>Tipi di\u00a0<a href=\"https:\/\/www.haisicbattery.com\/products\/solar-energy-storage-batterylrydz\" target=\"_blank\" rel=\"noopener\">Batterie solari<\/a><\/strong><\/p>\n<p>&nbsp;<\/p>\n<p>Per\u00a0<a href=\"https:\/\/www.haisicbattery.com\/products\/solar-energy-storage-batterylrydz\" target=\"_blank\" rel=\"noopener\">accumulo residenziale<\/a>, le batterie al piombo-acido hanno i vantaggi di basso costo, riciclabilit\u00e0 e lunga durata di conservazione con poca o nessuna manutenzione richiesta, ma sono pesanti e hanno tempi di ricarica pi\u00f9 lunghi. Le batterie agli ioni di litio si ricaricano pi\u00f9 rapidamente e possono contenere pi\u00f9 energia per massa, rendendole la scelta preferita dalla maggior parte dei sistemi di accumulo solare domestici oggi, secondo l'Associazione delle Energie Solari.<\/p>\n<p>&nbsp;<\/p>\n<p>Considerando la loro durata di ciclo, prestazioni e costo, le batterie agli ioni di litio hanno il miglior rapporto costo-beneficio, un rapporto che crescer\u00e0 solo negli anni a venire man mano che la tecnologia continuer\u00e0 a maturare e i prezzi diminuiranno. Le restanti opzioni di accumulo di energia su scala utility\u2014come l'idroelettrico a pompaggio, le batterie a flusso, le batterie sodio-azoto, i sali fusi, i volani e l'aria compressa\u2014sono al di fuori della portata dei proprietari di case.<\/p>\n<p>&nbsp;<\/p>\n<p>Altre caratteristiche delle batterie determinano anche l'efficacia economica e l'utilit\u00e0 dei sistemi solare+accumulo.<\/p>\n<p>&nbsp;<\/p>\n<p><strong>Parametri della batteria<\/strong><\/p>\n<p><strong><img decoding=\"async\" src=\"https:\/\/shopic.mcmcclass.com\/20221103140952390945648.jpg\" alt=\"Batteria di accumulo energetico solare da 30kW\" \/><\/strong><\/p>\n<p>&nbsp;<\/p>\n<p><strong>Potenza e Capacit\u00e0<\/strong><\/p>\n<p>Due metriche simili\u2014kW e kWh\u2014sono misurazioni della potenza e della capacit\u00e0 di una batteria, rispettivamente. Un kilowatt \u00e8 la quantit\u00e0 di potenza che una batteria pu\u00f2 fornire in un dato momento, mentre un kilowattora \u00e8 la quantit\u00e0 totale di energia che la batteria pu\u00f2 immagazzinare.<\/p>\n<p>&nbsp;<\/p>\n<p><strong>Efficienza in andata e ritorno<\/strong><\/p>\n<p>L'efficienza in andata e ritorno \u00e8 la misura di quanto energia viene persa nel trasferimento e nell'immagazzinamento degli elettroni dentro e fuori dalla batteria. La perdita \u00e8 solitamente intorno al 51%.<\/p>\n<p>&nbsp;<\/p>\n<p><strong>Durata della batteria<\/strong><\/p>\n<p>&nbsp;<\/p>\n<p>La durata della batteria \u00e8 misurata dal numero di cicli di carica e scarica che pu\u00f2 sostenere. Alla fine, le batterie si degradano nel tempo e perdono la capacit\u00e0 di mantenere lo stesso livello di carica.<\/p>\n<p>&nbsp;<\/p>\n<p><strong>Parametri dell'inverter<\/strong><\/p>\n<table border=\"0\" cellspacing=\"0\" cellpadding=\"0\">\n<colgroup>\n<col \/>\n<col \/><\/colgroup>\n<tbody>\n<tr>\n<td>Modello<\/td>\n<td>R12KL1<\/td>\n<\/tr>\n<tr>\n<td colspan=\"2\">Ingresso (PV)<\/td>\n<\/tr>\n<tr>\n<td>Potenza massima (kW)<\/td>\n<td>15.6<\/td>\n<\/tr>\n<tr>\n<td>Tensione DC massima (V)<\/td>\n<td>500<\/td>\n<\/tr>\n<tr>\n<td>Gamma di tensione MPPT (V)<\/td>\n<td>120~500<\/td>\n<\/tr>\n<tr>\n<td>Corrente di ingresso massima del MPPT singolo (A)<\/td>\n<td>12<\/td>\n<\/tr>\n<tr>\n<td>Corrente di corto circuito massima (A)<\/td>\n<td>15<\/td>\n<\/tr>\n<tr>\n<td colspan=\"2\">Uscita AC<\/td>\n<\/tr>\n<tr>\n<td>Potenza di uscita nominale (kVA)<\/td>\n<td>12<\/td>\n<\/tr>\n<tr>\n<td>Potenza di uscita massima (kVA)<\/td>\n<td>13.2<\/td>\n<\/tr>\n<tr>\n<td>Corrente di uscita massima (A)<\/td>\n<td>57.4<\/td>\n<\/tr>\n<tr>\n<td>Tensione di uscita AC (V)<\/td>\n<td>220,230,240<\/td>\n<\/tr>\n<tr>\n<td>Frequenza (Hz)<\/td>\n<td>50\/60 (45 ~ 55, 55 ~ 65)<\/td>\n<\/tr>\n<tr>\n<td>PF<\/td>\n<td>0.8 ritardante - 0.8 anticipante<\/td>\n<\/tr>\n<tr>\n<td>THDi<\/td>\n<td>&lt; 2%<\/td>\n<\/tr>\n<tr>\n<td colspan=\"2\">Batteria<\/td>\n<\/tr>\n<tr>\n<td>Tensione nominale (V)<\/td>\n<td>48<\/td>\n<\/tr>\n<tr>\n<td>Gamma di tensione della batteria (V)<\/td>\n<td>40~60<\/td>\n<\/tr>\n<tr>\n<td>Corrente massima di carica\/scarica (A)<\/td>\n<td>250\/250<\/td>\n<\/tr>\n<tr>\n<td>Tipo di batteria<\/td>\n<td>litio \/ Piombo-acido<\/td>\n<\/tr>\n<tr>\n<td>Strategia di ricarica per batteria Li-Ion<\/td>\n<td>Auto-adattamento al BMS<\/td>\n<\/tr>\n<tr>\n<td colspan=\"2\">Uscita EPS<\/td>\n<\/tr>\n<tr>\n<td>Potenza nominale (kVA)<\/td>\n<td>12<\/td>\n<\/tr>\n<tr>\n<td>Tensione di uscita nominale (V)<\/td>\n<td>220, 230 ,240<\/td>\n<\/tr>\n<tr>\n<td>Frequenza nominale (Hz)<\/td>\n<td>50\/60<\/td>\n<\/tr>\n<tr>\n<td>THDu<\/td>\n<td>&lt; 2%<\/td>\n<\/tr>\n<tr>\n<td colspan=\"2\">Protezione<\/td>\n<\/tr>\n<tr>\n<td>Rilevamento messa a terra<\/td>\n<td>S\u00cc<\/td>\n<\/tr>\n<tr>\n<td>Protezione da guasto a arco<\/td>\n<td>opzionale<\/td>\n<\/tr>\n<tr>\n<td>Protezione isolata<\/td>\n<td>S\u00cc<\/td>\n<\/tr>\n<tr>\n<td>Polarit\u00e1 inversa della batteria<\/td>\n<td>S\u00cc<\/td>\n<\/tr>\n<tr>\n<td>Rilevamento resistenza di isolamento<\/td>\n<td>S\u00cc<\/td>\n<\/tr>\n<tr>\n<td>Unit\u00e0 di monitoraggio corrente residua<\/td>\n<td>S\u00cc<\/td>\n<\/tr>\n<tr>\n<td>Protezione da sovracorrente in uscita<\/td>\n<td>S\u00cc<\/td>\n<\/tr>\n<tr>\n<td>Protezione da cortocircuito di uscita di backup<\/td>\n<td>S\u00cc<\/td>\n<\/tr>\n<tr>\n<td>Rilevamento temperatura terminale<\/td>\n<td>S\u00cc<\/td>\n<\/tr>\n<tr>\n<td>Protezione da sovratensione\/sottotensione in uscita<\/td>\n<td>S\u00cc<\/td>\n<\/tr>\n<tr>\n<td colspan=\"2\">Dati generali<\/td>\n<\/tr>\n<tr>\n<td>Efficienza europea (PV)<\/td>\n<td>\u226597,81%<\/td>\n<\/tr>\n<tr>\n<td>Massima efficienza batteria-carico<\/td>\n<td>\u226597,21%<\/td>\n<\/tr>\n<tr>\n<td>Protezione contro l'ingresso<\/td>\n<td>IP65<\/td>\n<\/tr>\n<tr>\n<td>Emissione di rumore(dB)<\/td>\n<td>&lt;38<\/td>\n<\/tr>\n<tr>\n<td>Temperatura di funzionamento<\/td>\n<td>-25\u2103 ~ 60\u2103<\/td>\n<\/tr>\n<tr>\n<td>Raffreddamento<\/td>\n<td>Raffreddamento con ventola<\/td>\n<\/tr>\n<tr>\n<td>Umidit\u00e0 relativa<\/td>\n<td>0 ~ 951 (non condensante)<\/td>\n<\/tr>\n<tr>\n<td>Altitudine<\/td>\n<td>2.000 m (&gt;2.000 Derating)<\/td>\n<\/tr>\n<tr>\n<td>Dimensioni L * P * A (mm)<\/td>\n<td>430*220*710<\/td>\n<\/tr>\n<tr>\n<td>Peso(kg)<\/td>\n<td>41<\/td>\n<\/tr>\n<tr>\n<td>Display<\/td>\n<td>LCD, pannello touch (opzionale)<\/td>\n<\/tr>\n<tr>\n<td>Comunicazione con BMS\/contatore\/EMS<\/td>\n<td>RS485, CAN<\/td>\n<\/tr>\n<tr>\n<td>Interfaccia di comunicazione<\/td>\n<td>RS485, WLAN, 4G (opzionale)<\/td>\n<\/tr>\n<tr>\n<td>Consumo autonomo di notte<\/td>\n<td>&lt; 2,5 W (con batteria abilitata &lt; 5 W)<\/td>\n<\/tr>\n<tr>\n<td>Certificazioni<\/td>\n<td>NRS Italia, IEC 62109-1\/-2, IEC 61000-6-1, IEC 61000-6-3<\/td>\n<\/tr>\n<\/tbody>\n<\/table>\n<p>&nbsp;<\/p>\n<p>&nbsp;<\/p>\n<\/div>\n<\/div>\n<\/div>\n<\/div>\n<\/div>\n<\/div>","protected":false},"excerpt":{"rendered":"<p>L'accumulo di energia solare (noto anche come solare+accumulo) \u00e8 un settore in crescita. Quando si combinano pannelli solari con accumulo di batteria, \u00e8 possibile immagazzinare l'eccesso di elettricit\u00e0 generato dai pannelli solari, offrendo pi\u00f9 opzioni su come utilizzare l'energia solare e come trarne profitto. L'accumulo di energia solare consente di dipendere meno dalla rete elettrica, potenzialmente riducendo i costi e anche integrando il reddito.<\/p>","protected":false},"featured_media":1631,"template":"","meta":{"site-sidebar-layout":"default","site-content-layout":"","ast-site-content-layout":"default","site-content-style":"default","site-sidebar-style":"default","ast-global-header-display":"","ast-banner-title-visibility":"","ast-main-header-display":"","ast-hfb-above-header-display":"","ast-hfb-below-header-display":"","ast-hfb-mobile-header-display":"","site-post-title":"","ast-breadcrumbs-content":"","ast-featured-img":"","footer-sml-layout":"","ast-disable-related-posts":"","theme-transparent-header-meta":"default","adv-header-id-meta":"","stick-header-meta":"default","header-above-stick-meta":"","header-main-stick-meta":"","header-below-stick-meta":"","astra-migrate-meta-layouts":"set","ast-page-background-enabled":"default","ast-page-background-meta":{"desktop":{"background-color":"var(--ast-global-color-4)","background-image":"","background-repeat":"repeat","background-position":"center center","background-size":"auto","background-attachment":"scroll","background-type":"","background-media":"","overlay-type":"","overlay-color":"","overlay-opacity":"","overlay-gradient":""},"tablet":{"background-color":"","background-image":"","background-repeat":"repeat","background-position":"center center","background-size":"auto","background-attachment":"scroll","background-type":"","background-media":"","overlay-type":"","overlay-color":"","overlay-opacity":"","overlay-gradient":""},"mobile":{"background-color":"","background-image":"","background-repeat":"repeat","background-position":"center center","background-size":"auto","background-attachment":"scroll","background-type":"","background-media":"","overlay-type":"","overlay-color":"","overlay-opacity":"","overlay-gradient":""}},"ast-content-background-meta":{"desktop":{"background-color":"var(--ast-global-color-5)","background-image":"","background-repeat":"repeat","background-position":"center center","background-size":"auto","background-attachment":"scroll","background-type":"","background-media":"","overlay-type":"","overlay-color":"","overlay-opacity":"","overlay-gradient":""},"tablet":{"background-color":"var(--ast-global-color-5)","background-image":"","background-repeat":"repeat","background-position":"center center","background-size":"auto","background-attachment":"scroll","background-type":"","background-media":"","overlay-type":"","overlay-color":"","overlay-opacity":"","overlay-gradient":""},"mobile":{"background-color":"var(--ast-global-color-5)","background-image":"","background-repeat":"repeat","background-position":"center center","background-size":"auto","background-attachment":"scroll","background-type":"","background-media":"","overlay-type":"","overlay-color":"","overlay-opacity":"","overlay-gradient":""}}},"product_brand":[],"product_cat":[47,56,45],"product_tag":[],"class_list":{"0":"post-1628","1":"product","2":"type-product","3":"status-publish","4":"has-post-thumbnail","6":"product_cat-residetial-ess","7":"product_cat-energy-storage-battery-system","8":"product_cat-rack-mounted-ess","9":"desktop-align-left","10":"tablet-align-left","11":"mobile-align-left","12":"ast-product-gallery-layout-horizontal-slider","13":"ast-product-tabs-layout-horizontal","15":"first","16":"instock","17":"shipping-taxable","18":"purchasable","19":"product-type-simple"},"_links":{"self":[{"href":"https:\/\/haisicstorage.com\/it\/wp-json\/wp\/v2\/product\/1628","targetHints":{"allow":["GET"]}}],"collection":[{"href":"https:\/\/haisicstorage.com\/it\/wp-json\/wp\/v2\/product"}],"about":[{"href":"https:\/\/haisicstorage.com\/it\/wp-json\/wp\/v2\/types\/product"}],"version-history":[{"count":4,"href":"https:\/\/haisicstorage.com\/it\/wp-json\/wp\/v2\/product\/1628\/revisions"}],"predecessor-version":[{"id":3520,"href":"https:\/\/haisicstorage.com\/it\/wp-json\/wp\/v2\/product\/1628\/revisions\/3520"}],"wp:featuredmedia":[{"embeddable":true,"href":"https:\/\/haisicstorage.com\/it\/wp-json\/wp\/v2\/media\/1631"}],"wp:attachment":[{"href":"https:\/\/haisicstorage.com\/it\/wp-json\/wp\/v2\/media?parent=1628"}],"wp:term":[{"taxonomy":"product_brand","embeddable":true,"href":"https:\/\/haisicstorage.com\/it\/wp-json\/wp\/v2\/product_brand?post=1628"},{"taxonomy":"product_cat","embeddable":true,"href":"https:\/\/haisicstorage.com\/it\/wp-json\/wp\/v2\/product_cat?post=1628"},{"taxonomy":"product_tag","embeddable":true,"href":"https:\/\/haisicstorage.com\/it\/wp-json\/wp\/v2\/product_tag?post=1628"}],"curies":[{"name":"wp","href":"https:\/\/api.w.org\/{rel}","templated":true}]}}