{"id":1625,"date":"2025-12-03T02:44:28","date_gmt":"2025-12-03T02:44:28","guid":{"rendered":"https:\/\/haisicstorage.com\/?post_type=product&#038;p=1625"},"modified":"2026-02-27T07:39:16","modified_gmt":"2026-02-27T07:39:16","slug":"low-volt-51-2v-9-5kwh-powerwall","status":"publish","type":"product","link":"https:\/\/haisicstorage.com\/it\/low-volt-51-2v-9-5kwh-powerwall\/","title":{"rendered":"Powerwall a bassa tensione 51,2 V 9,5 KWH"},"content":{"rendered":"<p><strong>Cos'\u00e8\u00a0<a href=\"https:\/\/www.haisicbattery.com\/products\/solar-energy-storage-batterylrydz\" target=\"_blank\" rel=\"noopener\">accumulo di energia domestico<\/a>?<\/strong><\/p>\n<p>&nbsp;<\/p>\n<p>La\u00a0<a href=\"https:\/\/www.haisicbattery.com\/products\/solar-energy-storage-batterylrydz\" target=\"_blank\" rel=\"noopener\">batteria di accumulo di energia<\/a>\u00a0viene utilizzata principalmente per immagazzinare energia elettrica proveniente da energia solare, eolica o dalla rete elettrica locale. Viene utilizzata principalmente per immagazzinare energia elettrica e viene spesso utilizzata come\u00a0<a href=\"https:\/\/www.haisicbattery.com\/products\/solar-energy-storage-system\" target=\"_blank\" rel=\"noopener\">alimentatore di backup<\/a>\u00a0per famiglie, aziende agricole e imprese. Negli ultimi anni, con il continuo sviluppo della tecnologia dell'energia solare, le batterie di accumulo di energia possono anche raggiungere l'indipendenza energetica per le case.<\/p>\n<p>&nbsp;<\/p>\n<p><strong>Ho bisogno di un permesso per acquistare un sistema di accumulo a batteria domestico?<\/strong><\/p>\n<p>S\u00ec, nella maggior parte delle citt\u00e0 e delle regioni, \u00e8 necessaria una licenza per installare batterie di accumulo di energia nella propria abitazione. Per ulteriori informazioni, consultare i dipartimenti locali competenti.<\/p>\n<p>&nbsp;<\/p>\n<p><strong>Come funziona il\u00a0<a href=\"https:\/\/www.haisicbattery.com\/products\/solar-energy-storage-batterylrydz\/51-2v--10752wh-stacked-lfp-solar-energy-storage-battery-household-energy-storage-sytempazbw\" target=\"_blank\" rel=\"noopener\">sistema di accumulo di energia domestico<\/a>\u00a0?<\/strong><\/p>\n<p>I sistemi di accumulo di energia domestici ottengono elettricit\u00e0 tramite pannelli solari o collegati alla rete. Quando si collegano contemporaneamente il carico domestico e il sistema di accumulo di energia, l'energia solare o la rete elettrica daranno la priorit\u00e0 all'alimentazione del carico domestico e il sistema di accumulo di energia verr\u00e0 caricato solo quando c'\u00e8 energia in eccesso.<\/p>\n<p>Quando si verifica un'interruzione di corrente in casa, il sistema di accumulo energetico identificher\u00e0 immediatamente quando l'alimentazione viene interrotta e cambier\u00e0 automaticamente l'interruttore per utilizzare la batteria di accumulo energetico per alimentare la casa senza operazioni manuali.<\/p>\n<p><strong>Parametri Powerwall<\/strong><\/p>\n<table border=\"0\" cellspacing=\"0\" cellpadding=\"0\">\n<colgroup>\n<col \/>\n<col \/><\/colgroup>\n<tbody>\n<tr>\n<td>Modello<\/td>\n<td>HS-BG9500W<\/td>\n<\/tr>\n<tr>\n<td>Tensione Nominale\uff08V\uff09<\/td>\n<td>51.2<\/td>\n<\/tr>\n<tr>\n<td>Capacit\u00e0 Nominale\uff08Ah\uff09<\/td>\n<td>186<\/td>\n<\/tr>\n<tr>\n<td>Energia Nominale\uff08Wh\uff09<\/td>\n<td>9523<\/td>\n<\/tr>\n<tr>\n<td>Intervallo di Tensione\uff08V\uff09<\/td>\n<td>44.8-56<\/td>\n<\/tr>\n<tr>\n<td>Intervallo di Tensione di Carica\uff08V\uff09<\/td>\n<td>55.2-56<\/td>\n<\/tr>\n<tr>\n<td>Tensione di Interruzione\uff08V\uff09<\/td>\n<td>44.8<\/td>\n<\/tr>\n<tr>\n<td>Corrente di Carica Consigliata\uff08A\uff09<\/td>\n<td>100<\/td>\n<\/tr>\n<tr>\n<td>Corrente di Carica Massima\uff08A\uff09<\/td>\n<td>166<\/td>\n<\/tr>\n<tr>\n<td>Corrente di Scarica Massima\uff08A\uff09<\/td>\n<td>166<\/td>\n<\/tr>\n<tr>\n<td>Dimensioni\uff1aL*W*H\uff08mm\uff09<\/td>\n<td>457*163*760<\/td>\n<\/tr>\n<tr>\n<td>Peso\uff08kg\uff09<\/td>\n<td>70<\/td>\n<\/tr>\n<tr>\n<td>Porta di Comunicazione<\/td>\n<td>RS485, CAN<\/td>\n<\/tr>\n<tr>\n<td>Display<\/td>\n<td>LED+ LCD<\/td>\n<\/tr>\n<tr>\n<td>Terminale<\/td>\n<td>Collegabile alla rete<\/td>\n<\/tr>\n<tr>\n<td>Inverter compatibile<\/td>\n<td>Growatt, Goodwe, Sol-Ark, SRNE, DYE<\/td>\n<\/tr>\n<tr>\n<td>Umidit\u00e0\uff08%\uff09<\/td>\n<td>5-95% RH<\/td>\n<\/tr>\n<tr>\n<td>Intervallo di Temperatura di Carica\uff08\u2103\uff09<\/td>\n<td>0-45<\/td>\n<\/tr>\n<tr>\n<td>Intervallo di Temperatura di Scarica\uff08\u2103\uff09<\/td>\n<td>-20-60<\/td>\n<\/tr>\n<tr>\n<td>Intervallo di Temperatura di Conservazione\uff08\u2103\uff09<\/td>\n<td>-20-45<\/td>\n<\/tr>\n<tr>\n<td>Durata del ciclo<\/td>\n<td>\uff1e6000 \uff080,5C@ 25\u2103\uff0c80% DOD\uff09<\/td>\n<\/tr>\n<tr>\n<td>Durata di progettazione (Anni)<\/td>\n<td>15<\/td>\n<\/tr>\n<tr>\n<td>Sicurezza e Certificazione<\/td>\n<td>CE, EMC, TUV (IEC62619), UL1973<\/td>\n<\/tr>\n<tr>\n<td>Trasporto<\/td>\n<td>UN38.3<\/td>\n<\/tr>\n<\/tbody>\n<\/table>\n<p>&nbsp;<\/p>\n<p>&nbsp;<\/p>\n<p><strong>Quanto dura una batteria domestica di accumulo?<\/strong><\/p>\n<p>&nbsp;<\/p>\n<p>L'introduzione delle batterie di accumulo energetico ha attirato un gran numero di proprietari di case. Potrebbero tutti essere preoccupati da questo problema quando scelgono la prima batteria di accumulo energetico. Tuttavia, la durata della batteria di accumulo energetico coinvolge molti fattori: capacit\u00e0 della batteria, tipo di batteria, modalit\u00e0 di utilizzo, numero di apparecchi collegati e potenza degli apparecchi, ecc.<\/p>\n<p>&nbsp;<\/p>\n<p><strong>Calcolato come una batteria di accumulo da 5 kWh:<\/strong><\/p>\n<p>Il frigorifero da 400W pu\u00f2 durare 12,5 ore<\/p>\n<p>Una lampadina da 10W pu\u00f2 durare 500 ore<\/p>\n<p>Guardare la TV pu\u00f2 continuare per circa 5 ore<\/p>\n<p>Raffreddamento dell'aria condizionata interna per 6,25 ore<\/p>\n<p>&nbsp;<\/p>\n<p>Equipaggiare una casa con una batteria di accumulo energetico solare pu\u00f2 garantire che alcuni apparecchi essenziali importanti possano continuare a funzionare in caso di blackout. Ad esempio, il cibo nel frigorifero pu\u00f2 rimanere fresco e il telefono cellulare pu\u00f2 essere mantenuto completamente carico tutto il tempo.<\/p>\n<p>&nbsp;<\/p>\n<p><strong>Parametri dell'inverter<\/strong><\/p>\n<table border=\"0\" cellspacing=\"0\" cellpadding=\"0\">\n<colgroup>\n<col \/>\n<col \/><\/colgroup>\n<tbody>\n<tr>\n<td>Modello<\/td>\n<td>R8KL1<\/td>\n<\/tr>\n<tr>\n<td colspan=\"2\">Ingresso (PV)<\/td>\n<\/tr>\n<tr>\n<td>Potenza massima (kW)<\/td>\n<td>12<\/td>\n<\/tr>\n<tr>\n<td>Tensione DC massima (V)<\/td>\n<td>500<\/td>\n<\/tr>\n<tr>\n<td>Gamma di tensione MPPT (V)<\/td>\n<td>120~500<\/td>\n<\/tr>\n<tr>\n<td>Corrente di ingresso massima del MPPT singolo (A)<\/td>\n<td>12<\/td>\n<\/tr>\n<tr>\n<td>Corrente di corto circuito massima (A)<\/td>\n<td>15<\/td>\n<\/tr>\n<tr>\n<td colspan=\"2\">Uscita AC<\/td>\n<\/tr>\n<tr>\n<td>Potenza di uscita nominale (kVA)<\/td>\n<td>8<\/td>\n<\/tr>\n<tr>\n<td>Potenza di uscita massima (kVA)<\/td>\n<td>8.8<\/td>\n<\/tr>\n<tr>\n<td>Corrente di uscita massima (A)<\/td>\n<td>38.3<\/td>\n<\/tr>\n<tr>\n<td>Tensione di uscita AC (V)<\/td>\n<td>220,230,240<\/td>\n<\/tr>\n<tr>\n<td>Frequenza (Hz)<\/td>\n<td>50\/60 (45 ~ 55, 55 ~ 65)<\/td>\n<\/tr>\n<tr>\n<td>PF<\/td>\n<td>0.8 ritardante - 0.8 anticipante<\/td>\n<\/tr>\n<tr>\n<td>THDi<\/td>\n<td>&lt; 2%<\/td>\n<\/tr>\n<tr>\n<td colspan=\"2\">Batteria<\/td>\n<\/tr>\n<tr>\n<td>Tensione nominale (V)<\/td>\n<td>48<\/td>\n<\/tr>\n<tr>\n<td>Gamma di tensione della batteria (V)<\/td>\n<td>40~60<\/td>\n<\/tr>\n<tr>\n<td>Corrente massima di carica\/scarica (A)<\/td>\n<td>190\/190<\/td>\n<\/tr>\n<tr>\n<td>Tipo di batteria<\/td>\n<td>litio \/ Piombo-acido<\/td>\n<\/tr>\n<tr>\n<td>Strategia di ricarica per batteria Li-Ion<\/td>\n<td>Auto-adattamento al BMS<\/td>\n<\/tr>\n<tr>\n<td colspan=\"2\">Uscita EPS<\/td>\n<\/tr>\n<tr>\n<td>Potenza nominale (kVA)<\/td>\n<td>8<\/td>\n<\/tr>\n<tr>\n<td>Tensione di uscita nominale (V)<\/td>\n<td>220, 230 ,240<\/td>\n<\/tr>\n<tr>\n<td>Frequenza nominale (Hz)<\/td>\n<td>50\/60<\/td>\n<\/tr>\n<tr>\n<td>THDu<\/td>\n<td>&lt; 2%<\/td>\n<\/tr>\n<tr>\n<td colspan=\"2\">Protezione<\/td>\n<\/tr>\n<tr>\n<td>Rilevamento messa a terra<\/td>\n<td>S\u00cc<\/td>\n<\/tr>\n<tr>\n<td>Protezione da guasto a arco<\/td>\n<td>opzionale<\/td>\n<\/tr>\n<tr>\n<td>Protezione isolata<\/td>\n<td>S\u00cc<\/td>\n<\/tr>\n<tr>\n<td>Polarit\u00e1 inversa della batteria<\/td>\n<td>S\u00cc<\/td>\n<\/tr>\n<tr>\n<td>Rilevamento resistenza di isolamento<\/td>\n<td>S\u00cc<\/td>\n<\/tr>\n<tr>\n<td>Unit\u00e0 di monitoraggio corrente residua<\/td>\n<td>S\u00cc<\/td>\n<\/tr>\n<tr>\n<td>Protezione da sovracorrente in uscita<\/td>\n<td>S\u00cc<\/td>\n<\/tr>\n<tr>\n<td>Protezione da cortocircuito di uscita di backup<\/td>\n<td>S\u00cc<\/td>\n<\/tr>\n<tr>\n<td>Rilevamento temperatura terminale<\/td>\n<td>S\u00cc<\/td>\n<\/tr>\n<tr>\n<td>Protezione da sovratensione\/sottotensione in uscita<\/td>\n<td>S\u00cc<\/td>\n<\/tr>\n<tr>\n<td colspan=\"2\">Dati generali<\/td>\n<\/tr>\n<tr>\n<td>Efficienza europea (PV)<\/td>\n<td>\u226597,81%<\/td>\n<\/tr>\n<tr>\n<td>Massima efficienza batteria-carico<\/td>\n<td>\u226597,21%<\/td>\n<\/tr>\n<tr>\n<td>Protezione contro l'ingresso<\/td>\n<td>IP65<\/td>\n<\/tr>\n<tr>\n<td>Emissione di rumore(dB)<\/td>\n<td>&lt;38<\/td>\n<\/tr>\n<tr>\n<td>Temperatura di funzionamento<\/td>\n<td>-25\u2103 ~ 60\u2103<\/td>\n<\/tr>\n<tr>\n<td>Raffreddamento<\/td>\n<td>Raffreddamento con ventola<\/td>\n<\/tr>\n<tr>\n<td>Umidit\u00e0 relativa<\/td>\n<td>0 ~ 951 (non condensante)<\/td>\n<\/tr>\n<tr>\n<td>Altitudine<\/td>\n<td>2.000 m (&gt;2.000 Derating)<\/td>\n<\/tr>\n<tr>\n<td>Dimensioni L * P * A (mm)<\/td>\n<td>430*220*710<\/td>\n<\/tr>\n<tr>\n<td>Peso(kg)<\/td>\n<td>41<\/td>\n<\/tr>\n<tr>\n<td>Display<\/td>\n<td>LCD, pannello touch (opzionale)<\/td>\n<\/tr>\n<tr>\n<td>Comunicazione con BMS\/contatore\/EMS<\/td>\n<td>RS485, CAN<\/td>\n<\/tr>\n<tr>\n<td>Interfaccia di comunicazione<\/td>\n<td>RS485, WLAN, 4G (opzionale)<\/td>\n<\/tr>\n<tr>\n<td>Consumo autonomo di notte<\/td>\n<td>&lt; 2,5 W (con batteria abilitata &lt; 5 W)<\/td>\n<\/tr>\n<tr>\n<td>Certificazioni<\/td>\n<td>NRS Italia, IEC 62109-1\/-2, IEC 61000-6-1, IEC 61000-6-3<\/td>\n<\/tr>\n<\/tbody>\n<\/table>\n<p>&nbsp;<\/p>\n<p>In generale, la soluzione energetica di \u201csolare + batteria di accumulo energetico\u201d \u00e8 diventata la scelta principale della maggior parte dei proprietari di case. Le batterie di accumulo solare riducono anche la dipendenza quotidiana dalla rete elettrica. Prima di acquistare, dovremmo comprendere le conoscenze rilevanti sulle batterie di accumulo energetico per sceglierle e acquistare meglio.<\/p>","protected":false},"excerpt":{"rendered":"<p>Il powerwall a bassa tensione 51,2 V 9,5 KWH pu\u00f2 proteggere la tua casa dalle interruzioni di corrente e liberarti dalla rete elettrica grazie all'accumulo di energia. Installazione a parete. Ciclo profondo &gt; 6000 volte. Batteria al litio ferro fosfato ad alta sicurezza. La soluzione ideale per l'accumulo di energia residenziale.<\/p>","protected":false},"featured_media":1626,"template":"","meta":{"site-sidebar-layout":"default","site-content-layout":"","ast-site-content-layout":"default","site-content-style":"default","site-sidebar-style":"default","ast-global-header-display":"","ast-banner-title-visibility":"","ast-main-header-display":"","ast-hfb-above-header-display":"","ast-hfb-below-header-display":"","ast-hfb-mobile-header-display":"","site-post-title":"","ast-breadcrumbs-content":"","ast-featured-img":"","footer-sml-layout":"","ast-disable-related-posts":"","theme-transparent-header-meta":"default","adv-header-id-meta":"","stick-header-meta":"default","header-above-stick-meta":"","header-main-stick-meta":"","header-below-stick-meta":"","astra-migrate-meta-layouts":"set","ast-page-background-enabled":"default","ast-page-background-meta":{"desktop":{"background-color":"var(--ast-global-color-4)","background-image":"","background-repeat":"repeat","background-position":"center center","background-size":"auto","background-attachment":"scroll","background-type":"","background-media":"","overlay-type":"","overlay-color":"","overlay-opacity":"","overlay-gradient":""},"tablet":{"background-color":"","background-image":"","background-repeat":"repeat","background-position":"center center","background-size":"auto","background-attachment":"scroll","background-type":"","background-media":"","overlay-type":"","overlay-color":"","overlay-opacity":"","overlay-gradient":""},"mobile":{"background-color":"","background-image":"","background-repeat":"repeat","background-position":"center center","background-size":"auto","background-attachment":"scroll","background-type":"","background-media":"","overlay-type":"","overlay-color":"","overlay-opacity":"","overlay-gradient":""}},"ast-content-background-meta":{"desktop":{"background-color":"var(--ast-global-color-5)","background-image":"","background-repeat":"repeat","background-position":"center center","background-size":"auto","background-attachment":"scroll","background-type":"","background-media":"","overlay-type":"","overlay-color":"","overlay-opacity":"","overlay-gradient":""},"tablet":{"background-color":"var(--ast-global-color-5)","background-image":"","background-repeat":"repeat","background-position":"center center","background-size":"auto","background-attachment":"scroll","background-type":"","background-media":"","overlay-type":"","overlay-color":"","overlay-opacity":"","overlay-gradient":""},"mobile":{"background-color":"var(--ast-global-color-5)","background-image":"","background-repeat":"repeat","background-position":"center center","background-size":"auto","background-attachment":"scroll","background-type":"","background-media":"","overlay-type":"","overlay-color":"","overlay-opacity":"","overlay-gradient":""}}},"product_brand":[],"product_cat":[47,56,50],"product_tag":[],"class_list":{"0":"post-1625","1":"product","2":"type-product","3":"status-publish","4":"has-post-thumbnail","6":"product_cat-residetial-ess","7":"product_cat-energy-storage-battery-system","8":"product_cat-floor-standing-ess","9":"desktop-align-left","10":"tablet-align-left","11":"mobile-align-left","12":"ast-product-gallery-layout-horizontal-slider","13":"ast-product-tabs-layout-horizontal","15":"first","16":"instock","17":"shipping-taxable","18":"purchasable","19":"product-type-simple"},"_links":{"self":[{"href":"https:\/\/haisicstorage.com\/it\/wp-json\/wp\/v2\/product\/1625","targetHints":{"allow":["GET"]}}],"collection":[{"href":"https:\/\/haisicstorage.com\/it\/wp-json\/wp\/v2\/product"}],"about":[{"href":"https:\/\/haisicstorage.com\/it\/wp-json\/wp\/v2\/types\/product"}],"version-history":[{"count":4,"href":"https:\/\/haisicstorage.com\/it\/wp-json\/wp\/v2\/product\/1625\/revisions"}],"predecessor-version":[{"id":3519,"href":"https:\/\/haisicstorage.com\/it\/wp-json\/wp\/v2\/product\/1625\/revisions\/3519"}],"wp:featuredmedia":[{"embeddable":true,"href":"https:\/\/haisicstorage.com\/it\/wp-json\/wp\/v2\/media\/1626"}],"wp:attachment":[{"href":"https:\/\/haisicstorage.com\/it\/wp-json\/wp\/v2\/media?parent=1625"}],"wp:term":[{"taxonomy":"product_brand","embeddable":true,"href":"https:\/\/haisicstorage.com\/it\/wp-json\/wp\/v2\/product_brand?post=1625"},{"taxonomy":"product_cat","embeddable":true,"href":"https:\/\/haisicstorage.com\/it\/wp-json\/wp\/v2\/product_cat?post=1625"},{"taxonomy":"product_tag","embeddable":true,"href":"https:\/\/haisicstorage.com\/it\/wp-json\/wp\/v2\/product_tag?post=1625"}],"curies":[{"name":"wp","href":"https:\/\/api.w.org\/{rel}","templated":true}]}}