{"id":1620,"date":"2025-12-03T02:36:59","date_gmt":"2025-12-03T02:36:59","guid":{"rendered":"https:\/\/haisicstorage.com\/?post_type=product&#038;p=1620"},"modified":"2026-02-27T07:38:58","modified_gmt":"2026-02-27T07:38:58","slug":"10kw-off-grid-solar-power-system","status":"publish","type":"product","link":"https:\/\/haisicstorage.com\/it\/10kw-off-grid-solar-power-system\/","title":{"rendered":"Sistema solare off-grid da 10kw"},"content":{"rendered":"<p>Sistema completo di pannelli solari da 10kw con inverter off grid<\/p>\n<p>&nbsp;<\/p>\n<p>Sistema di potenza solare completo facile da installare<br \/>\nCerchi un sistema di pannelli solari facile da installare che possa fornire energia alla tua casa o attivit\u00e0?<br \/>\nNon cercare oltre, il nostro sistema di energia solare off grid da 10kw.<br \/>\nIl nostro sistema completo di pannelli solari include tutto ci\u00f2 di cui hai bisogno per l'installazione a terra,<br \/>\nincluso un sistema di montaggio inclinato per pannelli solari a terra e un sistema di montaggio BIPV per la massima facilit\u00e0 d'uso.<br \/>\nCon il design plug-and-play, sarai operativo in pochissimo tempo, pronto a iniziare a produrre la tua energia pulita e rinnovabile.<\/p>\n<table border=\"1\">\n<tbody>\n<tr>\n<td colspan=\"2\">Parametro di base della batteria<\/td>\n<\/tr>\n<tr>\n<td>Tensione Nominale (V)<\/td>\n<td>51.2<\/td>\n<\/tr>\n<tr>\n<td>Capacit\u00e0 Nominale (Ah)<\/td>\n<td>200<\/td>\n<\/tr>\n<tr>\n<td>Energia Nominale (Wh)<\/td>\n<td>10240<\/td>\n<\/tr>\n<tr>\n<td colspan=\"2\">Parametro di Funzionamento<\/td>\n<\/tr>\n<tr>\n<td>Gamma di Tensione (V)<\/td>\n<td>44.8-56<\/td>\n<\/tr>\n<tr>\n<td>Gamma di Tensione di Carica (V)<\/td>\n<td>55.2-56<\/td>\n<\/tr>\n<tr>\n<td>Tensione di Interruzione (V)<\/td>\n<td>44.8<\/td>\n<\/tr>\n<tr>\n<td>Corrente di Carica Consigliata (A)<\/td>\n<td>100<\/td>\n<\/tr>\n<tr>\n<td>Corrente di Carica Massima (A)<\/td>\n<td>200<\/td>\n<\/tr>\n<tr>\n<td>Corrente di Scarica Massima (A)<\/td>\n<td>200<\/td>\n<\/tr>\n<tr>\n<td colspan=\"2\">Parametro Fisico<\/td>\n<\/tr>\n<tr>\n<td>Dimensioni: LxP*Hx (mm)<\/td>\n<td>457*163*760<\/td>\n<\/tr>\n<tr>\n<td>Peso (kg)<\/td>\n<td>70<\/td>\n<\/tr>\n<tr>\n<td>Porta di Comunicazione<\/td>\n<td>RS485, CAN<\/td>\n<\/tr>\n<tr>\n<td>Display<\/td>\n<td>LED+ LCD<\/td>\n<\/tr>\n<tr>\n<td>Terminale<\/td>\n<td>Collegabile alla rete<\/td>\n<\/tr>\n<tr>\n<td>Inverter compatibile<\/td>\n<td>Growatt, Goodwe, Sol-Ark, SRNE, DEYE<\/td>\n<\/tr>\n<tr>\n<td colspan=\"2\">Parametro Ambientale<\/td>\n<\/tr>\n<tr>\n<td>Umidit\u00e0 (%)<\/td>\n<td>5-95% RH<\/td>\n<\/tr>\n<tr>\n<td>Gamma di temperatura di carica (\u2103 )<\/td>\n<td>0-45<\/td>\n<\/tr>\n<tr>\n<td>Gamma di temperatura di scarica (\u2103 )<\/td>\n<td>-20-60<\/td>\n<\/tr>\n<tr>\n<td>Gamma di temperatura di stoccaggio (\u2103 )<\/td>\n<td>-20-45<\/td>\n<\/tr>\n<tr>\n<td colspan=\"2\">Durata di servizio<\/td>\n<\/tr>\n<tr>\n<td>Durata del ciclo<\/td>\n<td>&gt;6000 (0,5C@ 25C\uff0c80% DOD)<\/td>\n<\/tr>\n<tr>\n<td>Durata di progettazione (Anni)<\/td>\n<td>15<\/td>\n<\/tr>\n<tr>\n<td colspan=\"2\">Certificazione<\/td>\n<\/tr>\n<tr>\n<td>Sicurezza e Certificazione<\/td>\n<td>CE, EMC, TUV (IEC62619), UL1973<\/td>\n<\/tr>\n<tr>\n<td>Trasporto<\/td>\n<td>UN38.3<\/td>\n<\/tr>\n<\/tbody>\n<\/table>\n<p>Componenti di alta qualit\u00e0<br \/>\nIl nostro sistema di energia solare \u00e8 realizzato con componenti di prima qualit\u00e0, tra cui un controller MPPT e pannelli solari in silicio monocristallino ad alta efficienza.<br \/>\nLa batteria agli ioni di litio ha una capacit\u00e0 nominale di 200Ah e pu\u00f2 immagazzinare fino a 10KWh di energia, fornendo energia affidabile per la tua casa o attivit\u00e0.<br \/>\nIl nostro sistema di energia solare include anche una forma d'onda di uscita a onda sinusoidale pura, garantendo una fornitura di energia stabile e affidabile.<\/p>\n<table border=\"1\">\n<tbody>\n<tr>\n<td colspan=\"2\">Parametro dell'inverter solare<\/td>\n<\/tr>\n<tr>\n<td colspan=\"2\">\n<div>Ingresso (PV)<\/div>\n<\/td>\n<\/tr>\n<tr>\n<td>\n<div>Potenza massima (kW)<\/div>\n<\/td>\n<td>12<\/td>\n<\/tr>\n<tr>\n<td>\n<div>Tensione DC massima (V)<\/div>\n<\/td>\n<td>500<\/td>\n<\/tr>\n<tr>\n<td>\n<div>Gamma di tensione MPPT ()<\/div>\n<\/td>\n<td>120-500<\/td>\n<\/tr>\n<tr>\n<td>Corrente di ingresso massima del MPPT singolo (A)<\/td>\n<td>12<\/td>\n<\/tr>\n<tr>\n<td>Corrente di corto circuito massima (A)<\/td>\n<td>15<\/td>\n<\/tr>\n<tr>\n<td colspan=\"2\">Uscita AC<\/td>\n<\/tr>\n<tr>\n<td>Potenza di uscita nominale (kVA)<\/td>\n<td>8<\/td>\n<\/tr>\n<tr>\n<td>Potenza di uscita massima (kVA)<\/td>\n<td>8.8<\/td>\n<\/tr>\n<tr>\n<td>Tensione di uscita AC (V)<\/td>\n<td>220,230,240<\/td>\n<\/tr>\n<tr>\n<td>Frequenza (Hz)<\/td>\n<td>50\/60 (45 \u2013 55,55 \u2013 65)<\/td>\n<\/tr>\n<tr>\n<td>PF<\/td>\n<td>0.8 ritardante - 0.8 anticipante<\/td>\n<\/tr>\n<tr>\n<td>THDi<\/td>\n<td>&lt; 2%<\/td>\n<\/tr>\n<tr>\n<td>Corrente di uscita massima (A)<\/td>\n<td>38.3<\/td>\n<\/tr>\n<tr>\n<td colspan=\"2\">Batteria<\/td>\n<\/tr>\n<tr>\n<td>Tensione nominale (V)<\/td>\n<td>48<\/td>\n<\/tr>\n<tr>\n<td>Gamma di tensione della batteria (V)<\/td>\n<td>40~60<\/td>\n<\/tr>\n<tr>\n<td>Corrente massima di carica\/scarica (A)<\/td>\n<td>190\/190<\/td>\n<\/tr>\n<tr>\n<td>Tipo di batteria<\/td>\n<td>litio \/ Piombo-acido<\/td>\n<\/tr>\n<tr>\n<td>Strategia di ricarica per batteria Li-ion<\/td>\n<td>Auto-adattamento al BMS<\/td>\n<\/tr>\n<tr>\n<td colspan=\"2\">Uscita EPS<\/td>\n<\/tr>\n<tr>\n<td>Potenza nominale (kVA)<\/td>\n<td>8<\/td>\n<\/tr>\n<tr>\n<td>Tensione di uscita nominale (V)<\/td>\n<td><\/td>\n<\/tr>\n<tr>\n<td>Frequenza nominale (Hz)<\/td>\n<td><\/td>\n<\/tr>\n<tr>\n<td>THDu<\/td>\n<td><\/td>\n<\/tr>\n<tr>\n<td colspan=\"2\">Protezione<\/td>\n<\/tr>\n<tr>\n<td>Rilevamento messa a terra<\/td>\n<td>S\u00cc<\/td>\n<\/tr>\n<tr>\n<td>Protezione da guasto a arco<\/td>\n<td>opzionale<\/td>\n<\/tr>\n<tr>\n<td>Protezione isolata<\/td>\n<td>S\u00cc<\/td>\n<\/tr>\n<tr>\n<td>Polarit\u00e1 inversa della batteria<\/td>\n<td>S\u00cc<\/td>\n<\/tr>\n<tr>\n<td>Rilevamento resistenza di isolamento<\/td>\n<td>S\u00cc<\/td>\n<\/tr>\n<tr>\n<td>Unit\u00e0 di monitoraggio corrente residua<\/td>\n<td>S\u00cc<\/td>\n<\/tr>\n<tr>\n<td>Protezione da sovracorrente in uscita<\/td>\n<td>S\u00cc<\/td>\n<\/tr>\n<tr>\n<td>Protezione da cortocircuito di uscita di backup<\/td>\n<td>S\u00cc<\/td>\n<\/tr>\n<tr>\n<td>Rilevamento temperatura terminale<\/td>\n<td>S\u00cc<\/td>\n<\/tr>\n<tr>\n<td>Protezione da sovratensione\/sottotensione in uscita<\/td>\n<td>S\u00cc<\/td>\n<\/tr>\n<tr>\n<td colspan=\"2\">Dati generali<\/td>\n<\/tr>\n<tr>\n<td>Efficienza europea (PV)<\/td>\n<td>97.8%<\/td>\n<\/tr>\n<tr>\n<td>Massima efficienza batteria-carico<\/td>\n<td>97.2%<\/td>\n<\/tr>\n<tr>\n<td>Protezione contro l'ingresso<\/td>\n<td>IP65<\/td>\n<\/tr>\n<tr>\n<td>Emissione di rumore(dB)<\/td>\n<td>&lt;38<\/td>\n<\/tr>\n<tr>\n<td>Temperatura di funzionamento<\/td>\n<td>-25C-60%C<\/td>\n<\/tr>\n<tr>\n<td>Raffreddamento<\/td>\n<td>Raffreddamento con ventola<\/td>\n<\/tr>\n<tr>\n<td>Umidit\u00e0 relativa<\/td>\n<td>0 -95% (non condensa)<\/td>\n<\/tr>\n<tr>\n<td>Dimensioni L P*A (mm)<\/td>\n<td>430*220*710<\/td>\n<\/tr>\n<tr>\n<td>Peso(kg)<\/td>\n<td>41<\/td>\n<\/tr>\n<tr>\n<td>Comunicazione con BMS\/contatore\/EMS<\/td>\n<td>RS485, CAN<\/td>\n<\/tr>\n<tr>\n<td>Display<\/td>\n<td>LCD, pannello touch (opzionale)<\/td>\n<\/tr>\n<tr>\n<td>Interfaccia di comunicazione<\/td>\n<td>RS485, WLAN, 4G (opzionale)<\/td>\n<\/tr>\n<tr>\n<td>Consumo autonomo di notte<\/td>\n<td>&lt; 2,5 W (con batteria abilitata &lt; 5 W)<\/td>\n<\/tr>\n<tr>\n<td>Certificazioni<\/td>\n<td>NRS Sud Africa, IEC 62109-1\/-2, IEC 61000-6-1.<br \/>\nIEC 61000-6-3<\/td>\n<\/tr>\n<\/tbody>\n<\/table>\n<p>Progettazione del progetto pre-vendita e garanzia di 5 anni<br \/>\nIl nostro team di esperti offre servizi di progettazione del progetto pre-vendita per garantire che il sistema di energia solare sia perfettamente adattato alle tue esigenze specifiche.<br \/>\nCon la nostra garanzia completa di 5 anni, puoi fidarti dei nostri prodotti per offrire prestazioni affidabili negli anni a venire.<br \/>\nLuogo di origine: Guangdong, Cina<\/p>\n<p>Cerchi un sistema di alimentazione solare affidabile e facile da installare?<br \/>\nIl nostro Set Completo Sistema Solare Fotovoltaico 10kw Off Grid con Inverter Off Grid \u00e8 la soluzione perfetta per la tua casa o attivit\u00e0.<br \/>\nIl nostro sistema di montaggio inclinato per installazione a terra e il sistema di montaggio BIPV rendono l'installazione semplice, mentre i nostri componenti di alta qualit\u00e0,<br \/>\ntra cui un controller MPPT e pannelli solari in silicio monocristallino, garantiscono prestazioni affidabili. Con la nostra forma d'onda di uscita a onda sinusoidale pura,<br \/>\npuoi godere di un'alimentazione stabile e affidabile. I nostri servizi di progettazione pre-vendita e la garanzia di 5 anni garantiscono la tua soddisfazione.<br \/>\nScegli Haisic e inizia a produrre la tua energia pulita e rinnovabile oggi stesso!<\/p>","protected":false},"excerpt":{"rendered":"<p>\u203b L'intero sistema include una batteria da 10kWh da parete, un inverter ibrido da 8kVa, pannelli solari da 425W, staffe di montaggio e accessori di connessione<br \/>\n\u203b Fornisci servizi di guida remota e servizi di progettazione del sistema in base alle tue esigenze<br \/>\n\u203b L'intero sistema \u00e8 semplice e facile da installare<br \/>\n\u203b Garanzia di 5 anni<\/p>","protected":false},"featured_media":1629,"template":"","meta":{"site-sidebar-layout":"default","site-content-layout":"","ast-site-content-layout":"default","site-content-style":"default","site-sidebar-style":"default","ast-global-header-display":"","ast-banner-title-visibility":"","ast-main-header-display":"","ast-hfb-above-header-display":"","ast-hfb-below-header-display":"","ast-hfb-mobile-header-display":"","site-post-title":"","ast-breadcrumbs-content":"","ast-featured-img":"","footer-sml-layout":"","ast-disable-related-posts":"","theme-transparent-header-meta":"default","adv-header-id-meta":"","stick-header-meta":"default","header-above-stick-meta":"","header-main-stick-meta":"","header-below-stick-meta":"","astra-migrate-meta-layouts":"set","ast-page-background-enabled":"default","ast-page-background-meta":{"desktop":{"background-color":"var(--ast-global-color-4)","background-image":"","background-repeat":"repeat","background-position":"center center","background-size":"auto","background-attachment":"scroll","background-type":"","background-media":"","overlay-type":"","overlay-color":"","overlay-opacity":"","overlay-gradient":""},"tablet":{"background-color":"","background-image":"","background-repeat":"repeat","background-position":"center center","background-size":"auto","background-attachment":"scroll","background-type":"","background-media":"","overlay-type":"","overlay-color":"","overlay-opacity":"","overlay-gradient":""},"mobile":{"background-color":"","background-image":"","background-repeat":"repeat","background-position":"center center","background-size":"auto","background-attachment":"scroll","background-type":"","background-media":"","overlay-type":"","overlay-color":"","overlay-opacity":"","overlay-gradient":""}},"ast-content-background-meta":{"desktop":{"background-color":"var(--ast-global-color-5)","background-image":"","background-repeat":"repeat","background-position":"center center","background-size":"auto","background-attachment":"scroll","background-type":"","background-media":"","overlay-type":"","overlay-color":"","overlay-opacity":"","overlay-gradient":""},"tablet":{"background-color":"var(--ast-global-color-5)","background-image":"","background-repeat":"repeat","background-position":"center center","background-size":"auto","background-attachment":"scroll","background-type":"","background-media":"","overlay-type":"","overlay-color":"","overlay-opacity":"","overlay-gradient":""},"mobile":{"background-color":"var(--ast-global-color-5)","background-image":"","background-repeat":"repeat","background-position":"center center","background-size":"auto","background-attachment":"scroll","background-type":"","background-media":"","overlay-type":"","overlay-color":"","overlay-opacity":"","overlay-gradient":""}}},"product_brand":[],"product_cat":[47,56,50],"product_tag":[],"class_list":{"0":"post-1620","1":"product","2":"type-product","3":"status-publish","4":"has-post-thumbnail","6":"product_cat-residetial-ess","7":"product_cat-energy-storage-battery-system","8":"product_cat-floor-standing-ess","9":"desktop-align-left","10":"tablet-align-left","11":"mobile-align-left","12":"ast-product-gallery-layout-horizontal-slider","13":"ast-product-tabs-layout-horizontal","15":"first","16":"instock","17":"shipping-taxable","18":"purchasable","19":"product-type-simple"},"_links":{"self":[{"href":"https:\/\/haisicstorage.com\/it\/wp-json\/wp\/v2\/product\/1620","targetHints":{"allow":["GET"]}}],"collection":[{"href":"https:\/\/haisicstorage.com\/it\/wp-json\/wp\/v2\/product"}],"about":[{"href":"https:\/\/haisicstorage.com\/it\/wp-json\/wp\/v2\/types\/product"}],"version-history":[{"count":3,"href":"https:\/\/haisicstorage.com\/it\/wp-json\/wp\/v2\/product\/1620\/revisions"}],"predecessor-version":[{"id":3517,"href":"https:\/\/haisicstorage.com\/it\/wp-json\/wp\/v2\/product\/1620\/revisions\/3517"}],"wp:featuredmedia":[{"embeddable":true,"href":"https:\/\/haisicstorage.com\/it\/wp-json\/wp\/v2\/media\/1629"}],"wp:attachment":[{"href":"https:\/\/haisicstorage.com\/it\/wp-json\/wp\/v2\/media?parent=1620"}],"wp:term":[{"taxonomy":"product_brand","embeddable":true,"href":"https:\/\/haisicstorage.com\/it\/wp-json\/wp\/v2\/product_brand?post=1620"},{"taxonomy":"product_cat","embeddable":true,"href":"https:\/\/haisicstorage.com\/it\/wp-json\/wp\/v2\/product_cat?post=1620"},{"taxonomy":"product_tag","embeddable":true,"href":"https:\/\/haisicstorage.com\/it\/wp-json\/wp\/v2\/product_tag?post=1620"}],"curies":[{"name":"wp","href":"https:\/\/api.w.org\/{rel}","templated":true}]}}