{"id":1616,"date":"2025-12-03T02:28:58","date_gmt":"2025-12-03T02:28:58","guid":{"rendered":"https:\/\/haisicstorage.com\/?post_type=product&#038;p=1616"},"modified":"2026-02-27T07:38:39","modified_gmt":"2026-02-27T07:38:39","slug":"low-volt-51-2v-3-5kwh-powerwall","status":"publish","type":"product","link":"https:\/\/haisicstorage.com\/it\/low-volt-51-2v-3-5kwh-powerwall\/","title":{"rendered":"Powerwall a bassa tensione 51,2V 3,5KWH"},"content":{"rendered":"<div class=\"row\">\n<div class=\"col-md-12 col-sm-12\">\n<div class=\"product-tabs\">\n<div class=\"tab-content\">\n<div id=\"tab-desc\" class=\"tab-pane active\" role=\"tabpanel\">\n<div class=\"product-tab-desc\">\n<table class=\"woocommerce-product-attributes shop_attributes\" aria-label=\"Dettagli del prodotto\">\n<tbody>\n<tr class=\"woocommerce-product-attributes-item woocommerce-product-attributes-item--attribute_rated-energy\">\n<th class=\"woocommerce-product-attributes-item__label\" scope=\"row\">Energia Nominale<\/th>\n<td class=\"woocommerce-product-attributes-item__value\">3584Wh<\/td>\n<\/tr>\n<tr class=\"woocommerce-product-attributes-item woocommerce-product-attributes-item--attribute_rated-capacity\">\n<th class=\"woocommerce-product-attributes-item__label\" scope=\"row\">Capacit\u00e0 nominale<\/th>\n<td class=\"woocommerce-product-attributes-item__value\">70Ah<\/td>\n<\/tr>\n<tr class=\"woocommerce-product-attributes-item woocommerce-product-attributes-item--attribute_rated-voltage\">\n<th class=\"woocommerce-product-attributes-item__label\" scope=\"row\">Tensione nominale<\/th>\n<td class=\"woocommerce-product-attributes-item__value\">51,2V<\/td>\n<\/tr>\n<tr class=\"woocommerce-product-attributes-item woocommerce-product-attributes-item--attribute_voltage-range\">\n<th class=\"woocommerce-product-attributes-item__label\" scope=\"row\">Gamma di Tensione<\/th>\n<td class=\"woocommerce-product-attributes-item__value\">44,8-56V<\/td>\n<\/tr>\n<tr class=\"woocommerce-product-attributes-item woocommerce-product-attributes-item--attribute_charge-voltage-range\">\n<th class=\"woocommerce-product-attributes-item__label\" scope=\"row\">Gamma di Tensione di Carica<\/th>\n<td class=\"woocommerce-product-attributes-item__value\">55,2-56V<\/td>\n<\/tr>\n<tr class=\"woocommerce-product-attributes-item woocommerce-product-attributes-item--attribute_cut-off-voltage\">\n<th class=\"woocommerce-product-attributes-item__label\" scope=\"row\">Tensione di Interruzione<\/th>\n<td class=\"woocommerce-product-attributes-item__value\">44,8V<\/td>\n<\/tr>\n<tr class=\"woocommerce-product-attributes-item woocommerce-product-attributes-item--attribute_recommend-charge-current\">\n<th class=\"woocommerce-product-attributes-item__label\" scope=\"row\">Corrente di Carica Consigliata<\/th>\n<td class=\"woocommerce-product-attributes-item__value\">30A<\/td>\n<\/tr>\n<tr class=\"woocommerce-product-attributes-item woocommerce-product-attributes-item--attribute_max-discharge-current\">\n<th class=\"woocommerce-product-attributes-item__label\" scope=\"row\">Corrente di Scarica Massima<\/th>\n<td class=\"woocommerce-product-attributes-item__value\">60A<\/td>\n<\/tr>\n<tr class=\"woocommerce-product-attributes-item woocommerce-product-attributes-item--attribute_max-charge-current\">\n<th class=\"woocommerce-product-attributes-item__label\" scope=\"row\">Corrente di Carica Massima<\/th>\n<td class=\"woocommerce-product-attributes-item__value\">60A<\/td>\n<\/tr>\n<\/tbody>\n<\/table>\n<p><strong>Cos'\u00e8 un Powerwall?<\/strong><\/p>\n<p><a href=\"https:\/\/www.haisicbattery.com\/products\/solar-energy-storage-system\/low-volt-51-2v-5-1kwh-powerwall-residential-energy-storage-system\" target=\"_blank\" rel=\"noopener\">Powerwall<\/a>\u00a0\u00e8 un sistema di batterie integrato che immagazzina l'energia solare per la protezione di backup, cos\u00ec quando la rete cade, la tua energia rimane attiva. Il tuo sistema rileva le interruzioni e si ricarica automaticamente con la luce solare per mantenere in funzione gli apparecchi per giorni.<\/p>\n<p>Ogni acquisto di impianto solare include Powerwall, una batteria domestica compatta che riduce la dipendenza dalla rete immagazzinando l'energia solare per l'uso quando il sole non splende.<\/p>\n<p>Con un'installazione semplice e un design minimalista, Powerwall si integra con diversi stili di abitazione e\u00a0<a href=\"https:\/\/www.haisicbattery.com\/products\/solar-energy-storage-system\" target=\"_blank\" rel=\"noopener\">sistemi solari<\/a>. La costruzione compatta tutto-in-uno presenta opzioni di montaggio versatili per spazi interni o esterni.<\/p>\n<p>&nbsp;<\/p>\n<p><strong>Perch\u00e9 abbiamo bisogno di un sistema di accumulo energetico?<\/strong><\/p>\n<p>&nbsp;<\/p>\n<p>L'accumulo di energia \u00e8 una delle migliori soluzioni per ridurre i costi delle utenze senza spese infrastrutturali elevate. Trasforma il modo in cui proprietari di case, aziende e utility utilizzano l'energia.<\/p>\n<p>Siamo certi che un sistema di accumulo energetico sia anche un investimento intelligente che pu\u00f2 ridurre efficacemente il costo dell'elettricit\u00e0, soprattutto quando si affrontano pressioni finanziarie causate da contingenze o eventi di forza maggiore come una pandemia o un incendio boschivo.<\/p>\n<p>&nbsp;<\/p>\n<p>Accedi all'indipendenza energetica e garantisci l'approvvigionamento di energia anche quando la rete fallisce a causa di incidenti.<\/p>\n<p>&nbsp;<\/p>\n<p>\u2013 Riducendo l'impronta ecologica immagazzinando energia rinnovabile come l'energia solare.<\/p>\n<p>\u2013 Vivere una vita verde in modo sicuro utilizzando una batteria LiFePO4 e completamente priva di cobalto.<\/p>\n<p>\u2013 Immagazzinando l'eccesso di produzione fotovoltaica in un'unit\u00e0 di accumulo, puoi massimizzare l'autoconsumo e ridurre la bolletta dell'elettricit\u00e0.<\/p>\n<p>\u2013 Riduci la bolletta dell'elettricit\u00e0 immagazzinando energia durante le ore di minor consumo e spostando l'uso dell'energia nelle ore di picco.<\/p>\n<p>\u2013 Vendendo l'energia rinnovabile in eccesso alla rete o direttamente ad altri utenti nella microrete.<\/p>\n<p>&nbsp;<\/p>\n<p><strong>Parametri Powerwall<\/strong><\/p>\n<table border=\"0\" cellspacing=\"0\" cellpadding=\"0\">\n<colgroup>\n<col \/>\n<col \/><\/colgroup>\n<tbody>\n<tr>\n<td>Modello<\/td>\n<td>HS-BG3000W<\/td>\n<\/tr>\n<tr>\n<td>Tensione Nominale\uff08V\uff09<\/td>\n<td>51.2<\/td>\n<\/tr>\n<tr>\n<td>Capacit\u00e0 Nominale\uff08Ah\uff09<\/td>\n<td>70<\/td>\n<\/tr>\n<tr>\n<td>Energia Nominale\uff08Wh\uff09<\/td>\n<td>3584<\/td>\n<\/tr>\n<tr>\n<td>Intervallo di Tensione\uff08V\uff09<\/td>\n<td>44.8-56<\/td>\n<\/tr>\n<tr>\n<td>Intervallo di Tensione di Carica\uff08V\uff09<\/td>\n<td>55.2-56<\/td>\n<\/tr>\n<tr>\n<td>Tensione di Interruzione\uff08V\uff09<\/td>\n<td>44.8<\/td>\n<\/tr>\n<tr>\n<td>Corrente di Carica Consigliata\uff08A\uff09<\/td>\n<td>30<\/td>\n<\/tr>\n<tr>\n<td>Corrente di Carica Massima\uff08A\uff09<\/td>\n<td>60<\/td>\n<\/tr>\n<tr>\n<td>Corrente di Scarica Massima\uff08A\uff09<\/td>\n<td>60<\/td>\n<\/tr>\n<tr>\n<td>Dimensioni\uff1aL*W*H\uff08mm\uff09<\/td>\n<td>374*138*530<\/td>\n<\/tr>\n<tr>\n<td>Peso\uff08kg\uff09<\/td>\n<td>32<\/td>\n<\/tr>\n<tr>\n<td>Porta di Comunicazione<\/td>\n<td>RS485, CAN<\/td>\n<\/tr>\n<tr>\n<td>Display<\/td>\n<td>LED+ LCD<\/td>\n<\/tr>\n<tr>\n<td>Terminale<\/td>\n<td>Collegabile alla rete<\/td>\n<\/tr>\n<tr>\n<td>Inverter compatibile<\/td>\n<td>Growatt, Goodwe, Sol-Ark, SRNE, DYE<\/td>\n<\/tr>\n<tr>\n<td>Umidit\u00e0\uff08%\uff09<\/td>\n<td>5-95% RH<\/td>\n<\/tr>\n<tr>\n<td>Intervallo di Temperatura di Carica\uff08\u2103\uff09<\/td>\n<td>0-45<\/td>\n<\/tr>\n<tr>\n<td>Intervallo di Temperatura di Scarica\uff08\u2103\uff09<\/td>\n<td>-20-60<\/td>\n<\/tr>\n<tr>\n<td>Intervallo di Temperatura di Conservazione\uff08\u2103\uff09<\/td>\n<td>-20-45<\/td>\n<\/tr>\n<tr>\n<td>Durata del ciclo<\/td>\n<td>\uff1e6000 \uff080,5C@ 25\u2103\uff0c80% DOD\uff09<\/td>\n<\/tr>\n<tr>\n<td>Durata di progettazione (Anni)<\/td>\n<td>15<\/td>\n<\/tr>\n<tr>\n<td>Sicurezza e Certificazione<\/td>\n<td>CE, EMC, TUV (IEC62619), UL1973<\/td>\n<\/tr>\n<tr>\n<td>Trasporto<\/td>\n<td>UN38.3<\/td>\n<\/tr>\n<\/tbody>\n<\/table>\n<p>&nbsp;<\/p>\n<p><strong>Parametri dell'inverter<\/strong><\/p>\n<table border=\"0\" cellspacing=\"0\" cellpadding=\"0\">\n<colgroup>\n<col \/>\n<col \/><\/colgroup>\n<tbody>\n<tr>\n<td>Modello<\/td>\n<td>HF4830S60-145<\/td>\n<\/tr>\n<tr>\n<td colspan=\"2\">Modalit\u00e0 AC<\/td>\n<\/tr>\n<tr>\n<td>Tensione di ingresso nominale<\/td>\n<td>220\/230Vac<\/td>\n<\/tr>\n<tr>\n<td>Gamma di tensione di ingresso<\/td>\n<td>(170Vac~280Vac) \u00b12%\/(90Vac-280Vac)\u00b12%<\/td>\n<\/tr>\n<tr>\n<td>Frequenza<\/td>\n<td>50Hz\/ 60Hz (Rilevamento automatico)<\/td>\n<\/tr>\n<tr>\n<td>Gamma di frequenza<\/td>\n<td>47\u00b10,3Hz ~ 55\u00b10,3Hz (50Hz)\/57\u00b10,3Hz ~ 65\u00b10,3Hz (60Hz);<\/td>\n<\/tr>\n<tr>\n<td>Protezione da sovraccarico\/corto circuito<\/td>\n<td>Interruttore automatico<\/td>\n<\/tr>\n<tr>\n<td>Efficienza<\/td>\n<td>&gt;95%<\/td>\n<\/tr>\n<tr>\n<td>Tempo di conversione ( bypass e inverter )<\/td>\n<td>10ms (tipico)<\/td>\n<\/tr>\n<tr>\n<td>Protezione contro inversione di corrente alternata<\/td>\n<td>Disponibile<\/td>\n<\/tr>\n<tr>\n<td>Corrente massima di sovraccarico bypass<\/td>\n<td>30A<\/td>\n<\/tr>\n<tr>\n<td colspan=\"2\">Modalit\u00e0 inverter<\/td>\n<\/tr>\n<tr>\n<td>Forma d'onda della tensione di uscita<\/td>\n<td>Onda sinusoidale pura<\/td>\n<\/tr>\n<tr>\n<td>Potenza di uscita nominale (VA)<\/td>\n<td>3300<\/td>\n<\/tr>\n<tr>\n<td>Potenza di uscita nominale (W)<\/td>\n<td>3300<\/td>\n<\/tr>\n<tr>\n<td>Fattore di potenza<\/td>\n<td>1<\/td>\n<\/tr>\n<tr>\n<td>Tensione di uscita nominale (Vac)<\/td>\n<td>230Vac<\/td>\n<\/tr>\n<tr>\n<td>Errore di tensione di uscita<\/td>\n<td>\u00b15%<\/td>\n<\/tr>\n<tr>\n<td>Gamma di frequenza di uscita (Hz)<\/td>\n<td>50Hz \u00b1 0,3Hz\/60Hz \u00b1 0,3Hz<\/td>\n<\/tr>\n<tr>\n<td>Massima efficienza<\/td>\n<td>&gt;92%<\/td>\n<\/tr>\n<tr>\n<td>Protezione da sovraccarico<\/td>\n<td>(110% &lt; carico &lt;125%) \u00b110%: segnala errore e spegne l&#039;uscita dopo 5 minuti;(125% &lt; carico 150% \u00b110%: segnala errore e spegne l'uscita dopo 5 secondi;<\/td>\n<\/tr>\n<tr>\n<td>Potenza di picco<\/td>\n<td>6000VA<\/td>\n<\/tr>\n<tr>\n<td>Capacit\u00e0 motore caricata<\/td>\n<td>2HP<\/td>\n<\/tr>\n<tr>\n<td>Protezione cortocircuito di uscita<\/td>\n<td>Interruttore automatico<\/td>\n<\/tr>\n<tr>\n<td>Specifiche del interruttore di bypass<\/td>\n<td>30A<\/td>\n<\/tr>\n<tr>\n<td>Tensione di ingresso batteria nominale<\/td>\n<td>48V (Tensione minima di avvio 44V)<\/td>\n<\/tr>\n<tr>\n<td>Gamma di tensione della batteria<\/td>\n<td>Allarme\/spegnimento sotto tensione\/Allarme sovratensione \/Recupero sovratensione\u2026 impostabile sul display LCD)<\/td>\n<\/tr>\n<tr>\n<td>Modalit\u00e0 risparmio energetico<\/td>\n<td>Carico \u226450W<\/td>\n<\/tr>\n<tr>\n<td colspan=\"2\">Ricarica AC<\/td>\n<\/tr>\n<tr>\n<td>Tipo di batteria<\/td>\n<td>Batteria al piombo o al litio<\/td>\n<\/tr>\n<tr>\n<td>Corrente massima di carica<\/td>\n<td>60A<\/td>\n<\/tr>\n<tr>\n<td>Intervallo di tensione di carica<\/td>\n<td>40 \u201358Vdc<\/td>\n<\/tr>\n<tr>\n<td>Protezione da cortocircuito<\/td>\n<td>Interruttore automatico e fusibile bruciato<\/td>\n<\/tr>\n<tr>\n<td>Specifiche dell'interruttore automatico<\/td>\n<td>30A<\/td>\n<\/tr>\n<tr>\n<td>Protezione da sovraccarica<\/td>\n<td>Allarme e spegnimento della carica dopo 1 minuto<\/td>\n<\/tr>\n<tr>\n<td colspan=\"2\">Ricarica PV<\/td>\n<\/tr>\n<tr>\n<td>Tensione massima a circuito aperto PV<\/td>\n<td>145Vdc<\/td>\n<\/tr>\n<tr>\n<td>Intervallo di tensione operativa PV<\/td>\n<td>60-145Vdc<\/td>\n<\/tr>\n<tr>\n<td>Intervallo di tensione MPPT<\/td>\n<td>60-115Vdc<\/td>\n<\/tr>\n<tr>\n<td>Gamma di tensione della batteria<\/td>\n<td>40-60Vdc<\/td>\n<\/tr>\n<tr>\n<td>Potenza massima in ingresso<\/td>\n<td>3400W<\/td>\n<\/tr>\n<tr>\n<td>Intervallo di corrente di carica PV (pu\u00f2 essere impostato)<\/td>\n<td>0-60A<\/td>\n<\/tr>\n<tr>\n<td>Protezione da cortocircuito di ricarica<\/td>\n<td>Fusibile bruciato<\/td>\n<\/tr>\n<tr>\n<td>Protezione dei cablaggi<\/td>\n<td>Protezione dalla polarit\u00e0 inversa<\/td>\n<\/tr>\n<tr>\n<td colspan=\"2\">Specifiche certificate<\/td>\n<\/tr>\n<tr>\n<td>Certificazione<\/td>\n<td>CE(IEC 62109-1)<\/td>\n<\/tr>\n<tr>\n<td>Livello di certificazione EMC<\/td>\n<td>EN61000, C2<\/td>\n<\/tr>\n<tr>\n<td>Intervallo di temperatura di funzionamento<\/td>\n<td>-15\u00b0C a 55\u00b0C<\/td>\n<\/tr>\n<tr>\n<td>Intervallo di temperatura di conservazione<\/td>\n<td>-25\u00b0C ~ 60\u00b0C<\/td>\n<\/tr>\n<tr>\n<td>Intervallo di umidit\u00e0<\/td>\n<td>5% a 95% (protezione con rivestimento conformale)<\/td>\n<\/tr>\n<tr>\n<td>Rumore<\/td>\n<td>\u226460dB<\/td>\n<\/tr>\n<tr>\n<td>Dissipazione del calore<\/td>\n<td>Raffreddamento forzato dell'aria, velocit\u00e0 variabile della ventola<\/td>\n<\/tr>\n<tr>\n<td>Interfaccia di comunicazione<\/td>\n<td>CAN\/USB\/RS485(WiFi\/GPRS)\/Controllo nodo secco<\/td>\n<\/tr>\n<tr>\n<td>Dimensioni (L*P*A)<\/td>\n<td>378mm*280mm*103mm<\/td>\n<\/tr>\n<tr>\n<td>Peso (kg)<\/td>\n<td>6.2<\/td>\n<\/tr>\n<\/tbody>\n<\/table>\n<p>&nbsp;<\/p>\n<p><strong>Cosa cercare nei sistemi di accumulo di energia domestica?<\/strong><\/p>\n<p>&nbsp;<\/p>\n<p><strong>Impilabilit\u00e0<\/strong><\/p>\n<p>Una singola batteria potrebbe non essere in grado di alimentare tutta la tua casa, quindi dovrai dare priorit\u00e0 a ci\u00f2 che \u00e8 essenziale, come luci, prese, aria condizionata, pompa di drenaggio e cos\u00ec via. Ma se vuoi far funzionare tutto in casa, alcuni sistemi ti permettono di impilare o collegare pi\u00f9 unit\u00e0 per ottenere il livello di backup di cui hai bisogno.<\/p>\n<p>&nbsp;<\/p>\n<p><strong>Sistemi accoppiati AC vs. DC<\/strong><\/p>\n<p>Le batterie e i pannelli solari immagazzinano energia come corrente continua o DC. Collegare sistemi accoppiati DC ai pannelli solari comporta meno perdita di energia. La rete e la tua casa funzionano a corrente alternata, o AC. I sistemi AC sono leggermente meno efficienti ma pi\u00f9 flessibili e pi\u00f9 facili da installare, soprattutto se hai gi\u00e0 il solare.<\/p>\n<p>&nbsp;<\/p>\n<p><strong>Capacit\u00e0 di avvio del carico<\/strong><\/p>\n<p>Alcuni apparecchi, come il condizionatore centrale o le pompe di drenaggio, richiedono pi\u00f9 energia per avviarsi rispetto a quando sono in funzione. Assicurati che il sistema possa soddisfare le esigenze specifiche dei tuoi apparecchi domestici.<\/p>\n<p>&nbsp;<\/p>\n<\/div>\n<\/div>\n<\/div>\n<\/div>\n<\/div>\n<\/div>","protected":false},"excerpt":{"rendered":"<p>Powerwall \u00e8 un sistema di batterie integrato che immagazzina l'energia solare per la protezione di backup, assicurando che l'energia rimanga accesa anche se la rete va gi\u00f9. Il tuo sistema rileva interruzioni di corrente e si ricarica automaticamente con la luce del sole, permettendo ai tuoi elettrodomestici di funzionare per diversi giorni.<\/p>\n<p>Powerwall, una batteria domestica compatta che riduce la tua dipendenza dalla rete memorizzando la tua energia solare per l'uso quando il sole non brilla, \u00e8 inclusa con ogni acquisto di impianto fotovoltaico.<\/p>","protected":false},"featured_media":1617,"template":"","meta":{"site-sidebar-layout":"default","site-content-layout":"","ast-site-content-layout":"default","site-content-style":"default","site-sidebar-style":"default","ast-global-header-display":"","ast-banner-title-visibility":"","ast-main-header-display":"","ast-hfb-above-header-display":"","ast-hfb-below-header-display":"","ast-hfb-mobile-header-display":"","site-post-title":"","ast-breadcrumbs-content":"","ast-featured-img":"","footer-sml-layout":"","ast-disable-related-posts":"","theme-transparent-header-meta":"default","adv-header-id-meta":"","stick-header-meta":"default","header-above-stick-meta":"","header-main-stick-meta":"","header-below-stick-meta":"","astra-migrate-meta-layouts":"set","ast-page-background-enabled":"default","ast-page-background-meta":{"desktop":{"background-color":"var(--ast-global-color-4)","background-image":"","background-repeat":"repeat","background-position":"center center","background-size":"auto","background-attachment":"scroll","background-type":"","background-media":"","overlay-type":"","overlay-color":"","overlay-opacity":"","overlay-gradient":""},"tablet":{"background-color":"","background-image":"","background-repeat":"repeat","background-position":"center center","background-size":"auto","background-attachment":"scroll","background-type":"","background-media":"","overlay-type":"","overlay-color":"","overlay-opacity":"","overlay-gradient":""},"mobile":{"background-color":"","background-image":"","background-repeat":"repeat","background-position":"center center","background-size":"auto","background-attachment":"scroll","background-type":"","background-media":"","overlay-type":"","overlay-color":"","overlay-opacity":"","overlay-gradient":""}},"ast-content-background-meta":{"desktop":{"background-color":"var(--ast-global-color-5)","background-image":"","background-repeat":"repeat","background-position":"center center","background-size":"auto","background-attachment":"scroll","background-type":"","background-media":"","overlay-type":"","overlay-color":"","overlay-opacity":"","overlay-gradient":""},"tablet":{"background-color":"var(--ast-global-color-5)","background-image":"","background-repeat":"repeat","background-position":"center center","background-size":"auto","background-attachment":"scroll","background-type":"","background-media":"","overlay-type":"","overlay-color":"","overlay-opacity":"","overlay-gradient":""},"mobile":{"background-color":"var(--ast-global-color-5)","background-image":"","background-repeat":"repeat","background-position":"center center","background-size":"auto","background-attachment":"scroll","background-type":"","background-media":"","overlay-type":"","overlay-color":"","overlay-opacity":"","overlay-gradient":""}}},"product_brand":[],"product_cat":[47,56,50],"product_tag":[],"class_list":{"0":"post-1616","1":"product","2":"type-product","3":"status-publish","4":"has-post-thumbnail","6":"product_cat-residetial-ess","7":"product_cat-energy-storage-battery-system","8":"product_cat-floor-standing-ess","9":"desktop-align-left","10":"tablet-align-left","11":"mobile-align-left","12":"ast-product-gallery-layout-horizontal-slider","13":"ast-product-tabs-layout-horizontal","15":"first","16":"instock","17":"shipping-taxable","18":"purchasable","19":"product-type-simple"},"_links":{"self":[{"href":"https:\/\/haisicstorage.com\/it\/wp-json\/wp\/v2\/product\/1616","targetHints":{"allow":["GET"]}}],"collection":[{"href":"https:\/\/haisicstorage.com\/it\/wp-json\/wp\/v2\/product"}],"about":[{"href":"https:\/\/haisicstorage.com\/it\/wp-json\/wp\/v2\/types\/product"}],"version-history":[{"count":6,"href":"https:\/\/haisicstorage.com\/it\/wp-json\/wp\/v2\/product\/1616\/revisions"}],"predecessor-version":[{"id":3515,"href":"https:\/\/haisicstorage.com\/it\/wp-json\/wp\/v2\/product\/1616\/revisions\/3515"}],"wp:featuredmedia":[{"embeddable":true,"href":"https:\/\/haisicstorage.com\/it\/wp-json\/wp\/v2\/media\/1617"}],"wp:attachment":[{"href":"https:\/\/haisicstorage.com\/it\/wp-json\/wp\/v2\/media?parent=1616"}],"wp:term":[{"taxonomy":"product_brand","embeddable":true,"href":"https:\/\/haisicstorage.com\/it\/wp-json\/wp\/v2\/product_brand?post=1616"},{"taxonomy":"product_cat","embeddable":true,"href":"https:\/\/haisicstorage.com\/it\/wp-json\/wp\/v2\/product_cat?post=1616"},{"taxonomy":"product_tag","embeddable":true,"href":"https:\/\/haisicstorage.com\/it\/wp-json\/wp\/v2\/product_tag?post=1616"}],"curies":[{"name":"wp","href":"https:\/\/api.w.org\/{rel}","templated":true}]}}