{"id":1552,"date":"2025-11-30T02:33:41","date_gmt":"2025-11-30T02:33:41","guid":{"rendered":"https:\/\/haisicstorage.com\/?post_type=product&#038;p=1552"},"modified":"2026-02-27T07:38:01","modified_gmt":"2026-02-27T07:38:01","slug":"high-volt-stacked-20kwh","status":"publish","type":"product","link":"https:\/\/haisicstorage.com\/it\/high-volt-stacked-20kwh\/","title":{"rendered":"Stack ad Alta Tensione 20KWH"},"content":{"rendered":"<p><strong>Quali sono le categorie comuni di <a href=\"https:\/\/www.haisicbattery.com\/products\/solar-energy-storage-system\" target=\"_blank\" rel=\"noopener\">sistemi di accumulo energetico<\/a>?<\/strong><\/p>\n<p>Esistono diversi tipi di batterie di accumulo energetico comuni sul mercato:<\/p>\n<p>ESS tutto-in-uno (inverter integrato)<\/p>\n<p>Impilato<\/p>\n<p>A parete<\/p>\n<p>Su ruote<\/p>\n<p>Montato su rack<\/p>\n<p><strong>Parametri della batteria<\/strong><\/p>\n<p><strong><img decoding=\"async\" src=\"https:\/\/shopic.mcmcclass.com\/20221103140934089576076.jpg\" alt=\"sistemi di accumulo di energia solare\" \/><\/strong><\/p>\n<p>&nbsp;<\/p>\n<p><strong>Come installo il mio\u00a0<a href=\"https:\/\/www.haisicbattery.com\/products\/solar-energy-storage-system\" target=\"_blank\" rel=\"noopener\">sistema di accumulo energetico<\/a>?<\/strong><\/p>\n<p>&nbsp;<\/p>\n<p>Se sei un installatore certificato come un elettricista, puoi installare\u00a0<a href=\"https:\/\/www.haisicbattery.com\/products\/solar-energy-storage-batterylrydz\" target=\"_blank\" rel=\"noopener\">batterie di accumulo energetico<\/a>\u00a0per la tua casa da solo. Prima dell'installazione, conferma che il prodotto ricevuto sia ben imballato e integro, e conserva il certificato di garanzia corrispondente.<\/p>\n<p>&nbsp;<\/p>\n<p>Se non sei un installatore solare professionista, contatta installatori e tecnici locali per l'operazione. Verifica le credenziali dell'installatore prima dell'installazione, che indicano che l'installatore \u00e8 qualificato per installare il tuo sistema di accumulo di energia.<\/p>\n<p>&nbsp;<\/p>\n<p>L'installatore potrebbe spegnere la casa durante l'installazione, ma questo periodo dovrebbe essere breve. Se il tuo contatore o la scatola del contatore necessita di un aggiornamento, l'energia potrebbe essere interrotta per un periodo pi\u00f9 lungo. Durante tutto il periodo di installazione, conferma di aver ricevuto tutti i documenti necessari e di averli salvati. Questo \u00e8 il documento pi\u00f9 importante nel caso tu debba fare una garanzia o una richiesta.<\/p>\n<p>Si noti che \u00e8 anche molto importante imparare come usare correttamente la batteria di accumulo dell'energia dall'installatore prima che se ne vada.<\/p>\n<p>&nbsp;<\/p>\n<p><strong>Parametri dell'inverter<\/strong><\/p>\n<table border=\"0\" cellspacing=\"0\" cellpadding=\"0\">\n<colgroup>\n<col \/>\n<col \/><\/colgroup>\n<tbody>\n<tr>\n<td>Modello<\/td>\n<td>R10KL1<\/td>\n<\/tr>\n<tr>\n<td colspan=\"2\">Ingresso (PV)<\/td>\n<\/tr>\n<tr>\n<td>Potenza massima (kW)<\/td>\n<td>13<\/td>\n<\/tr>\n<tr>\n<td>Tensione DC massima (V)<\/td>\n<td>500<\/td>\n<\/tr>\n<tr>\n<td>Gamma di tensione MPPT (V)<\/td>\n<td>120~500<\/td>\n<\/tr>\n<tr>\n<td>Corrente di ingresso massima del MPPT singolo (A)<\/td>\n<td>12<\/td>\n<\/tr>\n<tr>\n<td>Corrente di corto circuito massima (A)<\/td>\n<td>15<\/td>\n<\/tr>\n<tr>\n<td colspan=\"2\">Uscita AC<\/td>\n<\/tr>\n<tr>\n<td>Potenza di uscita nominale (kVA)<\/td>\n<td>10<\/td>\n<\/tr>\n<tr>\n<td>Potenza di uscita massima (kVA)<\/td>\n<td>11<\/td>\n<\/tr>\n<tr>\n<td>Corrente di uscita massima (A)<\/td>\n<td>47.8<\/td>\n<\/tr>\n<tr>\n<td>Tensione di uscita AC (V)<\/td>\n<td>220,230,240<\/td>\n<\/tr>\n<tr>\n<td>Frequenza (Hz)<\/td>\n<td>50\/60 (45 ~ 55, 55 ~ 65)<\/td>\n<\/tr>\n<tr>\n<td>PF<\/td>\n<td>0.8 ritardante - 0.8 anticipante<\/td>\n<\/tr>\n<tr>\n<td>THDi<\/td>\n<td>&lt; 2%<\/td>\n<\/tr>\n<tr>\n<td colspan=\"2\">Batteria<\/td>\n<\/tr>\n<tr>\n<td>Tensione nominale (V)<\/td>\n<td>48<\/td>\n<\/tr>\n<tr>\n<td>Gamma di tensione della batteria (V)<\/td>\n<td>40~60<\/td>\n<\/tr>\n<tr>\n<td>Corrente massima di carica\/scarica (A)<\/td>\n<td>210\/210<\/td>\n<\/tr>\n<tr>\n<td>Tipo di batteria<\/td>\n<td>litio \/ Piombo-acido<\/td>\n<\/tr>\n<tr>\n<td>Strategia di ricarica per batteria Li-Ion<\/td>\n<td>Auto-adattamento al BMS<\/td>\n<\/tr>\n<tr>\n<td colspan=\"2\">Uscita EPS<\/td>\n<\/tr>\n<tr>\n<td>Potenza nominale (kVA)<\/td>\n<td>10<\/td>\n<\/tr>\n<tr>\n<td>Tensione di uscita nominale (V)<\/td>\n<td>220, 230 ,240<\/td>\n<\/tr>\n<tr>\n<td>Frequenza nominale (Hz)<\/td>\n<td>50\/60<\/td>\n<\/tr>\n<tr>\n<td>THDu<\/td>\n<td>&lt; 2%<\/td>\n<\/tr>\n<tr>\n<td colspan=\"2\">Protezione<\/td>\n<\/tr>\n<tr>\n<td>Rilevamento messa a terra<\/td>\n<td>S\u00cc<\/td>\n<\/tr>\n<tr>\n<td>Protezione da guasto a arco<\/td>\n<td>opzionale<\/td>\n<\/tr>\n<tr>\n<td>Protezione isolata<\/td>\n<td>S\u00cc<\/td>\n<\/tr>\n<tr>\n<td>Polarit\u00e1 inversa della batteria<\/td>\n<td>S\u00cc<\/td>\n<\/tr>\n<tr>\n<td>Rilevamento resistenza di isolamento<\/td>\n<td>S\u00cc<\/td>\n<\/tr>\n<tr>\n<td>Unit\u00e0 di monitoraggio corrente residua<\/td>\n<td>S\u00cc<\/td>\n<\/tr>\n<tr>\n<td>Protezione da sovracorrente in uscita<\/td>\n<td>S\u00cc<\/td>\n<\/tr>\n<tr>\n<td>Protezione da cortocircuito di uscita di backup<\/td>\n<td>S\u00cc<\/td>\n<\/tr>\n<tr>\n<td>Rilevamento temperatura terminale<\/td>\n<td>S\u00cc<\/td>\n<\/tr>\n<tr>\n<td>Protezione da sovratensione\/sottotensione in uscita<\/td>\n<td>S\u00cc<\/td>\n<\/tr>\n<tr>\n<td colspan=\"2\">Dati generali<\/td>\n<\/tr>\n<tr>\n<td>Efficienza europea (PV)<\/td>\n<td>\u226597,81%<\/td>\n<\/tr>\n<tr>\n<td>Massima efficienza batteria-carico<\/td>\n<td>\u226597,21%<\/td>\n<\/tr>\n<tr>\n<td>Protezione contro l'ingresso<\/td>\n<td>IP65<\/td>\n<\/tr>\n<tr>\n<td>Emissione di rumore(dB)<\/td>\n<td>&lt;38<\/td>\n<\/tr>\n<tr>\n<td>Temperatura di funzionamento<\/td>\n<td>-25\u2103 ~ 60\u2103<\/td>\n<\/tr>\n<tr>\n<td>Raffreddamento<\/td>\n<td>Raffreddamento con ventola<\/td>\n<\/tr>\n<tr>\n<td>Umidit\u00e0 relativa<\/td>\n<td>0 ~ 951 (non condensante)<\/td>\n<\/tr>\n<tr>\n<td>Altitudine<\/td>\n<td>2.000 m (&gt;2.000 Derating)<\/td>\n<\/tr>\n<tr>\n<td>Dimensioni L * P * A (mm)<\/td>\n<td>430*220*710<\/td>\n<\/tr>\n<tr>\n<td>Peso(kg)<\/td>\n<td>41<\/td>\n<\/tr>\n<tr>\n<td>Display<\/td>\n<td>LCD, pannello touch (opzionale)<\/td>\n<\/tr>\n<tr>\n<td>Comunicazione con BMS\/contatore\/EMS<\/td>\n<td>RS485, CAN<\/td>\n<\/tr>\n<tr>\n<td>Interfaccia di comunicazione<\/td>\n<td>RS485, WLAN, 4G (opzionale)<\/td>\n<\/tr>\n<tr>\n<td>Consumo autonomo di notte<\/td>\n<td>&lt; 2,5 W (con batteria abilitata &lt; 5 W)<\/td>\n<\/tr>\n<tr>\n<td>Certificazioni<\/td>\n<td>NRS Italia, IEC 62109-1\/-2, IEC 61000-6-1, IEC 61000-6-3<\/td>\n<\/tr>\n<\/tbody>\n<\/table>\n<p>&nbsp;<\/p>\n<p><strong>A cosa devo prestare attenzione quando utilizzo la batteria di accumulo dell'energia?<\/strong><\/p>\n<p>&nbsp;<\/p>\n<p>Se si desidera prolungare la vita utile della\u00a0<a href=\"https:\/\/www.haisicbattery.com\/products\/solar-energy-storage-batterylrydz\" target=\"_blank\" rel=\"noopener\">batteria di accumulo di energia<\/a>, eseguire regolarmente un ciclo di scarica completa della batteria.<\/p>\n<p>Posizionare la batteria a circa 25 \u2103 per la carica e la scarica. Tenere lontano da fonti di fuoco e alte temperature per evitare incendi ed esplosioni. Quando la batteria non \u00e8 in uso, deve essere conservata in un luogo con bassa umidit\u00e0 e buona ventilazione.<\/p>\n<p>Poich\u00e9 il tasso di autoscarica della\u00a0<a href=\"https:\/\/www.haisicbattery.com\/products\/lifepo4-battery-packetdwr\" target=\"_blank\" rel=\"noopener\">batteria LFP<\/a>\u00a0della batteria di accumulo dell'energia \u00e8 di circa 3% al mese, assicurarsi che non ci siano carichi durante la conservazione e ricordarsi di caricare regolarmente la batteria.<\/p>\n<p>Se la batteria emette un odore strano, si riscalda, cambia colore, si deforma o presenta qualsiasi anomalia durante l'uso, la conservazione o la carica, interrompere immediatamente l'uso e contattare un professionista per un'ispezione dell'attrezzatura.<\/p>\n<p>Non aggiungere, rimuovere o danneggiare l'attrezzatura della batteria da soli.<\/p>\n<p>&nbsp;<\/p>\n<p>&nbsp;<\/p>","protected":false},"excerpt":{"rendered":"<p>Con un'installazione facile e un design minimalista, la batteria al litio del modulo mobile completa una variet\u00e0 di stili domestici. La capacit\u00e0 della batteria pu\u00f2 essere aumentata liberamente e in modo flessibile in base alla situazione di utilizzo domestico. Utilizza la migliore batteria LiFePO4 sicura per risparmiare sui costi. Installazione facile, in base alla conservazione dell'energia, alle esigenze e alla combinazione di diversi pacchi batteria.<\/p>","protected":false},"featured_media":1553,"template":"","meta":{"site-sidebar-layout":"default","site-content-layout":"","ast-site-content-layout":"default","site-content-style":"default","site-sidebar-style":"default","ast-global-header-display":"","ast-banner-title-visibility":"","ast-main-header-display":"","ast-hfb-above-header-display":"","ast-hfb-below-header-display":"","ast-hfb-mobile-header-display":"","site-post-title":"","ast-breadcrumbs-content":"","ast-featured-img":"","footer-sml-layout":"","ast-disable-related-posts":"","theme-transparent-header-meta":"default","adv-header-id-meta":"","stick-header-meta":"default","header-above-stick-meta":"","header-main-stick-meta":"","header-below-stick-meta":"","astra-migrate-meta-layouts":"set","ast-page-background-enabled":"default","ast-page-background-meta":{"desktop":{"background-color":"var(--ast-global-color-4)","background-image":"","background-repeat":"repeat","background-position":"center center","background-size":"auto","background-attachment":"scroll","background-type":"","background-media":"","overlay-type":"","overlay-color":"","overlay-opacity":"","overlay-gradient":""},"tablet":{"background-color":"","background-image":"","background-repeat":"repeat","background-position":"center center","background-size":"auto","background-attachment":"scroll","background-type":"","background-media":"","overlay-type":"","overlay-color":"","overlay-opacity":"","overlay-gradient":""},"mobile":{"background-color":"","background-image":"","background-repeat":"repeat","background-position":"center center","background-size":"auto","background-attachment":"scroll","background-type":"","background-media":"","overlay-type":"","overlay-color":"","overlay-opacity":"","overlay-gradient":""}},"ast-content-background-meta":{"desktop":{"background-color":"var(--ast-global-color-5)","background-image":"","background-repeat":"repeat","background-position":"center center","background-size":"auto","background-attachment":"scroll","background-type":"","background-media":"","overlay-type":"","overlay-color":"","overlay-opacity":"","overlay-gradient":""},"tablet":{"background-color":"var(--ast-global-color-5)","background-image":"","background-repeat":"repeat","background-position":"center center","background-size":"auto","background-attachment":"scroll","background-type":"","background-media":"","overlay-type":"","overlay-color":"","overlay-opacity":"","overlay-gradient":""},"mobile":{"background-color":"var(--ast-global-color-5)","background-image":"","background-repeat":"repeat","background-position":"center center","background-size":"auto","background-attachment":"scroll","background-type":"","background-media":"","overlay-type":"","overlay-color":"","overlay-opacity":"","overlay-gradient":""}}},"product_brand":[],"product_cat":[47,56,45],"product_tag":[],"class_list":{"0":"post-1552","1":"product","2":"type-product","3":"status-publish","4":"has-post-thumbnail","6":"product_cat-residetial-ess","7":"product_cat-energy-storage-battery-system","8":"product_cat-rack-mounted-ess","9":"desktop-align-left","10":"tablet-align-left","11":"mobile-align-left","12":"ast-product-gallery-layout-horizontal-slider","13":"ast-product-tabs-layout-horizontal","15":"first","16":"instock","17":"shipping-taxable","18":"purchasable","19":"product-type-simple"},"_links":{"self":[{"href":"https:\/\/haisicstorage.com\/it\/wp-json\/wp\/v2\/product\/1552","targetHints":{"allow":["GET"]}}],"collection":[{"href":"https:\/\/haisicstorage.com\/it\/wp-json\/wp\/v2\/product"}],"about":[{"href":"https:\/\/haisicstorage.com\/it\/wp-json\/wp\/v2\/types\/product"}],"version-history":[{"count":4,"href":"https:\/\/haisicstorage.com\/it\/wp-json\/wp\/v2\/product\/1552\/revisions"}],"predecessor-version":[{"id":3512,"href":"https:\/\/haisicstorage.com\/it\/wp-json\/wp\/v2\/product\/1552\/revisions\/3512"}],"wp:featuredmedia":[{"embeddable":true,"href":"https:\/\/haisicstorage.com\/it\/wp-json\/wp\/v2\/media\/1553"}],"wp:attachment":[{"href":"https:\/\/haisicstorage.com\/it\/wp-json\/wp\/v2\/media?parent=1552"}],"wp:term":[{"taxonomy":"product_brand","embeddable":true,"href":"https:\/\/haisicstorage.com\/it\/wp-json\/wp\/v2\/product_brand?post=1552"},{"taxonomy":"product_cat","embeddable":true,"href":"https:\/\/haisicstorage.com\/it\/wp-json\/wp\/v2\/product_cat?post=1552"},{"taxonomy":"product_tag","embeddable":true,"href":"https:\/\/haisicstorage.com\/it\/wp-json\/wp\/v2\/product_tag?post=1552"}],"curies":[{"name":"wp","href":"https:\/\/api.w.org\/{rel}","templated":true}]}}