{"id":1458,"date":"2025-11-27T04:50:57","date_gmt":"2025-11-27T04:50:57","guid":{"rendered":"https:\/\/haisicstorage.com\/?post_type=product&#038;p=1458"},"modified":"2026-02-27T07:37:26","modified_gmt":"2026-02-27T07:37:26","slug":"lifepo4-battery-51-2v-100ah","status":"publish","type":"product","link":"https:\/\/haisicstorage.com\/it\/lifepo4-battery-51-2v-100ah\/","title":{"rendered":"Batteria Lifepo4 51.2v 100ah"},"content":{"rendered":"<div class=\"ProductAttr\">\n<div class=\"ProductAttrItem\">\n<div>Punti salienti del prodotto:<br \/>\n\u2714 Densit\u00e0 energetica elevata: design a grande capacit\u00e0 di 5kWh con struttura compatta montata su rack, risparmiando spazio e fornendo supporto energetico duraturo.<br \/>\n\u2714 Efficienza ad alta tensione: progettazione del sistema ad alta tensione riduce le perdite di energia, migliora l'efficienza di carica e scarica e soddisfa le esigenze di accumulo energetico di applicazioni commerciali, industriali e residenziali.<br \/>\n\u2714 Gestione intelligente: sistema di gestione della batteria BMS integrato monitora tensione, temperatura e corrente in tempo reale per garantire un funzionamento sicuro e prolungare la durata del servizio.<br \/>\n\u2714 Scalabilit\u00e0 flessibile: supporta la connessione in parallelo di pi\u00f9 moduli, facilmente espandibile a decine di kWh per soddisfare scenari di accumulo energetico diversificati.<br \/>\n\u2714 Stabile e durevole: utilizza celle agli ioni di litio di alta qualit\u00e0 con oltre 6.000 cicli di vita, adatto a un ampio intervallo di temperature da -20\u00b0C a 60\u00b0C, resistendo a condizioni difficili.<br \/>\nScenario d'uso:<br \/>\nAccumulo di energia commerciale e industriale: bilancia il carico della rete, riduce i costi dell'elettricit\u00e0 e affronta i prezzi dell'energia di picco e valle.<br \/>\nAccumulo di energia fotovoltaica residenziale: immagazzina energia solare per raggiungere l'autosufficienza energetica verde.<br \/>\nAlimentazione di emergenza: fornisce energia ininterrotta per strutture critiche come data center e apparecchiature mediche.<br \/>\nPerch\u00e9 scegliere HS-GS5000WHV?<br \/>\nSfruttiamo tecnologia all'avanguardia e certificazioni di sicurezza rigorose (come UL\/CE) per offrire soluzioni di accumulo energetico affidabili e intelligenti. Che si tratti di risparmio energetico, riduzione delle emissioni o ottimizzazione della potenza, l'HS-GS5000WHV \u00e8 il tuo partner energetico ideale.<\/div>\n<div><\/div>\n<div class=\"ProductAttr-title\">Chimica delle celle\u00a0 \u00a0 LiFePO4\u00a0 \u00a0 \u00a0 \u00a0 \u00a0 \u00a0 \u00a0 \u00a0 \u00a0 \u00a0 \u00a0 \u00a0 \u00a0 \u00a0 \u00a0<span style=\"font-size: 16px;\">Energia del modulo (kWh)\u00a0 \u00a0 <\/span><span style=\"font-size: 16px;\">5.12<\/span><\/div>\n<\/div>\n<div class=\"ProductAttrItem\">\n<div class=\"ProductAttr-title\">Tensione nominale del modulo (V)\u00a0 \u00a0 51.2\u00a0 \u00a0 \u00a0 \u00a0 \u00a0 \u00a0 <span style=\"font-size: 16px;\">Capacit\u00e0 del modulo (Ah)\u00a0 \u00a0 <\/span><span style=\"font-size: 16px;\">100<\/span><\/div>\n<\/div>\n<div class=\"ProductAttrItem\">\n<div class=\"ProductAttr-title\">Temperatura di funzionamento (\u00b0C)\u00a0 \u00a0Carica\u00a0 \u00a0 \u00a0 \u00a0 \u00a0 \u00a0 <span style=\"font-size: 16px;\">Porta di Comunicazione\u00a0 \u00a0 <\/span><span style=\"font-size: 16px;\">CAN2.0\/RS485<\/span><\/div>\n<\/div>\n<div class=\"ProductAttrItem\">\n<div class=\"ProductAttr-title\">Umidit\u00e0   5~85%RH\u00a0 \u00a0 \u00a0 \u00a0 \u00a0 \u00a0 \u00a0 \u00a0 \u00a0 \u00a0 \u00a0 \u00a0 \u00a0 \u00a0 \u00a0 \u00a0 \u00a0 \u00a0 \u00a0<span style=\"font-size: 16px;\">Altitudine\u00a0 \u00a0<\/span><span style=\"font-size: 16px;\">\u22642000m<\/span><\/div>\n<\/div>\n<div class=\"ProductAttrItem\">\n<div class=\"ProductAttr-title\">Classificazione IP dell'Involucro   IP20<strong style=\"font-size: 16px;\"><span data-spm-anchor-id=\"a2700.pc-decorate.0.i7.5d033333Lu9Prj\">\u00a0 \u00a0<\/span><\/strong><\/div>\n<\/div>\n<\/div>\n<div class=\"product-tab-desc\">\n<div data-spm-anchor-id=\"a2700.pc-decorate.0.i6.5d033333Lu9Prj\">\n<div data-spm-anchor-id=\"a2700.pc-decorate.0.i5.5d033333Lu9Prj\"><strong>Descrizione del Prodotto<\/strong><\/div>\n<div data-spm-anchor-id=\"a2700.pc-decorate.0.i5.5d033333Lu9Prj\"><img fetchpriority=\"high\" decoding=\"async\" src=\"https:\/\/shopic.mcmcclass.com\/66f55da59d7344f69c2f85f6729c01c8\/20250731\/image\/1268207834349189692\/20250731140510319169072.png\" alt=\"\" width=\"1000\" height=\"1000\" data-natural-size=\"1000,1000\" \/><\/div>\n<div data-spm-anchor-id=\"a2700.pc-decorate.0.i5.5d033333Lu9Prj\"><\/div>\n<div data-spm-anchor-id=\"a2700.pc-decorate.0.i5.5d033333Lu9Prj\"><\/div>\n<div data-spm-anchor-id=\"a2700.pc-decorate.0.i5.5d033333Lu9Prj\"><\/div>\n<div data-spm-anchor-id=\"a2700.pc-decorate.0.i5.5d033333Lu9Prj\"><strong>Vantaggi del Prodotto <\/strong><\/div>\n<div data-spm-anchor-id=\"a2700.pc-decorate.0.i5.5d033333Lu9Prj\">\n<p><strong data-spm-anchor-id=\"a2700.pc-decorate.0.i5.1b2f3333Uc02wM\">\u2666Durata del ciclo pi\u00f9 lunga :<\/strong>il numero di cicli raggiunge oltre 6000 cicli, l'intervallo di temperatura di funzionamento va da -25\u00b0C a 60\u00b0C, con eccellente prestazione di scarica e lunga durata del ciclo.<\/p>\n<div><\/div>\n<div>\u2666<strong data-spm-anchor-id=\"a2700.pc-decorate.0.i4.1b2f3333Uc02wM\">Minore inquinamento ambientale :<\/strong>con materiali non tossici: ferro, grafite e rame, l'intero modulo \u00e8 non tossico, non inquinante ed ecologico.<\/div>\n<div><\/div>\n<div>\u2666<strong>Sicuro e Affidabile<\/strong> :Il materiale della catodo \u00e8 realizzato con LiFePO4 con prestazioni di sicurezza e lunga durata del ciclo, il modulo ha una minore autoscarica, fino a 6 mesi senza ricarica sulla scaffale, nessun effetto memoria, eccellente performance di carica e scarica superficiale.<\/div>\n<div><\/div>\n<div>\u2666<strong>Alta efficienza di scarica :<\/strong>Efficienza della batteria &gt;98.10%<\/div>\n<div><strong>\u00a0<\/strong><\/div>\n<div><strong>\u2666<\/strong><strong>Configurazione Flessibile :<\/strong>Pi\u00f9 moduli di batteria possono essere collegati in parallelo per espandere capacit\u00e0 e potenza.<\/div>\n<div><strong>\u2666basso rumore<\/strong>\uff1a&lt;40dB<\/div>\n<\/div>\n<div data-spm-anchor-id=\"a2700.pc-decorate.0.i5.5d033333Lu9Prj\"><\/div>\n<div data-spm-anchor-id=\"a2700.pc-decorate.0.i5.5d033333Lu9Prj\"><strong>Profilo aziendale <\/strong><\/div>\n<div data-spm-anchor-id=\"a2700.pc-decorate.0.i5.5d033333Lu9Prj\"><\/div>\n<div data-spm-anchor-id=\"a2700.pc-decorate.0.i5.5d033333Lu9Prj\"><\/div>\n<div data-spm-anchor-id=\"a2700.pc-decorate.0.i5.5d033333Lu9Prj\">\n<p><strong><span data-spm-anchor-id=\"a2700.pc-decorate.0.i21.5d033333Lu9Prj\">Fondata nel 2011, Shenzhen Haisic Technology Co., Ltd. \u00e8 un'impresa nazionale high-tech dedicata alla ricerca, sviluppo e produzione di prodotti per l'accumulo di energia come pacchi batteria LiFePO4, accumulo di energia commerciale e industriale, accumulo di energia residenziale, stazione di alimentazione portatile\/generatore solare, inverter solare, batteria per carrelli elevatori, batteria per bus\/golf cart RVAlandscape e altre batterie OEM\/ODM in Cina.<\/span><\/strong><\/p>\n<div><\/div>\n<div><strong>Profondamente impegnata in questo settore da oltre 12 anni, Haisic Technology ha accumulato una profonda esperienza in ricerca e sviluppo, innovazione, controllo qualit\u00e0 e gestione. I nostri prodotti sono utilizzati nell'accumulo di energia domestica, nell'accumulo di energia industriale, nell'accumulo di energia commerciale, nella comunicazione di potenza, nell'elettronica medica, nelle comunicazioni di sicurezza, nei trasporti e nella logistica, nella nuova energia, nella casa intelligente e in altri settori correlati. <\/strong><\/div>\n<div><strong>\u00a0<\/strong><\/div>\n<div><strong>We have owned our own production base covering more than 14000m located in Dapeng district of Shenzhen with ISO9001, ISO14001, IS045001 and Amfori BSCI, and our products are with CE, FCC, TUV-UL2054, CQC,RoHs, PSE,MSDS, UN38.3 certificates. We\u2019ve already provided safe, stable, environmentallyfriendly, high-quality products and professional OEM\/ODM services to customers in more than 80 countries and regions. <\/strong><\/div>\n<div><\/div>\n<div><strong>FAQ <\/strong><\/div>\n<div><strong><span data-spm-anchor-id=\"a2700.pc-decorate.0.i33.5d033333Lu9Prj\">1. Cosa c'\u00e8 di speciale nelle batterie al litio?<\/span><\/strong><\/div>\n<div>\n<p><span data-spm-anchor-id=\"a2700.pc-decorate.0.i33.5d033333Lu9Prj\">R: Con un'elevata densit\u00e0 di energia, ha raggiunto 460-600Wh\/kg, che \u00e8 circa 6-7 volte quella delle batterie al piombo-acido. Lunga durata, la durata pu\u00f2 raggiungere pi\u00f9 di 6 anni. Peso leggero, il peso \u00e8 circa 1\/5-6 del prodotto al piombo-acido con lo stesso volume.<\/span><\/p>\n<p>&nbsp;<\/p>\n<div data-spm-anchor-id=\"a2700.pc-decorate.0.i34.5d033333Lu9Prj\"><strong>2. Per cosa viene utilizzata una batteria al litio?<br \/>\n<\/strong>A: la batteria agli ioni di litio viene utilizzata per l'alimentazione e lo stoccaggio di energia. Come backup di emergenza o UPS. Alimentazione elettrica affidabile e per veicoli ricreazionali, golf cart, marine leggeri e affidabili, stoccaggio di energia solare, casa solare, piccola fabbrica di lavorazioni, sistemi di sorveglianza o allarme in localit\u00e0 remote.3. Le vostre batterie sono sicure? A: Le nostre batterie sono sicure. Tutte le batterie Zwayn utilizzano i componenti pi\u00f9 sicuri e stabili, inclusi un catodo LiFePO4 e un Sistema di Gestione della Batteria (BMS) integrato. Il BMS protegge le celle da tensioni eccessivamente alte o basse, correnti elevate, cortocircuiti e calore o freddo eccessivi. Questi sono i motivi pi\u00f9 comuni di guasti delle batterie, e abbiamo preso ogni precauzione per mitigare questi rischi in tutte le nostre batterie.<br \/>\n<strong><br \/>\n4. Come scelgo la batteria al litio a ciclo profondo corretta per la mia applicazione?<br \/>\n<\/strong>R: Nella maggior parte dei sistemi standard a 12, 24 o 48 volt, la scelta migliore della batteria al litio \u00e8 LiFePO4 (litio ferro fosfato\/<br \/>\nCella a sacchetto\/batteria primaria). La tensione di questo tipo di batteria \u00e8 molto simile a una AGM e funzioner\u00e0 alla grande con facilit\u00e0<br \/>\ncomponenti di sistema disponibili per il tuo camper, barca, sistema di alimentazione off-grid, casa solare (TV, frigorifero, lavatrice, aria<br \/>\ncondizionatore, scaldabagno, forno a microonde, piano cottura a induzione, lavastoviglie, stampante, computer), Torre di telecomunicazioni, sistemi ibridi e solari off-grid applications.5. Pu\u00f2 essere in serie o in parallelo per l'uso? A: S\u00ec signore, pu\u00f2 supportare al massimo 15 in collegamento parallelo per l'uso, scatola di stoccaggio Massimo 150 kWh.<br \/>\n<strong><br \/>\n6. Questo pacco batteria \u00e8 compatibile con il mio inverter? Avete un elenco aziendale degli inverter compatibili?<br \/>\n<\/strong>A: S\u00ec signore, il nostro pacco batteria \u00e8 compatibile con la maggior parte delle marche di inverter sul mercato, come Deye, MUST, SMA, Growatt, Solax, Solis, Sungrow, Sofar, Voltronic, Sorotec, Studer, ecc.<\/p>\n<\/div>\n<\/div>\n<\/div>\n<\/div>\n<\/div>","protected":false},"excerpt":{"rendered":"<p>Batteria di accumulo di energia ad alta tensione HS-GS5000WHV \u2014 Efficiente, stabile, potenzia il tuo futuro energetico<\/p>","protected":false},"featured_media":3492,"template":"","meta":{"site-sidebar-layout":"default","site-content-layout":"","ast-site-content-layout":"default","site-content-style":"default","site-sidebar-style":"default","ast-global-header-display":"","ast-banner-title-visibility":"","ast-main-header-display":"","ast-hfb-above-header-display":"","ast-hfb-below-header-display":"","ast-hfb-mobile-header-display":"","site-post-title":"","ast-breadcrumbs-content":"","ast-featured-img":"","footer-sml-layout":"","ast-disable-related-posts":"","theme-transparent-header-meta":"default","adv-header-id-meta":"","stick-header-meta":"default","header-above-stick-meta":"","header-main-stick-meta":"","header-below-stick-meta":"","astra-migrate-meta-layouts":"set","ast-page-background-enabled":"default","ast-page-background-meta":{"desktop":{"background-color":"var(--ast-global-color-4)","background-image":"","background-repeat":"repeat","background-position":"center center","background-size":"auto","background-attachment":"scroll","background-type":"","background-media":"","overlay-type":"","overlay-color":"","overlay-opacity":"","overlay-gradient":""},"tablet":{"background-color":"","background-image":"","background-repeat":"repeat","background-position":"center center","background-size":"auto","background-attachment":"scroll","background-type":"","background-media":"","overlay-type":"","overlay-color":"","overlay-opacity":"","overlay-gradient":""},"mobile":{"background-color":"","background-image":"","background-repeat":"repeat","background-position":"center center","background-size":"auto","background-attachment":"scroll","background-type":"","background-media":"","overlay-type":"","overlay-color":"","overlay-opacity":"","overlay-gradient":""}},"ast-content-background-meta":{"desktop":{"background-color":"var(--ast-global-color-5)","background-image":"","background-repeat":"repeat","background-position":"center center","background-size":"auto","background-attachment":"scroll","background-type":"","background-media":"","overlay-type":"","overlay-color":"","overlay-opacity":"","overlay-gradient":""},"tablet":{"background-color":"var(--ast-global-color-5)","background-image":"","background-repeat":"repeat","background-position":"center center","background-size":"auto","background-attachment":"scroll","background-type":"","background-media":"","overlay-type":"","overlay-color":"","overlay-opacity":"","overlay-gradient":""},"mobile":{"background-color":"var(--ast-global-color-5)","background-image":"","background-repeat":"repeat","background-position":"center center","background-size":"auto","background-attachment":"scroll","background-type":"","background-media":"","overlay-type":"","overlay-color":"","overlay-opacity":"","overlay-gradient":""}}},"product_brand":[],"product_cat":[45,56,47],"product_tag":[],"class_list":{"0":"post-1458","1":"product","2":"type-product","3":"status-publish","4":"has-post-thumbnail","6":"product_cat-rack-mounted-ess","7":"product_cat-energy-storage-battery-system","8":"product_cat-residetial-ess","9":"desktop-align-left","10":"tablet-align-left","11":"mobile-align-left","12":"ast-product-gallery-layout-horizontal-slider","13":"ast-product-tabs-layout-horizontal","15":"first","16":"instock","17":"shipping-taxable","18":"purchasable","19":"product-type-simple"},"_links":{"self":[{"href":"https:\/\/haisicstorage.com\/it\/wp-json\/wp\/v2\/product\/1458","targetHints":{"allow":["GET"]}}],"collection":[{"href":"https:\/\/haisicstorage.com\/it\/wp-json\/wp\/v2\/product"}],"about":[{"href":"https:\/\/haisicstorage.com\/it\/wp-json\/wp\/v2\/types\/product"}],"version-history":[{"count":6,"href":"https:\/\/haisicstorage.com\/it\/wp-json\/wp\/v2\/product\/1458\/revisions"}],"predecessor-version":[{"id":3510,"href":"https:\/\/haisicstorage.com\/it\/wp-json\/wp\/v2\/product\/1458\/revisions\/3510"}],"wp:featuredmedia":[{"embeddable":true,"href":"https:\/\/haisicstorage.com\/it\/wp-json\/wp\/v2\/media\/3492"}],"wp:attachment":[{"href":"https:\/\/haisicstorage.com\/it\/wp-json\/wp\/v2\/media?parent=1458"}],"wp:term":[{"taxonomy":"product_brand","embeddable":true,"href":"https:\/\/haisicstorage.com\/it\/wp-json\/wp\/v2\/product_brand?post=1458"},{"taxonomy":"product_cat","embeddable":true,"href":"https:\/\/haisicstorage.com\/it\/wp-json\/wp\/v2\/product_cat?post=1458"},{"taxonomy":"product_tag","embeddable":true,"href":"https:\/\/haisicstorage.com\/it\/wp-json\/wp\/v2\/product_tag?post=1458"}],"curies":[{"name":"wp","href":"https:\/\/api.w.org\/{rel}","templated":true}]}}