{"id":3854,"date":"2026-03-24T06:11:57","date_gmt":"2026-03-24T06:11:57","guid":{"rendered":"https:\/\/haisicstorage.com\/haisic-iphone-8plus-battery\/"},"modified":"2026-03-24T06:13:25","modified_gmt":"2026-03-24T06:13:25","slug":"haisic-iphone-8plus-battery","status":"publish","type":"product","link":"https:\/\/haisicstorage.com\/fr\/haisic-iphone-8plus-battery\/","title":{"rendered":"Batterie Haisic iPhone 8 Plus 3260mAh haute capacit\u00e9 OEM"},"content":{"rendered":"<h2>Batterie Haisic iPhone 8 Plus : Fiabilit\u00e9 industrielle<\/h2>\n<p>Des taux de d\u00e9faut \u00e9lev\u00e9s rongent-ils la marge de votre atelier de r\u00e9paration ? Lorsque la r\u00e9putation de votre entreprise est en jeu, les pi\u00e8ces de r\u00e9paration d'iPhone en gros standard ne suffisent pas. Chez Haisic, nous comblons le foss\u00e9 entre les r\u00e9seaux \u00e9lectriques lourds et la technologie mobile. Nous mettons nos plus de 15 ans d'expertise en ing\u00e9nierie dans les syst\u00e8mes avanc\u00e9s de stockage d'\u00e9nergie (ESS) et les syst\u00e8mes de gestion de batteries (BMS) directement dans nos solutions pour smartphones.<\/p>\n<p>En choisissant le <strong>Batterie Haisic pour iPhone 8 Plus<\/strong>, Vous collaborez avec un fournisseur OEM de batteries iPhone de premier ordre qui valorise la pr\u00e9cision. Nous appliquons les m\u00eames recherches et d\u00e9veloppement rigoureux, une fabrication certifi\u00e9e ISO et des protocoles de s\u00e9curit\u00e9 stricts utilis\u00e9s dans d'immenses r\u00e9seaux de stockage d'\u00e9nergie commerciale \u00e0 cette batterie mobile compacte.<\/p>\n<p><strong>Ce que notre formation en ing\u00e9nierie signifie pour votre cha\u00eene d'approvisionnement :<\/strong><\/p>\n<ul>\n<li><strong>Plus de 15 ans de recherche et d\u00e9veloppement<\/strong> Expertise \u00e9prouv\u00e9e \u00e0 long terme dans la gestion avanc\u00e9e des batteries et la stabilit\u00e9 des cellules.<\/li>\n<li><strong>S\u00e9curit\u00e9 de qualit\u00e9 commerciale :<\/strong> Les normes de s\u00e9curit\u00e9 industrielle ont \u00e9t\u00e9 consid\u00e9rablement r\u00e9duites pour l'\u00e9lectronique grand public.<\/li>\n<li><strong>Fabrication certifi\u00e9e ISO<\/strong> Contr\u00f4le qualit\u00e9 coh\u00e9rent et \u00e0 haut rendement con\u00e7u pour \u00e9liminer les retours et prot\u00e9ger votre marge b\u00e9n\u00e9ficiaire.<\/li>\n<\/ul>\n<h2>Fonctionnalit\u00e9s de la batterie am\u00e9lior\u00e9e Haisic pour iPhone 8Plus<\/h2>\n<p>Nous avons con\u00e7u le <strong>Haisic HS-iP8Plus<\/strong> pour d\u00e9passer les limites standard. Si vous avez besoin d'une batterie \u00e0 haute capacit\u00e9 pour iPhone 8 Plus, cette mise \u00e0 niveau z\u00e9ro cycle offre exactement ce que vous attendez. Nous appliquons les m\u00eames tests de s\u00e9curit\u00e9 de qualit\u00e9 industrielle que ceux utilis\u00e9s dans nos grandes installations. <a href=\"https:\/\/haisicstorage.com\/fr\/energy-storage-system-for-solar-power\/\">syst\u00e8mes de stockage d'\u00e9nergie pour l'\u00e9nergie solaire<\/a> \u00e0 chaque batterie de t\u00e9l\u00e9phone mobile que nous fabriquons.<\/p>\n<h3>Pourquoi choisir notre batterie de remplacement pour iPhone 8 Plus ?<\/h3>\n<ul>\n<li><strong>Capacit\u00e9 am\u00e9lior\u00e9e :<\/strong> Emballage <strong>3260mAh et 12,39Wh<\/strong>, cette batterie lithium-ion polym\u00e8re pour smartphone vous offre un temps de veille et d'\u00e9cran allum\u00e9 sensiblement plus long par rapport aux options standard des fabricants d'origine.<\/li>\n<li><strong>Puce IC intelligente premium :<\/strong> La puce de gestion int\u00e9gr\u00e9e agit comme une sauvegarde. Elle emp\u00eache activement la surcharge, la surchauffe et les courts-circuits pour prot\u00e9ger l'appareil lors d'une utilisation intensive quotidienne.<\/li>\n<li><strong>Contr\u00f4le qualit\u00e9 strict :<\/strong> Chaque pack de batterie pour iPhone 8+ d'Apple est soigneusement test\u00e9 pour des cycles de charge optimaux afin d'assurer des performances et une stabilit\u00e9 maximales d\u00e8s la sortie de la bo\u00eete.<\/li>\n<\/ul>\n<h3>Sp\u00e9cifications principales en un coup d'\u0153il<\/h3>\n<table>\n<thead>\n<tr>\n<th style=\"text-align: left;\">Caract\u00e9ristique<\/th>\n<th style=\"text-align: left;\">D\u00e9tails techniques<\/th>\n<\/tr>\n<\/thead>\n<tbody>\n<tr>\n<td style=\"text-align: left;\"><strong>Capacit\u00e9 nominale<\/strong><\/td>\n<td style=\"text-align: left;\">3260mAh \/ 12,39Wh<\/td>\n<\/tr>\n<tr>\n<td style=\"text-align: left;\"><strong>Norme d'ex\u00e9cution<\/strong><\/td>\n<td style=\"text-align: left;\">GB31241-2022<\/td>\n<\/tr>\n<tr>\n<td style=\"text-align: left;\"><strong>Certifications de s\u00e9curit\u00e9<\/strong><\/td>\n<td style=\"text-align: left;\">Conforme \u00e0 UN38.3, CE, RoHS<\/td>\n<\/tr>\n<tr>\n<td style=\"text-align: left;\"><strong>\u00c9tat de la batterie<\/strong><\/td>\n<td style=\"text-align: left;\">Cycle z\u00e9ro 100%<\/td>\n<\/tr>\n<\/tbody>\n<\/table>\n<p>En tant que fournisseur direct de batteries OEM pour iPhone, nous veillons \u00e0 ce que chaque unit\u00e9 quittant notre installation respecte des normes de fabrication strictes \u00e0 l'\u00e9chelle mondiale.<\/p>\n<h2>Sp\u00e9cifications de la batterie Haisic iPhone 8Plus<\/h2>\n<p>Nous concevons nos solutions d'alimentation mobile avec une pr\u00e9cision rigoureuse. Si vous avez besoin d'une <strong>batterie Haisic iPhone 8Plus<\/strong>, le mod\u00e8le HS-iP8Plus offre exactement ce dont votre r\u00e9seau de r\u00e9paration ou votre commerce de gros a besoin.<\/p>\n<p>Consultez ci-dessous les d\u00e9tails techniques pr\u00e9cis de notre batterie lithium-ion polym\u00e8re pour smartphone :<\/p>\n<table>\n<thead>\n<tr>\n<th style=\"text-align: left;\">Caract\u00e9ristique<\/th>\n<th style=\"text-align: left;\">Sp\u00e9cification<\/th>\n<\/tr>\n<\/thead>\n<tbody>\n<tr>\n<td style=\"text-align: left;\"><strong>Marque<\/strong><\/td>\n<td style=\"text-align: left;\">Haisic<\/td>\n<\/tr>\n<tr>\n<td style=\"text-align: left;\"><strong>Mod\u00e8le<\/strong><\/td>\n<td style=\"text-align: left;\">HS-iP8Plus<\/td>\n<\/tr>\n<tr>\n<td style=\"text-align: left;\"><strong>Compatibilit\u00e9<\/strong><\/td>\n<td style=\"text-align: left;\">Uniquement pour iPhone 8 Plus d'Apple<\/td>\n<\/tr>\n<tr>\n<td style=\"text-align: left;\"><strong>Type de Batterie<\/strong><\/td>\n<td style=\"text-align: left;\">Batterie au lithium-polym\u00e8re<\/td>\n<\/tr>\n<tr>\n<td style=\"text-align: left;\"><strong>Capacit\u00e9 nominale<\/strong><\/td>\n<td style=\"text-align: left;\">3260mAh<\/td>\n<\/tr>\n<tr>\n<td style=\"text-align: left;\"><strong>\u00c9nergie nominale<\/strong><\/td>\n<td style=\"text-align: left;\">12,39Wh<\/td>\n<\/tr>\n<tr>\n<td style=\"text-align: left;\"><strong>Tension nominale<\/strong><\/td>\n<td style=\"text-align: left;\">3,80V<\/td>\n<\/tr>\n<tr>\n<td style=\"text-align: left;\"><strong>Tension limite de charge<\/strong><\/td>\n<td style=\"text-align: left;\">4,35V<\/td>\n<\/tr>\n<tr>\n<td style=\"text-align: left;\"><strong>Norme d'ex\u00e9cution<\/strong><\/td>\n<td style=\"text-align: left;\">GB31241-2022<\/td>\n<\/tr>\n<tr>\n<td style=\"text-align: left;\"><strong>Fabricant<\/strong><\/td>\n<td style=\"text-align: left;\">Shenzhen Haisic Technology Co., Ltd.<\/td>\n<\/tr>\n<\/tbody>\n<\/table>\n<p>En tant que fournisseur OEM direct de batteries pour iPhone, nous garantissons que chaque <strong>batterie iPhone 8 Plus de 3260mAh<\/strong> sortant de la ligne de production respecte la norme rigoureuse GB31241-2022. Cette batterie de remplacement iPhone de 12,39Wh fournit une tension de batterie mobile stable de 3,80V qui correspond en toute s\u00e9curit\u00e9 aux exigences de l'appareil d'origine.<\/p>\n<p>Que vous stockiez des pi\u00e8ces de r\u00e9paration ou que vous ayez besoin d'une s\u00e9rie de fabrication personnalis\u00e9e, <a href=\"https:\/\/haisicstorage.com\/fr\/request-a-quote\/\">demandez un devis directement aupr\u00e8s de notre usine<\/a> pour s\u00e9curiser un inventaire de qualit\u00e9 pour votre cha\u00eene d'approvisionnement B2B.<\/p>\n<h2>Fabrication OEM &amp; en gros pour la batterie Haisic iPhone 8Plus<\/h2>\n<p>En tant que <strong>fabricant de batteries pour t\u00e9l\u00e9phones mobiles en Chine<\/strong>, nous collaborons avec des distributeurs mondiaux, des r\u00e9seaux de r\u00e9paration et des acheteurs en gros pour d\u00e9velopper leur activit\u00e9. Nous ne fournissons pas seulement des pi\u00e8ces ; nous proposons des solutions compl\u00e8tes de fabrication et de cha\u00eene d'approvisionnement.<\/p>\n<h3>Nos capacit\u00e9s en usine<\/h3>\n<p>Situ\u00e9s dans notre installation moderne de 11 000 m\u00b2 \u00e0 <strong>Haisic Technologie Shenzhen Co. Ltd.<\/strong>, notre capacit\u00e9 de production quotidienne massive garantit que nous pouvons r\u00e9pondre \u00e0 toute demande mondiale. Nos lignes d'ing\u00e9nierie et de production sont con\u00e7ues pour g\u00e9rer une large gamme de besoins en puissance \u2014 de l'assemblage de syst\u00e8mes robustes <a href=\"https:\/\/haisicstorage.com\/fr\/diy-backup-battery\/\">batterie de secours DIY<\/a> \u00e0 la production en s\u00e9rie de cellules de puissance pour t\u00e9l\u00e9phones mobiles de pr\u00e9cision. Nous g\u00e9rons \u00e9galement la logistique mondiale, assurant que votre inventaire passe la douane et arrive en toute s\u00e9curit\u00e9 dans les d\u00e9lais.<\/p>\n<h3>Services de personnalisation B2B<\/h3>\n<p>En tant que partenaire de confiance <strong>fournisseur OEM de batteries iPhone<\/strong>, nous facilitons la mont\u00e9e en gamme de votre activit\u00e9 de r\u00e9paration ou de vente au d\u00e9tail. Nous proposons des services sp\u00e9cialis\u00e9s pour tous <strong>grossistes en batteries de smartphones B2B<\/strong> :<\/p>\n<ul>\n<li><strong>Emballage et \u00e9tiquetage personnalis\u00e9s :<\/strong> Personnalisez les bo\u00eetes et \u00e9tiquettes de votre <strong>batterie de remplacement pour iPhone 8 Plus<\/strong> commandes en gros pour correspondre \u00e0 votre propre identit\u00e9 de marque.<\/li>\n<li><strong>Fabrication OEM\/ODM :<\/strong> Nous proposons des services complets de conception, d\u00e9veloppement et fabrication de bout en bout pour des besoins en \u00e9nergie personnalis\u00e9s.<\/li>\n<li><strong>Cha\u00eene d'approvisionnement fiable :<\/strong> L'exp\u00e9dition directe de l'usine \u00e0 l'entrep\u00f4t vous permet de maintenir un stock constant de pi\u00e8ces de r\u00e9paration iPhone en gros de haute qualit\u00e9 sans retards inattendus.<\/li>\n<\/ul>\n<h2>Directives d'installation et de s\u00e9curit\u00e9<\/h2>\n<h3>Installation professionnelle recommand\u00e9e<\/h3>\n<p>Bien que le remplacement d'une unit\u00e9 d'alimentation de t\u00e9l\u00e9phone soit une r\u00e9paration routini\u00e8re, nous conseillons fortement de faire installer votre <strong>Batterie Haisic iPhone 8 Plus<\/strong>. Des outils sp\u00e9cialis\u00e9s et une exp\u00e9rience sont n\u00e9cessaires pour manipuler en toute s\u00e9curit\u00e9 l'ensemble d'affichage et retirer l'adh\u00e9sif ancien sans endommager les c\u00e2bles flex d\u00e9licats ou perforer la nouvelle batterie en polym\u00e8re lithium-ion du smartphone.<\/p>\n<h3>Conditionnement de la batterie \u00e0 la premi\u00e8re utilisation<\/h3>\n<p>Pour d\u00e9bloquer la capacit\u00e9 compl\u00e8te de 3260mAh et assurer que le logiciel de votre t\u00e9l\u00e9phone lise avec pr\u00e9cision les niveaux de puissance, la nouvelle batterie de remplacement pour iPhone 8 Plus doit \u00eatre calibr\u00e9e d\u00e8s sa sortie de la bo\u00eete.<\/p>\n<ul>\n<li><strong>La r\u00e8gle des 3-5 cycles :<\/strong> Pour les 3 \u00e0 5 premi\u00e8res utilisations, laissez la batterie se d\u00e9charger compl\u00e8tement jusqu'\u00e0 ce que l'appareil s'\u00e9teigne automatiquement.<\/li>\n<li><strong>Charge ininterrompue :<\/strong> Branchez le t\u00e9l\u00e9phone et laissez-le charger en continu jusqu'\u00e0 100% sans le d\u00e9brancher. Cela conditionne les cellules pour une performance optimale et durable.<\/li>\n<\/ul>\n<h3>Pratiques de stockage de l'inventaire en gros<\/h3>\n<p>Si vous \u00eates un acheteur B2B en gros de batteries pour smartphones d\u00e9tenant du stock, maintenir des conditions appropri\u00e9es dans l'entrep\u00f4t est essentiel pour garder les batteries \u00e0 z\u00e9ro cycle de sant\u00e9. Nous appliquons les m\u00eames normes rigoureuses de pr\u00e9servation des cellules \u00e0 nos composants mobiles qu'\u00e0 nos pi\u00e8ces lourdes <a href=\"https:\/\/haisicstorage.com\/fr\/lithium-battery-for-solar-power-storage\/\">batterie au lithium pour le stockage d'\u00e9nergie solaire<\/a> syst\u00e8mes.<\/p>\n<ul>\n<li><strong>Temp\u00e9rature optimale :<\/strong> Conservez votre inventaire dans un environnement contr\u00f4l\u00e9. La plage de temp\u00e9rature de stockage la plus s\u00fbre est comprise entre <strong>15\u00b0C et 25\u00b0C<\/strong>.<\/li>\n<li><strong>\u00c9tat de charge id\u00e9al :<\/strong> Ne stockez jamais les batteries au lithium compl\u00e8tement charg\u00e9es ou compl\u00e8tement d\u00e9charg\u00e9es pendant de longues p\u00e9riodes. Maintenez-les \u00e0 environ un <strong>Capacit\u00e9 de charge 50%<\/strong>.<\/li>\n<li><strong>Environnement s\u00e9curis\u00e9 :<\/strong> Assurez-vous que les racks de stockage sont secs, bien ventil\u00e9s et strictement prot\u00e9g\u00e9s de la lumi\u00e8re directe du soleil, de la chaleur extr\u00eame et des environnements \u00e0 forte charge statique.<\/li>\n<\/ul>\n<h2>Foire aux questions (FAQ)<\/h2>\n<p><strong>Cette batterie est-elle compatible avec l\u2019iPhone 8 standard ?<\/strong><br \/>\nNon. La <strong>Haisic HS-iP8Plus<\/strong> est con\u00e7u exclusivement comme un <strong>batterie de remplacement pour iPhone 8 Plus<\/strong>. Les dimensions physiques et les connecteurs sont enti\u00e8rement diff\u00e9rents, il ne s\u2019adaptera pas ni ne fonctionnera dans un iPhone 8 standard.<\/p>\n<p><strong>La batterie prend-elle en charge la fonction de Sant\u00e9 de la Batterie d\u2019Apple ?<\/strong><br \/>\nOui. Notre <strong>Pack de batteries pour iPhone 8+ d\u2019Apple<\/strong> int\u00e8gre une puce IC haut de gamme qui communique parfaitement avec iOS. Une fois install\u00e9e, vous pouvez suivre la capacit\u00e9 et la performance en temps r\u00e9el directement via les param\u00e8tres natifs de Sant\u00e9 de la Batterie de votre appareil.<\/p>\n<p><strong>Q : Quelle est la quantit\u00e9 minimale de commande (MOQ) pour la vente en gros ?<\/strong><br \/>\nEn tant que <strong>fabricant de batteries pour t\u00e9l\u00e9phones mobiles en Chine<\/strong>, nos MOQ B2B sont con\u00e7us pour \u00eatre flexibles pour les distributeurs r\u00e9gionaux et les r\u00e9seaux de r\u00e9paration d\u00e9di\u00e9s. Que vous passiez une commande d\u2019essai ou que vous augmentiez votre \u00e9chelle, nous pouvons r\u00e9pondre \u00e0 vos demandes. Lors de l\u2019\u00e9valuation de vos co\u00fbts d\u2019inventaire globaux et <a href=\"https:\/\/haisicstorage.com\/fr\/battery-storage-price\/\">le prix de stockage de batterie<\/a> structures, contactez notre \u00e9quipe commerciale pour des prix par tranche de volume.<\/p>\n<p><strong>Quelle garantie ou processus RMA fournissez-vous pour les commandes en gros ?<\/strong><br \/>\nNous soutenons fermement notre fabrication. Tous <strong>grossistes en batteries de smartphones B2B<\/strong> commandes sont couvertes par une garantie compl\u00e8te contre les d\u00e9fauts de fabrication. Nous utilisons un processus simplifi\u00e9 d\u2019Autorisation de Retour de Marchandise (RMA) pour assurer des remplacements rapides et sans tracas afin que votre entreprise ne subisse aucun temps d\u2019arr\u00eat.<\/p>\n<div id=\"references\" class=\"min-w-0 scroll-mt-8 overflow-hidden\">\n<div class=\"flex flex-col gap-2 text-sm leading-relaxed\"><\/div>\n<\/div>","protected":false},"excerpt":{"rendered":"<p>Batterie Haisic pour iPhone 8 Plus 3260mAh haute capacit\u00e9 GB31241 certifi\u00e9e OEM approvisionnement en gros pour ateliers de r\u00e9paration et distributeurs<\/p>","protected":false},"featured_media":3855,"template":"","meta":{"site-sidebar-layout":"default","site-content-layout":"","ast-site-content-layout":"default","site-content-style":"default","site-sidebar-style":"default","ast-global-header-display":"","ast-banner-title-visibility":"","ast-main-header-display":"","ast-hfb-above-header-display":"","ast-hfb-below-header-display":"","ast-hfb-mobile-header-display":"","site-post-title":"","ast-breadcrumbs-content":"","ast-featured-img":"","footer-sml-layout":"","ast-disable-related-posts":"","theme-transparent-header-meta":"default","adv-header-id-meta":"","stick-header-meta":"default","header-above-stick-meta":"","header-main-stick-meta":"","header-below-stick-meta":"","astra-migrate-meta-layouts":"set","ast-page-background-enabled":"default","ast-page-background-meta":{"desktop":{"background-color":"var(--ast-global-color-4)","background-image":"","background-repeat":"repeat","background-position":"center center","background-size":"auto","background-attachment":"scroll","background-type":"","background-media":"","overlay-type":"","overlay-color":"","overlay-opacity":"","overlay-gradient":""},"tablet":{"background-color":"","background-image":"","background-repeat":"repeat","background-position":"center center","background-size":"auto","background-attachment":"scroll","background-type":"","background-media":"","overlay-type":"","overlay-color":"","overlay-opacity":"","overlay-gradient":""},"mobile":{"background-color":"","background-image":"","background-repeat":"repeat","background-position":"center center","background-size":"auto","background-attachment":"scroll","background-type":"","background-media":"","overlay-type":"","overlay-color":"","overlay-opacity":"","overlay-gradient":""}},"ast-content-background-meta":{"desktop":{"background-color":"var(--ast-global-color-5)","background-image":"","background-repeat":"repeat","background-position":"center center","background-size":"auto","background-attachment":"scroll","background-type":"","background-media":"","overlay-type":"","overlay-color":"","overlay-opacity":"","overlay-gradient":""},"tablet":{"background-color":"var(--ast-global-color-5)","background-image":"","background-repeat":"repeat","background-position":"center center","background-size":"auto","background-attachment":"scroll","background-type":"","background-media":"","overlay-type":"","overlay-color":"","overlay-opacity":"","overlay-gradient":""},"mobile":{"background-color":"var(--ast-global-color-5)","background-image":"","background-repeat":"repeat","background-position":"center center","background-size":"auto","background-attachment":"scroll","background-type":"","background-media":"","overlay-type":"","overlay-color":"","overlay-opacity":"","overlay-gradient":""}}},"product_brand":[],"product_cat":[59],"product_tag":[],"class_list":{"0":"post-3854","1":"product","2":"type-product","3":"status-publish","4":"has-post-thumbnail","6":"product_cat-iphone-battery-series","7":"desktop-align-left","8":"tablet-align-left","9":"mobile-align-left","10":"ast-product-gallery-layout-horizontal-slider","11":"ast-product-tabs-layout-horizontal","13":"first","14":"instock","15":"shipping-taxable","16":"purchasable","17":"product-type-simple"},"_links":{"self":[{"href":"https:\/\/haisicstorage.com\/fr\/wp-json\/wp\/v2\/product\/3854","targetHints":{"allow":["GET"]}}],"collection":[{"href":"https:\/\/haisicstorage.com\/fr\/wp-json\/wp\/v2\/product"}],"about":[{"href":"https:\/\/haisicstorage.com\/fr\/wp-json\/wp\/v2\/types\/product"}],"version-history":[{"count":0,"href":"https:\/\/haisicstorage.com\/fr\/wp-json\/wp\/v2\/product\/3854\/revisions"}],"wp:featuredmedia":[{"embeddable":true,"href":"https:\/\/haisicstorage.com\/fr\/wp-json\/wp\/v2\/media\/3855"}],"wp:attachment":[{"href":"https:\/\/haisicstorage.com\/fr\/wp-json\/wp\/v2\/media?parent=3854"}],"wp:term":[{"taxonomy":"product_brand","embeddable":true,"href":"https:\/\/haisicstorage.com\/fr\/wp-json\/wp\/v2\/product_brand?post=3854"},{"taxonomy":"product_cat","embeddable":true,"href":"https:\/\/haisicstorage.com\/fr\/wp-json\/wp\/v2\/product_cat?post=3854"},{"taxonomy":"product_tag","embeddable":true,"href":"https:\/\/haisicstorage.com\/fr\/wp-json\/wp\/v2\/product_tag?post=3854"}],"curies":[{"name":"wp","href":"https:\/\/api.w.org\/{rel}","templated":true}]}}