{"id":3795,"date":"2026-03-23T06:53:58","date_gmt":"2026-03-23T06:53:58","guid":{"rendered":"https:\/\/haisicstorage.com\/haisic-iphone-14plus-battery\/"},"modified":"2026-03-23T09:01:57","modified_gmt":"2026-03-23T09:01:57","slug":"haisic-iphone-14plus-battery","status":"publish","type":"product","link":"https:\/\/haisicstorage.com\/fr\/haisic-iphone-14plus-battery\/","title":{"rendered":"Haisic Batterie iPhone 14 Plus 4770mAh Grande Capacit\u00e9 Remplacement"},"content":{"rendered":"<h2>Batterie de remplacement haute capacit\u00e9 Haisic pour iPhone 14 Plus (4770mAh) \u2013 Avec kit de r\u00e9paration DIY<\/h2>\n<p>Marre que votre t\u00e9l\u00e9phone s\u2019\u00e9teigne au moment o\u00f9 vous en avez le plus besoin ? Si vous \u00eates constamment connect\u00e9 \u00e0 une prise murale, que vous transportez une banque d\u2019alimentation encombrante partout, ou que vous faites face \u00e0 des arr\u00eats soudains de l\u2019appareil, il est temps de prendre le contr\u00f4le. Vous n\u2019avez pas besoin de d\u00e9penser une fortune dans un atelier de r\u00e9paration pour que votre appareil fonctionne comme neuf \u00e0 nouveau. Nous avons con\u00e7u le <strong>kit batterie Haisic iPhone 14 Plus<\/strong> pour rendre les r\u00e9parations \u00e0 domicile simples, s\u00fbres et incroyablement efficaces.<\/p>\n<p>Ce n\u2019est pas simplement un autre remplacement standard. Nous vous proposons une v\u00e9ritable <strong>batterie iPhone 14 Plus 4770mAh<\/strong> \u00e9quip\u00e9e de cellules \u00e0 cycle z\u00e9ro, ce qui signifie qu\u2019elle n\u2019a jamais \u00e9t\u00e9 utilis\u00e9e, charg\u00e9e ou d\u00e9charg\u00e9e avant d\u2019arriver dans vos mains. Procurez-vous notre kit complet de <strong>batterie pour iPhone 14 Plus Apple<\/strong> et redonnez vie \u00e0 votre appareil quotidien.<\/p>\n<h3>Caract\u00e9ristiques rapides : Haisic HS-iP14Plus<\/h3>\n<p>Pour garantir la meilleure performance et s\u00e9curit\u00e9 possibles, nous avons con\u00e7u cette <strong>batterie lithium-polym\u00e8re 3,86V<\/strong> pour respecter des normes strictes de l\u2019industrie.<\/p>\n<table>\n<thead>\n<tr>\n<th style=\"text-align: left;\">Sp\u00e9cification<\/th>\n<th style=\"text-align: left;\">D\u00e9tail<\/th>\n<\/tr>\n<\/thead>\n<tbody>\n<tr>\n<td style=\"text-align: left;\"><strong>Nom du produit<\/strong><\/td>\n<td style=\"text-align: left;\">Batterie au lithium-polym\u00e8re<\/td>\n<\/tr>\n<tr>\n<td style=\"text-align: left;\"><strong>Num\u00e9ro de mod\u00e8le<\/strong><\/td>\n<td style=\"text-align: left;\"><strong>Haisic HS-iP14Plus<\/strong> (Compatible avec <strong>remplacement de batterie A2886<\/strong>)<\/td>\n<\/tr>\n<tr>\n<td style=\"text-align: left;\"><strong>Capacit\u00e9 nominale<\/strong><\/td>\n<td style=\"text-align: left;\">4770mAh (<strong>Batterie haute capacit\u00e9 pour iPhone 14+<\/strong>)<\/td>\n<\/tr>\n<tr>\n<td style=\"text-align: left;\"><strong>\u00c9nergie nominale<\/strong><\/td>\n<td style=\"text-align: left;\"><strong>Remplacement de batterie de t\u00e9l\u00e9phone 18,42 Wh<\/strong><\/td>\n<\/tr>\n<tr>\n<td style=\"text-align: left;\"><strong>Tension nominale<\/strong><\/td>\n<td style=\"text-align: left;\">3,86 V<\/td>\n<\/tr>\n<tr>\n<td style=\"text-align: left;\"><strong>Tension limite de charge<\/strong><\/td>\n<td style=\"text-align: left;\">4,47 V<\/td>\n<\/tr>\n<tr>\n<td style=\"text-align: left;\"><strong>Norme d'ex\u00e9cution<\/strong><\/td>\n<td style=\"text-align: left;\">GB 31241-2022<\/td>\n<\/tr>\n<tr>\n<td style=\"text-align: left;\"><strong>Fabricant<\/strong><\/td>\n<td style=\"text-align: left;\">Shenzhen Haisic Technology Co, Ltd.<\/td>\n<\/tr>\n<\/tbody>\n<\/table>\n<h3>Batterie d'iPhone 14 Plus de qualit\u00e9 OEM<\/h3>\n<p>Nous savons que la r\u00e9paration d'\u00e9lectronique soi-m\u00eame peut sembler intimidante. C'est exactement pourquoi nous avons con\u00e7u ce <strong>kit de r\u00e9paration de batterie d'iPhone 14 Plus \u00e0 faire soi-m\u00eame<\/strong> avec des composants haut de gamme et l'avons soutenu par des protocoles de s\u00e9curit\u00e9 de qualit\u00e9 industrielle. Lorsque vous choisissez Haisic, vous choisissez la fiabilit\u00e9.<\/p>\n<ul>\n<li><strong>Batterie iPhone 14 Plus Z\u00e9ro Cycle :<\/strong> Nous utilisons exclusivement des cellules neuves, sorties d'usine. Cela garantit une long\u00e9vit\u00e9 maximale et une <strong>r\u00e9paration de la sant\u00e9 de la batterie de l'iPhone 14 Plus<\/strong>.<\/li>\n<li><strong>Puce intelligente avanc\u00e9e IC :<\/strong> Les protections mat\u00e9rielles int\u00e9gr\u00e9es prot\u00e8gent votre appareil co\u00fbteux contre la surcharge, la surchauffe et les courts-circuits.<\/li>\n<li><strong>Ing\u00e9nierie de pr\u00e9cision :<\/strong> Fabriqu\u00e9 sur mesure pour correspondre aux dimensions exactes de votre batterie d'origine pour un ajustement parfait.<\/li>\n<li><strong>Kit d'installation complet :<\/strong> Chaque bo\u00eete comprend des <strong>bandes adh\u00e9sives pour batterie d'iPhone 14 Plus<\/strong> haute r\u00e9sistance et des outils de pr\u00e9cision pour faire le travail correctement.<\/li>\n<li><strong>S\u00e9curit\u00e9 Certifi\u00e9e :<\/strong> Rigoureusement test\u00e9 selon les normes GB 31241-2022 pour garantir une utilisation quotidienne stable et fiable sous forte charge.<\/li>\n<\/ul>\n<p>Arr\u00eatez de faire des compromis sur votre temps d'\u00e9cran. <strong>R\u00e9parer la d\u00e9charge de la batterie de l'iPhone 14 Plus<\/strong> aujourd'hui avec une source d'alimentation fiable et \u00e0 haute puissance con\u00e7ue pour g\u00e9rer sans effort vos applications, jeux et sessions de streaming les plus exigeants.<\/p>\n<h2>L'avantage du fabricant<\/h2>\n<h3>Con\u00e7u par Haisic : 15 ans d'expertise<\/h3>\n<p>Lorsque vous choisissez une <strong>kit batterie Haisic iPhone 14 Plus<\/strong>, vous n'achetez pas simplement une pi\u00e8ce de rechange standard. Vous b\u00e9n\u00e9ficiez d'une fiabilit\u00e9 directe du fabricant. Nous avons pass\u00e9 15 ans \u00e0 perfectionner des solutions d'alimentation, op\u00e9rant \u00e0 l'\u00e9chelle mondiale en tant que leader <a href=\"https:\/\/haisicstorage.com\/fr\/energy-storage-system-supplier\/\">fournisseur de syst\u00e8mes de stockage d'\u00e9nergie<\/a>. Maintenant, nous avons int\u00e9gr\u00e9 cette ing\u00e9nierie de qualit\u00e9 industrielle directement entre vos mains. Nous connaissons l'\u00e9nergie stock\u00e9e en d\u00e9tail, garantissant que la batterie de remplacement de votre iPhone 14 Plus offre le m\u00eame contr\u00f4le rigoureux de qualit\u00e9 que nos unit\u00e9s commerciales \u00e0 grande \u00e9chelle.<\/p>\n<h3>Capacit\u00e9 r\u00e9elle<\/h3>\n<p>Oubliez les chiffres gonfl\u00e9s et le marketing trompeur. Notre <strong>Haisic HS-iP14Plus<\/strong> d\u00e9livre exactement ce qui est indiqu\u00e9 sur l'\u00e9tiquette.<\/p>\n<ul>\n<li><strong>Puissance v\u00e9rifi\u00e9e :<\/strong> Un vrai <strong>batterie iPhone 14 Plus 4770mAh<\/strong>.<\/li>\n<li><strong>Sortie honn\u00eate :<\/strong> An <strong>Remplacement de batterie de t\u00e9l\u00e9phone 18,42 Wh<\/strong> con\u00e7ue pour vous accompagner facilement lors d'une utilisation intensive quotidienne.<\/li>\n<li><strong>R\u00e9sultats r\u00e9els :<\/strong> Con\u00e7ue sp\u00e9cifiquement pour r\u00e9soudre la d\u00e9charge de la batterie de l'iPhone 14 Plus et \u00e9liminer d\u00e9finitivement votre anxi\u00e9t\u00e9 li\u00e9e \u00e0 l'autonomie.<\/li>\n<\/ul>\n<h3>Smart IC avanc\u00e9<\/h3>\n<p>Une puissance brute n\u00e9cessite une gestion intelligente. Nous avons con\u00e7u nos batteries pour respecter des normes strictes de s\u00e9curit\u00e9 et de performance.<\/p>\n<ul>\n<li><strong>Protection int\u00e9gr\u00e9e :<\/strong> Notre puce Smart IC am\u00e9lior\u00e9e prot\u00e8ge activement votre t\u00e9l\u00e9phone contre la surcharge, la surchauffe et les courts-circuits.<\/li>\n<li><strong>Int\u00e9gration transparente :<\/strong> Fournit <strong>Batterie iPhone 14 Plus de qualit\u00e9 OEM<\/strong> performance, garantissant une alimentation fluide et stable \u00e0 la carte m\u00e8re de votre appareil.<\/li>\n<\/ul>\n<h3>Cellules premium<\/h3>\n<p>Le c\u0153ur de toute source d'alimentation fiable est la cellule elle-m\u00eame. Nous utilisons uniquement des mat\u00e9riaux de premier ordre pour garantir une long\u00e9vit\u00e9 et une s\u00e9curit\u00e9 maximales.<\/p>\n<ul>\n<li><strong>C\u0153ur de haute qualit\u00e9 :<\/strong> Comprend une cellule dense et premium <strong>batterie lithium-polym\u00e8re 3,86V<\/strong> cellule.<\/li>\n<li><strong>Dur\u00e9e de vie fra\u00eeche :<\/strong> Chaque unit\u00e9 est une v\u00e9ritable batterie <strong>iPhone 14 Plus \u00e0 cycle z\u00e9ro<\/strong> directement de notre cha\u00eene de production, vous offrant le nombre maximum absolu de cycles de charge d\u00e8s la sortie de la bo\u00eete.<\/li>\n<\/ul>\n<h2>Donn\u00e9es techniques Haisic HS-iP14Plus<\/h2>\n<p>Chez Haisic, nous ne cachons pas nos sp\u00e9cifications. Nous concevons nos batteries de smartphone avec la m\u00eame pr\u00e9cision et la m\u00eame technologie de stockage d'\u00e9nergie fiable que celles trouv\u00e9es dans une installation \u00e0 grande \u00e9chelle <a href=\"https:\/\/haisicstorage.com\/fr\/battery-bank-backup-for-home\/\">syst\u00e8me de sauvegarde de batterie domestique<\/a>. Vous trouverez ci-dessous les donn\u00e9es techniques exactes pour votre nouvelle mise \u00e0 niveau de batterie de t\u00e9l\u00e9phone Shenzhen Haisic.<\/p>\n<table>\n<thead>\n<tr>\n<th style=\"text-align: left;\">Sp\u00e9cification<\/th>\n<th style=\"text-align: left;\">D\u00e9tails<\/th>\n<\/tr>\n<\/thead>\n<tbody>\n<tr>\n<td style=\"text-align: left;\"><strong>Nom du produit<\/strong><\/td>\n<td style=\"text-align: left;\">Batterie lithium-ion polym\u00e8re 3,86 V<\/td>\n<\/tr>\n<tr>\n<td style=\"text-align: left;\"><strong>Num\u00e9ro de mod\u00e8le<\/strong><\/td>\n<td style=\"text-align: left;\">Haisic HS-iP14Plus<\/td>\n<\/tr>\n<tr>\n<td style=\"text-align: left;\"><strong>Appareil compatible<\/strong><\/td>\n<td style=\"text-align: left;\">Apple iPhone 14 Plus (Id\u00e9al pour le remplacement de la batterie A2886)<\/td>\n<\/tr>\n<tr>\n<td style=\"text-align: left;\"><strong>Capacit\u00e9 nominale<\/strong><\/td>\n<td style=\"text-align: left;\">batterie iPhone 14 Plus 4770mAh<\/td>\n<\/tr>\n<tr>\n<td style=\"text-align: left;\"><strong>\u00c9nergie nominale<\/strong><\/td>\n<td style=\"text-align: left;\">Remplacement de batterie de t\u00e9l\u00e9phone 18,42 Wh<\/td>\n<\/tr>\n<tr>\n<td style=\"text-align: left;\"><strong>Tension nominale<\/strong><\/td>\n<td style=\"text-align: left;\">3,86 V<\/td>\n<\/tr>\n<tr>\n<td style=\"text-align: left;\"><strong>Limite de charge<\/strong><\/td>\n<td style=\"text-align: left;\">4,47 V<\/td>\n<\/tr>\n<tr>\n<td style=\"text-align: left;\"><strong>Les<\/strong><\/td>\n<td style=\"text-align: left;\">GB 31241-2022<\/td>\n<\/tr>\n<tr>\n<td style=\"text-align: left;\"><strong>Fabricant<\/strong><\/td>\n<td style=\"text-align: left;\">Shenzhen Haisic Technology Co., Ltd.<\/td>\n<\/tr>\n<\/tbody>\n<\/table>\n<h2>Kit de r\u00e9paration de batterie pour iPhone 14 Plus \u00e0 faire soi-m\u00eame<\/h2>\n<h3>Remplacez votre batterie en toute confiance<\/h3>\n<p>Nous rendons votre <strong>r\u00e9paration de la sant\u00e9 de la batterie de l'iPhone 14 Plus<\/strong> compl\u00e8tement simple. La mise \u00e0 niveau de votre appareil ne doit pas \u00eatre intimidante. M\u00eame si vous n'avez jamais ouvert de t\u00e9l\u00e9phone auparavant, notre kit vous fournit les outils exacts et la confiance n\u00e9cessaires pour compl\u00e9ter votre <strong>remplacement de batterie A2886<\/strong> directement chez vous. Nous appliquons les m\u00eames normes rigoureuses de fabrication et de s\u00e9curit\u00e9 \u00e0 nos unit\u00e9s d'alimentation de poche qu'\u00e0 nos syst\u00e8mes de <a href=\"https:\/\/haisicstorage.com\/fr\/battery-for-home-backup\/\">batterie pour secours \u00e0 domicile<\/a> \u00e0 grande \u00e9chelle, garantissant des performances quotidiennes fiables et durables.<\/p>\n<h3>Int\u00e9gration de la vid\u00e9o tutorielle \u00e9tape par \u00e9tape<\/h3>\n<p>Nous ne vous envoyons pas simplement un <strong>Batterie iPhone 14 Plus de qualit\u00e9 OEM<\/strong> et vous laissons vous d\u00e9brouiller seul. Il vous suffit de scanner le code QR inclus dans votre colis pour acc\u00e9der \u00e0 notre guide vid\u00e9o complet et convivial.<\/p>\n<ul>\n<li><strong>Visite guid\u00e9e visuelle :<\/strong> Prises de vue claires et rapproch\u00e9es de chaque \u00e9tape du d\u00e9montage et du remontage.<\/li>\n<li><strong>S\u00e9curit\u00e9 d\u2019abord :<\/strong> Conseils d'experts pour adoucir en toute s\u00e9curit\u00e9 la colle d'usine et retirer l'\u00e9cran sans endommager.<\/li>\n<li><strong>Travaillez \u00e0 votre rythme :<\/strong> Facile \u00e0 suivre, \u00e0 mettre en pause et \u00e0 rembobiner pendant que vous effectuez l'installation.<\/li>\n<\/ul>\n<h3>Avis important pour iOS : gestion des attentes<\/h3>\n<p>Apr\u00e8s avoir install\u00e9 votre <strong>batterie de remplacement Haisic pour iPhone 14 Plus<\/strong>, vous remarquerez un message \u201c Pi\u00e8ce inconnue \u201d dans les param\u00e8tres de batterie de votre iOS. Il s'agit d'un protocole logiciel standard d'Apple pour toute batterie install\u00e9e en dehors d'un Apple Store officiel.<\/p>\n<ul>\n<li><strong>Aucune baisse de performance :<\/strong> Votre appareil fonctionnera parfaitement \u00e0 pleine vitesse.<\/li>\n<li><strong>Vraie puissance :<\/strong> Vous b\u00e9n\u00e9ficierez de l'autonomie compl\u00e8te de la <strong>batterie iPhone 14 Plus 4770mAh<\/strong>.<\/li>\n<li><strong>Lecture de l'\u00e9tat de la batterie :<\/strong> iOS d\u00e9sactive l'affichage du pourcentage \u201c Capacit\u00e9 maximale \u201d pour toutes les batteries de rechange. Il s'agit purement d'un blocage logiciel et cela ne limite en rien la dur\u00e9e de vie r\u00e9elle de votre batterie, la charge rapide ou la performance g\u00e9n\u00e9rale.<\/li>\n<\/ul>\n<h2>Ce qui est inclus dans la bo\u00eete<\/h2>\n<p>Lorsque vous passez \u00e0 la <strong>kit batterie Haisic iPhone 14 Plus<\/strong>, nous fournissons tout ce dont vous avez besoin pour une installation fluide et r\u00e9ussie d\u00e8s la sortie de la bo\u00eete.<\/p>\n<h3>Batterie et bandes adh\u00e9sives<\/h3>\n<ul>\n<li><strong>Puissance haute capacit\u00e9 :<\/strong> Une toute nouvelle, sans cycle <strong>batterie iPhone 14 Plus 4770mAh<\/strong> (Mod\u00e8le : Haisic HS-iP14Plus).<\/li>\n<li><strong>Montage personnalis\u00e9 :<\/strong> Pr\u00e9-d\u00e9coup\u00e9 <strong>bandes adh\u00e9sives pour batterie d'iPhone 14 Plus<\/strong> pour fixer fermement la cellule de puissance \u00e0 l\u2019int\u00e9rieur du ch\u00e2ssis, en maintenant une stabilit\u00e9 et une s\u00e9curit\u00e9 au niveau d\u2019usine.<\/li>\n<\/ul>\n<h3>Adh\u00e9sif d\u2019\u00e9tanch\u00e9it\u00e9 pour \u00e9cran \u00e9tanche<\/h3>\n<ul>\n<li><strong>Protection contre l\u2019humidit\u00e9 :<\/strong> Ouvrir votre appareil rompt le sceau d\u2019usine d\u2019origine. Nous incluons un adh\u00e9sif d\u2019\u00e9cran \u00e9tanche de remplacement sur mesure pour aider \u00e0 restaurer la r\u00e9sistance de votre t\u00e9l\u00e9phone \u00e0 l\u2019eau et \u00e0 la poussi\u00e8re une fois l\u2019\u00e9cran r\u00e9attach\u00e9.<\/li>\n<\/ul>\n<h3>Kit d\u2019outils de pr\u00e9cision complet<\/h3>\n<ul>\n<li><strong>Outils tout-en-un :<\/strong> Nous emballons cela comme un ensemble complet <strong>kit de r\u00e9paration de batterie d'iPhone 14 Plus \u00e0 faire soi-m\u00eame<\/strong>. Il comprend les tournevis de pr\u00e9cision n\u00e9cessaires (Pentalobe, Tri-point, Phillips), des leviers en plastique, une ventouse, des pinces, et des outils d\u2019ouverture. Vous disposez des outils exacts n\u00e9cessaires pour ouvrir en toute s\u00e9curit\u00e9 votre \u00e9cran et \u00e9changer la batterie sans d\u00e9visser ou endommager les c\u00e2bles internes d\u00e9licats.<\/li>\n<\/ul>\n<h2>FAQ : Remplacement de la batterie Haisic iPhone 14 Plus<\/h2>\n<h3>Cela va-t-il r\u00e9parer les arr\u00eats inattendus de mon t\u00e9l\u00e9phone ?<\/h3>\n<p>Oui. Les arr\u00eats inattendus se produisent g\u00e9n\u00e9ralement lorsqu\u2019une batterie d\u00e9grad\u00e9e ne peut plus fournir une puissance maximale. La mise \u00e0 niveau vers notre <strong>batterie iPhone 14 Plus 4770mAh<\/strong> offre une source d\u2019\u00e9nergie stable et haute capacit\u00e9 qui r\u00e9sout les baisses de puissance soudaines et restaure une performance fiable.<\/p>\n<h3>Dois-je d\u00e9charger ma vieille batterie avant de la retirer ?<\/h3>\n<p><strong>Absolument.<\/strong> La s\u00e9curit\u00e9 est la priorit\u00e9 lors de la manipulation de toute cellule d'alimentation. Avant d'ouvrir votre appareil :<\/p>\n<ul>\n<li><strong>Videz l'ancienne batterie en dessous de 25 %<\/strong> avant de commencer le processus de retrait.<\/li>\n<li>Une cellule lithium-ion compl\u00e8tement charg\u00e9e peut pr\u00e9senter un grave risque d'incendie si elle est accidentellement pli\u00e9e ou perfor\u00e9e avec vos outils.<\/li>\n<li>Tout comme nous insistons sur des protocoles de s\u00e9curit\u00e9 stricts dans nos syst\u00e8mes de stockage d'\u00e9nergie domestique \u00e0 grande \u00e9chelle <a href=\"https:\/\/haisicstorage.com\/fr\/how-do-domestic-energy-storage-batteries-work-in-the-home\/\">batteries de stockage d'\u00e9nergie domestique<\/a>, une manipulation prudente lors de votre <strong>r\u00e9paration de la sant\u00e9 de la batterie de l'iPhone 14 Plus<\/strong> est non n\u00e9gociable.<\/li>\n<\/ul>\n<h3>La batterie prend-elle en charge la charge rapide et la charge sans fil MagSafe ?<\/h3>\n<p>Oui, vous conservez toutes les fonctionnalit\u00e9s de charge. Le <strong>Haisic HS-iP14Plus<\/strong> est con\u00e7u pour s'int\u00e9grer parfaitement \u00e0 votre mat\u00e9riel Apple.<\/p>\n<ul>\n<li><strong>Charge rapide filaire :<\/strong> Enti\u00e8rement pris en charge sans surchauffe.<\/li>\n<li><strong>MagSafe et Qi sans fil :<\/strong> Fonctionne parfaitement avec tous vos chargeurs magn\u00e9tiques et sans fil.<\/li>\n<li><strong>Gestion intelligente de l'alimentation :<\/strong> Construit autour d'un <strong>batterie lithium-polym\u00e8re 3,86V<\/strong> premium et d'une puce IC intelligente avanc\u00e9e, garantissant que chaque recharge est rapide, efficace et s\u00fbre.<\/li>\n<\/ul>\n<div id=\"references\" class=\"min-w-0 scroll-mt-8 overflow-hidden\">\n<div class=\"flex flex-col gap-2 text-sm leading-relaxed\"><\/div>\n<\/div>","protected":false},"excerpt":{"rendered":"<p>Achetez la batterie Haisic iPhone 14 Plus 4770mAh haute capacit\u00e9, remplacement s\u00fbr LiPo avec kit d'outils de r\u00e9paration DIY et adh\u00e9sifs<\/p>","protected":false},"featured_media":3806,"template":"","meta":{"site-sidebar-layout":"default","site-content-layout":"","ast-site-content-layout":"default","site-content-style":"default","site-sidebar-style":"default","ast-global-header-display":"","ast-banner-title-visibility":"","ast-main-header-display":"","ast-hfb-above-header-display":"","ast-hfb-below-header-display":"","ast-hfb-mobile-header-display":"","site-post-title":"","ast-breadcrumbs-content":"","ast-featured-img":"","footer-sml-layout":"","ast-disable-related-posts":"","theme-transparent-header-meta":"default","adv-header-id-meta":"","stick-header-meta":"default","header-above-stick-meta":"","header-main-stick-meta":"","header-below-stick-meta":"","astra-migrate-meta-layouts":"set","ast-page-background-enabled":"default","ast-page-background-meta":{"desktop":{"background-color":"var(--ast-global-color-4)","background-image":"","background-repeat":"repeat","background-position":"center center","background-size":"auto","background-attachment":"scroll","background-type":"","background-media":"","overlay-type":"","overlay-color":"","overlay-opacity":"","overlay-gradient":""},"tablet":{"background-color":"","background-image":"","background-repeat":"repeat","background-position":"center center","background-size":"auto","background-attachment":"scroll","background-type":"","background-media":"","overlay-type":"","overlay-color":"","overlay-opacity":"","overlay-gradient":""},"mobile":{"background-color":"","background-image":"","background-repeat":"repeat","background-position":"center center","background-size":"auto","background-attachment":"scroll","background-type":"","background-media":"","overlay-type":"","overlay-color":"","overlay-opacity":"","overlay-gradient":""}},"ast-content-background-meta":{"desktop":{"background-color":"var(--ast-global-color-5)","background-image":"","background-repeat":"repeat","background-position":"center center","background-size":"auto","background-attachment":"scroll","background-type":"","background-media":"","overlay-type":"","overlay-color":"","overlay-opacity":"","overlay-gradient":""},"tablet":{"background-color":"var(--ast-global-color-5)","background-image":"","background-repeat":"repeat","background-position":"center center","background-size":"auto","background-attachment":"scroll","background-type":"","background-media":"","overlay-type":"","overlay-color":"","overlay-opacity":"","overlay-gradient":""},"mobile":{"background-color":"var(--ast-global-color-5)","background-image":"","background-repeat":"repeat","background-position":"center center","background-size":"auto","background-attachment":"scroll","background-type":"","background-media":"","overlay-type":"","overlay-color":"","overlay-opacity":"","overlay-gradient":""}}},"product_brand":[],"product_cat":[59],"product_tag":[],"class_list":{"0":"post-3795","1":"product","2":"type-product","3":"status-publish","4":"has-post-thumbnail","6":"product_cat-iphone-battery-series","7":"desktop-align-left","8":"tablet-align-left","9":"mobile-align-left","10":"ast-product-gallery-layout-horizontal-slider","11":"ast-product-tabs-layout-horizontal","13":"first","14":"instock","15":"shipping-taxable","16":"purchasable","17":"product-type-simple"},"_links":{"self":[{"href":"https:\/\/haisicstorage.com\/fr\/wp-json\/wp\/v2\/product\/3795","targetHints":{"allow":["GET"]}}],"collection":[{"href":"https:\/\/haisicstorage.com\/fr\/wp-json\/wp\/v2\/product"}],"about":[{"href":"https:\/\/haisicstorage.com\/fr\/wp-json\/wp\/v2\/types\/product"}],"version-history":[{"count":0,"href":"https:\/\/haisicstorage.com\/fr\/wp-json\/wp\/v2\/product\/3795\/revisions"}],"wp:featuredmedia":[{"embeddable":true,"href":"https:\/\/haisicstorage.com\/fr\/wp-json\/wp\/v2\/media\/3806"}],"wp:attachment":[{"href":"https:\/\/haisicstorage.com\/fr\/wp-json\/wp\/v2\/media?parent=3795"}],"wp:term":[{"taxonomy":"product_brand","embeddable":true,"href":"https:\/\/haisicstorage.com\/fr\/wp-json\/wp\/v2\/product_brand?post=3795"},{"taxonomy":"product_cat","embeddable":true,"href":"https:\/\/haisicstorage.com\/fr\/wp-json\/wp\/v2\/product_cat?post=3795"},{"taxonomy":"product_tag","embeddable":true,"href":"https:\/\/haisicstorage.com\/fr\/wp-json\/wp\/v2\/product_tag?post=3795"}],"curies":[{"name":"wp","href":"https:\/\/api.w.org\/{rel}","templated":true}]}}