{"id":3785,"date":"2026-03-23T05:51:59","date_gmt":"2026-03-23T05:51:59","guid":{"rendered":"https:\/\/haisicstorage.com\/haisic-iphone-15-battery\/"},"modified":"2026-03-24T01:43:10","modified_gmt":"2026-03-24T01:43:10","slug":"haisic-iphone-15-battery","status":"publish","type":"product","link":"https:\/\/haisicstorage.com\/fr\/haisic-iphone-15-battery\/","title":{"rendered":"Haisic Batterie iPhone 15 3349mAh Remplacement HS iP15"},"content":{"rendered":"<h2>Apportez une puissance industrielle \u00e0 votre iPhone 15<\/h2>\n<p>Vous en avez assez que votre t\u00e9l\u00e9phone s\u2019\u00e9teigne avant la fin de la journ\u00e9e ? Nous comprenons la frustration de voir le pourcentage de batterie chuter au moment o\u00f9 vous en avez le plus besoin. C\u2019est pourquoi nous avons con\u00e7u le <strong>batterie iPhone 15 Haisic<\/strong> pour r\u00e9soudre ce probl\u00e8me pr\u00e9cis.<\/p>\n<p>Chez Shenzhen Haisic Technology Co., Ltd., nous avons pass\u00e9 des ann\u00e9es \u00e0 d\u00e9velopper des solutions d\u2019alimentation avanc\u00e9es pour des environnements exigeants et \u00e0 enjeux \u00e9lev\u00e9s. Maintenant, nous apportons cette m\u00eame ing\u00e9nierie de qualit\u00e9 industrielle directement \u00e0 votre smartphone avec le <strong>Haisic HS-iP15<\/strong>. Nous avons \u00e9vit\u00e9 les gadgets pour offrir une v\u00e9ritable <strong>batterie de remplacement interne pour iPhone 15<\/strong> qui respecte des tol\u00e9rances de fabrication strictes et intransigeantes.<\/p>\n<p>Voici ce que signifie notre exp\u00e9rience en ing\u00e9nierie industrielle pour votre appareil :<\/p>\n<ul>\n<li><strong>Fabrication de pr\u00e9cision :<\/strong> Con\u00e7ue strictement selon les sp\u00e9cifications OEM pour un ajustement parfait et un flux d\u2019\u00e9nergie optimal.<\/li>\n<li><strong>Fiabilit\u00e9 B2B pour les consommateurs :<\/strong> Nous avons exploit\u00e9 notre vaste exp\u00e9rience en R&amp;D dans les syst\u00e8mes d\u2019alimentation industrielle pour cr\u00e9er un <strong>bloc-batterie Apple iPhone 15<\/strong> extr\u00eamement fiable pour votre vie quotidienne.<\/li>\n<li><strong>Z\u00e9ro compromis :<\/strong> \u00c9liminez l\u2019anxi\u00e9t\u00e9 des coupures inattendues et retrouvez la performance maximale de votre smartphone en toute confiance.<\/li>\n<\/ul>\n<h2>Caract\u00e9ristiques principales de la batterie Haisic pour iPhone 15<\/h2>\n<p>Lorsque nous avons con\u00e7u le Haisic HS-iP15, notre objectif \u00e9tait clair : fournir une alimentation fiable de niveau industriel \u00e0 votre appareil quotidien. Voici exactement ce qui fait de notre batterie de remplacement Haisic pour iPhone 15 le bon choix pour restaurer votre t\u00e9l\u00e9phone.<\/p>\n<ul>\n<li><strong>Capacit\u00e9 r\u00e9elle de 3349 mAh :<\/strong> Vous obtenez une batterie v\u00e9rifi\u00e9e de 3349 mAh pour iPhone 15. Cette cellule \u00e0 z\u00e9ro cycle vous garantit la capacit\u00e9 brute r\u00e9elle pour une utilisation intensive sans avoir \u00e0 chercher constamment une prise murale.<\/li>\n<li><strong>Syst\u00e8me avanc\u00e9 de gestion de batterie (BMS) :<\/strong> La s\u00e9curit\u00e9 et l'efficacit\u00e9 guident notre ing\u00e9nierie. En s'appuyant sur la m\u00eame technologie BMS de haut niveau utilis\u00e9e pour r\u00e9guler nos robustes <a href=\"https:\/\/haisicstorage.com\/fr\/10kw-storage-battery\/\">syst\u00e8mes de stockage d'\u00e9nergie de 10 kW<\/a>, cette batterie interne de t\u00e9l\u00e9phone surveille strictement la tension pour \u00e9viter la surcharge, les courts-circuits et la surchauffe.<\/li>\n<li><strong>Polym\u00e8re Lithium-ion Premium :<\/strong> Nous utilisons un c\u0153ur de batterie polym\u00e8re lithium-ion de haute qualit\u00e9 pour iPhone 15. Cela garantit une alimentation stable, une dissipation thermique sup\u00e9rieure et une dur\u00e9e de vie globale beaucoup plus longue par rapport aux cellules de rechange standard.<\/li>\n<li><strong>Ajustement parfait et int\u00e9gration transparente :<\/strong> Il s'agit d'une batterie pour iPhone 15 conforme aux sp\u00e9cifications OEM. Elle est con\u00e7ue avec pr\u00e9cision pour correspondre aux dimensions exactes de la batterie d'origine de l'Apple iPhone 15, garantissant une installation parfaite sans aucune pression sur le ch\u00e2ssis.<\/li>\n<\/ul>\n<h3>Sp\u00e9cifications rapides du Haisic HS-iP15<\/h3>\n<table>\n<thead>\n<tr>\n<th style=\"text-align: left;\">Caract\u00e9ristique<\/th>\n<th style=\"text-align: left;\">D\u00e9tails des sp\u00e9cifications<\/th>\n<\/tr>\n<\/thead>\n<tbody>\n<tr>\n<td style=\"text-align: left;\"><strong>Mod\u00e8le<\/strong><\/td>\n<td style=\"text-align: left;\">Haisic HS-iP15<\/td>\n<\/tr>\n<tr>\n<td style=\"text-align: left;\"><strong>Capacit\u00e9 nominale<\/strong><\/td>\n<td style=\"text-align: left;\">3349 mAh<\/td>\n<\/tr>\n<tr>\n<td style=\"text-align: left;\"><strong>Technologie de la batterie<\/strong><\/td>\n<td style=\"text-align: left;\">Polym\u00e8re Lithium-ion Premium<\/td>\n<\/tr>\n<tr>\n<td style=\"text-align: left;\"><strong>Syst\u00e8me de protection<\/strong><\/td>\n<td style=\"text-align: left;\">BMS interne avanc\u00e9<\/td>\n<\/tr>\n<tr>\n<td style=\"text-align: left;\"><strong>Type de montage<\/strong><\/td>\n<td style=\"text-align: left;\">Ajustement de remplacement OEM direct<\/td>\n<\/tr>\n<\/tbody>\n<\/table>\n<h2>Sp\u00e9cifications techniques compl\u00e8tes<\/h2>\n<p>Lorsque vous avez besoin d'une solution fiable <strong>batterie iPhone 15 Haisic<\/strong>, savoir que les sp\u00e9cifications exactes est important. En tant que professionnel d\u00e9di\u00e9 <a href=\"https:\/\/haisicstorage.com\/fr\/battery-energy-storage-system-company\/\">entreprise de syst\u00e8mes de stockage d'\u00e9nergie par batterie<\/a>, nous fabriquons nos batteries de smartphones grand public avec les m\u00eames contr\u00f4les qualit\u00e9 rigoureux et la m\u00eame pr\u00e9cision technique que nous appliquons \u00e0 nos projets industriels \u00e0 grande \u00e9chelle.<\/p>\n<p>Voici la description technique compl\u00e8te du <strong>Haisic HS-iP15<\/strong>:<\/p>\n<table>\n<thead>\n<tr>\n<th style=\"text-align: left;\">Sp\u00e9cification<\/th>\n<th style=\"text-align: left;\">D\u00e9tails<\/th>\n<\/tr>\n<\/thead>\n<tbody>\n<tr>\n<td style=\"text-align: left;\"><strong>Fabricant<\/strong><\/td>\n<td style=\"text-align: left;\">Shenzhen Haisic Technology Co., Ltd.<\/td>\n<\/tr>\n<tr>\n<td style=\"text-align: left;\"><strong>Nom du produit<\/strong><\/td>\n<td style=\"text-align: left;\">Batterie au lithium-polym\u00e8re<\/td>\n<\/tr>\n<tr>\n<td style=\"text-align: left;\"><strong>Mod\u00e8le compatible<\/strong><\/td>\n<td style=\"text-align: left;\">Apple iPhone 15 (\u00c9dition Standard)<\/td>\n<\/tr>\n<tr>\n<td style=\"text-align: left;\"><strong>Num\u00e9ro de mod\u00e8le Haisic<\/strong><\/td>\n<td style=\"text-align: left;\">HS-iP15<\/td>\n<\/tr>\n<tr>\n<td style=\"text-align: left;\"><strong>Capacit\u00e9 nominale<\/strong><\/td>\n<td style=\"text-align: left;\">3349 mAh<\/td>\n<\/tr>\n<tr>\n<td style=\"text-align: left;\"><strong>\u00c9nergie nominale<\/strong><\/td>\n<td style=\"text-align: left;\">12,981 Wh<\/td>\n<\/tr>\n<tr>\n<td style=\"text-align: left;\"><strong>Tension nominale<\/strong><\/td>\n<td style=\"text-align: left;\">3,876 V<\/td>\n<\/tr>\n<tr>\n<td style=\"text-align: left;\"><strong>Tension limite de charge<\/strong><\/td>\n<td style=\"text-align: left;\">4,48V<\/td>\n<\/tr>\n<tr>\n<td style=\"text-align: left;\"><strong>Norme d'ex\u00e9cution<\/strong><\/td>\n<td style=\"text-align: left;\">GB 31241-2022<\/td>\n<\/tr>\n<tr>\n<td style=\"text-align: left;\"><strong>Type de cellule<\/strong><\/td>\n<td style=\"text-align: left;\">Polym\u00e8re Lithium-ion Premium<\/td>\n<\/tr>\n<\/tbody>\n<\/table>\n<h3>Normes de batterie pour iPhone 15 de sp\u00e9cification OEM<\/h3>\n<p>Nous avons con\u00e7u ce <strong>batterie de remplacement interne pour iPhone 15<\/strong> pour supporter une utilisation quotidienne intensive. Fonctionnant \u00e0 une tension nominale de 3,876 V avec une limite de charge pr\u00e9cise de 4,48 V, cette cellule d'alimentation garantit que votre appareil fonctionne de mani\u00e8re efficace et s\u00fbre. Parce que chaque unit\u00e9 suit strictement la norme d'ex\u00e9cution GB 31241-2022, nous vous garantissons une batterie d'iPhone 15 hautement durable, avec z\u00e9ro cycle, qui correspond parfaitement aux indicateurs de performance d'origine de votre t\u00e9l\u00e9phone.<\/p>\n<h2>Normes de s\u00e9curit\u00e9 sans compromis<\/h2>\n<p>Lorsque vous installez une nouvelle source d'alimentation dans votre appareil quotidien, la s\u00e9curit\u00e9 n'est pas une option. Nous avons con\u00e7u le <strong>batterie iPhone 15 Haisic<\/strong> pour vous offrir une tranquillit\u00e9 d'esprit totale. Tout comme l'ing\u00e9nierie robuste que nous mettons dans nos <a href=\"https:\/\/haisicstorage.com\/fr\/48v-lithium-ion-battery-pack-for-golf-cart\/\">blocs de batteries lithium-ion 48V<\/a>, cette batterie de remplacement s\u00fbre pour iPhone 15 est con\u00e7ue avec des protections strictes et sans compromis pour prot\u00e9ger votre mat\u00e9riel.<\/p>\n<p>Voici exactement comment nous s\u00e9curisons votre appareil :<\/p>\n<ul>\n<li><strong>Batterie de t\u00e9l\u00e9phone certifi\u00e9e GB 31241-2022 :<\/strong> Nous fabriquons et testons rigoureusement chaque unit\u00e9 pour r\u00e9pondre \u00e0 cette norme d'ex\u00e9cution stricte, garantissant une fiabilit\u00e9 de premier ordre d\u00e8s la sortie de la bo\u00eete.<\/li>\n<li><strong>Protection thermique interne :<\/strong> Les capteurs intelligents int\u00e9gr\u00e9s surveillent activement les temp\u00e9ratures du c\u0153ur pour pr\u00e9venir la surchauffe lors d'une utilisation intensive ou de sessions de charge rapide.<\/li>\n<li><strong>Limite de Charge Pr\u00e9cise :<\/strong> Nous avons con\u00e7u la cellule avec une limite de tension de charge stricte de 4,48 V pour prot\u00e9ger contre la surcharge et maximiser la sant\u00e9 \u00e0 long terme de la batterie.<\/li>\n<\/ul>\n<p>Nous soumettons nos batteries \u00e0 des tests rigoureux afin que vous n'ayez jamais \u00e0 vous soucier des baisses de performance ou des risques pour la s\u00e9curit\u00e9.<\/p>\n<h2>Installation &amp; Compatibilit\u00e9<\/h2>\n<h3>Strictement pour l'iPhone 15 Standard<\/h3>\n<p>Notre <strong>batterie iPhone 15 Haisic<\/strong> (Mod\u00e8le : HS-iP15) est con\u00e7u avec pr\u00e9cision exclusivement pour l'iPhone 15 standard. Il sera <strong>pas<\/strong> adapt\u00e9 \u00e0 l'iPhone 15 Pro, Plus ou Pro Max. Veuillez v\u00e9rifier le mod\u00e8le exact de votre appareil avant d'ouvrir votre appareil.<\/p>\n<h3>Contenu de la bo\u00eete<\/h3>\n<p>Lorsque vous prenez ce <strong>kit de remplacement de batterie pour iPhone 15<\/strong>, vous obtenez l'essentiel n\u00e9cessaire pour un \u00e9change propre et s\u00e9curis\u00e9 :<\/p>\n<ul>\n<li><strong>1x Haisic HS-iP15 :<\/strong> Batterie iPhone 15 v\u00e9ritable, \u00e0 cycle z\u00e9ro, d'une capacit\u00e9 r\u00e9elle de 3349mAh.<\/li>\n<li><strong>1x Bande adh\u00e9sive personnalis\u00e9e :<\/strong> Ruban de montage conforme aux sp\u00e9cifications OEM pour maintenir la batterie fermement en place.<\/li>\n<\/ul>\n<h3>Notes d'installation &amp; Conseils professionnels<\/h3>\n<p>Nous construisons ceci <strong>batterie de remplacement interne pour iPhone 15<\/strong> pour des dimensions exactes d'usine pour un ajustement parfait. Cependant, les smartphones modernes sont \u00e9tanches et complexes.<\/p>\n<ul>\n<li><strong>Manipulez avec soin :<\/strong> Ne percez, ne pliez ou n'appliquez pas de pression extr\u00eame sur la cellule en polym\u00e8re lithium-ion lors de l'installation.<\/li>\n<li><strong>Passez au niveau Pro :<\/strong> Si vous n'avez pas d'exp\u00e9rience dans le retrait des joints d'\u00e9cran et la manipulation de c\u00e2bles flexibles d\u00e9licats, nous vous recommandons fortement de faire appel \u00e0 un technicien professionnel pour installer cette batterie de remplacement pour iPhone 15 en toute s\u00e9curit\u00e9. <strong>batterie de remplacement pour iPhone 15 en toute s\u00e9curit\u00e9<\/strong> pour vous.<\/li>\n<li><strong>Fiabilit\u00e9 \u00e9prouv\u00e9e :<\/strong> Tout comme nous concevons des syst\u00e8mes hautement fiables pour <a href=\"https:\/\/haisicstorage.com\/fr\/residential-solar-energy\/\">l'\u00e9nergie solaire r\u00e9sidentielle<\/a>, nous appliquons le m\u00eame contr\u00f4le qualit\u00e9 de qualit\u00e9 industrielle pour garantir que votre smartphone s'allume en toute s\u00e9curit\u00e9 \u00e0 chaque fois.<\/li>\n<\/ul>\n<h2>Foire aux questions (FAQ)<\/h2>\n<h3>Visibilit\u00e9 de l'\u00e9tat de la batterie dans iOS<\/h3>\n<p><strong>Cette batterie affichera-t-elle mon pourcentage de Sant\u00e9 de la Batterie dans les r\u00e9glages iOS ?<\/strong><br \/>\niOS d'Apple restreint la fonction d'\u00e9tat de la batterie pour tous les remplacements de pi\u00e8ces d\u00e9tach\u00e9es. \u00c0 moins qu'un technicien professionnel ne transf\u00e8re votre carte BMS (Battery Management System) d'origine vers la nouvelle unit\u00e9, vos param\u00e8tres peuvent afficher un message \u201c Pi\u00e8ce inconnue \u201d. Cependant, la <strong>batterie iPhone 15 Haisic<\/strong> fonctionnera parfaitement \u00e0 sa pleine capacit\u00e9 et en toute s\u00e9curit\u00e9.<\/p>\n<h3>Prise en charge de MagSafe et de la charge rapide<\/h3>\n<p><strong>Cette batterie est-elle compatible avec MagSafe et la charge rapide ?<\/strong><br \/>\nAbsolument. Notre batterie lithium-ion polym\u00e8re pour iPhone 15 prend enti\u00e8rement en charge vos routines quotidiennes de charge sans fil MagSafe et de charge rapide standard sans aucune perte de performance ou d'efficacit\u00e9.<\/p>\n<h3>Cycles de charge attendus<\/h3>\n<p><strong>Combien de cycles de charge puis-je attendre de la Haisic HS-iP15 ?<\/strong><br \/>\nVous pouvez vous attendre \u00e0 500 \u00e0 800 cycles de charge avant que la capacit\u00e9 ne tombe en dessous de 80 %. En nous appuyant sur nos contr\u00f4les qualit\u00e9 stricts en tant que fabricant de syst\u00e8mes de stockage d'\u00e9nergie pour l'exportation <a href=\"https:\/\/haisicstorage.com\/fr\/export-energy-storage-system-manufacturer\/\">fabricant de syst\u00e8mes de stockage d'\u00e9nergie pour l'exportation<\/a>, nous garantissons une batterie pour iPhone 15, <strong>batterie pour iPhone 15 \u00e0 z\u00e9ro cycle<\/strong> d'une grande fiabilit\u00e9 et con\u00e7ue pour durer.<\/p>\n<h3>Adh\u00e9sif et mat\u00e9riel d'installation<\/h3>\n<p><strong>Cela s'accompagne-t-il de l'adh\u00e9sif n\u00e9cessaire pour la batterie ?<\/strong><br \/>\nOui, nous incluons des bandes adh\u00e9sives sur mesure pour la batterie directement dans votre <strong>kit de remplacement de batterie pour iPhone 15<\/strong>. Cela garantit que votre nouvelle batterie de remplacement pour iPhone 15 \u00e0 haute capacit\u00e9 reste fermement et en toute s\u00e9curit\u00e9 fix\u00e9e \u00e0 l'int\u00e9rieur du bo\u00eetier du t\u00e9l\u00e9phone, exactement comme l'originale.<\/p>\n<h2>Garantie &amp; Support Client pour votre batterie Haisic iPhone 15<\/h2>\n<p>Nous soutenons fermement la qualit\u00e9 du Haisic HS-iP15. Lorsque vous choisissez notre <strong>batterie de remplacement interne pour iPhone 15<\/strong>, vous b\u00e9n\u00e9ficiez d'une garantie solide con\u00e7ue pour assurer votre tranquillit\u00e9 d'esprit. En tant que fabricant de confiance reconnu pour ses solutions d'alimentation fiables, allant jusqu'aux syst\u00e8mes d'\u00e9nergie avanc\u00e9s <a href=\"https:\/\/haisicstorage.com\/fr\/china-energy-storage-system\/\">syst\u00e8mes de stockage d'\u00e9nergie en Chine<\/a>, nous appliquons le m\u00eame contr\u00f4le qualit\u00e9 strict directement \u00e0 votre smartphone.<\/p>\n<h3>P\u00e9riode de garantie standard<\/h3>\n<ul>\n<li><strong>Couverture de 12 mois :<\/strong> Chaque <strong>batterie iPhone 15 Haisic<\/strong> inclut une garantie constructeur compl\u00e8te de 12 mois.<\/li>\n<li><strong>Protection contre les d\u00e9fauts :<\/strong> Nous couvrons enti\u00e8rement tout d\u00e9faut de fabrication inattendu ou toute baisse de capacit\u00e9 pr\u00e9matur\u00e9e en utilisation quotidienne normale.<\/li>\n<li><strong>Garantie de performance :<\/strong> Con\u00e7u pour <strong>restaurer la sant\u00e9 de la batterie de l'iPhone 15<\/strong>, nous garantissons que nos batteries fonctionneront selon leurs sp\u00e9cifications nominales d\u00e8s leur sortie de la bo\u00eete.<\/li>\n<\/ul>\n<h3>Support direct aux consommateurs<\/h3>\n<p>Si vous avez besoin d'aide avec votre <strong>batterie de remplacement pour iPhone 15 en toute s\u00e9curit\u00e9<\/strong>, notre \u00e9quipe de support technique est pr\u00eate \u00e0 intervenir. Nous \u00e9liminons l'interm\u00e9diaire pour que vous obteniez des r\u00e9ponses pr\u00e9cises et directes de la part des personnes qui connaissent le mieux le produit.<\/p>\n<ul>\n<li><strong>Support par email :<\/strong> Contactez directement notre \u00e9quipe de service client \u00e0 support@haisic.com pour une r\u00e9solution rapide ou pour initier une demande de garantie.<\/li>\n<li><strong>D\u00e9lai de r\u00e9ponse rapide :<\/strong> Nous nous engageons \u00e0 r\u00e9pondre \u00e0 toutes les demandes dans un d\u00e9lai de 24 heures ouvrables pour que votre appareil reste aliment\u00e9 et pr\u00eat \u00e0 l'emploi.<\/li>\n<\/ul>\n<h2>Avis sur la batterie Haisic iPhone 15<\/h2>\n<p>Nous construisons la <strong>batterie iPhone 15 Haisic<\/strong> pour durer, et nos clients mondiaux le confirment. Lorsque vous mettez \u00e0 niveau votre appareil avec la Haisic HS-iP15, vous obtenez une puissance fiable v\u00e9rifi\u00e9e par de vrais utilisateurs.<\/p>\n<h3>Retours authentiques de clients v\u00e9rifi\u00e9s<\/h3>\n<p>Ne vous contentez pas de nous croire sur parole. D\u00e9couvrez comment d'autres ont r\u00e9ussi \u00e0 restaurer leurs appareils avec notre batterie de remplacement interne pour iPhone 15 :<\/p>\n<ul>\n<li><strong>Badges d'achat v\u00e9rifi\u00e9 :<\/strong> Recherchez le badge v\u00e9rifi\u00e9. Cela garantit que l'avis provient directement d'un vrai client ayant achet\u00e9 leur batterie iPhone 15 OEM directement via notre plateforme. Pas de faux avis, seulement des exp\u00e9riences honn\u00eates.<\/li>\n<li><strong>Notes globales en \u00e9toiles :<\/strong> Parcourez rapidement notre score global. Les utilisateurs \u00e9valuent r\u00e9guli\u00e8rement cette batterie de remplacement pour iPhone 15 \u00e0 haute capacit\u00e9 tr\u00e8s favorablement pour son ajustement parfait, sa charge fiable et sa stabilit\u00e9 \u00e0 long terme.<\/li>\n<li><strong>Photos t\u00e9l\u00e9charg\u00e9es par les utilisateurs :<\/strong> Parcourez les images de vrais clients. Vous pouvez voir le d\u00e9ballage, la cellule r\u00e9elle, et l'installation r\u00e9ussie de leur batterie de remplacement s\u00e9curis\u00e9e pour iPhone 15.<\/li>\n<\/ul>\n<p>Nous valorisons les retours honn\u00eates et la simplicit\u00e9. Consultez les avis ci-dessous pour voir exactement pourquoi tant d'utilisateurs font confiance \u00e0 cette batterie iPhone 15 \u00e0 cycle z\u00e9ro pour redonner \u00e0 leur smartphone ses performances optimales.<\/p>","protected":false},"excerpt":{"rendered":"<p>Batterie Haisic iPhone 15 3349mAh GB 31241 2022 capacit\u00e9 r\u00e9elle certifi\u00e9e remplacement s\u00fbr et durable<\/p>","protected":false},"featured_media":3816,"template":"","meta":{"site-sidebar-layout":"default","site-content-layout":"","ast-site-content-layout":"default","site-content-style":"default","site-sidebar-style":"default","ast-global-header-display":"","ast-banner-title-visibility":"","ast-main-header-display":"","ast-hfb-above-header-display":"","ast-hfb-below-header-display":"","ast-hfb-mobile-header-display":"","site-post-title":"","ast-breadcrumbs-content":"","ast-featured-img":"","footer-sml-layout":"","ast-disable-related-posts":"","theme-transparent-header-meta":"default","adv-header-id-meta":"","stick-header-meta":"default","header-above-stick-meta":"","header-main-stick-meta":"","header-below-stick-meta":"","astra-migrate-meta-layouts":"set","ast-page-background-enabled":"default","ast-page-background-meta":{"desktop":{"background-color":"var(--ast-global-color-4)","background-image":"","background-repeat":"repeat","background-position":"center center","background-size":"auto","background-attachment":"scroll","background-type":"","background-media":"","overlay-type":"","overlay-color":"","overlay-opacity":"","overlay-gradient":""},"tablet":{"background-color":"","background-image":"","background-repeat":"repeat","background-position":"center center","background-size":"auto","background-attachment":"scroll","background-type":"","background-media":"","overlay-type":"","overlay-color":"","overlay-opacity":"","overlay-gradient":""},"mobile":{"background-color":"","background-image":"","background-repeat":"repeat","background-position":"center center","background-size":"auto","background-attachment":"scroll","background-type":"","background-media":"","overlay-type":"","overlay-color":"","overlay-opacity":"","overlay-gradient":""}},"ast-content-background-meta":{"desktop":{"background-color":"var(--ast-global-color-5)","background-image":"","background-repeat":"repeat","background-position":"center center","background-size":"auto","background-attachment":"scroll","background-type":"","background-media":"","overlay-type":"","overlay-color":"","overlay-opacity":"","overlay-gradient":""},"tablet":{"background-color":"var(--ast-global-color-5)","background-image":"","background-repeat":"repeat","background-position":"center center","background-size":"auto","background-attachment":"scroll","background-type":"","background-media":"","overlay-type":"","overlay-color":"","overlay-opacity":"","overlay-gradient":""},"mobile":{"background-color":"var(--ast-global-color-5)","background-image":"","background-repeat":"repeat","background-position":"center center","background-size":"auto","background-attachment":"scroll","background-type":"","background-media":"","overlay-type":"","overlay-color":"","overlay-opacity":"","overlay-gradient":""}}},"product_brand":[],"product_cat":[59],"product_tag":[],"class_list":{"0":"post-3785","1":"product","2":"type-product","3":"status-publish","4":"has-post-thumbnail","6":"product_cat-iphone-battery-series","7":"desktop-align-left","8":"tablet-align-left","9":"mobile-align-left","10":"ast-product-gallery-layout-horizontal-slider","11":"ast-product-tabs-layout-horizontal","13":"first","14":"instock","15":"shipping-taxable","16":"purchasable","17":"product-type-simple"},"_links":{"self":[{"href":"https:\/\/haisicstorage.com\/fr\/wp-json\/wp\/v2\/product\/3785","targetHints":{"allow":["GET"]}}],"collection":[{"href":"https:\/\/haisicstorage.com\/fr\/wp-json\/wp\/v2\/product"}],"about":[{"href":"https:\/\/haisicstorage.com\/fr\/wp-json\/wp\/v2\/types\/product"}],"version-history":[{"count":0,"href":"https:\/\/haisicstorage.com\/fr\/wp-json\/wp\/v2\/product\/3785\/revisions"}],"wp:featuredmedia":[{"embeddable":true,"href":"https:\/\/haisicstorage.com\/fr\/wp-json\/wp\/v2\/media\/3816"}],"wp:attachment":[{"href":"https:\/\/haisicstorage.com\/fr\/wp-json\/wp\/v2\/media?parent=3785"}],"wp:term":[{"taxonomy":"product_brand","embeddable":true,"href":"https:\/\/haisicstorage.com\/fr\/wp-json\/wp\/v2\/product_brand?post=3785"},{"taxonomy":"product_cat","embeddable":true,"href":"https:\/\/haisicstorage.com\/fr\/wp-json\/wp\/v2\/product_cat?post=3785"},{"taxonomy":"product_tag","embeddable":true,"href":"https:\/\/haisicstorage.com\/fr\/wp-json\/wp\/v2\/product_tag?post=3785"}],"curies":[{"name":"wp","href":"https:\/\/api.w.org\/{rel}","templated":true}]}}