{"id":2869,"date":"2025-12-18T09:51:37","date_gmt":"2025-12-18T09:51:37","guid":{"rendered":"https:\/\/haisicstorage.com\/haisic-2688kwh-high-voltage-lifepo4-home-energy-storage-system\/"},"modified":"2026-02-27T07:19:44","modified_gmt":"2026-02-27T07:19:44","slug":"haisic-2688kwh-high-voltage-lifepo4-home-energy-storage-system","status":"publish","type":"product","link":"https:\/\/haisicstorage.com\/fr\/haisic-2688kwh-high-voltage-lifepo4-home-energy-storage-system\/","title":{"rendered":"Haisic 26.88kWh Syst\u00e8me de stockage d'\u00e9nergie domestique LiFePO4 haute tension"},"content":{"rendered":"<h2>Aper\u00e7u du produit<\/h2>\n<p>Le syst\u00e8me Haisic 26.88kWh Haute Tension LiFePO4 pour stockage d'\u00e9nergie domestique est une solution puissante tout-en-un con\u00e7ue pour une gestion efficace de l'\u00e9nergie r\u00e9sidentielle. Dot\u00e9e de la technologie avanc\u00e9e de batterie LiFePO4 (LFP), cette solution de stockage \u00e0 haute tension offre une s\u00e9curit\u00e9 sup\u00e9rieure et des performances durables avec plus de 6000 cycles de charge. Sa capacit\u00e9 nominale de 26.88kWh et sa plage de puissance de sortie de 20kW \u00e0 30kW en font une solution id\u00e9ale pour le stockage de batterie dans toute la maison, l\u2019\u00e9cr\u00eatage des pics et une alimentation de secours fiable.<\/p>\n<p>Cette solution de stockage d'\u00e9nergie domestique empilable int\u00e8gre un onduleur haute efficacit\u00e9, permettant une compatibilit\u00e9 hybride fluide pour l\u2019int\u00e9gration solaire PV et la sauvegarde du r\u00e9seau. Class\u00e9e IP65 pour une utilisation robuste en int\u00e9rieur et en ext\u00e9rieur, le syst\u00e8me assure une durabilit\u00e9 dans une large plage de temp\u00e9rature de fonctionnement (-25\u00b0C \u00e0 +60\u00b0C) et d\u2019altitude (&lt;3000m). La gestion intelligente de la batterie (BMS) avec ports de communication CAN et RS485 optimise les performances et la s\u00e9curit\u00e9, faisant de la Haisic 26.88kWh LiFePO4 une option de premier choix pour l\u2019ind\u00e9pendance \u00e9nerg\u00e9tique et les \u00e9conomies mondiales.<\/p>\n<h2>Caract\u00e9ristiques cl\u00e9s du syst\u00e8me de stockage d'\u00e9nergie domestique Haisic 26.88kWh Haute Tension LiFePO4<\/h2>\n<p>La batterie LiFePO4 domestique Haisic 26.88kWh offre des fonctionnalit\u00e9s intelligentes con\u00e7ues pour une utilisation facile et des performances \u00e9lev\u00e9es :<\/p>\n<ul>\n<li>\n<h3>Conception empilable et modulaire<\/h3>\n<p>\u00c9largissez facilement votre stockage d'\u00e9nergie en empilant des modules suppl\u00e9mentaires. Parfait pour des besoins \u00e9nerg\u00e9tiques croissants.<\/li>\n<li>\n<h3>Onduleur int\u00e9gr\u00e9 haute efficacit\u00e9<\/h3>\n<p>Onduleur int\u00e9gr\u00e9 supportant une sortie de 20kW \u00e0 30kW, id\u00e9al pour la gestion de l'\u00e9nergie de toute la maison.<\/li>\n<li>\n<h3>Technologie avanc\u00e9e LiFePO4<\/h3>\n<p>Des cellules lithium fer phosphate s\u00fbres et durables offrent une stabilit\u00e9 et des performances sup\u00e9rieures par rapport aux batteries traditionnelles.<\/li>\n<li>\n<h3>Protection class\u00e9e IP65<\/h3>\n<p>Adapt\u00e9e \u00e0 des installations int\u00e9rieures et ext\u00e9rieures, r\u00e9sistante \u00e0 la poussi\u00e8re et \u00e0 l'eau pour un fonctionnement fiable.<\/li>\n<li>\n<h3>Syst\u00e8me de gestion intelligente de la batterie (BMS)<\/h3>\n<p>\u00c9quip\u00e9 de ports de communication CAN et RS485 pour surveillance en temps r\u00e9el et int\u00e9gration transparente avec les syst\u00e8mes \u00e9nerg\u00e9tiques domestiques.<\/li>\n<li>\n<h3>Compatibilit\u00e9 hybride<\/h3>\n<p>Fonctionne en douceur avec les syst\u00e8mes PV solaires et les configurations de sauvegarde r\u00e9seau, permettant une utilisation hors r\u00e9seau ou hybride.<\/li>\n<\/ul>\n<p>Cet onduleur-batterie hybride tout-en-un simplifie l'installation et maximise les \u00e9conomies d'\u00e9nergie. Pour les options d'inverseur compatibles, consultez le <a href=\"https:\/\/haisicstorage.com\/fr\/haisic-10kw-ip65-hybrid-solar-inverter-single-phase-mppt-controller-125v500v-pv-input-220260v-ac-output\/\">Onduleur hybride solaire Haisic 10kW IP65<\/a> qui s'accorde parfaitement avec cette solution de stockage d'\u00e9nergie domestique empilable.<\/p>\n<h2>Sp\u00e9cifications techniques du syst\u00e8me de stockage d'\u00e9nergie domestique LiFePO4 haute tension Haisic 26,88 kWh<\/h2>\n<p>Voici une r\u00e9partition claire des principaux specs pour le <strong>Haisic 26,88 kWh LiFePO4 batterie domestique<\/strong>, con\u00e7u pour offrir des performances \u00e9lev\u00e9es et une fiabilit\u00e9 dans le stockage d'\u00e9nergie r\u00e9sidentiel :<\/p>\n<table>\n<thead>\n<tr>\n<th>Sp\u00e9cification<\/th>\n<th>D\u00e9tails<\/th>\n<\/tr>\n<\/thead>\n<tbody>\n<tr>\n<td><strong>Capacit\u00e9 nominale<\/strong><\/td>\n<td>26,88 kWh<\/td>\n<\/tr>\n<tr>\n<td><strong>Capacit\u00e9 de la batterie<\/strong><\/td>\n<td>105 Ah<\/td>\n<\/tr>\n<tr>\n<td><strong>Tension du syst\u00e8me<\/strong><\/td>\n<td>224\u2013292 V (Haute tension)<\/td>\n<\/tr>\n<tr>\n<td><strong>Type de Batterie<\/strong><\/td>\n<td>LiFePO4 (LFP)<\/td>\n<\/tr>\n<tr>\n<td><strong>Plage de puissance de sortie<\/strong><\/td>\n<td>20 kW \u2013 30 kW<\/td>\n<\/tr>\n<tr>\n<td><strong>Dur\u00e9e de vie en cycle<\/strong><\/td>\n<td>plus de 6000 cycles<\/td>\n<\/tr>\n<tr>\n<td><strong>Classe de Protection<\/strong><\/td>\n<td>IP65 (Convient pour une utilisation en int\u00e9rieur\/ext\u00e9rieur)<\/td>\n<\/tr>\n<tr>\n<td><strong>Ports de communication<\/strong><\/td>\n<td>CAN, RS485<\/td>\n<\/tr>\n<tr>\n<td><strong>Temp\u00e9rature de fonctionnement<\/strong><\/td>\n<td>-25\u00b0C \u00e0 +60\u00b0C (d\u00e9rating au-del\u00e0 de 45\u00b0C)<\/td>\n<\/tr>\n<tr>\n<td><strong>Altitude de fonctionnement<\/strong><\/td>\n<td>En dessous de 3000 m\u00e8tres<\/td>\n<\/tr>\n<tr>\n<td><strong>R\u00e9f\u00e9rence du mod\u00e8le<\/strong><\/td>\n<td>Similaire \u00e0 Batterie 21 kWh + Inverseur s\u00e9rie HS10kW-T (\u00e9volutive)<\/td>\n<\/tr>\n<\/tbody>\n<\/table>\n<p>Cela <strong>bloc batterie LiFePO4 haute tension<\/strong> combine une longue dur\u00e9e de vie avec une robustesse IP65, le rendant \u00e0 la fois durable et adaptable \u00e0 divers environnements. Ses options de communication via CAN et RS485 facilitent l\u2019int\u00e9gration avec les syst\u00e8mes de gestion de l\u2019\u00e9nergie domestique.<\/p>\n<p>Pour ceux qui s'int\u00e9ressent \u00e0 une installation plus grande, consultez le <a href=\"https:\/\/haisicstorage.com\/fr\/haisic-128v-lifepo4-battery-pack-280ah-358kwh-6000-cycle-life\/\">bloc batterie LiFePO4 128V avec une capacit\u00e9 de 280Ah et une dur\u00e9e de vie de 6000 cycles<\/a> pour des syst\u00e8mes commerciaux ou r\u00e9sidentiels plus importants.<\/p>\n<h2>Avantages et bienfaits du syst\u00e8me de stockage d'\u00e9nergie domestique LiFePO4 haute tension Haisic 26,88 kWh<\/h2>\n<p>Le pack de batteries domestiques LiFePO4 Haisic 26,88 kWh offre des avantages clairs qui en font un choix intelligent pour le stockage d'\u00e9nergie r\u00e9sidentiel. Voici ce que vous obtenez :<\/p>\n<table>\n<thead>\n<tr>\n<th>Avantage<\/th>\n<th>D\u00e9tails<\/th>\n<\/tr>\n<\/thead>\n<tbody>\n<tr>\n<td><strong>Ind\u00e9pendance \u00c9nerg\u00e9tique<\/strong><\/td>\n<td>Un alimentation de secours fiable qui fait fonctionner votre maison lors des coupures.<\/td>\n<\/tr>\n<tr>\n<td><strong>Co\u00fbts d'\u00e9lectricit\u00e9 r\u00e9duits<\/strong><\/td>\n<td>La r\u00e9duction des pics de consommation et l\u2019optimisation solaire r\u00e9duisent vos factures d\u2019\u00e9lectricit\u00e9 de mani\u00e8re significative.<\/td>\n<\/tr>\n<tr>\n<td><strong>S\u00e9curit\u00e9 renforc\u00e9e<\/strong><\/td>\n<td>Une chimie LiFePO4 non inflammable est l\u2019un des types de batteries les plus s\u00fbrs disponibles.<\/td>\n<\/tr>\n<tr>\n<td><strong>Durabilit\u00e9 \u00e0 long terme<\/strong><\/td>\n<td>Plus de 6000 cycles offrent des ann\u00e9es de performance stable avec un entretien minimal.<\/td>\n<\/tr>\n<tr>\n<td><strong>Installation flexible<\/strong><\/td>\n<td>Conception modulaire et empilable adapt\u00e9e \u00e0 diff\u00e9rentes tailles et agencements domestiques.<\/td>\n<\/tr>\n<\/tbody>\n<\/table>\n<p>Cette centrale \u00e9lectrique domestique ESS de grande capacit\u00e9 offre fiabilit\u00e9 et \u00e9conomies gr\u00e2ce \u00e0 sa technologie avanc\u00e9e de remplacement LiFePO4 powerwall, ce qui en fait une option id\u00e9ale pour les propri\u00e9taires cherchant libert\u00e9 \u00e9nerg\u00e9tique et s\u00e9curit\u00e9. Si vous souhaitez maximiser l\u2019utilisation du solaire et prolonger la dur\u00e9e de vie de la batterie, consultez notre guide d\u00e9taill\u00e9 sur <a href=\"https:\/\/haisicstorage.com\/fr\/cost-of-solar-battery-storage\/\">des solutions de stockage d'\u00e9nergie solaire \u00e9conomiques<\/a>.<\/p>\n<h2>Applications du syst\u00e8me de stockage d'\u00e9nergie domestique LiFePO4 haute tension Haisic 26,88 kWh<\/h2>\n<p>La batterie domestique LiFePO4 Haisic 26,88 kWh est con\u00e7ue pour une utilisation polyvalente dans le stockage d'\u00e9nergie r\u00e9sidentiel. Elle est id\u00e9ale pour alimenter les appareils domestiques et offrir une sauvegarde compl\u00e8te en cas de coupures, assurant le bon fonctionnement de vos appareils essentiels.<\/p>\n<p>Cette centrale domestique \u00e0 haute capacit\u00e9 s\u2019int\u00e8gre \u00e9galement parfaitement avec les syst\u00e8mes PV solaires, soutenant \u00e0 la fois les configurations hors r\u00e9seau et hybrides. Que vous visiez l\u2019ind\u00e9pendance \u00e9nerg\u00e9tique ou la maximisation de l\u2019usage de l\u2019\u00e9nergie solaire, ce syst\u00e8me de stockage empilable s\u2019adapte \u00e0 vos besoins.<\/p>\n<p>Pour les propri\u00e9taires vivant dans des r\u00e9gions o\u00f9 le r\u00e9seau est instable ou o\u00f9 les interruptions d\u2019alimentation sont fr\u00e9quentes, le syst\u00e8me offre une sauvegarde fiable et puissante. Sa chimie LiFePO4 avanc\u00e9e et sa compatibilit\u00e9 hybride en font une solution parfaite pour des charges r\u00e9sidentielles lourdes et continues, apportant tranquillit\u00e9 d\u2019esprit et \u00e9conomies.<\/p>\n<p>Pour des installations hybrides solaires am\u00e9lior\u00e9es, en le associant \u00e0 <a href=\"https:\/\/haisicstorage.com\/fr\/10kw-off-grid-solar-power-system\/\">Le syst\u00e8me d\u2019\u00e9nergie solaire hors r\u00e9seau Haisic de 10 kW<\/a> ou le <a href=\"https:\/\/haisicstorage.com\/fr\/haisic-36kva-hybrid-solar-inverter\/\">Inverter hybride solaire Haisic 36kVA<\/a> assure une solution \u00e9nerg\u00e9tique robuste et \u00e9volutive adapt\u00e9e \u00e0 des environnements domestiques exigeants.<\/p>\n<h2>Installation et compatibilit\u00e9<\/h2>\n<p>Le syst\u00e8me de stockage d'\u00e9nergie domestique LiFePO4 haute tension Haisic 26,88 kWh est con\u00e7u pour une installation sans tracas. Sa conception modulaire et empilable permet d\u2019\u00e9tendre facilement la capacit\u00e9 gr\u00e2ce \u00e0 des \u00e9l\u00e9ments plug-and-play, rendant l\u2019installation simple pour des besoins \u00e9nerg\u00e9tiques croissants. Il est compatible avec la plupart des onduleurs et panneaux solaires majeurs, garantissant une int\u00e9gration fluide que vous l\u2019ajoutiez \u00e0 un syst\u00e8me solaire existant ou que vous construisiez un nouveau syst\u00e8me hybride.<\/p>\n<p>Pour des performances et une s\u00e9curit\u00e9 optimales, l\u2019installation professionnelle est recommand\u00e9e. Cela contribue \u00e0 assurer une configuration syst\u00e8me correcte et la conformit\u00e9 avec les r\u00e9glementations locales. Si vous recherchez des options plus compatibles, consultez notre gamme de <a href=\"https:\/\/haisicstorage.com\/fr\/haisic-6kw8kw10kw12kw-hybrid-solar-inverter-ip65-ongrid-offgrid\/\">inverters solaires hybrides avec protection IP65<\/a> pour s\u2019adapter parfaitement \u00e0 votre syst\u00e8me de stockage d\u2019\u00e9nergie domestique \u00e0 haute tension Haisic.<\/p>\n<h2>Garantie et assistance<\/h2>\n<p>Le syst\u00e8me de stockage d\u2019\u00e9nergie domestique LiFePO4 haute tension de 26,88 kWh Haisic est livr\u00e9 avec un <strong>garantie de 5 ans<\/strong>, vous apportant la tranquillit\u00e9 d\u2019esprit quant \u00e0 votre investissement. Le support est assur\u00e9 directement par le fabricant bas\u00e9 dans le Guangdong, en Chine, garantissant une assistance experte et des d\u00e9lais de r\u00e9ponse rapides. Que vous ayez besoin d\u2019aide pour l\u2019installation, la maintenance ou le d\u00e9pannage, Haisic offre un service fiable soutenu par des ann\u00e9es d\u2019exp\u00e9rience.<\/p>\n<p>De plus, des options OEM et ODM sont disponibles, ce qui facilite la personnalisation du syst\u00e8me si vous avez des exigences sp\u00e9cifiques pour votre projet. Ce niveau de soutien et de flexibilit\u00e9 fait du syst\u00e8me de stockage de batterie haute tension Haisic un choix fiable pour vos besoins \u00e9nerg\u00e9tiques r\u00e9sidentiels ou commerciaux.<\/p>\n<p>Pour plus de d\u00e9tails sur la mani\u00e8re dont cette garantie compl\u00e8te votre configuration de batterie domestique, consultez les <a href=\"https:\/\/haisicstorage.com\/fr\/battery-storage-for-home\/\">de stockage par batterie pour la maison<\/a> solutions propos\u00e9es par Haisic.<\/p>\n<h2>Pourquoi choisir Haisic pour votre stockage d\u2019\u00e9nergie domestique<\/h2>\n<p>Haisic se distingue comme un nom de confiance dans le <strong>la batterie de stockage d'\u00e9nergie<\/strong> secteur avec plus de <strong>12 ans d\u2019exp\u00e9rience<\/strong>. Leur objectif a toujours \u00e9t\u00e9 de livrer <strong>des solutions LiFePO4 de haute qualit\u00e9<\/strong> adapt\u00e9es aussi bien aux besoins r\u00e9sidentiels que commerciaux. Voici pourquoi Haisic est un choix intelligent pour votre <strong>syst\u00e8me de stockage d\u2019\u00e9nergie domestique LiFePO4 haute tension de 26,88 kWh<\/strong>:<\/p>\n<table>\n<thead>\n<tr>\n<th>Avantage<\/th>\n<th>D\u00e9tails<\/th>\n<\/tr>\n<\/thead>\n<tbody>\n<tr>\n<td><strong>Expertise \u00e9prouv\u00e9e<\/strong><\/td>\n<td>plus de 12 ann\u00e9es d\u00e9di\u00e9es \u00e0 la technologie de stockage d\u2019\u00e9nergie avanc\u00e9e<\/td>\n<\/tr>\n<tr>\n<td><strong>Accent sur la qualit\u00e9<\/strong><\/td>\n<td>Utilise des cellules LiFePO4 de premier choix assurant s\u00e9curit\u00e9 et long\u00e9vit\u00e9<\/td>\n<\/tr>\n<tr>\n<td><strong>Innovation guid\u00e9e<\/strong><\/td>\n<td>Am\u00e9liorer continuellement l'efficacit\u00e9 et la fiabilit\u00e9<\/td>\n<\/tr>\n<tr>\n<td><strong>Soutien fiable<\/strong><\/td>\n<td>Support direct du fabricant depuis Guangdong, Chine<\/td>\n<\/tr>\n<tr>\n<td><strong>Solutions \u00e9volutives<\/strong><\/td>\n<td>Propose des syst\u00e8mes empilables et modulaires r\u00e9pondant \u00e0 divers besoins<\/td>\n<\/tr>\n<\/tbody>\n<\/table>\n<p>En choisissant Haisic, vous obtenez un solide <strong>grande capacit\u00e9 ESS domestique<\/strong> soutenu par une entreprise engag\u00e9e envers <strong>l'innovation<\/strong> et <strong>la performance \u00e0 long terme<\/strong>. Cet engagement assure que votre installation \u00e9nerg\u00e9tique domestique reste efficace et s\u00fbre, que vous soyez hors r\u00e9seau, hybride ou reli\u00e9 au r\u00e9seau.<\/p>\n<p>Pour des besoins \u00e0 plus grande \u00e9chelle, Haisic propose \u00e9galement des solutions puissantes comme les <a href=\"https:\/\/haisicstorage.com\/fr\/haisic-200kw-industrial-commercial-energy-storage-battery-430kwh-solar-storage-system\/\">batterie de stockage d'\u00e9nergie industrielle et commerciale de 200 kW<\/a> qui peut compl\u00e9ter des configurations r\u00e9sidentielles ou des projets haut de gamme sans transitions.<\/p>\n<h2>FAQ : Capacit\u00e9, Chargement, Compatibilit\u00e9 et Maintenance<\/h2>\n<h3>Puis-je augmenter la capacit\u00e9 du syst\u00e8me de stockage d'\u00e9nergie domestique LiFePO4 haute tension 26,88 kWh de Haisic ?<\/h3>\n<p>Oui, ce syst\u00e8me est con\u00e7u avec une configuration empilable et modulaire. Vous pouvez facilement ajouter d'autres modules de batterie pour augmenter la capacit\u00e9 totale, en faisant un syst\u00e8me d'\u00e9nergie LiFePO4 \u00e9volutif, id\u00e9al pour des besoins \u00e9nerg\u00e9tiques croissants.<\/p>\n<h3>Combien de temps faut-il pour charger compl\u00e8tement la batterie ?<\/h3>\n<p>Le temps de charge d\u00e9pend de votre apport solaire ou de l'alimentation du r\u00e9seau et de la puissance de l'onduleur (gamme 20-30 kW). Dans des conditions optimales, la batterie peut se charger compl\u00e8tement en quelques heures, surtout lorsqu'elle est associ\u00e9e \u00e0 des syst\u00e8mes photovolta\u00efques pour un stockage \u00e9nerg\u00e9tique hors r\u00e9seau ou hybride efficace.<\/p>\n<h3>Le syst\u00e8me est-il compatible avec diff\u00e9rents onduleurs solaires et configurations domestiques ?<\/h3>\n<p>Absolument. La batterie domestique LiFePO4 de 26,88 kWh de Haisic prend en charge les configurations hybrides et fonctionne sans probl\u00e8me avec la plupart des principaux onduleurs et panneaux solaires. Il dispose de ports de communication CAN et RS485 pour une int\u00e9gration et une surveillance du syst\u00e8me fluides.<\/p>\n<h3>Quel type d'entretien est n\u00e9cessaire pour ce pack de batteries LiFePO4 haute tension ?<\/h3>\n<p>L'entretien est minimal gr\u00e2ce au syst\u00e8me de gestion de batterie intelligent (BMS) qui prot\u00e8ge contre la surcharge, la d\u00e9charge et les probl\u00e8mes de temp\u00e9rature. Des inspections visuelles r\u00e9guli\u00e8res et le maintien de la propret\u00e9 du syst\u00e8me aideront \u00e0 assurer sa fiabilit\u00e9 \u00e0 long terme.<\/p>\n<h3>Le syst\u00e8me peut-il fonctionner dans des conditions m\u00e9t\u00e9orologiques difficiles ou en ext\u00e9rieur ?<\/h3>\n<p>Oui, avec une classification IP65, le syst\u00e8me est bien prot\u00e9g\u00e9 contre la poussi\u00e8re et l'eau, ce qui le rend adapt\u00e9 \u00e0 une installation en int\u00e9rieur ou en ext\u00e9rieur, m\u00eame dans des climats difficiles.<\/p>\n<p>Pour ceux qui souhaitent plus d'options ou des produits connexes, consultez d'autres <a href=\"https:\/\/haisicstorage.com\/fr\/produit\/\">piles LiFePO4 et syst\u00e8mes de stockage d'\u00e9nergie<\/a> offertes par Haisic.<\/p>\n<h2>Produits et accessoires connexes<\/h2>\n<p>Pour ceux qui cherchent \u00e0 adapter leur syst\u00e8me de stockage d'\u00e9nergie, Haisic propose une gamme de produits et d\u2019accessoires associ\u00e9s. Vous pouvez trouver <strong>une batterie LiFePO4 domestique de capacit\u00e9 inf\u00e9rieure<\/strong> options pour des besoins \u00e9nerg\u00e9tiques plus petits ou des modules suppl\u00e9mentaires qui \u00e9tendent sans effort votre syst\u00e8me domestique LiFePO4 de 26,88 kWh existant. De plus, des onduleurs compl\u00e9mentaires tels que la s\u00e9rie d'onduleurs hybrides tout-en-un offrent une int\u00e9gration transparente pour les configurations solaires et de secours au r\u00e9seau.<\/p>\n<p>D\u00e9couvrez le <a href=\"https:\/\/haisicstorage.com\/fr\/10kwh-wall-mounted-home-energy-storage\/\">solution de stockage d\u2019\u00e9nergie domestique murale de 10 kWh<\/a> pour une solution compacte et \u00e9volutive ou explorez le <a href=\"https:\/\/haisicstorage.com\/fr\/51-2v-100ah-powerwall-energy-storage\/\">stockage d'\u00e9nergie Powerwall 51,2V 100Ah<\/a> comme alternative pour des applications r\u00e9sidentielles sp\u00e9cifiques. Ces options facilitent la personnalisation de votre stockage d'\u00e9nergie domestique empilable afin de r\u00e9pondre aux besoins \u00e9nerg\u00e9tiques uniques de votre foyer tout en garantissant la s\u00e9curit\u00e9 et la fiabilit\u00e9 des packs LiFePO4 haute tension.<\/p>\n<p>Avec une taille flexible et une modularit\u00e9 intelligente, l\u2019expansion ou la mise \u00e0 niveau de votre syst\u00e8me Haisic est simple et p\u00e9renne.<\/p>","protected":false},"excerpt":{"rendered":"<p>Haisic 26.88kWh syst\u00e8me de stockage d'\u00e9nergie domestique LiFePO4 haute tension avec onduleur int\u00e9gr\u00e9 offre une sauvegarde solaire s\u00fbre et \u00e9volutive et une dur\u00e9e de vie de 6000 cycles.<\/p>","protected":false},"featured_media":3491,"template":"","meta":{"site-sidebar-layout":"default","site-content-layout":"","ast-site-content-layout":"default","site-content-style":"default","site-sidebar-style":"default","ast-global-header-display":"","ast-banner-title-visibility":"","ast-main-header-display":"","ast-hfb-above-header-display":"","ast-hfb-below-header-display":"","ast-hfb-mobile-header-display":"","site-post-title":"","ast-breadcrumbs-content":"","ast-featured-img":"","footer-sml-layout":"","ast-disable-related-posts":"","theme-transparent-header-meta":"default","adv-header-id-meta":"","stick-header-meta":"default","header-above-stick-meta":"","header-main-stick-meta":"","header-below-stick-meta":"","astra-migrate-meta-layouts":"set","ast-page-background-enabled":"default","ast-page-background-meta":{"desktop":{"background-color":"var(--ast-global-color-4)","background-image":"","background-repeat":"repeat","background-position":"center center","background-size":"auto","background-attachment":"scroll","background-type":"","background-media":"","overlay-type":"","overlay-color":"","overlay-opacity":"","overlay-gradient":""},"tablet":{"background-color":"","background-image":"","background-repeat":"repeat","background-position":"center center","background-size":"auto","background-attachment":"scroll","background-type":"","background-media":"","overlay-type":"","overlay-color":"","overlay-opacity":"","overlay-gradient":""},"mobile":{"background-color":"","background-image":"","background-repeat":"repeat","background-position":"center center","background-size":"auto","background-attachment":"scroll","background-type":"","background-media":"","overlay-type":"","overlay-color":"","overlay-opacity":"","overlay-gradient":""}},"ast-content-background-meta":{"desktop":{"background-color":"var(--ast-global-color-5)","background-image":"","background-repeat":"repeat","background-position":"center center","background-size":"auto","background-attachment":"scroll","background-type":"","background-media":"","overlay-type":"","overlay-color":"","overlay-opacity":"","overlay-gradient":""},"tablet":{"background-color":"var(--ast-global-color-5)","background-image":"","background-repeat":"repeat","background-position":"center center","background-size":"auto","background-attachment":"scroll","background-type":"","background-media":"","overlay-type":"","overlay-color":"","overlay-opacity":"","overlay-gradient":""},"mobile":{"background-color":"var(--ast-global-color-5)","background-image":"","background-repeat":"repeat","background-position":"center center","background-size":"auto","background-attachment":"scroll","background-type":"","background-media":"","overlay-type":"","overlay-color":"","overlay-opacity":"","overlay-gradient":""}}},"product_brand":[],"product_cat":[55,45,47],"product_tag":[],"class_list":{"0":"post-2869","1":"product","2":"type-product","3":"status-publish","4":"has-post-thumbnail","6":"product_cat-high-voltage-ess","7":"product_cat-rack-mounted-ess","8":"product_cat-residetial-ess","9":"desktop-align-left","10":"tablet-align-left","11":"mobile-align-left","12":"ast-product-gallery-layout-horizontal-slider","13":"ast-product-tabs-layout-horizontal","15":"first","16":"instock","17":"shipping-taxable","18":"purchasable","19":"product-type-simple"},"_links":{"self":[{"href":"https:\/\/haisicstorage.com\/fr\/wp-json\/wp\/v2\/product\/2869","targetHints":{"allow":["GET"]}}],"collection":[{"href":"https:\/\/haisicstorage.com\/fr\/wp-json\/wp\/v2\/product"}],"about":[{"href":"https:\/\/haisicstorage.com\/fr\/wp-json\/wp\/v2\/types\/product"}],"version-history":[{"count":1,"href":"https:\/\/haisicstorage.com\/fr\/wp-json\/wp\/v2\/product\/2869\/revisions"}],"predecessor-version":[{"id":2871,"href":"https:\/\/haisicstorage.com\/fr\/wp-json\/wp\/v2\/product\/2869\/revisions\/2871"}],"wp:featuredmedia":[{"embeddable":true,"href":"https:\/\/haisicstorage.com\/fr\/wp-json\/wp\/v2\/media\/3491"}],"wp:attachment":[{"href":"https:\/\/haisicstorage.com\/fr\/wp-json\/wp\/v2\/media?parent=2869"}],"wp:term":[{"taxonomy":"product_brand","embeddable":true,"href":"https:\/\/haisicstorage.com\/fr\/wp-json\/wp\/v2\/product_brand?post=2869"},{"taxonomy":"product_cat","embeddable":true,"href":"https:\/\/haisicstorage.com\/fr\/wp-json\/wp\/v2\/product_cat?post=2869"},{"taxonomy":"product_tag","embeddable":true,"href":"https:\/\/haisicstorage.com\/fr\/wp-json\/wp\/v2\/product_tag?post=2869"}],"curies":[{"name":"wp","href":"https:\/\/api.w.org\/{rel}","templated":true}]}}