{"id":2687,"date":"2025-12-14T09:38:07","date_gmt":"2025-12-14T09:38:07","guid":{"rendered":"https:\/\/haisicstorage.com\/haisic-200kw-industrial-commercial-energy-storage-battery-430kwh-solar-storage-system\/"},"modified":"2026-02-27T06:47:34","modified_gmt":"2026-02-27T06:47:34","slug":"haisic-200kw-industrial-commercial-energy-storage-battery-430kwh-solar-storage-system","status":"publish","type":"product","link":"https:\/\/haisicstorage.com\/fr\/haisic-200kw-industrial-commercial-energy-storage-battery-430kwh-solar-storage-system\/","title":{"rendered":"Haisic 200kW 430kWh Syst\u00e8me de stockage d'\u00e9nergie industriel et commercial LiFePO4"},"content":{"rendered":"<h2>Aper\u00e7u du produit<\/h2>\n<p>Le syst\u00e8me Haisic 200kW de stockage d'\u00e9nergie industriel et commercial est une solution robuste et performante LiFePO4 (Lithium Fer Phosphate) con\u00e7ue pour le stockage d'\u00e9nergie solaire commercial et industriel. Con\u00e7u pour fournir une capacit\u00e9 \u00e9volutive jusqu'\u00e0 430kWh, ce syst\u00e8me s'int\u00e8gre parfaitement aux installations photovolta\u00efques (PV) pour optimiser l'utilisation de l'\u00e9nergie. Priorisant la s\u00e9curit\u00e9 et la fiabilit\u00e9, il comporte des technologies avanc\u00e9es de gestion des batteries et de refroidissement, en faisant un choix id\u00e9al pour les entreprises recherchant un stockage d'\u00e9nergie efficace et durable. Qu'il soit d\u00e9ploy\u00e9 en configurations on-grid, off-grid ou hybrides, le syst\u00e8me Haisic soutient une gestion flexible et fiable de l'\u00e9nergie pour des applications diverses.<\/p>\n<h2>Principaux avantages de la batterie de stockage d'\u00e9nergie industrielle et commerciale Haisic 200kW<\/h2>\n<p>Le syst\u00e8me de stockage solaire Haisic 200kW 430kWh offre des avantages clairs pour les utilisateurs commerciaux et industriels cherchant \u00e0 optimiser l'utilisation et la fiabilit\u00e9 de l'\u00e9nergie :<\/p>\n<ul>\n<li><strong>\u00c9conomies<\/strong>\n<ul>\n<li>Le Peak shaving r\u00e9duit les charges li\u00e9es \u00e0 la demande en diminuant l'utilisation d'\u00e9nergie pendant les heures de pointe<\/li>\n<li>L'optimisation en fonction du tarif horaire permet de charger pendant les p\u00e9riodes \u00e0 faible tarif et de d\u00e9charger lorsque l'\u00e9lectricit\u00e9 est co\u00fbteuse<\/li>\n<\/ul>\n<\/li>\n<li><strong>Ind\u00e9pendance \u00c9nerg\u00e9tique<\/strong>\n<ul>\n<li>Prend en charge des configurations hybride, on-grid et off-grid pour r\u00e9pondre aux besoins de votre site<\/li>\n<li>R\u00e9duit la d\u00e9pendance au r\u00e9seau, augmentant l'autoconsommation de l'\u00e9nergie solaire<\/li>\n<\/ul>\n<\/li>\n<li><strong>Alimentation de secours fiable<\/strong>\n<ul>\n<li>Fournit une alimentation stable lors des coupures<\/li>\n<li>Soutient les charges critiques sans interruption<\/li>\n<\/ul>\n<\/li>\n<li><strong>Durabilit\u00e9 et faible maintenance<\/strong>\n<ul>\n<li>Longue dur\u00e9e de vie gr\u00e2ce \u00e0 la robustesse de la chimie LiFePO4<\/li>\n<li>Les exigences d'entretien minimales r\u00e9duisent les co\u00fbts d'exploitation<\/li>\n<\/ul>\n<\/li>\n<\/ul>\n<table>\n<thead>\n<tr>\n<th>Avantage<\/th>\n<th>Description<\/th>\n<\/tr>\n<\/thead>\n<tbody>\n<tr>\n<td>D\u00e9p\u00f4t de pointe<\/td>\n<td>R\u00e9duire les co\u00fbts de demande de pointe dans des environnements commerciaux ou industriels<\/td>\n<\/tr>\n<tr>\n<td>Optimisation du tarif temporel<\/td>\n<td>Se charger lorsque l'\u00e9lectricit\u00e9 est moins ch\u00e8re, se d\u00e9charger lorsque c'est co\u00fbteux<\/td>\n<\/tr>\n<tr>\n<td>Hybride &amp; hors r\u00e9seau \/ en r\u00e9seau<\/td>\n<td>Options de d\u00e9ploiement flexibles en fonction des besoins \u00e9nerg\u00e9tiques<\/td>\n<\/tr>\n<tr>\n<td>Alimentation de secours<\/td>\n<td>R\u00e9cup\u00e9ration d'\u00e9nergie fiable pour les op\u00e9rations critiques<\/td>\n<\/tr>\n<tr>\n<td>Durabilit\u00e9 \u00e0 long terme<\/td>\n<td>Performance durable avec faible maintenance<\/td>\n<\/tr>\n<\/tbody>\n<\/table>\n<p>Ce syst\u00e8me hybride de stockage d'\u00e9nergie est con\u00e7u pour offrir de la valeur dans divers secteurs commerciaux, aider \u00e0 r\u00e9duire les co\u00fbts et am\u00e9liorer la s\u00e9curit\u00e9 \u00e9nerg\u00e9tique sans effort. Pour une option \u00e0 plus petite \u00e9chelle, consultez notre <a href=\"https:\/\/haisicstorage.com\/fr\/10kw-off-grid-solar-power-system\/\">syst\u00e8mes solaires hors r\u00e9seau de 10 kW<\/a> qui propose des solutions de stockage d'\u00e9nergie flexibles.<\/p>\n<h2>Caract\u00e9ristiques principales du Haisic 200kW Industrial &amp; Commercial Energy Storage Battery<\/h2>\n<p>Le syst\u00e8me Haisic HS-ESS200kW430kWh est dot\u00e9 de fonctionnalit\u00e9s intelligentes con\u00e7ues pour une utilisation fiable et flexible dans le stockage solaire commercial et industriel.<\/p>\n<p><strong>Caract\u00e9ristiques principales :<\/strong><\/p>\n<table>\n<thead>\n<tr>\n<th>Caract\u00e9ristique<\/th>\n<th>D\u00e9tails<\/th>\n<\/tr>\n<\/thead>\n<tbody>\n<tr>\n<td><strong>Refroidissement liquide avanc\u00e9<\/strong><\/td>\n<td>Garantit que la batterie reste \u00e0 une temp\u00e9rature optimale pour des performances maximales et une dur\u00e9e de vie plus longue<\/td>\n<\/tr>\n<tr>\n<td><strong>Protection IP54<\/strong><\/td>\n<td>Calcul\u00e9 pour la poussi\u00e8re et les \u00e9claboussures d'eau, adapt\u00e9 \u00e0 une installation en ext\u00e9rieur ou en int\u00e9rieur<\/td>\n<\/tr>\n<tr>\n<td><strong>BMS &amp; EMS intelligents<\/strong><\/td>\n<td>Le Battery Management System (BMS) et le Energy Management System (EMS) fournissent une surveillance et un contr\u00f4le en temps r\u00e9el pour maximiser l'efficacit\u00e9 et la s\u00e9curit\u00e9<\/td>\n<\/tr>\n<tr>\n<td><strong>Conception modulaire<\/strong><\/td>\n<td>Se compose de 1 syst\u00e8me de conversion d'\u00e9nergie (PCS) et de 2 armoires de batteries pour une \u00e9volutivit\u00e9 et une maintenance facilit\u00e9es<\/td>\n<\/tr>\n<\/tbody>\n<\/table>\n<p>Cette configuration intelligente facilite la gestion de votre stockage d'\u00e9nergie commercial, que ce soit pour l'appoint de pointe, la sauvegarde ou l'utilisation hybride solaire. Le BESS \u00e0 refroidissement liquide et la classification IP54 le rendent robuste dans divers environnements, aidant \u00e0 maintenir la fiabilit\u00e9 et la s\u00e9curit\u00e9.<\/p>\n<p>Pour plus de d\u00e9tails sur la gestion du stockage des batteries et ses avantages, consultez notre guide sur <a href=\"https:\/\/haisicstorage.com\/fr\/battery-storage-do-i-need\/\">syst\u00e8mes de stockage par batterie<\/a>.<\/p>\n<h2>Sp\u00e9cifications techniques<\/h2>\n<table>\n<thead>\n<tr>\n<th>Sp\u00e9cification<\/th>\n<th>D\u00e9tails<\/th>\n<\/tr>\n<\/thead>\n<tbody>\n<tr>\n<td><strong>Type de Batterie<\/strong><\/td>\n<td>LiFePO4 (phosphate de fer lithium)<\/td>\n<\/tr>\n<tr>\n<td><strong>Num\u00e9ro de mod\u00e8le<\/strong><\/td>\n<td>HS-ESS200kW430kWh<\/td>\n<\/tr>\n<tr>\n<td><strong>Puissance syst\u00e8me<\/strong><\/td>\n<td>200 kW (d\u00e9charge sur 2 heures)<\/td>\n<\/tr>\n<tr>\n<td><strong>Capacit\u00e9 \u00c9nerg\u00e9tique<\/strong><\/td>\n<td>430 kWh<\/td>\n<\/tr>\n<tr>\n<td><strong>Dimensions (L x l x H)<\/strong><\/td>\n<td>1450 mm x 1650 mm x 2340 mm (par unit\u00e9)<\/td>\n<\/tr>\n<tr>\n<td><strong>Armoires PCS &amp; Batterie<\/strong><\/td>\n<td>1 PCS \/ 2 armoires de batterie<\/td>\n<\/tr>\n<tr>\n<td><strong>M\u00e9thode de refroidissement<\/strong><\/td>\n<td>refroidissement liquide avanc\u00e9<\/td>\n<\/tr>\n<tr>\n<td><strong>Classe de protection<\/strong><\/td>\n<td>IP54 (adapt\u00e9 pour une utilisation en int\u00e9rieur et en ext\u00e9rieur)<\/td>\n<\/tr>\n<tr>\n<td><strong>Protocoles de communication<\/strong><\/td>\n<td>Ethernet, Modbus TCP\/IP<\/td>\n<\/tr>\n<tr>\n<td><strong>Connexion au r\u00e9seau<\/strong><\/td>\n<td>Compatible hors r\u00e9seau, hybride et sur r\u00e9seau<\/td>\n<\/tr>\n<tr>\n<td><strong>Garantie<\/strong><\/td>\n<td>10 ans<\/td>\n<\/tr>\n<\/tbody>\n<\/table>\n<p>Cette armoire batterie de 200 kW 430 kWh est con\u00e7ue pour une int\u00e9gration facile dans les syst\u00e8mes d'\u00e9nergie solaire commerciaux et industriels. Son BESS refroidi par liquide assure des performances stables, tandis que la protection IP54 permet une installation int\u00e9rieure ou ext\u00e9rieure flexible. Pour un aper\u00e7u complet des autres solutions de stockage LiFePO4 commerciales, consultez notre aper\u00e7u d\u00e9taill\u00e9 du <a href=\"https:\/\/haisicstorage.com\/fr\/best-battery-storage-for-solar\/\">meilleur stockage par batterie pour solaire<\/a>.<\/p>\n<h2>Applications du syst\u00e8me<\/h2>\n<p>La batterie de stockage d'\u00e9nergie industrielle et commerciale Haisic de 200 kW est con\u00e7ue pour r\u00e9pondre \u00e0 une large gamme de besoins \u00e9nerg\u00e9tiques :<\/p>\n<ul>\n<li><strong>Stockage d'\u00e9nergie solaire commerciale :<\/strong> Stockez l'exc\u00e9dent d'\u00e9nergie solaire pendant la journ\u00e9e et utilisez-le lorsque les tarifs sont plus \u00e9lev\u00e9s ou lorsque le soleil ne brille pas, en maximisant votre investissement solaire.<\/li>\n<li><strong>Gestion de la demande industrielle maximale :<\/strong> R\u00e9duisez les co\u00fbts \u00e9nerg\u00e9tiques en att\u00e9nuant la demande de puissance de pointe, aidant les industries \u00e0 g\u00e9rer la charge efficacement et \u00e9viter des charges de pointe \u00e9lev\u00e9es.<\/li>\n<li><strong>Installations solaires hybrides :<\/strong> Int\u00e9grez de mani\u00e8re transparente des configurations sur r\u00e9seau, hors r\u00e9seau ou hybrides pour assurer un flux d'\u00e9nergie fluide et une r\u00e9silience accrue.<\/li>\n<li><strong>Sauvegarde pour charges critiques :<\/strong> Fournir une alimentation de secours fiable pour les h\u00f4pitaux, les centres de donn\u00e9es, les usines de fabrication, ou toute installation o\u00f9 l'alimentation continue est essentielle.<\/li>\n<\/ul>\n<p>Cette solution de stockage solaire polyvalente de 430 kWh s'adapte parfaitement \u00e0 divers environnements commerciaux et industriels, aidant les entreprises \u00e0 atteindre l'ind\u00e9pendance et la stabilit\u00e9 \u00e9nerg\u00e9tiques. Pour des solutions \u00e9nergiques plus petites ou domestiques, explorez notre <a href=\"https:\/\/haisicstorage.com\/fr\/10kwh-wall-mounted-home-energy-storage\/\">solution de stockage d\u2019\u00e9nergie domestique murale de 10 kWh<\/a> options con\u00e7ues pour une int\u00e9gration facile.<\/p>\n<h2>S\u00e9curit\u00e9 et fiabilit\u00e9<\/h2>\n<p>La batterie de stockage d'\u00e9nergie industrielle et commerciale Haisic de 200 kW utilise la chimie LiFePO4, reconnue pour sa excellente stabilit\u00e9 thermique et sa long\u00e9vit\u00e9 sup\u00e9rieure par rapport aux batteries au lithium traditionnelles. Cela en fait une option plus s\u00fbre pour le stockage d'\u00e9nergie commercial et industriel, r\u00e9duisant les risques de surchauffe ou d'incendie.<\/p>\n<p>Les protections int\u00e9gr\u00e9es incluent la surcharge, la sous-alimentation, les court-circuits et les dispositifs de s\u00e9curit\u00e9 thermique, garantissant le bon fonctionnement du syst\u00e8me dans diverses conditions. Elle satisfait \u00e9galement les certifications de s\u00e9curit\u00e9 internationales, vous offrant une tranquillit\u00e9 d'esprit quant \u00e0 une exploitation fiable.<\/p>\n<p>Soutenu par une <strong>garantie de 10 ans<\/strong>, ce syst\u00e8me est con\u00e7u pour une utilisation \u00e0 long terme avec un entretien minimal, vous garantissant des performances fiables pour les ann\u00e9es \u00e0 venir. Pour en savoir plus sur nos solutions de batterie \u00e0 la pointe, consultez les autres offres de notre <a href=\"https:\/\/haisicstorage.com\/fr\/produit\/\">gamme de syst\u00e8mes de stockage d'\u00e9nergie commerciaux<\/a>.<\/p>\n<h2>Installation et int\u00e9gration<\/h2>\n<p>La batterie de stockage d'\u00e9nergie industrielle et commerciale Haisic de 200 kW pr\u00e9sente une empreinte compacte con\u00e7ue pour une installation facile dans divers environnements. Son design modulaire permet une mise en place rapide, r\u00e9duisant les temps d'arr\u00eat pendant le d\u00e9ploiement. Ce syst\u00e8me est compatible avec les principaux onduleurs, assurant une int\u00e9gration ais\u00e9e dans des cha\u00eenes PV solaires existantes ou de nouveaux projets.<\/p>\n<p>Vous pouvez connecter le syst\u00e8me en configuration hors r\u00e9seau, hybride ou raccord\u00e9 au r\u00e9seau, offrant une flexibilit\u00e9 pour r\u00e9pondre \u00e0 diff\u00e9rents besoins \u00e9nerg\u00e9tiques. Avec une protection IP54 et un refroidissement liquide, il fonctionne de mani\u00e8re fiable qu'il soit install\u00e9 \u00e0 l'int\u00e9rieur ou \u00e0 l'ext\u00e9rieur. Pour une communication fluide, il prend en charge les protocoles Ethernet et Modbus TCP\/IP, simplifiant la surveillance et le contr\u00f4le.<\/p>\n<p>Pour des solutions LiFePO4 plus modulaires, consultez notre <a href=\"https:\/\/haisicstorage.com\/fr\/wall-mounted-51-2v-100ah-5kwh\/\">batterie murale 51,2 V 100 Ah 5 kWh<\/a> id\u00e9ale pour des besoins de stockage commerciaux plus modestes.<\/p>\n<h2>Pourquoi choisir Haisic<\/h2>\n<p>Haisic se d\u00e9marque comme un leader fiable dans les solutions de stockage d'\u00e9nergie industrielles et commerciales, offrant des syst\u00e8mes fiables et haute performance adapt\u00e9s \u00e0 vos besoins. Voici pourquoi nous sommes le bon choix :<\/p>\n<table>\n<thead>\n<tr>\n<th><strong>Raisons de choisir Haisic<\/strong><\/th>\n<th><strong>D\u00e9tails<\/strong><\/th>\n<\/tr>\n<\/thead>\n<tbody>\n<tr>\n<td><strong>Expertise sectorielle<\/strong><\/td>\n<td>Des ann\u00e9es d'exp\u00e9rience dans le d\u00e9veloppement de stockage d'\u00e9nergie \u00e0 grande \u00e9chelle avec un succ\u00e8s d\u00e9montr\u00e9<\/td>\n<\/tr>\n<tr>\n<td><strong>Qualit\u00e9 &amp; Innovation<\/strong><\/td>\n<td>Des contr\u00f4les qualit\u00e9 stricts et une technologie LiFePO4 de pointe garantissent des batteries s\u00fbres, efficaces et durables<\/td>\n<\/tr>\n<tr>\n<td><strong>Solutions personnalis\u00e9es<\/strong><\/td>\n<td>Des conceptions flexibles pour r\u00e9pondre \u00e0 des exigences de projets uniques et une int\u00e9gration transparente avec l'\u00e9nergie solaire et les syst\u00e8mes hybrides<\/td>\n<\/tr>\n<tr>\n<td><strong>Support mondial et garantie<\/strong><\/td>\n<td>Garantie de 10 ans et service r\u00e9actif dans le monde entier<\/td>\n<\/tr>\n<tr>\n<td><strong>Conception \u00e9volutive et modulaire<\/strong><\/td>\n<td>\u00c9largissez facilement la capacit\u00e9 pour suivre la croissance ou les besoins \u00e9nerg\u00e9tiques changeants<\/td>\n<\/tr>\n<\/tbody>\n<\/table>\n<p>Choisir Haisic signifie s'associer \u00e0 un fabricant engag\u00e9 \u00e0 fournir des solutions de stockage LiFePO4 commerciales fiables qui optimisent vos investissements solaires et pr\u00e9servent votre \u00e9nergie pour l'avenir.<\/p>\n<p>D\u00e9couvrez nos autres options de stockage d'\u00e9nergie, comme le <a href=\"https:\/\/haisicstorage.com\/fr\/25-6v-200ah-lithium-battery-home-energy-storage\/\">batterie lithium 25,6 V 200 Ah pour le stockage d'\u00e9nergie domestique<\/a>, pour voir comment nous r\u00e9pondons \u00e0 diverses demandes \u00e9nerg\u00e9tiques avec qualit\u00e9 et flexibilit\u00e9.<\/p>\n<h2>T\u00e9l\u00e9chargements et ressources<\/h2>\n<p>Obtenez tous les documents essentiels dont vous avez besoin pour la batterie de stockage d'\u00e9nergie industrielle et commerciale Haisic 200 kW | Syst\u00e8me de stockage solaire 430 kWh, right here. Acc\u00e9dez \u00e0 des fiches techniques d\u00e9taill\u00e9es, des brochures et des guides d'installation pour vous aider \u00e0 comprendre les capacit\u00e9s du syst\u00e8me et \u00e0 faciliter une installation fluide et sans tracas. Ces ressources couvrent tous les aspects du <strong>batterie commerciale LiFePO4<\/strong> du syst\u00e8me, des sp\u00e9cifications techniques aux instructions d'utilisation, vous garantissant des informations fiables \u00e0 port\u00e9e de main.<\/p>\n<p>Que vous planifiiez un <strong>syst\u00e8me de stockage d'\u00e9nergie commerciale<\/strong> ou que vous g\u00e9riez un <strong>syst\u00e8me solaire industriel<\/strong>, ces documents offrent des id\u00e9es claires et pratiques pour soutenir votre projet du d\u00e9but \u00e0 la fin.<\/p>\n<p>Pour une vue d'ensemble de nos offres, vous pourriez \u00e9galement trouver notre <a href=\"https:\/\/haisicstorage.com\/fr\/215kwh-100kw-commercial-industrial-container-ess\/\">RESSOURCES ESSENTIELS de 215 kWh 100 kW commerciales et industrielles ESS utile<\/a> utile pour comparer diff\u00e9rentes tailles et configurations de syst\u00e8mes.<\/p>\n<h2>FAQ\u00a0: Questions fr\u00e9quentes sur la performance, l'\u00e9volutivit\u00e9, le ROI et la maintenance<\/h2>\n<h3>Q\u00a0: Comment la batterie de stockage d'\u00e9nergie industrielle et commerciale Haisic 200 kW fonctionne-t-elle dans des conditions r\u00e9elles?<\/h3>\n<p>A: Le BESS de 200 kW offre une puissance constante et fiable avec une haute efficacit\u00e9 gr\u00e2ce \u00e0 sa chimie LiFePO4 et \u00e0 son refroidissement liquide avanc\u00e9. Il maintient une op\u00e9ration stable aussi bien en r\u00e9seau qu hors r\u00e9seau, id\u00e9al pour les besoins de stockage solaire commerciaux.<\/p>\n<h3>Q: Puis-je faire \u00e9voluer le syst\u00e8me si mes besoins de stockage d'\u00e9nergie augmentent ?<\/h3>\n<p>A: Absolument. Le design modulaire permet une extension facile en ajoutant des armoires de batteries, afin d\u2019augmenter la capacit\u00e9 au-del\u00e0 de 430 kWh selon l\u2019\u00e9volution de votre activit\u00e9.<\/p>\n<h3>Quel type de retour sur investissement (ROI) puis-je attendre ?<\/h3>\n<p>A: Ce syst\u00e8me de stockage d'\u00e9nergie hybride contribue \u00e0 r\u00e9duire les co\u00fbts \u00e9nerg\u00e9tiques par le peak shaving et l\u2019optimisation des tarifs heures creuses\/heures pleines. La plupart des clients constatent un ROI significatif en quelques ann\u00e9es gr\u00e2ce aux \u00e9conomies d'\u00e9nergie et \u00e0 une r\u00e9silience op\u00e9rationnelle accrue.<\/p>\n<h3>Q: \u00c0 quel point l\u2019entretien de cette solution de stockage LiFePO4 commerciale est-il compliqu\u00e9 ?<\/h3>\n<p>A: L\u2019entretien est minimal. Le BMS intelligent et le EMS surveillent le syst\u00e8me en temps r\u00e9el pour pr\u00e9venir les probl\u00e8mes, tandis que le refroidissement liquide et la protection IP54 r\u00e9duisent l\u2019usure. La garantie de 10 ans offre \u00e9galement une tranquillit\u00e9 d\u2019esprit.<\/p>\n<h3>Q: Le syst\u00e8me est-il compatible avec mon installation solaire ou \u00e9lectrique existante ?<\/h3>\n<p>A: Oui, le Haisic ESS HS-ESS200kW430kWh s\u2019int\u00e8gre sans probl\u00e8me avec la plupart des onduleurs majeurs et prend en charge les configurations hybrides, hors r\u00e9seau et sur r\u00e9seau pour des options d\u2019installation flexibles.<\/p>\n<p>Pour plus de d\u00e9tails sur les capacit\u00e9s du syst\u00e8me, consultez notre <a href=\"https:\/\/haisicstorage.com\/fr\/solutions\/\">solutions de stockage solaire commercial<\/a> pour trouver le meilleur ajustement pour votre projet.<\/p>\n<h2>Contactez-nous \/ Obtenir un devis<\/h2>\n<p>Pr\u00eat \u00e0 am\u00e9liorer votre installation \u00e9nerg\u00e9tique commerciale ou industrielle avec la Batterie de Stockage d'\u00c9nergie Industrielle et Commerciale Haisic 200kW | 430kWh Syst\u00e8me de Stockage Solaire ? Contactez notre \u00e9quipe pour des conseils personnalis\u00e9s, des devis d\u00e9taill\u00e9s, ou toute question sur l\u2019installation et l\u2019int\u00e9gration.<\/p>\n<p>Nous sommes l\u00e0 pour vous guider dans le choix de la configuration adapt\u00e9e \u00e0 vos besoins \u00e9nerg\u00e9tiques et \u00e0 votre budget. Visitez notre <a href=\"https:\/\/haisicstorage.com\/fr\/contact\/\">page de contact<\/a> pour remplir le formulaire de demande ou trouver les coordonn\u00e9es directes pour une assistance rapide.<\/p>\n<p>Aidons-vous \u00e0 maximiser votre investissement solaire avec une solution batterie LiFePO4 commerciale fiable et \u00e9volutive adapt\u00e9e \u00e0 votre entreprise.<\/p>","protected":false},"excerpt":{"rendered":"<p>Haisic 200kW 430kWh LiFePO4 batterie de stockage d'\u00e9nergie commerciale pour syst\u00e8mes solaires industriels avec \u00e9l\u00e9vation de pic et prise en charge hybride on-grid\/off-grid<\/p>","protected":false},"featured_media":3476,"template":"","meta":{"site-sidebar-layout":"default","site-content-layout":"","ast-site-content-layout":"default","site-content-style":"default","site-sidebar-style":"default","ast-global-header-display":"","ast-banner-title-visibility":"","ast-main-header-display":"","ast-hfb-above-header-display":"","ast-hfb-below-header-display":"","ast-hfb-mobile-header-display":"","site-post-title":"","ast-breadcrumbs-content":"","ast-featured-img":"","footer-sml-layout":"","ast-disable-related-posts":"","theme-transparent-header-meta":"default","adv-header-id-meta":"","stick-header-meta":"default","header-above-stick-meta":"","header-main-stick-meta":"","header-below-stick-meta":"","astra-migrate-meta-layouts":"set","ast-page-background-enabled":"default","ast-page-background-meta":{"desktop":{"background-color":"var(--ast-global-color-4)","background-image":"","background-repeat":"repeat","background-position":"center center","background-size":"auto","background-attachment":"scroll","background-type":"","background-media":"","overlay-type":"","overlay-color":"","overlay-opacity":"","overlay-gradient":""},"tablet":{"background-color":"","background-image":"","background-repeat":"repeat","background-position":"center center","background-size":"auto","background-attachment":"scroll","background-type":"","background-media":"","overlay-type":"","overlay-color":"","overlay-opacity":"","overlay-gradient":""},"mobile":{"background-color":"","background-image":"","background-repeat":"repeat","background-position":"center center","background-size":"auto","background-attachment":"scroll","background-type":"","background-media":"","overlay-type":"","overlay-color":"","overlay-opacity":"","overlay-gradient":""}},"ast-content-background-meta":{"desktop":{"background-color":"var(--ast-global-color-5)","background-image":"","background-repeat":"repeat","background-position":"center center","background-size":"auto","background-attachment":"scroll","background-type":"","background-media":"","overlay-type":"","overlay-color":"","overlay-opacity":"","overlay-gradient":""},"tablet":{"background-color":"var(--ast-global-color-5)","background-image":"","background-repeat":"repeat","background-position":"center center","background-size":"auto","background-attachment":"scroll","background-type":"","background-media":"","overlay-type":"","overlay-color":"","overlay-opacity":"","overlay-gradient":""},"mobile":{"background-color":"var(--ast-global-color-5)","background-image":"","background-repeat":"repeat","background-position":"center center","background-size":"auto","background-attachment":"scroll","background-type":"","background-media":"","overlay-type":"","overlay-color":"","overlay-opacity":"","overlay-gradient":""}}},"product_brand":[],"product_cat":[44],"product_tag":[],"class_list":{"0":"post-2687","1":"product","2":"type-product","3":"status-publish","4":"has-post-thumbnail","6":"product_cat-commercial-industrial-ess","7":"desktop-align-left","8":"tablet-align-left","9":"mobile-align-left","10":"ast-product-gallery-layout-horizontal-slider","11":"ast-product-tabs-layout-horizontal","13":"first","14":"instock","15":"shipping-taxable","16":"purchasable","17":"product-type-simple"},"_links":{"self":[{"href":"https:\/\/haisicstorage.com\/fr\/wp-json\/wp\/v2\/product\/2687","targetHints":{"allow":["GET"]}}],"collection":[{"href":"https:\/\/haisicstorage.com\/fr\/wp-json\/wp\/v2\/product"}],"about":[{"href":"https:\/\/haisicstorage.com\/fr\/wp-json\/wp\/v2\/types\/product"}],"version-history":[{"count":1,"href":"https:\/\/haisicstorage.com\/fr\/wp-json\/wp\/v2\/product\/2687\/revisions"}],"predecessor-version":[{"id":2691,"href":"https:\/\/haisicstorage.com\/fr\/wp-json\/wp\/v2\/product\/2687\/revisions\/2691"}],"wp:featuredmedia":[{"embeddable":true,"href":"https:\/\/haisicstorage.com\/fr\/wp-json\/wp\/v2\/media\/3476"}],"wp:attachment":[{"href":"https:\/\/haisicstorage.com\/fr\/wp-json\/wp\/v2\/media?parent=2687"}],"wp:term":[{"taxonomy":"product_brand","embeddable":true,"href":"https:\/\/haisicstorage.com\/fr\/wp-json\/wp\/v2\/product_brand?post=2687"},{"taxonomy":"product_cat","embeddable":true,"href":"https:\/\/haisicstorage.com\/fr\/wp-json\/wp\/v2\/product_cat?post=2687"},{"taxonomy":"product_tag","embeddable":true,"href":"https:\/\/haisicstorage.com\/fr\/wp-json\/wp\/v2\/product_tag?post=2687"}],"curies":[{"name":"wp","href":"https:\/\/api.w.org\/{rel}","templated":true}]}}