{"id":2663,"date":"2025-12-14T09:12:02","date_gmt":"2025-12-14T09:12:02","guid":{"rendered":"https:\/\/haisicstorage.com\/haisic-1mwh-ess-solar-energy-storage-container-system\/"},"modified":"2026-02-27T06:48:44","modified_gmt":"2026-02-27T06:48:44","slug":"haisic-1mwh-ess-solar-energy-storage-container-system","status":"publish","type":"product","link":"https:\/\/haisicstorage.com\/fr\/haisic-1mwh-ess-solar-energy-storage-container-system\/","title":{"rendered":"Haisic 1MWh ESS Solar Storage Conteneur avec onduleur hybride de 500 kW"},"content":{"rendered":"<h2>Aper\u00e7u du produit<\/h2>\n<p>Vous recherchez un moyen fiable et efficace de stocker l'\u00e9nergie solaire \u00e0 grande \u00e9chelle ? Le syst\u00e8me de stockage d'\u00e9nergie solaire en conteneur Haisic 1MWh ESS propose une solution performante adapt\u00e9e aux besoins commerciaux et industriels. Ce syst\u00e8me de stockage d'\u00e9nergie par batterie en conteneur (BESS) utilise une technologie LiFePO4 lithium-ion avanc\u00e9e pour assurer une grande s\u00e9curit\u00e9, une longue dur\u00e9e de vie et des performances stables.<\/p>\n<p>Con\u00e7u pour une int\u00e9gration facile avec les centrales solaires, les micro-r\u00e9seaux et les applications de r\u00e9seau hybride, ce stockage d'\u00e9nergie solaire en conteneur de 1 MWh offre des options de stockage d'\u00e9nergie flexibles et \u00e9volutives. Son design de conteneur plug-and-play permet un d\u00e9ploiement rapide n'importe o\u00f9 \u2014 m\u00eame \u00e0 l'ext\u00e9rieur \u2014 gr\u00e2ce \u00e0 une protection IP54 robuste.<\/p>\n<p>Les points forts incluent un design modulaire qui peut passer de 500 kWh \u00e0 3 MWh, un onduleur hybride haute capacit\u00e9 de 500 kW et une gestion intelligente de l'\u00e9nergie pour maximiser l'utilisation de votre \u00e9nergie solaire. Que vous souhaitiez r\u00e9duire les co\u00fbts \u00e9nerg\u00e9tiques avec la r\u00e9gulation de pointes, am\u00e9liorer la stabilit\u00e9 du r\u00e9seau ou disposer d'une alimentation de secours fiable, le syst\u00e8me Haisic est con\u00e7u pour r\u00e9pondre \u00e0 vos besoins avec une durabilit\u00e9 prouv\u00e9e et des normes de s\u00e9curit\u00e9 de premier ordre.<\/p>\n<h2>Principales caract\u00e9ristiques du syst\u00e8me Haisic 1MWh ESS Solar Energy Storage Container System<\/h2>\n<p>Le syst\u00e8me Haisic 1MWh ESS Solar Energy Storage Container System offre des fonctionnalit\u00e9s de premier ordre con\u00e7ues pour la fiabilit\u00e9 et la flexibilit\u00e9 :<\/p>\n<ul>\n<li><strong>Conception modulaire et \u00e9volutive :<\/strong> Options de capacit\u00e9 flexibles de 500 kWh \u00e0 3 MWh pour s'adapter \u00e0 diverses tailles de projet.<\/li>\n<li><strong>Batterie LiFePO4 haute s\u00e9curit\u00e9 :<\/strong> Utilise une chimie lithium fer phosphate leader de l'industrie pour une s\u00e9curit\u00e9 am\u00e9lior\u00e9e et une longue dur\u00e9e de vie.<\/li>\n<li><strong>Onduleur hybride int\u00e9gr\u00e9 de 500 kW :<\/strong> Prend en charge l'exploitation en r\u00e9seau et hors r\u00e9seau avec une conversion d'\u00e9nergie fluide.<\/li>\n<li><strong>Options de refroidissement avanc\u00e9es :<\/strong> Le refroidissement par air standard assure un contr\u00f4le efficace de la temp\u00e9rature pour des performances optimales de la batterie.<\/li>\n<li><strong>Protection robuste en ext\u00e9rieur :<\/strong> Le bo\u00eetier class\u00e9 IP54 garantit durabilit\u00e9 et r\u00e9sistance aux intemp\u00e9ries pour les installations en ext\u00e9rieur.<\/li>\n<li><strong>Gestion intelligente de l'\u00e9nergie :<\/strong> Surveillance et contr\u00f4le int\u00e9gr\u00e9s am\u00e9liorant l'efficacit\u00e9 et simplifiant l'exploitation du syst\u00e8me.<\/li>\n<\/ul>\n<table>\n<thead>\n<tr>\n<th>Caract\u00e9ristique<\/th>\n<th>Description<\/th>\n<\/tr>\n<\/thead>\n<tbody>\n<tr>\n<td>Capacit\u00e9<\/td>\n<td>Options de 500 kWh \u00e0 3 MWh<\/td>\n<\/tr>\n<tr>\n<td>Technologie de batterie<\/td>\n<td>LiFePO4 (phosphate de fer lithium)<\/td>\n<\/tr>\n<tr>\n<td>Onduleur<\/td>\n<td>500kW Hybride (3W+N+PE)<\/td>\n<\/tr>\n<tr>\n<td>Refroidissement<\/td>\n<td>Refroidi par air (standard)<\/td>\n<\/tr>\n<tr>\n<td>Classe de protection<\/td>\n<td>IP54 pour usage ext\u00e9rieur<\/td>\n<\/tr>\n<tr>\n<td>Gestion de l'\u00e9nergie<\/td>\n<td>Surveillance et contr\u00f4le intelligents<\/td>\n<\/tr>\n<\/tbody>\n<\/table>\n<p>Ce syst\u00e8me de stockage d'\u00e9nergie par batterie \u00e9volutif facilite l'extension \u00e0 mesure que vos besoins \u00e9nerg\u00e9tiques augmentent. Pour en savoir plus sur notre technologie de batterie LiFePO4 fiable, consultez notre <a href=\"https:\/\/haisicstorage.com\/fr\/lifepo4-battery-51-2v-100ah\/\">aper\u00e7u de la batterie LiFePO4<\/a>.<\/p>\n<h2>Caract\u00e9ristiques techniques du ESS Haisic 1MWh Conteneur de stockage d'\u00e9nergie solaire<\/h2>\n<p>Voici un aper\u00e7u clair des d\u00e9tails techniques du ESS conteneuris\u00e9 Haisic 1MWh, con\u00e7u pour un stockage solaire fiable :<\/p>\n<table>\n<thead>\n<tr>\n<th>Sp\u00e9cification<\/th>\n<th>D\u00e9tails<\/th>\n<\/tr>\n<\/thead>\n<tbody>\n<tr>\n<td><strong>Type de Batterie<\/strong><\/td>\n<td>Lithium--ion (LiFePO4)<\/td>\n<\/tr>\n<tr>\n<td><strong>Num\u00e9ro de mod\u00e8le<\/strong><\/td>\n<td>HS-EE500kW1075kWh (configuration 1MWh)<\/td>\n<\/tr>\n<tr>\n<td><strong>\u00c9nergie nominale<\/strong><\/td>\n<td>1 MWh<\/td>\n<\/tr>\n<tr>\n<td><strong>Puissance de charge\/d\u00e9charge nominale<\/strong><\/td>\n<td>500 kW<\/td>\n<\/tr>\n<tr>\n<td><strong>Plage de tension du syst\u00e8me<\/strong><\/td>\n<td>672 V \u2013 840 V<\/td>\n<\/tr>\n<tr>\n<td><strong>Onduleur<\/strong><\/td>\n<td>Hybride 500kW 3W+N+PE<\/td>\n<\/tr>\n<tr>\n<td><strong>Dimensions (L x l x H)<\/strong><\/td>\n<td>6720 mm x 1100 mm x 2340 mm<\/td>\n<\/tr>\n<tr>\n<td><strong>Poids<\/strong><\/td>\n<td>\u00c0 confirmer<\/td>\n<\/tr>\n<tr>\n<td><strong>Interface de communication<\/strong><\/td>\n<td>Ethernet avec Modbus TCP\/IP<\/td>\n<\/tr>\n<tr>\n<td><strong>Connexion au r\u00e9seau<\/strong><\/td>\n<td>Hybride ( Compatible r\u00e9seau et hors r\u00e9seau )<\/td>\n<\/tr>\n<tr>\n<td><strong>Syst\u00e8me de refroidissement<\/strong><\/td>\n<td>Refroidi par air (standard)<\/td>\n<\/tr>\n<tr>\n<td><strong>Classe de protection<\/strong><\/td>\n<td>IP54 (adapt\u00e9 \u00e0 une utilisation en ext\u00e9rieur)<\/td>\n<\/tr>\n<tr>\n<td><strong>Garantie<\/strong><\/td>\n<td>10 ans<\/td>\n<\/tr>\n<\/tbody>\n<\/table>\n<p>Ce syst\u00e8me robuste prend en charge les connexions r\u00e9seau hybrides et communique efficacement via Modbus TCP\/IP, ce qui le rend id\u00e9al pour les installations solaires commerciales et industrielles. Le design refroidi par air maintient les op\u00e9rations sans la complexit\u00e9 du refroidissement liquide.<\/p>\n<p>Pour des besoins de stockage d'\u00e9nergie solaire \u00e0 plus petite \u00e9chelle, consultez notre fiable <a href=\"https:\/\/haisicstorage.com\/fr\/5kw-power-energy-storage-solar-system-for-home\/\">syst\u00e8me de stockage d'\u00e9nergie 5 kW pour les maisons<\/a> qui partage le m\u00eame souci de solutions de batterie s\u00fbres et modulaires.<\/p>\n<h2>Avantages du syst\u00e8me Haisic 1 MWh ESS Solar Energy Storage Container<\/h2>\n<p>Le conteneur de stockage d'\u00e9nergie solaire ESS de 1 MWh Haisic apporte une gamme d'avantages qui am\u00e9liorent la mani\u00e8re dont vous stockez et utilisez l'\u00e9nergie solaire. Voici ce \u00e0 quoi vous pouvez vous attendre :<\/p>\n<table>\n<thead>\n<tr>\n<th>Avantage<\/th>\n<th>Description<\/th>\n<\/tr>\n<\/thead>\n<tbody>\n<tr>\n<td><strong>Utilisation solaire am\u00e9lior\u00e9e<\/strong><\/td>\n<td>Maximise l'autoconsommation en stockant l'\u00e9nergie solaire exc\u00e9dentaire<\/td>\n<\/tr>\n<tr>\n<td><strong>\u00c9cr\u00eatage de pic et d\u00e9calage de charge<\/strong><\/td>\n<td>R\u00e9duit les co\u00fbts \u00e9nerg\u00e9tiques en g\u00e9rant la consommation pendant les p\u00e9riodes de pic<\/td>\n<\/tr>\n<tr>\n<td><strong>Alimentation de secours et stabilit\u00e9 du r\u00e9seau<\/strong><\/td>\n<td>Fournit une alimentation de secours fiable et soutient une alimentation r\u00e9seau stable<\/td>\n<\/tr>\n<tr>\n<td><strong>R\u00e9duction de la d\u00e9pendance aux \u00e9nergies fossiles<\/strong><\/td>\n<td>Aide \u00e0 diminuer l'empreinte carbone en utilisant de l'\u00e9nergie stock\u00e9e propre<\/td>\n<\/tr>\n<tr>\n<td><strong>Longue dur\u00e9e de vie en cycles et faible maintenance<\/strong><\/td>\n<td>Les batteries LiFePO4 durables n\u00e9cessitent peu d'entretien sur de nombreux cycles<\/td>\n<\/tr>\n<\/tbody>\n<\/table>\n<p>Ce syst\u00e8me vous permet d'obtenir le maximum de votre investissement solaire, \u00e9conomisant de l'argent tout en soutenant un avenir plus vert. Pour ceux qui souhaitent g\u00e9rer les co\u00fbts et am\u00e9liorer les performances de la batterie solaire, nos analyses d\u00e9taill\u00e9es sur <a href=\"https:\/\/haisicstorage.com\/fr\/cost-of-solar-battery-storage\/\">co\u00fbt du stockage de batteries solaires<\/a> peuvent offrir des conseils pr\u00e9cieux.<\/p>\n<h2>Applications du syst\u00e8me de stockage d'\u00e9nergie solaire Haisic ESS 1 MWh dans un conteneur<\/h2>\n<p>Le syst\u00e8me de stockage d'\u00e9nergie solaire Haisic ESS 1 MWh dans un conteneur s'int\u00e8gre parfaitement dans divers agencements \u00e9nerg\u00e9tiques. Il est id\u00e9al pour <strong>parcs solaires et l'int\u00e9gration PV<\/strong>, aidant \u00e0 stocker l'\u00e9nergie exc\u00e9dentaire pour une utilisation efficace pendant les p\u00e9riodes de faible ensoleillement. Les installations commerciales et industrielles b\u00e9n\u00e9ficient de sa capacit\u00e9 \u00e0 optimiser la gestion de l'\u00e9nergie, r\u00e9duisant les co\u00fbts d'\u00e9lectricit\u00e9 et am\u00e9liorant la fiabilit\u00e9.<\/p>\n<p>Ce syst\u00e8me fonctionne \u00e9galement bien dans <strong>des microgrids et des syst\u00e8mes hors r\u00e9seau<\/strong>, assurant une alimentation \u00e9lectrique stable m\u00eame dans des lieux isol\u00e9s sans acc\u00e8s \u00e0 un r\u00e9seau stable. Pour les projets d'\u00e9nergie renouvelable \u00e0 l'\u00e9chelle utilitaire, le design modulaire permet une mise \u00e0 l'\u00e9chelle facile pour r\u00e9pondre \u00e0 des demandes \u00e9nerg\u00e9tiques croissantes. De plus, le conteneur prend en charge <strong>le stockage hybride \u00e9olien-solaire<\/strong>, combinant plusieurs sources renouvelables pour une livraison d'\u00e9nergie sans accroc.<\/p>\n<p>Que vous g\u00e9riez une grande ferme solaire ou int\u00e9griez les \u00e9nergies renouvelables dans un r\u00e9seau existant, cette solution robuste de stockage d'\u00e9nergie LiFePO4 de 1 MWh soutient une utilisation de l'\u00e9nergie flexible et fiable, s'adaptant \u00e0 divers besoins de projets.<\/p>\n<p>Pour des solutions de plus petite envergure ou r\u00e9sidentielles qui compl\u00e8tent ces projets, vous pourriez \u00e9galement envisager le <a href=\"https:\/\/haisicstorage.com\/fr\/10kwh-wall-mounted-home-energy-storage\/\">solution de stockage d\u2019\u00e9nergie domestique murale de 10 kWh<\/a> ou le <a href=\"https:\/\/haisicstorage.com\/fr\/51-2v-100ah-5120wh-floor-mounted-home-energy-storage\/\">syst\u00e8me au sol 51,2 V 100 Ah<\/a>, parfait pour la gestion d'\u00e9nergie sur site.<\/p>\n<h2>S\u00e9curit\u00e9 et fiabilit\u00e9<\/h2>\n<p>Le syst\u00e8me de stockage d'\u00e9nergie solaire Haisic ESS 1 MWh dans un conteneur privil\u00e9gie la s\u00e9curit\u00e9 avec des protections \u00e0 plusieurs niveaux. Il est \u00e9quip\u00e9 d'un syst\u00e8me de gestion de batterie (BMS) avanc\u00e9 qui surveille la sant\u00e9 de la batterie, emp\u00eache la surchage et \u00e9quilibre les cellules pour assurer un fonctionnement stable. Le syst\u00e8me est \u00e9galement con\u00e7u avec une pr\u00e9paration \u00e0 la lutte contre l'incendie, ajoutant une couche suppl\u00e9mentaire de s\u00e9curit\u00e9 en cas d'urgences.<\/p>\n<p>Con\u00e7u pour r\u00e9pondre aux normes internationales de s\u00e9curit\u00e9, ce conteneur BESS LiFePO4 Subit des tests rigoureux pour garantir la conformit\u00e9 et des performances fiables. Il a d\u00e9montr\u00e9 sa r\u00e9silience dans des environnements difficiles, en faisant un choix fiable pour des solutions de stockage d'\u00e9nergie solaire ext\u00e9rieures qui doivent r\u00e9sister \u00e0 des conditions m\u00e9t\u00e9orologiques et op\u00e9rationnelles difficiles.<\/p>\n<h2>Installation et \u00e9volutivit\u00e9<\/h2>\n<p>Le syst\u00e8me Haisic 1MWh ESS de stockage d'\u00e9nergie solaire dans un conteneur pr\u00e9sente un design pr\u00eat \u00e0 l'emploi, facilitant une installation rapide et simple. Cette configuration est id\u00e9ale pour les projets n\u00e9cessitant un d\u00e9ploiement rapide sans assemblage complexe ni long temps d'arr\u00eat.<\/p>\n<p>Pour r\u00e9pondre \u00e0 des besoins \u00e9nerg\u00e9tiques croissants, le syst\u00e8me prend en charge la connexion en parall\u00e8le, ce qui vous permet d'\u00e9tendre facilement votre capacit\u00e9 de stockage en reliant plusieurs conteneurs. Cette \u00e9volutivit\u00e9 garantit que votre solution de stockage peut cro\u00eetre avec votre entreprise ou les exigences de votre projet.<\/p>\n<p>De plus, le syst\u00e8me s'int\u00e8gre parfaitement aux installations solaires existantes, qu'elles soient commerciales ou industrielles, rationalisant les mises \u00e0 niveau ou les nouvelles configurations sans modifications majeures de votre infrastructure actuelle.<\/p>\n<p>D\u00e9couvrez-en davantage sur notre syst\u00e8me de stockage d'\u00e9nergie par batterie conteneuris\u00e9e \u00e9volutif et comment il s'int\u00e8gre aux applications d'\u00e9nergie solaire sur notre <a href=\"https:\/\/haisicstorage.com\/fr\/1075kwh-100kw-commercial-industrial-container-ess\/\">page de configuration HS-EE500kW1075kWh 1MWh<\/a>.<\/p>\n<h2>Pourquoi choisir Haisic<\/h2>\n<p>Avec plus de 12 ans d'exp\u00e9rience dans l'industrie du stockage d'\u00e9nergie, Haisic se distingue par la fourniture de solutions fiables et performantes adapt\u00e9es \u00e0 vos besoins. Voici pourquoi vous pouvez faire confiance \u00e0 Haisic pour votre syst\u00e8me de stockage d'\u00e9nergie ESS solaire d'1MWh dans un conteneur:<\/p>\n<table>\n<thead>\n<tr>\n<th><strong>Raison<\/strong><\/th>\n<th><strong>D\u00e9tails<\/strong><\/th>\n<\/tr>\n<\/thead>\n<tbody>\n<tr>\n<td><strong>Expertise \u00e9prouv\u00e9e<\/strong><\/td>\n<td>Plus d'une d\u00e9cennie de d\u00e9veloppement de syst\u00e8mes de batteries avanc\u00e9s<\/td>\n<\/tr>\n<tr>\n<td><strong>Composants de qualit\u00e9<\/strong><\/td>\n<td>Utilise des batteries LiFePO4 haut de gamme et des onduleurs hybrides de confiance<\/td>\n<\/tr>\n<tr>\n<td><strong>Solutions personnalisables<\/strong><\/td>\n<td>Des conceptions modulaires qui s'\u00e9tendent de 500kWh jusqu'\u00e0 3MWh<\/td>\n<\/tr>\n<tr>\n<td><strong>R\u00e9seau d'approvisionnement mondial<\/strong><\/td>\n<td>Livraison et support fiables dans le monde entier<\/td>\n<\/tr>\n<tr>\n<td><strong>Support apr\u00e8s-vente<\/strong><\/td>\n<td>Service d\u00e9di\u00e9 pour l'installation, la maintenance et le d\u00e9pannage<\/td>\n<\/tr>\n<\/tbody>\n<\/table>\n<p>Choisir Haisic, c'est choisir un partenaire engag\u00e9 en performance, durabilit\u00e9 et support \u00e0 long terme. Pour ceux qui s'int\u00e9ressent aux solutions de batterie flexibles pour la maison ou les applications commerciales, consultez notre <a href=\"https:\/\/haisicstorage.com\/fr\/battery-storage-for-home\/\">stockage d'\u00e9nergie pour les syst\u00e8mes domestiques<\/a> et <a href=\"https:\/\/haisicstorage.com\/fr\/solutions\/\">les solutions de stockage d'\u00e9nergie<\/a> pour en savoir plus sur la mani\u00e8re dont Haisic r\u00e9pond aux divers besoins \u00e9nerg\u00e9tiques \u00e0 l'\u00e9chelle mondiale.<\/p>\n<h2>Produits et accessoires connexes<\/h2>\n<p>Le syst\u00e8me Haisic ESS solaire de stockage d'\u00e9nergie dans un conteneur 1MWh est propos\u00e9 avec des options \u00e9volutives pour correspondre \u00e0 vos besoins \u00e9nerg\u00e9tiques. Que vous n\u00e9cessitiez une unit\u00e9 plus petite de 500kWh ou des configurations plus grandes de 2MWh ou 3MWh, ces syst\u00e8mes de stockage d'\u00e9nergie en conteneur offrent des extensions de capacit\u00e9 flexibles. En compl\u00e9ment des conteneurs de stockage, vous pouvez \u00e9galement choisir des onduleurs compl\u00e9mentaires et des syst\u00e8mes de surveillance avanc\u00e9s qui s'int\u00e8grent parfaitement pour de meilleures performances et une gestion \u00e9nerg\u00e9tique en temps r\u00e9el. Pour des solutions sur mesure et pour explorer l'ensemble de la gamme d'options \u00e9volutives du syst\u00e8me de stockage d'\u00e9nergie par batterie Haisic, visitez le <a href=\"https:\/\/haisicstorage.com\/fr\/produit\/\">page de produits Haisic<\/a>.<\/p>\n<h2>FAQ : Tailles, Compatibilit\u00e9, ROI et Maintenance<\/h2>\n<h3>Comment choisir la bonne taille pour mon ESS conteneuris\u00e9e de 1 MWh ?<\/h3>\n<p>Commencez par \u00e9valuer vos besoins \u00e9nerg\u00e9tiques quotidiens, les heures de pointe et les exigences de sauvegarde. Le syst\u00e8me de stockage d\u2019\u00e9nergie solaire ESS conteneuris\u00e9 de 1 MWh Haisic est modulaire et \u00e9volutif, offrant des options de 500 kWh jusqu\u2019\u00e0 3 MWh pour s\u2019adapter \u00e0 diverses applications commerciales et industrielles.<\/p>\n<h3>Le syst\u00e8me de stockage d\u2019\u00e9nergie \u00e0 batterie Haisic est\u2011il compatible avec les installations solaires existantes ?<\/h3>\n<p>Oui, il prend en charge la connexion hybride au r\u00e9seau (on-grid et off-grid) et s\u2019int\u00e8gre facilement aux centrales solaires ou micro-r\u00e9seaux. Sa communication via Ethernet avec Modbus TCP\/IP assure une int\u00e9gration transparente avec la plupart des syst\u00e8mes de gestion de l\u2019\u00e9nergie.<\/p>\n<h3>Quel type de retour sur investissement (ROI) puis-je attendre ?<\/h3>\n<p>Le ROI varie en fonction de votre consommation d\u2019\u00e9nergie, de la structure tarifaire et de votre mode d\u2019utilisation. Ce syst\u00e8me contribue \u00e0 optimiser l\u2019utilisation de l\u2019\u00e9nergie solaire, \u00e0 r\u00e9duire les charges li\u00e9es \u00e0 la demande de pointe et \u00e0 fournir une alimentation de secours \u2014 des avantages qui se cumulent pour am\u00e9liorer les \u00e9conomies au fil du temps.<\/p>\n<h3>Quelle maintenance n\u00e9cessite le stockage d\u2019\u00e9nergie LiFePO4 de 1 MWh ?<\/h3>\n<p>Gr\u00e2ce \u00e0 la technologie de batterie LiFePO4 \u00e0 haut niveau de s\u00e9curit\u00e9 et \u00e0 la gestion avanc\u00e9e de l\u2019\u00e9nergie, les besoins de maintenance sont minimes. Des v\u00e9rifications r\u00e9guli\u00e8res du syst\u00e8me et une surveillance via le syst\u00e8me de gestion intelligente de l\u2019\u00e9nergie permettent \u00e0 l\u2019enceinte de fonctionner sans probl\u00e8me.<\/p>\n<h3>Puis-je \u00e9tendre le syst\u00e8me plus tard ?<\/h3>\n<p>Absolument. Le syst\u00e8me de stockage de batterie conteneuris\u00e9 est con\u00e7u pour une installation plug-and-play avec prise en charge de la connexion en parall\u00e8le, ce qui rend l\u2019extension de capacit\u00e9 future simple.<\/p>\n<p>Pour des demandes d\u00e9taill\u00e9es et des devis adapt\u00e9s \u00e0 votre projet \u00e9nerg\u00e9tique, envisagez de visiter notre <a href=\"https:\/\/haisicstorage.com\/fr\/quotes-list\/\">page de liste de devis<\/a> pour un support personnalis\u00e9.<\/p>","protected":false},"excerpt":{"rendered":"<p>Haisic 1MWh ESS syst\u00e8me de stockage d'\u00e9nergie solaire en conteneur pr\u00e9sente des batteries LiFePO4, un onduleur hybride de 500 kW, une conception \u00e9volutive et une protection ext\u00e9rieure IP54<\/p>","protected":false},"featured_media":2666,"template":"","meta":{"site-sidebar-layout":"default","site-content-layout":"","ast-site-content-layout":"default","site-content-style":"default","site-sidebar-style":"default","ast-global-header-display":"","ast-banner-title-visibility":"","ast-main-header-display":"","ast-hfb-above-header-display":"","ast-hfb-below-header-display":"","ast-hfb-mobile-header-display":"","site-post-title":"","ast-breadcrumbs-content":"","ast-featured-img":"","footer-sml-layout":"","ast-disable-related-posts":"","theme-transparent-header-meta":"default","adv-header-id-meta":"","stick-header-meta":"default","header-above-stick-meta":"","header-main-stick-meta":"","header-below-stick-meta":"","astra-migrate-meta-layouts":"set","ast-page-background-enabled":"default","ast-page-background-meta":{"desktop":{"background-color":"var(--ast-global-color-4)","background-image":"","background-repeat":"repeat","background-position":"center center","background-size":"auto","background-attachment":"scroll","background-type":"","background-media":"","overlay-type":"","overlay-color":"","overlay-opacity":"","overlay-gradient":""},"tablet":{"background-color":"","background-image":"","background-repeat":"repeat","background-position":"center center","background-size":"auto","background-attachment":"scroll","background-type":"","background-media":"","overlay-type":"","overlay-color":"","overlay-opacity":"","overlay-gradient":""},"mobile":{"background-color":"","background-image":"","background-repeat":"repeat","background-position":"center center","background-size":"auto","background-attachment":"scroll","background-type":"","background-media":"","overlay-type":"","overlay-color":"","overlay-opacity":"","overlay-gradient":""}},"ast-content-background-meta":{"desktop":{"background-color":"var(--ast-global-color-5)","background-image":"","background-repeat":"repeat","background-position":"center center","background-size":"auto","background-attachment":"scroll","background-type":"","background-media":"","overlay-type":"","overlay-color":"","overlay-opacity":"","overlay-gradient":""},"tablet":{"background-color":"var(--ast-global-color-5)","background-image":"","background-repeat":"repeat","background-position":"center center","background-size":"auto","background-attachment":"scroll","background-type":"","background-media":"","overlay-type":"","overlay-color":"","overlay-opacity":"","overlay-gradient":""},"mobile":{"background-color":"var(--ast-global-color-5)","background-image":"","background-repeat":"repeat","background-position":"center center","background-size":"auto","background-attachment":"scroll","background-type":"","background-media":"","overlay-type":"","overlay-color":"","overlay-opacity":"","overlay-gradient":""}}},"product_brand":[],"product_cat":[44],"product_tag":[],"class_list":{"0":"post-2663","1":"product","2":"type-product","3":"status-publish","4":"has-post-thumbnail","6":"product_cat-commercial-industrial-ess","7":"desktop-align-left","8":"tablet-align-left","9":"mobile-align-left","10":"ast-product-gallery-layout-horizontal-slider","11":"ast-product-tabs-layout-horizontal","13":"first","14":"instock","15":"shipping-taxable","16":"purchasable","17":"product-type-simple"},"_links":{"self":[{"href":"https:\/\/haisicstorage.com\/fr\/wp-json\/wp\/v2\/product\/2663","targetHints":{"allow":["GET"]}}],"collection":[{"href":"https:\/\/haisicstorage.com\/fr\/wp-json\/wp\/v2\/product"}],"about":[{"href":"https:\/\/haisicstorage.com\/fr\/wp-json\/wp\/v2\/types\/product"}],"version-history":[{"count":1,"href":"https:\/\/haisicstorage.com\/fr\/wp-json\/wp\/v2\/product\/2663\/revisions"}],"predecessor-version":[{"id":2668,"href":"https:\/\/haisicstorage.com\/fr\/wp-json\/wp\/v2\/product\/2663\/revisions\/2668"}],"wp:featuredmedia":[{"embeddable":true,"href":"https:\/\/haisicstorage.com\/fr\/wp-json\/wp\/v2\/media\/2666"}],"wp:attachment":[{"href":"https:\/\/haisicstorage.com\/fr\/wp-json\/wp\/v2\/media?parent=2663"}],"wp:term":[{"taxonomy":"product_brand","embeddable":true,"href":"https:\/\/haisicstorage.com\/fr\/wp-json\/wp\/v2\/product_brand?post=2663"},{"taxonomy":"product_cat","embeddable":true,"href":"https:\/\/haisicstorage.com\/fr\/wp-json\/wp\/v2\/product_cat?post=2663"},{"taxonomy":"product_tag","embeddable":true,"href":"https:\/\/haisicstorage.com\/fr\/wp-json\/wp\/v2\/product_tag?post=2663"}],"curies":[{"name":"wp","href":"https:\/\/api.w.org\/{rel}","templated":true}]}}