{"id":2659,"date":"2025-12-14T09:04:44","date_gmt":"2025-12-14T09:04:44","guid":{"rendered":"https:\/\/haisicstorage.com\/haisic-ess-energy-storage-container-100kw200kw500kw-solar-power-system\/"},"modified":"2026-02-27T06:48:59","modified_gmt":"2026-02-27T06:48:59","slug":"haisic-ess-energy-storage-container-100kw200kw500kw-solar-power-system","status":"publish","type":"product","link":"https:\/\/haisicstorage.com\/fr\/haisic-ess-energy-storage-container-100kw200kw500kw-solar-power-system\/","title":{"rendered":"Syst\u00e8me solaire ESS Haisic Conteneur 100 kW 200 kW 500 kW"},"content":{"rendered":"<h2>Aper\u00e7u du produit<\/h2>\n<p>La s\u00e9rie ESS containeris\u00e9e de Haisic propose une solution de stockage d'\u00e9nergie compacte et tout-en-un con\u00e7ue sp\u00e9cialement pour les syst\u00e8mes solaires commerciaux et industriels. Bas\u00e9s sur une technologie de batterie LiFePO4 (phosphate de fer lithium), ces conteneurs offrent des performances fiables et durables avec une s\u00e9curit\u00e9 renforc\u00e9e.<\/p>\n<p>Disponible dans des options de puissance flexibles \u2014 100kW, 200kW et 500kW \u2014 l\u2019ESS de Haisic s\u2019int\u00e8gre parfaitement aux r\u00e9seaux hybrides solaires, soutenant les configurations en r\u00e9seau et hors r\u00e9seau. Cette flexibilit\u00e9 le rend id\u00e9al pour am\u00e9liorer l\u2019utilisation du solaire, g\u00e9rer les charges \u00e9nerg\u00e9tiques et assurer une alimentation continue dans une vari\u00e9t\u00e9 d\u2019applications.<\/p>\n<p>Avec un focus sur la durabilit\u00e9 et l\u2019efficacit\u00e9, le conteneur de stockage solaire Haisic est con\u00e7u pour r\u00e9sister \u00e0 des environnements exigeants tout en offrant un stockage d\u2019\u00e9nergie \u00e9volutif qui grandit avec vos besoins.<\/p>\n<h2>Avantages cl\u00e9s de l\u2019ESS Haisic Energy Storage Container<\/h2>\n<p>Le Conteneur de Stockage ESS Haisic offre une gamme d\u2019avantages adapt\u00e9e aux installations solaires commerciales et industrielles :<\/p>\n<ul>\n<li>\n<h3>Gestion fiable de l\u2019alimentation<\/h3>\n<p>G\u00e8re l\u2019\u00e9lan de puissance, le d\u00e9calage de charge et l\u2019alimentation de secours en douceur, assurant une utilisation stable de l\u2019\u00e9nergie et moins de tension sur le r\u00e9seau.<\/li>\n<li>\n<h3>Sortie solaire maximis\u00e9e<\/h3>\n<p>Des onduleurs hybrides haute efficacit\u00e9 de 200kW optimisent l\u2019utilisation de l\u2019\u00e9nergie solaire, rendant votre syst\u00e8me plus intelligent et plus propres.<\/li>\n<li>\n<h3>\u00c9volutif et modulaire<\/h3>\n<p>\u00c9largissez facilement votre capacit\u00e9 \u00e9nerg\u00e9tique gr\u00e2ce \u00e0 un design modulaire \u2014 ajoutez plus de conteneurs \u00e0 mesure que vos besoins augmentent.<\/li>\n<li>\n<h3>Caract\u00e9ristiques de s\u00e9curit\u00e9 de premier ordre<\/h3>\n<p>Les cellules LiFePO4 r\u00e9duisent les risques thermiques, tandis que le syst\u00e8me int\u00e9gr\u00e9 de suppression d\u2019incendie procure une tranquillit\u00e9 d\u2019esprit suppl\u00e9mentaire.<\/li>\n<li>\n<h3>\u00c9conomies<\/h3>\n<p>Moins de d\u00e9pendance au r\u00e9seau signifie des factures d\u2019\u00e9lectricit\u00e9 plus faibles. De plus, la longue dur\u00e9e de vie r\u00e9duit les co\u00fbts de remplacement au fil du temps.<\/li>\n<\/ul>\n<table>\n<thead>\n<tr>\n<th>Avantage<\/th>\n<th>Description<\/th>\n<\/tr>\n<\/thead>\n<tbody>\n<tr>\n<td>\u00c9lagage de pointe et sauvegarde<\/td>\n<td>Utilisation d\u2019\u00e9nergie fluide, alimentation de secours fiable<\/td>\n<\/tr>\n<tr>\n<td>Meilleure utilisation du solaire<\/td>\n<td>Onduleurs hybrides efficaces pour un gain solaire maximal<\/td>\n<\/tr>\n<tr>\n<td>Expansion \u00e9volutive<\/td>\n<td>La configuration modulaire permet une croissance facile du syst\u00e8me<\/td>\n<\/tr>\n<tr>\n<td>S\u00e9curit\u00e9 sup\u00e9rieure<\/td>\n<td>R\u00e9tention\/Extinction d'incendie et technologie LiFePO4 s\u00fbre<\/td>\n<\/tr>\n<tr>\n<td>Efficacit\u00e9 des co\u00fbts<\/td>\n<td>R\u00e9duction de l'utilisation du r\u00e9seau et longue dur\u00e9e de vie de la batterie<\/td>\n<\/tr>\n<\/tbody>\n<\/table>\n<p>Pour une analyse approfondie des \u00e9conomies d'\u00e9nergie et des options de syst\u00e8me, consultez nos insights sur <a href=\"https:\/\/haisicstorage.com\/fr\/cost-of-solar-battery-storage\/\">co\u00fbt du stockage de batteries solaires<\/a>.<\/p>\n<h2>Fonctionnalit\u00e9s de base du conteneur de stockage d'\u00e9nergie Haisic ESS<\/h2>\n<p>Le conteneur de stockage d'\u00e9nergie Haisic ESS est dot\u00e9 de fonctionnalit\u00e9s intelligentes con\u00e7ues pour la fiabilit\u00e9 et l'efficacit\u00e9 dans les configurations solaires commerciales et industrielles. Voici ce qui le distingue :<\/p>\n<ul>\n<li><strong>Syst\u00e8me de refroidissement avanc\u00e9 :<\/strong> Choisissez entre refroidissement liquide ou climatisation pour maintenir la temp\u00e9rature de la batterie stable et les performances optimales, m\u00eame dans des climats difficiles.<\/li>\n<li><strong>Syst\u00e8mes de gestion int\u00e9gr\u00e9s :<\/strong> Comprend un syst\u00e8me de gestion de batterie (BMS) de premier ordre, un syst\u00e8me de gestion de l'\u00e9nergie (EMS) et prend en charge la communication Modbus TCP\/IP pour une surveillance et un contr\u00f4le fluides.<\/li>\n<li><strong>Conception robuste en ext\u00e9rieur :<\/strong> Le conteneur est class\u00e9 IP54, garantissant une r\u00e9sistance \u00e0 la poussi\u00e8re et \u00e0 l'eau. Il est con\u00e7u pour r\u00e9sister \u00e0 des conditions ext\u00e9rieures difficiles sans compromettre la s\u00e9curit\u00e9.<\/li>\n<li><strong>Exploitation flexible du r\u00e9seau :<\/strong> Prend en charge les modes hybrides on-grid et off-grid, ce qui le rend adaptable \u00e0 diverses configurations d'\u00e9nergie solaire.<\/li>\n<li><strong>Syst\u00e8me d'extinction d'incendie :<\/strong> \u00c9quip\u00e9 d'un syst\u00e8me de lutte contre l'incendie automatique int\u00e9gr\u00e9 pour offrir une s\u00e9curit\u00e9 sup\u00e9rieure et pr\u00e9venir les risques de d\u00e9roulement thermique.<\/li>\n<\/ul>\n<table>\n<thead>\n<tr>\n<th>Caract\u00e9ristique<\/th>\n<th>Description<\/th>\n<\/tr>\n<\/thead>\n<tbody>\n<tr>\n<td>Refroidissement<\/td>\n<td>Refroidissement liquide ou ventilation thermique AC<\/td>\n<\/tr>\n<tr>\n<td>Syst\u00e8mes de gestion<\/td>\n<td>BMS, EMS, Modbus TCP\/IP int\u00e9gr\u00e9s<\/td>\n<\/tr>\n<tr>\n<td>Classe de protection<\/td>\n<td>IP54 pour usage ext\u00e9rieur<\/td>\n<\/tr>\n<tr>\n<td>Mode de fonctionnement<\/td>\n<td>R\u00e9seau hybride connect\u00e9 au r\u00e9seau et hors r\u00e9seau<\/td>\n<\/tr>\n<tr>\n<td>S\u00e9curit\u00e9<\/td>\n<td>Syst\u00e8me d\u2019extinction d\u2019incendie int\u00e9gr\u00e9<\/td>\n<\/tr>\n<\/tbody>\n<\/table>\n<p>Ces fonctionnalit\u00e9s centrales garantissent que le BESS Haisic containeris\u00e9 offre un stockage d\u2019\u00e9nergie solaire stable, s\u00fbr et efficace. Pour un regard approfondi sur nos solutions ESS conteneuris\u00e9es, consultez notre <a href=\"https:\/\/haisicstorage.com\/fr\/215kwh-100kw-commercial-industrial-container-ess\/\">ESS conteneuris\u00e9 commercial industriel de 215 kWh et 100 kW<\/a> pour des informations d\u00e9taill\u00e9es.<\/p>\n<h2>Sp\u00e9cifications techniques d\u00e9taill\u00e9es<\/h2>\n<p>Voici un aper\u00e7u clair des principales sp\u00e9cifications pour la s\u00e9rie ESS Energy Storage Container de Haisic, bas\u00e9e sur la technologie de batterie LiFePO4. Le mod\u00e8le d\u2019exemple HS-EE100kW215kWh sert de r\u00e9f\u00e9rence, avec des options \u00e9volutives jusqu\u2019\u00e0 500 kW.<\/p>\n<table>\n<thead>\n<tr>\n<th>Sp\u00e9cification<\/th>\n<th>Mod\u00e8le 100 kW<\/th>\n<th>Mod\u00e8le 200 kW<\/th>\n<th>Mod\u00e8le 500 kW<\/th>\n<\/tr>\n<\/thead>\n<tbody>\n<tr>\n<td><strong>Type de Batterie<\/strong><\/td>\n<td>LiFePO4 (phosphate de fer lithium)<\/td>\n<td>LiFePO4<\/td>\n<td>LiFePO4<\/td>\n<\/tr>\n<tr>\n<td><strong>Num\u00e9ro de mod\u00e8le<\/strong><\/td>\n<td>HS-EE100kW215kWh<\/td>\n<td>HS-EE200kWxxxkWh<\/td>\n<td>HS-EE500kWxxxkWh<\/td>\n<\/tr>\n<tr>\n<td><strong>\u00c9nergie nominale<\/strong><\/td>\n<td>114,688 kWh<\/td>\n<td>230 kWh (approximativement)<\/td>\n<td>575 kWh (approximativement)<\/td>\n<\/tr>\n<tr>\n<td><strong>Puissance de d\u00e9charge<\/strong><\/td>\n<td>100 kW<\/td>\n<td>200 kW<\/td>\n<td>500 kW<\/td>\n<\/tr>\n<tr>\n<td><strong>Puissance maximale de charge<\/strong><\/td>\n<td>120 kW+<\/td>\n<td>240 kW+<\/td>\n<td>600 kW+<\/td>\n<\/tr>\n<tr>\n<td><strong>Plage de tension du syst\u00e8me<\/strong><\/td>\n<td>358,4 V \u2013 448 V<\/td>\n<td>358,4 V \u2013 448 V<\/td>\n<td>358,4 V \u2013 448 V<\/td>\n<\/tr>\n<tr>\n<td><strong>Tension du r\u00e9seau (AC)<\/strong><\/td>\n<td>230 V \u2013 460 V<\/td>\n<td>230 V \u2013 460 V<\/td>\n<td>230 V \u2013 460 V<\/td>\n<\/tr>\n<tr>\n<td><strong>Dimensions (L x l x H)<\/strong><\/td>\n<td>2300 x 1100 x 2340 mm<\/td>\n<td>Similaire au mod\u00e8le de 100 kW<\/td>\n<td>Identique (design modulaire)<\/td>\n<\/tr>\n<tr>\n<td><strong>Poids<\/strong><\/td>\n<td>Env. 3100 kg<\/td>\n<td>Env. 6200 kg<\/td>\n<td>Env. 15500 kg<\/td>\n<\/tr>\n<tr>\n<td><strong>Efficacit\u00e9<\/strong><\/td>\n<td>\u226585%<\/td>\n<td>\u226585%<\/td>\n<td>\u226585%<\/td>\n<\/tr>\n<tr>\n<td><strong>Temp\u00e9rature de fonctionnement<\/strong><\/td>\n<td>-20\u00b0C \u00e0 50\u00b0C<\/td>\n<td>-20\u00b0C \u00e0 50\u00b0C<\/td>\n<td>-20\u00b0C \u00e0 50\u00b0C<\/td>\n<\/tr>\n<tr>\n<td><strong>Plage d'humidit\u00e9<\/strong><\/td>\n<td>0-95% (non-condensant)<\/td>\n<td>0-95%<\/td>\n<td>0-95%<\/td>\n<\/tr>\n<tr>\n<td><strong>Garantie<\/strong><\/td>\n<td>10 ans<\/td>\n<td>10 ans<\/td>\n<td>10 ans<\/td>\n<\/tr>\n<tr>\n<td><strong>Classe de protection<\/strong><\/td>\n<td>IP54 (r\u00e9sistant aux intemp\u00e9ries)<\/td>\n<td>IP54<\/td>\n<td>IP54<\/td>\n<\/tr>\n<tr>\n<td><strong>Syst\u00e8me de refroidissement<\/strong><\/td>\n<td>Refroidissement liquide \/ Climatisation.<\/td>\n<td>Refroidissement liquide \/ Climatisation.<\/td>\n<td>Refroidissement liquide \/ Climatisation.<\/td>\n<\/tr>\n<tr>\n<td><strong>extinction d'incendie<\/strong><\/td>\n<td>Syst\u00e8me int\u00e9gr\u00e9 d'incendie<\/td>\n<td>Syst\u00e8me int\u00e9gr\u00e9 d'incendie<\/td>\n<td>Syst\u00e8me int\u00e9gr\u00e9 d'incendie<\/td>\n<\/tr>\n<tr>\n<td><strong>Interface de communication<\/strong><\/td>\n<td>Ethernet, Modbus TCP\/IP<\/td>\n<td>Ethernet, Modbus TCP\/IP<\/td>\n<td>Ethernet, Modbus TCP\/IP<\/td>\n<\/tr>\n<\/tbody>\n<\/table>\n<p>Tous les mod\u00e8les pr\u00e9sentent un design compact et conteneuris\u00e9 con\u00e7u pour une utilisation en ext\u00e9rieur, r\u00e9sistant \u00e0 des environnements difficiles. La plage de tension syst\u00e8me et de tension du r\u00e9seau est ajustable pour correspondre \u00e0 votre installation \u00e9lectrique. De plus, gr\u00e2ce au refroidissement liquide avanc\u00e9 et \u00e0 la suppression automatique des incendies, les conteneurs offrent des performances stables et s\u00fbres.<\/p>\n<p>Pour un aper\u00e7u plus approfondi sur le stockage d'\u00e9nergie \u00e0 petite \u00e9chelle, consultez notre <a href=\"https:\/\/haisicstorage.com\/fr\/high-volt-stacked-20kwh\/\">syst\u00e8me empil\u00e9 haute tension de 20 kWh<\/a> et <a href=\"https:\/\/haisicstorage.com\/fr\/high-volt-stacked-30kwh\/\">solution 30 kWh<\/a> pour une int\u00e9gration solaire efficace \u00e0 une autre \u00e9chelle.<\/p>\n<h2>Applications du syst\u00e8me<\/h2>\n<p>Le conteneur de stockage d'\u00e9nergie ESS Haisic s'int\u00e8gre parfaitement \u00e0 divers syst\u00e8mes solaires, des fermes solaires commerciales aux installations sur les toits. Il est id\u00e9al pour les installations industrielles visant \u00e0 r\u00e9duire les co\u00fbts \u00e9nerg\u00e9tiques et \u00e0 augmenter l'efficacit\u00e9. Que vous ayez besoin d'une solution hors r\u00e9seau ou d'un syst\u00e8me hybride solaire, ce BESS conteneuris\u00e9 offre la flexibilit\u00e9 dont vous avez besoin.<\/p>\n<p>C\u2019est aussi un fort candidat pour des projets \u00e0 l\u2019\u00e9chelle utilitaire int\u00e9grant les \u00e9nergies renouvelables, aidant \u00e0 \u00e9quilibrer la demande du r\u00e9seau. De plus, sa puissance de secours fiable et sa gestion de la demande de pointe en font un choix judicieux lors d\u2019urgences ou de p\u00e9riodes de forte consommation.<\/p>\n<p>Pour ceux qui souhaitent maximiser leur investissement solaire, consultez notre guide d\u00e9taill\u00e9 sur le <a href=\"https:\/\/haisicstorage.com\/fr\/best-battery-storage-for-solar\/\">meilleur stockage par batterie pour solaire<\/a> pour voir comment les solutions Haisic s\u2019int\u00e8grent.<\/p>\n<h2>S\u00e9curit\u00e9 et conformit\u00e9<\/h2>\n<p>Le conteneur ESS Haisic privil\u00e9gie la s\u00e9curit\u00e9 avec des syst\u00e8mes de protection \u00e0 plusieurs niveaux. Il est dot\u00e9 d\u2019un syst\u00e8me avanc\u00e9 de gestion de batterie (BMS) qui surveille la sant\u00e9 des cellules, la tension et la temp\u00e9rature pour pr\u00e9venir les faults. Le syst\u00e8me de gestion thermique int\u00e9gr\u00e9 maintient les temp\u00e9ratures stables, tandis que le syst\u00e8me d\u2019extinction automatique des incendies assure une r\u00e9ponse rapide en cas d\u2019urgence, ajoutant une couche suppl\u00e9mentaire de s\u00e9curit\u00e9.<\/p>\n<p>Gr\u00e2ce \u00e0 sa technologie LiFePO4, le risque de propagation thermique est pratiquement \u00e9limin\u00e9, ce qui en fait un choix plus s\u00fbr par rapport \u00e0 d\u2019autres chimies lithium-ion. Le conteneur respecte \u00e9galement des certifications internationales strictes et se conforme aux normes industrielles pertinentes, garantissant une op\u00e9ration fiable et en s\u00e9curit\u00e9 dans les environnements commerciaux et industriels.<\/p>\n<p>Cette focalisation sur la s\u00e9curit\u00e9 et la conformit\u00e9 fait du BESS conteneuris\u00e9 de Haisic une option id\u00e9ale pour les utilisateurs recherchant la tranquillit\u00e9 d\u2019esprit associ\u00e9e \u00e0 une stockage d\u2019\u00e9nergie performante.<\/p>\n<h2>Installation et maintenance<\/h2>\n<p>Le conteneur de stockage d'\u00e9nergie ESS Haisic est livr\u00e9 avec une conception de conteneur plug-and-play, ce qui rend l'installation rapide et sans souci. Vous pouvez mettre votre syst\u00e8me en marche en un rien de temps, id\u00e9al pour des tourn\u00e9es de projets rapides. La surveillance \u00e0 distance est int\u00e9gr\u00e9e via Ethernet, vous offrant des informations et un contr\u00f4le en temps r\u00e9el de n'importe o\u00f9.<\/p>\n<p>L'entretien est simple gr\u00e2ce \u00e0 des composants modulaires faciles d'acc\u00e8s et rempla\u00e7ables, ce qui minimise les temps d'arr\u00eat et les co\u00fbts de service. Et si vous avez besoin de plus de capacit\u00e9, ces syst\u00e8mes prennent en charge le fonctionnement en parall\u00e8le, vous permettant d'\u00e9tendre sans probl\u00e8me votre stockage d'\u00e9nergie \u00e0 mesure que vos besoins \u00e9voluent.<\/p>\n<p>Pour plus de d\u00e9tails sur les options de stockage de batterie et la facilit\u00e9 d'int\u00e9gration, consultez notre guide sur <a href=\"https:\/\/haisicstorage.com\/fr\/battery-storage-for-home\/\">de stockage par batterie pour la maison<\/a> et d\u00e9couvrez comment les syst\u00e8mes ESS solaires modulaires simplifient la gestion de l'\u00e9nergie.<\/p>\n<h2>Pourquoi choisir Haisic<\/h2>\n<p>Choisir Haisic, c'est faire confiance \u00e0 plus de 12 ans d'exp\u00e9rience en tant que premier fabricant de batteries de stockage d'\u00e9nergie. Nous allions technologie de pointe et savoir-faire approfondi, gr\u00e2ce \u00e0 nos propres installations de R&amp;D et de production. Cela nous permet de proposer des solutions de stockage d'\u00e9nergie de haute qualit\u00e9 et fiables \u00e0 chaque fois.<\/p>\n<h3>Ce qui distingue Haisic<\/h3>\n<table>\n<thead>\n<tr>\n<th>Caract\u00e9ristique<\/th>\n<th>Avantage<\/th>\n<\/tr>\n<\/thead>\n<tbody>\n<tr>\n<td>Plus de 12 ans d'exp\u00e9rience dans l'industrie<\/td>\n<td>Expertise av\u00e9r\u00e9e et fiabilit\u00e9 des produits<\/td>\n<\/tr>\n<tr>\n<td>R&amp;D et fabrication en interne<\/td>\n<td>Innovation plus rapide et contr\u00f4le qualit\u00e9 strict<\/td>\n<\/tr>\n<tr>\n<td>Options OEM\/ODM personnalis\u00e9es<\/td>\n<td>Solutions adapt\u00e9es pour r\u00e9pondre \u00e0 des besoins uniques<\/td>\n<\/tr>\n<tr>\n<td>Exp\u00e9rience de projets mondiaux<\/td>\n<td>Fiable pour les clients du monde entier<\/td>\n<\/tr>\n<\/tbody>\n<\/table>\n<p>Notre engagement envers la qualit\u00e9 et la satisfaction client est solide \u2014 les solutions de stockage par batteries Haisic ont \u00e9t\u00e9 d\u00e9ploy\u00e9es avec succ\u00e8s dans des projets commerciaux, industriels et \u00e0 grande \u00e9chelle dans le monde entier. Que vous ayez besoin d'un BESS conteneuris\u00e9 personnalis\u00e9 ou d'un syst\u00e8me ESS solaire \u00e9volutif, Haisic dispose de l'expertise et de la flexibilit\u00e9 pour atteindre vos objectifs \u00e9nerg\u00e9tiques de mani\u00e8re efficace et s\u00fbre.<\/p>\n<p>Pour des options de stockage \u00e0 petite \u00e9chelle ou domestique, vous pourriez \u00e9galement explorer le fiable <a href=\"https:\/\/haisicstorage.com\/fr\/touchscreen-20480wh-home-energy-storage-battery\/\">batterie de stockage d'\u00e9nergie domestique \u00e0 \u00e9cran tactile<\/a> pour compl\u00e9ter votre installation solaire.<\/p>\n<h2>Produits et accessoires connexes<\/h2>\n<p>Les conteneurs de stockage d'\u00e9nergie ESS Haisic fonctionnent sans heurt avec une gamme d'onduleurs et de panneaux solaires compatibles, assurant des performances optimales et une int\u00e9gration fluide de l'\u00e9nergie solaire. Pour les projets n\u00e9cessitant plus de capacit\u00e9, nous proposons des extensions \u00e0 plus haute capacit\u00e9, notamment des syst\u00e8mes de grande \u00e9chelle de plus de 1 MWh, parfaits pour des applications utilitaires ou industrielles.<\/p>\n<p>Si vous cherchez des options \u00e0 plus petite \u00e9chelle, d\u00e9couvrez nos alternatives de stockage domestiques et portables con\u00e7ues pour une utilisation \u00e0 domicile ou pour les besoins \u00e9nerg\u00e9tiques mobiles. Ces solutions conservent la m\u00eame technologie LiFePO4 de haute qualit\u00e9 et la fiabilit\u00e9 que vous attendez de Haisic.<\/p>\n<p>Explorez notre gamme compl\u00e8te d'options de stockage d'\u00e9nergie, y compris <a href=\"https:\/\/haisicstorage.com\/fr\/51-2v-100ah-5120wh-floor-mounted-home-energy-storage\/\">stockage d'\u00e9nergie domestique mont\u00e9 au sol<\/a> et compact <a href=\"https:\/\/haisicstorage.com\/fr\/haisic-15kwh-lifepo4-solar-battery-pack-512v-305ah\/\">kits de batteries solaires<\/a>, pour trouver la paire parfaite pour votre syst\u00e8me d'\u00e9nergie solaire.<\/p>\n<h2>FAQ : questions fr\u00e9quentes sur la taille, l'int\u00e9gration, le ROI et le support<\/h2>\n<h3>Comment choisir la bonne taille pour mon conteneur de stockage d'\u00e9nergie ?<\/h3>\n<p>Choisir le bon conteneur de stockage d'\u00e9nergie ESS Haisic d\u00e9pend de vos besoins \u00e9nerg\u00e9tiques, que ce soit pour l'\u00e9puration des pics, l'alimentation de secours ou le d\u00e9calage de la charge. Nos options de 100 kW, 200 kW et 500 kW couvrent une large gamme d'exigences commerciales et industrielles. Nous vous recommandons de consulter notre \u00e9quipe pour \u00e9valuer votre production solaire, vos habitudes de consommation et vos projets d'expansion futurs.<\/p>\n<h3>Le ESS conteneuris\u00e9 peut-il s'int\u00e9grer facilement aux syst\u00e8mes solaires existants ?<\/h3>\n<p>Oui. Ces syst\u00e8mes sont con\u00e7us pour fonctionner sans probl\u00e8me avec les installations solaires hybrides et raccord\u00e9es au r\u00e9seau. Gr\u00e2ce \u00e0 une communication Modbus TCP\/IP avanc\u00e9e et \u00e0 la compatibilit\u00e9 avec les onduleurs hybrides, l'int\u00e9gration est fluide. Si vous utilisez des onduleurs ou panneaux solaires compatibles, l'int\u00e9gration devient encore plus rapide.<\/p>\n<h3>Quel est le retour sur investissement (ROI) typique pour ces conteneurs de stockage d'\u00e9nergie solaire ?<\/h3>\n<p>Le ROI varie en fonction de l'utilisation, des co\u00fbts \u00e9nerg\u00e9tiques et des incitations, mais les clients constatent g\u00e9n\u00e9ralement des \u00e9conomies gr\u00e2ce \u00e0 une d\u00e9pendance r\u00e9duite au r\u00e9seau, \u00e0 la gestion de la demande de pointe et \u00e0 une meilleure utilisation de l'\u00e9nergie solaire. La longue dur\u00e9e de vie des batteries LiFePO4 et leur faible maintenance contribuent \u00e0 am\u00e9liorer le ROI global.<\/p>\n<h3>Le.monitoring \u00e0 distance et le support sont-ils disponibles ?<\/h3>\n<p>Absolument. Nos conteneurs ESS permettent une surveillance \u00e0 distance via Ethernet, permettant des v\u00e9rifications et d\u00e9pannages faciles sans visites sur site. Cela signifie moins d'indisponibilit\u00e9 et une maintenance plus efficace.<\/p>\n<h3>Quelle est l'\u00e9volutivit\u00e9 du syst\u00e8me si mes besoins \u00e9nerg\u00e9tiques augmentent ?<\/h3>\n<p>Le design modulaire de Haisic permet le fonctionnement en parall\u00e8le, vous permettant d'\u00e9tendre la capacit\u00e9 en ajoutant facilement d'autres conteneurs ou batteries. Cette flexibilit\u00e9 aide \u00e0 r\u00e9pondre \u00e0 des demandes \u00e9nerg\u00e9tiques croissantes sans remplacer l'infrastructure existante.<\/p>\n<p>Si vous recherchez des solutions \u00e0 plus petite \u00e9chelle, envisagez \u00e9galement nos <a href=\"https:\/\/haisicstorage.com\/fr\/wall-mounted-51-2v-100ah-5kwh\/\">options ESS r\u00e9sidentielles murales<\/a> destin\u00e9es au stockage d'\u00e9nergie domestique. Pour des questions sp\u00e9cifiques, notre \u00e9quipe de support est toujours pr\u00eate \u00e0 vous aider \u00e0 personnaliser et optimiser votre syst\u00e8me \u00e9nerg\u00e9tique.<\/p>\n<h2>Contactez-nous \/ Obtenir un devis<\/h2>\n<p>Pr\u00eat \u00e0 am\u00e9liorer votre projet solaire avec le conteneur de stockage d'\u00e9nergie ESS Haisic ? Que vous ayez besoin d'un syst\u00e8me de stockage hybride solaire de 100 kW, 200 kW ou 500 kW, nous sommes l\u00e0 pour vous aider avec des solutions sur mesure adapt\u00e9es \u00e0 vos besoins commerciaux ou industriels. Contactez-nous d\u00e8s aujourd'hui pour une consultation d'expert, des configurations personnalis\u00e9es ou un devis d\u00e9taill\u00e9.<\/p>\n<p>Notre \u00e9quipe se tient pr\u00eate \u00e0 aider avec des conseils de dimensionnement, un soutien \u00e0 l\u2019int\u00e9gration et tout ce qui se situe entre les deux. D\u00e9couvrez davantage sur nos solutions de stockage d'\u00e9nergie et obtenez votre proposition personnalis\u00e9e en visitant notre <a href=\"https:\/\/haisicstorage.com\/fr\/solutions\/\">page de consultation de projets de stockage d'\u00e9nergie<\/a> ou en demandant un devis direct via notre <a href=\"https:\/\/haisicstorage.com\/fr\/quotes-list\/\">formulaire de demande personnalis\u00e9<\/a>.<\/p>\n<p>Travaillons ensemble pour optimiser votre syst\u00e8me photovolta\u00efque avec un stockage d'\u00e9nergie fiable, \u00e9volutif et s\u00fbr de Haisic.<\/p>","protected":false},"excerpt":{"rendered":"<p>Le Conteneur de stockage d'\u00e9nergie ESS Haisic offre des syst\u00e8mes hybrides solaires LiFePO4 \u00e9volutifs de 100kW \u00e0 500kW avec une s\u00e9curit\u00e9 avanc\u00e9e et une haute efficacit\u00e9.<\/p>","protected":false},"featured_media":3477,"template":"","meta":{"site-sidebar-layout":"default","site-content-layout":"","ast-site-content-layout":"default","site-content-style":"default","site-sidebar-style":"default","ast-global-header-display":"","ast-banner-title-visibility":"","ast-main-header-display":"","ast-hfb-above-header-display":"","ast-hfb-below-header-display":"","ast-hfb-mobile-header-display":"","site-post-title":"","ast-breadcrumbs-content":"","ast-featured-img":"","footer-sml-layout":"","ast-disable-related-posts":"","theme-transparent-header-meta":"default","adv-header-id-meta":"","stick-header-meta":"default","header-above-stick-meta":"","header-main-stick-meta":"","header-below-stick-meta":"","astra-migrate-meta-layouts":"set","ast-page-background-enabled":"default","ast-page-background-meta":{"desktop":{"background-color":"var(--ast-global-color-4)","background-image":"","background-repeat":"repeat","background-position":"center center","background-size":"auto","background-attachment":"scroll","background-type":"","background-media":"","overlay-type":"","overlay-color":"","overlay-opacity":"","overlay-gradient":""},"tablet":{"background-color":"","background-image":"","background-repeat":"repeat","background-position":"center center","background-size":"auto","background-attachment":"scroll","background-type":"","background-media":"","overlay-type":"","overlay-color":"","overlay-opacity":"","overlay-gradient":""},"mobile":{"background-color":"","background-image":"","background-repeat":"repeat","background-position":"center center","background-size":"auto","background-attachment":"scroll","background-type":"","background-media":"","overlay-type":"","overlay-color":"","overlay-opacity":"","overlay-gradient":""}},"ast-content-background-meta":{"desktop":{"background-color":"var(--ast-global-color-5)","background-image":"","background-repeat":"repeat","background-position":"center center","background-size":"auto","background-attachment":"scroll","background-type":"","background-media":"","overlay-type":"","overlay-color":"","overlay-opacity":"","overlay-gradient":""},"tablet":{"background-color":"var(--ast-global-color-5)","background-image":"","background-repeat":"repeat","background-position":"center center","background-size":"auto","background-attachment":"scroll","background-type":"","background-media":"","overlay-type":"","overlay-color":"","overlay-opacity":"","overlay-gradient":""},"mobile":{"background-color":"var(--ast-global-color-5)","background-image":"","background-repeat":"repeat","background-position":"center center","background-size":"auto","background-attachment":"scroll","background-type":"","background-media":"","overlay-type":"","overlay-color":"","overlay-opacity":"","overlay-gradient":""}}},"product_brand":[],"product_cat":[44],"product_tag":[],"class_list":{"0":"post-2659","1":"product","2":"type-product","3":"status-publish","4":"has-post-thumbnail","6":"product_cat-commercial-industrial-ess","7":"desktop-align-left","8":"tablet-align-left","9":"mobile-align-left","10":"ast-product-gallery-layout-horizontal-slider","11":"ast-product-tabs-layout-horizontal","13":"first","14":"instock","15":"shipping-taxable","16":"purchasable","17":"product-type-simple"},"_links":{"self":[{"href":"https:\/\/haisicstorage.com\/fr\/wp-json\/wp\/v2\/product\/2659","targetHints":{"allow":["GET"]}}],"collection":[{"href":"https:\/\/haisicstorage.com\/fr\/wp-json\/wp\/v2\/product"}],"about":[{"href":"https:\/\/haisicstorage.com\/fr\/wp-json\/wp\/v2\/types\/product"}],"version-history":[{"count":1,"href":"https:\/\/haisicstorage.com\/fr\/wp-json\/wp\/v2\/product\/2659\/revisions"}],"predecessor-version":[{"id":2662,"href":"https:\/\/haisicstorage.com\/fr\/wp-json\/wp\/v2\/product\/2659\/revisions\/2662"}],"wp:featuredmedia":[{"embeddable":true,"href":"https:\/\/haisicstorage.com\/fr\/wp-json\/wp\/v2\/media\/3477"}],"wp:attachment":[{"href":"https:\/\/haisicstorage.com\/fr\/wp-json\/wp\/v2\/media?parent=2659"}],"wp:term":[{"taxonomy":"product_brand","embeddable":true,"href":"https:\/\/haisicstorage.com\/fr\/wp-json\/wp\/v2\/product_brand?post=2659"},{"taxonomy":"product_cat","embeddable":true,"href":"https:\/\/haisicstorage.com\/fr\/wp-json\/wp\/v2\/product_cat?post=2659"},{"taxonomy":"product_tag","embeddable":true,"href":"https:\/\/haisicstorage.com\/fr\/wp-json\/wp\/v2\/product_tag?post=2659"}],"curies":[{"name":"wp","href":"https:\/\/api.w.org\/{rel}","templated":true}]}}