{"id":2124,"date":"2025-12-08T01:57:20","date_gmt":"2025-12-08T01:57:20","guid":{"rendered":"https:\/\/haisicstorage.com\/?post_type=product&#038;p=2124"},"modified":"2026-02-27T06:46:11","modified_gmt":"2026-02-27T06:46:11","slug":"12-8v-280ah-bms-battery-storage-system","status":"publish","type":"product","link":"https:\/\/haisicstorage.com\/fr\/12-8v-280ah-bms-battery-storage-system\/","title":{"rendered":"Syst\u00e8me de stockage de batteries Bms 12,8V 280Ah"},"content":{"rendered":"<p>Syst\u00e8me de gestion de batterie intelligent : BMS int\u00e9gr\u00e9 de haute pr\u00e9cision offrant une protection contre la surcharge, la d\u00e9charge profonde, le surintensit\u00e9, le court-circuit et la temp\u00e9rature. Il surveille l'\u00e9tat des cellules en temps r\u00e9el et permet la consultation des donn\u00e9es et la gestion \u00e0 distance via des interfaces de communication (par exemple, UART\/RS485), garantissant un fonctionnement fiable et sans souci.<\/p>\n<p>Construction robuste et application polyvalente : Dot\u00e9 d'un bo\u00eetier robuste et d'une conception modulaire avec une excellente r\u00e9sistance aux chocs et \u00e0 la poussi\u00e8re. Supporte une temp\u00e9rature de fonctionnement allant de -20\u00b0C \u00e0 60\u00b0C, adapt\u00e9e \u00e0 divers environnements difficiles.<\/p>\n<p>S\u00e9curit\u00e9 et durabilit\u00e9 de niveau automobile : Bas\u00e9 sur la chimie tr\u00e8s stable du lithium fer phosphate (LiFePO\u2084), il offre une stabilit\u00e9 thermique et une s\u00e9curit\u00e9 exceptionnelles. Avec une longue dur\u00e9e de vie en cycle d\u00e9passant 6 000 cycles de charge-d\u00e9charge standard\u2014plusieurs fois celle des batteries au plomb-acide\u2014il r\u00e9duit le co\u00fbt total de possession sur toute sa dur\u00e9e de vie.<\/p>\n<p>Sc\u00e9narios d'application :<\/p>\n<p>Stockage d'\u00e9nergie pour camping-car\/navire : Remplace les batteries au plomb-acide traditionnelles pour alimenter l'\u00e9clairage, les r\u00e9frig\u00e9rateurs, les climatiseurs et autres appareils.<\/p>\n<p>Stockage solaire r\u00e9sidentiel : Sert d'unit\u00e9 principale de stockage d'\u00e9nergie pour les syst\u00e8mes photovolta\u00efques hors r\u00e9seau \/ connect\u00e9s au r\u00e9seau.<\/p>\n<p>\u00c9nergie ext\u00e9rieure de qualit\u00e9 sup\u00e9rieure \/ Sauvegarde d'urgence : Fournit une alimentation fiable pour le camping, la r\u00e9ponse aux urgences et les applications de secours \u00e0 domicile.<\/p>\n<p>V\u00e9hicules sp\u00e9cialis\u00e9s \/ V\u00e9hicules \u00e9lectriques \u00e0 faible vitesse : Fournit de l'\u00e9nergie pour les voitures de golf, v\u00e9hicules de nettoyage, chariots \u00e9l\u00e9vateurs et applications similaires.<\/p>\n<p>Sauvegarde de station de base de communication : Offre une r\u00e9serve d'\u00e9nergie stable pour les \u00e9quipements dans des endroits isol\u00e9s ou hors r\u00e9seau.<\/p>\n<p>Valeur du produit :<br \/>\nCe pack de batteries offre des performances exceptionnelles en tant que solution d'\u00e9nergie propre pr\u00eate \u00e0 l'emploi, tirant parti des avantages cl\u00e9s d'une haute capacit\u00e9, d'une s\u00e9curit\u00e9 sup\u00e9rieure et d'une dur\u00e9e de vie prolong\u00e9e. Il repr\u00e9sente non seulement une mise \u00e0 niveau compl\u00e8te par rapport aux batteries traditionnelles, mais aussi un choix id\u00e9al pour des applications \u00e9nerg\u00e9tiques efficaces, fiables et durables. Il est particuli\u00e8rement adapt\u00e9 aux sc\u00e9narios de stockage \u00e0 puissance moyenne \u00e0 \u00e9lev\u00e9e n\u00e9cessitant une endurance et une s\u00e9curit\u00e9 ultimes.<\/p>\n<div class=\"productAttItem\"><\/div>\n<div data-spm-anchor-id=\"a2700.pc-decorate.0.i6.5d033333Lu9Prj\"><strong><span data-spm-anchor-id=\"a2700.pc-decorate.0.i7.5d033333Lu9Prj\">Entrep\u00f4t Allemagne\/France\/Pologne Stock disponible !!!<\/span><\/strong><\/div>\n<div data-spm-anchor-id=\"a2700.pc-decorate.0.i5.5d033333Lu9Prj\"><strong> \u2013pick up from warehouse directly<\/strong><\/div>\n<div data-spm-anchor-id=\"a2700.pc-decorate.0.i5.5d033333Lu9Prj\"><\/div>\n<div data-spm-anchor-id=\"a2700.pc-decorate.0.i5.5d033333Lu9Prj\"><strong>Profil de l'entreprise <\/strong><\/div>\n<div data-spm-anchor-id=\"a2700.pc-decorate.0.i5.5d033333Lu9Prj\"><strong style=\"font-size: 16px;\"><span data-spm-anchor-id=\"a2700.pc-decorate.0.i21.5d033333Lu9Prj\">Fond\u00e9e en 2011, Shenzhen Haisic Technology Co., Ltd. est une entreprise nationale de haute technologie d\u00e9di\u00e9e \u00e0 la recherche, au d\u00e9veloppement et \u00e0 la production de produits de stockage d'\u00e9nergie tels que les batteries LiFePO4, le stockage d'\u00e9nergie commercial et industriel, le stockage d'\u00e9nergie r\u00e9sidentiel, la centrale \u00e9lectrique portable\/g\u00e9n\u00e9rateur solaire, l'onduleur solaire, la batterie de chariot \u00e9l\u00e9vateur, le bus RVA\/batterie de voiturette de golf et autres batteries OEM\/ODM en Chine.<\/span><\/strong><\/div>\n<div data-spm-anchor-id=\"a2700.pc-decorate.0.i5.5d033333Lu9Prj\">\n<div><\/div>\n<div><strong>Profond\u00e9ment impliqu\u00e9e dans ce domaine depuis plus de 12 ans, Haisic Technology a accumul\u00e9 une exp\u00e9rience approfondie en R&amp;D, innovation, contr\u00f4le qualit\u00e9 et gestion. Nos produits sont utilis\u00e9s dans le stockage d'\u00e9nergie domestique, le stockage d'\u00e9nergie industriel, le stockage d'\u00e9nergie commercial, la communication \u00e9lectrique, l'\u00e9lectronique m\u00e9dicale, les communications de s\u00e9curit\u00e9, le transport et la logistique, l'\u00e9nergie nouvelle, la maison intelligente et d'autres domaines connexes. <\/strong><\/div>\n<div><strong>\u00a0<\/strong><\/div>\n<div><strong>We have owned our own production base covering more than 14000m located in Dapeng district of Shenzhen with ISO9001, ISO14001, IS045001 and Amfori BSCI, and our products are with CE, FCC, TUV-UL2054, CQC,RoHs, PSE,MSDS, UN38.3 certificates. We\u2019ve already provided safe, stable, environmentallyfriendly, high-quality products and professional OEM\/ODM services to customers in more than 80 countries and regions. <\/strong><\/div>\n<div><\/div>\n<div><\/div>\n<div><strong>FAQ <\/strong><\/div>\n<div><strong><span data-spm-anchor-id=\"a2700.pc-decorate.0.i33.5d033333Lu9Prj\">1. Qu'est-ce qui est sp\u00e9cial avec les batteries au lithium ?<\/span><\/strong><\/div>\n<div>\n<p><span data-spm-anchor-id=\"a2700.pc-decorate.0.i33.5d033333Lu9Prj\">R : Avec une densit\u00e9 \u00e9nerg\u00e9tique \u00e9lev\u00e9e, elle a atteint 460-600Wh\/kg, soit environ 6 \u00e0 7 fois celle des batteries au plomb. Longue dur\u00e9e de vie, la dur\u00e9e de vie peut atteindre plus de 6 ans. Poids l\u00e9ger, le poids est d'environ 1\/5-6 du produit au plomb sous le m\u00eame volume.<\/span><\/p>\n<p>&nbsp;<\/p>\n<div data-spm-anchor-id=\"a2700.pc-decorate.0.i34.5d033333Lu9Prj\"><strong>2. \u00c0 quoi sert une batterie au lithium ?<br \/>\n<\/strong>A: La batterie au lithium est utilis\u00e9e pour l'alimentation et le stockage d'\u00e9nergie. Comme alimentation de secours d'urgence ou UPS. Puissance \u00e9lectrique fiable et \u00e9nergie de v\u00e9hicule r\u00e9cr\u00e9atif, voiturette de golf, marine fiable et l\u00e9g\u00e8re, stockage d'\u00e9nergie solaire, maison solaire, petite usine de traitement, syst\u00e8mes de surveillance ou d'alarme dans des endroits isol\u00e9s.3. Vos batteries sont-elles s\u00fbres ? A: Nos batteries sont s\u00fbres. Toutes les batteries Zwayn utilisent les composants les plus s\u00fbrs et les plus stables, y compris une cathode LiFePO4 et un syst\u00e8me de gestion de batterie (SGB) int\u00e9gr\u00e9. Le SGB prot\u00e8ge les cellules contre des tensions excessivement \u00e9lev\u00e9es ou basses, des courants \u00e9lev\u00e9s, les courts-circuits et une chaleur ou un froid excessifs. Ce sont les causes les plus fr\u00e9quentes de d\u00e9faillances des batteries, et nous avons pris toutes les pr\u00e9cautions pour att\u00e9nuer ces risques dans toutes nos batteries.<br \/>\n<strong><br \/>\n4. Comment choisir la bonne batterie lithium \u00e0 d\u00e9charge profonde pour mon application ?<br \/>\n<\/strong>R : Dans la plupart des syst\u00e8mes standard de 12, 24 ou 48 volts, le meilleur choix de batterie au lithium est LiFePO4 (Lithium Fer Phosphate\/<br \/>\nCellule de batterie poche\/primaire). La tension de ce type de batterie est tr\u00e8s similaire \u00e0 celle d'une AGM et fonctionnera parfaitement avec les composants de syst\u00e8me facilement<br \/>\ndisponibles pour votre camping-car, bateau, syst\u00e8me d'alimentation hors r\u00e9seau, maison solaire (TV, r\u00e9frig\u00e9rateur, machine \u00e0 laver, climatiseur,<br \/>\nconditioner, chauffe-eau, four micro-ondes, cuisini\u00e8re \u00e0 induction, lave-vaisselle, imprimante, ordinateur), Tour de t\u00e9l\u00e9communication, applications de syst\u00e8mes d'\u00e9nergie solaire hybrides et hors r\u00e9seau. 5. Peut-il \u00eatre configur\u00e9 en s\u00e9rie ou en parall\u00e8le pour utilisation ? R: Oui monsieur, il peut prendre en charge un maximum de 15 en parall\u00e8le pour l\u2019utilisation, Bo\u00eete de stockage jusqu'\u00e0 150 kWh.<br \/>\n<strong><br \/>\n6. Ces batteries sont-elles compatibles avec mon onduleur ? Avez-vous une liste d'entreprises d'onduleurs compatibles ?<br \/>\n<\/strong>R : Oui monsieur, notre pack de batteries peut \u00eatre compatible avec la plupart des marques d'onduleurs sur le march\u00e9, telles que Deye, MUST, SMA, Growatt, Solax, Solis, Sungrow, Sofar, Voltronic, Sorotec, Studer, etc.<\/div>\n<\/div>\n<\/div>","protected":false},"excerpt":{"rendered":"<p>Densit\u00e9 d'\u00e9nergie \u00e9lev\u00e9e, Endurance puissante : Utilisant des cellules lithium fer phosphate (LiFePO\u2084) de 280Ah \u00e0 haute capacit\u00e9, le pack de batteries offre une capacit\u00e9 d'\u00e9nergie totale de 3,584 kWh. Il fournit une sortie d'\u00e9nergie stable et soutenue pour r\u00e9pondre aux exigences d'applications prolong\u00e9es \u00e0 forte consommation d'\u00e9nergie.<\/p>\n<div class=\"productAttItem\">\n<div class=\"productAttTitel\">\n<p>Compatibilit\u00e9 forte et commodit\u00e9 : Avec une tension nominale de 12,8V, il s'int\u00e8gre parfaitement aux syst\u00e8mes de batteries au plomb-acide de 12V et aux \u00e9quipements (par exemple, camping-cars, navires, onduleurs solaires, stations d'\u00e9nergie ext\u00e9rieures). Il permet un remplacement direct et des mises \u00e0 niveau sans modifications complexes, offrant une fonctionnalit\u00e9 plug-and-play.<\/p>\n<\/div>\n<\/div>","protected":false},"featured_media":2748,"template":"","meta":{"site-sidebar-layout":"default","site-content-layout":"","ast-site-content-layout":"default","site-content-style":"default","site-sidebar-style":"default","ast-global-header-display":"","ast-banner-title-visibility":"","ast-main-header-display":"","ast-hfb-above-header-display":"","ast-hfb-below-header-display":"","ast-hfb-mobile-header-display":"","site-post-title":"","ast-breadcrumbs-content":"","ast-featured-img":"","footer-sml-layout":"","ast-disable-related-posts":"","theme-transparent-header-meta":"default","adv-header-id-meta":"","stick-header-meta":"default","header-above-stick-meta":"","header-main-stick-meta":"","header-below-stick-meta":"","astra-migrate-meta-layouts":"set","ast-page-background-enabled":"default","ast-page-background-meta":{"desktop":{"background-color":"var(--ast-global-color-4)","background-image":"","background-repeat":"repeat","background-position":"center center","background-size":"auto","background-attachment":"scroll","background-type":"","background-media":"","overlay-type":"","overlay-color":"","overlay-opacity":"","overlay-gradient":""},"tablet":{"background-color":"","background-image":"","background-repeat":"repeat","background-position":"center center","background-size":"auto","background-attachment":"scroll","background-type":"","background-media":"","overlay-type":"","overlay-color":"","overlay-opacity":"","overlay-gradient":""},"mobile":{"background-color":"","background-image":"","background-repeat":"repeat","background-position":"center center","background-size":"auto","background-attachment":"scroll","background-type":"","background-media":"","overlay-type":"","overlay-color":"","overlay-opacity":"","overlay-gradient":""}},"ast-content-background-meta":{"desktop":{"background-color":"var(--ast-global-color-5)","background-image":"","background-repeat":"repeat","background-position":"center center","background-size":"auto","background-attachment":"scroll","background-type":"","background-media":"","overlay-type":"","overlay-color":"","overlay-opacity":"","overlay-gradient":""},"tablet":{"background-color":"var(--ast-global-color-5)","background-image":"","background-repeat":"repeat","background-position":"center center","background-size":"auto","background-attachment":"scroll","background-type":"","background-media":"","overlay-type":"","overlay-color":"","overlay-opacity":"","overlay-gradient":""},"mobile":{"background-color":"var(--ast-global-color-5)","background-image":"","background-repeat":"repeat","background-position":"center center","background-size":"auto","background-attachment":"scroll","background-type":"","background-media":"","overlay-type":"","overlay-color":"","overlay-opacity":"","overlay-gradient":""}}},"product_brand":[],"product_cat":[53],"product_tag":[],"class_list":{"0":"post-2124","1":"product","2":"type-product","3":"status-publish","4":"has-post-thumbnail","6":"product_cat-lifepo4-battery-packs","7":"desktop-align-left","8":"tablet-align-left","9":"mobile-align-left","10":"ast-product-gallery-layout-horizontal-slider","11":"ast-product-tabs-layout-horizontal","13":"first","14":"instock","15":"shipping-taxable","16":"purchasable","17":"product-type-simple"},"_links":{"self":[{"href":"https:\/\/haisicstorage.com\/fr\/wp-json\/wp\/v2\/product\/2124","targetHints":{"allow":["GET"]}}],"collection":[{"href":"https:\/\/haisicstorage.com\/fr\/wp-json\/wp\/v2\/product"}],"about":[{"href":"https:\/\/haisicstorage.com\/fr\/wp-json\/wp\/v2\/types\/product"}],"version-history":[{"count":7,"href":"https:\/\/haisicstorage.com\/fr\/wp-json\/wp\/v2\/product\/2124\/revisions"}],"predecessor-version":[{"id":3480,"href":"https:\/\/haisicstorage.com\/fr\/wp-json\/wp\/v2\/product\/2124\/revisions\/3480"}],"wp:featuredmedia":[{"embeddable":true,"href":"https:\/\/haisicstorage.com\/fr\/wp-json\/wp\/v2\/media\/2748"}],"wp:attachment":[{"href":"https:\/\/haisicstorage.com\/fr\/wp-json\/wp\/v2\/media?parent=2124"}],"wp:term":[{"taxonomy":"product_brand","embeddable":true,"href":"https:\/\/haisicstorage.com\/fr\/wp-json\/wp\/v2\/product_brand?post=2124"},{"taxonomy":"product_cat","embeddable":true,"href":"https:\/\/haisicstorage.com\/fr\/wp-json\/wp\/v2\/product_cat?post=2124"},{"taxonomy":"product_tag","embeddable":true,"href":"https:\/\/haisicstorage.com\/fr\/wp-json\/wp\/v2\/product_tag?post=2124"}],"curies":[{"name":"wp","href":"https:\/\/api.w.org\/{rel}","templated":true}]}}