{"id":2117,"date":"2025-12-08T01:53:58","date_gmt":"2025-12-08T01:53:58","guid":{"rendered":"https:\/\/haisicstorage.com\/?post_type=product&#038;p=2117"},"modified":"2026-02-27T07:07:52","modified_gmt":"2026-02-27T07:07:52","slug":"lifepo4-batterie-lithium-10kwh-5000w","status":"publish","type":"product","link":"https:\/\/haisicstorage.com\/fr\/lifepo4-batterie-lithium-10kwh-5000w\/","title":{"rendered":"Batterie Lifepo4 lithium 10kWh 5000W"},"content":{"rendered":"<p><strong>Batterie lithium Lifepo4 10kwh 5000w Station d'\u00e9nergie portable Syst\u00e8me de secours \u00e9nerg\u00e9tique<\/strong><\/p>\n<p>D\u00e9couvrez une puissance et une fiabilit\u00e9 in\u00e9gal\u00e9es avec la station d'\u00e9nergie portable lithium Lifepo4 10kwh 5000w.<br \/>\nCon\u00e7ue pour r\u00e9pondre aux exigences rigoureuses des appareils \u00e0 forte consommation d'\u00e9nergie,<br \/>\ncette centrale garantit que vous restez connect\u00e9 et op\u00e9rationnel, quelles que soient les circonstances.<\/p>\n<p><strong>Capacit\u00e9 \u00e9nerg\u00e9tique in\u00e9gal\u00e9e<br \/>\nStockage massif :\u00a0<\/strong>Dot\u00e9e d'une batterie en phosphate de fer lithium de 10kwh, cette station d'\u00e9nergie portable offre une durabilit\u00e9 prolong\u00e9e<br \/>\net une longue dur\u00e9e de cycle, vous assurant de disposer de l'\u00e9nergie quand vous en avez le plus besoin.<\/p>\n<p><strong>Conversion d'\u00e9nergie efficace<\/strong>: \u00c9quip\u00e9 d'un onduleur \u00e0 onde sinuso\u00efdale pure, il fournit une sortie fluide et ininterrompue de 5000W,<br \/>\nadapt\u00e9 pour faire fonctionner les appareils m\u00e9nagers, l'\u00e9quipement m\u00e9dical et m\u00eame les appareils \u00e9lectroniques sensibles sans risque de dommage.<\/p>\n<p><strong>Compatibilit\u00e9 avec la charge solaire<\/strong>: Exploitez la puissance du soleil gr\u00e2ce \u00e0 ses capacit\u00e9s pr\u00eates pour panneau solaire,<br \/>\nassoci\u00e9es \u00e0 un contr\u00f4leur MPPT avanc\u00e9 pour des temps de charge plus rapides et plus efficaces.<\/p>\n<p><strong>Fonctions de s\u00e9curit\u00e9 avanc\u00e9es<br \/>\nProtection compl\u00e8te :\u00a0<\/strong>Cette station d'alimentation ne se contente pas de faire fonctionner vos appareils, elle les prot\u00e8ge \u00e9galement ainsi que l'appareil lui-m\u00eame contre les dommages.<br \/>\nLes fonctionnalit\u00e9s incluent la protection contre la surtension, la surcharge, le court-circuit et la surchauffe.<\/p>\n<p><strong>Fiabilit\u00e9 certifi\u00e9e<\/strong>: La s\u00e9curit\u00e9 est primordiale, c'est pourquoi elle poss\u00e8de des certifications telles que CE, FCC, MSDS,<br \/>\net UN38.3, garantissant qu'elle r\u00e9pond aux normes mondiales de s\u00e9curit\u00e9 et d'efficacit\u00e9.<\/p>\n<p><strong>Conception durable et portable<br \/>\nConstruction robuste :\u00a0<\/strong>L'unit\u00e9 est enferm\u00e9e dans une coque \u00e9tanche, ce qui la rend adapt\u00e9e \u00e0 une utilisation dans divers environnements ext\u00e9rieurs,<br \/>\ndes excursions de camping aux chantiers de construction, sans crainte de dommages caus\u00e9s par les \u00e9l\u00e9ments.<\/p>\n<p><strong>Cas d'utilisation polyvalents<\/strong>: Que ce soit pour une sauvegarde \u00e0 domicile lors de coupures de courant, un soutien pour des \u00e9v\u00e9nements en plein air,<br \/>\nou comme source d'\u00e9nergie fiable pour la vie hors r\u00e9seau, cette station d'alimentation est pr\u00eate \u00e0 relever le d\u00e9fi.<\/p>\n<p><strong>Caract\u00e9ristiques cl\u00e9s et applications<br \/>\nPerformance optimale :<\/strong>\u00a0Avec une tension syst\u00e8me de 230V et une sortie AC de 220V\/5000W,<br \/>\nil peut alimenter plusieurs appareils simultan\u00e9ment, en faisant un centre d'alimentation pour toutes les situations.<\/p>\n<p><strong>Large gamme d'applications<\/strong>: Id\u00e9al pour la sauvegarde d'\u00e9nergie d'urgence, il offre une tranquillit\u00e9 d'esprit lors des coupures de courant,<br \/>\ncatastrophes naturelles et autres \u00e9v\u00e9nements impr\u00e9vus. Sa portabilit\u00e9 le rend \u00e9galement parfait pour les activit\u00e9s r\u00e9cr\u00e9atives en plein air.<\/p>\n<p>La batterie Lifepo4 lithium 10kwh 5000w station d'\u00e9nergie portable n'est pas seulement une solution d'\u00e9nergie ; c'est une partie essentielle de la vie moderne,<br \/>\nassurant que vous et vos appareils restiez aliment\u00e9s et prot\u00e9g\u00e9s, \u00e0 tout moment et en tout lieu. Pr\u00e9parez-vous \u00e0 alimenter votre monde avec efficacit\u00e9, s\u00e9curit\u00e9,<br \/>\net commodit\u00e9 \u2014 le tout dans un emballage robuste.<\/p>","protected":false},"excerpt":{"rendered":"<p>Puissance de pointe en sortie : Max 6000W en pointe<br \/>\nType de batterie : LiFePO4 200Ah*16PCS 16S1P<br \/>\nEntr\u00e9e AC : 2500W (Param\u00e8tres modifiables)<\/p>\n<div class=\"productAttItem\">\n<div class=\"productAttTitel\">Code produit : HS-YD10KW<\/div>\n<\/div>\n<div class=\"productAttItem\">\n<div class=\"productAttTitel\">OEM : Disponible<\/div>\n<\/div>\n<div class=\"productAttItem\">\n<div class=\"productAttTitel\">\u00c9chantillon : Disponible<\/div>\n<\/div>\n<div class=\"productAttItem\">\n<div class=\"productAttTitel\">Port : Shenzhen<\/div>\n<\/div>\n<div class=\"productAttItem\">\n<div class=\"productAttTitel\">Paiement : Autre<\/div>\n<\/div>\n<div class=\"productAttItem\">\n<div class=\"productAttTitel\">Lieu d'origine : Chine<\/div>\n<\/div>\n<div class=\"productAttItem\">\n<div class=\"productAttTitel\">Exp\u00e9dition : Fret maritime \u00b7 Fret terrestre \u00b7 Fret a\u00e9rien<\/div>\n<\/div>\n<div class=\"productAttItem\">\n<div class=\"productAttTitel\">Capacit\u00e9 d'approvisionnement : 1000 pi\u00e8ces par mois<\/div>\n<\/div>","protected":false},"featured_media":2122,"template":"","meta":{"site-sidebar-layout":"default","site-content-layout":"","ast-site-content-layout":"default","site-content-style":"default","site-sidebar-style":"default","ast-global-header-display":"","ast-banner-title-visibility":"","ast-main-header-display":"","ast-hfb-above-header-display":"","ast-hfb-below-header-display":"","ast-hfb-mobile-header-display":"","site-post-title":"","ast-breadcrumbs-content":"","ast-featured-img":"","footer-sml-layout":"","ast-disable-related-posts":"","theme-transparent-header-meta":"default","adv-header-id-meta":"","stick-header-meta":"default","header-above-stick-meta":"","header-main-stick-meta":"","header-below-stick-meta":"","astra-migrate-meta-layouts":"set","ast-page-background-enabled":"default","ast-page-background-meta":{"desktop":{"background-color":"var(--ast-global-color-4)","background-image":"","background-repeat":"repeat","background-position":"center center","background-size":"auto","background-attachment":"scroll","background-type":"","background-media":"","overlay-type":"","overlay-color":"","overlay-opacity":"","overlay-gradient":""},"tablet":{"background-color":"","background-image":"","background-repeat":"repeat","background-position":"center center","background-size":"auto","background-attachment":"scroll","background-type":"","background-media":"","overlay-type":"","overlay-color":"","overlay-opacity":"","overlay-gradient":""},"mobile":{"background-color":"","background-image":"","background-repeat":"repeat","background-position":"center center","background-size":"auto","background-attachment":"scroll","background-type":"","background-media":"","overlay-type":"","overlay-color":"","overlay-opacity":"","overlay-gradient":""}},"ast-content-background-meta":{"desktop":{"background-color":"var(--ast-global-color-5)","background-image":"","background-repeat":"repeat","background-position":"center center","background-size":"auto","background-attachment":"scroll","background-type":"","background-media":"","overlay-type":"","overlay-color":"","overlay-opacity":"","overlay-gradient":""},"tablet":{"background-color":"var(--ast-global-color-5)","background-image":"","background-repeat":"repeat","background-position":"center center","background-size":"auto","background-attachment":"scroll","background-type":"","background-media":"","overlay-type":"","overlay-color":"","overlay-opacity":"","overlay-gradient":""},"mobile":{"background-color":"var(--ast-global-color-5)","background-image":"","background-repeat":"repeat","background-position":"center center","background-size":"auto","background-attachment":"scroll","background-type":"","background-media":"","overlay-type":"","overlay-color":"","overlay-opacity":"","overlay-gradient":""}}},"product_brand":[],"product_cat":[46],"product_tag":[],"class_list":{"0":"post-2117","1":"product","2":"type-product","3":"status-publish","4":"has-post-thumbnail","6":"product_cat-solar-hybrid-inverter","7":"desktop-align-left","8":"tablet-align-left","9":"mobile-align-left","10":"ast-product-gallery-layout-horizontal-slider","11":"ast-product-tabs-layout-horizontal","13":"first","14":"instock","15":"shipping-taxable","16":"purchasable","17":"product-type-simple"},"_links":{"self":[{"href":"https:\/\/haisicstorage.com\/fr\/wp-json\/wp\/v2\/product\/2117","targetHints":{"allow":["GET"]}}],"collection":[{"href":"https:\/\/haisicstorage.com\/fr\/wp-json\/wp\/v2\/product"}],"about":[{"href":"https:\/\/haisicstorage.com\/fr\/wp-json\/wp\/v2\/types\/product"}],"version-history":[{"count":4,"href":"https:\/\/haisicstorage.com\/fr\/wp-json\/wp\/v2\/product\/2117\/revisions"}],"predecessor-version":[{"id":3490,"href":"https:\/\/haisicstorage.com\/fr\/wp-json\/wp\/v2\/product\/2117\/revisions\/3490"}],"wp:featuredmedia":[{"embeddable":true,"href":"https:\/\/haisicstorage.com\/fr\/wp-json\/wp\/v2\/media\/2122"}],"wp:attachment":[{"href":"https:\/\/haisicstorage.com\/fr\/wp-json\/wp\/v2\/media?parent=2117"}],"wp:term":[{"taxonomy":"product_brand","embeddable":true,"href":"https:\/\/haisicstorage.com\/fr\/wp-json\/wp\/v2\/product_brand?post=2117"},{"taxonomy":"product_cat","embeddable":true,"href":"https:\/\/haisicstorage.com\/fr\/wp-json\/wp\/v2\/product_cat?post=2117"},{"taxonomy":"product_tag","embeddable":true,"href":"https:\/\/haisicstorage.com\/fr\/wp-json\/wp\/v2\/product_tag?post=2117"}],"curies":[{"name":"wp","href":"https:\/\/api.w.org\/{rel}","templated":true}]}}