{"id":1708,"date":"2025-12-03T07:08:52","date_gmt":"2025-12-03T07:08:52","guid":{"rendered":"https:\/\/haisicstorage.com\/?post_type=product&#038;p=1708"},"modified":"2026-02-27T07:25:33","modified_gmt":"2026-02-27T07:25:33","slug":"25-6v-280ah-residential-ess","status":"publish","type":"product","link":"https:\/\/haisicstorage.com\/fr\/25-6v-280ah-residential-ess\/","title":{"rendered":"25,6V 280Ah Batterie de stockage r\u00e9sidentielle ESS"},"content":{"rendered":"<p class=\"product-des\"><span style=\"font-size: 16px;\">Pourquoi choisir HS-TQS ?<\/span><\/p>\n<p class=\"product-des\"><span style=\"font-size: 16px;\">\u2705 Puissance de sortie ultra-forte, alimentation stable<\/span><\/p>\n<p>Sortie continue de 5kW, puissance de pointe jusqu'\u00e0 7kW+, alimente facilement les appareils \u00e9lectrom\u00e9nagers haute puissance, \u00e9quipements commerciaux et syst\u00e8mes hors r\u00e9seau.<\/p>\n<p>Capacit\u00e9 de 14.336kWh, une seule unit\u00e9 peut r\u00e9pondre aux besoins \u00e9lectriques quotidiens d'un m\u00e9nage, adapt\u00e9e aux sc\u00e9narios de forte consommation d'\u00e9nergie.<\/p>\n<p>\u2705 Empilage modulaire, \u00e9volutif selon les besoins<\/p>\n<p>Technologie d'empilage \u201c plug-and-play \u201d innovante, aucune configuration complexe requise, peut combiner flexiblement 2-4 batteries pour r\u00e9pondre aux besoins d'\u00e9nergie flexibles, du r\u00e9sidentiel au commercial.<\/p>\n<p>\u2705 S\u00e9curit\u00e9 de niveau militaire, durable et longue dur\u00e9e<\/p>\n<p>Cellules de batterie au phosphate de fer lithium (LiFePO4) avec une dur\u00e9e de vie de cycle \u22656 000 cycles, conservant plus de 80 % de capacit\u00e9 apr\u00e8s 10 ans.<br \/>\n<span style=\"font-size: 16px;\">Protection IP65 + protection intelligente BMS, surveillance en temps r\u00e9el de la tension, de la temp\u00e9rature et du courant, \u00e9liminant les risques de surcharge, de d\u00e9charge excessive ou de court-circuit.<\/span><\/p>\n<p><span style=\"font-size: 16px;\">\u2705 Gestion intelligente de l'\u00e9nergie, \u00e9conomie d'\u00e9nergie et tranquillit\u00e9 d'esprit<br \/>\n<\/span><span style=\"font-size: 16px;\">Prend en charge l'entr\u00e9e multi-source depuis l'\u00e9nergie solaire, le r\u00e9seau et les g\u00e9n\u00e9rateurs, bascule automatiquement vers le mode d'alimentation optimal.<\/span><\/p>\n<div class=\"inquiryBasket\">Sc\u00e9narios d'application<br \/>\n\ud83c\udfe0 Stockage d'\u00e9nergie domestique | Associez \u00e0 un syst\u00e8me photovolta\u00efque pour r\u00e9aliser des factures d'\u00e9lectricit\u00e9 nulles et des coupures d'\u00e9lectricit\u00e9 sans souci.<br \/>\n\ud83c\udfea Alimentation de secours commerciale | Assure un fonctionnement ininterrompu 24\/7 des \u00e9quipements critiques dans les supermarch\u00e9s, cliniques et centres de donn\u00e9es.<br \/>\n\ud83d\ude90 Alimentation hors r\u00e9seau | Fournit une \u00e9nergie stable et propre pour les camping-cars, bateaux et stations de travail \u00e9loign\u00e9es.<\/div>\n<p><strong><span data-spm-anchor-id=\"a2700.pc-decorate.0.i7.5d033333Lu9Prj\"> \u00a0 \u00a0 \u00a0 \u00a0 \u00a0 \u00a0 \u00a0 \u00a0 \u00a0 \u00a0 \u00a0 \u00a0 \u00a0 \u00a0 \u00a0 \u00a0 \u00a0 \u00a0<\/span><\/strong><\/p>\n<div data-spm-anchor-id=\"a2700.pc-decorate.0.i5.5d033333Lu9Prj\"><strong>Profil de l'entreprise <\/strong><\/div>\n<div data-spm-anchor-id=\"a2700.pc-decorate.0.i5.5d033333Lu9Prj\">\n<p><strong><span data-spm-anchor-id=\"a2700.pc-decorate.0.i21.5d033333Lu9Prj\">Fond\u00e9e en 2011, Shenzhen Haisic Technology Co., Ltd. est une entreprise nationale de haute technologie d\u00e9di\u00e9e \u00e0 la recherche, au d\u00e9veloppement et \u00e0 la production de produits de stockage d'\u00e9nergie tels que les batteries LiFePO4, le stockage d'\u00e9nergie commercial et industriel, le stockage d'\u00e9nergie r\u00e9sidentiel, la centrale \u00e9lectrique portable\/g\u00e9n\u00e9rateur solaire, l'onduleur solaire, la batterie de chariot \u00e9l\u00e9vateur, le bus RVA\/batterie de voiturette de golf et autres batteries OEM\/ODM en Chine.<\/span><\/strong><\/p>\n<div><\/div>\n<div><strong>Profond\u00e9ment impliqu\u00e9e dans ce domaine depuis plus de 12 ans, Haisic Technology a accumul\u00e9 une exp\u00e9rience approfondie en R&amp;D, innovation, contr\u00f4le qualit\u00e9 et gestion. Nos produits sont utilis\u00e9s dans le stockage d'\u00e9nergie domestique, le stockage d'\u00e9nergie industriel, le stockage d'\u00e9nergie commercial, la communication \u00e9lectrique, l'\u00e9lectronique m\u00e9dicale, les communications de s\u00e9curit\u00e9, le transport et la logistique, l'\u00e9nergie nouvelle, la maison intelligente et d'autres domaines connexes. <\/strong><\/div>\n<div><strong>\u00a0<\/strong><\/div>\n<div><strong>We have owned our own production base covering more than 14000m located in Dapeng district of Shenzhen with ISO9001, ISO14001, IS045001 and Amfori BSCI, and our products are with CE, FCC, TUV-UL2054, CQC,RoHs, PSE,MSDS, UN38.3 certificates. We\u2019ve already provided safe, stable, environmentallyfriendly, high-quality products and professional OEM\/ODM services to customers in more than 80 countries and regions. <\/strong><\/div>\n<div><\/div>\n<div><strong>FAQ <\/strong><\/div>\n<div><strong><span data-spm-anchor-id=\"a2700.pc-decorate.0.i33.5d033333Lu9Prj\">1. Qu'est-ce qui est sp\u00e9cial avec les batteries au lithium ?<\/span><\/strong><\/div>\n<div>\n<p><span data-spm-anchor-id=\"a2700.pc-decorate.0.i33.5d033333Lu9Prj\">R : Avec une densit\u00e9 \u00e9nerg\u00e9tique \u00e9lev\u00e9e, elle a atteint 460-600Wh\/kg, soit environ 6 \u00e0 7 fois celle des batteries au plomb. Longue dur\u00e9e de vie, la dur\u00e9e de vie peut atteindre plus de 6 ans. Poids l\u00e9ger, le poids est d'environ 1\/5-6 du produit au plomb sous le m\u00eame volume.<\/span><\/p>\n<p>&nbsp;<\/p>\n<div data-spm-anchor-id=\"a2700.pc-decorate.0.i34.5d033333Lu9Prj\"><strong>2. \u00c0 quoi sert une batterie au lithium ?<br \/>\n<\/strong>A: La batterie au lithium est utilis\u00e9e pour l'alimentation et le stockage d'\u00e9nergie. Comme alimentation de secours d'urgence ou UPS. Puissance \u00e9lectrique fiable et \u00e9nergie de v\u00e9hicule r\u00e9cr\u00e9atif, voiturette de golf, marine fiable et l\u00e9g\u00e8re, stockage d'\u00e9nergie solaire, maison solaire, petite usine de traitement, syst\u00e8mes de surveillance ou d'alarme dans des endroits isol\u00e9s.3. Vos batteries sont-elles s\u00fbres ? A: Nos batteries sont s\u00fbres. Toutes les batteries Zwayn utilisent les composants les plus s\u00fbrs et les plus stables, y compris une cathode LiFePO4 et un syst\u00e8me de gestion de batterie (SGB) int\u00e9gr\u00e9. Le SGB prot\u00e8ge les cellules contre des tensions excessivement \u00e9lev\u00e9es ou basses, des courants \u00e9lev\u00e9s, les courts-circuits et une chaleur ou un froid excessifs. Ce sont les causes les plus fr\u00e9quentes de d\u00e9faillances des batteries, et nous avons pris toutes les pr\u00e9cautions pour att\u00e9nuer ces risques dans toutes nos batteries.<br \/>\n<strong><br \/>\n4. Comment choisir la bonne batterie lithium \u00e0 d\u00e9charge profonde pour mon application ?<br \/>\n<\/strong>R : Dans la plupart des syst\u00e8mes standard de 12, 24 ou 48 volts, le meilleur choix de batterie au lithium est LiFePO4 (Lithium Fer Phosphate\/<br \/>\nCellule de batterie poche\/primaire). La tension de ce type de batterie est tr\u00e8s similaire \u00e0 celle d'une AGM et fonctionnera parfaitement avec les composants de syst\u00e8me facilement<br \/>\ndisponibles pour votre camping-car, bateau, syst\u00e8me d'alimentation hors r\u00e9seau, maison solaire (TV, r\u00e9frig\u00e9rateur, machine \u00e0 laver, climatiseur,<br \/>\nconditioner, chauffe-eau, four micro-ondes, cuisini\u00e8re \u00e0 induction, lave-vaisselle, imprimante, ordinateur), Tour de t\u00e9l\u00e9communication, applications de syst\u00e8mes d'\u00e9nergie solaire hybrides et hors r\u00e9seau. 5. Peut-il \u00eatre configur\u00e9 en s\u00e9rie ou en parall\u00e8le pour utilisation ? R: Oui monsieur, il peut prendre en charge un maximum de 15 en parall\u00e8le pour l\u2019utilisation, Bo\u00eete de stockage jusqu'\u00e0 150 kWh.<br \/>\n<strong><br \/>\n6. Ces batteries sont-elles compatibles avec mon onduleur ? Avez-vous une liste d'entreprises d'onduleurs compatibles ?<br \/>\n<\/strong>R : Oui monsieur, notre pack de batteries peut \u00eatre compatible avec la plupart des marques d'onduleurs sur le march\u00e9, telles que Deye, MUST, SMA, Growatt, Solax, Solis, Sungrow, Sofar, Voltronic, Sorotec, Studer, etc.<\/p>\n<\/div>\n<\/div>\n<\/div>","protected":false},"excerpt":{"rendered":"<p class=\"product-des\">HS-TQS Syst\u00e8me de stockage d'\u00e9nergie empilable de 5kW+14.336kWh<br \/>\n\u3016Alimentation haute \u00e9nergie | Expansion intelligente | S\u00fbr et durable\u3017<\/p>","protected":false},"featured_media":1709,"template":"","meta":{"site-sidebar-layout":"default","site-content-layout":"","ast-site-content-layout":"default","site-content-style":"default","site-sidebar-style":"default","ast-global-header-display":"","ast-banner-title-visibility":"","ast-main-header-display":"","ast-hfb-above-header-display":"","ast-hfb-below-header-display":"","ast-hfb-mobile-header-display":"","site-post-title":"","ast-breadcrumbs-content":"","ast-featured-img":"","footer-sml-layout":"","ast-disable-related-posts":"","theme-transparent-header-meta":"default","adv-header-id-meta":"","stick-header-meta":"default","header-above-stick-meta":"","header-main-stick-meta":"","header-below-stick-meta":"","astra-migrate-meta-layouts":"set","ast-page-background-enabled":"default","ast-page-background-meta":{"desktop":{"background-color":"var(--ast-global-color-4)","background-image":"","background-repeat":"repeat","background-position":"center center","background-size":"auto","background-attachment":"scroll","background-type":"","background-media":"","overlay-type":"","overlay-color":"","overlay-opacity":"","overlay-gradient":""},"tablet":{"background-color":"","background-image":"","background-repeat":"repeat","background-position":"center center","background-size":"auto","background-attachment":"scroll","background-type":"","background-media":"","overlay-type":"","overlay-color":"","overlay-opacity":"","overlay-gradient":""},"mobile":{"background-color":"","background-image":"","background-repeat":"repeat","background-position":"center center","background-size":"auto","background-attachment":"scroll","background-type":"","background-media":"","overlay-type":"","overlay-color":"","overlay-opacity":"","overlay-gradient":""}},"ast-content-background-meta":{"desktop":{"background-color":"var(--ast-global-color-5)","background-image":"","background-repeat":"repeat","background-position":"center center","background-size":"auto","background-attachment":"scroll","background-type":"","background-media":"","overlay-type":"","overlay-color":"","overlay-opacity":"","overlay-gradient":""},"tablet":{"background-color":"var(--ast-global-color-5)","background-image":"","background-repeat":"repeat","background-position":"center center","background-size":"auto","background-attachment":"scroll","background-type":"","background-media":"","overlay-type":"","overlay-color":"","overlay-opacity":"","overlay-gradient":""},"mobile":{"background-color":"var(--ast-global-color-5)","background-image":"","background-repeat":"repeat","background-position":"center center","background-size":"auto","background-attachment":"scroll","background-type":"","background-media":"","overlay-type":"","overlay-color":"","overlay-opacity":"","overlay-gradient":""}}},"product_brand":[],"product_cat":[56,47,52],"product_tag":[],"class_list":{"0":"post-1708","1":"product","2":"type-product","3":"status-publish","4":"has-post-thumbnail","6":"product_cat-energy-storage-battery-system","7":"product_cat-residetial-ess","8":"product_cat-stackable-ess","9":"desktop-align-left","10":"tablet-align-left","11":"mobile-align-left","12":"ast-product-gallery-layout-horizontal-slider","13":"ast-product-tabs-layout-horizontal","15":"first","16":"instock","17":"shipping-taxable","18":"purchasable","19":"product-type-simple"},"_links":{"self":[{"href":"https:\/\/haisicstorage.com\/fr\/wp-json\/wp\/v2\/product\/1708","targetHints":{"allow":["GET"]}}],"collection":[{"href":"https:\/\/haisicstorage.com\/fr\/wp-json\/wp\/v2\/product"}],"about":[{"href":"https:\/\/haisicstorage.com\/fr\/wp-json\/wp\/v2\/types\/product"}],"version-history":[{"count":6,"href":"https:\/\/haisicstorage.com\/fr\/wp-json\/wp\/v2\/product\/1708\/revisions"}],"predecessor-version":[{"id":3494,"href":"https:\/\/haisicstorage.com\/fr\/wp-json\/wp\/v2\/product\/1708\/revisions\/3494"}],"wp:featuredmedia":[{"embeddable":true,"href":"https:\/\/haisicstorage.com\/fr\/wp-json\/wp\/v2\/media\/1709"}],"wp:attachment":[{"href":"https:\/\/haisicstorage.com\/fr\/wp-json\/wp\/v2\/media?parent=1708"}],"wp:term":[{"taxonomy":"product_brand","embeddable":true,"href":"https:\/\/haisicstorage.com\/fr\/wp-json\/wp\/v2\/product_brand?post=1708"},{"taxonomy":"product_cat","embeddable":true,"href":"https:\/\/haisicstorage.com\/fr\/wp-json\/wp\/v2\/product_cat?post=1708"},{"taxonomy":"product_tag","embeddable":true,"href":"https:\/\/haisicstorage.com\/fr\/wp-json\/wp\/v2\/product_tag?post=1708"}],"curies":[{"name":"wp","href":"https:\/\/api.w.org\/{rel}","templated":true}]}}