{"id":1691,"date":"2025-12-03T06:25:07","date_gmt":"2025-12-03T06:25:07","guid":{"rendered":"https:\/\/haisicstorage.com\/?post_type=product&#038;p=1691"},"modified":"2026-02-27T07:29:01","modified_gmt":"2026-02-27T07:29:01","slug":"25-6v-100ah-2560wh-powerwall-home-energy-storage","status":"publish","type":"product","link":"https:\/\/haisicstorage.com\/fr\/25-6v-100ah-2560wh-powerwall-home-energy-storage\/","title":{"rendered":"Batterie domestique Powerwall 25,6 V 100 Ah 2560 Wh"},"content":{"rendered":"<table class=\"woocommerce-product-attributes shop_attributes\" aria-label=\"D\u00e9tails du Produit\">\n<tbody>\n<tr class=\"woocommerce-product-attributes-item woocommerce-product-attributes-item--attribute_rated-voltage\">\n<th class=\"woocommerce-product-attributes-item__label\" scope=\"row\">Tension nominale<\/th>\n<td class=\"woocommerce-product-attributes-item__value\">25,6V<\/td>\n<\/tr>\n<tr class=\"woocommerce-product-attributes-item woocommerce-product-attributes-item--attribute_rated-capacity\">\n<th class=\"woocommerce-product-attributes-item__label\" scope=\"row\">Capacit\u00e9 nominale<\/th>\n<td class=\"woocommerce-product-attributes-item__value\">100 Ah<\/td>\n<\/tr>\n<tr class=\"woocommerce-product-attributes-item woocommerce-product-attributes-item--attribute_rated-energy\">\n<th class=\"woocommerce-product-attributes-item__label\" scope=\"row\">\u00c9nergie nominale<\/th>\n<td class=\"woocommerce-product-attributes-item__value\">2560Wh<\/td>\n<\/tr>\n<tr class=\"woocommerce-product-attributes-item woocommerce-product-attributes-item--attribute_voltage-range\">\n<th class=\"woocommerce-product-attributes-item__label\" scope=\"row\">Plage de tension<\/th>\n<td class=\"woocommerce-product-attributes-item__value\">22,4-28V<\/td>\n<\/tr>\n<tr class=\"woocommerce-product-attributes-item woocommerce-product-attributes-item--attribute_charge-voltage-range\">\n<th class=\"woocommerce-product-attributes-item__label\" scope=\"row\">Plage de tension de charge<\/th>\n<td class=\"woocommerce-product-attributes-item__value\">28-28,8V<\/td>\n<\/tr>\n<tr class=\"woocommerce-product-attributes-item woocommerce-product-attributes-item--attribute_cut-off-voltage\">\n<th class=\"woocommerce-product-attributes-item__label\" scope=\"row\">Tension de coupure<\/th>\n<td class=\"woocommerce-product-attributes-item__value\">22,4V<\/td>\n<\/tr>\n<tr class=\"woocommerce-product-attributes-item woocommerce-product-attributes-item--attribute_recommend-charge-current\">\n<th class=\"woocommerce-product-attributes-item__label\" scope=\"row\">Courant de charge recommand\u00e9<\/th>\n<td class=\"woocommerce-product-attributes-item__value\">50A<\/td>\n<\/tr>\n<tr class=\"woocommerce-product-attributes-item woocommerce-product-attributes-item--attribute_max-charge-current\">\n<th class=\"woocommerce-product-attributes-item__label\" scope=\"row\">Courant de charge maximal<\/th>\n<td class=\"woocommerce-product-attributes-item__value\">100A<\/td>\n<\/tr>\n<tr class=\"woocommerce-product-attributes-item woocommerce-product-attributes-item--attribute_dimensionlwh\">\n<th class=\"woocommerce-product-attributes-item__label\" scope=\"row\">DimensionsL*W*H<\/th>\n<td class=\"woocommerce-product-attributes-item__value\">400\u00d7207\u00d7464mm<\/td>\n<\/tr>\n<tr class=\"woocommerce-product-attributes-item woocommerce-product-attributes-item--attribute_display\">\n<th class=\"woocommerce-product-attributes-item__label\" scope=\"row\">Affichage<\/th>\n<td class=\"woocommerce-product-attributes-item__value\">\u00c9cran tactile de 3,5 pouces<\/td>\n<\/tr>\n<\/tbody>\n<\/table>\n<p>I. Fonctionnalit\u00e9s principales : Interaction intuitive, Ma\u00eetrisez chaque kilowatt-heure<\/p>\n<p>The HS-BG25100 features a 3.5-inch high-definition full-colour touchscreen, transforming complex energy data into instantly comprehensible visual information. Bid farewell to the era of obscure indicator lights on traditional devices. With a simple touch, you become your household\u2019s energy commander.<\/p>\n<p>Tableau de bord de donn\u00e9es visuelles :<br \/>\nAffiche dynamiquement la puissance de charge solaire, la consommation \u00e9lectrique domestique, le pourcentage de batterie et l'autonomie restante en temps r\u00e9el, offrant une transparence totale sur le flux d'\u00e9nergie.<\/p>\n<p>Contr\u00f4le pr\u00e9cis \u00e0 port\u00e9e de main :<br \/>\nBascule instantan\u00e9ment entre les modes de fonctionnement (par exemple, Priorit\u00e9 solaire, Charge en heures pleines\/creuses, \u00c9nergie en veille), personnalise les programmes de charge\/d\u00e9charge, et r\u00e9alise facilement des \u00e9conomies d'\u00e9nergie intelligentes.<\/p>\n<p>Surveillance de l'\u00e9tat du syst\u00e8me :.<\/p>\n<p>Suivi continu de la tension de la batterie, de la temp\u00e9rature et du nombre de cycles avec alertes de d\u00e9faillance proactive, gardant la s\u00e9curit\u00e9 sous contr\u00f4le.<\/p>\n<p>Avantages et impact environnemental :<\/p>\n<p>Enregistre clairement les \u00e9conomies d'\u00e9nergie quotidiennes et les r\u00e9ductions de dioxyde de carbone, rendant chaque investissement vert visiblement gratifiant.<\/p>\n<p>II. Noyau robuste : S\u00fbr, Durable et Puissant.<\/p>\n<p>Capacit\u00e9 et puissance exceptionnelles :.<\/p>\n<p>III. Sc\u00e9narios d'application polyvalents<\/p>\n<p>\u00c9quip\u00e9 d'une batterie lithium fer phosphate (LiFePO\u2084) de 2,5 kWh de qualit\u00e9 automobile avec une dur\u00e9e de vie sup\u00e9rieure \u00e0 6 000 cycles. Dot\u00e9 d'un onduleur sinuso\u00efdal pur de 1000W, il fournit une sortie stable et s\u00fbre, alimentant sans effort tout, du t\u00e9l\u00e9phone mobile au r\u00e9frig\u00e9rateur.<\/p>\n<p>Protection de s\u00e9curit\u00e9 compl\u00e8te :.<\/p>\n<p>Un syst\u00e8me de gestion intelligent BMS int\u00e9gr\u00e9 offre neuf couches de protection contre la surcharge, la d\u00e9charge excessive, la surcharge, les courts-circuits et les temp\u00e9ratures anormales, garantissant une fiabilit\u00e9 \u00e0 toute \u00e9preuve pour la s\u00e9curit\u00e9 \u00e9lectrique domestique.<\/p>\n<p>Entr\u00e9e \u00e0 double mode efficace :.<\/p>\n<p>Prend en charge la charge par panneau solaire jusqu'\u00e0 500W (technologie MPPT avec une efficacit\u00e9 de charge jusqu'\u00e0 99,1%) et la charge secteur. Priorise l'\u00e9nergie verte pendant les p\u00e9riodes ensoleill\u00e9es pour des \u00e9conomies d'\u00e9nergie intelligentes.<\/p>\n<p>Le HS-BG25100 est une solution polyvalente pour am\u00e9liorer la qualit\u00e9 de vie et relever les d\u00e9fis \u00e9nerg\u00e9tiques :.<\/p>\n<p>Traduit avec DeepL.com (version gratuite)<\/p>\n<div data-spm-anchor-id=\"a2700.pc-decorate.0.i5.5d033333Lu9Prj\"><\/div>\n<div data-spm-anchor-id=\"a2700.pc-decorate.0.i5.5d033333Lu9Prj\"><strong>Profil de l'entreprise <\/strong><\/div>\n<div data-spm-anchor-id=\"a2700.pc-decorate.0.i5.5d033333Lu9Prj\">\n<p><strong><span data-spm-anchor-id=\"a2700.pc-decorate.0.i21.5d033333Lu9Prj\">Fond\u00e9e en 2011, Shenzhen Haisic Technology Co., Ltd. est une entreprise nationale de haute technologie d\u00e9di\u00e9e \u00e0 la recherche, au d\u00e9veloppement et \u00e0 la production de produits de stockage d'\u00e9nergie tels que les batteries LiFePO4, le stockage d'\u00e9nergie commercial et industriel, le stockage d'\u00e9nergie r\u00e9sidentiel, la centrale \u00e9lectrique portable\/g\u00e9n\u00e9rateur solaire, l'onduleur solaire, la batterie de chariot \u00e9l\u00e9vateur, le bus RVA\/batterie de voiturette de golf et autres batteries OEM\/ODM en Chine.<\/span><\/strong><\/p>\n<div><\/div>\n<div><strong>Profond\u00e9ment impliqu\u00e9e dans ce domaine depuis plus de 12 ans, Haisic Technology a accumul\u00e9 une exp\u00e9rience approfondie en R&amp;D, innovation, contr\u00f4le qualit\u00e9 et gestion. Nos produits sont utilis\u00e9s dans le stockage d'\u00e9nergie domestique, le stockage d'\u00e9nergie industriel, le stockage d'\u00e9nergie commercial, la communication \u00e9lectrique, l'\u00e9lectronique m\u00e9dicale, les communications de s\u00e9curit\u00e9, le transport et la logistique, l'\u00e9nergie nouvelle, la maison intelligente et d'autres domaines connexes. <\/strong><\/div>\n<div><strong>\u00a0<\/strong><\/div>\n<div><strong>We have owned our own production base covering more than 14000m located in Dapeng district of Shenzhen with ISO9001, ISO14001, IS045001 and Amfori BSCI, and our products are with CE, FCC, TUV-UL2054, CQC,RoHs, PSE,MSDS, UN38.3 certificates. We\u2019ve already provided safe, stable, environmentallyfriendly, high-quality products and professional OEM\/ODM services to customers in more than 80 countries and regions. <\/strong><\/div>\n<div><\/div>\n<div><\/div>\n<div><strong>FAQ <\/strong><\/div>\n<div><strong><span data-spm-anchor-id=\"a2700.pc-decorate.0.i33.5d033333Lu9Prj\">1. Qu'est-ce qui est sp\u00e9cial avec les batteries au lithium ?<\/span><\/strong><\/div>\n<div>\n<p><span data-spm-anchor-id=\"a2700.pc-decorate.0.i33.5d033333Lu9Prj\">R : Avec une densit\u00e9 \u00e9nerg\u00e9tique \u00e9lev\u00e9e, elle a atteint 460-600Wh\/kg, soit environ 6 \u00e0 7 fois celle des batteries au plomb. Longue dur\u00e9e de vie, la dur\u00e9e de vie peut atteindre plus de 6 ans. Poids l\u00e9ger, le poids est d'environ 1\/5-6 du produit au plomb sous le m\u00eame volume.<\/span><\/p>\n<p>&nbsp;<\/p>\n<div data-spm-anchor-id=\"a2700.pc-decorate.0.i34.5d033333Lu9Prj\"><strong>2. \u00c0 quoi sert une batterie au lithium ?<br \/>\n<\/strong>A: La batterie au lithium est utilis\u00e9e pour l'alimentation et le stockage d'\u00e9nergie. Comme alimentation de secours d'urgence ou UPS. Puissance \u00e9lectrique fiable et \u00e9nergie de v\u00e9hicule r\u00e9cr\u00e9atif, voiturette de golf, marine fiable et l\u00e9g\u00e8re, stockage d'\u00e9nergie solaire, maison solaire, petite usine de traitement, syst\u00e8mes de surveillance ou d'alarme dans des endroits isol\u00e9s.3. Vos batteries sont-elles s\u00fbres ? A: Nos batteries sont s\u00fbres. Toutes les batteries Zwayn utilisent les composants les plus s\u00fbrs et les plus stables, y compris une cathode LiFePO4 et un syst\u00e8me de gestion de batterie (SGB) int\u00e9gr\u00e9. Le SGB prot\u00e8ge les cellules contre des tensions excessivement \u00e9lev\u00e9es ou basses, des courants \u00e9lev\u00e9s, les courts-circuits et une chaleur ou un froid excessifs. Ce sont les causes les plus fr\u00e9quentes de d\u00e9faillances des batteries, et nous avons pris toutes les pr\u00e9cautions pour att\u00e9nuer ces risques dans toutes nos batteries.<br \/>\n<strong><br \/>\n4. Comment choisir la bonne batterie lithium \u00e0 d\u00e9charge profonde pour mon application ?<br \/>\n<\/strong>R : Dans la plupart des syst\u00e8mes standard de 12, 24 ou 48 volts, le meilleur choix de batterie au lithium est LiFePO4 (Lithium Fer Phosphate\/<br \/>\nCellule de batterie poche\/primaire). La tension de ce type de batterie est tr\u00e8s similaire \u00e0 celle d'une AGM et fonctionnera parfaitement avec les composants de syst\u00e8me facilement<br \/>\ndisponibles pour votre camping-car, bateau, syst\u00e8me d'alimentation hors r\u00e9seau, maison solaire (TV, r\u00e9frig\u00e9rateur, machine \u00e0 laver, climatiseur,<br \/>\nconditioner, chauffe-eau, four micro-ondes, cuisini\u00e8re \u00e0 induction, lave-vaisselle, imprimante, ordinateur), Tour de t\u00e9l\u00e9communication, applications de syst\u00e8mes d'\u00e9nergie solaire hybrides et hors r\u00e9seau. 5. Peut-il \u00eatre configur\u00e9 en s\u00e9rie ou en parall\u00e8le pour utilisation ? R: Oui monsieur, il peut prendre en charge un maximum de 15 en parall\u00e8le pour l\u2019utilisation, Bo\u00eete de stockage jusqu'\u00e0 150 kWh.<br \/>\n<strong><br \/>\n6. Ces batteries sont-elles compatibles avec mon onduleur ? Avez-vous une liste d'entreprises d'onduleurs compatibles ?<br \/>\n<\/strong>R : Oui monsieur, notre pack de batteries peut \u00eatre compatible avec la plupart des marques d'onduleurs sur le march\u00e9, telles que Deye, MUST, SMA, Growatt, Solax, Solis, Sungrow, Sofar, Voltronic, Sorotec, Studer, etc.<\/p>\n<\/div>\n<\/div>\n<\/div>","protected":false},"excerpt":{"rendered":"<p class=\"product-des\">HS-BG25100 Syst\u00e8me de stockage d'\u00e9nergie domestique intelligent - Aper\u00e7u<\/p>\n<p>Stockage d'\u00e9nergie intelligent, \u00e0 port\u00e9e de main \u2013 votre centre de gestion \u00e9nerg\u00e9tique domestique<\/p>\n<div class=\"inquiryBasket\"><\/div>","protected":false},"featured_media":1685,"template":"","meta":{"site-sidebar-layout":"default","site-content-layout":"","ast-site-content-layout":"default","site-content-style":"default","site-sidebar-style":"default","ast-global-header-display":"","ast-banner-title-visibility":"","ast-main-header-display":"","ast-hfb-above-header-display":"","ast-hfb-below-header-display":"","ast-hfb-mobile-header-display":"","site-post-title":"","ast-breadcrumbs-content":"","ast-featured-img":"","footer-sml-layout":"","ast-disable-related-posts":"","theme-transparent-header-meta":"default","adv-header-id-meta":"","stick-header-meta":"default","header-above-stick-meta":"","header-main-stick-meta":"","header-below-stick-meta":"","astra-migrate-meta-layouts":"set","ast-page-background-enabled":"default","ast-page-background-meta":{"desktop":{"background-color":"var(--ast-global-color-4)","background-image":"","background-repeat":"repeat","background-position":"center center","background-size":"auto","background-attachment":"scroll","background-type":"","background-media":"","overlay-type":"","overlay-color":"","overlay-opacity":"","overlay-gradient":""},"tablet":{"background-color":"","background-image":"","background-repeat":"repeat","background-position":"center center","background-size":"auto","background-attachment":"scroll","background-type":"","background-media":"","overlay-type":"","overlay-color":"","overlay-opacity":"","overlay-gradient":""},"mobile":{"background-color":"","background-image":"","background-repeat":"repeat","background-position":"center center","background-size":"auto","background-attachment":"scroll","background-type":"","background-media":"","overlay-type":"","overlay-color":"","overlay-opacity":"","overlay-gradient":""}},"ast-content-background-meta":{"desktop":{"background-color":"var(--ast-global-color-5)","background-image":"","background-repeat":"repeat","background-position":"center center","background-size":"auto","background-attachment":"scroll","background-type":"","background-media":"","overlay-type":"","overlay-color":"","overlay-opacity":"","overlay-gradient":""},"tablet":{"background-color":"var(--ast-global-color-5)","background-image":"","background-repeat":"repeat","background-position":"center center","background-size":"auto","background-attachment":"scroll","background-type":"","background-media":"","overlay-type":"","overlay-color":"","overlay-opacity":"","overlay-gradient":""},"mobile":{"background-color":"var(--ast-global-color-5)","background-image":"","background-repeat":"repeat","background-position":"center center","background-size":"auto","background-attachment":"scroll","background-type":"","background-media":"","overlay-type":"","overlay-color":"","overlay-opacity":"","overlay-gradient":""}}},"product_brand":[],"product_cat":[47,56,50],"product_tag":[],"class_list":{"0":"post-1691","1":"product","2":"type-product","3":"status-publish","4":"has-post-thumbnail","6":"product_cat-residetial-ess","7":"product_cat-energy-storage-battery-system","8":"product_cat-floor-standing-ess","9":"desktop-align-left","10":"tablet-align-left","11":"mobile-align-left","12":"ast-product-gallery-layout-horizontal-slider","13":"ast-product-tabs-layout-horizontal","15":"first","16":"instock","17":"shipping-taxable","18":"purchasable","19":"product-type-simple"},"_links":{"self":[{"href":"https:\/\/haisicstorage.com\/fr\/wp-json\/wp\/v2\/product\/1691","targetHints":{"allow":["GET"]}}],"collection":[{"href":"https:\/\/haisicstorage.com\/fr\/wp-json\/wp\/v2\/product"}],"about":[{"href":"https:\/\/haisicstorage.com\/fr\/wp-json\/wp\/v2\/types\/product"}],"version-history":[{"count":6,"href":"https:\/\/haisicstorage.com\/fr\/wp-json\/wp\/v2\/product\/1691\/revisions"}],"predecessor-version":[{"id":2500,"href":"https:\/\/haisicstorage.com\/fr\/wp-json\/wp\/v2\/product\/1691\/revisions\/2500"}],"wp:featuredmedia":[{"embeddable":true,"href":"https:\/\/haisicstorage.com\/fr\/wp-json\/wp\/v2\/media\/1685"}],"wp:attachment":[{"href":"https:\/\/haisicstorage.com\/fr\/wp-json\/wp\/v2\/media?parent=1691"}],"wp:term":[{"taxonomy":"product_brand","embeddable":true,"href":"https:\/\/haisicstorage.com\/fr\/wp-json\/wp\/v2\/product_brand?post=1691"},{"taxonomy":"product_cat","embeddable":true,"href":"https:\/\/haisicstorage.com\/fr\/wp-json\/wp\/v2\/product_cat?post=1691"},{"taxonomy":"product_tag","embeddable":true,"href":"https:\/\/haisicstorage.com\/fr\/wp-json\/wp\/v2\/product_tag?post=1691"}],"curies":[{"name":"wp","href":"https:\/\/api.w.org\/{rel}","templated":true}]}}