{"id":1676,"date":"2025-12-03T06:09:22","date_gmt":"2025-12-03T06:09:22","guid":{"rendered":"https:\/\/haisicstorage.com\/?post_type=product&#038;p=1676"},"modified":"2026-02-27T07:30:02","modified_gmt":"2026-02-27T07:30:02","slug":"25-6v-battery-305ah-touch-screen-home-energy-storage","status":"publish","type":"product","link":"https:\/\/haisicstorage.com\/fr\/25-6v-battery-305ah-touch-screen-home-energy-storage\/","title":{"rendered":"Batterie 25,6 V 305 Ah, stockage d'\u00e9nergie domestique \u00e0 \u00e9cran tactile"},"content":{"rendered":"<div data-spm-anchor-id=\"a2700.pc-decorate.0.i6.5d033333Lu9Prj\">\n<p>I. C\u0153ur Intelligent : Interaction Tactile Compl\u00e8te de 3,5 pouces, Ma\u00eetrise de la Dynamique \u00c9nerg\u00e9tique Globale<\/p>\n<p>Le HS-BG25305 int\u00e8gre un centre d'interaction intelligent, combinant parfaitement des capacit\u00e9s de stockage d'\u00e9nergie robustes avec un \u00e9cran tactile haute d\u00e9finition de 3,5 pouces. Cela transforme la gestion complexe de l'\u00e9nergie en une exp\u00e9rience d'une simplicit\u00e9 et d'une efficacit\u00e9 sans pr\u00e9c\u00e9dent.<\/p>\n<p>Gestion de la Visualisation \u00c9nerg\u00e9tique Globale : Des diagrammes de flux dynamiques offrent une visualisation en temps r\u00e9el du flux d'\u00e9nergie entre les panneaux solaires, le r\u00e9seau \u00e9lectrique, les batteries et les charges. L'\u00e9tat de puissance, la puissance d'entr\u00e9e\/sortie et l'autonomie estim\u00e9e sont clairement affich\u00e9s en un coup d'\u0153il.<\/p>\n<p>Personnalisation de la Strat\u00e9gie Intelligente Multi-Mode : Basculez instantan\u00e9ment entre des modes tels que \u2018 En veille hors r\u00e9seau \u2019, \u2018 \u00c9conomie de pic-valley \u2019 et \u2018 Priorit\u00e9 PV \u2019, tout en personnalisant les plages de charge\/d\u00e9charge pour correspondre pr\u00e9cis\u00e9ment \u00e0 vos habitudes de consommation et maximiser les \u00e9conomies d'\u00e9nergie.<\/p>\n<p>Surveillance et Diagnostic au Niveau du Syst\u00e8me : Fournit des requ\u00eates approfondies sur les param\u00e8tres cl\u00e9s tels que l'\u00c9tat de Sant\u00e9 (SOH), le nombre de cycles, la temp\u00e9rature et la tension, permettant une maintenance pr\u00e9dictive pour pr\u00e9venir les probl\u00e8mes avant qu'ils ne surviennent.<\/p>\n<p>Journaux Historiques et de S\u00e9curit\u00e9 Int\u00e9gr\u00e9s : Enregistre de mani\u00e8re exhaustive les courbes d'historique de g\u00e9n\u00e9ration et de consommation ainsi que tous les \u00e9v\u00e9nements d'alerte, offrant des insights bas\u00e9s sur les donn\u00e9es pour optimiser l'utilisation de l'\u00e9nergie tout en assurant une tra\u00e7abilit\u00e9 compl\u00e8te de l'\u00e9tat de s\u00e9curit\u00e9.<\/p>\n<p>II. Performance Robuste : Alimentation Stable \u00e0 Long Terme<\/p>\n<p>Protection de S\u00e9curit\u00e9 de Niveau Forteresse : Utilise un syst\u00e8me de gestion BMS intelligent et \u00e9volutif int\u00e9grant plusieurs protections contre la surcharge, la d\u00e9charge excessive, le surintensit\u00e9, les courts-circuits, les anomalies de temp\u00e9rature et l'\u00e9quilibrage des cellules, garantissant un fonctionnement parfait des syst\u00e8mes de stockage d'\u00e9nergie \u00e0 capacit\u00e9 ultra-haute.<\/p>\n<p>III. Sc\u00e9narios d'application polyvalents<\/p>\n<p>Le HS-BG25305 est le choix id\u00e9al pour ceux qui recherchent l'ind\u00e9pendance \u00e9nerg\u00e9tique et la tranquillit\u00e9 d'esprit :<\/p>\n<p>Alimentation de Secours \u00e0 Long Terme pour Petites et Moyennes Maisons : Fournit une \u00e9lectricit\u00e9 d'urgence prolong\u00e9e pour les appartements urbains ou les r\u00e9sidences rurales, assurant une r\u00e9frig\u00e9ration, un \u00e9clairage et des communications ininterrompus lors des coupures de courant.<\/p>\n<p>Assurance \u00c9nerg\u00e9tique pour Bureaux SOHO : Offre une alimentation de secours silencieuse et fiable pour les bureaux \u00e0 domicile et les studios, prot\u00e9geant les donn\u00e9es de travail et maintenant un fonctionnement stable de l'\u00e9quipement.<\/p>\n<p>Solution d'\u00c9nergie pour Loisirs Ext\u00e9rieurs : R\u00e9pond aux besoins en \u00e9lectricit\u00e9 pour le camping du week-end, les longs trajets en voiture et autres activit\u00e9s en plein air, fournissant une \u00e9nergie verte continue et stable.<\/p>\n<p>Le HS-BG25305 red\u00e9finit la s\u00e9curit\u00e9 \u00e9nerg\u00e9tique domestique. Plus qu'une simple r\u00e9serve d'\u00e9nergie, c'est votre compagnon fiable pour un mode de vie s\u00e9curis\u00e9, \u00e9conomique et respectueux de l'environnement, vous permettant de naviguer facilement dans divers sc\u00e9narios \u00e9nerg\u00e9tiques et d'adopter une vie intelligente.<\/p>\n<\/div>\n<div data-spm-anchor-id=\"a2700.pc-decorate.0.i5.5d033333Lu9Prj\"><strong>Profil de l'entreprise <\/strong><\/div>\n<div data-spm-anchor-id=\"a2700.pc-decorate.0.i5.5d033333Lu9Prj\"><\/div>\n<div data-spm-anchor-id=\"a2700.pc-decorate.0.i5.5d033333Lu9Prj\"><\/div>\n<div data-spm-anchor-id=\"a2700.pc-decorate.0.i5.5d033333Lu9Prj\">\n<p><strong><span data-spm-anchor-id=\"a2700.pc-decorate.0.i21.5d033333Lu9Prj\">Fond\u00e9e en 2011, Shenzhen Haisic Technology Co., Ltd. est une entreprise nationale de haute technologie d\u00e9di\u00e9e \u00e0 la recherche, au d\u00e9veloppement et \u00e0 la production de produits de stockage d'\u00e9nergie tels que les batteries LiFePO4, le stockage d'\u00e9nergie commercial et industriel, le stockage d'\u00e9nergie r\u00e9sidentiel, la centrale \u00e9lectrique portable\/g\u00e9n\u00e9rateur solaire, l'onduleur solaire, la batterie de chariot \u00e9l\u00e9vateur, le bus RVA\/batterie de voiturette de golf et autres batteries OEM\/ODM en Chine.<\/span><\/strong><\/p>\n<div><\/div>\n<div><strong>Profond\u00e9ment impliqu\u00e9e dans ce domaine depuis plus de 12 ans, Haisic Technology a accumul\u00e9 une exp\u00e9rience approfondie en R&amp;D, innovation, contr\u00f4le qualit\u00e9 et gestion. Nos produits sont utilis\u00e9s dans le stockage d'\u00e9nergie domestique, le stockage d'\u00e9nergie industriel, le stockage d'\u00e9nergie commercial, la communication \u00e9lectrique, l'\u00e9lectronique m\u00e9dicale, les communications de s\u00e9curit\u00e9, le transport et la logistique, l'\u00e9nergie nouvelle, la maison intelligente et d'autres domaines connexes. <\/strong><\/div>\n<div><strong>\u00a0<\/strong><\/div>\n<div><strong>We have owned our own production base covering more than 14000m located in Dapeng district of Shenzhen with ISO9001, ISO14001, IS045001 and Amfori BSCI, and our products are with CE, FCC, TUV-UL2054, CQC,RoHs, PSE,MSDS, UN38.3 certificates. We\u2019ve already provided safe, stable, environmentallyfriendly, high-quality products and professional OEM\/ODM services to customers in more than 80 countries and regions. <\/strong><\/div>\n<div><\/div>\n<div><\/div>\n<div><strong>FAQ <\/strong><\/div>\n<div><strong><span data-spm-anchor-id=\"a2700.pc-decorate.0.i33.5d033333Lu9Prj\">1. Qu'est-ce qui est sp\u00e9cial avec les batteries au lithium ?<\/span><\/strong><\/div>\n<div>\n<p><span data-spm-anchor-id=\"a2700.pc-decorate.0.i33.5d033333Lu9Prj\">R : Avec une densit\u00e9 \u00e9nerg\u00e9tique \u00e9lev\u00e9e, elle a atteint 460-600Wh\/kg, soit environ 6 \u00e0 7 fois celle des batteries au plomb. Longue dur\u00e9e de vie, la dur\u00e9e de vie peut atteindre plus de 6 ans. Poids l\u00e9ger, le poids est d'environ 1\/5-6 du produit au plomb sous le m\u00eame volume.<\/span><\/p>\n<p>&nbsp;<\/p>\n<div data-spm-anchor-id=\"a2700.pc-decorate.0.i34.5d033333Lu9Prj\"><strong>2. \u00c0 quoi sert une batterie au lithium ?<br \/>\n<\/strong>A: La batterie au lithium est utilis\u00e9e pour l'alimentation et le stockage d'\u00e9nergie. Comme alimentation de secours d'urgence ou UPS. Puissance \u00e9lectrique fiable et \u00e9nergie de v\u00e9hicule r\u00e9cr\u00e9atif, voiturette de golf, marine fiable et l\u00e9g\u00e8re, stockage d'\u00e9nergie solaire, maison solaire, petite usine de traitement, syst\u00e8mes de surveillance ou d'alarme dans des endroits isol\u00e9s.3. Vos batteries sont-elles s\u00fbres ? A: Nos batteries sont s\u00fbres. Toutes les batteries Zwayn utilisent les composants les plus s\u00fbrs et les plus stables, y compris une cathode LiFePO4 et un syst\u00e8me de gestion de batterie (SGB) int\u00e9gr\u00e9. Le SGB prot\u00e8ge les cellules contre des tensions excessivement \u00e9lev\u00e9es ou basses, des courants \u00e9lev\u00e9s, les courts-circuits et une chaleur ou un froid excessifs. Ce sont les causes les plus fr\u00e9quentes de d\u00e9faillances des batteries, et nous avons pris toutes les pr\u00e9cautions pour att\u00e9nuer ces risques dans toutes nos batteries.<br \/>\n<strong><br \/>\n4. Comment choisir la bonne batterie lithium \u00e0 d\u00e9charge profonde pour mon application ?<br \/>\n<\/strong>R : Dans la plupart des syst\u00e8mes standard de 12, 24 ou 48 volts, le meilleur choix de batterie au lithium est LiFePO4 (Lithium Fer Phosphate\/<br \/>\nCellule de batterie poche\/primaire). La tension de ce type de batterie est tr\u00e8s similaire \u00e0 celle d'une AGM et fonctionnera parfaitement avec les composants de syst\u00e8me facilement<br \/>\ndisponibles pour votre camping-car, bateau, syst\u00e8me d'alimentation hors r\u00e9seau, maison solaire (TV, r\u00e9frig\u00e9rateur, machine \u00e0 laver, climatiseur,<br \/>\n5. Peut-elle \u00eatre utilis\u00e9e en s\u00e9rie ou en parall\u00e8le ?<\/p>\n<p>R : Oui, monsieur, elle peut supporter un maximum de 15 connexions en parall\u00e8le pour l'utilisation, bo\u00eete de stockage de 150 kWh maximum.<br \/>\n<strong><br \/>\n6. Ces batteries sont-elles compatibles avec mon onduleur ? Avez-vous une liste d'entreprises d'onduleurs compatibles ?<br \/>\n<\/strong>R : Oui monsieur, notre pack de batteries peut \u00eatre compatible avec la plupart des marques d'onduleurs sur le march\u00e9, telles que Deye, MUST, SMA, Growatt, Solax, Solis, Sungrow, Sofar, Voltronic, Sorotec, Studer, etc.<\/p>\n<\/div>\n<\/div>\n<\/div>","protected":false},"excerpt":{"rendered":"<p>Pr\u00e9sentation du Syst\u00e8me de Stockage d'\u00c9nergie Intelligent HS-BG25305 pour la Maison<\/p>\n<p>Contr\u00f4le Intelligent \u00e0 Port\u00e9e de Main \u2013 Dites Adieu \u00e0 l'Anxi\u00e9t\u00e9 \u00c9nerg\u00e9tique, Red\u00e9finissez la Libert\u00e9 \u00c9nerg\u00e9tique Domestique<\/p>","protected":false},"featured_media":1677,"template":"","meta":{"site-sidebar-layout":"default","site-content-layout":"","ast-site-content-layout":"default","site-content-style":"default","site-sidebar-style":"default","ast-global-header-display":"","ast-banner-title-visibility":"","ast-main-header-display":"","ast-hfb-above-header-display":"","ast-hfb-below-header-display":"","ast-hfb-mobile-header-display":"","site-post-title":"","ast-breadcrumbs-content":"","ast-featured-img":"","footer-sml-layout":"","ast-disable-related-posts":"","theme-transparent-header-meta":"default","adv-header-id-meta":"","stick-header-meta":"default","header-above-stick-meta":"","header-main-stick-meta":"","header-below-stick-meta":"","astra-migrate-meta-layouts":"set","ast-page-background-enabled":"default","ast-page-background-meta":{"desktop":{"background-color":"var(--ast-global-color-4)","background-image":"","background-repeat":"repeat","background-position":"center center","background-size":"auto","background-attachment":"scroll","background-type":"","background-media":"","overlay-type":"","overlay-color":"","overlay-opacity":"","overlay-gradient":""},"tablet":{"background-color":"","background-image":"","background-repeat":"repeat","background-position":"center center","background-size":"auto","background-attachment":"scroll","background-type":"","background-media":"","overlay-type":"","overlay-color":"","overlay-opacity":"","overlay-gradient":""},"mobile":{"background-color":"","background-image":"","background-repeat":"repeat","background-position":"center center","background-size":"auto","background-attachment":"scroll","background-type":"","background-media":"","overlay-type":"","overlay-color":"","overlay-opacity":"","overlay-gradient":""}},"ast-content-background-meta":{"desktop":{"background-color":"var(--ast-global-color-5)","background-image":"","background-repeat":"repeat","background-position":"center center","background-size":"auto","background-attachment":"scroll","background-type":"","background-media":"","overlay-type":"","overlay-color":"","overlay-opacity":"","overlay-gradient":""},"tablet":{"background-color":"var(--ast-global-color-5)","background-image":"","background-repeat":"repeat","background-position":"center center","background-size":"auto","background-attachment":"scroll","background-type":"","background-media":"","overlay-type":"","overlay-color":"","overlay-opacity":"","overlay-gradient":""},"mobile":{"background-color":"var(--ast-global-color-5)","background-image":"","background-repeat":"repeat","background-position":"center center","background-size":"auto","background-attachment":"scroll","background-type":"","background-media":"","overlay-type":"","overlay-color":"","overlay-opacity":"","overlay-gradient":""}}},"product_brand":[],"product_cat":[47,56,50],"product_tag":[],"class_list":{"0":"post-1676","1":"product","2":"type-product","3":"status-publish","4":"has-post-thumbnail","6":"product_cat-residetial-ess","7":"product_cat-energy-storage-battery-system","8":"product_cat-floor-standing-ess","9":"desktop-align-left","10":"tablet-align-left","11":"mobile-align-left","12":"ast-product-gallery-layout-horizontal-slider","13":"ast-product-tabs-layout-horizontal","15":"first","16":"instock","17":"shipping-taxable","18":"purchasable","19":"product-type-simple"},"_links":{"self":[{"href":"https:\/\/haisicstorage.com\/fr\/wp-json\/wp\/v2\/product\/1676","targetHints":{"allow":["GET"]}}],"collection":[{"href":"https:\/\/haisicstorage.com\/fr\/wp-json\/wp\/v2\/product"}],"about":[{"href":"https:\/\/haisicstorage.com\/fr\/wp-json\/wp\/v2\/types\/product"}],"version-history":[{"count":4,"href":"https:\/\/haisicstorage.com\/fr\/wp-json\/wp\/v2\/product\/1676\/revisions"}],"predecessor-version":[{"id":3500,"href":"https:\/\/haisicstorage.com\/fr\/wp-json\/wp\/v2\/product\/1676\/revisions\/3500"}],"wp:featuredmedia":[{"embeddable":true,"href":"https:\/\/haisicstorage.com\/fr\/wp-json\/wp\/v2\/media\/1677"}],"wp:attachment":[{"href":"https:\/\/haisicstorage.com\/fr\/wp-json\/wp\/v2\/media?parent=1676"}],"wp:term":[{"taxonomy":"product_brand","embeddable":true,"href":"https:\/\/haisicstorage.com\/fr\/wp-json\/wp\/v2\/product_brand?post=1676"},{"taxonomy":"product_cat","embeddable":true,"href":"https:\/\/haisicstorage.com\/fr\/wp-json\/wp\/v2\/product_cat?post=1676"},{"taxonomy":"product_tag","embeddable":true,"href":"https:\/\/haisicstorage.com\/fr\/wp-json\/wp\/v2\/product_tag?post=1676"}],"curies":[{"name":"wp","href":"https:\/\/api.w.org\/{rel}","templated":true}]}}