{"id":1673,"date":"2025-12-03T06:00:18","date_gmt":"2025-12-03T06:00:18","guid":{"rendered":"https:\/\/haisicstorage.com\/?post_type=product&#038;p=1673"},"modified":"2026-02-27T07:30:26","modified_gmt":"2026-02-27T07:30:26","slug":"51-2v-100ah-5120wh-floor-mounted-home-energy-storage","status":"publish","type":"product","link":"https:\/\/haisicstorage.com\/fr\/51-2v-100ah-5120wh-floor-mounted-home-energy-storage\/","title":{"rendered":"Stockage d'\u00e9nergie domestique au sol de 51,2 V 100 Ah 5120 Wh"},"content":{"rendered":"<div data-spm-anchor-id=\"a2700.pc-decorate.0.i6.5d033333Lu9Prj\">\n<p>I. Interaction Intelligente, Ma\u00eetrise de votre \u00c9cosyst\u00e8me \u00c9nerg\u00e9tique<\/p>\n<p>Le mod\u00e8le phare HS-BG51100 int\u00e8gre un \u00e9cran tactile couleur haute d\u00e9finition de 3,5 pouces, traduisant des donn\u00e9es \u00e9nerg\u00e9tiques complexes en un langage visuel intuitif pour une exp\u00e9rience interactive sans pr\u00e9c\u00e9dent et un sentiment de contr\u00f4le.<\/p>\n<p>Cockpit \u00c9nerg\u00e9tique Panoramique : Affichage dynamique en temps r\u00e9el de la puissance de charge solaire, de la puissance de sortie de charge et de l\u2019\u00e9tat de la batterie (tension, temp\u00e9rature, sant\u00e9) offrant une visibilit\u00e9 claire du flux d\u2019\u00e9nergie.<\/p>\n<p>Strat\u00e9gies Intelligentes Personnalisables : Configurez facilement les priorit\u00e9s de charge\/d\u00e9charge et la gestion des tarifs heures pleines\/creuses pour maximiser les taux d\u2019autoconsommation et les retours \u00e9conomiques. D\u00e9finissez votre mode de vie intelligent.<\/p>\n<p>Double Syst\u00e8me de S\u00e9curit\u00e9 : Affichages \u00e0 l\u2019\u00e9cran de tous les statuts de protection du BMS (Syst\u00e8me de Gestion de Batterie). Alertes instantan\u00e9es en cas d\u2019anomalies (surtension, surtemp\u00e9rature, surcharge) pour garantir qu\u2019aucun danger ne passe inaper\u00e7u.<\/p>\n<p>Donn\u00e9es Historiques &amp; R\u00e9alisations : Suivez les courbes de g\u00e9n\u00e9ration\/consommation quotidiennes, mensuelles et annuelles pour quantifier vos \u00e9conomies d\u2019\u00e9nergie et vos contributions \u00e0 la r\u00e9duction de carbone, rendant les choix \u00e9cologiques plus gratifiants.<\/p>\n<p>II. Noyau de Performance Robuste : Compatibilit\u00e9 Double Tension pour une Application Tout-Sc\u00e9nario<\/p>\n<p>Flexibilit\u00e9 \u00e0 double tension : Compatibilit\u00e9 innovante avec des plateformes haute tension de 51,2V et basse tension de 12V\/24V, accueillant sans effort divers syst\u00e8mes PV et \u00e9quipements \u00e9lectriques, \u00e9largissant les sc\u00e9narios d\u2019application.<\/p>\n<p>R\u00e9serve d\u2019\u00e9nergie massive : R\u00e9pond facilement aux demandes de puissance domestique \u00e0 haute intensit\u00e9 avec une autonomie prolong\u00e9e significative.<\/p>\n<p>Fondation de S\u00e9curit\u00e9 Solide :<br \/>\n\u00c9quip\u00e9 d\u2019un syst\u00e8me de gestion BMS intelligent avec plusieurs protections mat\u00e9rielles contre la surcharge, la d\u00e9charge excessive, le surcourant, les courts-circuits et les temp\u00e9ratures extr\u00eames, garantissant un fonctionnement s\u00e9curis\u00e9 et stable de l\u2019unit\u00e9 de stockage d\u2019\u00e9nergie de grande capacit\u00e9.<\/p>\n<p>III. Sc\u00e9narios d\u2019Application \u00c9tendus<\/p>\n<p>Le HS-BG51100 est une solution \u00e9nerg\u00e9tique professionnelle con\u00e7ue pour les m\u00e9nages et les environnements commerciaux avec des exigences plus \u00e9lev\u00e9es :<\/p>\n<p>Villas et Grandes Maisons : Offre une couverture d\u2019urgence prolong\u00e9e pour les m\u00e9nages moyens \u00e0 grands, supportant des appareils plus critiques.<\/p>\n<p>Compagnon Id\u00e9al pour les Syst\u00e8mes PV Complet : S\u2019int\u00e8gre parfaitement aux installations solaires \u00e0 haute capacit\u00e9, stockant l\u2019\u00e9nergie exc\u00e9dentaire du jour pour une autonomie \u00e9lectrique nocturne v\u00e9ritable.<\/p>\n<p>Alimentation pour Petites Entreprises\/Studios : Fournit une alimentation stable et ininterrompue pour les bureaux \u00e0 domicile, petits commerces et studios, assurant un fonctionnement sans interruption.<\/p>\n<p>Choix de r\u00e9f\u00e9rence pour l\u2019alimentation ext\u00e9rieure : R\u00e9pond aux besoins en \u00e9lectricit\u00e9 pour le camping prolong\u00e9 et les voyages en camping-car, servant de solution fiable pour l\u2019alimentation ext\u00e9rieure.<\/p>\n<p>Le HS-BG51100 r\u00e9alise vos aspirations \u00e0 un mode de vie de haute qualit\u00e9 gr\u00e2ce \u00e0 sa compatibilit\u00e9 double tension et sa capacit\u00e9 exceptionnelle, renfor\u00e7ant votre autonomie \u00e9nerg\u00e9tique avec une interaction intelligente. Plus qu\u2019un simple produit, il repr\u00e9sente un choix strat\u00e9gique pour am\u00e9liorer votre syst\u00e8me \u00e9nerg\u00e9tique domestique, offrant une plus grande libert\u00e9 dans l\u2019utilisation de l\u2019\u00e9lectricit\u00e9 et un mode de vie plus d\u00e9tendu.<\/p>\n<\/div>\n<div data-spm-anchor-id=\"a2700.pc-decorate.0.i5.5d033333Lu9Prj\"><\/div>\n<div data-spm-anchor-id=\"a2700.pc-decorate.0.i5.5d033333Lu9Prj\"><strong>Profil de l'entreprise <\/strong><\/div>\n<div data-spm-anchor-id=\"a2700.pc-decorate.0.i5.5d033333Lu9Prj\"><\/div>\n<div data-spm-anchor-id=\"a2700.pc-decorate.0.i5.5d033333Lu9Prj\">\n<p><strong><span data-spm-anchor-id=\"a2700.pc-decorate.0.i21.5d033333Lu9Prj\">Fond\u00e9e en 2011, Shenzhen Haisic Technology Co., Ltd. est une entreprise nationale de haute technologie d\u00e9di\u00e9e \u00e0 la recherche, au d\u00e9veloppement et \u00e0 la production de produits de stockage d'\u00e9nergie tels que les batteries LiFePO4, le stockage d'\u00e9nergie commercial et industriel, le stockage d'\u00e9nergie r\u00e9sidentiel, la centrale \u00e9lectrique portable\/g\u00e9n\u00e9rateur solaire, l'onduleur solaire, la batterie de chariot \u00e9l\u00e9vateur, le bus RVA\/batterie de voiturette de golf et autres batteries OEM\/ODM en Chine.<\/span><\/strong><\/p>\n<div><\/div>\n<div><strong>Profond\u00e9ment impliqu\u00e9e dans ce domaine depuis plus de 12 ans, Haisic Technology a accumul\u00e9 une exp\u00e9rience approfondie en R&amp;D, innovation, contr\u00f4le qualit\u00e9 et gestion. Nos produits sont utilis\u00e9s dans le stockage d'\u00e9nergie domestique, le stockage d'\u00e9nergie industriel, le stockage d'\u00e9nergie commercial, la communication \u00e9lectrique, l'\u00e9lectronique m\u00e9dicale, les communications de s\u00e9curit\u00e9, le transport et la logistique, l'\u00e9nergie nouvelle, la maison intelligente et d'autres domaines connexes. <\/strong><\/div>\n<div><strong>\u00a0<\/strong><\/div>\n<div><strong>We have owned our own production base covering more than 14000m located in Dapeng district of Shenzhen with ISO9001, ISO14001, IS045001 and Amfori BSCI, and our products are with CE, FCC, TUV-UL2054, CQC,RoHs, PSE,MSDS, UN38.3 certificates. We\u2019ve already provided safe, stable, environmentallyfriendly, high-quality products and professional OEM\/ODM services to customers in more than 80 countries and regions. <\/strong><\/div>\n<div><\/div>\n<div><strong>FAQ <\/strong><\/div>\n<div><strong><span data-spm-anchor-id=\"a2700.pc-decorate.0.i33.5d033333Lu9Prj\">1. Qu'est-ce qui est sp\u00e9cial avec les batteries au lithium ?<\/span><\/strong><\/div>\n<div>\n<p><span data-spm-anchor-id=\"a2700.pc-decorate.0.i33.5d033333Lu9Prj\">R : Avec une densit\u00e9 \u00e9nerg\u00e9tique \u00e9lev\u00e9e, elle a atteint 460-600Wh\/kg, soit environ 6 \u00e0 7 fois celle des batteries au plomb. Longue dur\u00e9e de vie, la dur\u00e9e de vie peut atteindre plus de 6 ans. Poids l\u00e9ger, le poids est d'environ 1\/5-6 du produit au plomb sous le m\u00eame volume.<\/span><\/p>\n<p>&nbsp;<\/p>\n<div data-spm-anchor-id=\"a2700.pc-decorate.0.i34.5d033333Lu9Prj\"><strong>2. \u00c0 quoi sert une batterie au lithium ?<br \/>\n<\/strong>A: La batterie au lithium est utilis\u00e9e pour l'alimentation et le stockage d'\u00e9nergie. Comme alimentation de secours d'urgence ou UPS. Puissance \u00e9lectrique fiable et \u00e9nergie de v\u00e9hicule r\u00e9cr\u00e9atif, voiturette de golf, marine fiable et l\u00e9g\u00e8re, stockage d'\u00e9nergie solaire, maison solaire, petite usine de traitement, syst\u00e8mes de surveillance ou d'alarme dans des endroits isol\u00e9s.3. Vos batteries sont-elles s\u00fbres ? A: Nos batteries sont s\u00fbres. Toutes les batteries Zwayn utilisent les composants les plus s\u00fbrs et les plus stables, y compris une cathode LiFePO4 et un syst\u00e8me de gestion de batterie (SGB) int\u00e9gr\u00e9. Le SGB prot\u00e8ge les cellules contre des tensions excessivement \u00e9lev\u00e9es ou basses, des courants \u00e9lev\u00e9s, les courts-circuits et une chaleur ou un froid excessifs. Ce sont les causes les plus fr\u00e9quentes de d\u00e9faillances des batteries, et nous avons pris toutes les pr\u00e9cautions pour att\u00e9nuer ces risques dans toutes nos batteries.<br \/>\n<strong><br \/>\n4. Comment choisir la bonne batterie lithium \u00e0 d\u00e9charge profonde pour mon application ?<br \/>\n<\/strong>R : Dans la plupart des syst\u00e8mes standard de 12, 24 ou 48 volts, le meilleur choix de batterie au lithium est LiFePO4 (Lithium Fer Phosphate\/<br \/>\nCellule de batterie poche\/primaire). La tension de ce type de batterie est tr\u00e8s similaire \u00e0 celle d'une AGM et fonctionnera parfaitement avec les composants de syst\u00e8me facilement<br \/>\ndisponibles pour votre camping-car, bateau, syst\u00e8me d'alimentation hors r\u00e9seau, maison solaire (TV, r\u00e9frig\u00e9rateur, machine \u00e0 laver, climatiseur,<br \/>\n5. Peut-elle \u00eatre utilis\u00e9e en s\u00e9rie ou en parall\u00e8le ?<\/p>\n<p>R : Oui, monsieur, elle peut supporter un maximum de 15 connexions en parall\u00e8le pour l'utilisation, bo\u00eete de stockage de 150 kWh maximum.<br \/>\n<strong><br \/>\n6. Ces batteries sont-elles compatibles avec mon onduleur ? Avez-vous une liste d'entreprises d'onduleurs compatibles ?<br \/>\n<\/strong>R : Oui monsieur, notre pack de batteries peut \u00eatre compatible avec la plupart des marques d'onduleurs sur le march\u00e9, telles que Deye, MUST, SMA, Growatt, Solax, Solis, Sungrow, Sofar, Voltronic, Sorotec, Studer, etc.<\/p>\n<\/div>\n<\/div>\n<\/div>","protected":false},"excerpt":{"rendered":"<p>Pr\u00e9sentation du syst\u00e8me de stockage d'\u00e9nergie domestique intelligent HS-BG51100<\/p>\n<p>Plateforme \u00e0 double tension, produit phare polyvalent \u2013 c\u0153ur puissant, contr\u00f4le intelligent \u00e0 votre commande<\/p>","protected":false},"featured_media":1664,"template":"","meta":{"site-sidebar-layout":"default","site-content-layout":"","ast-site-content-layout":"default","site-content-style":"default","site-sidebar-style":"default","ast-global-header-display":"","ast-banner-title-visibility":"","ast-main-header-display":"","ast-hfb-above-header-display":"","ast-hfb-below-header-display":"","ast-hfb-mobile-header-display":"","site-post-title":"","ast-breadcrumbs-content":"","ast-featured-img":"","footer-sml-layout":"","ast-disable-related-posts":"","theme-transparent-header-meta":"default","adv-header-id-meta":"","stick-header-meta":"default","header-above-stick-meta":"","header-main-stick-meta":"","header-below-stick-meta":"","astra-migrate-meta-layouts":"set","ast-page-background-enabled":"default","ast-page-background-meta":{"desktop":{"background-color":"var(--ast-global-color-4)","background-image":"","background-repeat":"repeat","background-position":"center center","background-size":"auto","background-attachment":"scroll","background-type":"","background-media":"","overlay-type":"","overlay-color":"","overlay-opacity":"","overlay-gradient":""},"tablet":{"background-color":"","background-image":"","background-repeat":"repeat","background-position":"center center","background-size":"auto","background-attachment":"scroll","background-type":"","background-media":"","overlay-type":"","overlay-color":"","overlay-opacity":"","overlay-gradient":""},"mobile":{"background-color":"","background-image":"","background-repeat":"repeat","background-position":"center center","background-size":"auto","background-attachment":"scroll","background-type":"","background-media":"","overlay-type":"","overlay-color":"","overlay-opacity":"","overlay-gradient":""}},"ast-content-background-meta":{"desktop":{"background-color":"var(--ast-global-color-5)","background-image":"","background-repeat":"repeat","background-position":"center center","background-size":"auto","background-attachment":"scroll","background-type":"","background-media":"","overlay-type":"","overlay-color":"","overlay-opacity":"","overlay-gradient":""},"tablet":{"background-color":"var(--ast-global-color-5)","background-image":"","background-repeat":"repeat","background-position":"center center","background-size":"auto","background-attachment":"scroll","background-type":"","background-media":"","overlay-type":"","overlay-color":"","overlay-opacity":"","overlay-gradient":""},"mobile":{"background-color":"var(--ast-global-color-5)","background-image":"","background-repeat":"repeat","background-position":"center center","background-size":"auto","background-attachment":"scroll","background-type":"","background-media":"","overlay-type":"","overlay-color":"","overlay-opacity":"","overlay-gradient":""}}},"product_brand":[],"product_cat":[47,56,50],"product_tag":[],"class_list":{"0":"post-1673","1":"product","2":"type-product","3":"status-publish","4":"has-post-thumbnail","6":"product_cat-residetial-ess","7":"product_cat-energy-storage-battery-system","8":"product_cat-floor-standing-ess","9":"desktop-align-left","10":"tablet-align-left","11":"mobile-align-left","12":"ast-product-gallery-layout-horizontal-slider","13":"ast-product-tabs-layout-horizontal","15":"first","16":"instock","17":"shipping-taxable","18":"purchasable","19":"product-type-simple"},"_links":{"self":[{"href":"https:\/\/haisicstorage.com\/fr\/wp-json\/wp\/v2\/product\/1673","targetHints":{"allow":["GET"]}}],"collection":[{"href":"https:\/\/haisicstorage.com\/fr\/wp-json\/wp\/v2\/product"}],"about":[{"href":"https:\/\/haisicstorage.com\/fr\/wp-json\/wp\/v2\/types\/product"}],"version-history":[{"count":5,"href":"https:\/\/haisicstorage.com\/fr\/wp-json\/wp\/v2\/product\/1673\/revisions"}],"predecessor-version":[{"id":3501,"href":"https:\/\/haisicstorage.com\/fr\/wp-json\/wp\/v2\/product\/1673\/revisions\/3501"}],"wp:featuredmedia":[{"embeddable":true,"href":"https:\/\/haisicstorage.com\/fr\/wp-json\/wp\/v2\/media\/1664"}],"wp:attachment":[{"href":"https:\/\/haisicstorage.com\/fr\/wp-json\/wp\/v2\/media?parent=1673"}],"wp:term":[{"taxonomy":"product_brand","embeddable":true,"href":"https:\/\/haisicstorage.com\/fr\/wp-json\/wp\/v2\/product_brand?post=1673"},{"taxonomy":"product_cat","embeddable":true,"href":"https:\/\/haisicstorage.com\/fr\/wp-json\/wp\/v2\/product_cat?post=1673"},{"taxonomy":"product_tag","embeddable":true,"href":"https:\/\/haisicstorage.com\/fr\/wp-json\/wp\/v2\/product_tag?post=1673"}],"curies":[{"name":"wp","href":"https:\/\/api.w.org\/{rel}","templated":true}]}}