{"id":1670,"date":"2025-12-03T05:51:48","date_gmt":"2025-12-03T05:51:48","guid":{"rendered":"https:\/\/haisicstorage.com\/?post_type=product&#038;p=1670"},"modified":"2026-02-27T07:30:56","modified_gmt":"2026-02-27T07:30:56","slug":"10240wh-touchscreen-energy-storage-system","status":"publish","type":"product","link":"https:\/\/haisicstorage.com\/fr\/10240wh-touchscreen-energy-storage-system\/","title":{"rendered":"Syst\u00e8me de stockage d'\u00e9nergie \u00e0 \u00e9cran tactile 10240 Wh"},"content":{"rendered":"<div data-spm-anchor-id=\"a2700.pc-decorate.0.i6.5d033333Lu9Prj\">\n<p>Fonctionnalit\u00e9s principales<br \/>\nCapacit\u00e9 massive, alimentation continue<\/p>\n<p>R\u00e9serve massive de 10240Wh : Suffisante pour r\u00e9pondre aux besoins \u00e9lectriques quotidiens du foyer, alimenter les appareils \u00e0 haute consommation et r\u00e9sister aux coupures de courant prolong\u00e9es, servant de sauvegarde robuste pour la s\u00e9curit\u00e9 \u00e9nerg\u00e9tique domestique.<\/p>\n<p>Interface tactile intuitive<\/p>\n<p>\u00c9cran tactile couleur haute d\u00e9finition : Dot\u00e9 d'une interface tactile HD conviviale affichant en temps r\u00e9el l'\u00e9tat de la batterie, la puissance de charge\/d\u00e9charge, l'analyse de la consommation d'\u00e9nergie et le fonctionnement du syst\u00e8me.<\/p>\n<p>Contr\u00f4le d'un seul toucher : Configurez facilement les modes de fonctionnement (par exemple, priorit\u00e9 solaire, tarification heures pleines\/creuses, alimentation de secours) avec une op\u00e9ration intuitive adapt\u00e9e \u00e0 tous les \u00e2ges.<\/p>\n<p>Inverseur \u00e0 haute efficacit\u00e9, sortie robuste<\/p>\n<p>Technologie d'onduleur haute performance : Utilise une technologie d'onduleur \u00e0 onde sinuso\u00efdale pure avec un rendement de conversion sup\u00e9rieur \u00e0 95%, fournissant une puissance stable et propre pour l'\u00e9lectronique de pr\u00e9cision et les charges inductives.<\/p>\n<p>Sortie haute puissance : Supporte une sortie transitoire \u00e0 haute puissance, d\u00e9marrant sans effort des \u00e9quipements \u00e0 forte consommation comme les climatiseurs, pompes \u00e0 eau et moteurs.<\/p>\n<p>Fonctionnement multi-mode, \u00e9conomie d'\u00e9nergie intelligente<\/p>\n<p>Priorit\u00e9 PV : Se connecte aux panneaux solaires, privil\u00e9giant l'\u00e9nergie solaire verte pour la charge du syst\u00e8me afin de r\u00e9duire la consommation du r\u00e9seau et l'empreinte carbone.<\/p>\n<p>Arbitrage pic-valley : Se charge pendant les heures creuses \u00e0 faible tarif et se d\u00e9charge pendant les heures de pointe co\u00fbteuses, optimisant intelligemment les co\u00fbts d'\u00e9lectricit\u00e9 pour un b\u00e9n\u00e9fice \u00e9conomique maximal.<\/p>\n<p>Alimentation sans interruption (fonction UPS) : Bascule sans interruption vers l'alimentation de secours en quelques millisecondes lors des coupures de r\u00e9seau, garantissant que les appareils critiques restent aliment\u00e9s.<\/p>\n<p>S\u00e9curit\u00e9 et fiabilit\u00e9, protection robuste<\/p>\n<p>Cellules de phosphate de fer lithium de qualit\u00e9 automobile (LiFePO\u2084) : Stabilit\u00e9 thermique exceptionnelle et dur\u00e9e de vie en cycle prolong\u00e9e (plus de 6 000 cycles), ignifuge, durable et fiable.<\/p>\n<p>Intelligent Battery Management System (BMS): Provides multiple hardware-level protections against overcharging, over-discharging, overcurrent, short circuits, and abnormal temperatures, ensuring safe and stable operation throughout the system\u2019s entire lifecycle.<\/p>\n<p>Construction robuste avec gestion thermique intelligente : Conception de qualit\u00e9 industrielle int\u00e9grant un ventilateur de refroidissement intelligent, assurant des performances optimales de l'appareil dans diverses conditions environnementales.<\/p>\n<p>Modularit\u00e9 et \u00e9volutivit\u00e9<\/p>\n<p>Extension de capacit\u00e9 flexible : L'architecture modulaire permet aux utilisateurs d'augmenter la capacit\u00e9 totale en ajoutant des modules de batterie \u00e0 mesure que les besoins \u00e9nerg\u00e9tiques futurs augmentent, permettant un investissement tourn\u00e9 vers l'avenir.<\/p>\n<p>Sc\u00e9narios d'application<br \/>\nAlimentation domestique : Fournit une \u00e9lectricit\u00e9 propre pour l'ensemble du foyer, particuli\u00e8rement adapt\u00e9e aux r\u00e9gions \u00e0 forte consommation et \u00e0 co\u00fbts \u00e9lev\u00e9s d'\u00e9lectricit\u00e9.<\/p>\n<p>Alimentation de secours d'urgence : garantit le fonctionnement ininterrompu des fonctions de base du foyer lors de coupures impr\u00e9vues caus\u00e9es par des typhons, des tremblements de terre ou la maintenance du r\u00e9seau.<\/p>\n<p>Vie hors r\u00e9seau : fournit un support \u00e9lectrique ind\u00e9pendant pour les villas, ranchs, camping-cars, navires de p\u00eache et autres sc\u00e9narios hors r\u00e9seau.<\/p>\n<p>Syst\u00e8me de stockage d'\u00e9nergie photovolta\u00efque : sert d'unit\u00e9 de stockage id\u00e9ale pour les syst\u00e8mes de production d'\u00e9nergie solaire, maximisant les taux d'autoconsommation et atteignant l'ind\u00e9pendance \u00e9nerg\u00e9tique.<\/p>\n<p>Le HS-BG51200 n'est pas seulement un dispositif de stockage d'\u00e9nergie ; c'est un centre d'\u00e9nergie domestique intelligent orient\u00e9 vers l'avenir. Int\u00e9grant de mani\u00e8re transparente une capacit\u00e9 de stockage robuste, des syst\u00e8mes de gestion intelligents et une op\u00e9ration conviviale, il constitue un choix exceptionnel pour les m\u00e9nages recherchant des solutions de gestion d'\u00e9nergie de haute qualit\u00e9, tr\u00e8s fiables et \u00e9conomiques.<\/p>\n<\/div>\n<div data-spm-anchor-id=\"a2700.pc-decorate.0.i5.5d033333Lu9Prj\">\n<p><strong><span data-spm-anchor-id=\"a2700.pc-decorate.0.i21.5d033333Lu9Prj\">Fond\u00e9e en 2011, Shenzhen Haisic Technology Co., Ltd. est une entreprise nationale de haute technologie d\u00e9di\u00e9e \u00e0 la recherche, au d\u00e9veloppement et \u00e0 la production de produits de stockage d'\u00e9nergie tels que les batteries LiFePO4, le stockage d'\u00e9nergie commercial et industriel, le stockage d'\u00e9nergie r\u00e9sidentiel, la centrale \u00e9lectrique portable\/g\u00e9n\u00e9rateur solaire, l'onduleur solaire, la batterie de chariot \u00e9l\u00e9vateur, le bus RVA\/batterie de voiturette de golf et autres batteries OEM\/ODM en Chine.<\/span><\/strong><\/p>\n<div><\/div>\n<div><strong>Profond\u00e9ment impliqu\u00e9e dans ce domaine depuis plus de 12 ans, Haisic Technology a accumul\u00e9 une exp\u00e9rience approfondie en R&amp;D, innovation, contr\u00f4le qualit\u00e9 et gestion. Nos produits sont utilis\u00e9s dans le stockage d'\u00e9nergie domestique, le stockage d'\u00e9nergie industriel, le stockage d'\u00e9nergie commercial, la communication \u00e9lectrique, l'\u00e9lectronique m\u00e9dicale, les communications de s\u00e9curit\u00e9, le transport et la logistique, l'\u00e9nergie nouvelle, la maison intelligente et d'autres domaines connexes. <\/strong><\/div>\n<div><strong>\u00a0<\/strong><\/div>\n<div><strong>We have owned our own production base covering more than 14000m located in Dapeng district of Shenzhen with ISO9001, ISO14001, IS045001 and Amfori BSCI, and our products are with CE, FCC, TUV-UL2054, CQC,RoHs, PSE,MSDS, UN38.3 certificates. We\u2019ve already provided safe, stable, environmentallyfriendly, high-quality products and professional OEM\/ODM services to customers in more than 80 countries and regions. <\/strong><\/div>\n<div><\/div>\n<div><\/div>\n<div><strong>FAQ <\/strong><\/div>\n<div><strong><span data-spm-anchor-id=\"a2700.pc-decorate.0.i33.5d033333Lu9Prj\">1. Qu'est-ce qui est sp\u00e9cial avec les batteries au lithium ?<\/span><\/strong><\/div>\n<div>\n<p><span data-spm-anchor-id=\"a2700.pc-decorate.0.i33.5d033333Lu9Prj\">R : Avec une densit\u00e9 \u00e9nerg\u00e9tique \u00e9lev\u00e9e, elle a atteint 460-600Wh\/kg, soit environ 6 \u00e0 7 fois celle des batteries au plomb. Longue dur\u00e9e de vie, la dur\u00e9e de vie peut atteindre plus de 6 ans. Poids l\u00e9ger, le poids est d'environ 1\/5-6 du produit au plomb sous le m\u00eame volume.<\/span><\/p>\n<p>&nbsp;<\/p>\n<div data-spm-anchor-id=\"a2700.pc-decorate.0.i34.5d033333Lu9Prj\"><strong>2. \u00c0 quoi sert une batterie au lithium ?<br \/>\n<\/strong>A: La batterie au lithium est utilis\u00e9e pour l'alimentation et le stockage d'\u00e9nergie. Comme alimentation de secours d'urgence ou UPS. Puissance \u00e9lectrique fiable et \u00e9nergie de v\u00e9hicule r\u00e9cr\u00e9atif, voiturette de golf, marine fiable et l\u00e9g\u00e8re, stockage d'\u00e9nergie solaire, maison solaire, petite usine de traitement, syst\u00e8mes de surveillance ou d'alarme dans des endroits isol\u00e9s.3. Vos batteries sont-elles s\u00fbres ? A: Nos batteries sont s\u00fbres. Toutes les batteries Zwayn utilisent les composants les plus s\u00fbrs et les plus stables, y compris une cathode LiFePO4 et un syst\u00e8me de gestion de batterie (SGB) int\u00e9gr\u00e9. Le SGB prot\u00e8ge les cellules contre des tensions excessivement \u00e9lev\u00e9es ou basses, des courants \u00e9lev\u00e9s, les courts-circuits et une chaleur ou un froid excessifs. Ce sont les causes les plus fr\u00e9quentes de d\u00e9faillances des batteries, et nous avons pris toutes les pr\u00e9cautions pour att\u00e9nuer ces risques dans toutes nos batteries.<br \/>\n<strong><br \/>\n4. Comment choisir la bonne batterie lithium \u00e0 d\u00e9charge profonde pour mon application ?<br \/>\n<\/strong>R : Dans la plupart des syst\u00e8mes standard de 12, 24 ou 48 volts, le meilleur choix de batterie au lithium est LiFePO4 (Lithium Fer Phosphate\/<br \/>\nCellule de batterie poche\/primaire). La tension de ce type de batterie est tr\u00e8s similaire \u00e0 celle d'une AGM et fonctionnera parfaitement avec les composants de syst\u00e8me facilement<br \/>\ndisponibles pour votre camping-car, bateau, syst\u00e8me d'alimentation hors r\u00e9seau, maison solaire (TV, r\u00e9frig\u00e9rateur, machine \u00e0 laver, climatiseur,<br \/>\n5. Peut-elle \u00eatre utilis\u00e9e en s\u00e9rie ou en parall\u00e8le ?<\/p>\n<p>R : Oui, monsieur, elle peut supporter un maximum de 15 connexions en parall\u00e8le pour l'utilisation, bo\u00eete de stockage de 150 kWh maximum.<br \/>\n<strong><br \/>\n6. Ces batteries sont-elles compatibles avec mon onduleur ? Avez-vous une liste d'entreprises d'onduleurs compatibles ?<br \/>\n<\/strong>R : Oui monsieur, notre pack de batteries peut \u00eatre compatible avec la plupart des marques d'onduleurs sur le march\u00e9, telles que Deye, MUST, SMA, Growatt, Solax, Solis, Sungrow, Sofar, Voltronic, Sorotec, Studer, etc.<\/p>\n<\/div>\n<\/div>\n<\/div>","protected":false},"excerpt":{"rendered":"<p>HS-BG51200 est un syst\u00e8me de stockage d'\u00e9nergie domestique int\u00e9gr\u00e9 haut de gamme combinant des batteries lithium haute performance, des onduleurs efficaces et une gestion intelligente de l'\u00e9nergie. Sa philosophie de conception centrale est \u2018 Stockage d'\u00e9nergie intelligent, vie sans souci \u2019, visant \u00e0 fournir aux m\u00e9nages modernes une solution d'\u00e9nergie s\u00fbre, fiable, propre et \u00e9conomique. Cela donne aux utilisateurs une libert\u00e9 \u00e9lectrique et am\u00e9liore la qualit\u00e9 de vie.<\/p>","protected":false},"featured_media":1662,"template":"","meta":{"site-sidebar-layout":"default","site-content-layout":"","ast-site-content-layout":"default","site-content-style":"default","site-sidebar-style":"default","ast-global-header-display":"","ast-banner-title-visibility":"","ast-main-header-display":"","ast-hfb-above-header-display":"","ast-hfb-below-header-display":"","ast-hfb-mobile-header-display":"","site-post-title":"","ast-breadcrumbs-content":"","ast-featured-img":"","footer-sml-layout":"","ast-disable-related-posts":"","theme-transparent-header-meta":"default","adv-header-id-meta":"","stick-header-meta":"default","header-above-stick-meta":"","header-main-stick-meta":"","header-below-stick-meta":"","astra-migrate-meta-layouts":"set","ast-page-background-enabled":"default","ast-page-background-meta":{"desktop":{"background-color":"var(--ast-global-color-4)","background-image":"","background-repeat":"repeat","background-position":"center center","background-size":"auto","background-attachment":"scroll","background-type":"","background-media":"","overlay-type":"","overlay-color":"","overlay-opacity":"","overlay-gradient":""},"tablet":{"background-color":"","background-image":"","background-repeat":"repeat","background-position":"center center","background-size":"auto","background-attachment":"scroll","background-type":"","background-media":"","overlay-type":"","overlay-color":"","overlay-opacity":"","overlay-gradient":""},"mobile":{"background-color":"","background-image":"","background-repeat":"repeat","background-position":"center center","background-size":"auto","background-attachment":"scroll","background-type":"","background-media":"","overlay-type":"","overlay-color":"","overlay-opacity":"","overlay-gradient":""}},"ast-content-background-meta":{"desktop":{"background-color":"var(--ast-global-color-5)","background-image":"","background-repeat":"repeat","background-position":"center center","background-size":"auto","background-attachment":"scroll","background-type":"","background-media":"","overlay-type":"","overlay-color":"","overlay-opacity":"","overlay-gradient":""},"tablet":{"background-color":"var(--ast-global-color-5)","background-image":"","background-repeat":"repeat","background-position":"center center","background-size":"auto","background-attachment":"scroll","background-type":"","background-media":"","overlay-type":"","overlay-color":"","overlay-opacity":"","overlay-gradient":""},"mobile":{"background-color":"var(--ast-global-color-5)","background-image":"","background-repeat":"repeat","background-position":"center center","background-size":"auto","background-attachment":"scroll","background-type":"","background-media":"","overlay-type":"","overlay-color":"","overlay-opacity":"","overlay-gradient":""}}},"product_brand":[],"product_cat":[56,50,47],"product_tag":[],"class_list":{"0":"post-1670","1":"product","2":"type-product","3":"status-publish","4":"has-post-thumbnail","6":"product_cat-energy-storage-battery-system","7":"product_cat-floor-standing-ess","8":"product_cat-residetial-ess","9":"desktop-align-left","10":"tablet-align-left","11":"mobile-align-left","12":"ast-product-gallery-layout-horizontal-slider","13":"ast-product-tabs-layout-horizontal","15":"first","16":"instock","17":"shipping-taxable","18":"purchasable","19":"product-type-simple"},"_links":{"self":[{"href":"https:\/\/haisicstorage.com\/fr\/wp-json\/wp\/v2\/product\/1670","targetHints":{"allow":["GET"]}}],"collection":[{"href":"https:\/\/haisicstorage.com\/fr\/wp-json\/wp\/v2\/product"}],"about":[{"href":"https:\/\/haisicstorage.com\/fr\/wp-json\/wp\/v2\/types\/product"}],"version-history":[{"count":4,"href":"https:\/\/haisicstorage.com\/fr\/wp-json\/wp\/v2\/product\/1670\/revisions"}],"predecessor-version":[{"id":3502,"href":"https:\/\/haisicstorage.com\/fr\/wp-json\/wp\/v2\/product\/1670\/revisions\/3502"}],"wp:featuredmedia":[{"embeddable":true,"href":"https:\/\/haisicstorage.com\/fr\/wp-json\/wp\/v2\/media\/1662"}],"wp:attachment":[{"href":"https:\/\/haisicstorage.com\/fr\/wp-json\/wp\/v2\/media?parent=1670"}],"wp:term":[{"taxonomy":"product_brand","embeddable":true,"href":"https:\/\/haisicstorage.com\/fr\/wp-json\/wp\/v2\/product_brand?post=1670"},{"taxonomy":"product_cat","embeddable":true,"href":"https:\/\/haisicstorage.com\/fr\/wp-json\/wp\/v2\/product_cat?post=1670"},{"taxonomy":"product_tag","embeddable":true,"href":"https:\/\/haisicstorage.com\/fr\/wp-json\/wp\/v2\/product_tag?post=1670"}],"curies":[{"name":"wp","href":"https:\/\/api.w.org\/{rel}","templated":true}]}}