{"id":1667,"date":"2025-12-03T05:43:20","date_gmt":"2025-12-03T05:43:20","guid":{"rendered":"https:\/\/haisicstorage.com\/?post_type=product&#038;p=1667"},"modified":"2026-02-27T07:31:22","modified_gmt":"2026-02-27T07:31:22","slug":"51-2v-305ah-15616wh-touchscreen-home-energy-battery","status":"publish","type":"product","link":"https:\/\/haisicstorage.com\/fr\/51-2v-305ah-15616wh-touchscreen-home-energy-battery\/","title":{"rendered":"Batterie d'\u00e9nergie domestique \u00e0 \u00e9cran tactile 51,2 V 305 Ah 15616 Wh"},"content":{"rendered":"<div data-spm-anchor-id=\"a2700.pc-decorate.0.i6.5d033333Lu9Prj\">\n<p>Fonctionnalit\u00e9s principales<br \/>\nCapacit\u00e9 massive et puissance exceptionnelle<\/p>\n<p>15616Wh R\u00e9serve massive : R\u00e9pond aux besoins en \u00e9lectricit\u00e9 domestique pendant plusieurs jours.<\/p>\n<p>Sortie intelligente \u00e0 double mode pour divers sc\u00e9narios<\/p>\n<p>Mode standard : Fournit une alimentation AC sinuso\u00efdale pure stable pour les appareils quotidiens, garantissant une haute efficacit\u00e9 et des \u00e9conomies d'\u00e9nergie.<\/p>\n<p>Mode haute puissance : Activation en un clic d'un mode de sortie robuste pour g\u00e9rer facilement les \u00e9quipements lourds avec des courants d'appel importants (par exemple, moteurs, compresseurs), offrant une polyvalence exceptionnelle.<\/p>\n<p>\u00c9cran tactile intelligent avec IA : Energie en un coup d'\u0153il<\/p>\n<p>\u00c9cran tactile intelligent couleur haute d\u00e9finition : Offre une exp\u00e9rience utilisateur exceptionnelle avec une visualisation en temps r\u00e9el des flux d'\u00e9nergie (PV, r\u00e9seau, charges, \u00e9tat de la batterie).<\/p>\n<p>Apprentissage IA et recommandations : Le syst\u00e8me apprend les habitudes de consommation \u00e9lectrique du foyer et, combin\u00e9 aux donn\u00e9es de tarification locale de l'\u00e9lectricit\u00e9, recommande intelligemment des strat\u00e9gies optimales de charge et de d\u00e9charge pour maximiser les \u00e9conomies sur la facture d'\u00e9lectricit\u00e9.<\/p>\n<p>Gestion intelligente en quatre dimensions, expert en fonctionnement \u00e9conomique<\/p>\n<p>Mode priorit\u00e9 PV : Optimise l'utilisation de l'\u00e9nergie solaire pour atteindre l'autosuffisance en \u00e9nergie propre.<\/p>\n<p>Arbitrage pr\u00e9cis pic-valley : Charge automatiquement pendant les p\u00e9riodes hors pointe\/tarif fixe et d\u00e9charge pendant les heures de pointe, r\u00e9duisant m\u00e9ticuleusement les co\u00fbts d'\u00e9lectricit\u00e9.<\/p>\n<p>Fonctionnalit\u00e9 UPS transparente : Commutation rapide en moins de 20 ms pour assurer une alimentation ininterrompue aux appareils critiques (par exemple, r\u00e9frig\u00e9rateurs, internet, ordinateurs).<\/p>\n<p>Modes hors r\u00e9seau\/r\u00e9seau connect\u00e9s s\u00e9lectionnables : S'adapte \u00e0 divers sc\u00e9narios, passant sans effort entre l'\u00e9conomie d'\u00e9nergie connect\u00e9e au r\u00e9seau et le fonctionnement autonome hors r\u00e9seau.<\/p>\n<p>S\u00e9curit\u00e9 de niveau militaire, protection sans souci<\/p>\n<p>Cellules lithium fer phosphate (LiFePO\u2084) de qualit\u00e9 automobile : Inh\u00e9rente s\u00fbre avec une dur\u00e9e de vie en cycle exceptionnelle (\u22656000 cycles @ 80% DoD).<\/p>\n<p>Syst\u00e8me de protection intelligent \u00e0 sept couches : BMS (Syst\u00e8me de gestion de batterie) et EMS (Syst\u00e8me de gestion de l'\u00e9nergie) int\u00e9gr\u00e9s offrant une protection compl\u00e8te contre la surtension, la sous-tension, le surintensit\u00e9, la surtemp\u00e9rature et les courts-circuits.<\/p>\n<p>Empilement modulaire pour une \u00e9volutivit\u00e9 future<\/p>\n<p>Expansion flexible : Supporte l'empilement parall\u00e8le de modules de batterie identiques, permettant des mises \u00e0 niveau de capacit\u00e9 sans gaspiller l'investissement initial.<\/p>\n<p>Sc\u00e9narios d'application<br \/>\nR\u00e9sidences de luxe et villas : Sert de source d'\u00e9nergie principale pour les m\u00e9nages ayant de fortes demandes en \u00e9lectricit\u00e9, avec climatisation centrale, chauffage par le sol, piscines et \u00e9quipements similaires.<\/p>\n<p>Espaces commerciaux de petite taille et studios : Fonctionne comme une source d'\u00e9nergie de secours et un outil de gestion de l'\u00e9lectricit\u00e9 en heures creuses et pleines pour les caf\u00e9s, \u00e9piceries et studios, r\u00e9duisant les co\u00fbts op\u00e9rationnels.<\/p>\n<p>Pr\u00e9paration aux situations d'urgence et vie hors r\u00e9seau : La solution \u00e9nerg\u00e9tique ultime pour les catastrophes naturelles, les op\u00e9rations sur le terrain et les voyages en camping-car.<\/p>\n<p>Syst\u00e8me photovolta\u00efque + stockage d'\u00e9nergie : S'int\u00e8gre parfaitement aux installations solaires pour atteindre une ind\u00e9pendance \u00e9nerg\u00e9tique exceptionnelle, pouvant potentiellement aboutir \u00e0 des factures d'\u00e9lectricit\u00e9 nulles.<\/p>\n<p>Le HS-BG51305 repr\u00e9sente non seulement une \u00e9volution du produit, mais aussi une r\u00e9f\u00e9rence en mati\u00e8re de performance pour les centres d'\u00e9nergie domestique. Gr\u00e2ce \u00e0 son int\u00e9gration fluide d'une capacit\u00e9 massive et d'une puissance exceptionnelle, il red\u00e9finit le potentiel des solutions de stockage domestique, offrant le choix ultime pour les utilisateurs recherchant une performance de pointe, une protection compl\u00e8te et une vie intelligente.<\/p>\n<\/div>\n<div data-spm-anchor-id=\"a2700.pc-decorate.0.i5.5d033333Lu9Prj\"><strong>Profil de l'entreprise <\/strong><\/div>\n<div data-spm-anchor-id=\"a2700.pc-decorate.0.i5.5d033333Lu9Prj\"><\/div>\n<div data-spm-anchor-id=\"a2700.pc-decorate.0.i5.5d033333Lu9Prj\">\n<p><strong><span data-spm-anchor-id=\"a2700.pc-decorate.0.i21.5d033333Lu9Prj\">Fond\u00e9e en 2011, Shenzhen Haisic Technology Co., Ltd. est une entreprise nationale de haute technologie d\u00e9di\u00e9e \u00e0 la recherche, au d\u00e9veloppement et \u00e0 la production de produits de stockage d'\u00e9nergie tels que les batteries LiFePO4, le stockage d'\u00e9nergie commercial et industriel, le stockage d'\u00e9nergie r\u00e9sidentiel, la centrale \u00e9lectrique portable\/g\u00e9n\u00e9rateur solaire, l'onduleur solaire, la batterie de chariot \u00e9l\u00e9vateur, le bus RVA\/batterie de voiturette de golf et autres batteries OEM\/ODM en Chine.<\/span><\/strong><\/p>\n<div><\/div>\n<div><strong>Profond\u00e9ment impliqu\u00e9e dans ce domaine depuis plus de 12 ans, Haisic Technology a accumul\u00e9 une exp\u00e9rience approfondie en R&amp;D, innovation, contr\u00f4le qualit\u00e9 et gestion. Nos produits sont utilis\u00e9s dans le stockage d'\u00e9nergie domestique, le stockage d'\u00e9nergie industriel, le stockage d'\u00e9nergie commercial, la communication \u00e9lectrique, l'\u00e9lectronique m\u00e9dicale, les communications de s\u00e9curit\u00e9, le transport et la logistique, l'\u00e9nergie nouvelle, la maison intelligente et d'autres domaines connexes. <\/strong><\/div>\n<div><strong>\u00a0<\/strong><\/div>\n<div><strong>We have owned our own production base covering more than 14000m located in Dapeng district of Shenzhen with ISO9001, ISO14001, IS045001 and Amfori BSCI, and our products are with CE, FCC, TUV-UL2054, CQC,RoHs, PSE,MSDS, UN38.3 certificates. We\u2019ve already provided safe, stable, environmentallyfriendly, high-quality products and professional OEM\/ODM services to customers in more than 80 countries and regions. <\/strong><\/div>\n<div><\/div>\n<div><\/div>\n<div><\/div>\n<div><strong>FAQ <\/strong><\/div>\n<div><strong><span data-spm-anchor-id=\"a2700.pc-decorate.0.i33.5d033333Lu9Prj\">1. Qu'est-ce qui est sp\u00e9cial avec les batteries au lithium ?<\/span><\/strong><\/div>\n<div>\n<p><span data-spm-anchor-id=\"a2700.pc-decorate.0.i33.5d033333Lu9Prj\">R : Avec une densit\u00e9 \u00e9nerg\u00e9tique \u00e9lev\u00e9e, elle a atteint 460-600Wh\/kg, soit environ 6 \u00e0 7 fois celle des batteries au plomb. Longue dur\u00e9e de vie, la dur\u00e9e de vie peut atteindre plus de 6 ans. Poids l\u00e9ger, le poids est d'environ 1\/5-6 du produit au plomb sous le m\u00eame volume.<\/span><\/p>\n<p>&nbsp;<\/p>\n<div data-spm-anchor-id=\"a2700.pc-decorate.0.i34.5d033333Lu9Prj\"><strong>2. \u00c0 quoi sert une batterie au lithium ?<br \/>\n<\/strong>A: La batterie au lithium est utilis\u00e9e pour l'alimentation et le stockage d'\u00e9nergie. Comme alimentation de secours d'urgence ou UPS. Puissance \u00e9lectrique fiable et \u00e9nergie de v\u00e9hicule r\u00e9cr\u00e9atif, voiturette de golf, marine fiable et l\u00e9g\u00e8re, stockage d'\u00e9nergie solaire, maison solaire, petite usine de traitement, syst\u00e8mes de surveillance ou d'alarme dans des endroits isol\u00e9s.3. Vos batteries sont-elles s\u00fbres ? A: Nos batteries sont s\u00fbres. Toutes les batteries Zwayn utilisent les composants les plus s\u00fbrs et les plus stables, y compris une cathode LiFePO4 et un syst\u00e8me de gestion de batterie (SGB) int\u00e9gr\u00e9. Le SGB prot\u00e8ge les cellules contre des tensions excessivement \u00e9lev\u00e9es ou basses, des courants \u00e9lev\u00e9s, les courts-circuits et une chaleur ou un froid excessifs. Ce sont les causes les plus fr\u00e9quentes de d\u00e9faillances des batteries, et nous avons pris toutes les pr\u00e9cautions pour att\u00e9nuer ces risques dans toutes nos batteries.<br \/>\n<strong><br \/>\n4. Comment choisir la bonne batterie lithium \u00e0 d\u00e9charge profonde pour mon application ?<br \/>\n<\/strong>R : Dans la plupart des syst\u00e8mes standard de 12, 24 ou 48 volts, le meilleur choix de batterie au lithium est LiFePO4 (Lithium Fer Phosphate\/<br \/>\nCellule de batterie poche\/primaire). La tension de ce type de batterie est tr\u00e8s similaire \u00e0 celle d'une AGM et fonctionnera parfaitement avec les composants de syst\u00e8me facilement<br \/>\ndisponibles pour votre camping-car, bateau, syst\u00e8me d'alimentation hors r\u00e9seau, maison solaire (TV, r\u00e9frig\u00e9rateur, machine \u00e0 laver, climatiseur,<br \/>\n5. Peut-elle \u00eatre utilis\u00e9e en s\u00e9rie ou en parall\u00e8le ?<\/p>\n<p>R : Oui, monsieur, elle peut supporter un maximum de 15 connexions en parall\u00e8le pour l'utilisation, bo\u00eete de stockage de 150 kWh maximum.<br \/>\n<strong><br \/>\n6. Ces batteries sont-elles compatibles avec mon onduleur ? Avez-vous une liste d'entreprises d'onduleurs compatibles ?<br \/>\n<\/strong>R : Oui monsieur, notre pack de batteries peut \u00eatre compatible avec la plupart des marques d'onduleurs sur le march\u00e9, telles que Deye, MUST, SMA, Growatt, Solax, Solis, Sungrow, Sofar, Voltronic, Sorotec, Studer, etc.<\/p>\n<\/div>\n<div data-spm-anchor-id=\"a2700.pc-decorate.0.i34.5d033333Lu9Prj\"><\/div>\n<\/div>\n<\/div>","protected":false},"excerpt":{"rendered":"<p>HS-BG51305 repr\u00e9sente la prochaine g\u00e9n\u00e9ration de solutions intelligentes int\u00e9gr\u00e9es de stockage d'\u00e9nergie domestique, offrant une avanc\u00e9e en puissance tout en conservant une capacit\u00e9 importante. Int\u00e9grant des batteries lithium fer phosphate haute performance, un onduleur \u00e0 double mode \u00e0 haute efficacit\u00e9, et un syst\u00e8me de gestion intelligente de l'\u00e9nergie aliment\u00e9 par IA, il est con\u00e7u pour fournir aux m\u00e9nages modernes et aux applications \u00e0 haute puissance une alimentation plus robuste, flexible et intelligente, assurant une s\u00e9curit\u00e9 \u00e9nerg\u00e9tique domestique globale et une efficacit\u00e9 \u00e9conomique.<\/p>","protected":false},"featured_media":1663,"template":"","meta":{"site-sidebar-layout":"default","site-content-layout":"","ast-site-content-layout":"default","site-content-style":"default","site-sidebar-style":"default","ast-global-header-display":"","ast-banner-title-visibility":"","ast-main-header-display":"","ast-hfb-above-header-display":"","ast-hfb-below-header-display":"","ast-hfb-mobile-header-display":"","site-post-title":"","ast-breadcrumbs-content":"","ast-featured-img":"","footer-sml-layout":"","ast-disable-related-posts":"","theme-transparent-header-meta":"default","adv-header-id-meta":"","stick-header-meta":"default","header-above-stick-meta":"","header-main-stick-meta":"","header-below-stick-meta":"","astra-migrate-meta-layouts":"set","ast-page-background-enabled":"default","ast-page-background-meta":{"desktop":{"background-color":"var(--ast-global-color-4)","background-image":"","background-repeat":"repeat","background-position":"center center","background-size":"auto","background-attachment":"scroll","background-type":"","background-media":"","overlay-type":"","overlay-color":"","overlay-opacity":"","overlay-gradient":""},"tablet":{"background-color":"","background-image":"","background-repeat":"repeat","background-position":"center center","background-size":"auto","background-attachment":"scroll","background-type":"","background-media":"","overlay-type":"","overlay-color":"","overlay-opacity":"","overlay-gradient":""},"mobile":{"background-color":"","background-image":"","background-repeat":"repeat","background-position":"center center","background-size":"auto","background-attachment":"scroll","background-type":"","background-media":"","overlay-type":"","overlay-color":"","overlay-opacity":"","overlay-gradient":""}},"ast-content-background-meta":{"desktop":{"background-color":"var(--ast-global-color-5)","background-image":"","background-repeat":"repeat","background-position":"center center","background-size":"auto","background-attachment":"scroll","background-type":"","background-media":"","overlay-type":"","overlay-color":"","overlay-opacity":"","overlay-gradient":""},"tablet":{"background-color":"var(--ast-global-color-5)","background-image":"","background-repeat":"repeat","background-position":"center center","background-size":"auto","background-attachment":"scroll","background-type":"","background-media":"","overlay-type":"","overlay-color":"","overlay-opacity":"","overlay-gradient":""},"mobile":{"background-color":"var(--ast-global-color-5)","background-image":"","background-repeat":"repeat","background-position":"center center","background-size":"auto","background-attachment":"scroll","background-type":"","background-media":"","overlay-type":"","overlay-color":"","overlay-opacity":"","overlay-gradient":""}}},"product_brand":[],"product_cat":[47,56,50],"product_tag":[],"class_list":{"0":"post-1667","1":"product","2":"type-product","3":"status-publish","4":"has-post-thumbnail","6":"product_cat-residetial-ess","7":"product_cat-energy-storage-battery-system","8":"product_cat-floor-standing-ess","9":"desktop-align-left","10":"tablet-align-left","11":"mobile-align-left","12":"ast-product-gallery-layout-horizontal-slider","13":"ast-product-tabs-layout-horizontal","15":"first","16":"instock","17":"shipping-taxable","18":"product-type-simple"},"_links":{"self":[{"href":"https:\/\/haisicstorage.com\/fr\/wp-json\/wp\/v2\/product\/1667","targetHints":{"allow":["GET"]}}],"collection":[{"href":"https:\/\/haisicstorage.com\/fr\/wp-json\/wp\/v2\/product"}],"about":[{"href":"https:\/\/haisicstorage.com\/fr\/wp-json\/wp\/v2\/types\/product"}],"version-history":[{"count":4,"href":"https:\/\/haisicstorage.com\/fr\/wp-json\/wp\/v2\/product\/1667\/revisions"}],"predecessor-version":[{"id":3503,"href":"https:\/\/haisicstorage.com\/fr\/wp-json\/wp\/v2\/product\/1667\/revisions\/3503"}],"wp:featuredmedia":[{"embeddable":true,"href":"https:\/\/haisicstorage.com\/fr\/wp-json\/wp\/v2\/media\/1663"}],"wp:attachment":[{"href":"https:\/\/haisicstorage.com\/fr\/wp-json\/wp\/v2\/media?parent=1667"}],"wp:term":[{"taxonomy":"product_brand","embeddable":true,"href":"https:\/\/haisicstorage.com\/fr\/wp-json\/wp\/v2\/product_brand?post=1667"},{"taxonomy":"product_cat","embeddable":true,"href":"https:\/\/haisicstorage.com\/fr\/wp-json\/wp\/v2\/product_cat?post=1667"},{"taxonomy":"product_tag","embeddable":true,"href":"https:\/\/haisicstorage.com\/fr\/wp-json\/wp\/v2\/product_tag?post=1667"}],"curies":[{"name":"wp","href":"https:\/\/api.w.org\/{rel}","templated":true}]}}