{"id":1656,"date":"2025-12-03T03:53:03","date_gmt":"2025-12-03T03:53:03","guid":{"rendered":"https:\/\/haisicstorage.com\/?post_type=product&#038;p=1656"},"modified":"2026-02-27T07:34:46","modified_gmt":"2026-02-27T07:34:46","slug":"10kwh-wall-mounted-home-energy-storage","status":"publish","type":"product","link":"https:\/\/haisicstorage.com\/fr\/10kwh-wall-mounted-home-energy-storage\/","title":{"rendered":"Stockage d'\u00e9nergie domestique mural de 10 kWh"},"content":{"rendered":"<p>Ce produit est un syst\u00e8me de batterie de stockage d'\u00e9nergie haute capacit\u00e9 51,2V 200Ah construit avec des cellules de phosphate de fer lithium (LiFePO\u2084) tr\u00e8s s\u00fbres, offrant une capacit\u00e9 totale d'\u00e9nergie de 10,24 kilowattheures (kWh). Sa philosophie de conception centrale privil\u00e9gie la s\u00e9curit\u00e9, la long\u00e9vit\u00e9 et la gestion intelligente, ce qui le rend id\u00e9al pour les m\u00e9nages et les environnements commerciaux recherchant des solutions \u00e9nerg\u00e9tiques stables, durables et \u00e9conomiques \u00e0 long terme \u2014 un remplacement parfait pour les batteries au plomb-acide traditionnelles.<\/p>\n<p>Fonctionnalit\u00e9s principales<br \/>\nS\u00e9curit\u00e9 exceptionnelle, tranquillit\u00e9 d'esprit<\/p>\n<p>Mat\u00e9riau intrins\u00e8quement s\u00fbr : le phosphate de fer lithium pr\u00e9sente une stabilit\u00e9 thermique exceptionnelle, \u00e9liminant fondamentalement les risques d'incendie et d'explosion.<\/p>\n<p>Protection intelligente multicouche : syst\u00e8me de gestion avanc\u00e9 BMS int\u00e9gr\u00e9 offrant une protection contre la surcharge, la d\u00e9charge profonde, le surintensit\u00e9, le court-circuit et la temp\u00e9rature.<\/p>\n<p>Conception structurelle robuste : bo\u00eetier \u00e0 haute r\u00e9sistance avec renforts internes assurant une r\u00e9sistance aux chocs et aux impacts, s'adaptant \u00e0 divers environnements.<\/p>\n<p>Dur\u00e9e de vie exceptionnelle, ROI significatif<\/p>\n<p>Cycle de vie prolong\u00e9 : plus de 6 000 cycles (conservant 80%+ de capacit\u00e9) dans des conditions standard, avec une dur\u00e9e de vie de conception de 10-15 ans.<\/p>\n<p>Co\u00fbt total de possession faible : d\u00e9passe largement les batteries au plomb-acide (environ 300-500 cycles), r\u00e9duisant consid\u00e9rablement les co\u00fbts d'utilisation quotidiens et offrant une valeur d'investissement \u00e0 long terme.<\/p>\n<p>Haute capacit\u00e9 et puissance, applications polyvalentes<\/p>\n<p>R\u00e9serve d'\u00e9nergie abondante : capacit\u00e9 de 10,24kWh permettant de soutenir les charges critiques domestiques (\u00e9clairage, r\u00e9frig\u00e9rateur, routeur, etc.) pendant 24-48 heures en cas d'urgence, ou d'alimenter des appareils \u00e0 haute consommation (comme les climatiseurs) pendant plusieurs heures.<\/p>\n<p>Capacit\u00e9 de conduite robuste : supporte une d\u00e9charge continue de 1C (200A) avec une puissance de pointe d\u00e9passant 10kW, d\u00e9marrant facilement les \u00e9quipements motoris\u00e9s.<\/p>\n<p>Intelligent et pratique, facile \u00e0 g\u00e9rer<\/p>\n<h2>Batterie Shenzhen 51,2V 200ah Lithium Powerwall pour stockage d'\u00e9nergie domestique<\/h2>\n<p>D\u00e9couvrez la solution ultime de stockage d'\u00e9nergie domestique avec la Powerwall Shenzhen Battery, un syst\u00e8me robuste et efficace con\u00e7u pour renforcer l'ind\u00e9pendance \u00e9nerg\u00e9tique de votre maison.<br \/>\nCe produit de pointe combine technologie avanc\u00e9e et fonctionnalit\u00e9s conviviales, en faisant un choix id\u00e9al pour les m\u00e9nages souhaitant adopter des solutions d'\u00e9nergie verte.<\/p>\n<div>Principales caract\u00e9ristiques de la batterie LiFePO\u2084 51,2V 200ah<\/div>\n<div><strong>Stockage \u00e0 haute capacit\u00e9<\/strong>: Avec une capacit\u00e9 de 10 kWh, ce syst\u00e8me vous garantit une puissance suffisante pour r\u00e9pondre \u00e0 vos besoins \u00e9nerg\u00e9tiques quotidiens, r\u00e9duisant efficacement votre d\u00e9pendance au r\u00e9seau.<\/div>\n<div><strong>Long Cycle de Vie<\/strong>: Con\u00e7ue pour la durabilit\u00e9, la batterie offre plus de 6000 cycles, assurant une performance durable et un bon rapport qualit\u00e9-prix.<br \/>\n<strong>Technologie Avanc\u00e9e BMS<\/strong>: \u00c9quip\u00e9e d\u2019un syst\u00e8me de gestion de batterie intelligent (BMS), elle prot\u00e8ge contre la surcharge et la surchauffe, am\u00e9liorant la s\u00e9curit\u00e9 et prolongeant la dur\u00e9e de vie de la batterie.<\/div>\n<div><\/div>\n<h3>Con\u00e7ue pour les Maisons Modernes<\/h3>\n<div><strong>Compacte et \u00c9l\u00e9gante<\/strong>: La conception murale (718x450x1110MM) permet d\u2019\u00e9conomiser de l\u2019espace dans toute maison, tandis que sa construction l\u00e9g\u00e8re (120KG) facilite l\u2019installation.<\/div>\n<div><strong>R\u00e9sistante aux Intemp\u00e9ries et S\u00e9curis\u00e9e<\/strong>: Avec une classe de protection IP55, la powerwall est con\u00e7ue pour r\u00e9sister aux facteurs environnementaux, garantissant une op\u00e9ration fiable dans divers climats.<\/div>\n<div><strong>Connectivit\u00e9 Intelligente<\/strong>: L\u2019int\u00e9gration avec les syst\u00e8mes domestiques est transparente gr\u00e2ce au port de communication RS485, permettant une gestion intelligente de votre consommation d\u2019\u00e9nergie.<\/div>\n<table border=\"1\">\n<tbody>\n<tr>\n<td>\n<div>Tension nominale<\/div>\n<\/td>\n<td>51,2 V<\/td>\n<\/tr>\n<tr>\n<td>\n<div>Capacit\u00e9 nominale<\/div>\n<\/td>\n<td>200Ah<\/td>\n<\/tr>\n<tr>\n<td>\n<div>\u00c9nergie nominale<\/div>\n<\/td>\n<td>10240Wh<\/td>\n<\/tr>\n<tr>\n<td>\n<div>Plage de tension<\/div>\n<\/td>\n<td>44,8-56V<\/td>\n<\/tr>\n<tr>\n<td>\n<div>Plage de tension de charge<\/div>\n<\/td>\n<td>56-57,6V<\/td>\n<\/tr>\n<tr>\n<td>\n<div>Tension de coupure<\/div>\n<\/td>\n<td>44,8V<\/td>\n<\/tr>\n<tr>\n<td>\n<div>\n<div>Courant de charge recommand\u00e9<\/div>\n<\/div>\n<\/td>\n<td>100A<\/td>\n<\/tr>\n<tr>\n<td>\n<div>\n<div>Courant de charge maximal<\/div>\n<\/div>\n<\/td>\n<td>200A<\/td>\n<\/tr>\n<tr>\n<td>\n<div>\n<div>Courant de d\u00e9charge maximal<\/div>\n<\/div>\n<\/td>\n<td>200A<\/td>\n<\/tr>\n<tr>\n<td>\n<div>\n<div>DimensionsL*W*H<\/div>\n<\/div>\n<\/td>\n<td>\n<div>418*228*670 (Sans base)<\/div>\n<\/td>\n<\/tr>\n<tr>\n<td>\n<div>\n<div>Poids<\/div>\n<\/div>\n<\/td>\n<td>84,3KG<\/td>\n<\/tr>\n<tr>\n<td>\n<div>\n<div>Port de communication<\/div>\n<\/div>\n<\/td>\n<td>\n<div>RS485, CAN<\/div>\n<\/td>\n<\/tr>\n<tr>\n<td>\n<div>\n<div>\n<div>Affichage<\/div>\n<\/div>\n<\/div>\n<\/td>\n<td>\n<div>LED+LCD<\/div>\n<\/td>\n<\/tr>\n<tr>\n<td>\n<div>\n<div>\n<div>Borniquet<\/div>\n<\/div>\n<\/div>\n<\/td>\n<td>\n<div>Enfichable<\/div>\n<\/td>\n<\/tr>\n<tr>\n<td>\n<div>\n<div>\n<div>Dur\u00e9e de vie en cycle<\/div>\n<\/div>\n<\/div>\n<\/td>\n<td>\n<div>\uff1e6000 (0,5C@ 25\u2103\uff0c80% DOD)<\/div>\n<\/td>\n<\/tr>\n<tr>\n<td>\n<div>\n<div>\n<div>\n<div>Inverseur compatible<\/div>\n<\/div>\n<\/div>\n<\/div>\n<\/td>\n<td>\n<div>Growatt, Goodwe, Sol-Ark, SRNE, DEYE<\/div>\n<\/td>\n<\/tr>\n<tr>\n<td>\n<div>\n<div>\n<div>\n<div>Certificat<\/div>\n<\/div>\n<\/div>\n<\/div>\n<\/td>\n<td>\n<div>CE, FCC, RoHs, FDS, UN38.3<\/div>\n<\/td>\n<\/tr>\n<\/tbody>\n<\/table>\n<h2><\/h2>\n<div>Impact Environnemental et S\u00e9curit\u00e9<\/div>\n<div><strong>Technologie \u00c9cologique<\/strong>: Utilisant la technologie LiFePO4, la powerwall est non seulement efficace mais aussi respectueuse de l\u2019environnement, r\u00e9duisant votre empreinte carbone.<br \/>\n<strong>Certifi\u00e9e et Fiable<\/strong>: La conformit\u00e9 aux certifications CE, RoHS, UN38.3 et MSDS garantit le respect des normes de qualit\u00e9 et de s\u00e9curit\u00e9, vous offrant une tranquillit\u00e9 d\u2019esprit.<\/div>","protected":false},"excerpt":{"rendered":"<p>Batterie de stockage d'\u00e9nergie Lithium Fer Phosphate 51,2V 200Ah<\/p>\n<p>Syst\u00e8me de stockage d'\u00e9nergie longue dur\u00e9e 10,24kWh | Fournissant une libert\u00e9 \u00e9nerg\u00e9tique s\u00fbre et fiable pour les maisons et les entreprises<\/p>","protected":false},"featured_media":3493,"template":"","meta":{"site-sidebar-layout":"default","site-content-layout":"","ast-site-content-layout":"default","site-content-style":"default","site-sidebar-style":"default","ast-global-header-display":"","ast-banner-title-visibility":"","ast-main-header-display":"","ast-hfb-above-header-display":"","ast-hfb-below-header-display":"","ast-hfb-mobile-header-display":"","site-post-title":"","ast-breadcrumbs-content":"","ast-featured-img":"","footer-sml-layout":"","ast-disable-related-posts":"","theme-transparent-header-meta":"default","adv-header-id-meta":"","stick-header-meta":"default","header-above-stick-meta":"","header-main-stick-meta":"","header-below-stick-meta":"","astra-migrate-meta-layouts":"set","ast-page-background-enabled":"default","ast-page-background-meta":{"desktop":{"background-color":"var(--ast-global-color-4)","background-image":"","background-repeat":"repeat","background-position":"center center","background-size":"auto","background-attachment":"scroll","background-type":"","background-media":"","overlay-type":"","overlay-color":"","overlay-opacity":"","overlay-gradient":""},"tablet":{"background-color":"","background-image":"","background-repeat":"repeat","background-position":"center center","background-size":"auto","background-attachment":"scroll","background-type":"","background-media":"","overlay-type":"","overlay-color":"","overlay-opacity":"","overlay-gradient":""},"mobile":{"background-color":"","background-image":"","background-repeat":"repeat","background-position":"center center","background-size":"auto","background-attachment":"scroll","background-type":"","background-media":"","overlay-type":"","overlay-color":"","overlay-opacity":"","overlay-gradient":""}},"ast-content-background-meta":{"desktop":{"background-color":"var(--ast-global-color-5)","background-image":"","background-repeat":"repeat","background-position":"center center","background-size":"auto","background-attachment":"scroll","background-type":"","background-media":"","overlay-type":"","overlay-color":"","overlay-opacity":"","overlay-gradient":""},"tablet":{"background-color":"var(--ast-global-color-5)","background-image":"","background-repeat":"repeat","background-position":"center center","background-size":"auto","background-attachment":"scroll","background-type":"","background-media":"","overlay-type":"","overlay-color":"","overlay-opacity":"","overlay-gradient":""},"mobile":{"background-color":"var(--ast-global-color-5)","background-image":"","background-repeat":"repeat","background-position":"center center","background-size":"auto","background-attachment":"scroll","background-type":"","background-media":"","overlay-type":"","overlay-color":"","overlay-opacity":"","overlay-gradient":""}}},"product_brand":[],"product_cat":[56,47,49],"product_tag":[],"class_list":{"0":"post-1656","1":"product","2":"type-product","3":"status-publish","4":"has-post-thumbnail","6":"product_cat-energy-storage-battery-system","7":"product_cat-residetial-ess","8":"product_cat-wall-mounted-ess","9":"desktop-align-left","10":"tablet-align-left","11":"mobile-align-left","12":"ast-product-gallery-layout-horizontal-slider","13":"ast-product-tabs-layout-horizontal","15":"first","16":"instock","17":"shipping-taxable","18":"purchasable","19":"product-type-simple"},"_links":{"self":[{"href":"https:\/\/haisicstorage.com\/fr\/wp-json\/wp\/v2\/product\/1656","targetHints":{"allow":["GET"]}}],"collection":[{"href":"https:\/\/haisicstorage.com\/fr\/wp-json\/wp\/v2\/product"}],"about":[{"href":"https:\/\/haisicstorage.com\/fr\/wp-json\/wp\/v2\/types\/product"}],"version-history":[{"count":4,"href":"https:\/\/haisicstorage.com\/fr\/wp-json\/wp\/v2\/product\/1656\/revisions"}],"predecessor-version":[{"id":3507,"href":"https:\/\/haisicstorage.com\/fr\/wp-json\/wp\/v2\/product\/1656\/revisions\/3507"}],"wp:featuredmedia":[{"embeddable":true,"href":"https:\/\/haisicstorage.com\/fr\/wp-json\/wp\/v2\/media\/3493"}],"wp:attachment":[{"href":"https:\/\/haisicstorage.com\/fr\/wp-json\/wp\/v2\/media?parent=1656"}],"wp:term":[{"taxonomy":"product_brand","embeddable":true,"href":"https:\/\/haisicstorage.com\/fr\/wp-json\/wp\/v2\/product_brand?post=1656"},{"taxonomy":"product_cat","embeddable":true,"href":"https:\/\/haisicstorage.com\/fr\/wp-json\/wp\/v2\/product_cat?post=1656"},{"taxonomy":"product_tag","embeddable":true,"href":"https:\/\/haisicstorage.com\/fr\/wp-json\/wp\/v2\/product_tag?post=1656"}],"curies":[{"name":"wp","href":"https:\/\/api.w.org\/{rel}","templated":true}]}}