{"id":1643,"date":"2025-12-03T03:43:19","date_gmt":"2025-12-03T03:43:19","guid":{"rendered":"https:\/\/haisicstorage.com\/?post_type=product&#038;p=1643"},"modified":"2026-02-27T07:39:51","modified_gmt":"2026-02-27T07:39:51","slug":"51-2v-100ah-powerwall-energy-storage","status":"publish","type":"product","link":"https:\/\/haisicstorage.com\/fr\/51-2v-100ah-powerwall-energy-storage\/","title":{"rendered":"Stockage d'\u00e9nergie domestique mural de 5Kwh"},"content":{"rendered":"<p>Aper\u00e7u du produit<br \/>\nLe HS-BG5000W-A6 est une solution de stockage d'\u00e9nergie r\u00e9sidentielle de nouvelle g\u00e9n\u00e9ration int\u00e9grant des onduleurs haute efficacit\u00e9, un stockage d'\u00e9nergie intelligent et une gestion de l'\u00e9nergie. Il offre aux utilisateurs une assurance d'alimentation s\u00fbre, stable et \u00e9conomique en toutes conditions, servant d'\u00e9quipement central pour atteindre l'autonomie \u00e9nerg\u00e9tique domestique.<\/p>\n<p>Avantages principaux<br \/>\n1. Conception hautement int\u00e9gr\u00e9e et peu encombrante<\/p>\n<p>Installation murale\/au sol \u00e0 double usage n\u00e9cessitant moins de 0,5 m\u00b2 d'espace au sol<\/p>\n<p>Esth\u00e9tique industrielle minimaliste s'int\u00e9grant harmonieusement dans les environnements domestiques modernes<\/p>\n<p>2. S\u00e9curit\u00e9 \u00e0 long terme, durabilit\u00e9 fiable<br \/>\nSyst\u00e8me de batterie :<\/p>\n<p>Cellules lithium fer phosphate de qualit\u00e9 automobile avec une dur\u00e9e de vie &gt;6000 cycles<\/p>\n<p>Contr\u00f4le de temp\u00e9rature par refroidissement liquide intelligent, plage de fonctionnement -20\u00b0C \u00e0 50\u00b0C<\/p>\n<p>M\u00e9canisme de protection \u00e0 cinq niveaux (surtension\/sous-tension\/surcharge\/court-circuit\/surtemp\u00e9rature)<\/p>\n<p>S\u00e9curit\u00e9 du syst\u00e8me :<\/p>\n<p>Indice de protection IP65, adapt\u00e9 \u00e0 divers environnements int\u00e9rieurs et ext\u00e9rieurs<\/p>\n<p><strong>Batterie Lifepo4 Haisic 51,2V 100Ah \u2013 R\u00e9volutionnez la gestion de l'\u00e9nergie de votre maison<br \/>\nLib\u00e9rez la puissance et l'efficacit\u00e9 avec le Powerwall de 5kWh<\/strong><\/p>\n<p>D\u00e9couvrez la pointe des solutions d'\u00e9nergie domestique avec la batterie Lifepo4 de 5kWh Haisic,<br \/>\nun syst\u00e8me de stockage d'\u00e9nergie haut de gamme con\u00e7u pour optimiser votre consommation d'\u00e9nergie et renforcer la durabilit\u00e9.<br \/>\nCe pack de batteries \u00e0 la pointe de la technologie garantit non seulement une empreinte \u00e9cologique plus faible, mais promet \u00e9galement un retour sur investissement robuste gr\u00e2ce \u00e0 une gestion efficace de l'\u00e9nergie.<\/p>\n<p>Utilisation optimis\u00e9e de l'\u00e9nergie : ajustez automatiquement votre consommation d'\u00e9nergie en fonction des habitudes quotidiennes et des pics de demande.<br \/>\nCompatibilit\u00e9 du r\u00e9seau hybride : s'int\u00e8gre parfaitement aux syst\u00e8mes hors r\u00e9seau et sur r\u00e9seau, garantissant fiabilit\u00e9 et flexibilit\u00e9 en cas de coupures de courant ou de d\u00e9faillances du r\u00e9seau.<br \/>\nCapacit\u00e9 de recharge rapide : recharge rapidement les r\u00e9serves d'\u00e9nergie \u00e0 pleine capacit\u00e9, vous assurant de ne jamais \u00eatre sans \u00e9nergie lorsque vous en avez le plus besoin.<\/p>\n<table border=\"1\">\n<tbody>\n<tr>\n<td>Tension nominale<\/td>\n<td>51,2 V<\/td>\n<\/tr>\n<tr>\n<td>Capacit\u00e9 nominale<\/td>\n<td>100 Ah<\/td>\n<\/tr>\n<tr>\n<td>\u00c9nergie nominale<\/td>\n<td>5120Wh<\/td>\n<\/tr>\n<tr>\n<td>Plage de tension<\/td>\n<td>44,8-56V<\/td>\n<\/tr>\n<tr>\n<td>Plage de tension de charge<\/td>\n<td>55,2-56V<\/td>\n<\/tr>\n<tr>\n<td>Tension de coupure<\/td>\n<td>44,8V<\/td>\n<\/tr>\n<tr>\n<td>Courant de charge recommand\u00e9<\/td>\n<td>50A<\/td>\n<\/tr>\n<tr>\n<td>Courant de charge maximal<\/td>\n<td>100A<\/td>\n<\/tr>\n<tr>\n<td>Courant de d\u00e9charge maximal<\/td>\n<td>100A<\/td>\n<\/tr>\n<tr>\n<td>Port de communication<\/td>\n<td>\u00a0RS485, CAN<\/td>\n<\/tr>\n<tr>\n<td>classement \u00e9tanch\u00e9it\u00e9 \u00e0 l'eau<\/td>\n<td>10,24 kWh Syst\u00e8me de stockage d'\u00e9nergie durable | Offrant une libert\u00e9 \u00e9nerg\u00e9tique s\u00fbre et fiable pour les maisons et les entreprises<\/td>\n<\/tr>\n<tr>\n<td>Borniquet<\/td>\n<td>Enfichable<\/td>\n<\/tr>\n<tr>\n<td>Humidit\u00e9<\/td>\n<td>RH 5-95%<\/td>\n<\/tr>\n<tr>\n<td>Plage de temp\u00e9rature de charge<\/td>\n<td>IP20<\/td>\n<\/tr>\n<tr>\n<td>Plage de temp\u00e9rature de d\u00e9charge<\/td>\n<td>0-45\u00b0C<\/td>\n<\/tr>\n<tr>\n<td>Plage de temp\u00e9rature de stockage<\/td>\n<td>-20-60\u00b0C<\/td>\n<\/tr>\n<tr>\n<td>Dur\u00e9e de vie en cycle<\/td>\n<td>\uff1e6000 \uff080,5C@ 25\u2103\uff0c80% DOD\uff09<\/td>\n<\/tr>\n<tr>\n<td>Inverseur compatible<\/td>\n<td>Growatt, Goodwe, Sol-Ark, SRNE, DEYE, Luxpower, Megarevo<\/td>\n<\/tr>\n<\/tbody>\n<\/table>\n<p>Sp\u00e9cifications techniques avanc\u00e9es<\/p>\n<p>D\u00e9couvrez la prouesse technologique de la batterie Haisic Home Powerwall, o\u00f9 innovation rime avec praticit\u00e9.<br \/>\nNotre syst\u00e8me mural n'est pas seulement compact, mais construit selon les normes les plus strictes de s\u00e9curit\u00e9 et de performance.<\/p>\n<p>Longue dur\u00e9e de vie : profitez de plus de 6000 cycles de charge et d\u00e9charge, surpassant largement les syst\u00e8mes de batteries traditionnels.<br \/>\nSyst\u00e8me BMS intelligent : surveille et g\u00e8re la sant\u00e9 des cellules, la tension et la temp\u00e9rature, garantissant s\u00e9curit\u00e9 maximale et long\u00e9vit\u00e9.<br \/>\nConception robuste : avec des dimensions \u00e9l\u00e9gantes de 718x450x1110MM et une classe de protection durable IP55, con\u00e7u pour r\u00e9sister aux variables environnementales.<\/p>\n<p>&nbsp;<\/p>\n<p>S\u00e9curit\u00e9 et certification<\/p>\n<p>Priorisant la s\u00e9curit\u00e9 et la conformit\u00e9, la powerwall Haisic est rigoureusement test\u00e9e et certifi\u00e9e pour r\u00e9pondre aux normes les plus strictes de l'industrie.<br \/>\nSa protection de circuit int\u00e9gr\u00e9e prot\u00e8ge contre la surcharge, la surchauffe et les courts-circuits, am\u00e9liorant la fiabilit\u00e9 de votre syst\u00e8me \u00e9nerg\u00e9tique domestique.<\/p>\n<p>Certifications compl\u00e8tes : approbations CE, RoHS, UN38.3 et MSDS soulignant notre engagement envers la qualit\u00e9 et la s\u00e9curit\u00e9.<br \/>\nProtection de l'environnement : Fabriqu\u00e9 avec des mat\u00e9riaux \u00e9cologiques, la batterie offre une solution durable qui r\u00e9duit votre empreinte carbone.<\/p>\n<p>&nbsp;<\/p>\n<p>Int\u00e9gration flexible et conviviale<\/p>\n<p>Port de communication RS485 : Facilite une int\u00e9gration facile avec les syst\u00e8mes de gestion de l'\u00e9nergie domestique existants.<br \/>\nApplications polyvalentes : Id\u00e9al pour une vari\u00e9t\u00e9 d'utilisations, des appareils m\u00e9nagers quotidiens aux besoins plus exigeants de sauvegarde d'\u00e9nergie.<\/p>\n<p>Services OEM\/ODM : Personnalisez le syst\u00e8me pour r\u00e9pondre \u00e0 des besoins sp\u00e9cifiques avec nos options modulables.<br \/>\nAm\u00e9liorez vos solutions \u00e9nerg\u00e9tiques domestiques d\u00e8s aujourd'hui avec la batterie Lifepo4 Haisic 51.2V 100Ah, et faites un pas important vers l'ind\u00e9pendance \u00e9nerg\u00e9tique et la durabilit\u00e9.<br \/>\nProfitez de la tranquillit\u00e9 d'esprit qu'offre un syst\u00e8me de stockage d'\u00e9nergie fiable, efficace et s\u00fbr, con\u00e7u pour r\u00e9pondre aux exigences uniques des m\u00e9nages modernes.<\/p>","protected":false},"excerpt":{"rendered":"<p class=\"product-des\">Syst\u00e8me de stockage d'\u00e9nergie intelligent int\u00e9gr\u00e9 HS-BG5000W-A6<\/p>","protected":false},"featured_media":3493,"template":"","meta":{"site-sidebar-layout":"default","site-content-layout":"","ast-site-content-layout":"default","site-content-style":"default","site-sidebar-style":"default","ast-global-header-display":"","ast-banner-title-visibility":"","ast-main-header-display":"","ast-hfb-above-header-display":"","ast-hfb-below-header-display":"","ast-hfb-mobile-header-display":"","site-post-title":"","ast-breadcrumbs-content":"","ast-featured-img":"","footer-sml-layout":"","ast-disable-related-posts":"","theme-transparent-header-meta":"default","adv-header-id-meta":"","stick-header-meta":"default","header-above-stick-meta":"","header-main-stick-meta":"","header-below-stick-meta":"","astra-migrate-meta-layouts":"set","ast-page-background-enabled":"default","ast-page-background-meta":{"desktop":{"background-color":"var(--ast-global-color-4)","background-image":"","background-repeat":"repeat","background-position":"center center","background-size":"auto","background-attachment":"scroll","background-type":"","background-media":"","overlay-type":"","overlay-color":"","overlay-opacity":"","overlay-gradient":""},"tablet":{"background-color":"","background-image":"","background-repeat":"repeat","background-position":"center center","background-size":"auto","background-attachment":"scroll","background-type":"","background-media":"","overlay-type":"","overlay-color":"","overlay-opacity":"","overlay-gradient":""},"mobile":{"background-color":"","background-image":"","background-repeat":"repeat","background-position":"center center","background-size":"auto","background-attachment":"scroll","background-type":"","background-media":"","overlay-type":"","overlay-color":"","overlay-opacity":"","overlay-gradient":""}},"ast-content-background-meta":{"desktop":{"background-color":"var(--ast-global-color-5)","background-image":"","background-repeat":"repeat","background-position":"center center","background-size":"auto","background-attachment":"scroll","background-type":"","background-media":"","overlay-type":"","overlay-color":"","overlay-opacity":"","overlay-gradient":""},"tablet":{"background-color":"var(--ast-global-color-5)","background-image":"","background-repeat":"repeat","background-position":"center center","background-size":"auto","background-attachment":"scroll","background-type":"","background-media":"","overlay-type":"","overlay-color":"","overlay-opacity":"","overlay-gradient":""},"mobile":{"background-color":"var(--ast-global-color-5)","background-image":"","background-repeat":"repeat","background-position":"center center","background-size":"auto","background-attachment":"scroll","background-type":"","background-media":"","overlay-type":"","overlay-color":"","overlay-opacity":"","overlay-gradient":""}}},"product_brand":[],"product_cat":[56,47,49],"product_tag":[],"class_list":{"0":"post-1643","1":"product","2":"type-product","3":"status-publish","4":"has-post-thumbnail","6":"product_cat-energy-storage-battery-system","7":"product_cat-residetial-ess","8":"product_cat-wall-mounted-ess","9":"desktop-align-left","10":"tablet-align-left","11":"mobile-align-left","12":"ast-product-gallery-layout-horizontal-slider","13":"ast-product-tabs-layout-horizontal","15":"first","16":"instock","17":"shipping-taxable","18":"purchasable","19":"product-type-simple"},"_links":{"self":[{"href":"https:\/\/haisicstorage.com\/fr\/wp-json\/wp\/v2\/product\/1643","targetHints":{"allow":["GET"]}}],"collection":[{"href":"https:\/\/haisicstorage.com\/fr\/wp-json\/wp\/v2\/product"}],"about":[{"href":"https:\/\/haisicstorage.com\/fr\/wp-json\/wp\/v2\/types\/product"}],"version-history":[{"count":6,"href":"https:\/\/haisicstorage.com\/fr\/wp-json\/wp\/v2\/product\/1643\/revisions"}],"predecessor-version":[{"id":3521,"href":"https:\/\/haisicstorage.com\/fr\/wp-json\/wp\/v2\/product\/1643\/revisions\/3521"}],"wp:featuredmedia":[{"embeddable":true,"href":"https:\/\/haisicstorage.com\/fr\/wp-json\/wp\/v2\/media\/3493"}],"wp:attachment":[{"href":"https:\/\/haisicstorage.com\/fr\/wp-json\/wp\/v2\/media?parent=1643"}],"wp:term":[{"taxonomy":"product_brand","embeddable":true,"href":"https:\/\/haisicstorage.com\/fr\/wp-json\/wp\/v2\/product_brand?post=1643"},{"taxonomy":"product_cat","embeddable":true,"href":"https:\/\/haisicstorage.com\/fr\/wp-json\/wp\/v2\/product_cat?post=1643"},{"taxonomy":"product_tag","embeddable":true,"href":"https:\/\/haisicstorage.com\/fr\/wp-json\/wp\/v2\/product_tag?post=1643"}],"curies":[{"name":"wp","href":"https:\/\/api.w.org\/{rel}","templated":true}]}}