{"id":1633,"date":"2025-12-03T03:05:13","date_gmt":"2025-12-03T03:05:13","guid":{"rendered":"https:\/\/haisicstorage.com\/?post_type=product&#038;p=1633"},"modified":"2026-02-27T06:49:32","modified_gmt":"2026-02-27T06:49:32","slug":"215kwh-100kw-commercial-industrial-container-ess","status":"publish","type":"product","link":"https:\/\/haisicstorage.com\/fr\/215kwh-100kw-commercial-industrial-container-ess\/","title":{"rendered":"ESS conteneur commercial et industriel 215KWH 100KW"},"content":{"rendered":"<p><strong>Syst\u00e8me de stockage d'\u00e9nergie solaire hybride Bess 100KW : Exploitez l'\u00e9nergie renouvelable avec efficacit\u00e9 et fiabilit\u00e9<\/strong><\/p>\n<p>Cherchez-vous une solution de pointe pour maximiser l'utilisation de l'\u00e9nergie renouvelable tout en assurant une alimentation \u00e9lectrique ininterrompue ?<br \/>\nNe cherchez pas plus loin que le syst\u00e8me de stockage d'\u00e9nergie solaire hybride Bess 100KW de Haisic.<br \/>\nCe syst\u00e8me innovant combine une technologie avanc\u00e9e, des composants de premier ordre,<br \/>\net une m\u00e9thode de refroidissement par ventilation thermique pour offrir des performances exceptionnelles dans l'industrie du stockage d'\u00e9nergie industrielle et commerciale.<\/p>\n<p><strong>Production d'\u00e9nergie efficace et fiable<\/strong><\/p>\n<p>\u2013 Donnez \u00e0 votre entreprise un syst\u00e8me solaire de 100KW qui capte la lumi\u00e8re naturelle du soleil et la convertit en \u00e9nergie propre et durable.<br \/>\n\u2013 Profitez d'une batterie LiFePO4 de haute capacit\u00e9 de 200KWH, fournissant une alimentation fiable m\u00eame lors des pics de demande ou en cas de faible ensoleillement.<br \/>\nL'\u00e9nergie nominale remarquable de 215,040 kWh du syst\u00e8me garantit une utilisation optimale de l'\u00e9nergie et une rentabilit\u00e9 accrue.<\/p>\n<p><strong>Performance sup\u00e9rieure et flexibilit\u00e9<\/strong><\/p>\n<p>\u2013 Con\u00e7u avec une plage de temp\u00e9rature de fonctionnement de -20 \u00e0 50\u2103, le syst\u00e8me Bess est con\u00e7u pour r\u00e9sister \u00e0 des conditions m\u00e9t\u00e9orologiques extr\u00eames.<br \/>\n\u2013 D\u00e9couvrez une efficacit\u00e9 impressionnante du syst\u00e8me \u226585%, maximisant la conversion de l'\u00e9nergie solaire en \u00e9nergie utilisable.<br \/>\n\u2013 Avec ses options de connexion au r\u00e9seau (hors r\u00e9seau, r\u00e9seau hybride, r\u00e9seau connect\u00e9), adaptez le syst\u00e8me \u00e0 vos besoins sp\u00e9cifiques en \u00e9nergie et maximisez les \u00e9conomies d'\u00e9nergie.<\/p>\n<p><strong>Fiabilit\u00e9 et facilit\u00e9 d'entretien<\/strong><\/p>\n<p>\u2013 Profitez d'une tranquillit\u00e9 d'esprit gr\u00e2ce \u00e0 une dur\u00e9e de vie de conception de 15 ans et \u00e0 des performances stables, minimisant la n\u00e9cessit\u00e9 de remplacements ou de r\u00e9parations fr\u00e9quentes.<br \/>\n\u2013 La conception tout-en-un garantit un processus d'installation sans tracas, vous faisant gagner du temps et des co\u00fbts d'installation.<br \/>\n\u2013 La conception modulaire, comprenant des modules de batterie, un BMS (Syst\u00e8me de gestion de batterie) et une conception de contr\u00f4le, facilite la maintenance et la scalabilit\u00e9.<\/p>\n<p><strong>Caract\u00e9ristiques principales :<\/strong><\/p>\n<p>\u25cf Syst\u00e8me de stockage d'\u00e9nergie modulaire et extensible de mani\u00e8re flexible au niveau de la puissance et de la capacit\u00e9\u203b<br \/>\n\u25cf Conception tout-en-un, solution coupl\u00e9e en courant alternatif<br \/>\n\u25cf Contenu \u00e9nerg\u00e9tique individuel parfaitement adapt\u00e9 \u00e0 vos besoins<br \/>\n\u25cf Dur\u00e9e de vie maximale des cellules de batterie<br \/>\n\u25cf Batteries au phosphate de fer lithium pour une haute s\u00e9curit\u00e9 op\u00e9rationnelle et incendie<br \/>\n\u25cf Bo\u00eetier ext\u00e9rieur pour tout site d'installation<br \/>\n\u25cf Maintenance facile gr\u00e2ce \u00e0 la conception modulaire (modules de batterie, BMS, conception de contr\u00f4le)<br \/>\n\u25cf Protection interne et externe<br \/>\n\u25cf Convient pour des applications en s\u00e9rie telles que la r\u00e9serve de contr\u00f4le, l'augmentation de l'autoconsommation<br \/>\n\u25cf Dur\u00e9e de vie de conception de 15 ans, performance stable, sans maintenance<br \/>\n\u25cf Maximum 5 armoires en parall\u00e8le pour supporter une puissance et une capacit\u00e9 plus importantes<\/p>\n<p>Investissez d\u00e8s aujourd'hui dans le syst\u00e8me de stockage d'\u00e9nergie solaire hybride Bess 100KW et lib\u00e9rez le v\u00e9ritable potentiel de l'\u00e9nergie solaire pour votre entreprise industrielle ou commerciale.<br \/>\nFaites confiance \u00e0 Haisic pour fournir une solution de stockage d'\u00e9nergie sup\u00e9rieure qui favorise la durabilit\u00e9, l'efficacit\u00e9 et la fiabilit\u00e9 dans l'industrie du stockage d'\u00e9nergie industrielle et commerciale.<\/p>","protected":false},"excerpt":{"rendered":"<p class=\"product-des\">1. La plus haute densit\u00e9 d'\u00e9nergie<br \/>\nNous combinons des batteries \u00e0 haute densit\u00e9 d'\u00e9nergie, des syst\u00e8mes de conversion de puissance et de contr\u00f4le dans un emballage de conteneur maritime am\u00e9lior\u00e9. Les batteries au lithium sont de marque EVE, dont la chimie LFP fournit 215 kWh d'\u00e9nergie dans un volume de batterie pesant 3100 kg.<br \/>\n2. Fiabilit\u00e9 dans des conditions environnementales difficiles<br \/>\nNotre conception int\u00e8gre des m\u00e9canismes de protection de s\u00e9curit\u00e9 pour r\u00e9sister \u00e0 des environnements extr\u00eames et des d\u00e9ploiements robustes. Notre syst\u00e8me fonctionnera de mani\u00e8re fiable dans divers endroits, de l'Europe \u00e0 l'Afrique subsaharienne.<br \/>\n3. Formats personnalisables pour optimiser le retour sur investissement<br \/>\nNous adaptons notre conception de r\u00e9f\u00e9rence pour r\u00e9pondre aux exigences sp\u00e9cifiques en stockage d'\u00e9nergie \/ puissance des clients et aux conditions environnementales.<br \/>\nNous utilisons la mod\u00e9lisation et la simulation pour optimiser la conception du syst\u00e8me afin d'offrir le meilleur rapport qualit\u00e9-prix pour chaque cas d'utilisation client.<\/p>\n<div class=\"inquiryBasket\"><\/div>","protected":false},"featured_media":1634,"template":"","meta":{"site-sidebar-layout":"default","site-content-layout":"","ast-site-content-layout":"default","site-content-style":"default","site-sidebar-style":"default","ast-global-header-display":"","ast-banner-title-visibility":"","ast-main-header-display":"","ast-hfb-above-header-display":"","ast-hfb-below-header-display":"","ast-hfb-mobile-header-display":"","site-post-title":"","ast-breadcrumbs-content":"","ast-featured-img":"","footer-sml-layout":"","ast-disable-related-posts":"","theme-transparent-header-meta":"default","adv-header-id-meta":"","stick-header-meta":"default","header-above-stick-meta":"","header-main-stick-meta":"","header-below-stick-meta":"","astra-migrate-meta-layouts":"set","ast-page-background-enabled":"default","ast-page-background-meta":{"desktop":{"background-color":"var(--ast-global-color-4)","background-image":"","background-repeat":"repeat","background-position":"center center","background-size":"auto","background-attachment":"scroll","background-type":"","background-media":"","overlay-type":"","overlay-color":"","overlay-opacity":"","overlay-gradient":""},"tablet":{"background-color":"","background-image":"","background-repeat":"repeat","background-position":"center center","background-size":"auto","background-attachment":"scroll","background-type":"","background-media":"","overlay-type":"","overlay-color":"","overlay-opacity":"","overlay-gradient":""},"mobile":{"background-color":"","background-image":"","background-repeat":"repeat","background-position":"center center","background-size":"auto","background-attachment":"scroll","background-type":"","background-media":"","overlay-type":"","overlay-color":"","overlay-opacity":"","overlay-gradient":""}},"ast-content-background-meta":{"desktop":{"background-color":"var(--ast-global-color-5)","background-image":"","background-repeat":"repeat","background-position":"center center","background-size":"auto","background-attachment":"scroll","background-type":"","background-media":"","overlay-type":"","overlay-color":"","overlay-opacity":"","overlay-gradient":""},"tablet":{"background-color":"var(--ast-global-color-5)","background-image":"","background-repeat":"repeat","background-position":"center center","background-size":"auto","background-attachment":"scroll","background-type":"","background-media":"","overlay-type":"","overlay-color":"","overlay-opacity":"","overlay-gradient":""},"mobile":{"background-color":"var(--ast-global-color-5)","background-image":"","background-repeat":"repeat","background-position":"center center","background-size":"auto","background-attachment":"scroll","background-type":"","background-media":"","overlay-type":"","overlay-color":"","overlay-opacity":"","overlay-gradient":""}}},"product_brand":[],"product_cat":[44],"product_tag":[],"class_list":{"0":"post-1633","1":"product","2":"type-product","3":"status-publish","4":"has-post-thumbnail","6":"product_cat-commercial-industrial-ess","7":"desktop-align-left","8":"tablet-align-left","9":"mobile-align-left","10":"ast-product-gallery-layout-horizontal-slider","11":"ast-product-tabs-layout-horizontal","13":"first","14":"instock","15":"shipping-taxable","16":"purchasable","17":"product-type-simple"},"_links":{"self":[{"href":"https:\/\/haisicstorage.com\/fr\/wp-json\/wp\/v2\/product\/1633","targetHints":{"allow":["GET"]}}],"collection":[{"href":"https:\/\/haisicstorage.com\/fr\/wp-json\/wp\/v2\/product"}],"about":[{"href":"https:\/\/haisicstorage.com\/fr\/wp-json\/wp\/v2\/types\/product"}],"version-history":[{"count":4,"href":"https:\/\/haisicstorage.com\/fr\/wp-json\/wp\/v2\/product\/1633\/revisions"}],"predecessor-version":[{"id":3471,"href":"https:\/\/haisicstorage.com\/fr\/wp-json\/wp\/v2\/product\/1633\/revisions\/3471"}],"wp:featuredmedia":[{"embeddable":true,"href":"https:\/\/haisicstorage.com\/fr\/wp-json\/wp\/v2\/media\/1634"}],"wp:attachment":[{"href":"https:\/\/haisicstorage.com\/fr\/wp-json\/wp\/v2\/media?parent=1633"}],"wp:term":[{"taxonomy":"product_brand","embeddable":true,"href":"https:\/\/haisicstorage.com\/fr\/wp-json\/wp\/v2\/product_brand?post=1633"},{"taxonomy":"product_cat","embeddable":true,"href":"https:\/\/haisicstorage.com\/fr\/wp-json\/wp\/v2\/product_cat?post=1633"},{"taxonomy":"product_tag","embeddable":true,"href":"https:\/\/haisicstorage.com\/fr\/wp-json\/wp\/v2\/product_tag?post=1633"}],"curies":[{"name":"wp","href":"https:\/\/api.w.org\/{rel}","templated":true}]}}