{"id":1628,"date":"2025-12-03T02:47:37","date_gmt":"2025-12-03T02:47:37","guid":{"rendered":"https:\/\/haisicstorage.com\/?post_type=product&#038;p=1628"},"modified":"2026-02-27T07:39:35","modified_gmt":"2026-02-27T07:39:35","slug":"high-volt-stacked-30kwh","status":"publish","type":"product","link":"https:\/\/haisicstorage.com\/fr\/high-volt-stacked-30kwh\/","title":{"rendered":"Stack\u00e9 haute-tension de 30KWH"},"content":{"rendered":"<div class=\"row\">\n<div class=\"col-md-12 col-sm-12\">\n<div class=\"product-tabs\">\n<ul class=\"pro-details-tab\" role=\"tablist\">\n<li class=\"active\" role=\"presentation\">\n<h2>D\u00e9tails du Produit<\/h2>\n<\/li>\n<\/ul>\n<div class=\"tab-content\">\n<div id=\"tab-desc\" class=\"tab-pane active\" role=\"tabpanel\">\n<div class=\"product-tab-desc\">\n<p>&nbsp;<\/p>\n<p>Le stockage d'\u00e9nergie solaire (souvent appel\u00e9 solaire+stockage) est une industrie en plein essor. En associant panneaux solaires et stockage par batterie, vous pouvez stocker l'exc\u00e8s d'\u00e9lectricit\u00e9 produit par vos panneaux solaires pour \u00e9largir vos options d'utilisation de votre \u00e9nergie solaire \u2014 et comment ils peuvent en tirer profit. Le stockage d'\u00e9nergie solaire vous permet de d\u00e9pendre moins du r\u00e9seau \u00e9lectrique pour potentiellement r\u00e9duire vos co\u00fbts et m\u00eame augmenter vos revenus.<\/p>\n<p>&nbsp;<\/p>\n<p><strong>Types de\u00a0<a href=\"https:\/\/www.haisicbattery.com\/products\/solar-energy-storage-batterylrydz\" target=\"_blank\" rel=\"noopener\">Batteries Solaires<\/a><\/strong><\/p>\n<p>&nbsp;<\/p>\n<p>Pour\u00a0<a href=\"https:\/\/www.haisicbattery.com\/products\/solar-energy-storage-batterylrydz\" target=\"_blank\" rel=\"noopener\">le stockage r\u00e9sidentiel<\/a>, les batteries au plomb-acide ont les vertus de faible co\u00fbt, recyclabilit\u00e9 et longue dur\u00e9e de vie avec peu ou pas d'entretien requis, mais elles sont lourdes et ont des temps de charge plus longs. Les batteries lithium-ion se chargent plus rapidement et peuvent contenir plus d'\u00e9nergie par masse, ce qui en fait le choix pr\u00e9f\u00e9r\u00e9 de la plupart des syst\u00e8mes de stockage solaire domestique aujourd'hui, selon la Solar Energy Industries Association.<\/p>\n<p>&nbsp;<\/p>\n<p>En consid\u00e9rant leur dur\u00e9e de vie en cycle, leur performance et leur co\u00fbt, les batteries lithium-ion offrent le meilleur rapport co\u00fbt-b\u00e9n\u00e9fice, un qui ne fera que cro\u00eetre dans les ann\u00e9es \u00e0 venir \u00e0 mesure que la technologie m\u00fbrit et que ses prix diminuent. Les 10% restants d'options de stockage d'\u00e9nergie \u00e0 l'\u00e9chelle utilitaire \u2014 comme l'hydro\u00e9lectricit\u00e9 par pompage, les batteries \u00e0 flux, les batteries sodium-soufre, les sels fondus, les volants d'inertie et l'air comprim\u00e9 \u2014 d\u00e9passent la port\u00e9e des particuliers.<\/p>\n<p>&nbsp;<\/p>\n<p>Plusieurs autres caract\u00e9ristiques des batteries d\u00e9terminent \u00e9galement la rentabilit\u00e9 et l'utilit\u00e9 des syst\u00e8mes solaire+stockage.<\/p>\n<p>&nbsp;<\/p>\n<p><strong>Param\u00e8tres de la batterie<\/strong><\/p>\n<p><strong><img decoding=\"async\" src=\"https:\/\/shopic.mcmcclass.com\/20221103140952390945648.jpg\" alt=\"Batterie de stockage d&#039;\u00e9nergie solaire de 30 kW\" \/><\/strong><\/p>\n<p>&nbsp;<\/p>\n<p><strong>Puissance et Capacit\u00e9<\/strong><\/p>\n<p>Deux m\u00e9triques similaires\u2014kW et kWh\u2014sont des mesures de la puissance et de la capacit\u00e9 d'une batterie, respectivement. Un kilowatt est la quantit\u00e9 de puissance qu'une batterie peut fournir \u00e0 un moment donn\u00e9, tandis qu'un kilowatt-heure est la quantit\u00e9 totale d'\u00e9nergie que la batterie peut stocker.<\/p>\n<p>&nbsp;<\/p>\n<p><strong>Efficacit\u00e9 en cycle complet<\/strong><\/p>\n<p>L'efficacit\u00e9 en cycle complet est la mesure de la quantit\u00e9 d'\u00e9nergie perdue lors du transfert et du stockage des \u00e9lectrons dans et hors de la batterie. La perte est g\u00e9n\u00e9ralement d'environ 5%.<\/p>\n<p>&nbsp;<\/p>\n<p><strong>Dur\u00e9e de vie de la batterie<\/strong><\/p>\n<p>&nbsp;<\/p>\n<p>La dur\u00e9e de vie de la batterie est mesur\u00e9e par le nombre de cycles de charge et de d\u00e9charge qu'elle peut effectuer. Finalement, les batteries se d\u00e9gradent avec le temps et perdent leur capacit\u00e9 \u00e0 maintenir le m\u00eame niveau de charge.<\/p>\n<p>&nbsp;<\/p>\n<p><strong>Param\u00e8tres de l'onduleur<\/strong><\/p>\n<table border=\"0\" cellspacing=\"0\" cellpadding=\"0\">\n<colgroup>\n<col \/>\n<col \/><\/colgroup>\n<tbody>\n<tr>\n<td>Mod\u00e8le<\/td>\n<td>R12KL1<\/td>\n<\/tr>\n<tr>\n<td colspan=\"2\">Entr\u00e9e (PV)<\/td>\n<\/tr>\n<tr>\n<td>Puissance max. (kW)<\/td>\n<td>15.6<\/td>\n<\/tr>\n<tr>\n<td>Tension DC max. (V)<\/td>\n<td>500<\/td>\n<\/tr>\n<tr>\n<td>Plage de tension MPPT (V)<\/td>\n<td>120~500<\/td>\n<\/tr>\n<tr>\n<td>Courant d'entr\u00e9e max. du MPPT unique (A)<\/td>\n<td>12<\/td>\n<\/tr>\n<tr>\n<td>Courant de court-circuit max. (A)<\/td>\n<td>15<\/td>\n<\/tr>\n<tr>\n<td colspan=\"2\">Sortie AC<\/td>\n<\/tr>\n<tr>\n<td>Puissance de sortie nominale (kVA)<\/td>\n<td>12<\/td>\n<\/tr>\n<tr>\n<td>Puissance de sortie max. (kVA)<\/td>\n<td>13.2<\/td>\n<\/tr>\n<tr>\n<td>Courant de sortie max. (A)<\/td>\n<td>57.4<\/td>\n<\/tr>\n<tr>\n<td>Tension de sortie AC (V)<\/td>\n<td>220,230,240<\/td>\n<\/tr>\n<tr>\n<td>Fr\u00e9quence (Hz)<\/td>\n<td>50\/60 (45 ~ 55, 55 ~ 65)<\/td>\n<\/tr>\n<tr>\n<td>PF<\/td>\n<td>0,8 en retard - 0,8 en avance<\/td>\n<\/tr>\n<tr>\n<td>THDi<\/td>\n<td>&lt; 2%<\/td>\n<\/tr>\n<tr>\n<td colspan=\"2\">Batterie<\/td>\n<\/tr>\n<tr>\n<td>Tension nominale (V)<\/td>\n<td>48<\/td>\n<\/tr>\n<tr>\n<td>Plage de tension de la batterie (V)<\/td>\n<td>40~60<\/td>\n<\/tr>\n<tr>\n<td>Courant de charge\/d\u00e9charge max. (A)<\/td>\n<td>250\/250<\/td>\n<\/tr>\n<tr>\n<td>Type de batterie<\/td>\n<td>lithium \/Plomb-acide<\/td>\n<\/tr>\n<tr>\n<td>Strat\u00e9gie de charge pour batterie Li-Ion<\/td>\n<td>Auto-adaptation au BMS<\/td>\n<\/tr>\n<tr>\n<td colspan=\"2\">Sortie EPS<\/td>\n<\/tr>\n<tr>\n<td>Puissance nominale (kVA)<\/td>\n<td>12<\/td>\n<\/tr>\n<tr>\n<td>Tension de sortie nominale (V)<\/td>\n<td>220, 230 ,240<\/td>\n<\/tr>\n<tr>\n<td>Fr\u00e9quence nominale (Hz)<\/td>\n<td>50\/60<\/td>\n<\/tr>\n<tr>\n<td>THDu<\/td>\n<td>&lt; 2%<\/td>\n<\/tr>\n<tr>\n<td colspan=\"2\">Protection<\/td>\n<\/tr>\n<tr>\n<td>D\u00e9tection de mise \u00e0 la terre<\/td>\n<td>OUI<\/td>\n<\/tr>\n<tr>\n<td>Protection contre les d\u00e9fauts d'arc<\/td>\n<td>optionnel<\/td>\n<\/tr>\n<tr>\n<td>Protection contre les \u00eelots<\/td>\n<td>OUI<\/td>\n<\/tr>\n<tr>\n<td>Polarisations invers\u00e9es de la batterie<\/td>\n<td>OUI<\/td>\n<\/tr>\n<tr>\n<td>D\u00e9tection de r\u00e9sistance d'isolation<\/td>\n<td>OUI<\/td>\n<\/tr>\n<tr>\n<td>Unit\u00e9 de surveillance du courant r\u00e9siduel<\/td>\n<td>OUI<\/td>\n<\/tr>\n<tr>\n<td>Protection contre les surintensit\u00e9s en sortie<\/td>\n<td>OUI<\/td>\n<\/tr>\n<tr>\n<td>Protection contre les courts-circuits en sortie de secours<\/td>\n<td>OUI<\/td>\n<\/tr>\n<tr>\n<td>D\u00e9tection de la temp\u00e9rature du terminal<\/td>\n<td>OUI<\/td>\n<\/tr>\n<tr>\n<td>Protection contre la surtension\/sous-tension en sortie<\/td>\n<td>OUI<\/td>\n<\/tr>\n<tr>\n<td colspan=\"2\">Donn\u00e9es g\u00e9n\u00e9rales<\/td>\n<\/tr>\n<tr>\n<td>Efficacit\u00e9 Europe (PV)<\/td>\n<td>\u226597,8%<\/td>\n<\/tr>\n<tr>\n<td>Efficacit\u00e9 maximale de la batterie \u00e0 la charge<\/td>\n<td>\u226597,2%<\/td>\n<\/tr>\n<tr>\n<td>Protection contre l'intrusion<\/td>\n<td>IP65<\/td>\n<\/tr>\n<tr>\n<td>\u00c9mission de bruit (dB)<\/td>\n<td>&lt;38<\/td>\n<\/tr>\n<tr>\n<td>Temp\u00e9rature de fonctionnement<\/td>\n<td>-25\u2103 ~ 60\u2103<\/td>\n<\/tr>\n<tr>\n<td>Refroidissement<\/td>\n<td>Refroidissement par ventilateur<\/td>\n<\/tr>\n<tr>\n<td>Humidit\u00e9 relative<\/td>\n<td>0 ~95% (non-condensant)<\/td>\n<\/tr>\n<tr>\n<td>Altitude<\/td>\n<td>2 000 m (&gt;2 000 D\u00e9rating)<\/td>\n<\/tr>\n<tr>\n<td>Dimensions L * P * H (mm)<\/td>\n<td>430*220*710<\/td>\n<\/tr>\n<tr>\n<td>Poids(kg)<\/td>\n<td>41<\/td>\n<\/tr>\n<tr>\n<td>Affichage<\/td>\n<td>\u00c9cran LCD, panneau tactile (optionnel)<\/td>\n<\/tr>\n<tr>\n<td>Communication avec BMS\/compteur\/EMS<\/td>\n<td>RS485, CAN<\/td>\n<\/tr>\n<tr>\n<td>Interface de communication<\/td>\n<td>RS485, WLAN, 4G (optionnel)<\/td>\n<\/tr>\n<tr>\n<td>Autoconsommation la nuit<\/td>\n<td>&lt; 2,5 W (avec batterie activ\u00e9e &lt; 5 W)<\/td>\n<\/tr>\n<tr>\n<td>Certificats<\/td>\n<td>NRS Afrique du Sud, IEC 62109-1\/-2, IEC 61000-6-1, IEC 61000-6-3<\/td>\n<\/tr>\n<\/tbody>\n<\/table>\n<p>&nbsp;<\/p>\n<p>&nbsp;<\/p>\n<\/div>\n<\/div>\n<\/div>\n<\/div>\n<\/div>\n<\/div>","protected":false},"excerpt":{"rendered":"<p>Le stockage d'\u00e9nergie solaire (\u00e9galement connu sous le nom de solaire+stockage) est une industrie en plein essor. Lorsque vous combinez des panneaux solaires avec un stockage par batterie, vous pouvez stocker l'exc\u00e8s d'\u00e9lectricit\u00e9 g\u00e9n\u00e9r\u00e9 par vos panneaux solaires, vous offrant plus d'options sur la fa\u00e7on d'utiliser votre \u00e9nergie solaire \u2014 et comment en tirer profit. Le stockage d'\u00e9nergie solaire vous permet de d\u00e9pendre moins du r\u00e9seau \u00e9lectrique, ce qui peut r\u00e9duire vos co\u00fbts et m\u00eame augmenter vos revenus.<\/p>","protected":false},"featured_media":1631,"template":"","meta":{"site-sidebar-layout":"default","site-content-layout":"","ast-site-content-layout":"default","site-content-style":"default","site-sidebar-style":"default","ast-global-header-display":"","ast-banner-title-visibility":"","ast-main-header-display":"","ast-hfb-above-header-display":"","ast-hfb-below-header-display":"","ast-hfb-mobile-header-display":"","site-post-title":"","ast-breadcrumbs-content":"","ast-featured-img":"","footer-sml-layout":"","ast-disable-related-posts":"","theme-transparent-header-meta":"default","adv-header-id-meta":"","stick-header-meta":"default","header-above-stick-meta":"","header-main-stick-meta":"","header-below-stick-meta":"","astra-migrate-meta-layouts":"set","ast-page-background-enabled":"default","ast-page-background-meta":{"desktop":{"background-color":"var(--ast-global-color-4)","background-image":"","background-repeat":"repeat","background-position":"center center","background-size":"auto","background-attachment":"scroll","background-type":"","background-media":"","overlay-type":"","overlay-color":"","overlay-opacity":"","overlay-gradient":""},"tablet":{"background-color":"","background-image":"","background-repeat":"repeat","background-position":"center center","background-size":"auto","background-attachment":"scroll","background-type":"","background-media":"","overlay-type":"","overlay-color":"","overlay-opacity":"","overlay-gradient":""},"mobile":{"background-color":"","background-image":"","background-repeat":"repeat","background-position":"center center","background-size":"auto","background-attachment":"scroll","background-type":"","background-media":"","overlay-type":"","overlay-color":"","overlay-opacity":"","overlay-gradient":""}},"ast-content-background-meta":{"desktop":{"background-color":"var(--ast-global-color-5)","background-image":"","background-repeat":"repeat","background-position":"center center","background-size":"auto","background-attachment":"scroll","background-type":"","background-media":"","overlay-type":"","overlay-color":"","overlay-opacity":"","overlay-gradient":""},"tablet":{"background-color":"var(--ast-global-color-5)","background-image":"","background-repeat":"repeat","background-position":"center center","background-size":"auto","background-attachment":"scroll","background-type":"","background-media":"","overlay-type":"","overlay-color":"","overlay-opacity":"","overlay-gradient":""},"mobile":{"background-color":"var(--ast-global-color-5)","background-image":"","background-repeat":"repeat","background-position":"center center","background-size":"auto","background-attachment":"scroll","background-type":"","background-media":"","overlay-type":"","overlay-color":"","overlay-opacity":"","overlay-gradient":""}}},"product_brand":[],"product_cat":[47,56,45],"product_tag":[],"class_list":{"0":"post-1628","1":"product","2":"type-product","3":"status-publish","4":"has-post-thumbnail","6":"product_cat-residetial-ess","7":"product_cat-energy-storage-battery-system","8":"product_cat-rack-mounted-ess","9":"desktop-align-left","10":"tablet-align-left","11":"mobile-align-left","12":"ast-product-gallery-layout-horizontal-slider","13":"ast-product-tabs-layout-horizontal","15":"first","16":"instock","17":"shipping-taxable","18":"purchasable","19":"product-type-simple"},"_links":{"self":[{"href":"https:\/\/haisicstorage.com\/fr\/wp-json\/wp\/v2\/product\/1628","targetHints":{"allow":["GET"]}}],"collection":[{"href":"https:\/\/haisicstorage.com\/fr\/wp-json\/wp\/v2\/product"}],"about":[{"href":"https:\/\/haisicstorage.com\/fr\/wp-json\/wp\/v2\/types\/product"}],"version-history":[{"count":4,"href":"https:\/\/haisicstorage.com\/fr\/wp-json\/wp\/v2\/product\/1628\/revisions"}],"predecessor-version":[{"id":3520,"href":"https:\/\/haisicstorage.com\/fr\/wp-json\/wp\/v2\/product\/1628\/revisions\/3520"}],"wp:featuredmedia":[{"embeddable":true,"href":"https:\/\/haisicstorage.com\/fr\/wp-json\/wp\/v2\/media\/1631"}],"wp:attachment":[{"href":"https:\/\/haisicstorage.com\/fr\/wp-json\/wp\/v2\/media?parent=1628"}],"wp:term":[{"taxonomy":"product_brand","embeddable":true,"href":"https:\/\/haisicstorage.com\/fr\/wp-json\/wp\/v2\/product_brand?post=1628"},{"taxonomy":"product_cat","embeddable":true,"href":"https:\/\/haisicstorage.com\/fr\/wp-json\/wp\/v2\/product_cat?post=1628"},{"taxonomy":"product_tag","embeddable":true,"href":"https:\/\/haisicstorage.com\/fr\/wp-json\/wp\/v2\/product_tag?post=1628"}],"curies":[{"name":"wp","href":"https:\/\/api.w.org\/{rel}","templated":true}]}}