{"id":1625,"date":"2025-12-03T02:44:28","date_gmt":"2025-12-03T02:44:28","guid":{"rendered":"https:\/\/haisicstorage.com\/?post_type=product&#038;p=1625"},"modified":"2026-02-27T07:39:16","modified_gmt":"2026-02-27T07:39:16","slug":"low-volt-51-2v-9-5kwh-powerwall","status":"publish","type":"product","link":"https:\/\/haisicstorage.com\/fr\/low-volt-51-2v-9-5kwh-powerwall\/","title":{"rendered":"Powerwall basse tension 51,2V 9,5KWH"},"content":{"rendered":"<p><strong>Qu'est-ce que\u00a0<a href=\"https:\/\/www.haisicbattery.com\/products\/solar-energy-storage-batterylrydz\" target=\"_blank\" rel=\"noopener\">de stockage d'\u00e9nergie domestique<\/a>?<\/strong><\/p>\n<p>&nbsp;<\/p>\n<p>Le\u00a0<a href=\"https:\/\/www.haisicbattery.com\/products\/solar-energy-storage-batterylrydz\" target=\"_blank\" rel=\"noopener\">la batterie de stockage d'\u00e9nergie<\/a>\u00a0est principalement utilis\u00e9e pour stocker l'\u00e9nergie \u00e9lectrique provenant de l'\u00e9nergie solaire, de l'\u00e9nergie \u00e9olienne ou du r\u00e9seau \u00e9lectrique local. Elle sert principalement \u00e0 stocker de l'\u00e9nergie \u00e9lectrique et est souvent utilis\u00e9e comme\u00a0<a href=\"https:\/\/www.haisicbattery.com\/products\/solar-energy-storage-system\" target=\"_blank\" rel=\"noopener\">alimentation de secours<\/a>\u00a0pour les familles, les entreprises et les exploitations agricoles. Ces derni\u00e8res ann\u00e9es, avec le d\u00e9veloppement continu de la technologie solaire, les batteries de stockage d'\u00e9nergie peuvent \u00e9galement permettre aux maisons d'atteindre l'ind\u00e9pendance \u00e9nerg\u00e9tique.<\/p>\n<p>&nbsp;<\/p>\n<p><strong>Ai-je besoin d'un permis pour acheter une batterie de stockage \u00e0 domicile ?<\/strong><\/p>\n<p>Oui, dans la plupart des villes et r\u00e9gions, vous avez besoin d'une licence pour installer des batteries de stockage d'\u00e9nergie dans votre maison. Pour plus d'informations, veuillez consulter les d\u00e9partements locaux comp\u00e9tents.<\/p>\n<p>&nbsp;<\/p>\n<p><strong>Comment fonctionne le\u00a0<a href=\"https:\/\/www.haisicbattery.com\/products\/solar-energy-storage-batterylrydz\/51-2v--10752wh-stacked-lfp-solar-energy-storage-battery-household-energy-storage-sytempazbw\" target=\"_blank\" rel=\"noopener\">syst\u00e8me de stockage d'\u00e9nergie domestique<\/a>\u00a0?<\/strong><\/p>\n<p>Les syst\u00e8mes de stockage d'\u00e9nergie domestique obtiennent de l'\u00e9lectricit\u00e9 via des panneaux solaires ou connect\u00e9s au r\u00e9seau. Lorsqu'ils alimentent simultan\u00e9ment la charge domestique et le syst\u00e8me de stockage d'\u00e9nergie, l'\u00e9nergie solaire ou du r\u00e9seau \u00e9lectrique sera prioritaire pour alimenter la charge domestique, et le syst\u00e8me de stockage sera charg\u00e9 uniquement en cas de surplus d'\u00e9nergie.<\/p>\n<p>Lorsqu'une panne de courant survient \u00e0 la maison, le syst\u00e8me de stockage d'\u00e9nergie d\u00e9tecte imm\u00e9diatement l'interruption de l'alimentation et change automatiquement le commutateur pour utiliser la batterie de stockage d'\u00e9nergie pour alimenter la maison, sans op\u00e9ration manuelle.<\/p>\n<p><strong>Param\u00e8tres Powerwall<\/strong><\/p>\n<table border=\"0\" cellspacing=\"0\" cellpadding=\"0\">\n<colgroup>\n<col \/>\n<col \/><\/colgroup>\n<tbody>\n<tr>\n<td>Mod\u00e8le<\/td>\n<td>HS-BG9500W<\/td>\n<\/tr>\n<tr>\n<td>Tension nominale\uff08V\uff09<\/td>\n<td>51.2<\/td>\n<\/tr>\n<tr>\n<td>Capacit\u00e9 nominale\uff08Ah\uff09<\/td>\n<td>186<\/td>\n<\/tr>\n<tr>\n<td>\u00c9nergie nominale\uff08Wh\uff09<\/td>\n<td>9523<\/td>\n<\/tr>\n<tr>\n<td>Plage de tension\uff08V\uff09<\/td>\n<td>44.8-56<\/td>\n<\/tr>\n<tr>\n<td>Plage de tension de charge\uff08V\uff09<\/td>\n<td>55.2-56<\/td>\n<\/tr>\n<tr>\n<td>Tension de coupure\uff08V\uff09<\/td>\n<td>44.8<\/td>\n<\/tr>\n<tr>\n<td>Courant de charge recommand\u00e9\uff08A\uff09<\/td>\n<td>100<\/td>\n<\/tr>\n<tr>\n<td>Courant de charge maximal\uff08A\uff09<\/td>\n<td>166<\/td>\n<\/tr>\n<tr>\n<td>Courant de d\u00e9charge maximal\uff08A\uff09<\/td>\n<td>166<\/td>\n<\/tr>\n<tr>\n<td>Dimensions : L*W*H\uff08mm\uff09<\/td>\n<td>457*163*760<\/td>\n<\/tr>\n<tr>\n<td>Poids\uff08kg\uff09<\/td>\n<td>70<\/td>\n<\/tr>\n<tr>\n<td>Port de communication<\/td>\n<td>RS485, CAN<\/td>\n<\/tr>\n<tr>\n<td>Affichage<\/td>\n<td>LED+LCD<\/td>\n<\/tr>\n<tr>\n<td>Borniquet<\/td>\n<td>Enfichable<\/td>\n<\/tr>\n<tr>\n<td>Inverseur compatible<\/td>\n<td>Growatt, Goodwe, Sol-Ark, SRNE, DEYE<\/td>\n<\/tr>\n<tr>\n<td>Humidit\u00e9\uff08%\uff09<\/td>\n<td>RH 5-95%<\/td>\n<\/tr>\n<tr>\n<td>Plage de temp\u00e9rature de charge\uff08\u2103\uff09<\/td>\n<td>0-45<\/td>\n<\/tr>\n<tr>\n<td>Plage de temp\u00e9rature de d\u00e9charge\uff08\u2103\uff09<\/td>\n<td>-20-60<\/td>\n<\/tr>\n<tr>\n<td>Plage de temp\u00e9rature de stockage (\u2103)<\/td>\n<td>-20-45<\/td>\n<\/tr>\n<tr>\n<td>Dur\u00e9e de vie en cycle<\/td>\n<td>\uff1e6000 \uff080,5C@ 25\u2103\uff0c80% DOD\uff09<\/td>\n<\/tr>\n<tr>\n<td>Dur\u00e9e de vie (Ann\u00e9e)<\/td>\n<td>15<\/td>\n<\/tr>\n<tr>\n<td>S\u00e9curit\u00e9 &amp; Certification<\/td>\n<td>CE, EMC, TUV (IEC62619), UL1973<\/td>\n<\/tr>\n<tr>\n<td>Transport<\/td>\n<td>UN38.3<\/td>\n<\/tr>\n<\/tbody>\n<\/table>\n<p>&nbsp;<\/p>\n<p>&nbsp;<\/p>\n<p><strong>Combien de temps une batterie de stockage domestique dure-t-elle ?<\/strong><\/p>\n<p>&nbsp;<\/p>\n<p>L'introduction des batteries de stockage d'\u00e9nergie a attir\u00e9 un grand nombre de propri\u00e9taires. Ils peuvent tous \u00eatre confront\u00e9s \u00e0 ce probl\u00e8me lors du choix de leur premi\u00e8re batterie de stockage. Cependant, la dur\u00e9e de vie de la batterie de stockage d'\u00e9nergie d\u00e9pend de nombreux facteurs : capacit\u00e9 de la batterie, type de batterie, mode d'utilisation, nombre d'appareils connect\u00e9s, puissance des appareils, etc.<\/p>\n<p>&nbsp;<\/p>\n<p><strong>Calcul\u00e9 comme une batterie de stockage de 5 kWh :<\/strong><\/p>\n<p>Le r\u00e9frig\u00e9rateur de 400W peut durer 12,5 heures<\/p>\n<p>Une ampoule de 10W peut durer 500 heures<\/p>\n<p>Regarder la t\u00e9l\u00e9vision peut fonctionner en continu pendant environ 5 heures<\/p>\n<p>Climatisation int\u00e9rieure refroidissant pendant 6,25 heures<\/p>\n<p>&nbsp;<\/p>\n<p>\u00c9quiper une maison d'une batterie de stockage d'\u00e9nergie solaire peut garantir que certains appareils essentiels importants peuvent continuer \u00e0 fonctionner en cas de panne de courant. Par exemple, la nourriture dans le r\u00e9frig\u00e9rateur peut rester fra\u00eeche, et le t\u00e9l\u00e9phone portable peut rester compl\u00e8tement charg\u00e9 en permanence.<\/p>\n<p>&nbsp;<\/p>\n<p><strong>Param\u00e8tres de l'onduleur<\/strong><\/p>\n<table border=\"0\" cellspacing=\"0\" cellpadding=\"0\">\n<colgroup>\n<col \/>\n<col \/><\/colgroup>\n<tbody>\n<tr>\n<td>Mod\u00e8le<\/td>\n<td>R8KL1<\/td>\n<\/tr>\n<tr>\n<td colspan=\"2\">Entr\u00e9e (PV)<\/td>\n<\/tr>\n<tr>\n<td>Puissance max. (kW)<\/td>\n<td>12<\/td>\n<\/tr>\n<tr>\n<td>Tension DC max. (V)<\/td>\n<td>500<\/td>\n<\/tr>\n<tr>\n<td>Plage de tension MPPT (V)<\/td>\n<td>120~500<\/td>\n<\/tr>\n<tr>\n<td>Courant d'entr\u00e9e max. du MPPT unique (A)<\/td>\n<td>12<\/td>\n<\/tr>\n<tr>\n<td>Courant de court-circuit max. (A)<\/td>\n<td>15<\/td>\n<\/tr>\n<tr>\n<td colspan=\"2\">Sortie AC<\/td>\n<\/tr>\n<tr>\n<td>Puissance de sortie nominale (kVA)<\/td>\n<td>8<\/td>\n<\/tr>\n<tr>\n<td>Puissance de sortie max. (kVA)<\/td>\n<td>8.8<\/td>\n<\/tr>\n<tr>\n<td>Courant de sortie max. (A)<\/td>\n<td>38.3<\/td>\n<\/tr>\n<tr>\n<td>Tension de sortie AC (V)<\/td>\n<td>220,230,240<\/td>\n<\/tr>\n<tr>\n<td>Fr\u00e9quence (Hz)<\/td>\n<td>50\/60 (45 ~ 55, 55 ~ 65)<\/td>\n<\/tr>\n<tr>\n<td>PF<\/td>\n<td>0,8 en retard - 0,8 en avance<\/td>\n<\/tr>\n<tr>\n<td>THDi<\/td>\n<td>&lt; 2%<\/td>\n<\/tr>\n<tr>\n<td colspan=\"2\">Batterie<\/td>\n<\/tr>\n<tr>\n<td>Tension nominale (V)<\/td>\n<td>48<\/td>\n<\/tr>\n<tr>\n<td>Plage de tension de la batterie (V)<\/td>\n<td>40~60<\/td>\n<\/tr>\n<tr>\n<td>Courant de charge\/d\u00e9charge max. (A)<\/td>\n<td>190\/190<\/td>\n<\/tr>\n<tr>\n<td>Type de batterie<\/td>\n<td>lithium \/Plomb-acide<\/td>\n<\/tr>\n<tr>\n<td>Strat\u00e9gie de charge pour batterie Li-Ion<\/td>\n<td>Auto-adaptation au BMS<\/td>\n<\/tr>\n<tr>\n<td colspan=\"2\">Sortie EPS<\/td>\n<\/tr>\n<tr>\n<td>Puissance nominale (kVA)<\/td>\n<td>8<\/td>\n<\/tr>\n<tr>\n<td>Tension de sortie nominale (V)<\/td>\n<td>220, 230 ,240<\/td>\n<\/tr>\n<tr>\n<td>Fr\u00e9quence nominale (Hz)<\/td>\n<td>50\/60<\/td>\n<\/tr>\n<tr>\n<td>THDu<\/td>\n<td>&lt; 2%<\/td>\n<\/tr>\n<tr>\n<td colspan=\"2\">Protection<\/td>\n<\/tr>\n<tr>\n<td>D\u00e9tection de mise \u00e0 la terre<\/td>\n<td>OUI<\/td>\n<\/tr>\n<tr>\n<td>Protection contre les d\u00e9fauts d'arc<\/td>\n<td>optionnel<\/td>\n<\/tr>\n<tr>\n<td>Protection contre les \u00eelots<\/td>\n<td>OUI<\/td>\n<\/tr>\n<tr>\n<td>Polarisations invers\u00e9es de la batterie<\/td>\n<td>OUI<\/td>\n<\/tr>\n<tr>\n<td>D\u00e9tection de r\u00e9sistance d'isolation<\/td>\n<td>OUI<\/td>\n<\/tr>\n<tr>\n<td>Unit\u00e9 de surveillance du courant r\u00e9siduel<\/td>\n<td>OUI<\/td>\n<\/tr>\n<tr>\n<td>Protection contre les surintensit\u00e9s en sortie<\/td>\n<td>OUI<\/td>\n<\/tr>\n<tr>\n<td>Protection contre les courts-circuits en sortie de secours<\/td>\n<td>OUI<\/td>\n<\/tr>\n<tr>\n<td>D\u00e9tection de la temp\u00e9rature du terminal<\/td>\n<td>OUI<\/td>\n<\/tr>\n<tr>\n<td>Protection contre la surtension\/sous-tension en sortie<\/td>\n<td>OUI<\/td>\n<\/tr>\n<tr>\n<td colspan=\"2\">Donn\u00e9es g\u00e9n\u00e9rales<\/td>\n<\/tr>\n<tr>\n<td>Efficacit\u00e9 Europe (PV)<\/td>\n<td>\u226597,8%<\/td>\n<\/tr>\n<tr>\n<td>Efficacit\u00e9 maximale de la batterie \u00e0 la charge<\/td>\n<td>\u226597,2%<\/td>\n<\/tr>\n<tr>\n<td>Protection contre l'intrusion<\/td>\n<td>IP65<\/td>\n<\/tr>\n<tr>\n<td>\u00c9mission de bruit (dB)<\/td>\n<td>&lt;38<\/td>\n<\/tr>\n<tr>\n<td>Temp\u00e9rature de fonctionnement<\/td>\n<td>-25\u2103 ~ 60\u2103<\/td>\n<\/tr>\n<tr>\n<td>Refroidissement<\/td>\n<td>Refroidissement par ventilateur<\/td>\n<\/tr>\n<tr>\n<td>Humidit\u00e9 relative<\/td>\n<td>0 ~95% (non-condensant)<\/td>\n<\/tr>\n<tr>\n<td>Altitude<\/td>\n<td>2 000 m (&gt;2 000 D\u00e9rating)<\/td>\n<\/tr>\n<tr>\n<td>Dimensions L * P * H (mm)<\/td>\n<td>430*220*710<\/td>\n<\/tr>\n<tr>\n<td>Poids(kg)<\/td>\n<td>41<\/td>\n<\/tr>\n<tr>\n<td>Affichage<\/td>\n<td>\u00c9cran LCD, panneau tactile (optionnel)<\/td>\n<\/tr>\n<tr>\n<td>Communication avec BMS\/compteur\/EMS<\/td>\n<td>RS485, CAN<\/td>\n<\/tr>\n<tr>\n<td>Interface de communication<\/td>\n<td>RS485, WLAN, 4G (optionnel)<\/td>\n<\/tr>\n<tr>\n<td>Autoconsommation la nuit<\/td>\n<td>&lt; 2,5 W (avec batterie activ\u00e9e &lt; 5 W)<\/td>\n<\/tr>\n<tr>\n<td>Certificats<\/td>\n<td>NRS Afrique du Sud, IEC 62109-1\/-2, IEC 61000-6-1, IEC 61000-6-3<\/td>\n<\/tr>\n<\/tbody>\n<\/table>\n<p>&nbsp;<\/p>\n<p>En g\u00e9n\u00e9ral, la solution \u00e9nerg\u00e9tique \u201c solaire + batterie de stockage \u201d est devenue le choix principal de la plupart des propri\u00e9taires. Les batteries de stockage solaire r\u00e9duisent \u00e9galement votre d\u00e9pendance quotidienne au r\u00e9seau \u00e9lectrique. Avant d\u2019acheter, nous devons comprendre les connaissances pertinentes sur les batteries de stockage pour mieux les s\u00e9lectionner et les acheter.<\/p>","protected":false},"excerpt":{"rendered":"<p>La batterie Low-Volt 51,2V 9,5KWH peut prot\u00e9ger votre maison contre les coupures de courant et vous lib\u00e9rer du r\u00e9seau avec un stockage d'\u00e9nergie. Installation murale. Cycle profond &gt; 6000 fois. Batterie au phosphate de fer lithium de haute s\u00e9curit\u00e9. La solution id\u00e9ale pour votre stockage d'\u00e9nergie r\u00e9sidentielle.<\/p>","protected":false},"featured_media":1626,"template":"","meta":{"site-sidebar-layout":"default","site-content-layout":"","ast-site-content-layout":"default","site-content-style":"default","site-sidebar-style":"default","ast-global-header-display":"","ast-banner-title-visibility":"","ast-main-header-display":"","ast-hfb-above-header-display":"","ast-hfb-below-header-display":"","ast-hfb-mobile-header-display":"","site-post-title":"","ast-breadcrumbs-content":"","ast-featured-img":"","footer-sml-layout":"","ast-disable-related-posts":"","theme-transparent-header-meta":"default","adv-header-id-meta":"","stick-header-meta":"default","header-above-stick-meta":"","header-main-stick-meta":"","header-below-stick-meta":"","astra-migrate-meta-layouts":"set","ast-page-background-enabled":"default","ast-page-background-meta":{"desktop":{"background-color":"var(--ast-global-color-4)","background-image":"","background-repeat":"repeat","background-position":"center center","background-size":"auto","background-attachment":"scroll","background-type":"","background-media":"","overlay-type":"","overlay-color":"","overlay-opacity":"","overlay-gradient":""},"tablet":{"background-color":"","background-image":"","background-repeat":"repeat","background-position":"center center","background-size":"auto","background-attachment":"scroll","background-type":"","background-media":"","overlay-type":"","overlay-color":"","overlay-opacity":"","overlay-gradient":""},"mobile":{"background-color":"","background-image":"","background-repeat":"repeat","background-position":"center center","background-size":"auto","background-attachment":"scroll","background-type":"","background-media":"","overlay-type":"","overlay-color":"","overlay-opacity":"","overlay-gradient":""}},"ast-content-background-meta":{"desktop":{"background-color":"var(--ast-global-color-5)","background-image":"","background-repeat":"repeat","background-position":"center center","background-size":"auto","background-attachment":"scroll","background-type":"","background-media":"","overlay-type":"","overlay-color":"","overlay-opacity":"","overlay-gradient":""},"tablet":{"background-color":"var(--ast-global-color-5)","background-image":"","background-repeat":"repeat","background-position":"center center","background-size":"auto","background-attachment":"scroll","background-type":"","background-media":"","overlay-type":"","overlay-color":"","overlay-opacity":"","overlay-gradient":""},"mobile":{"background-color":"var(--ast-global-color-5)","background-image":"","background-repeat":"repeat","background-position":"center center","background-size":"auto","background-attachment":"scroll","background-type":"","background-media":"","overlay-type":"","overlay-color":"","overlay-opacity":"","overlay-gradient":""}}},"product_brand":[],"product_cat":[47,56,50],"product_tag":[],"class_list":{"0":"post-1625","1":"product","2":"type-product","3":"status-publish","4":"has-post-thumbnail","6":"product_cat-residetial-ess","7":"product_cat-energy-storage-battery-system","8":"product_cat-floor-standing-ess","9":"desktop-align-left","10":"tablet-align-left","11":"mobile-align-left","12":"ast-product-gallery-layout-horizontal-slider","13":"ast-product-tabs-layout-horizontal","15":"first","16":"instock","17":"shipping-taxable","18":"purchasable","19":"product-type-simple"},"_links":{"self":[{"href":"https:\/\/haisicstorage.com\/fr\/wp-json\/wp\/v2\/product\/1625","targetHints":{"allow":["GET"]}}],"collection":[{"href":"https:\/\/haisicstorage.com\/fr\/wp-json\/wp\/v2\/product"}],"about":[{"href":"https:\/\/haisicstorage.com\/fr\/wp-json\/wp\/v2\/types\/product"}],"version-history":[{"count":4,"href":"https:\/\/haisicstorage.com\/fr\/wp-json\/wp\/v2\/product\/1625\/revisions"}],"predecessor-version":[{"id":3519,"href":"https:\/\/haisicstorage.com\/fr\/wp-json\/wp\/v2\/product\/1625\/revisions\/3519"}],"wp:featuredmedia":[{"embeddable":true,"href":"https:\/\/haisicstorage.com\/fr\/wp-json\/wp\/v2\/media\/1626"}],"wp:attachment":[{"href":"https:\/\/haisicstorage.com\/fr\/wp-json\/wp\/v2\/media?parent=1625"}],"wp:term":[{"taxonomy":"product_brand","embeddable":true,"href":"https:\/\/haisicstorage.com\/fr\/wp-json\/wp\/v2\/product_brand?post=1625"},{"taxonomy":"product_cat","embeddable":true,"href":"https:\/\/haisicstorage.com\/fr\/wp-json\/wp\/v2\/product_cat?post=1625"},{"taxonomy":"product_tag","embeddable":true,"href":"https:\/\/haisicstorage.com\/fr\/wp-json\/wp\/v2\/product_tag?post=1625"}],"curies":[{"name":"wp","href":"https:\/\/api.w.org\/{rel}","templated":true}]}}