{"id":1620,"date":"2025-12-03T02:36:59","date_gmt":"2025-12-03T02:36:59","guid":{"rendered":"https:\/\/haisicstorage.com\/?post_type=product&#038;p=1620"},"modified":"2026-02-27T07:38:58","modified_gmt":"2026-02-27T07:38:58","slug":"10kw-off-grid-solar-power-system","status":"publish","type":"product","link":"https:\/\/haisicstorage.com\/fr\/10kw-off-grid-solar-power-system\/","title":{"rendered":"Syst\u00e8me d'\u00e9nergie solaire hors r\u00e9seau de 10 kW"},"content":{"rendered":"<p>Syst\u00e8me complet de panneaux solaires de 10 kW avec onduleur hors r\u00e9seau<\/p>\n<p>&nbsp;<\/p>\n<p>Syst\u00e8me de panneaux solaires complet facile \u00e0 installer<br \/>\nVous recherchez un syst\u00e8me de panneaux solaires facile \u00e0 installer pouvant fournir de l'\u00e9nergie pour votre maison ou votre entreprise ?<br \/>\nNe cherchez pas plus loin que notre syst\u00e8me solaire hors r\u00e9seau de 10 kW.<br \/>\nNotre syst\u00e8me complet de panneaux solaires comprend tout ce dont vous avez besoin pour une installation au sol,<br \/>\ny compris un syst\u00e8me de montage inclinable pour panneaux solaires au sol et un syst\u00e8me de montage BIPV pour une utilisation maximale.<br \/>\nAvec le design plug-and-play, vous serez op\u00e9rationnel en un rien de temps, pr\u00eat \u00e0 commencer \u00e0 produire votre propre \u00e9nergie propre et renouvelable.<\/p>\n<table border=\"1\">\n<tbody>\n<tr>\n<td colspan=\"2\">Param\u00e8tre de base de la batterie<\/td>\n<\/tr>\n<tr>\n<td>Tension nominale (V)<\/td>\n<td>51.2<\/td>\n<\/tr>\n<tr>\n<td>Capacit\u00e9 nominale (Ah)<\/td>\n<td>200<\/td>\n<\/tr>\n<tr>\n<td>\u00c9nergie nominale (Wh)<\/td>\n<td>10240<\/td>\n<\/tr>\n<tr>\n<td colspan=\"2\">Param\u00e8tre de fonctionnement<\/td>\n<\/tr>\n<tr>\n<td>Plage de tension (V)<\/td>\n<td>44.8-56<\/td>\n<\/tr>\n<tr>\n<td>Plage de tension de charge (V)<\/td>\n<td>55.2-56<\/td>\n<\/tr>\n<tr>\n<td>Tension de coupure (V)<\/td>\n<td>44.8<\/td>\n<\/tr>\n<tr>\n<td>Courant de charge recommand\u00e9 (A)<\/td>\n<td>100<\/td>\n<\/tr>\n<tr>\n<td>Courant de charge maximal (A)<\/td>\n<td>200<\/td>\n<\/tr>\n<tr>\n<td>Courant de d\u00e9charge maximal (A)<\/td>\n<td>200<\/td>\n<\/tr>\n<tr>\n<td colspan=\"2\">Param\u00e8tre physique<\/td>\n<\/tr>\n<tr>\n<td>Dimension : L x l (mm)<\/td>\n<td>457*163*760<\/td>\n<\/tr>\n<tr>\n<td>Poids (kg)<\/td>\n<td>70<\/td>\n<\/tr>\n<tr>\n<td>Port de communication<\/td>\n<td>RS485, CAN<\/td>\n<\/tr>\n<tr>\n<td>Affichage<\/td>\n<td>LED+LCD<\/td>\n<\/tr>\n<tr>\n<td>Borniquet<\/td>\n<td>Enfichable<\/td>\n<\/tr>\n<tr>\n<td>Inverseur compatible<\/td>\n<td>Growatt, Goodwe, Sol-Ark, SRNE, DEYE<\/td>\n<\/tr>\n<tr>\n<td colspan=\"2\">Param\u00e8tre environnemental<\/td>\n<\/tr>\n<tr>\n<td>Humidit\u00e9 (%)<\/td>\n<td>RH 5-95%<\/td>\n<\/tr>\n<tr>\n<td>Plage de temp\u00e9rature de charge (\u2103)<\/td>\n<td>0-45<\/td>\n<\/tr>\n<tr>\n<td>Plage de temp\u00e9rature de d\u00e9charge (\u2103)<\/td>\n<td>-20-60<\/td>\n<\/tr>\n<tr>\n<td>Plage de temp\u00e9rature de stockage (\u2103)<\/td>\n<td>-20-45<\/td>\n<\/tr>\n<tr>\n<td colspan=\"2\">Dur\u00e9e de vie<\/td>\n<\/tr>\n<tr>\n<td>Dur\u00e9e de vie en cycle<\/td>\n<td>&gt;6000 (0,5C@ 25C, 80% DOD)<\/td>\n<\/tr>\n<tr>\n<td>Dur\u00e9e de vie (Ann\u00e9e)<\/td>\n<td>15<\/td>\n<\/tr>\n<tr>\n<td colspan=\"2\">Certification<\/td>\n<\/tr>\n<tr>\n<td>S\u00e9curit\u00e9 &amp; Certification<\/td>\n<td>CE, EMC, TUV (IEC62619), UL1973<\/td>\n<\/tr>\n<tr>\n<td>Transport<\/td>\n<td>UN38.3<\/td>\n<\/tr>\n<\/tbody>\n<\/table>\n<p>Composants de haute qualit\u00e9<br \/>\nNotre syst\u00e8me d'alimentation solaire est fabriqu\u00e9 avec des composants de premier ordre, y compris un contr\u00f4leur MPPT et des panneaux solaires en silicium monocristallin \u00e0 haute efficacit\u00e9.<br \/>\nLa batterie lithium-ion a une capacit\u00e9 nominale de 200Ah et peut stocker jusqu'\u00e0 10KWh d'\u00e9nergie, fournissant une alimentation fiable pour votre maison ou votre entreprise.<br \/>\nNotre syst\u00e8me d'\u00e9nergie solaire est \u00e9galement \u00e9quip\u00e9 d'une onde de tension de sortie en sinus pur, garantissant une alimentation \u00e9lectrique stable et fiable.<\/p>\n<table border=\"1\">\n<tbody>\n<tr>\n<td colspan=\"2\">Param\u00e8tre de l'onduleur solaire<\/td>\n<\/tr>\n<tr>\n<td colspan=\"2\">\n<div>Entr\u00e9e (PV)<\/div>\n<\/td>\n<\/tr>\n<tr>\n<td>\n<div>Puissance max. (kW)<\/div>\n<\/td>\n<td>12<\/td>\n<\/tr>\n<tr>\n<td>\n<div>Tension DC max. (V)<\/div>\n<\/td>\n<td>500<\/td>\n<\/tr>\n<tr>\n<td>\n<div>Plage de tension MPPT ()<\/div>\n<\/td>\n<td>120-500<\/td>\n<\/tr>\n<tr>\n<td>Courant d'entr\u00e9e max. du MPPT unique (A)<\/td>\n<td>12<\/td>\n<\/tr>\n<tr>\n<td>Courant de court-circuit max. (A)<\/td>\n<td>15<\/td>\n<\/tr>\n<tr>\n<td colspan=\"2\">Sortie AC<\/td>\n<\/tr>\n<tr>\n<td>Puissance de sortie nominale (kVA)<\/td>\n<td>8<\/td>\n<\/tr>\n<tr>\n<td>Puissance de sortie max. (kVA)<\/td>\n<td>8.8<\/td>\n<\/tr>\n<tr>\n<td>Tension de sortie AC (V)<\/td>\n<td>220,230,240<\/td>\n<\/tr>\n<tr>\n<td>Fr\u00e9quence (Hz)<\/td>\n<td>50\/60 (45 \u2013 55,55 \u2013 65)<\/td>\n<\/tr>\n<tr>\n<td>PF<\/td>\n<td>0,8 en retard - 0,8 en avance<\/td>\n<\/tr>\n<tr>\n<td>THDi<\/td>\n<td>&lt; 2%<\/td>\n<\/tr>\n<tr>\n<td>Courant de sortie max. (A)<\/td>\n<td>38.3<\/td>\n<\/tr>\n<tr>\n<td colspan=\"2\">Batterie<\/td>\n<\/tr>\n<tr>\n<td>Tension nominale (V)<\/td>\n<td>48<\/td>\n<\/tr>\n<tr>\n<td>Plage de tension de la batterie (V)<\/td>\n<td>40~60<\/td>\n<\/tr>\n<tr>\n<td>Courant de charge\/d\u00e9charge max. (A)<\/td>\n<td>190\/190<\/td>\n<\/tr>\n<tr>\n<td>Type de batterie<\/td>\n<td>lithium \/Plomb-acide<\/td>\n<\/tr>\n<tr>\n<td>Strat\u00e9gie de charge pour batterie Li-ion<\/td>\n<td>Auto-adaptation au BMS<\/td>\n<\/tr>\n<tr>\n<td colspan=\"2\">Sortie EPS<\/td>\n<\/tr>\n<tr>\n<td>Puissance nominale (kVA)<\/td>\n<td>8<\/td>\n<\/tr>\n<tr>\n<td>Tension de sortie nominale (V)<\/td>\n<td><\/td>\n<\/tr>\n<tr>\n<td>Fr\u00e9quence nominale (Hz)<\/td>\n<td><\/td>\n<\/tr>\n<tr>\n<td>THDu<\/td>\n<td><\/td>\n<\/tr>\n<tr>\n<td colspan=\"2\">Protection<\/td>\n<\/tr>\n<tr>\n<td>D\u00e9tection de mise \u00e0 la terre<\/td>\n<td>OUI<\/td>\n<\/tr>\n<tr>\n<td>Protection contre les d\u00e9fauts d'arc<\/td>\n<td>optionnel<\/td>\n<\/tr>\n<tr>\n<td>Protection contre les \u00eelots<\/td>\n<td>OUI<\/td>\n<\/tr>\n<tr>\n<td>Polarisations invers\u00e9es de la batterie<\/td>\n<td>OUI<\/td>\n<\/tr>\n<tr>\n<td>D\u00e9tection de r\u00e9sistance d'isolation<\/td>\n<td>OUI<\/td>\n<\/tr>\n<tr>\n<td>Unit\u00e9 de surveillance du courant r\u00e9siduel<\/td>\n<td>OUI<\/td>\n<\/tr>\n<tr>\n<td>Protection contre les surintensit\u00e9s en sortie<\/td>\n<td>OUI<\/td>\n<\/tr>\n<tr>\n<td>Protection contre les courts-circuits en sortie de secours<\/td>\n<td>OUI<\/td>\n<\/tr>\n<tr>\n<td>D\u00e9tection de la temp\u00e9rature du terminal<\/td>\n<td>OUI<\/td>\n<\/tr>\n<tr>\n<td>Protection contre la surtension\/sous-tension en sortie<\/td>\n<td>OUI<\/td>\n<\/tr>\n<tr>\n<td colspan=\"2\">Donn\u00e9es g\u00e9n\u00e9rales<\/td>\n<\/tr>\n<tr>\n<td>Efficacit\u00e9 Europe (PV)<\/td>\n<td>97.8%<\/td>\n<\/tr>\n<tr>\n<td>Efficacit\u00e9 maximale de la batterie \u00e0 la charge<\/td>\n<td>97.2%<\/td>\n<\/tr>\n<tr>\n<td>Protection contre l'intrusion<\/td>\n<td>IP65<\/td>\n<\/tr>\n<tr>\n<td>\u00c9mission de bruit (dB)<\/td>\n<td>&lt;38<\/td>\n<\/tr>\n<tr>\n<td>Temp\u00e9rature de fonctionnement<\/td>\n<td>-25C-60%C<\/td>\n<\/tr>\n<tr>\n<td>Refroidissement<\/td>\n<td>Refroidissement par ventilateur<\/td>\n<\/tr>\n<tr>\n<td>Humidit\u00e9 relative<\/td>\n<td>0 -95% (non condensant)<\/td>\n<\/tr>\n<tr>\n<td>Dimensions L P*H (mm)<\/td>\n<td>430*220*710<\/td>\n<\/tr>\n<tr>\n<td>Poids(kg)<\/td>\n<td>41<\/td>\n<\/tr>\n<tr>\n<td>Communication avec BMS\/compteur\/EMS<\/td>\n<td>RS485, CAN<\/td>\n<\/tr>\n<tr>\n<td>Affichage<\/td>\n<td>\u00c9cran LCD, panneau tactile (optionnel)<\/td>\n<\/tr>\n<tr>\n<td>Interface de communication<\/td>\n<td>RS485, WLAN, 4G (optionnel)<\/td>\n<\/tr>\n<tr>\n<td>Autoconsommation la nuit<\/td>\n<td>&lt; 2,5 W (avec batterie activ\u00e9e &lt; 5 W)<\/td>\n<\/tr>\n<tr>\n<td>Certificats<\/td>\n<td>NRS d'Afrique du Sud, IEC 62109-1\/-2, IEC 61000-6-1.<br \/>\nIEC 61000-6-3<\/td>\n<\/tr>\n<\/tbody>\n<\/table>\n<p>Conception de projet avant-vente et garantie de 5 ans<br \/>\nNotre \u00e9quipe d'experts fournit des services de conception de projet avant-vente pour garantir que le syst\u00e8me solaire est parfaitement adapt\u00e9 \u00e0 vos besoins sp\u00e9cifiques.<br \/>\nAvec notre garantie compl\u00e8te de 5 ans, vous pouvez faire confiance \u00e0 nos produits pour une performance fiable pendant des ann\u00e9es.<br \/>\nLieu d'origine : Guangdong, Chine<\/p>\n<p>Vous cherchez un syst\u00e8me d'alimentation par panneau solaire fiable et facile \u00e0 installer ?<br \/>\nNotre syst\u00e8me complet de panneaux solaires 10 kW hors r\u00e9seau avec onduleur hors r\u00e9seau est la solution parfaite pour votre maison ou votre entreprise.<br \/>\nNotre syst\u00e8me de montage au sol avec inclinaison et notre syst\u00e8me de montage BIPV facilitent l'installation, tandis que nos composants de haute qualit\u00e9,<br \/>\ny compris un contr\u00f4leur MPPT et des panneaux solaires en silicium monocristallin, garantissent une performance fiable. Avec notre forme d'onde de tension de sortie en sinus pur,<br \/>\nvous pouvez profiter d'une alimentation \u00e9lectrique stable et fiable. Nos services de conception de projets avant-vente et notre garantie de 5 ans garantissent votre satisfaction.<br \/>\nChoisissez Haisic et commencez \u00e0 produire votre propre \u00e9nergie propre et renouvelable d\u00e8s aujourd'hui !<\/p>","protected":false},"excerpt":{"rendered":"<p>\u203b L'ensemble du syst\u00e8me comprend une batterie murale de 10 kWh, un onduleur hybride de 8 kVa, des panneaux solaires de 425W, des supports de montage et des accessoires de connexion<br \/>\n\u203b Fournir des services de guidance \u00e0 distance et des services de conception de syst\u00e8me selon vos besoins<br \/>\n\u203b Le syst\u00e8me entier est simple et facile \u00e0 installer<br \/>\n\u203b Garantie de 5 ans<\/p>","protected":false},"featured_media":1629,"template":"","meta":{"site-sidebar-layout":"default","site-content-layout":"","ast-site-content-layout":"default","site-content-style":"default","site-sidebar-style":"default","ast-global-header-display":"","ast-banner-title-visibility":"","ast-main-header-display":"","ast-hfb-above-header-display":"","ast-hfb-below-header-display":"","ast-hfb-mobile-header-display":"","site-post-title":"","ast-breadcrumbs-content":"","ast-featured-img":"","footer-sml-layout":"","ast-disable-related-posts":"","theme-transparent-header-meta":"default","adv-header-id-meta":"","stick-header-meta":"default","header-above-stick-meta":"","header-main-stick-meta":"","header-below-stick-meta":"","astra-migrate-meta-layouts":"set","ast-page-background-enabled":"default","ast-page-background-meta":{"desktop":{"background-color":"var(--ast-global-color-4)","background-image":"","background-repeat":"repeat","background-position":"center center","background-size":"auto","background-attachment":"scroll","background-type":"","background-media":"","overlay-type":"","overlay-color":"","overlay-opacity":"","overlay-gradient":""},"tablet":{"background-color":"","background-image":"","background-repeat":"repeat","background-position":"center center","background-size":"auto","background-attachment":"scroll","background-type":"","background-media":"","overlay-type":"","overlay-color":"","overlay-opacity":"","overlay-gradient":""},"mobile":{"background-color":"","background-image":"","background-repeat":"repeat","background-position":"center center","background-size":"auto","background-attachment":"scroll","background-type":"","background-media":"","overlay-type":"","overlay-color":"","overlay-opacity":"","overlay-gradient":""}},"ast-content-background-meta":{"desktop":{"background-color":"var(--ast-global-color-5)","background-image":"","background-repeat":"repeat","background-position":"center center","background-size":"auto","background-attachment":"scroll","background-type":"","background-media":"","overlay-type":"","overlay-color":"","overlay-opacity":"","overlay-gradient":""},"tablet":{"background-color":"var(--ast-global-color-5)","background-image":"","background-repeat":"repeat","background-position":"center center","background-size":"auto","background-attachment":"scroll","background-type":"","background-media":"","overlay-type":"","overlay-color":"","overlay-opacity":"","overlay-gradient":""},"mobile":{"background-color":"var(--ast-global-color-5)","background-image":"","background-repeat":"repeat","background-position":"center center","background-size":"auto","background-attachment":"scroll","background-type":"","background-media":"","overlay-type":"","overlay-color":"","overlay-opacity":"","overlay-gradient":""}}},"product_brand":[],"product_cat":[47,56,50],"product_tag":[],"class_list":{"0":"post-1620","1":"product","2":"type-product","3":"status-publish","4":"has-post-thumbnail","6":"product_cat-residetial-ess","7":"product_cat-energy-storage-battery-system","8":"product_cat-floor-standing-ess","9":"desktop-align-left","10":"tablet-align-left","11":"mobile-align-left","12":"ast-product-gallery-layout-horizontal-slider","13":"ast-product-tabs-layout-horizontal","15":"first","16":"instock","17":"shipping-taxable","18":"purchasable","19":"product-type-simple"},"_links":{"self":[{"href":"https:\/\/haisicstorage.com\/fr\/wp-json\/wp\/v2\/product\/1620","targetHints":{"allow":["GET"]}}],"collection":[{"href":"https:\/\/haisicstorage.com\/fr\/wp-json\/wp\/v2\/product"}],"about":[{"href":"https:\/\/haisicstorage.com\/fr\/wp-json\/wp\/v2\/types\/product"}],"version-history":[{"count":3,"href":"https:\/\/haisicstorage.com\/fr\/wp-json\/wp\/v2\/product\/1620\/revisions"}],"predecessor-version":[{"id":3517,"href":"https:\/\/haisicstorage.com\/fr\/wp-json\/wp\/v2\/product\/1620\/revisions\/3517"}],"wp:featuredmedia":[{"embeddable":true,"href":"https:\/\/haisicstorage.com\/fr\/wp-json\/wp\/v2\/media\/1629"}],"wp:attachment":[{"href":"https:\/\/haisicstorage.com\/fr\/wp-json\/wp\/v2\/media?parent=1620"}],"wp:term":[{"taxonomy":"product_brand","embeddable":true,"href":"https:\/\/haisicstorage.com\/fr\/wp-json\/wp\/v2\/product_brand?post=1620"},{"taxonomy":"product_cat","embeddable":true,"href":"https:\/\/haisicstorage.com\/fr\/wp-json\/wp\/v2\/product_cat?post=1620"},{"taxonomy":"product_tag","embeddable":true,"href":"https:\/\/haisicstorage.com\/fr\/wp-json\/wp\/v2\/product_tag?post=1620"}],"curies":[{"name":"wp","href":"https:\/\/api.w.org\/{rel}","templated":true}]}}