{"id":1616,"date":"2025-12-03T02:28:58","date_gmt":"2025-12-03T02:28:58","guid":{"rendered":"https:\/\/haisicstorage.com\/?post_type=product&#038;p=1616"},"modified":"2026-02-27T07:38:39","modified_gmt":"2026-02-27T07:38:39","slug":"low-volt-51-2v-3-5kwh-powerwall","status":"publish","type":"product","link":"https:\/\/haisicstorage.com\/fr\/low-volt-51-2v-3-5kwh-powerwall\/","title":{"rendered":"Powerwall basse tension 51,2V 3,5KWH"},"content":{"rendered":"<div class=\"row\">\n<div class=\"col-md-12 col-sm-12\">\n<div class=\"product-tabs\">\n<div class=\"tab-content\">\n<div id=\"tab-desc\" class=\"tab-pane active\" role=\"tabpanel\">\n<div class=\"product-tab-desc\">\n<table class=\"woocommerce-product-attributes shop_attributes\" aria-label=\"D\u00e9tails du Produit\">\n<tbody>\n<tr class=\"woocommerce-product-attributes-item woocommerce-product-attributes-item--attribute_rated-energy\">\n<th class=\"woocommerce-product-attributes-item__label\" scope=\"row\">\u00c9nergie nominale<\/th>\n<td class=\"woocommerce-product-attributes-item__value\">3584Wh<\/td>\n<\/tr>\n<tr class=\"woocommerce-product-attributes-item woocommerce-product-attributes-item--attribute_rated-capacity\">\n<th class=\"woocommerce-product-attributes-item__label\" scope=\"row\">Capacit\u00e9 nominale<\/th>\n<td class=\"woocommerce-product-attributes-item__value\">70Ah<\/td>\n<\/tr>\n<tr class=\"woocommerce-product-attributes-item woocommerce-product-attributes-item--attribute_rated-voltage\">\n<th class=\"woocommerce-product-attributes-item__label\" scope=\"row\">Tension nominale<\/th>\n<td class=\"woocommerce-product-attributes-item__value\">51,2 V<\/td>\n<\/tr>\n<tr class=\"woocommerce-product-attributes-item woocommerce-product-attributes-item--attribute_voltage-range\">\n<th class=\"woocommerce-product-attributes-item__label\" scope=\"row\">Plage de tension<\/th>\n<td class=\"woocommerce-product-attributes-item__value\">44,8-56V<\/td>\n<\/tr>\n<tr class=\"woocommerce-product-attributes-item woocommerce-product-attributes-item--attribute_charge-voltage-range\">\n<th class=\"woocommerce-product-attributes-item__label\" scope=\"row\">Plage de tension de charge<\/th>\n<td class=\"woocommerce-product-attributes-item__value\">55,2-56V<\/td>\n<\/tr>\n<tr class=\"woocommerce-product-attributes-item woocommerce-product-attributes-item--attribute_cut-off-voltage\">\n<th class=\"woocommerce-product-attributes-item__label\" scope=\"row\">Tension de coupure<\/th>\n<td class=\"woocommerce-product-attributes-item__value\">44,8V<\/td>\n<\/tr>\n<tr class=\"woocommerce-product-attributes-item woocommerce-product-attributes-item--attribute_recommend-charge-current\">\n<th class=\"woocommerce-product-attributes-item__label\" scope=\"row\">Courant de charge recommand\u00e9<\/th>\n<td class=\"woocommerce-product-attributes-item__value\">30A<\/td>\n<\/tr>\n<tr class=\"woocommerce-product-attributes-item woocommerce-product-attributes-item--attribute_max-discharge-current\">\n<th class=\"woocommerce-product-attributes-item__label\" scope=\"row\">Courant de d\u00e9charge maximal<\/th>\n<td class=\"woocommerce-product-attributes-item__value\">60A<\/td>\n<\/tr>\n<tr class=\"woocommerce-product-attributes-item woocommerce-product-attributes-item--attribute_max-charge-current\">\n<th class=\"woocommerce-product-attributes-item__label\" scope=\"row\">Courant de charge maximal<\/th>\n<td class=\"woocommerce-product-attributes-item__value\">60A<\/td>\n<\/tr>\n<\/tbody>\n<\/table>\n<p><strong>Qu'est-ce qu'un Powerwall ?<\/strong><\/p>\n<p><a href=\"https:\/\/www.haisicbattery.com\/products\/solar-energy-storage-system\/low-volt-51-2v-5-1kwh-powerwall-residential-energy-storage-system\" target=\"_blank\" rel=\"noopener\">Powerwall<\/a>\u00a0est un syst\u00e8me de batterie int\u00e9gr\u00e9 qui stocke votre \u00e9nergie solaire pour une protection de secours, afin que lorsque le r\u00e9seau tombe en panne, votre alimentation reste active. Votre syst\u00e8me d\u00e9tecte les coupures et se recharge automatiquement avec la lumi\u00e8re du soleil pour faire fonctionner vos appareils pendant des jours.<\/p>\n<p>Chaque achat solaire inclut Powerwall, une batterie domestique compacte qui r\u00e9duit votre d\u00e9pendance au r\u00e9seau en stockant votre \u00e9nergie solaire pour une utilisation lorsque le soleil ne brille pas.<\/p>\n<p>Facile \u00e0 installer et dot\u00e9 d'un design minimaliste, Powerwall compl\u00e8te une vari\u00e9t\u00e9 de styles de maison et\u00a0<a href=\"https:\/\/www.haisicbattery.com\/products\/solar-energy-storage-system\" target=\"_blank\" rel=\"noopener\">syst\u00e8mes solaires<\/a>. La construction compacte tout-en-un offre des options de montage polyvalentes pour les espaces int\u00e9rieurs ou ext\u00e9rieurs.<\/p>\n<p>&nbsp;<\/p>\n<p><strong>Pourquoi avons-nous besoin d'un syst\u00e8me de stockage d'\u00e9nergie ?<\/strong><\/p>\n<p>&nbsp;<\/p>\n<p>Le stockage d'\u00e9nergie est l'une des meilleures solutions pour r\u00e9duire les co\u00fbts d'\u00e9lectricit\u00e9 sans d\u00e9penses importantes en infrastructure. Il transforme la fa\u00e7on dont les propri\u00e9taires, les entreprises et les services publics utilisent l'\u00e9nergie.<\/p>\n<p>Nous sommes convaincus qu'un syst\u00e8me de stockage d'\u00e9nergie est \u00e9galement un investissement judicieux qui peut r\u00e9duire efficacement le co\u00fbt de l'\u00e9lectricit\u00e9, surtout lorsque vous faites face \u00e0 une pression financi\u00e8re caus\u00e9e par une contingence ou une force majeure comme une pand\u00e9mie ou un incendie de for\u00eat.<\/p>\n<p>&nbsp;<\/p>\n<p>Acc\u00e9dez \u00e0 l'ind\u00e9pendance \u00e9nerg\u00e9tique et assurez l'approvisionnement en \u00e9lectricit\u00e9 m\u00eame lorsque le r\u00e9seau \u00e9choue en raison d'accidents.<\/p>\n<p>&nbsp;<\/p>\n<p>\u2013 R\u00e9duction de l'empreinte \u00e9cologique en stockant des \u00e9nergies renouvelables telles que l'\u00e9nergie solaire.<\/p>\n<p>\u2013 Vivez une vie \u00e9cologique en toute s\u00e9curit\u00e9 en utilisant une batterie LiFePO4 et totalement sans cobalt.<\/p>\n<p>\u2013 En stockant le surplus de production PV dans une unit\u00e9 de stockage par batterie, vous pouvez maximiser l'autoconsommation et r\u00e9duire votre facture d'\u00e9lectricit\u00e9.<\/p>\n<p>\u2013 R\u00e9duisez votre facture d'\u00e9lectricit\u00e9 en stockant l'\u00e9lectricit\u00e9 pendant les heures creuses et en d\u00e9calant la consommation aux heures de pointe.<\/p>\n<p>\u2013 Vendre l'exc\u00e8s d'\u00e9nergie renouvelable au r\u00e9seau ou directement \u00e0 d'autres utilisateurs dans la microgrid.<\/p>\n<p>&nbsp;<\/p>\n<p><strong>Param\u00e8tres Powerwall<\/strong><\/p>\n<table border=\"0\" cellspacing=\"0\" cellpadding=\"0\">\n<colgroup>\n<col \/>\n<col \/><\/colgroup>\n<tbody>\n<tr>\n<td>Mod\u00e8le<\/td>\n<td>HS-BG3000W<\/td>\n<\/tr>\n<tr>\n<td>Tension nominale\uff08V\uff09<\/td>\n<td>51.2<\/td>\n<\/tr>\n<tr>\n<td>Capacit\u00e9 nominale\uff08Ah\uff09<\/td>\n<td>70<\/td>\n<\/tr>\n<tr>\n<td>\u00c9nergie nominale\uff08Wh\uff09<\/td>\n<td>3584<\/td>\n<\/tr>\n<tr>\n<td>Plage de tension\uff08V\uff09<\/td>\n<td>44.8-56<\/td>\n<\/tr>\n<tr>\n<td>Plage de tension de charge\uff08V\uff09<\/td>\n<td>55.2-56<\/td>\n<\/tr>\n<tr>\n<td>Tension de coupure\uff08V\uff09<\/td>\n<td>44.8<\/td>\n<\/tr>\n<tr>\n<td>Courant de charge recommand\u00e9\uff08A\uff09<\/td>\n<td>30<\/td>\n<\/tr>\n<tr>\n<td>Courant de charge maximal\uff08A\uff09<\/td>\n<td>60<\/td>\n<\/tr>\n<tr>\n<td>Courant de d\u00e9charge maximal\uff08A\uff09<\/td>\n<td>60<\/td>\n<\/tr>\n<tr>\n<td>Dimensions : L*W*H\uff08mm\uff09<\/td>\n<td>374*138*530<\/td>\n<\/tr>\n<tr>\n<td>Poids\uff08kg\uff09<\/td>\n<td>32<\/td>\n<\/tr>\n<tr>\n<td>Port de communication<\/td>\n<td>RS485, CAN<\/td>\n<\/tr>\n<tr>\n<td>Affichage<\/td>\n<td>LED+LCD<\/td>\n<\/tr>\n<tr>\n<td>Borniquet<\/td>\n<td>Enfichable<\/td>\n<\/tr>\n<tr>\n<td>Inverseur compatible<\/td>\n<td>Growatt, Goodwe, Sol-Ark, SRNE, DEYE<\/td>\n<\/tr>\n<tr>\n<td>Humidit\u00e9\uff08%\uff09<\/td>\n<td>RH 5-95%<\/td>\n<\/tr>\n<tr>\n<td>Plage de temp\u00e9rature de charge\uff08\u2103\uff09<\/td>\n<td>0-45<\/td>\n<\/tr>\n<tr>\n<td>Plage de temp\u00e9rature de d\u00e9charge\uff08\u2103\uff09<\/td>\n<td>-20-60<\/td>\n<\/tr>\n<tr>\n<td>Plage de temp\u00e9rature de stockage (\u2103)<\/td>\n<td>-20-45<\/td>\n<\/tr>\n<tr>\n<td>Dur\u00e9e de vie en cycle<\/td>\n<td>\uff1e6000 \uff080,5C@ 25\u2103\uff0c80% DOD\uff09<\/td>\n<\/tr>\n<tr>\n<td>Dur\u00e9e de vie (Ann\u00e9e)<\/td>\n<td>15<\/td>\n<\/tr>\n<tr>\n<td>S\u00e9curit\u00e9 &amp; Certification<\/td>\n<td>CE, EMC, TUV (IEC62619), UL1973<\/td>\n<\/tr>\n<tr>\n<td>Transport<\/td>\n<td>UN38.3<\/td>\n<\/tr>\n<\/tbody>\n<\/table>\n<p>&nbsp;<\/p>\n<p><strong>Param\u00e8tres de l'onduleur<\/strong><\/p>\n<table border=\"0\" cellspacing=\"0\" cellpadding=\"0\">\n<colgroup>\n<col \/>\n<col \/><\/colgroup>\n<tbody>\n<tr>\n<td>Mod\u00e8le<\/td>\n<td>HF4830S60-145<\/td>\n<\/tr>\n<tr>\n<td colspan=\"2\">Mode AC<\/td>\n<\/tr>\n<tr>\n<td>Tension d'entr\u00e9e nominale<\/td>\n<td>220\/230Vac<\/td>\n<\/tr>\n<tr>\n<td>Plage de tension d'entr\u00e9e<\/td>\n<td>(170Vac~280Vac) \u00b12%\/(90Vac-280Vac)\u00b12%<\/td>\n<\/tr>\n<tr>\n<td>Fr\u00e9quence<\/td>\n<td>50Hz\/ 60Hz (d\u00e9tection automatique)<\/td>\n<\/tr>\n<tr>\n<td>Plage de fr\u00e9quence<\/td>\n<td>47\u00b10,3Hz ~ 55\u00b10,3Hz (50Hz)\/57\u00b10,3Hz ~ 65\u00b10,3Hz (60Hz);<\/td>\n<\/tr>\n<tr>\n<td>Protection contre la surcharge \/ court-circuit<\/td>\n<td>Disjoncteur<\/td>\n<\/tr>\n<tr>\n<td>Efficacit\u00e9<\/td>\n<td>&gt;95%<\/td>\n<\/tr>\n<tr>\n<td>Temps de conversion (bypass et onduleur)<\/td>\n<td>10ms (typique)<\/td>\n<\/tr>\n<tr>\n<td>Protection contre la polarit\u00e9 inverse AC<\/td>\n<td>Disponible<\/td>\n<\/tr>\n<tr>\n<td>Courant de surcharge maximum en bypass<\/td>\n<td>30A<\/td>\n<\/tr>\n<tr>\n<td colspan=\"2\">Mode onduleur<\/td>\n<\/tr>\n<tr>\n<td>Forme d'onde de tension de sortie<\/td>\n<td>onde sinuso\u00efdale pure<\/td>\n<\/tr>\n<tr>\n<td>Puissance de sortie nominale (VA)<\/td>\n<td>3300<\/td>\n<\/tr>\n<tr>\n<td>Puissance de sortie nominale (W)<\/td>\n<td>3300<\/td>\n<\/tr>\n<tr>\n<td>Facteur de puissance<\/td>\n<td>1<\/td>\n<\/tr>\n<tr>\n<td>Tension de sortie nominale (Vac)<\/td>\n<td>230Vac<\/td>\n<\/tr>\n<tr>\n<td>Erreur de tension de sortie<\/td>\n<td>\u00b15%<\/td>\n<\/tr>\n<tr>\n<td>Plage de fr\u00e9quence de sortie (Hz)<\/td>\n<td>50Hz \u00b1 0,3Hz\/60Hz \u00b1 0,3Hz<\/td>\n<\/tr>\n<tr>\n<td>Efficacit\u00e9 maximale<\/td>\n<td>&gt;92%<\/td>\n<\/tr>\n<tr>\n<td>Protection contre la surcharge<\/td>\n<td>(110% &lt; charge &lt;125%) \u00b110% : signaler l&#039;erreur et couper la sortie apr\u00e8s 5 minutes ; (125% &lt; charge 150% \u00b110% : signaler l'erreur et couper la sortie apr\u00e8s 5 secondes ;<\/td>\n<\/tr>\n<tr>\n<td>Puissance de pointe<\/td>\n<td>6000VA<\/td>\n<\/tr>\n<tr>\n<td>Capacit\u00e9 du moteur charg\u00e9<\/td>\n<td>2CV<\/td>\n<\/tr>\n<tr>\n<td>Protection contre le court-circuit de sortie<\/td>\n<td>Disjoncteur<\/td>\n<\/tr>\n<tr>\n<td>Sp\u00e9cifications du disjoncteur de d\u00e9rivation<\/td>\n<td>30A<\/td>\n<\/tr>\n<tr>\n<td>Tension d'entr\u00e9e de la batterie nominale<\/td>\n<td>48V (Tension de d\u00e9marrage minimale 44V)<\/td>\n<\/tr>\n<tr>\n<td>Plage de tension de la batterie<\/td>\n<td>Alarme\/tension de coupure en cas de sous-tension\/alarme de surtension \/ r\u00e9cup\u00e9ration de surtension\u2026 r\u00e9glable sur l'\u00e9cran LCD)<\/td>\n<\/tr>\n<tr>\n<td>Mode \u00e9conomie d'\u00e9nergie<\/td>\n<td>Charge \u226450W<\/td>\n<\/tr>\n<tr>\n<td colspan=\"2\">Charge AC<\/td>\n<\/tr>\n<tr>\n<td>Type de batterie<\/td>\n<td>Batterie au plomb ou lithium<\/td>\n<\/tr>\n<tr>\n<td>Courant de charge maximum<\/td>\n<td>60A<\/td>\n<\/tr>\n<tr>\n<td>Plage de tension de charge<\/td>\n<td>40 \u201358Vdc<\/td>\n<\/tr>\n<tr>\n<td>Protection contre les courts-circuits<\/td>\n<td>Disjoncteur et fusible grill\u00e9<\/td>\n<\/tr>\n<tr>\n<td>Sp\u00e9cifications du disjoncteur<\/td>\n<td>30A<\/td>\n<\/tr>\n<tr>\n<td>Protection contre la surcharge<\/td>\n<td>Alarme et arr\u00eat de la charge apr\u00e8s 1 minute<\/td>\n<\/tr>\n<tr>\n<td colspan=\"2\">Charge PV<\/td>\n<\/tr>\n<tr>\n<td>Tension de circuit ouvert PV maximale<\/td>\n<td>145Vdc<\/td>\n<\/tr>\n<tr>\n<td>Plage de tension de fonctionnement PV<\/td>\n<td>60-145Vdc<\/td>\n<\/tr>\n<tr>\n<td>Plage de tension MPPT<\/td>\n<td>60-115Vdc<\/td>\n<\/tr>\n<tr>\n<td>Plage de tension de la batterie<\/td>\n<td>40-60Vdc<\/td>\n<\/tr>\n<tr>\n<td>Puissance d'entr\u00e9e maximale<\/td>\n<td>4800 W<\/td>\n<\/tr>\n<tr>\n<td>Plage de courant de charge PV (peut \u00eatre r\u00e9gl\u00e9e)<\/td>\n<td>0-60 A<\/td>\n<\/tr>\n<tr>\n<td>Protection contre les courts-circuits de charge<\/td>\n<td>Fusible grill\u00e9<\/td>\n<\/tr>\n<tr>\n<td>Protection du c\u00e2blage<\/td>\n<td>Protection contre la polarit\u00e9 invers\u00e9e<\/td>\n<\/tr>\n<tr>\n<td colspan=\"2\">Sp\u00e9cifications certifi\u00e9es<\/td>\n<\/tr>\n<tr>\n<td>Certification<\/td>\n<td>CE (IEC 62109-1)<\/td>\n<\/tr>\n<tr>\n<td>Niveau de certification EMC<\/td>\n<td>EN61000, C2<\/td>\n<\/tr>\n<tr>\n<td>Plage de temp\u00e9rature de fonctionnement<\/td>\n<td>-15\u00b0C \u00e0 55\u00b0C<\/td>\n<\/tr>\n<tr>\n<td>Plage de temp\u00e9rature de stockage<\/td>\n<td>-25\u00b0C \u00e0 60\u00b0C<\/td>\n<\/tr>\n<tr>\n<td>Plage d'humidit\u00e9<\/td>\n<td>5% \u00e0 95% (Protection par rev\u00eatement conformal)<\/td>\n<\/tr>\n<tr>\n<td>Bruit<\/td>\n<td>\u226460 dB<\/td>\n<\/tr>\n<tr>\n<td>Dissipation de chaleur<\/td>\n<td>Refroidissement par air forc\u00e9, vitesse variable du ventilateur<\/td>\n<\/tr>\n<tr>\n<td>Interface de communication<\/td>\n<td>CAN\/USB\/RS485(WiFi\/GPRS)\/Contr\u00f4le de n\u0153ud sec<\/td>\n<\/tr>\n<tr>\n<td>Taille (L*l*H)<\/td>\n<td>378mm\u00d7280mm\u00d7103mm<\/td>\n<\/tr>\n<tr>\n<td>Poids (kg)<\/td>\n<td>6.2<\/td>\n<\/tr>\n<\/tbody>\n<\/table>\n<p>&nbsp;<\/p>\n<p><strong>Que rechercher dans les syst\u00e8mes de stockage d'\u00e9nergie domestique ?<\/strong><\/p>\n<p>&nbsp;<\/p>\n<p><strong>Empilabilit\u00e9<\/strong><\/p>\n<p>Une seule batterie ne peut pas alimenter toute votre maison, vous devrez donc prioriser ce qui est essentiel, comme les lumi\u00e8res, les prises, la climatisation, la pompe de puisard, etc. Mais si vous souhaitez faire fonctionner tout dans votre maison, certains syst\u00e8mes permettent d'empiler ou de relier plusieurs unit\u00e9s pour atteindre le niveau de sauvegarde n\u00e9cessaire.<\/p>\n<p>&nbsp;<\/p>\n<p><strong>Syst\u00e8mes coupl\u00e9s AC vs. DC<\/strong><\/p>\n<p>Les batteries et les panneaux solaires stockent l'\u00e9nergie en courant continu ou DC. Connecter des syst\u00e8mes coupl\u00e9s en DC au solaire entra\u00eene moins de perte d'\u00e9nergie. Le r\u00e9seau et votre maison fonctionnent en courant alternatif ou AC. Les syst\u00e8mes AC sont l\u00e9g\u00e8rement moins efficaces mais plus flexibles et plus faciles \u00e0 installer, surtout si vous avez d\u00e9j\u00e0 du solaire.<\/p>\n<p>&nbsp;<\/p>\n<p><strong>Capacit\u00e9 de d\u00e9marrage de charge<\/strong><\/p>\n<p>Certains appareils, comme la climatisation centrale ou les pompes de puisard, n\u00e9cessitent plus de puissance pour d\u00e9marrer que lorsqu'ils fonctionnent. Assurez-vous que le syst\u00e8me peut r\u00e9pondre aux besoins sp\u00e9cifiques de vos appareils domestiques.<\/p>\n<p>&nbsp;<\/p>\n<\/div>\n<\/div>\n<\/div>\n<\/div>\n<\/div>\n<\/div>","protected":false},"excerpt":{"rendered":"<p>Powerwall est un syst\u00e8me de batterie int\u00e9gr\u00e9 qui stocke votre \u00e9nergie solaire pour une protection de secours, garantissant que votre alimentation reste active m\u00eame si le r\u00e9seau \u00e9lectrique tombe en panne. Votre syst\u00e8me d\u00e9tecte les coupures de courant et se recharge automatiquement avec la lumi\u00e8re du soleil, permettant \u00e0 vos appareils de fonctionner pendant plusieurs jours.<\/p>\n<p>Powerwall, une batterie domestique compacte qui r\u00e9duit votre d\u00e9pendance au r\u00e9seau en stockant votre \u00e9nergie solaire pour une utilisation lorsque le soleil ne brille pas, est inclus avec chaque achat solaire.<\/p>","protected":false},"featured_media":1617,"template":"","meta":{"site-sidebar-layout":"default","site-content-layout":"","ast-site-content-layout":"default","site-content-style":"default","site-sidebar-style":"default","ast-global-header-display":"","ast-banner-title-visibility":"","ast-main-header-display":"","ast-hfb-above-header-display":"","ast-hfb-below-header-display":"","ast-hfb-mobile-header-display":"","site-post-title":"","ast-breadcrumbs-content":"","ast-featured-img":"","footer-sml-layout":"","ast-disable-related-posts":"","theme-transparent-header-meta":"default","adv-header-id-meta":"","stick-header-meta":"default","header-above-stick-meta":"","header-main-stick-meta":"","header-below-stick-meta":"","astra-migrate-meta-layouts":"set","ast-page-background-enabled":"default","ast-page-background-meta":{"desktop":{"background-color":"var(--ast-global-color-4)","background-image":"","background-repeat":"repeat","background-position":"center center","background-size":"auto","background-attachment":"scroll","background-type":"","background-media":"","overlay-type":"","overlay-color":"","overlay-opacity":"","overlay-gradient":""},"tablet":{"background-color":"","background-image":"","background-repeat":"repeat","background-position":"center center","background-size":"auto","background-attachment":"scroll","background-type":"","background-media":"","overlay-type":"","overlay-color":"","overlay-opacity":"","overlay-gradient":""},"mobile":{"background-color":"","background-image":"","background-repeat":"repeat","background-position":"center center","background-size":"auto","background-attachment":"scroll","background-type":"","background-media":"","overlay-type":"","overlay-color":"","overlay-opacity":"","overlay-gradient":""}},"ast-content-background-meta":{"desktop":{"background-color":"var(--ast-global-color-5)","background-image":"","background-repeat":"repeat","background-position":"center center","background-size":"auto","background-attachment":"scroll","background-type":"","background-media":"","overlay-type":"","overlay-color":"","overlay-opacity":"","overlay-gradient":""},"tablet":{"background-color":"var(--ast-global-color-5)","background-image":"","background-repeat":"repeat","background-position":"center center","background-size":"auto","background-attachment":"scroll","background-type":"","background-media":"","overlay-type":"","overlay-color":"","overlay-opacity":"","overlay-gradient":""},"mobile":{"background-color":"var(--ast-global-color-5)","background-image":"","background-repeat":"repeat","background-position":"center center","background-size":"auto","background-attachment":"scroll","background-type":"","background-media":"","overlay-type":"","overlay-color":"","overlay-opacity":"","overlay-gradient":""}}},"product_brand":[],"product_cat":[47,56,50],"product_tag":[],"class_list":{"0":"post-1616","1":"product","2":"type-product","3":"status-publish","4":"has-post-thumbnail","6":"product_cat-residetial-ess","7":"product_cat-energy-storage-battery-system","8":"product_cat-floor-standing-ess","9":"desktop-align-left","10":"tablet-align-left","11":"mobile-align-left","12":"ast-product-gallery-layout-horizontal-slider","13":"ast-product-tabs-layout-horizontal","15":"first","16":"instock","17":"shipping-taxable","18":"purchasable","19":"product-type-simple"},"_links":{"self":[{"href":"https:\/\/haisicstorage.com\/fr\/wp-json\/wp\/v2\/product\/1616","targetHints":{"allow":["GET"]}}],"collection":[{"href":"https:\/\/haisicstorage.com\/fr\/wp-json\/wp\/v2\/product"}],"about":[{"href":"https:\/\/haisicstorage.com\/fr\/wp-json\/wp\/v2\/types\/product"}],"version-history":[{"count":6,"href":"https:\/\/haisicstorage.com\/fr\/wp-json\/wp\/v2\/product\/1616\/revisions"}],"predecessor-version":[{"id":3515,"href":"https:\/\/haisicstorage.com\/fr\/wp-json\/wp\/v2\/product\/1616\/revisions\/3515"}],"wp:featuredmedia":[{"embeddable":true,"href":"https:\/\/haisicstorage.com\/fr\/wp-json\/wp\/v2\/media\/1617"}],"wp:attachment":[{"href":"https:\/\/haisicstorage.com\/fr\/wp-json\/wp\/v2\/media?parent=1616"}],"wp:term":[{"taxonomy":"product_brand","embeddable":true,"href":"https:\/\/haisicstorage.com\/fr\/wp-json\/wp\/v2\/product_brand?post=1616"},{"taxonomy":"product_cat","embeddable":true,"href":"https:\/\/haisicstorage.com\/fr\/wp-json\/wp\/v2\/product_cat?post=1616"},{"taxonomy":"product_tag","embeddable":true,"href":"https:\/\/haisicstorage.com\/fr\/wp-json\/wp\/v2\/product_tag?post=1616"}],"curies":[{"name":"wp","href":"https:\/\/api.w.org\/{rel}","templated":true}]}}