{"id":1556,"date":"2025-11-30T02:48:43","date_gmt":"2025-11-30T02:48:43","guid":{"rendered":"https:\/\/haisicstorage.com\/?post_type=product&#038;p=1556"},"modified":"2026-02-27T07:38:11","modified_gmt":"2026-02-27T07:38:11","slug":"wall-mounted-51-2v-100ah-5kwh","status":"publish","type":"product","link":"https:\/\/haisicstorage.com\/fr\/wall-mounted-51-2v-100ah-5kwh\/","title":{"rendered":"Syst\u00e8me de Stockage d'\u00c9nergie Solaire Murale 51,2V 100Ah 5kWh"},"content":{"rendered":"<p><strong>Batterie solaire murale efficace et fiable 51.2V 100Ah 5kWh Lifepo4 Powewall pour stockage d'\u00e9nergie domestique<br \/>\n<\/strong><\/p>\n<p><strong>Solution de stockage d'\u00e9nergie domestique intelligente<br \/>\n<\/strong><br \/>\nDans le domaine des solutions \u00e9nerg\u00e9tiques durables, notre batterie solaire murale 48V 51.2V 100Ah 16s1p Lifepo4 est un sommet d'innovation et de fiabilit\u00e9.<br \/>\n-Stockage efficace de l'\u00e9nergie solaire : Avec une capacit\u00e9 de 5kWh, cette batterie offre un stockage suffisant pour votre surplus d'\u00e9nergie solaire,<br \/>\nassurant qu'aucune de votre \u00e9nergie renouvelable ne soit gaspill\u00e9e.<\/p>\n<p>-Int\u00e9gration transparente : Con\u00e7ue pour une int\u00e9gration transparente dans votre maison,<br \/>\nsa structure mince et murale \u00e9conomise de l'espace tout en offrant un stockage d'\u00e9nergie optimal.<\/p>\n<p>-S\u00e9curit\u00e9 avant tout : Dot\u00e9e de m\u00e9canismes de protection intelligents, elle privil\u00e9gie la s\u00e9curit\u00e9 \u00e9lectrique domestique,<br \/>\nvous offrant une tranquillit\u00e9 d'esprit pendant que vous exploitez la puissance du soleil.<\/p>\n<p><strong><br \/>\nPerformance et durabilit\u00e9 in\u00e9gal\u00e9es<br \/>\n<\/strong><br \/>\n-Construction robuste : Con\u00e7ue avec pr\u00e9cision et durabilit\u00e9,<br \/>\nnotre batterie poss\u00e8de une construction solide capable de r\u00e9sister aux rigueurs de l'utilisation quotidienne.<\/p>\n<p>-Long\u00e9vit\u00e9 : Soutenue par une composition robuste en LiFePO4,<br \/>\nelle offre une dur\u00e9e de vie en cycle exceptionnelle de plus de 6000 cycles \u00e0 une profondeur de d\u00e9charge de 80%.,<br \/>\nassurer la long\u00e9vit\u00e9 et la fiabilit\u00e9 pour les ann\u00e9es \u00e0 venir.<\/p>\n<p>-Connectivit\u00e9 Polyvalente : \u00c9quip\u00e9 de ports de communication incluant CAN, RS232 et RS485,<br \/>\nil permet une int\u00e9gration transparente avec divers syst\u00e8mes de gestion de l'\u00e9nergie,<br \/>\noffrant flexibilit\u00e9 et contr\u00f4le sur votre consommation d'\u00e9nergie.<\/p>\n<table border=\"1\">\n<tbody>\n<tr>\n<td>Mod\u00e8le<\/td>\n<td>HS-TQS5000W<\/td>\n<\/tr>\n<tr>\n<td>Tension nominale<\/td>\n<td>51,2 V<\/td>\n<\/tr>\n<tr>\n<td>Capacit\u00e9 nominale<\/td>\n<td>100 Ah<\/td>\n<\/tr>\n<tr>\n<td>\u00c9nergie nominale<\/td>\n<td>5120Wh<\/td>\n<\/tr>\n<tr>\n<td>Plage de tension<\/td>\n<td>44,8-56V<\/td>\n<\/tr>\n<tr>\n<td>Plage de tension de charge<\/td>\n<td>56-57,6V<\/td>\n<\/tr>\n<tr>\n<td>Tension de coupure<\/td>\n<td>44,8V<\/td>\n<\/tr>\n<tr>\n<td>Courant de charge recommand\u00e9<\/td>\n<td>50A<\/td>\n<\/tr>\n<tr>\n<td>Courant de charge maximal<\/td>\n<td>100A<\/td>\n<\/tr>\n<tr>\n<td>Courant de d\u00e9charge maximal<\/td>\n<td>100A<\/td>\n<\/tr>\n<tr>\n<td>Puissance de pointe en sortie<\/td>\n<td>\u00a0Max 6000W en pointe<\/td>\n<\/tr>\n<tr>\n<td>Type de Batterie<\/td>\n<td>LiFePO4 100Ah*16PCS 16S1P<\/td>\n<\/tr>\n<tr>\n<td>Entr\u00e9e AC<\/td>\n<td>2500W (Param\u00e8tres configurables)<\/td>\n<\/tr>\n<tr>\n<td>Entr\u00e9e PV MPPT<\/td>\n<td>120-500V 5500W Max<\/td>\n<\/tr>\n<tr>\n<td>Sortie AC<\/td>\n<td>\u00a0AC 220V-240V 5000W onde sinuso\u00efdale pure<\/td>\n<\/tr>\n<\/tbody>\n<\/table>\n<p><strong>Fonctionnalit\u00e9s Premium pour une Performance Am\u00e9lior\u00e9e<\/strong><\/p>\n<p>-Syst\u00e8me de Gestion de Batterie (BMS) int\u00e9gr\u00e9 : Notre batterie est \u00e9quip\u00e9e d\u2019un BMS sophistiqu\u00e9 qui surveille et r\u00e9gule activement ses performances,<br \/>\noptimisant l\u2019efficacit\u00e9 et prot\u00e9geant contre la surcharge, la d\u00e9charge profonde et les courts-circuits.<\/p>\n<p>-Syst\u00e8me de lutte contre l\u2019incendie : La s\u00e9curit\u00e9 est primordiale, c\u2019est pourquoi notre batterie inclut un syst\u00e8me de lutte contre l\u2019incendie int\u00e9gr\u00e9,<br \/>\noffrant une couche suppl\u00e9mentaire de protection contre les dangers potentiels.<\/p>\n<p>-Qualit\u00e9 Certifi\u00e9e : Avec des certifications telles que CE, EMC, TUV (IEC62619) et UL1973,<br \/>\nVous pouvez faire confiance \u00e0 la qualit\u00e9 et \u00e0 la fiabilit\u00e9 de notre produit, soutenu par une garantie compl\u00e8te de 5 ans.<\/p>\n<p><strong>Conclusion :<br \/>\n<\/strong>Adoptez le futur de l'\u00e9nergie avec notre batterie solaire murale de 5 kWh. Con\u00e7ue pour l'efficacit\u00e9, la fiabilit\u00e9,<br \/>\net la s\u00e9curit\u00e9, elle repr\u00e9sente le summum des solutions de stockage d'\u00e9nergie domestique. Dites adieu au gaspillage d'\u00e9nergie et bonjour \u00e0 une alimentation durable pour votre maison.<\/p>","protected":false},"excerpt":{"rendered":"<p class=\"product-des\">1.Compatibilit\u00e9 totale,Compatible avec les panneaux solaires photovolta\u00efques et les g\u00e9n\u00e9rateurs diesel<\/p>\n<p>2.Design compact,Un design tout-en-un, mince et mural<\/p>\n<p>3.Modulaire et \u00e9volutif,Facile \u00e0 augmenter la capacit\u00e9 \u00e0 l'avenir<\/p>\n<p>4.Mesures de s\u00e9curit\u00e9 intelligentes,Protection intelligente pour la s\u00e9curit\u00e9 \u00e9lectrique domestique<\/p>\n<p>5.Installation simple,Installation rapide par une seule personne<\/p>\n<div class=\"inquiryBasket\"><\/div>","protected":false},"featured_media":1557,"template":"","meta":{"site-sidebar-layout":"default","site-content-layout":"","ast-site-content-layout":"default","site-content-style":"default","site-sidebar-style":"default","ast-global-header-display":"","ast-banner-title-visibility":"","ast-main-header-display":"","ast-hfb-above-header-display":"","ast-hfb-below-header-display":"","ast-hfb-mobile-header-display":"","site-post-title":"","ast-breadcrumbs-content":"","ast-featured-img":"","footer-sml-layout":"","ast-disable-related-posts":"","theme-transparent-header-meta":"default","adv-header-id-meta":"","stick-header-meta":"default","header-above-stick-meta":"","header-main-stick-meta":"","header-below-stick-meta":"","astra-migrate-meta-layouts":"set","ast-page-background-enabled":"default","ast-page-background-meta":{"desktop":{"background-color":"var(--ast-global-color-4)","background-image":"","background-repeat":"repeat","background-position":"center center","background-size":"auto","background-attachment":"scroll","background-type":"","background-media":"","overlay-type":"","overlay-color":"","overlay-opacity":"","overlay-gradient":""},"tablet":{"background-color":"","background-image":"","background-repeat":"repeat","background-position":"center center","background-size":"auto","background-attachment":"scroll","background-type":"","background-media":"","overlay-type":"","overlay-color":"","overlay-opacity":"","overlay-gradient":""},"mobile":{"background-color":"","background-image":"","background-repeat":"repeat","background-position":"center center","background-size":"auto","background-attachment":"scroll","background-type":"","background-media":"","overlay-type":"","overlay-color":"","overlay-opacity":"","overlay-gradient":""}},"ast-content-background-meta":{"desktop":{"background-color":"var(--ast-global-color-5)","background-image":"","background-repeat":"repeat","background-position":"center center","background-size":"auto","background-attachment":"scroll","background-type":"","background-media":"","overlay-type":"","overlay-color":"","overlay-opacity":"","overlay-gradient":""},"tablet":{"background-color":"var(--ast-global-color-5)","background-image":"","background-repeat":"repeat","background-position":"center center","background-size":"auto","background-attachment":"scroll","background-type":"","background-media":"","overlay-type":"","overlay-color":"","overlay-opacity":"","overlay-gradient":""},"mobile":{"background-color":"var(--ast-global-color-5)","background-image":"","background-repeat":"repeat","background-position":"center center","background-size":"auto","background-attachment":"scroll","background-type":"","background-media":"","overlay-type":"","overlay-color":"","overlay-opacity":"","overlay-gradient":""}}},"product_brand":[],"product_cat":[47,56,49],"product_tag":[],"class_list":{"0":"post-1556","1":"product","2":"type-product","3":"status-publish","4":"has-post-thumbnail","6":"product_cat-residetial-ess","7":"product_cat-energy-storage-battery-system","8":"product_cat-wall-mounted-ess","9":"desktop-align-left","10":"tablet-align-left","11":"mobile-align-left","12":"ast-product-gallery-layout-horizontal-slider","13":"ast-product-tabs-layout-horizontal","15":"first","16":"instock","17":"shipping-taxable","18":"purchasable","19":"product-type-simple"},"_links":{"self":[{"href":"https:\/\/haisicstorage.com\/fr\/wp-json\/wp\/v2\/product\/1556","targetHints":{"allow":["GET"]}}],"collection":[{"href":"https:\/\/haisicstorage.com\/fr\/wp-json\/wp\/v2\/product"}],"about":[{"href":"https:\/\/haisicstorage.com\/fr\/wp-json\/wp\/v2\/types\/product"}],"version-history":[{"count":3,"href":"https:\/\/haisicstorage.com\/fr\/wp-json\/wp\/v2\/product\/1556\/revisions"}],"predecessor-version":[{"id":3513,"href":"https:\/\/haisicstorage.com\/fr\/wp-json\/wp\/v2\/product\/1556\/revisions\/3513"}],"wp:featuredmedia":[{"embeddable":true,"href":"https:\/\/haisicstorage.com\/fr\/wp-json\/wp\/v2\/media\/1557"}],"wp:attachment":[{"href":"https:\/\/haisicstorage.com\/fr\/wp-json\/wp\/v2\/media?parent=1556"}],"wp:term":[{"taxonomy":"product_brand","embeddable":true,"href":"https:\/\/haisicstorage.com\/fr\/wp-json\/wp\/v2\/product_brand?post=1556"},{"taxonomy":"product_cat","embeddable":true,"href":"https:\/\/haisicstorage.com\/fr\/wp-json\/wp\/v2\/product_cat?post=1556"},{"taxonomy":"product_tag","embeddable":true,"href":"https:\/\/haisicstorage.com\/fr\/wp-json\/wp\/v2\/product_tag?post=1556"}],"curies":[{"name":"wp","href":"https:\/\/api.w.org\/{rel}","templated":true}]}}