{"id":1552,"date":"2025-11-30T02:33:41","date_gmt":"2025-11-30T02:33:41","guid":{"rendered":"https:\/\/haisicstorage.com\/?post_type=product&#038;p=1552"},"modified":"2026-02-27T07:38:01","modified_gmt":"2026-02-27T07:38:01","slug":"high-volt-stacked-20kwh","status":"publish","type":"product","link":"https:\/\/haisicstorage.com\/fr\/high-volt-stacked-20kwh\/","title":{"rendered":"Stockage d'\u00c9nergie haute tension 20KWH"},"content":{"rendered":"<p><strong>Quelles sont les cat\u00e9gories courantes de <a href=\"https:\/\/www.haisicbattery.com\/products\/solar-energy-storage-system\" target=\"_blank\" rel=\"noopener\">syst\u00e8mes de stockage d'\u00e9nergie<\/a>?<\/strong><\/p>\n<p>Il existe plusieurs types de batteries de stockage d'\u00e9nergie courantes sur le march\u00e9 :<\/p>\n<p>Syst\u00e8me de stockage tout-en-un (onduleur int\u00e9gr\u00e9)<\/p>\n<p>Empil\u00e9<\/p>\n<p>Mural<\/p>\n<p>Sur roulettes<\/p>\n<p>Mont\u00e9 sur rack<\/p>\n<p><strong>Param\u00e8tres de la batterie<\/strong><\/p>\n<p><strong><img decoding=\"async\" src=\"https:\/\/shopic.mcmcclass.com\/20221103140934089576076.jpg\" alt=\"syst\u00e8mes de stockage d&#039;\u00e9nergie solaire\" \/><\/strong><\/p>\n<p>&nbsp;<\/p>\n<p><strong>Comment puis-je installer mon\u00a0<a href=\"https:\/\/www.haisicbattery.com\/products\/solar-energy-storage-system\" target=\"_blank\" rel=\"noopener\">syst\u00e8me de stockage d'\u00e9nergie<\/a>?<\/strong><\/p>\n<p>&nbsp;<\/p>\n<p>Si vous \u00eates un installateur certifi\u00e9 tel qu'un \u00e9lectricien, vous pouvez installer\u00a0<a href=\"https:\/\/www.haisicbattery.com\/products\/solar-energy-storage-batterylrydz\" target=\"_blank\" rel=\"noopener\">batteries de stockage d'\u00e9nergie<\/a>\u00a0pour votre maison vous-m\u00eame. Avant l'installation, veuillez confirmer que le produit re\u00e7u est bien emball\u00e9 et non endommag\u00e9, et conserver le certificat de garantie correspondant.<\/p>\n<p>&nbsp;<\/p>\n<p>Si vous n'\u00eates pas un installateur solaire professionnel, veuillez contacter des installateurs locaux pour effectuer l'installation. V\u00e9rifiez les r\u00e9f\u00e9rences de l'installateur avant l'installation, ce qui indique que l'installateur est qualifi\u00e9 pour installer votre syst\u00e8me de stockage d'\u00e9nergie.<\/p>\n<p>&nbsp;<\/p>\n<p>L'installateur peut couper l'\u00e9lectricit\u00e9 de la maison pendant l'installation, mais cette p\u00e9riode doit \u00eatre courte. Si votre compteur ou votre bo\u00eetier de compteur n\u00e9cessite une mise \u00e0 niveau, votre courant peut \u00eatre coup\u00e9 plus longtemps. Pendant toute la p\u00e9riode d'installation, veuillez confirmer la r\u00e9ception de tous les documents n\u00e9cessaires et les conserver. C'est le document le plus important si vous devez faire une garantie ou une r\u00e9clamation.<\/p>\n<p>Notez qu'il est \u00e9galement tr\u00e8s important d'apprendre \u00e0 utiliser correctement la batterie de stockage d'\u00e9nergie aupr\u00e8s de l'installateur avant leur d\u00e9part.<\/p>\n<p>&nbsp;<\/p>\n<p><strong>Param\u00e8tres de l'onduleur<\/strong><\/p>\n<table border=\"0\" cellspacing=\"0\" cellpadding=\"0\">\n<colgroup>\n<col \/>\n<col \/><\/colgroup>\n<tbody>\n<tr>\n<td>Mod\u00e8le<\/td>\n<td>R10KL1<\/td>\n<\/tr>\n<tr>\n<td colspan=\"2\">Entr\u00e9e (PV)<\/td>\n<\/tr>\n<tr>\n<td>Puissance max. (kW)<\/td>\n<td>13<\/td>\n<\/tr>\n<tr>\n<td>Tension DC max. (V)<\/td>\n<td>500<\/td>\n<\/tr>\n<tr>\n<td>Plage de tension MPPT (V)<\/td>\n<td>120~500<\/td>\n<\/tr>\n<tr>\n<td>Courant d'entr\u00e9e max. du MPPT unique (A)<\/td>\n<td>12<\/td>\n<\/tr>\n<tr>\n<td>Courant de court-circuit max. (A)<\/td>\n<td>15<\/td>\n<\/tr>\n<tr>\n<td colspan=\"2\">Sortie AC<\/td>\n<\/tr>\n<tr>\n<td>Puissance de sortie nominale (kVA)<\/td>\n<td>10<\/td>\n<\/tr>\n<tr>\n<td>Puissance de sortie max. (kVA)<\/td>\n<td>11<\/td>\n<\/tr>\n<tr>\n<td>Courant de sortie max. (A)<\/td>\n<td>47.8<\/td>\n<\/tr>\n<tr>\n<td>Tension de sortie AC (V)<\/td>\n<td>220,230,240<\/td>\n<\/tr>\n<tr>\n<td>Fr\u00e9quence (Hz)<\/td>\n<td>50\/60 (45 ~ 55, 55 ~ 65)<\/td>\n<\/tr>\n<tr>\n<td>PF<\/td>\n<td>0,8 en retard - 0,8 en avance<\/td>\n<\/tr>\n<tr>\n<td>THDi<\/td>\n<td>&lt; 2%<\/td>\n<\/tr>\n<tr>\n<td colspan=\"2\">Batterie<\/td>\n<\/tr>\n<tr>\n<td>Tension nominale (V)<\/td>\n<td>48<\/td>\n<\/tr>\n<tr>\n<td>Plage de tension de la batterie (V)<\/td>\n<td>40~60<\/td>\n<\/tr>\n<tr>\n<td>Courant de charge\/d\u00e9charge max. (A)<\/td>\n<td>210\/210<\/td>\n<\/tr>\n<tr>\n<td>Type de batterie<\/td>\n<td>lithium \/Plomb-acide<\/td>\n<\/tr>\n<tr>\n<td>Strat\u00e9gie de charge pour batterie Li-Ion<\/td>\n<td>Auto-adaptation au BMS<\/td>\n<\/tr>\n<tr>\n<td colspan=\"2\">Sortie EPS<\/td>\n<\/tr>\n<tr>\n<td>Puissance nominale (kVA)<\/td>\n<td>10<\/td>\n<\/tr>\n<tr>\n<td>Tension de sortie nominale (V)<\/td>\n<td>220, 230 ,240<\/td>\n<\/tr>\n<tr>\n<td>Fr\u00e9quence nominale (Hz)<\/td>\n<td>50\/60<\/td>\n<\/tr>\n<tr>\n<td>THDu<\/td>\n<td>&lt; 2%<\/td>\n<\/tr>\n<tr>\n<td colspan=\"2\">Protection<\/td>\n<\/tr>\n<tr>\n<td>D\u00e9tection de mise \u00e0 la terre<\/td>\n<td>OUI<\/td>\n<\/tr>\n<tr>\n<td>Protection contre les d\u00e9fauts d'arc<\/td>\n<td>optionnel<\/td>\n<\/tr>\n<tr>\n<td>Protection contre les \u00eelots<\/td>\n<td>OUI<\/td>\n<\/tr>\n<tr>\n<td>Polarisations invers\u00e9es de la batterie<\/td>\n<td>OUI<\/td>\n<\/tr>\n<tr>\n<td>D\u00e9tection de r\u00e9sistance d'isolation<\/td>\n<td>OUI<\/td>\n<\/tr>\n<tr>\n<td>Unit\u00e9 de surveillance du courant r\u00e9siduel<\/td>\n<td>OUI<\/td>\n<\/tr>\n<tr>\n<td>Protection contre les surintensit\u00e9s en sortie<\/td>\n<td>OUI<\/td>\n<\/tr>\n<tr>\n<td>Protection contre les courts-circuits en sortie de secours<\/td>\n<td>OUI<\/td>\n<\/tr>\n<tr>\n<td>D\u00e9tection de la temp\u00e9rature du terminal<\/td>\n<td>OUI<\/td>\n<\/tr>\n<tr>\n<td>Protection contre la surtension\/sous-tension en sortie<\/td>\n<td>OUI<\/td>\n<\/tr>\n<tr>\n<td colspan=\"2\">Donn\u00e9es g\u00e9n\u00e9rales<\/td>\n<\/tr>\n<tr>\n<td>Efficacit\u00e9 Europe (PV)<\/td>\n<td>\u226597,8%<\/td>\n<\/tr>\n<tr>\n<td>Efficacit\u00e9 maximale de la batterie \u00e0 la charge<\/td>\n<td>\u226597,2%<\/td>\n<\/tr>\n<tr>\n<td>Protection contre l'intrusion<\/td>\n<td>IP65<\/td>\n<\/tr>\n<tr>\n<td>\u00c9mission de bruit (dB)<\/td>\n<td>&lt;38<\/td>\n<\/tr>\n<tr>\n<td>Temp\u00e9rature de fonctionnement<\/td>\n<td>-25\u2103 ~ 60\u2103<\/td>\n<\/tr>\n<tr>\n<td>Refroidissement<\/td>\n<td>Refroidissement par ventilateur<\/td>\n<\/tr>\n<tr>\n<td>Humidit\u00e9 relative<\/td>\n<td>0 ~95% (non-condensant)<\/td>\n<\/tr>\n<tr>\n<td>Altitude<\/td>\n<td>2 000 m (&gt;2 000 D\u00e9rating)<\/td>\n<\/tr>\n<tr>\n<td>Dimensions L * P * H (mm)<\/td>\n<td>430*220*710<\/td>\n<\/tr>\n<tr>\n<td>Poids(kg)<\/td>\n<td>41<\/td>\n<\/tr>\n<tr>\n<td>Affichage<\/td>\n<td>\u00c9cran LCD, panneau tactile (optionnel)<\/td>\n<\/tr>\n<tr>\n<td>Communication avec BMS\/compteur\/EMS<\/td>\n<td>RS485, CAN<\/td>\n<\/tr>\n<tr>\n<td>Interface de communication<\/td>\n<td>RS485, WLAN, 4G (optionnel)<\/td>\n<\/tr>\n<tr>\n<td>Autoconsommation la nuit<\/td>\n<td>&lt; 2,5 W (avec batterie activ\u00e9e &lt; 5 W)<\/td>\n<\/tr>\n<tr>\n<td>Certificats<\/td>\n<td>NRS Afrique du Sud, IEC 62109-1\/-2, IEC 61000-6-1, IEC 61000-6-3<\/td>\n<\/tr>\n<\/tbody>\n<\/table>\n<p>&nbsp;<\/p>\n<p><strong>\u00c0 quoi dois-je faire attention lors de l'utilisation de la batterie de stockage d'\u00e9nergie ?<\/strong><\/p>\n<p>&nbsp;<\/p>\n<p>Si vous souhaitez prolonger la dur\u00e9e de vie du\u00a0<a href=\"https:\/\/www.haisicbattery.com\/products\/solar-energy-storage-batterylrydz\" target=\"_blank\" rel=\"noopener\">la batterie de stockage d'\u00e9nergie<\/a>, effectuez r\u00e9guli\u00e8rement un cycle de d\u00e9charge compl\u00e8te de la batterie.<\/p>\n<p>Placez la batterie \u00e0 environ 25 \u2103 pour la charge et la d\u00e9charge. Tenez-la \u00e0 l'\u00e9cart des sources de feu et des temp\u00e9ratures \u00e9lev\u00e9es pour \u00e9viter tout incendie ou explosion. Lorsque la batterie n'est pas utilis\u00e9e, elle doit \u00eatre stock\u00e9e dans un endroit \u00e0 faible humidit\u00e9 et bien ventil\u00e9.<\/p>\n<p>\u00c9tant donn\u00e9 que le taux d'autod\u00e9charge de la\u00a0<a href=\"https:\/\/www.haisicbattery.com\/products\/lifepo4-battery-packetdwr\" target=\"_blank\" rel=\"noopener\">batterie LFP<\/a>\u00a0de la batterie de stockage d'\u00e9nergie est d'environ 3% par mois, veuillez vous assurer qu'il n'y a pas de charge pendant le stockage et n'oubliez pas de charger la batterie r\u00e9guli\u00e8rement.<\/p>\n<p>Si la batterie d\u00e9gage une odeur particuli\u00e8re, chauffe, d\u00e9colore, se d\u00e9forme ou pr\u00e9sente une anomalie lors de l'utilisation, du stockage ou de la charge, veuillez l'arr\u00eater imm\u00e9diatement et contacter un professionnel pour une inspection de l'\u00e9quipement.<\/p>\n<p>Ne pas ajouter, retirer ou endommager vous-m\u00eame l'\u00e9quipement de la batterie.<\/p>\n<p>&nbsp;<\/p>\n<p>&nbsp;<\/p>","protected":false},"excerpt":{"rendered":"<p>Avec une installation facile et un design minimaliste, la batterie lithium du module mobile compl\u00e8te une vari\u00e9t\u00e9 de styles de maison. La capacit\u00e9 de la batterie peut \u00eatre augment\u00e9e librement et de mani\u00e8re flexible en fonction de la situation d'utilisation domestique. Utilisez la meilleure batterie LiFePO4 pour la s\u00e9curit\u00e9 afin de r\u00e9duire les co\u00fbts. Installation facile, selon le stockage d'\u00e9nergie, les besoins, et la combinaison de diff\u00e9rentes batteries.<\/p>","protected":false},"featured_media":1553,"template":"","meta":{"site-sidebar-layout":"default","site-content-layout":"","ast-site-content-layout":"default","site-content-style":"default","site-sidebar-style":"default","ast-global-header-display":"","ast-banner-title-visibility":"","ast-main-header-display":"","ast-hfb-above-header-display":"","ast-hfb-below-header-display":"","ast-hfb-mobile-header-display":"","site-post-title":"","ast-breadcrumbs-content":"","ast-featured-img":"","footer-sml-layout":"","ast-disable-related-posts":"","theme-transparent-header-meta":"default","adv-header-id-meta":"","stick-header-meta":"default","header-above-stick-meta":"","header-main-stick-meta":"","header-below-stick-meta":"","astra-migrate-meta-layouts":"set","ast-page-background-enabled":"default","ast-page-background-meta":{"desktop":{"background-color":"var(--ast-global-color-4)","background-image":"","background-repeat":"repeat","background-position":"center center","background-size":"auto","background-attachment":"scroll","background-type":"","background-media":"","overlay-type":"","overlay-color":"","overlay-opacity":"","overlay-gradient":""},"tablet":{"background-color":"","background-image":"","background-repeat":"repeat","background-position":"center center","background-size":"auto","background-attachment":"scroll","background-type":"","background-media":"","overlay-type":"","overlay-color":"","overlay-opacity":"","overlay-gradient":""},"mobile":{"background-color":"","background-image":"","background-repeat":"repeat","background-position":"center center","background-size":"auto","background-attachment":"scroll","background-type":"","background-media":"","overlay-type":"","overlay-color":"","overlay-opacity":"","overlay-gradient":""}},"ast-content-background-meta":{"desktop":{"background-color":"var(--ast-global-color-5)","background-image":"","background-repeat":"repeat","background-position":"center center","background-size":"auto","background-attachment":"scroll","background-type":"","background-media":"","overlay-type":"","overlay-color":"","overlay-opacity":"","overlay-gradient":""},"tablet":{"background-color":"var(--ast-global-color-5)","background-image":"","background-repeat":"repeat","background-position":"center center","background-size":"auto","background-attachment":"scroll","background-type":"","background-media":"","overlay-type":"","overlay-color":"","overlay-opacity":"","overlay-gradient":""},"mobile":{"background-color":"var(--ast-global-color-5)","background-image":"","background-repeat":"repeat","background-position":"center center","background-size":"auto","background-attachment":"scroll","background-type":"","background-media":"","overlay-type":"","overlay-color":"","overlay-opacity":"","overlay-gradient":""}}},"product_brand":[],"product_cat":[47,56,45],"product_tag":[],"class_list":{"0":"post-1552","1":"product","2":"type-product","3":"status-publish","4":"has-post-thumbnail","6":"product_cat-residetial-ess","7":"product_cat-energy-storage-battery-system","8":"product_cat-rack-mounted-ess","9":"desktop-align-left","10":"tablet-align-left","11":"mobile-align-left","12":"ast-product-gallery-layout-horizontal-slider","13":"ast-product-tabs-layout-horizontal","15":"first","16":"instock","17":"shipping-taxable","18":"purchasable","19":"product-type-simple"},"_links":{"self":[{"href":"https:\/\/haisicstorage.com\/fr\/wp-json\/wp\/v2\/product\/1552","targetHints":{"allow":["GET"]}}],"collection":[{"href":"https:\/\/haisicstorage.com\/fr\/wp-json\/wp\/v2\/product"}],"about":[{"href":"https:\/\/haisicstorage.com\/fr\/wp-json\/wp\/v2\/types\/product"}],"version-history":[{"count":4,"href":"https:\/\/haisicstorage.com\/fr\/wp-json\/wp\/v2\/product\/1552\/revisions"}],"predecessor-version":[{"id":3512,"href":"https:\/\/haisicstorage.com\/fr\/wp-json\/wp\/v2\/product\/1552\/revisions\/3512"}],"wp:featuredmedia":[{"embeddable":true,"href":"https:\/\/haisicstorage.com\/fr\/wp-json\/wp\/v2\/media\/1553"}],"wp:attachment":[{"href":"https:\/\/haisicstorage.com\/fr\/wp-json\/wp\/v2\/media?parent=1552"}],"wp:term":[{"taxonomy":"product_brand","embeddable":true,"href":"https:\/\/haisicstorage.com\/fr\/wp-json\/wp\/v2\/product_brand?post=1552"},{"taxonomy":"product_cat","embeddable":true,"href":"https:\/\/haisicstorage.com\/fr\/wp-json\/wp\/v2\/product_cat?post=1552"},{"taxonomy":"product_tag","embeddable":true,"href":"https:\/\/haisicstorage.com\/fr\/wp-json\/wp\/v2\/product_tag?post=1552"}],"curies":[{"name":"wp","href":"https:\/\/api.w.org\/{rel}","templated":true}]}}