{"id":1458,"date":"2025-11-27T04:50:57","date_gmt":"2025-11-27T04:50:57","guid":{"rendered":"https:\/\/haisicstorage.com\/?post_type=product&#038;p=1458"},"modified":"2026-02-27T07:37:26","modified_gmt":"2026-02-27T07:37:26","slug":"lifepo4-battery-51-2v-100ah","status":"publish","type":"product","link":"https:\/\/haisicstorage.com\/fr\/lifepo4-battery-51-2v-100ah\/","title":{"rendered":"Batterie Lifepo4 51,2V 100Ah"},"content":{"rendered":"<div class=\"ProductAttr\">\n<div class=\"ProductAttrItem\">\n<div>Points forts du produit :<br \/>\n\u2714 Haute densit\u00e9 \u00e9nerg\u00e9tique : conception de 5 kWh \u00e0 grande capacit\u00e9 avec une structure compacte mont\u00e9e en rack, \u00e9conomise de l'espace tout en fournissant une alimentation durable.<br \/>\n\u2714 Efficacit\u00e9 \u00e0 haute tension : conception du syst\u00e8me \u00e0 haute tension r\u00e9duit la perte d'\u00e9nergie, am\u00e9liore l'efficacit\u00e9 de charge et de d\u00e9charge, et r\u00e9pond aux besoins de stockage d'\u00e9nergie des applications commerciales, industrielles et r\u00e9sidentielles.<br \/>\n\u2714 Gestion intelligente : syst\u00e8me de gestion de batterie int\u00e9gr\u00e9 BMS surveille en temps r\u00e9el la tension, la temp\u00e9rature et le courant pour assurer un fonctionnement s\u00fbr et prolonger la dur\u00e9e de vie.<br \/>\n\u2714 Scalabilit\u00e9 flexible : supporte la connexion en parall\u00e8le de plusieurs modules, facilement extensible \u00e0 plusieurs dizaines de kWh pour r\u00e9pondre \u00e0 divers sc\u00e9narios de stockage d'\u00e9nergie.<br \/>\n\u2714 Stable et durable : utilise des cellules lithium-ion de haute qualit\u00e9 avec une dur\u00e9e de vie de plus de 6 000 cycles, adapt\u00e9e \u00e0 une large plage de temp\u00e9ratures de -20\u00b0C \u00e0 60\u00b0C, r\u00e9sistant aux conditions difficiles.<br \/>\nSc\u00e9narios d'application :<br \/>\nStockage d'\u00e9nergie commercial et industriel : \u00e9quilibre la charge du r\u00e9seau, r\u00e9duit les co\u00fbts d'\u00e9lectricit\u00e9 et r\u00e9pond aux prix de l'\u00e9lectricit\u00e9 en heures creuses et pleines.<br \/>\nStockage d'\u00e9nergie photovolta\u00efque r\u00e9sidentiel : stocke l'\u00e9nergie solaire pour atteindre l'autosuffisance en \u00e9nergie verte.<br \/>\nAlimentation de secours d'urgence : fournit une alimentation ininterrompue pour des installations critiques telles que les centres de donn\u00e9es et l'\u00e9quipement m\u00e9dical.<br \/>\nPourquoi choisir HS-GS5000WHV ?<br \/>\nNous utilisons une technologie de pointe et des certifications de s\u00e9curit\u00e9 strictes (telles que UL\/CE) pour offrir des solutions de stockage d'\u00e9nergie fiables et intelligentes. Que ce soit pour la conservation de l'\u00e9nergie, la r\u00e9duction des \u00e9missions ou l'optimisation de la puissance, le HS-GS5000WHV est votre partenaire \u00e9nerg\u00e9tique id\u00e9al.<\/div>\n<div><\/div>\n<div class=\"ProductAttr-title\">Chimie des cellules\u00a0 \u00a0 LiFePO4\u00a0 \u00a0 \u00a0 \u00a0 \u00a0 \u00a0 \u00a0 \u00a0 \u00a0 \u00a0 \u00a0 \u00a0 \u00a0 \u00a0 \u00a0<span style=\"font-size: 16px;\">\u00c9nergie du module (kWh)\u00a0 \u00a0 <\/span><span style=\"font-size: 16px;\">5.12<\/span><\/div>\n<\/div>\n<div class=\"ProductAttrItem\">\n<div class=\"ProductAttr-title\">Tension nominale du module (V)\u00a0 \u00a0 51,2\u00a0 \u00a0 \u00a0 \u00a0 \u00a0 \u00a0 <span style=\"font-size: 16px;\">Capacit\u00e9 du module (Ah)\u00a0 \u00a0 <\/span><span style=\"font-size: 16px;\">100<\/span><\/div>\n<\/div>\n<div class=\"ProductAttrItem\">\n<div class=\"ProductAttr-title\">Temp\u00e9rature de fonctionnement (\u00b0C)\u00a0 \u00a0Charge\u00a0 \u00a0 \u00a0 \u00a0 \u00a0 \u00a0 <span style=\"font-size: 16px;\">Port de communication\u00a0 \u00a0 <\/span><span style=\"font-size: 16px;\">CAN2.0\/RS485<\/span><\/div>\n<\/div>\n<div class=\"ProductAttrItem\">\n<div class=\"ProductAttr-title\">Humidit\u00e9   5~85%RH\u00a0 \u00a0 \u00a0 \u00a0 \u00a0 \u00a0 \u00a0 \u00a0 \u00a0 \u00a0 \u00a0 \u00a0 \u00a0 \u00a0 \u00a0 \u00a0 \u00a0 \u00a0 \u00a0<span style=\"font-size: 16px;\">Altitude\u00a0 \u00a0<\/span><span style=\"font-size: 16px;\">\u22642000 m<\/span><\/div>\n<\/div>\n<div class=\"ProductAttrItem\">\n<div class=\"ProductAttr-title\">Indice de protection de l'enceinte   IP20<strong style=\"font-size: 16px;\"><span data-spm-anchor-id=\"a2700.pc-decorate.0.i7.5d033333Lu9Prj\">\u00a0 \u00a0<\/span><\/strong><\/div>\n<\/div>\n<\/div>\n<div class=\"product-tab-desc\">\n<div data-spm-anchor-id=\"a2700.pc-decorate.0.i6.5d033333Lu9Prj\">\n<div data-spm-anchor-id=\"a2700.pc-decorate.0.i5.5d033333Lu9Prj\"><strong>Description des produits<\/strong><\/div>\n<div data-spm-anchor-id=\"a2700.pc-decorate.0.i5.5d033333Lu9Prj\"><img fetchpriority=\"high\" decoding=\"async\" src=\"https:\/\/shopic.mcmcclass.com\/66f55da59d7344f69c2f85f6729c01c8\/20250731\/image\/1268207834349189692\/20250731140510319169072.png\" alt=\"\" width=\"1000\" height=\"1000\" data-natural-size=\"1000,1000\" \/><\/div>\n<div data-spm-anchor-id=\"a2700.pc-decorate.0.i5.5d033333Lu9Prj\"><\/div>\n<div data-spm-anchor-id=\"a2700.pc-decorate.0.i5.5d033333Lu9Prj\"><\/div>\n<div data-spm-anchor-id=\"a2700.pc-decorate.0.i5.5d033333Lu9Prj\"><\/div>\n<div data-spm-anchor-id=\"a2700.pc-decorate.0.i5.5d033333Lu9Prj\"><strong>Avantages du produit <\/strong><\/div>\n<div data-spm-anchor-id=\"a2700.pc-decorate.0.i5.5d033333Lu9Prj\">\n<p><strong data-spm-anchor-id=\"a2700.pc-decorate.0.i5.1b2f3333Uc02wM\">\u2666Dur\u00e9e de vie plus longue :<\/strong>le nombre de cycles atteint plus de 6000 cycles, la plage de temp\u00e9rature de fonctionnement est de -25\u00b0C \u00e0 60\u00b0C, avec d'excellentes performances de d\u00e9charge et une longue dur\u00e9e de vie.<\/p>\n<div><\/div>\n<div>\u2666<strong data-spm-anchor-id=\"a2700.pc-decorate.0.i4.1b2f3333Uc02wM\">Moins de pollution environnementale :<\/strong>avec des mat\u00e9riaux non toxiques : fer, graphite et cuivre, le module entier est non toxique, non polluant et respectueux de l'environnement.<\/div>\n<div><\/div>\n<div>\u2666<strong>S\u00fbr et fiable<\/strong> :Le mat\u00e9riau de la cathode est fabriqu\u00e9 \u00e0 partir de LiFePO4 avec des performances de s\u00e9curit\u00e9 et une longue dur\u00e9e de vie, le module a une auto-d\u00e9charge moindre, jusqu'\u00e0 6 mois sans charge en stock, sans effet m\u00e9moire, excellente performance lors de charges et d\u00e9charges superficielles.<\/div>\n<div><\/div>\n<div>\u2666<strong>Haute efficacit\u00e9 de d\u00e9charge :<\/strong>Efficacit\u00e9 de la batterie &gt;98.10%<\/div>\n<div><strong>\u00a0<\/strong><\/div>\n<div><strong>\u2666<\/strong><strong>Configuration flexible :<\/strong>Plusieurs modules de batterie peuvent \u00eatre connect\u00e9s en parall\u00e8le pour augmenter la capacit\u00e9 et la puissance.<\/div>\n<div><strong>\u2666Bruit faible<\/strong>\uff1a&lt;40 dB<\/div>\n<\/div>\n<div data-spm-anchor-id=\"a2700.pc-decorate.0.i5.5d033333Lu9Prj\"><\/div>\n<div data-spm-anchor-id=\"a2700.pc-decorate.0.i5.5d033333Lu9Prj\"><strong>Profil de l'entreprise <\/strong><\/div>\n<div data-spm-anchor-id=\"a2700.pc-decorate.0.i5.5d033333Lu9Prj\"><\/div>\n<div data-spm-anchor-id=\"a2700.pc-decorate.0.i5.5d033333Lu9Prj\"><\/div>\n<div data-spm-anchor-id=\"a2700.pc-decorate.0.i5.5d033333Lu9Prj\">\n<p><strong><span data-spm-anchor-id=\"a2700.pc-decorate.0.i21.5d033333Lu9Prj\">Fond\u00e9e en 2011, Shenzhen Haisic Technology Co., Ltd. est une entreprise nationale de haute technologie d\u00e9di\u00e9e \u00e0 la recherche, au d\u00e9veloppement et \u00e0 la production de produits de stockage d'\u00e9nergie tels que les batteries LiFePO4, le stockage d'\u00e9nergie commercial et industriel, le stockage d'\u00e9nergie r\u00e9sidentiel, la centrale \u00e9lectrique portable\/g\u00e9n\u00e9rateur solaire, l'onduleur solaire, la batterie de chariot \u00e9l\u00e9vateur, le bus RVA\/batterie de voiturette de golf et autres batteries OEM\/ODM en Chine.<\/span><\/strong><\/p>\n<div><\/div>\n<div><strong>Profond\u00e9ment impliqu\u00e9e dans ce domaine depuis plus de 12 ans, Haisic Technology a accumul\u00e9 une exp\u00e9rience approfondie en R&amp;D, innovation, contr\u00f4le qualit\u00e9 et gestion. Nos produits sont utilis\u00e9s dans le stockage d'\u00e9nergie domestique, le stockage d'\u00e9nergie industriel, le stockage d'\u00e9nergie commercial, la communication \u00e9lectrique, l'\u00e9lectronique m\u00e9dicale, les communications de s\u00e9curit\u00e9, le transport et la logistique, l'\u00e9nergie nouvelle, la maison intelligente et d'autres domaines connexes. <\/strong><\/div>\n<div><strong>\u00a0<\/strong><\/div>\n<div><strong>We have owned our own production base covering more than 14000m located in Dapeng district of Shenzhen with ISO9001, ISO14001, IS045001 and Amfori BSCI, and our products are with CE, FCC, TUV-UL2054, CQC,RoHs, PSE,MSDS, UN38.3 certificates. We\u2019ve already provided safe, stable, environmentallyfriendly, high-quality products and professional OEM\/ODM services to customers in more than 80 countries and regions. <\/strong><\/div>\n<div><\/div>\n<div><strong>FAQ <\/strong><\/div>\n<div><strong><span data-spm-anchor-id=\"a2700.pc-decorate.0.i33.5d033333Lu9Prj\">1. Qu'est-ce qui est sp\u00e9cial avec les batteries au lithium ?<\/span><\/strong><\/div>\n<div>\n<p><span data-spm-anchor-id=\"a2700.pc-decorate.0.i33.5d033333Lu9Prj\">R : Avec une densit\u00e9 \u00e9nerg\u00e9tique \u00e9lev\u00e9e, elle a atteint 460-600Wh\/kg, soit environ 6 \u00e0 7 fois celle des batteries au plomb. Longue dur\u00e9e de vie, la dur\u00e9e de vie peut atteindre plus de 6 ans. Poids l\u00e9ger, le poids est d'environ 1\/5-6 du produit au plomb sous le m\u00eame volume.<\/span><\/p>\n<p>&nbsp;<\/p>\n<div data-spm-anchor-id=\"a2700.pc-decorate.0.i34.5d033333Lu9Prj\"><strong>2. \u00c0 quoi sert une batterie au lithium ?<br \/>\n<\/strong>A: La batterie au lithium est utilis\u00e9e pour l'alimentation et le stockage d'\u00e9nergie. Comme alimentation de secours d'urgence ou UPS. Puissance \u00e9lectrique fiable et \u00e9nergie de v\u00e9hicule r\u00e9cr\u00e9atif, voiturette de golf, marine fiable et l\u00e9g\u00e8re, stockage d'\u00e9nergie solaire, maison solaire, petite usine de traitement, syst\u00e8mes de surveillance ou d'alarme dans des endroits isol\u00e9s.3. Vos batteries sont-elles s\u00fbres ? A: Nos batteries sont s\u00fbres. Toutes les batteries Zwayn utilisent les composants les plus s\u00fbrs et les plus stables, y compris une cathode LiFePO4 et un syst\u00e8me de gestion de batterie (SGB) int\u00e9gr\u00e9. Le SGB prot\u00e8ge les cellules contre des tensions excessivement \u00e9lev\u00e9es ou basses, des courants \u00e9lev\u00e9s, les courts-circuits et une chaleur ou un froid excessifs. Ce sont les causes les plus fr\u00e9quentes de d\u00e9faillances des batteries, et nous avons pris toutes les pr\u00e9cautions pour att\u00e9nuer ces risques dans toutes nos batteries.<br \/>\n<strong><br \/>\n4. Comment choisir la bonne batterie lithium \u00e0 d\u00e9charge profonde pour mon application ?<br \/>\n<\/strong>R : Dans la plupart des syst\u00e8mes standard de 12, 24 ou 48 volts, le meilleur choix de batterie au lithium est LiFePO4 (Lithium Fer Phosphate\/<br \/>\nCellule de batterie poche\/primaire). La tension de ce type de batterie est tr\u00e8s similaire \u00e0 celle d'une AGM et fonctionnera parfaitement avec les composants de syst\u00e8me facilement<br \/>\ndisponibles pour votre camping-car, bateau, syst\u00e8me d'alimentation hors r\u00e9seau, maison solaire (TV, r\u00e9frig\u00e9rateur, machine \u00e0 laver, climatiseur,<br \/>\nconditioner, chauffe-eau, four micro-ondes, cuisini\u00e8re \u00e0 induction, lave-vaisselle, imprimante, ordinateur), Tour de t\u00e9l\u00e9communication, applications de syst\u00e8mes d'\u00e9nergie solaire hybrides et hors r\u00e9seau. 5. Peut-il \u00eatre configur\u00e9 en s\u00e9rie ou en parall\u00e8le pour utilisation ? R: Oui monsieur, il peut prendre en charge un maximum de 15 en parall\u00e8le pour l\u2019utilisation, Bo\u00eete de stockage jusqu'\u00e0 150 kWh.<br \/>\n<strong><br \/>\n6. Ces batteries sont-elles compatibles avec mon onduleur ? Avez-vous une liste d'entreprises d'onduleurs compatibles ?<br \/>\n<\/strong>R : Oui monsieur, notre pack de batteries peut \u00eatre compatible avec la plupart des marques d'onduleurs sur le march\u00e9, telles que Deye, MUST, SMA, Growatt, Solax, Solis, Sungrow, Sofar, Voltronic, Sorotec, Studer, etc.<\/p>\n<\/div>\n<\/div>\n<\/div>\n<\/div>\n<\/div>","protected":false},"excerpt":{"rendered":"<p>HS-GS5000WHV Batterie de stockage d'\u00e9nergie haute tension mont\u00e9e en rack \u2014 Efficace, Stable, Favorise votre avenir \u00e9nerg\u00e9tique<\/p>","protected":false},"featured_media":3492,"template":"","meta":{"site-sidebar-layout":"default","site-content-layout":"","ast-site-content-layout":"default","site-content-style":"default","site-sidebar-style":"default","ast-global-header-display":"","ast-banner-title-visibility":"","ast-main-header-display":"","ast-hfb-above-header-display":"","ast-hfb-below-header-display":"","ast-hfb-mobile-header-display":"","site-post-title":"","ast-breadcrumbs-content":"","ast-featured-img":"","footer-sml-layout":"","ast-disable-related-posts":"","theme-transparent-header-meta":"default","adv-header-id-meta":"","stick-header-meta":"default","header-above-stick-meta":"","header-main-stick-meta":"","header-below-stick-meta":"","astra-migrate-meta-layouts":"set","ast-page-background-enabled":"default","ast-page-background-meta":{"desktop":{"background-color":"var(--ast-global-color-4)","background-image":"","background-repeat":"repeat","background-position":"center center","background-size":"auto","background-attachment":"scroll","background-type":"","background-media":"","overlay-type":"","overlay-color":"","overlay-opacity":"","overlay-gradient":""},"tablet":{"background-color":"","background-image":"","background-repeat":"repeat","background-position":"center center","background-size":"auto","background-attachment":"scroll","background-type":"","background-media":"","overlay-type":"","overlay-color":"","overlay-opacity":"","overlay-gradient":""},"mobile":{"background-color":"","background-image":"","background-repeat":"repeat","background-position":"center center","background-size":"auto","background-attachment":"scroll","background-type":"","background-media":"","overlay-type":"","overlay-color":"","overlay-opacity":"","overlay-gradient":""}},"ast-content-background-meta":{"desktop":{"background-color":"var(--ast-global-color-5)","background-image":"","background-repeat":"repeat","background-position":"center center","background-size":"auto","background-attachment":"scroll","background-type":"","background-media":"","overlay-type":"","overlay-color":"","overlay-opacity":"","overlay-gradient":""},"tablet":{"background-color":"var(--ast-global-color-5)","background-image":"","background-repeat":"repeat","background-position":"center center","background-size":"auto","background-attachment":"scroll","background-type":"","background-media":"","overlay-type":"","overlay-color":"","overlay-opacity":"","overlay-gradient":""},"mobile":{"background-color":"var(--ast-global-color-5)","background-image":"","background-repeat":"repeat","background-position":"center center","background-size":"auto","background-attachment":"scroll","background-type":"","background-media":"","overlay-type":"","overlay-color":"","overlay-opacity":"","overlay-gradient":""}}},"product_brand":[],"product_cat":[45,56,47],"product_tag":[],"class_list":{"0":"post-1458","1":"product","2":"type-product","3":"status-publish","4":"has-post-thumbnail","6":"product_cat-rack-mounted-ess","7":"product_cat-energy-storage-battery-system","8":"product_cat-residetial-ess","9":"desktop-align-left","10":"tablet-align-left","11":"mobile-align-left","12":"ast-product-gallery-layout-horizontal-slider","13":"ast-product-tabs-layout-horizontal","15":"first","16":"instock","17":"shipping-taxable","18":"purchasable","19":"product-type-simple"},"_links":{"self":[{"href":"https:\/\/haisicstorage.com\/fr\/wp-json\/wp\/v2\/product\/1458","targetHints":{"allow":["GET"]}}],"collection":[{"href":"https:\/\/haisicstorage.com\/fr\/wp-json\/wp\/v2\/product"}],"about":[{"href":"https:\/\/haisicstorage.com\/fr\/wp-json\/wp\/v2\/types\/product"}],"version-history":[{"count":6,"href":"https:\/\/haisicstorage.com\/fr\/wp-json\/wp\/v2\/product\/1458\/revisions"}],"predecessor-version":[{"id":3510,"href":"https:\/\/haisicstorage.com\/fr\/wp-json\/wp\/v2\/product\/1458\/revisions\/3510"}],"wp:featuredmedia":[{"embeddable":true,"href":"https:\/\/haisicstorage.com\/fr\/wp-json\/wp\/v2\/media\/3492"}],"wp:attachment":[{"href":"https:\/\/haisicstorage.com\/fr\/wp-json\/wp\/v2\/media?parent=1458"}],"wp:term":[{"taxonomy":"product_brand","embeddable":true,"href":"https:\/\/haisicstorage.com\/fr\/wp-json\/wp\/v2\/product_brand?post=1458"},{"taxonomy":"product_cat","embeddable":true,"href":"https:\/\/haisicstorage.com\/fr\/wp-json\/wp\/v2\/product_cat?post=1458"},{"taxonomy":"product_tag","embeddable":true,"href":"https:\/\/haisicstorage.com\/fr\/wp-json\/wp\/v2\/product_tag?post=1458"}],"curies":[{"name":"wp","href":"https:\/\/api.w.org\/{rel}","templated":true}]}}