{"id":1442,"date":"2025-11-27T04:38:55","date_gmt":"2025-11-27T04:38:55","guid":{"rendered":"https:\/\/haisicstorage.com\/?post_type=product&#038;p=1442"},"modified":"2026-02-27T07:36:56","modified_gmt":"2026-02-27T07:36:56","slug":"5kw-power-energy-storage-solar-system-for-home","status":"publish","type":"product","link":"https:\/\/haisicstorage.com\/fr\/5kw-power-energy-storage-solar-system-for-home\/","title":{"rendered":"Syst\u00e8me de stockage d'\u00e9nergie solaire de 5 kW pour la maison"},"content":{"rendered":"<p>Syst\u00e8me complet de panneaux solaires de 10 kW avec onduleur hors r\u00e9seau<br \/>\n\u2013 The Perfect Solution for Reliable and Sustainable Energy Generation<\/p>\n<p>Cherchez-vous une solution \u00e9nerg\u00e9tique fiable et durable pour votre maison ?<br \/>\nNe cherchez pas plus loin ! Pr\u00e9sentation de notre syst\u00e8me complet de panneaux solaires de 5 kW hors r\u00e9seau avec onduleur hors r\u00e9seau.<br \/>\nCon\u00e7u pour fournir une g\u00e9n\u00e9ration d'\u00e9nergie fluide et efficace, ce syst\u00e8me solaire est le meilleur choix pour les applications r\u00e9sidentielles et commerciales.<\/p>\n<p>Param\u00e8tres de la batterie :<\/p>\n<table border=\"1\">\n<tbody>\n<tr>\n<td>Tension nominale<\/td>\n<td>51,2 V<\/td>\n<\/tr>\n<tr>\n<td>Capacit\u00e9 nominale<\/td>\n<td>100 Ah<\/td>\n<\/tr>\n<tr>\n<td>\u00c9nergie nominale<\/td>\n<td>5120 V<\/td>\n<\/tr>\n<tr>\n<td>Plage de tension<\/td>\n<td>44,8-56V<\/td>\n<\/tr>\n<tr>\n<td>Plage de tension de charge<\/td>\n<td>55,2-56V<\/td>\n<\/tr>\n<tr>\n<td>Tension de coupure<\/td>\n<td>44,8V<\/td>\n<\/tr>\n<tr>\n<td>Courant de charge recommand\u00e9<\/td>\n<td>50A<\/td>\n<\/tr>\n<tr>\n<td>Courant de charge maximal<\/td>\n<td>100A<\/td>\n<\/tr>\n<tr>\n<td>Courant de d\u00e9charge maximal<\/td>\n<td>100A<\/td>\n<\/tr>\n<tr>\n<td>DimensionsL*W*H<\/td>\n<td>460\u00d7164\u00d7612 mm<\/td>\n<\/tr>\n<tr>\n<td>Poids<\/td>\n<td>51 kg<\/td>\n<\/tr>\n<tr>\n<td>Port de communication<\/td>\n<td>RS485, CAN<\/td>\n<\/tr>\n<tr>\n<td>Affichage<\/td>\n<td>LED+LCD<\/td>\n<\/tr>\n<tr>\n<td>Borniquet<\/td>\n<td>Enfichable<\/td>\n<\/tr>\n<tr>\n<td>Dur\u00e9e de vie en cycle<\/td>\n<td>\uff1e6000 (0,5C@ 25\u2103\uff0c80% DOD)<\/td>\n<\/tr>\n<tr>\n<td>Inverseur compatible<\/td>\n<td>Growatt, Goodwe, Sol-Ark, SRNE, DEYE, Luxpower, Megarevo<\/td>\n<\/tr>\n<tr>\n<td>Certificat<\/td>\n<td>CE, FCC, RoHs, FDS, UN38.3<\/td>\n<\/tr>\n<\/tbody>\n<\/table>\n<p>Installation efficace et facile<br \/>\n\u2013 Enjoy hassle-free installation with our ground installation tilt mount solar ground system.<br \/>\nCon\u00e7u pour \u00eatre facile \u00e0 installer, vous pouvez mettre en service votre syst\u00e8me d'\u00e9nergie solaire en un rien de temps.<br \/>\n\u2013 The included Mounting Type:BIPV Mounting ensures a secure and stable structure, ensuring optimal performance even in challenging weather conditions.<\/p>\n<p>Alimentation fiable<br \/>\n\u2013 With a rated capacity of 100Ah and a rated energy output of 5KWh,<br \/>\nnotre syst\u00e8me d'\u00e9nergie solaire fournit une alimentation fiable et continue pour r\u00e9pondre \u00e0 vos besoins \u00e9nerg\u00e9tiques.<br \/>\n\u2013 Le type de batterie lithium-ion garantit une performance durable et permet un stockage efficace de l'\u00e9nergie.<\/p>\n<p>Param\u00e8tres de l'onduleur<\/p>\n<table border=\"1\">\n<tbody>\n<tr>\n<td>Mod\u00e8le<\/td>\n<td>HF4850U80-H<\/td>\n<td>R\u00e9glable<\/td>\n<\/tr>\n<tr>\n<td colspan=\"3\">Entr\u00e9e de la batterie<\/td>\n<\/tr>\n<tr>\n<td>Type de batterie<\/td>\n<td>Scell\u00e9e, Flood, GEL, LFP, Tertiaire<\/td>\n<td>\u221a<\/td>\n<\/tr>\n<tr>\n<td>Tension d'entr\u00e9e de la batterie nominale<\/td>\n<td>48V (Tension de d\u00e9marrage minimale 44V)<\/td>\n<td><\/td>\n<\/tr>\n<tr>\n<td>Charge hybride Courant de charge maximum<\/td>\n<td>80A<\/td>\n<td>\u221a<\/td>\n<\/tr>\n<tr>\n<td>Plage de tension de la batterie<\/td>\n<td>40Vdc-60Vdc : 0,6Vdc (sous-tension<br \/>\nTension d'avertissement\/arr\u00eat<br \/>\nAvertissement de surtension \/ Reprise de surtension\u2026<\/td>\n<td>\u221a<\/td>\n<\/tr>\n<tr>\n<td colspan=\"3\">Entr\u00e9e solaire<\/td>\n<\/tr>\n<tr>\n<td>Tension maximale en circuit ouvert PV<\/td>\n<td>500Vdc<\/td>\n<td><\/td>\n<\/tr>\n<tr>\n<td>Plage de tension de fonctionnement PV<\/td>\n<td>120-500Vdc<\/td>\n<td><\/td>\n<\/tr>\n<tr>\n<td>Plage de tension MPPT<\/td>\n<td>120-450Vdc<\/td>\n<td><\/td>\n<\/tr>\n<tr>\n<td>Courant d'entr\u00e9e PV maximal<\/td>\n<td>18A<\/td>\n<td><\/td>\n<\/tr>\n<tr>\n<td>Puissance d'entr\u00e9e PV maximale<\/td>\n<td>5500W<\/td>\n<td><\/td>\n<\/tr>\n<tr>\n<td>Courant de charge PV maximal<\/td>\n<td>80A<\/td>\n<td>\u221a<\/td>\n<\/tr>\n<tr>\n<td colspan=\"3\">Entr\u00e9e AC (g\u00e9n\u00e9rateur\/r\u00e9seau)<\/td>\n<\/tr>\n<tr>\n<td>Courant de charge maximal du r\u00e9seau<\/td>\n<td>40A<\/td>\n<td>\u221a<\/td>\n<\/tr>\n<tr>\n<td>Tension d'entr\u00e9e nominale<\/td>\n<td>110\/120Vac<\/td>\n<td><\/td>\n<\/tr>\n<tr>\n<td>Plage de tension d'entr\u00e9e<\/td>\n<td>(90Vac~140Vac)=2%<\/td>\n<td>\u221a<\/td>\n<\/tr>\n<tr>\n<td>Fr\u00e9quence<\/td>\n<td>50Hz\/60Hz (D\u00e9tection automatique)<\/td>\n<td><\/td>\n<\/tr>\n<tr>\n<td>Efficacit\u00e9 de charge secteur<\/td>\n<td>&gt;95%<\/td>\n<td><\/td>\n<\/tr>\n<tr>\n<td>Temps de commutation (bypass et onduleur)<\/td>\n<td>10ms (valeur typique)<\/td>\n<td><\/td>\n<\/tr>\n<tr>\n<td>Courant de surcharge maximum en bypass<\/td>\n<td>63A<\/td>\n<td><\/td>\n<\/tr>\n<tr>\n<td colspan=\"3\">Sortie AC<\/td>\n<\/tr>\n<tr>\n<td>Forme d'onde de la tension de sortie<\/td>\n<td>Onde sinuso\u00efdale pure<\/td>\n<td><\/td>\n<\/tr>\n<tr>\n<td>Tension de sortie nominale (Vac)<\/td>\n<td>120Vac (100\/105\/110Vac)<\/td>\n<td>\u221a<\/td>\n<\/tr>\n<tr>\n<td>Puissance de sortie nominale (VA)<\/td>\n<td>5000 (4100\/4300\/4500)<\/td>\n<td><\/td>\n<\/tr>\n<tr>\n<td>Puissance de sortie nominale (W)<\/td>\n<td>5000(4100\/4300\/4500)<\/td>\n<td><\/td>\n<\/tr>\n<tr>\n<td>Puissance de pointe<\/td>\n<td>10000VA<\/td>\n<td><\/td>\n<\/tr>\n<tr>\n<td>Capacit\u00e9 du moteur en charge<\/td>\n<td>4CV<\/td>\n<td><\/td>\n<\/tr>\n<tr>\n<td>Plage de fr\u00e9quence de sortie (Hz)<\/td>\n<td>50Hz+0,3Hz\/60Hz+0,3Hz<\/td>\n<td>\u221a<\/td>\n<\/tr>\n<tr>\n<td>Efficacit\u00e9 maximale<\/td>\n<td>&gt;90%<\/td>\n<td><\/td>\n<\/tr>\n<tr>\n<td>Perte \u00e0 vide<\/td>\n<td>Mode non \u00e9conome en \u00e9nergie : s50W \u00c9conomie d'\u00e9nergie<br \/>\nMode : s25W (Configuration manuelle)<\/td>\n<td><\/td>\n<\/tr>\n<tr>\n<td colspan=\"3\">G\u00e9n\u00e9ral<\/td>\n<\/tr>\n<tr>\n<td>Certificat<\/td>\n<td>Certification CE (IEC62109-1)\/CETL (UL 1741 C22,2 NO.107.1)<\/td>\n<td><\/td>\n<\/tr>\n<tr>\n<td>Niveau de certification EMC<\/td>\n<td>EN61000<\/td>\n<td><\/td>\n<\/tr>\n<tr>\n<td>Plage de temp\u00e9rature de fonctionnement<\/td>\n<td>-15\u00b0C~55\u00b0C<\/td>\n<td><\/td>\n<\/tr>\n<tr>\n<td>Plage de temp\u00e9rature de stockage<\/td>\n<td>-25\u00b0C~60\u00b0C<\/td>\n<td><\/td>\n<\/tr>\n<tr>\n<td>Plage d'humidit\u00e9<\/td>\n<td>5% \u00e0 95% (Protection par rev\u00eatement conformal)<\/td>\n<td><\/td>\n<\/tr>\n<tr>\n<td>Dimensions<\/td>\n<td>426mm\u00d7322mm\u00d7126mm<\/td>\n<td><\/td>\n<\/tr>\n<tr>\n<td>Poids (KG)<\/td>\n<td>11.6<\/td>\n<td><\/td>\n<\/tr>\n<\/tbody>\n<\/table>\n<p>Technologie avanc\u00e9e et s\u00e9curit\u00e9<br \/>\n\u2013 Our Complete Set Solar Panel Power System features an MPPT Controller Type, ensuring maximum power generation from the solar panels.<br \/>\n\u2013 The included Inverter Matched provides a pure sine wave output voltage waveform, delivering stable and high-quality power to your appliances.<br \/>\n\u2013 With a wide input voltage range of (170Vac~280Vac) \u00b12%\/(90Vac-280Vac)\u00b12%,<br \/>\nce syst\u00e8me peut s'adapter \u00e0 diverses conditions de tension, fournissant une alimentation \u00e9lectrique constante sans interruptions.<\/p>\n<p>Avantage<br \/>\n\u2013 5 years warranty to ensure your peace of mind and long-term reliability.<br \/>\n\u2013 CE and FCC certification guarantees the highest safety standards.<br \/>\n\u2013 Pre-sales project design available to ensure the perfect fit for your specific requirements.<br \/>\n\u2013 With a place of origin in Guangdong, China, our solar power system is crafted with precision and attention to detail.<br \/>\n\u2013 Suitable for both home and commercial applications, offering versatility and flexibility.<br \/>\n\u2013 Frequency auto detection (50Hz\/60Hz) ensures compatibility in various regions.<br \/>\n\u2013 Monocrystalline Silicon Solar Panel Type ensures optimal energy conversion and maximum power generation.<br \/>\n\u2013 Designed for 24-hour work time, ensuring a constant power supply throughout the day and night.<\/p>\n<p>D\u00e9couvrez la solution parfaite pour une g\u00e9n\u00e9ration d'\u00e9nergie propre et durable. Investissez d\u00e8s aujourd'hui dans notre Syst\u00e8me Complet de Panneaux Solaires de 5 kW avec Syst\u00e8me d'\u00c9nergie Solaire Hors R\u00e9seau et Inverseur Hors R\u00e9seau, et profitez des avantages d'une alimentation fiable et \u00e9cologique pour les ann\u00e9es \u00e0 venir. Rejoignez la r\u00e9volution de l'industrie des syst\u00e8mes d'\u00e9nergie solaire et faites une diff\u00e9rence positive pour l'environnement.<\/p>","protected":false},"excerpt":{"rendered":"<p>\u203b L'ensemble du syst\u00e8me comprend une batterie murale de 5 kWh, un onduleur hybride de 5 kVa, des panneaux solaires de 425 W, des supports de montage et des accessoires de connexion<br \/>\n\u203b Fournir des services de guidance \u00e0 distance et des services de conception de syst\u00e8me selon vos besoins<br \/>\n\u203b Le syst\u00e8me entier est simple et facile \u00e0 installer<br \/>\n\u203b Garantie de 5 ans<\/p>","protected":false},"featured_media":1445,"template":"","meta":{"site-sidebar-layout":"default","site-content-layout":"","ast-site-content-layout":"default","site-content-style":"default","site-sidebar-style":"default","ast-global-header-display":"","ast-banner-title-visibility":"","ast-main-header-display":"","ast-hfb-above-header-display":"","ast-hfb-below-header-display":"","ast-hfb-mobile-header-display":"","site-post-title":"","ast-breadcrumbs-content":"","ast-featured-img":"","footer-sml-layout":"","ast-disable-related-posts":"","theme-transparent-header-meta":"default","adv-header-id-meta":"","stick-header-meta":"default","header-above-stick-meta":"","header-main-stick-meta":"","header-below-stick-meta":"","astra-migrate-meta-layouts":"set","ast-page-background-enabled":"default","ast-page-background-meta":{"desktop":{"background-color":"var(--ast-global-color-4)","background-image":"","background-repeat":"repeat","background-position":"center center","background-size":"auto","background-attachment":"scroll","background-type":"","background-media":"","overlay-type":"","overlay-color":"","overlay-opacity":"","overlay-gradient":""},"tablet":{"background-color":"","background-image":"","background-repeat":"repeat","background-position":"center center","background-size":"auto","background-attachment":"scroll","background-type":"","background-media":"","overlay-type":"","overlay-color":"","overlay-opacity":"","overlay-gradient":""},"mobile":{"background-color":"","background-image":"","background-repeat":"repeat","background-position":"center center","background-size":"auto","background-attachment":"scroll","background-type":"","background-media":"","overlay-type":"","overlay-color":"","overlay-opacity":"","overlay-gradient":""}},"ast-content-background-meta":{"desktop":{"background-color":"var(--ast-global-color-5)","background-image":"","background-repeat":"repeat","background-position":"center center","background-size":"auto","background-attachment":"scroll","background-type":"","background-media":"","overlay-type":"","overlay-color":"","overlay-opacity":"","overlay-gradient":""},"tablet":{"background-color":"var(--ast-global-color-5)","background-image":"","background-repeat":"repeat","background-position":"center center","background-size":"auto","background-attachment":"scroll","background-type":"","background-media":"","overlay-type":"","overlay-color":"","overlay-opacity":"","overlay-gradient":""},"mobile":{"background-color":"var(--ast-global-color-5)","background-image":"","background-repeat":"repeat","background-position":"center center","background-size":"auto","background-attachment":"scroll","background-type":"","background-media":"","overlay-type":"","overlay-color":"","overlay-opacity":"","overlay-gradient":""}}},"product_brand":[],"product_cat":[47,56,50],"product_tag":[],"class_list":{"0":"post-1442","1":"product","2":"type-product","3":"status-publish","4":"has-post-thumbnail","6":"product_cat-residetial-ess","7":"product_cat-energy-storage-battery-system","8":"product_cat-floor-standing-ess","9":"desktop-align-left","10":"tablet-align-left","11":"mobile-align-left","12":"ast-product-gallery-layout-horizontal-slider","13":"ast-product-tabs-layout-horizontal","15":"first","16":"instock","17":"shipping-taxable","18":"purchasable","19":"product-type-simple"},"_links":{"self":[{"href":"https:\/\/haisicstorage.com\/fr\/wp-json\/wp\/v2\/product\/1442","targetHints":{"allow":["GET"]}}],"collection":[{"href":"https:\/\/haisicstorage.com\/fr\/wp-json\/wp\/v2\/product"}],"about":[{"href":"https:\/\/haisicstorage.com\/fr\/wp-json\/wp\/v2\/types\/product"}],"version-history":[{"count":4,"href":"https:\/\/haisicstorage.com\/fr\/wp-json\/wp\/v2\/product\/1442\/revisions"}],"predecessor-version":[{"id":3509,"href":"https:\/\/haisicstorage.com\/fr\/wp-json\/wp\/v2\/product\/1442\/revisions\/3509"}],"wp:featuredmedia":[{"embeddable":true,"href":"https:\/\/haisicstorage.com\/fr\/wp-json\/wp\/v2\/media\/1445"}],"wp:attachment":[{"href":"https:\/\/haisicstorage.com\/fr\/wp-json\/wp\/v2\/media?parent=1442"}],"wp:term":[{"taxonomy":"product_brand","embeddable":true,"href":"https:\/\/haisicstorage.com\/fr\/wp-json\/wp\/v2\/product_brand?post=1442"},{"taxonomy":"product_cat","embeddable":true,"href":"https:\/\/haisicstorage.com\/fr\/wp-json\/wp\/v2\/product_cat?post=1442"},{"taxonomy":"product_tag","embeddable":true,"href":"https:\/\/haisicstorage.com\/fr\/wp-json\/wp\/v2\/product_tag?post=1442"}],"curies":[{"name":"wp","href":"https:\/\/api.w.org\/{rel}","templated":true}]}}